{"id":77835,"date":"2024-02-05T17:13:28","date_gmt":"2024-02-05T17:13:28","guid":{"rendered":"https:\/\/staging.bikefit.lu\/buchungsbedingungen\/"},"modified":"2024-02-22T10:03:14","modified_gmt":"2024-02-22T10:03:14","slug":"buchungsbedingungen","status":"publish","type":"page","link":"https:\/\/bikefit.lu\/de\/buchungsbedingungen\/","title":{"rendered":"Buchungsbedingungen"},"content":{"rendered":"\t\t<div data-elementor-type=\"wp-page\" data-elementor-id=\"77835\" class=\"elementor elementor-77835 elementor-75244\" data-elementor-post-type=\"page\">\n\t\t\t\t<div class=\"elementor-element elementor-element-4bdfadd e-flex e-con-boxed e-con e-parent\" data-id=\"4bdfadd\" data-element_type=\"container\" data-e-type=\"container\">\n\t\t\t\t\t<div class=\"e-con-inner\">\n\t\t\t\t<div class=\"elementor-element elementor-element-143c76d elementor-widget elementor-widget-heading\" data-id=\"143c76d\" data-element_type=\"widget\" data-e-type=\"widget\" data-widget_type=\"heading.default\">\n\t\t\t\t<div class=\"elementor-widget-container\">\n\t\t\t\t\t<h2 class=\"elementor-heading-title elementor-size-default\">Buchungsbedingungen<\/h2>\t\t\t\t<\/div>\n\t\t\t\t<\/div>\n\t\t\t\t<div class=\"elementor-element elementor-element-84f21bf elementor-widget__width-initial elementor-widget elementor-widget-text-editor\" data-id=\"84f21bf\" data-element_type=\"widget\" data-e-type=\"widget\" data-widget_type=\"text-editor.default\">\n\t\t\t\t<div class=\"elementor-widget-container\">\n\t\t\t\t\t\t\t\t\t<p>Bitte lesen Sie diese Allgemeinen Gesch\u00e4ftsbedingungen sorgf\u00e4ltig durch, bevor Sie Dienstleistungen bei mir buchen.<\/p>\n<p><strong>1. Buchungsprozess:<\/strong><\/p>\n<ul>\n<li>Alle Buchungen m\u00fcssen \u00fcber meinen Online-Buchungskalender oder durch direkte Kontaktaufnahme mit mir erfolgen.<\/li>\n<li>Bei Bedarf k\u00f6nnen mehrere Sitzungen f\u00fcr unterschiedliche Leistungen gebucht werden.<\/li>\n<li>Zur Sicherung Ihrer Buchung ist keine Anzahlung erforderlich.<\/li>\n<\/ul>\n<p><strong>2. Stornierung und Umbuchung:<\/strong><\/p>\n<ul>\n<li>Stornierungen oder Umbuchungsw\u00fcnsche m\u00fcssen mindestens zwei <strong>Werktage<\/strong> vor der geplanten Sitzung erfolgen.<\/li>\n<li>Kontaktieren Sie mich so schnell wie m\u00f6glich, wenn Sie stornieren oder einen neuen Termin vereinbaren m\u00fcssen.<\/li>\n<li>F\u00fcr Stornierungen oder Umbuchungen innerhalb des angegebenen Zeitraums k\u00f6nnen Geb\u00fchren anfallen.<\/li>\n<\/ul>\n<p><strong>3. Zahlung und Preise:<\/strong><\/p>\n<ul>\n<li>Die Honorare f\u00fcr meine Dienstleistungen variieren je nach Art der Dienstleistung und eventuellen Zusatzkomponenten.<\/li>\n<li>Ich akzeptiere verschiedene Zahlungsarten, darunter Bargeld, alle g\u00e4ngigen Kredit- und Debitkarten inklusive PostFinance Card sowie TWINT, Apple Pay und andere mobile Zahlungsl\u00f6sungen, Payconiq.<\/li>\n<\/ul>\n<p><strong>4. Ergebnisse und Follow-up:<\/strong><\/p>\n<ul>\n<li>Nach der Sitzung k\u00f6nnen Sie mit einem Bericht bzw. einer Dokumentation der Sitzungsergebnisse rechnen.<\/li>\n<li>Abh\u00e4ngig von der gebuchten Leistung kann ein Follow-up oder Anpassungen enthalten sein.<\/li>\n<\/ul>\n<p><strong>5. Zus\u00e4tzliche Dienstleistungen:<\/strong><\/p>\n<ul>\n<li>Ich biete zus\u00e4tzliche Dienstleistungen wie Ma\u00dfeinlagen, Lake-Schuhe, Komponenten, verschiedene Tests und Einstellungen an.<\/li>\n<li>F\u00fcr zus\u00e4tzliche Dienstleistungen k\u00f6nnen Rabatte oder Sonderangebote verf\u00fcgbar sein.<\/li>\n<\/ul>\n<p><strong>6. Sicherheit und Gesundheit:<\/strong><\/p>\n<ul>\n<li>Bike-Fitting und Bike-Sizing sind f\u00fcr Fahrer jeden Alters und Fitnessniveaus geeignet.<\/li>\n<li>Bitte informieren Sie mich \u00fcber alle gesundheitlichen oder medizinischen Probleme, die die Sitzung beeintr\u00e4chtigen k\u00f6nnten.<\/li>\n<li>Bei Fitting oder Sizing lege ich gro\u00dfen Wert auf Sicherheit, um meinen Kunden ein komfortables und sicheres Erlebnis zu bieten.<\/li>\n<\/ul>\n<p>Indem Sie eine Sitzung bei mir buchen, best\u00e4tigen Sie, dass Sie diese Allgemeinen Gesch\u00e4ftsbedingungen gelesen und verstanden haben und damit einverstanden sind, sie einzuhalten.<\/p>\n<p>Wenn Sie Fragen oder Bedenken zu diesen Bedingungen haben, kontaktieren Sie mich bitte zur Kl\u00e4rung.<\/p>\n\t\t\t\t\t\t\t\t<\/div>\n\t\t\t\t<\/div>\n\t\t\t\t\t<\/div>\n\t\t\t\t<\/div>\n\t\t<div class=\"elementor-element elementor-element-15f26f3 e-flex e-con-boxed e-con e-parent\" data-id=\"15f26f3\" data-element_type=\"container\" data-e-type=\"container\">\n\t\t\t\t\t<div class=\"e-con-inner\">\n\t\t\t\t<div class=\"elementor-element elementor-element-2b9cde9 elementor-widget__width-initial elementor-fixed elementor-hidden-mobile elementor-view-default elementor-widget elementor-widget-icon\" data-id=\"2b9cde9\" data-element_type=\"widget\" data-e-type=\"widget\" data-settings=\"{&quot;_position&quot;:&quot;fixed&quot;}\" data-widget_type=\"icon.default\">\n\t\t\t\t<div class=\"elementor-widget-container\">\n\t\t\t\t\t\t\t<div class=\"elementor-icon-wrapper\">\n\t\t\t<a class=\"elementor-icon\" href=\"#Go2Top\">\n\t\t\t<i aria-hidden=\"true\" class=\"fas fa-chevron-up\"><\/i>\t\t\t<\/a>\n\t\t<\/div>\n\t\t\t\t\t\t<\/div>\n\t\t\t\t<\/div>\n\t\t\t\t\t<\/div>\n\t\t\t\t<\/div>\n\t\t\t\t<\/div>\n\t\t","protected":false},"excerpt":{"rendered":"<p>Buchungsbedingungen Bitte lesen Sie diese Allgemeinen Gesch\u00e4ftsbedingungen sorgf\u00e4ltig durch, bevor Sie Dienstleistungen bei mir buchen. 1. Buchungsprozess: Alle Buchungen m\u00fcssen \u00fcber meinen Online-Buchungskalender oder durch direkte Kontaktaufnahme mit mir erfolgen. Bei Bedarf k\u00f6nnen mehrere Sitzungen f\u00fcr unterschiedliche Leistungen gebucht werden. Zur Sicherung Ihrer Buchung ist keine Anzahlung erforderlich. 2. Stornierung und Umbuchung: Stornierungen oder Umbuchungsw\u00fcnsche [&hellip;]<\/p>\n","protected":false},"author":1,"featured_media":0,"parent":0,"menu_order":29,"comment_status":"closed","ping_status":"closed","template":"","meta":{"footnotes":""},"class_list":["post-77835","page","type-page","status-publish","hentry"],"yoast_head":"<!-- This site is optimized with the Yoast SEO Premium plugin v27.3 (Yoast SEO v27.3) - https:\/\/yoast.com\/product\/yoast-seo-premium-wordpress\/ -->\n<title>Buchungsbedingungen - bikefit.lu<\/title>\n<meta name=\"robots\" content=\"index, follow, max-snippet:-1, max-image-preview:large, max-video-preview:-1\" \/>\n<link rel=\"canonical\" href=\"https:\/\/bikefit.lu\/de\/buchungsbedingungen\/\" \/>\n<meta property=\"og:locale\" content=\"de_DE\" \/>\n<meta property=\"og:type\" content=\"article\" \/>\n<meta property=\"og:title\" content=\"Buchungsbedingungen\" \/>\n<meta property=\"og:description\" content=\"Buchungsbedingungen Bitte lesen Sie diese Allgemeinen Gesch\u00e4ftsbedingungen sorgf\u00e4ltig durch, bevor Sie Dienstleistungen bei mir buchen. 1. Buchungsprozess: Alle Buchungen m\u00fcssen \u00fcber meinen Online-Buchungskalender oder durch direkte Kontaktaufnahme mit mir erfolgen. Bei Bedarf k\u00f6nnen mehrere Sitzungen f\u00fcr unterschiedliche Leistungen gebucht werden. Zur Sicherung Ihrer Buchung ist keine Anzahlung erforderlich. 2. Stornierung und Umbuchung: Stornierungen oder Umbuchungsw\u00fcnsche [&hellip;]\" \/>\n<meta property=\"og:url\" content=\"https:\/\/bikefit.lu\/de\/buchungsbedingungen\/\" \/>\n<meta property=\"og:site_name\" content=\"bikefit.lu\" \/>\n<meta property=\"article:modified_time\" content=\"2024-02-22T10:03:14+00:00\" \/>\n<meta property=\"og:image\" content=\"https:\/\/bikefit.lu\/wp-content\/uploads\/2023\/12\/bikefit-logoURL-RGBtransp.jpg\" \/>\n\t<meta property=\"og:image:width\" content=\"1181\" \/>\n\t<meta property=\"og:image:height\" content=\"1181\" \/>\n\t<meta property=\"og:image:type\" content=\"image\/jpeg\" \/>\n<meta name=\"twitter:card\" content=\"summary_large_image\" \/>\n<meta name=\"twitter:label1\" content=\"Gesch\u00e4tzte Lesezeit\" \/>\n\t<meta name=\"twitter:data1\" content=\"2\u00a0Minuten\" \/>\n<script type=\"application\/ld+json\" class=\"yoast-schema-graph\">{\"@context\":\"https:\\\/\\\/schema.org\",\"@graph\":[{\"@type\":\"WebPage\",\"@id\":\"https:\\\/\\\/bikefit.lu\\\/de\\\/buchungsbedingungen\\\/\",\"url\":\"https:\\\/\\\/bikefit.lu\\\/de\\\/buchungsbedingungen\\\/\",\"name\":\"Buchungsbedingungen - bikefit.lu\",\"isPartOf\":{\"@id\":\"https:\\\/\\\/bikefit.lu\\\/de\\\/#website\"},\"datePublished\":\"2024-02-05T17:13:28+00:00\",\"dateModified\":\"2024-02-22T10:03:14+00:00\",\"breadcrumb\":{\"@id\":\"https:\\\/\\\/bikefit.lu\\\/de\\\/buchungsbedingungen\\\/#breadcrumb\"},\"inLanguage\":\"de\",\"potentialAction\":[{\"@type\":\"ReadAction\",\"target\":[\"https:\\\/\\\/bikefit.lu\\\/de\\\/buchungsbedingungen\\\/\"]}]},{\"@type\":\"BreadcrumbList\",\"@id\":\"https:\\\/\\\/bikefit.lu\\\/de\\\/buchungsbedingungen\\\/#breadcrumb\",\"itemListElement\":[{\"@type\":\"ListItem\",\"position\":1,\"name\":\"Home\",\"item\":\"https:\\\/\\\/bikefit.lu\\\/de\\\/\"},{\"@type\":\"ListItem\",\"position\":2,\"name\":\"Buchungsbedingungen\"}]},{\"@type\":\"WebSite\",\"@id\":\"https:\\\/\\\/bikefit.lu\\\/de\\\/#website\",\"url\":\"https:\\\/\\\/bikefit.lu\\\/de\\\/\",\"name\":\"bikefit.lu\",\"description\":\"IMPROVING CYCLING\",\"publisher\":{\"@id\":\"https:\\\/\\\/bikefit.lu\\\/de\\\/#\\\/schema\\\/person\\\/379af1263474d2f8cd1f41c2bd90273d\"},\"potentialAction\":[{\"@type\":\"SearchAction\",\"target\":{\"@type\":\"EntryPoint\",\"urlTemplate\":\"https:\\\/\\\/bikefit.lu\\\/de\\\/?s={search_term_string}\"},\"query-input\":{\"@type\":\"PropertyValueSpecification\",\"valueRequired\":true,\"valueName\":\"search_term_string\"}}],\"inLanguage\":\"de\"},{\"@type\":[\"Person\",\"Organization\"],\"@id\":\"https:\\\/\\\/bikefit.lu\\\/de\\\/#\\\/schema\\\/person\\\/379af1263474d2f8cd1f41c2bd90273d\",\"name\":\"Patrick Guillaume\",\"image\":{\"@type\":\"ImageObject\",\"inLanguage\":\"de\",\"@id\":\"https:\\\/\\\/bikefit.lu\\\/wp-content\\\/uploads\\\/2024\\\/12\\\/cropped-bikefit-logoURL-RGB-jpg.jpg\",\"url\":\"https:\\\/\\\/bikefit.lu\\\/wp-content\\\/uploads\\\/2024\\\/12\\\/cropped-bikefit-logoURL-RGB-jpg.jpg\",\"contentUrl\":\"https:\\\/\\\/bikefit.lu\\\/wp-content\\\/uploads\\\/2024\\\/12\\\/cropped-bikefit-logoURL-RGB-jpg.jpg\",\"width\":512,\"height\":512,\"caption\":\"Patrick Guillaume\"},\"logo\":{\"@id\":\"https:\\\/\\\/bikefit.lu\\\/wp-content\\\/uploads\\\/2024\\\/12\\\/cropped-bikefit-logoURL-RGB-jpg.jpg\"},\"sameAs\":[\"https:\\\/\\\/bikefit.lu\"],\"honorificPrefix\":\"Mr\",\"birthDate\":\"1966-11-18\",\"gender\":\"male\",\"knowsAbout\":[\"Bike-fitting\"],\"knowsLanguage\":[\"English\",\"French\",\"German\",\"Luxembourgish\"]}]}<\/script>\n<!-- \/ Yoast SEO Premium plugin. -->","yoast_head_json":{"title":"Buchungsbedingungen - bikefit.lu","robots":{"index":"index","follow":"follow","max-snippet":"max-snippet:-1","max-image-preview":"max-image-preview:large","max-video-preview":"max-video-preview:-1"},"canonical":"https:\/\/bikefit.lu\/de\/buchungsbedingungen\/","og_locale":"de_DE","og_type":"article","og_title":"Buchungsbedingungen","og_description":"Buchungsbedingungen Bitte lesen Sie diese Allgemeinen Gesch\u00e4ftsbedingungen sorgf\u00e4ltig durch, bevor Sie Dienstleistungen bei mir buchen. 1. Buchungsprozess: Alle Buchungen m\u00fcssen \u00fcber meinen Online-Buchungskalender oder durch direkte Kontaktaufnahme mit mir erfolgen. Bei Bedarf k\u00f6nnen mehrere Sitzungen f\u00fcr unterschiedliche Leistungen gebucht werden. Zur Sicherung Ihrer Buchung ist keine Anzahlung erforderlich. 2. Stornierung und Umbuchung: Stornierungen oder Umbuchungsw\u00fcnsche [&hellip;]","og_url":"https:\/\/bikefit.lu\/de\/buchungsbedingungen\/","og_site_name":"bikefit.lu","article_modified_time":"2024-02-22T10:03:14+00:00","og_image":[{"width":1181,"height":1181,"url":"https:\/\/bikefit.lu\/wp-content\/uploads\/2023\/12\/bikefit-logoURL-RGBtransp.jpg","type":"image\/jpeg"}],"twitter_card":"summary_large_image","twitter_misc":{"Gesch\u00e4tzte Lesezeit":"2\u00a0Minuten"},"schema":{"@context":"https:\/\/schema.org","@graph":[{"@type":"WebPage","@id":"https:\/\/bikefit.lu\/de\/buchungsbedingungen\/","url":"https:\/\/bikefit.lu\/de\/buchungsbedingungen\/","name":"Buchungsbedingungen - bikefit.lu","isPartOf":{"@id":"https:\/\/bikefit.lu\/de\/#website"},"datePublished":"2024-02-05T17:13:28+00:00","dateModified":"2024-02-22T10:03:14+00:00","breadcrumb":{"@id":"https:\/\/bikefit.lu\/de\/buchungsbedingungen\/#breadcrumb"},"inLanguage":"de","potentialAction":[{"@type":"ReadAction","target":["https:\/\/bikefit.lu\/de\/buchungsbedingungen\/"]}]},{"@type":"BreadcrumbList","@id":"https:\/\/bikefit.lu\/de\/buchungsbedingungen\/#breadcrumb","itemListElement":[{"@type":"ListItem","position":1,"name":"Home","item":"https:\/\/bikefit.lu\/de\/"},{"@type":"ListItem","position":2,"name":"Buchungsbedingungen"}]},{"@type":"WebSite","@id":"https:\/\/bikefit.lu\/de\/#website","url":"https:\/\/bikefit.lu\/de\/","name":"bikefit.lu","description":"IMPROVING CYCLING","publisher":{"@id":"https:\/\/bikefit.lu\/de\/#\/schema\/person\/379af1263474d2f8cd1f41c2bd90273d"},"potentialAction":[{"@type":"SearchAction","target":{"@type":"EntryPoint","urlTemplate":"https:\/\/bikefit.lu\/de\/?s={search_term_string}"},"query-input":{"@type":"PropertyValueSpecification","valueRequired":true,"valueName":"search_term_string"}}],"inLanguage":"de"},{"@type":["Person","Organization"],"@id":"https:\/\/bikefit.lu\/de\/#\/schema\/person\/379af1263474d2f8cd1f41c2bd90273d","name":"Patrick Guillaume","image":{"@type":"ImageObject","inLanguage":"de","@id":"https:\/\/bikefit.lu\/wp-content\/uploads\/2024\/12\/cropped-bikefit-logoURL-RGB-jpg.jpg","url":"https:\/\/bikefit.lu\/wp-content\/uploads\/2024\/12\/cropped-bikefit-logoURL-RGB-jpg.jpg","contentUrl":"https:\/\/bikefit.lu\/wp-content\/uploads\/2024\/12\/cropped-bikefit-logoURL-RGB-jpg.jpg","width":512,"height":512,"caption":"Patrick Guillaume"},"logo":{"@id":"https:\/\/bikefit.lu\/wp-content\/uploads\/2024\/12\/cropped-bikefit-logoURL-RGB-jpg.jpg"},"sameAs":["https:\/\/bikefit.lu"],"honorificPrefix":"Mr","birthDate":"1966-11-18","gender":"male","knowsAbout":["Bike-fitting"],"knowsLanguage":["English","French","German","Luxembourgish"]}]}},"jetpack_shortlink":"https:\/\/wp.me\/PeuPYZ-kfp","_links":{"self":[{"href":"https:\/\/bikefit.lu\/de\/wp-json\/wp\/v2\/pages\/77835","targetHints":{"allow":["GET"]}}],"collection":[{"href":"https:\/\/bikefit.lu\/de\/wp-json\/wp\/v2\/pages"}],"about":[{"href":"https:\/\/bikefit.lu\/de\/wp-json\/wp\/v2\/types\/page"}],"author":[{"embeddable":true,"href":"https:\/\/bikefit.lu\/de\/wp-json\/wp\/v2\/users\/1"}],"replies":[{"embeddable":true,"href":"https:\/\/bikefit.lu\/de\/wp-json\/wp\/v2\/comments?post=77835"}],"version-history":[{"count":0,"href":"https:\/\/bikefit.lu\/de\/wp-json\/wp\/v2\/pages\/77835\/revisions"}],"wp:attachment":[{"href":"https:\/\/bikefit.lu\/de\/wp-json\/wp\/v2\/media?parent=77835"}],"curies":[{"name":"wp","href":"https:\/\/api.w.org\/{rel}","templated":true}]}}