{"id":77933,"date":"2024-01-09T18:51:48","date_gmt":"2024-01-09T18:51:48","guid":{"rendered":"https:\/\/staging.bikefit.lu\/masseinlagen\/"},"modified":"2024-11-09T08:30:57","modified_gmt":"2024-11-09T08:30:57","slug":"masseinlagen","status":"publish","type":"page","link":"https:\/\/bikefit.lu\/de\/masseinlagen\/","title":{"rendered":"Ma\u00dfeinlagen"},"content":{"rendered":"\t\t<div data-elementor-type=\"wp-page\" data-elementor-id=\"77933\" class=\"elementor elementor-77933 elementor-72540\" data-elementor-post-type=\"page\">\n\t\t\t\t<div class=\"elementor-element elementor-element-2b62b49 e-flex e-con-boxed e-con e-parent\" data-id=\"2b62b49\" data-element_type=\"container\" data-e-type=\"container\">\n\t\t\t\t\t<div class=\"e-con-inner\">\n\t\t\t\t<div class=\"elementor-element elementor-element-7c34045 elementor-widget elementor-widget-text-editor\" data-id=\"7c34045\" data-element_type=\"widget\" data-e-type=\"widget\" data-widget_type=\"text-editor.default\">\n\t\t\t\t<div class=\"elementor-widget-container\">\n\t\t\t\t\t\t\t\t\t<p>Alles ist in Ordnung: Sie haben die optimale Position auf Ihrem am besten passenden Fahrrad erreicht. Der entscheidende Schritt besteht jetzt jedoch darin, sicherzustellen, dass Sie die Kraft\u00fcbertragung auf die Pedale maximieren. Dieser Faktor kann beeintr\u00e4chtigt werden, wenn Sie die Fu\u00df-Pedale-Schnittstelle au\u00dfer Acht lassen. <\/p>\n\t\t\t\t\t\t\t\t<\/div>\n\t\t\t\t<\/div>\n\t\t<div class=\"elementor-element elementor-element-c2c61a6 e-flex e-con-boxed e-con e-child\" data-id=\"c2c61a6\" data-element_type=\"container\" data-e-type=\"container\">\n\t\t\t\t\t<div class=\"e-con-inner\">\n\t\t\t\t<div class=\"elementor-element elementor-element-88bd67f elementor-widget__width-initial elementor-widget elementor-widget-image\" data-id=\"88bd67f\" data-element_type=\"widget\" data-e-type=\"widget\" data-widget_type=\"image.default\">\n\t\t\t\t<div class=\"elementor-widget-container\">\n\t\t\t\t\t\t\t\t\t\t\t\t\t\t\t<img fetchpriority=\"high\" decoding=\"async\" width=\"275\" height=\"183\" src=\"https:\/\/bikefit.lu\/wp-content\/uploads\/2024\/01\/Burning-feet.jpeg\" class=\"attachment-large size-large wp-image-77069\" alt=\"\" srcset=\"https:\/\/bikefit.lu\/wp-content\/uploads\/2024\/01\/Burning-feet.jpeg 275w, https:\/\/bikefit.lu\/wp-content\/uploads\/2024\/01\/Burning-feet-150x100.jpeg 150w, https:\/\/bikefit.lu\/wp-content\/uploads\/2024\/01\/Burning-feet-200x133.jpeg 200w\" sizes=\"(max-width: 275px) 100vw, 275px\" \/>\t\t\t\t\t\t\t\t\t\t\t\t\t\t\t<\/div>\n\t\t\t\t<\/div>\n\t\t\t\t<div class=\"elementor-element elementor-element-8f5f341 elementor-widget elementor-widget-text-editor\" data-id=\"8f5f341\" data-element_type=\"widget\" data-e-type=\"widget\" data-widget_type=\"text-editor.default\">\n\t\t\t\t<div class=\"elementor-widget-container\">\n\t\t\t\t\t\t\t\t\t<p>Viele scheinen sie zu vergessen und zu vernachl\u00e4ssigen, doch \u00fcber unsere F\u00fc\u00dfe \u00fcbertragen wir unsere Kraft auf die Pedale. Eine gute Einlegesohle tr\u00e4gt insbesondere bei l\u00e4ngeren Fahrten erheblich zum Komfort bei, indem sie f\u00fcr ausreichend Unterst\u00fctzung des Fu\u00dfgew\u00f6lbes sorgt. Das Fehlen dieser Unterst\u00fctzung kann zu einer schnellen Erm\u00fcdung der Fu\u00dfst\u00fctzmuskulatur und damit zu brennenden F\u00fc\u00dfen f\u00fchren.   <\/p>\n\t\t\t\t\t\t\t\t<\/div>\n\t\t\t\t<\/div>\n\t\t\t\t\t<\/div>\n\t\t\t\t<\/div>\n\t\t<div class=\"elementor-element elementor-element-614fda6 e-flex e-con-boxed e-con e-child\" data-id=\"614fda6\" data-element_type=\"container\" data-e-type=\"container\">\n\t\t\t\t\t<div class=\"e-con-inner\">\n\t\t\t\t<div class=\"elementor-element elementor-element-3087561 elementor-widget__width-initial elementor-widget elementor-widget-image\" data-id=\"3087561\" data-element_type=\"widget\" data-e-type=\"widget\" data-widget_type=\"image.default\">\n\t\t\t\t<div class=\"elementor-widget-container\">\n\t\t\t\t\t\t\t\t\t\t\t\t\t\t\t<img decoding=\"async\" width=\"360\" height=\"381\" src=\"https:\/\/bikefit.lu\/wp-content\/uploads\/2024\/01\/95fabf_3fdefc22f1ca4181b2e64e6d6647c188mv2.jpg\" class=\"attachment-large size-large wp-image-77072\" alt=\"\" srcset=\"https:\/\/bikefit.lu\/wp-content\/uploads\/2024\/01\/95fabf_3fdefc22f1ca4181b2e64e6d6647c188mv2.jpg 360w, https:\/\/bikefit.lu\/wp-content\/uploads\/2024\/01\/95fabf_3fdefc22f1ca4181b2e64e6d6647c188mv2-283x300.jpg 283w, https:\/\/bikefit.lu\/wp-content\/uploads\/2024\/01\/95fabf_3fdefc22f1ca4181b2e64e6d6647c188mv2-142x150.jpg 142w, https:\/\/bikefit.lu\/wp-content\/uploads\/2024\/01\/95fabf_3fdefc22f1ca4181b2e64e6d6647c188mv2-200x212.jpg 200w, https:\/\/bikefit.lu\/wp-content\/uploads\/2024\/01\/95fabf_3fdefc22f1ca4181b2e64e6d6647c188mv2-300x318.jpg 300w\" sizes=\"(max-width: 360px) 100vw, 360px\" \/>\t\t\t\t\t\t\t\t\t\t\t\t\t\t\t<\/div>\n\t\t\t\t<\/div>\n\t\t\t\t<div class=\"elementor-element elementor-element-94442e7 elementor-widget elementor-widget-text-editor\" data-id=\"94442e7\" data-element_type=\"widget\" data-e-type=\"widget\" data-widget_type=\"text-editor.default\">\n\t\t\t\t<div class=\"elementor-widget-container\">\n\t\t\t\t\t\t\t\t\t<p>Dar\u00fcber hinaus kann das Kollabieren des Plantarbogens die Stabilit\u00e4t und Leistung des Knies beeintr\u00e4chtigen und bei Muskelerm\u00fcdung zu einer erh\u00f6hten Belastung des Knies f\u00fchren. Die Bew\u00e4ltigung dieser biomechanischen Probleme durch die richtige Unterst\u00fctzung des Fu\u00dfgew\u00f6lbes ist f\u00fcr die Aufrechterhaltung einer optimalen Radfahrleistung und die Vermeidung von Beschwerden unerl\u00e4sslich. <\/p>\n\t\t\t\t\t\t\t\t<\/div>\n\t\t\t\t<\/div>\n\t\t\t\t\t<\/div>\n\t\t\t\t<\/div>\n\t\t<div class=\"elementor-element elementor-element-eb07d3a e-flex e-con-boxed e-con e-child\" data-id=\"eb07d3a\" data-element_type=\"container\" data-e-type=\"container\">\n\t\t\t\t\t<div class=\"e-con-inner\">\n\t\t\t\t<div class=\"elementor-element elementor-element-9e0c836 elementor-widget elementor-widget-text-editor\" data-id=\"9e0c836\" data-element_type=\"widget\" data-e-type=\"widget\" data-widget_type=\"text-editor.default\">\n\t\t\t\t<div class=\"elementor-widget-container\">\n\t\t\t\t\t\t\t\t\t<p>Die teuersten Fahrradschuhe sind mit flachen Einlegesohlen ausgestattet, die nur minimale Unterst\u00fctzung f\u00fcr das Fu\u00dfgew\u00f6lbe bieten und oft schnell ausgetauscht werden m\u00fcssen. Warum? Weil jeder anders ist und niemand symmetrisch ist. Radfahrer haben unterschiedliche F\u00fc\u00dfe und jeder Radfahrer ben\u00f6tigt an seine F\u00fc\u00dfe angepasste Einlagen. Angesichts der H\u00e4ufigkeit der Pedaltritte und der relativ kleinen Kontaktfl\u00e4che ist es entscheidend, Ihren F\u00fc\u00dfen Stabilit\u00e4t und eine bessere Verteilung der Fu\u00dfauflagefl\u00e4che zu verleihen. Aus diesem Grund sollte meiner Meinung nach <strong>jeder Radfahrer<\/strong> neben einer individuellen Position auch individuelle Einlegesohlen haben..     <\/p>\n<p>Wenn Sie die Wichtigkeit dessen, was Sie oben gelesen haben, verstehen und &#8220;Improving Cycling&#8221; m\u00f6chten, w\u00fcrde ich Sie bitten, Ihr Fahrrad mitzubringen, damit Sie beim Pedalieren alle erforderlichen Anpassungen sp\u00fcren k\u00f6nnen. Nur wenn ich beobachte, wie Sie aif die Pedale treten, kann ich beurteilen, ob weitere Anpassungen erforderlich sind. <\/p>\n<p>Diese Einlagen haben einen gro\u00dfen Nachteil: Wer sie einmal ausprobiert hat, wird nicht mehr darauf verzichten k\u00f6nnen.<\/p>\n<p>Die Custom Pro-Ma\u00dfeinlagen kosten 159 \u20ac und die steiferen Custom Pro Ultra-Einlagen kosten 209 \u20ac in einer isolierten Sitzung. Bei gleichzeitigem Bike-Fitting oder beim Kauf von Lake-Schuhen vor Ort betragen die Kosten 106 \u20ac bzw. 159 \u20ac. <\/p>\n\t\t\t\t\t\t\t\t<\/div>\n\t\t\t\t<\/div>\n\t\t<div class=\"elementor-element elementor-element-c8834f3 e-con-full e-flex e-con e-child\" data-id=\"c8834f3\" data-element_type=\"container\" data-e-type=\"container\">\n\t\t\t\t<div class=\"elementor-element elementor-element-6a9b522 elementor-widget elementor-widget-image\" data-id=\"6a9b522\" data-element_type=\"widget\" data-e-type=\"widget\" data-widget_type=\"image.default\">\n\t\t\t\t<div class=\"elementor-widget-container\">\n\t\t\t\t\t\t\t\t\t\t\t\t\t\t\t<img decoding=\"async\" width=\"450\" height=\"300\" src=\"https:\/\/bikefit.lu\/wp-content\/uploads\/2024\/01\/Bikefit-2018-00107-scaled-1.webp\" class=\"attachment-large size-large wp-image-77066\" alt=\"\" srcset=\"https:\/\/bikefit.lu\/wp-content\/uploads\/2024\/01\/Bikefit-2018-00107-scaled-1.webp 450w, https:\/\/bikefit.lu\/wp-content\/uploads\/2024\/01\/Bikefit-2018-00107-scaled-1-150x100.webp 150w, https:\/\/bikefit.lu\/wp-content\/uploads\/2024\/01\/Bikefit-2018-00107-scaled-1-200x133.webp 200w, https:\/\/bikefit.lu\/wp-content\/uploads\/2024\/01\/Bikefit-2018-00107-scaled-1-300x200.webp 300w\" sizes=\"(max-width: 450px) 100vw, 450px\" \/>\t\t\t\t\t\t\t\t\t\t\t\t\t\t\t<\/div>\n\t\t\t\t<\/div>\n\t\t\t\t<div class=\"elementor-element elementor-element-2cc9af9 elementor-widget__width-initial elementor-widget elementor-widget-text-editor\" data-id=\"2cc9af9\" data-element_type=\"widget\" data-e-type=\"widget\" data-widget_type=\"text-editor.default\">\n\t\t\t\t<div class=\"elementor-widget-container\">\n\t\t\t\t\t\t\t\t\t<p>Ma\u00dfgeschneiderte Einlegesohlen erf\u00fcllen diese Anforderungen. Nachdem ich Ihre F\u00fc\u00dfe untersucht habe, legen Sie sie auf Kissen, um eine 3D-Form zu erstellen. Die Form nimmt vorgew\u00e4rmte flache Einlegesohlen auf und passt sich so der Form Ihrer F\u00fc\u00dfe an. Nach dem Abk\u00fchlen werden sie an Ihre Schuhe angepasst. Obwohl sie einsatzbereit sind, \u00fcberpr\u00fcfe ich lieber die Position der Schuhplatten, bevor Sie auf Ihr Fahrrad steigen, das bereits auf dem Trainer montiert ist.    <\/p>\n\t\t\t\t\t\t\t\t<\/div>\n\t\t\t\t<\/div>\n\t\t\t\t<\/div>\n\t\t\t\t\t<\/div>\n\t\t\t\t<\/div>\n\t\t\t\t\t<\/div>\n\t\t\t\t<\/div>\n\t\t\t\t<\/div>\n\t\t","protected":false},"excerpt":{"rendered":"<p>Alles ist in Ordnung: Sie haben die optimale Position auf Ihrem am besten passenden Fahrrad erreicht. Der entscheidende Schritt besteht jetzt jedoch darin, sicherzustellen, dass Sie die Kraft\u00fcbertragung auf die Pedale maximieren. Dieser Faktor kann beeintr\u00e4chtigt werden, wenn Sie die Fu\u00df-Pedale-Schnittstelle au\u00dfer Acht lassen. Viele scheinen sie zu vergessen und zu vernachl\u00e4ssigen, doch \u00fcber unsere [&hellip;]<\/p>\n","protected":false},"author":1,"featured_media":0,"parent":0,"menu_order":60,"comment_status":"closed","ping_status":"closed","template":"","meta":{"footnotes":""},"class_list":["post-77933","page","type-page","status-publish","hentry"],"yoast_head":"<!-- This site is optimized with the Yoast SEO Premium plugin v27.3 (Yoast SEO v27.3) - https:\/\/yoast.com\/product\/yoast-seo-premium-wordpress\/ -->\n<title>Ma\u00dfeinlagen - bikefit.lu<\/title>\n<meta name=\"robots\" content=\"index, follow, max-snippet:-1, max-image-preview:large, max-video-preview:-1\" \/>\n<link rel=\"canonical\" href=\"https:\/\/bikefit.lu\/de\/masseinlagen\/\" \/>\n<meta property=\"og:locale\" content=\"de_DE\" \/>\n<meta property=\"og:type\" content=\"article\" \/>\n<meta property=\"og:title\" content=\"Ma\u00dfeinlagen\" \/>\n<meta property=\"og:description\" content=\"Alles ist in Ordnung: Sie haben die optimale Position auf Ihrem am besten passenden Fahrrad erreicht. Der entscheidende Schritt besteht jetzt jedoch darin, sicherzustellen, dass Sie die Kraft\u00fcbertragung auf die Pedale maximieren. Dieser Faktor kann beeintr\u00e4chtigt werden, wenn Sie die Fu\u00df-Pedale-Schnittstelle au\u00dfer Acht lassen. Viele scheinen sie zu vergessen und zu vernachl\u00e4ssigen, doch \u00fcber unsere [&hellip;]\" \/>\n<meta property=\"og:url\" content=\"https:\/\/bikefit.lu\/de\/masseinlagen\/\" \/>\n<meta property=\"og:site_name\" content=\"bikefit.lu\" \/>\n<meta property=\"article:modified_time\" content=\"2024-11-09T08:30:57+00:00\" \/>\n<meta property=\"og:image\" content=\"https:\/\/bikefit.lu\/wp-content\/uploads\/2024\/01\/Burning-feet.jpeg\" \/>\n<meta name=\"twitter:card\" content=\"summary_large_image\" \/>\n<meta name=\"twitter:label1\" content=\"Gesch\u00e4tzte Lesezeit\" \/>\n\t<meta name=\"twitter:data1\" content=\"2\u00a0Minuten\" \/>\n<script type=\"application\/ld+json\" class=\"yoast-schema-graph\">{\"@context\":\"https:\\\/\\\/schema.org\",\"@graph\":[{\"@type\":\"WebPage\",\"@id\":\"https:\\\/\\\/bikefit.lu\\\/de\\\/masseinlagen\\\/\",\"url\":\"https:\\\/\\\/bikefit.lu\\\/de\\\/masseinlagen\\\/\",\"name\":\"Ma\u00dfeinlagen - bikefit.lu\",\"isPartOf\":{\"@id\":\"https:\\\/\\\/bikefit.lu\\\/de\\\/#website\"},\"primaryImageOfPage\":{\"@id\":\"https:\\\/\\\/bikefit.lu\\\/de\\\/masseinlagen\\\/#primaryimage\"},\"image\":{\"@id\":\"https:\\\/\\\/bikefit.lu\\\/de\\\/masseinlagen\\\/#primaryimage\"},\"thumbnailUrl\":\"https:\\\/\\\/bikefit.lu\\\/wp-content\\\/uploads\\\/2024\\\/01\\\/Burning-feet.jpeg\",\"datePublished\":\"2024-01-09T18:51:48+00:00\",\"dateModified\":\"2024-11-09T08:30:57+00:00\",\"breadcrumb\":{\"@id\":\"https:\\\/\\\/bikefit.lu\\\/de\\\/masseinlagen\\\/#breadcrumb\"},\"inLanguage\":\"de\",\"potentialAction\":[{\"@type\":\"ReadAction\",\"target\":[\"https:\\\/\\\/bikefit.lu\\\/de\\\/masseinlagen\\\/\"]}]},{\"@type\":\"ImageObject\",\"inLanguage\":\"de\",\"@id\":\"https:\\\/\\\/bikefit.lu\\\/de\\\/masseinlagen\\\/#primaryimage\",\"url\":\"https:\\\/\\\/bikefit.lu\\\/wp-content\\\/uploads\\\/2024\\\/01\\\/Burning-feet.jpeg\",\"contentUrl\":\"https:\\\/\\\/bikefit.lu\\\/wp-content\\\/uploads\\\/2024\\\/01\\\/Burning-feet.jpeg\"},{\"@type\":\"BreadcrumbList\",\"@id\":\"https:\\\/\\\/bikefit.lu\\\/de\\\/masseinlagen\\\/#breadcrumb\",\"itemListElement\":[{\"@type\":\"ListItem\",\"position\":1,\"name\":\"Home\",\"item\":\"https:\\\/\\\/bikefit.lu\\\/de\\\/\"},{\"@type\":\"ListItem\",\"position\":2,\"name\":\"Ma\u00dfeinlagen\"}]},{\"@type\":\"WebSite\",\"@id\":\"https:\\\/\\\/bikefit.lu\\\/de\\\/#website\",\"url\":\"https:\\\/\\\/bikefit.lu\\\/de\\\/\",\"name\":\"bikefit.lu\",\"description\":\"IMPROVING CYCLING\",\"publisher\":{\"@id\":\"https:\\\/\\\/bikefit.lu\\\/de\\\/#\\\/schema\\\/person\\\/379af1263474d2f8cd1f41c2bd90273d\"},\"potentialAction\":[{\"@type\":\"SearchAction\",\"target\":{\"@type\":\"EntryPoint\",\"urlTemplate\":\"https:\\\/\\\/bikefit.lu\\\/de\\\/?s={search_term_string}\"},\"query-input\":{\"@type\":\"PropertyValueSpecification\",\"valueRequired\":true,\"valueName\":\"search_term_string\"}}],\"inLanguage\":\"de\"},{\"@type\":[\"Person\",\"Organization\"],\"@id\":\"https:\\\/\\\/bikefit.lu\\\/de\\\/#\\\/schema\\\/person\\\/379af1263474d2f8cd1f41c2bd90273d\",\"name\":\"Patrick Guillaume\",\"image\":{\"@type\":\"ImageObject\",\"inLanguage\":\"de\",\"@id\":\"https:\\\/\\\/bikefit.lu\\\/wp-content\\\/uploads\\\/2024\\\/12\\\/cropped-bikefit-logoURL-RGB-jpg.jpg\",\"url\":\"https:\\\/\\\/bikefit.lu\\\/wp-content\\\/uploads\\\/2024\\\/12\\\/cropped-bikefit-logoURL-RGB-jpg.jpg\",\"contentUrl\":\"https:\\\/\\\/bikefit.lu\\\/wp-content\\\/uploads\\\/2024\\\/12\\\/cropped-bikefit-logoURL-RGB-jpg.jpg\",\"width\":512,\"height\":512,\"caption\":\"Patrick Guillaume\"},\"logo\":{\"@id\":\"https:\\\/\\\/bikefit.lu\\\/wp-content\\\/uploads\\\/2024\\\/12\\\/cropped-bikefit-logoURL-RGB-jpg.jpg\"},\"sameAs\":[\"https:\\\/\\\/bikefit.lu\"],\"honorificPrefix\":\"Mr\",\"birthDate\":\"1966-11-18\",\"gender\":\"male\",\"knowsAbout\":[\"Bike-fitting\"],\"knowsLanguage\":[\"English\",\"French\",\"German\",\"Luxembourgish\"]}]}<\/script>\n<!-- \/ Yoast SEO Premium plugin. -->","yoast_head_json":{"title":"Ma\u00dfeinlagen - bikefit.lu","robots":{"index":"index","follow":"follow","max-snippet":"max-snippet:-1","max-image-preview":"max-image-preview:large","max-video-preview":"max-video-preview:-1"},"canonical":"https:\/\/bikefit.lu\/de\/masseinlagen\/","og_locale":"de_DE","og_type":"article","og_title":"Ma\u00dfeinlagen","og_description":"Alles ist in Ordnung: Sie haben die optimale Position auf Ihrem am besten passenden Fahrrad erreicht. Der entscheidende Schritt besteht jetzt jedoch darin, sicherzustellen, dass Sie die Kraft\u00fcbertragung auf die Pedale maximieren. Dieser Faktor kann beeintr\u00e4chtigt werden, wenn Sie die Fu\u00df-Pedale-Schnittstelle au\u00dfer Acht lassen. Viele scheinen sie zu vergessen und zu vernachl\u00e4ssigen, doch \u00fcber unsere [&hellip;]","og_url":"https:\/\/bikefit.lu\/de\/masseinlagen\/","og_site_name":"bikefit.lu","article_modified_time":"2024-11-09T08:30:57+00:00","og_image":[{"url":"https:\/\/bikefit.lu\/wp-content\/uploads\/2024\/01\/Burning-feet.jpeg","type":"","width":"","height":""}],"twitter_card":"summary_large_image","twitter_misc":{"Gesch\u00e4tzte Lesezeit":"2\u00a0Minuten"},"schema":{"@context":"https:\/\/schema.org","@graph":[{"@type":"WebPage","@id":"https:\/\/bikefit.lu\/de\/masseinlagen\/","url":"https:\/\/bikefit.lu\/de\/masseinlagen\/","name":"Ma\u00dfeinlagen - bikefit.lu","isPartOf":{"@id":"https:\/\/bikefit.lu\/de\/#website"},"primaryImageOfPage":{"@id":"https:\/\/bikefit.lu\/de\/masseinlagen\/#primaryimage"},"image":{"@id":"https:\/\/bikefit.lu\/de\/masseinlagen\/#primaryimage"},"thumbnailUrl":"https:\/\/bikefit.lu\/wp-content\/uploads\/2024\/01\/Burning-feet.jpeg","datePublished":"2024-01-09T18:51:48+00:00","dateModified":"2024-11-09T08:30:57+00:00","breadcrumb":{"@id":"https:\/\/bikefit.lu\/de\/masseinlagen\/#breadcrumb"},"inLanguage":"de","potentialAction":[{"@type":"ReadAction","target":["https:\/\/bikefit.lu\/de\/masseinlagen\/"]}]},{"@type":"ImageObject","inLanguage":"de","@id":"https:\/\/bikefit.lu\/de\/masseinlagen\/#primaryimage","url":"https:\/\/bikefit.lu\/wp-content\/uploads\/2024\/01\/Burning-feet.jpeg","contentUrl":"https:\/\/bikefit.lu\/wp-content\/uploads\/2024\/01\/Burning-feet.jpeg"},{"@type":"BreadcrumbList","@id":"https:\/\/bikefit.lu\/de\/masseinlagen\/#breadcrumb","itemListElement":[{"@type":"ListItem","position":1,"name":"Home","item":"https:\/\/bikefit.lu\/de\/"},{"@type":"ListItem","position":2,"name":"Ma\u00dfeinlagen"}]},{"@type":"WebSite","@id":"https:\/\/bikefit.lu\/de\/#website","url":"https:\/\/bikefit.lu\/de\/","name":"bikefit.lu","description":"IMPROVING CYCLING","publisher":{"@id":"https:\/\/bikefit.lu\/de\/#\/schema\/person\/379af1263474d2f8cd1f41c2bd90273d"},"potentialAction":[{"@type":"SearchAction","target":{"@type":"EntryPoint","urlTemplate":"https:\/\/bikefit.lu\/de\/?s={search_term_string}"},"query-input":{"@type":"PropertyValueSpecification","valueRequired":true,"valueName":"search_term_string"}}],"inLanguage":"de"},{"@type":["Person","Organization"],"@id":"https:\/\/bikefit.lu\/de\/#\/schema\/person\/379af1263474d2f8cd1f41c2bd90273d","name":"Patrick Guillaume","image":{"@type":"ImageObject","inLanguage":"de","@id":"https:\/\/bikefit.lu\/wp-content\/uploads\/2024\/12\/cropped-bikefit-logoURL-RGB-jpg.jpg","url":"https:\/\/bikefit.lu\/wp-content\/uploads\/2024\/12\/cropped-bikefit-logoURL-RGB-jpg.jpg","contentUrl":"https:\/\/bikefit.lu\/wp-content\/uploads\/2024\/12\/cropped-bikefit-logoURL-RGB-jpg.jpg","width":512,"height":512,"caption":"Patrick Guillaume"},"logo":{"@id":"https:\/\/bikefit.lu\/wp-content\/uploads\/2024\/12\/cropped-bikefit-logoURL-RGB-jpg.jpg"},"sameAs":["https:\/\/bikefit.lu"],"honorificPrefix":"Mr","birthDate":"1966-11-18","gender":"male","knowsAbout":["Bike-fitting"],"knowsLanguage":["English","French","German","Luxembourgish"]}]}},"jetpack_shortlink":"https:\/\/wp.me\/PeuPYZ-kgZ","_links":{"self":[{"href":"https:\/\/bikefit.lu\/de\/wp-json\/wp\/v2\/pages\/77933","targetHints":{"allow":["GET"]}}],"collection":[{"href":"https:\/\/bikefit.lu\/de\/wp-json\/wp\/v2\/pages"}],"about":[{"href":"https:\/\/bikefit.lu\/de\/wp-json\/wp\/v2\/types\/page"}],"author":[{"embeddable":true,"href":"https:\/\/bikefit.lu\/de\/wp-json\/wp\/v2\/users\/1"}],"replies":[{"embeddable":true,"href":"https:\/\/bikefit.lu\/de\/wp-json\/wp\/v2\/comments?post=77933"}],"version-history":[{"count":0,"href":"https:\/\/bikefit.lu\/de\/wp-json\/wp\/v2\/pages\/77933\/revisions"}],"wp:attachment":[{"href":"https:\/\/bikefit.lu\/de\/wp-json\/wp\/v2\/media?parent=77933"}],"curies":[{"name":"wp","href":"https:\/\/api.w.org\/{rel}","templated":true}]}}