{"id":98651,"date":"2026-02-09T23:25:13","date_gmt":"2026-02-09T22:25:13","guid":{"rendered":"https:\/\/bikefit.lu\/cookie-richtlinie\/"},"modified":"2026-02-09T23:39:47","modified_gmt":"2026-02-09T22:39:47","slug":"cookie-richtlinie","status":"publish","type":"page","link":"https:\/\/bikefit.lu\/de\/cookie-richtlinie\/","title":{"rendered":"Cookie-Richtlinie"},"content":{"rendered":"\t\t<div data-elementor-type=\"wp-page\" data-elementor-id=\"98651\" class=\"elementor elementor-98651 elementor-98648\" data-elementor-post-type=\"page\">\n\t\t\t\t<div class=\"elementor-element elementor-element-431e12b0 e-flex e-con-boxed e-con e-parent\" data-id=\"431e12b0\" data-element_type=\"container\" data-e-type=\"container\">\n\t\t\t\t\t<div class=\"e-con-inner\">\n\t\t\t\t<div class=\"elementor-element elementor-element-4ac45998 elementor-widget elementor-widget-text-editor\" data-id=\"4ac45998\" data-element_type=\"widget\" data-e-type=\"widget\" data-widget_type=\"text-editor.default\">\n\t\t\t\t<div class=\"elementor-widget-container\">\n\t\t\t\t\t\t\t\t\t<p>Diese Seite bietet umfassende Informationen dar\u00fcber, wie wir Cookies auf unserer Website verwenden, um Ihr Surferlebnis zu verbessern, die Website-Leistung zu optimieren und personalisierte Inhalte bereitzustellen. Cookies sind kleine Textdateien, die auf Ihrem Ger\u00e4t gespeichert werden, wenn Sie unsere Website besuchen. Sie helfen uns zu verstehen, wie Besucher mit unserer Website interagieren, und erm\u00f6glichen es uns, ein reibungsloseres und effizienteres Benutzererlebnis zu bieten. In der folgenden Tabelle finden Sie detaillierte Informationen zu jeder Art von Cookie, die wir verwenden, deren Zweck und wie lange sie auf Ihrem Ger\u00e4t verbleiben. Wir verpflichten uns, Ihre Privatsph\u00e4re zu respektieren und Transparenz \u00fcber die Daten zu schaffen, die wir durch Cookies sammeln. Weitere Informationen zum Umgang mit Ihren pers\u00f6nlichen Daten finden Sie in unserer <a href=\"https:\/\/bikefit.lu\/de\/datenschutzbestimmungen\/\">Datenschutzrichtlinie.<\/a>     <\/p><p>[wpconsent_cookie_policy]<\/p>\t\t\t\t\t\t\t\t<\/div>\n\t\t\t\t<\/div>\n\t\t\t\t\t<\/div>\n\t\t\t\t<\/div>\n\t\t\t\t<\/div>\n\t\t","protected":false},"excerpt":{"rendered":"<p>Diese Seite bietet umfassende Informationen dar\u00fcber, wie wir Cookies auf unserer Website verwenden, um Ihr Surferlebnis zu verbessern, die Website-Leistung zu optimieren und personalisierte Inhalte bereitzustellen. Cookies sind kleine Textdateien, die auf Ihrem Ger\u00e4t gespeichert werden, wenn Sie unsere Website besuchen. Sie helfen uns zu verstehen, wie Besucher mit unserer Website interagieren, und erm\u00f6glichen es [&hellip;]<\/p>\n","protected":false},"author":1,"featured_media":0,"parent":0,"menu_order":0,"comment_status":"closed","ping_status":"closed","template":"","meta":{"footnotes":""},"class_list":["post-98651","page","type-page","status-publish","hentry"],"yoast_head":"<!-- This site is optimized with the Yoast SEO Premium plugin v27.4 (Yoast SEO v27.4) - https:\/\/yoast.com\/product\/yoast-seo-premium-wordpress\/ -->\n<title>Cookie-Richtlinie - bikefit.lu<\/title>\n<meta name=\"robots\" content=\"index, follow, max-snippet:-1, max-image-preview:large, max-video-preview:-1\" \/>\n<link rel=\"canonical\" href=\"https:\/\/bikefit.lu\/de\/cookie-richtlinie\/\" \/>\n<meta property=\"og:locale\" content=\"de_DE\" \/>\n<meta property=\"og:type\" content=\"article\" \/>\n<meta property=\"og:title\" content=\"Cookie-Richtlinie\" \/>\n<meta property=\"og:description\" content=\"Diese Seite bietet umfassende Informationen dar\u00fcber, wie wir Cookies auf unserer Website verwenden, um Ihr Surferlebnis zu verbessern, die Website-Leistung zu optimieren und personalisierte Inhalte bereitzustellen. Cookies sind kleine Textdateien, die auf Ihrem Ger\u00e4t gespeichert werden, wenn Sie unsere Website besuchen. Sie helfen uns zu verstehen, wie Besucher mit unserer Website interagieren, und erm\u00f6glichen es [&hellip;]\" \/>\n<meta property=\"og:url\" content=\"https:\/\/bikefit.lu\/de\/cookie-richtlinie\/\" \/>\n<meta property=\"og:site_name\" content=\"bikefit.lu\" \/>\n<meta property=\"article:modified_time\" content=\"2026-02-09T22:39:47+00:00\" \/>\n<meta property=\"og:image\" content=\"https:\/\/bikefit.lu\/wp-content\/uploads\/2023\/12\/bikefit-logoURL-RGBtransp.jpg\" \/>\n\t<meta property=\"og:image:width\" content=\"1181\" \/>\n\t<meta property=\"og:image:height\" content=\"1181\" \/>\n\t<meta property=\"og:image:type\" content=\"image\/jpeg\" \/>\n<meta name=\"twitter:card\" content=\"summary_large_image\" \/>\n<meta name=\"twitter:label1\" content=\"Gesch\u00e4tzte Lesezeit\" \/>\n\t<meta name=\"twitter:data1\" content=\"1\u00a0Minute\" \/>\n<script type=\"application\/ld+json\" class=\"yoast-schema-graph\">{\"@context\":\"https:\\\/\\\/schema.org\",\"@graph\":[{\"@type\":\"WebPage\",\"@id\":\"https:\\\/\\\/bikefit.lu\\\/de\\\/cookie-richtlinie\\\/\",\"url\":\"https:\\\/\\\/bikefit.lu\\\/de\\\/cookie-richtlinie\\\/\",\"name\":\"Cookie-Richtlinie - bikefit.lu\",\"isPartOf\":{\"@id\":\"https:\\\/\\\/bikefit.lu\\\/de\\\/#website\"},\"datePublished\":\"2026-02-09T22:25:13+00:00\",\"dateModified\":\"2026-02-09T22:39:47+00:00\",\"breadcrumb\":{\"@id\":\"https:\\\/\\\/bikefit.lu\\\/de\\\/cookie-richtlinie\\\/#breadcrumb\"},\"inLanguage\":\"de\",\"potentialAction\":[{\"@type\":\"ReadAction\",\"target\":[\"https:\\\/\\\/bikefit.lu\\\/de\\\/cookie-richtlinie\\\/\"]}]},{\"@type\":\"BreadcrumbList\",\"@id\":\"https:\\\/\\\/bikefit.lu\\\/de\\\/cookie-richtlinie\\\/#breadcrumb\",\"itemListElement\":[{\"@type\":\"ListItem\",\"position\":1,\"name\":\"Home\",\"item\":\"https:\\\/\\\/bikefit.lu\\\/de\\\/\"},{\"@type\":\"ListItem\",\"position\":2,\"name\":\"Cookie-Richtlinie\"}]},{\"@type\":\"WebSite\",\"@id\":\"https:\\\/\\\/bikefit.lu\\\/de\\\/#website\",\"url\":\"https:\\\/\\\/bikefit.lu\\\/de\\\/\",\"name\":\"bikefit.lu\",\"description\":\"IMPROVING CYCLING\",\"publisher\":{\"@id\":\"https:\\\/\\\/bikefit.lu\\\/de\\\/#\\\/schema\\\/person\\\/379af1263474d2f8cd1f41c2bd90273d\"},\"potentialAction\":[{\"@type\":\"SearchAction\",\"target\":{\"@type\":\"EntryPoint\",\"urlTemplate\":\"https:\\\/\\\/bikefit.lu\\\/de\\\/?s={search_term_string}\"},\"query-input\":{\"@type\":\"PropertyValueSpecification\",\"valueRequired\":true,\"valueName\":\"search_term_string\"}}],\"inLanguage\":\"de\"},{\"@type\":[\"Person\",\"Organization\"],\"@id\":\"https:\\\/\\\/bikefit.lu\\\/de\\\/#\\\/schema\\\/person\\\/379af1263474d2f8cd1f41c2bd90273d\",\"name\":\"Patrick Guillaume\",\"image\":{\"@type\":\"ImageObject\",\"inLanguage\":\"de\",\"@id\":\"https:\\\/\\\/bikefit.lu\\\/wp-content\\\/uploads\\\/2024\\\/12\\\/cropped-bikefit-logoURL-RGB-jpg.jpg\",\"url\":\"https:\\\/\\\/bikefit.lu\\\/wp-content\\\/uploads\\\/2024\\\/12\\\/cropped-bikefit-logoURL-RGB-jpg.jpg\",\"contentUrl\":\"https:\\\/\\\/bikefit.lu\\\/wp-content\\\/uploads\\\/2024\\\/12\\\/cropped-bikefit-logoURL-RGB-jpg.jpg\",\"width\":512,\"height\":512,\"caption\":\"Patrick Guillaume\"},\"logo\":{\"@id\":\"https:\\\/\\\/bikefit.lu\\\/wp-content\\\/uploads\\\/2024\\\/12\\\/cropped-bikefit-logoURL-RGB-jpg.jpg\"},\"sameAs\":[\"https:\\\/\\\/bikefit.lu\"],\"honorificPrefix\":\"Mr\",\"birthDate\":\"1966-11-18\",\"gender\":\"male\",\"knowsAbout\":[\"Bike-fitting\"],\"knowsLanguage\":[\"English\",\"French\",\"German\",\"Luxembourgish\"]}]}<\/script>\n<!-- \/ Yoast SEO Premium plugin. -->","yoast_head_json":{"title":"Cookie-Richtlinie - bikefit.lu","robots":{"index":"index","follow":"follow","max-snippet":"max-snippet:-1","max-image-preview":"max-image-preview:large","max-video-preview":"max-video-preview:-1"},"canonical":"https:\/\/bikefit.lu\/de\/cookie-richtlinie\/","og_locale":"de_DE","og_type":"article","og_title":"Cookie-Richtlinie","og_description":"Diese Seite bietet umfassende Informationen dar\u00fcber, wie wir Cookies auf unserer Website verwenden, um Ihr Surferlebnis zu verbessern, die Website-Leistung zu optimieren und personalisierte Inhalte bereitzustellen. Cookies sind kleine Textdateien, die auf Ihrem Ger\u00e4t gespeichert werden, wenn Sie unsere Website besuchen. Sie helfen uns zu verstehen, wie Besucher mit unserer Website interagieren, und erm\u00f6glichen es [&hellip;]","og_url":"https:\/\/bikefit.lu\/de\/cookie-richtlinie\/","og_site_name":"bikefit.lu","article_modified_time":"2026-02-09T22:39:47+00:00","og_image":[{"width":1181,"height":1181,"url":"https:\/\/bikefit.lu\/wp-content\/uploads\/2023\/12\/bikefit-logoURL-RGBtransp.jpg","type":"image\/jpeg"}],"twitter_card":"summary_large_image","twitter_misc":{"Gesch\u00e4tzte Lesezeit":"1\u00a0Minute"},"schema":{"@context":"https:\/\/schema.org","@graph":[{"@type":"WebPage","@id":"https:\/\/bikefit.lu\/de\/cookie-richtlinie\/","url":"https:\/\/bikefit.lu\/de\/cookie-richtlinie\/","name":"Cookie-Richtlinie - bikefit.lu","isPartOf":{"@id":"https:\/\/bikefit.lu\/de\/#website"},"datePublished":"2026-02-09T22:25:13+00:00","dateModified":"2026-02-09T22:39:47+00:00","breadcrumb":{"@id":"https:\/\/bikefit.lu\/de\/cookie-richtlinie\/#breadcrumb"},"inLanguage":"de","potentialAction":[{"@type":"ReadAction","target":["https:\/\/bikefit.lu\/de\/cookie-richtlinie\/"]}]},{"@type":"BreadcrumbList","@id":"https:\/\/bikefit.lu\/de\/cookie-richtlinie\/#breadcrumb","itemListElement":[{"@type":"ListItem","position":1,"name":"Home","item":"https:\/\/bikefit.lu\/de\/"},{"@type":"ListItem","position":2,"name":"Cookie-Richtlinie"}]},{"@type":"WebSite","@id":"https:\/\/bikefit.lu\/de\/#website","url":"https:\/\/bikefit.lu\/de\/","name":"bikefit.lu","description":"IMPROVING CYCLING","publisher":{"@id":"https:\/\/bikefit.lu\/de\/#\/schema\/person\/379af1263474d2f8cd1f41c2bd90273d"},"potentialAction":[{"@type":"SearchAction","target":{"@type":"EntryPoint","urlTemplate":"https:\/\/bikefit.lu\/de\/?s={search_term_string}"},"query-input":{"@type":"PropertyValueSpecification","valueRequired":true,"valueName":"search_term_string"}}],"inLanguage":"de"},{"@type":["Person","Organization"],"@id":"https:\/\/bikefit.lu\/de\/#\/schema\/person\/379af1263474d2f8cd1f41c2bd90273d","name":"Patrick Guillaume","image":{"@type":"ImageObject","inLanguage":"de","@id":"https:\/\/bikefit.lu\/wp-content\/uploads\/2024\/12\/cropped-bikefit-logoURL-RGB-jpg.jpg","url":"https:\/\/bikefit.lu\/wp-content\/uploads\/2024\/12\/cropped-bikefit-logoURL-RGB-jpg.jpg","contentUrl":"https:\/\/bikefit.lu\/wp-content\/uploads\/2024\/12\/cropped-bikefit-logoURL-RGB-jpg.jpg","width":512,"height":512,"caption":"Patrick Guillaume"},"logo":{"@id":"https:\/\/bikefit.lu\/wp-content\/uploads\/2024\/12\/cropped-bikefit-logoURL-RGB-jpg.jpg"},"sameAs":["https:\/\/bikefit.lu"],"honorificPrefix":"Mr","birthDate":"1966-11-18","gender":"male","knowsAbout":["Bike-fitting"],"knowsLanguage":["English","French","German","Luxembourgish"]}]}},"jetpack_shortlink":"https:\/\/wp.me\/PeuPYZ-pF9","_links":{"self":[{"href":"https:\/\/bikefit.lu\/de\/wp-json\/wp\/v2\/pages\/98651","targetHints":{"allow":["GET"]}}],"collection":[{"href":"https:\/\/bikefit.lu\/de\/wp-json\/wp\/v2\/pages"}],"about":[{"href":"https:\/\/bikefit.lu\/de\/wp-json\/wp\/v2\/types\/page"}],"author":[{"embeddable":true,"href":"https:\/\/bikefit.lu\/de\/wp-json\/wp\/v2\/users\/1"}],"replies":[{"embeddable":true,"href":"https:\/\/bikefit.lu\/de\/wp-json\/wp\/v2\/comments?post=98651"}],"version-history":[{"count":0,"href":"https:\/\/bikefit.lu\/de\/wp-json\/wp\/v2\/pages\/98651\/revisions"}],"wp:attachment":[{"href":"https:\/\/bikefit.lu\/de\/wp-json\/wp\/v2\/media?parent=98651"}],"curies":[{"name":"wp","href":"https:\/\/api.w.org\/{rel}","templated":true}]}}