{"id":78246,"date":"2024-01-26T14:05:26","date_gmt":"2024-01-26T14:05:26","guid":{"rendered":"https:\/\/staging.bikefit.lu\/shop\/unkategorisiert\/mx238-black-suede-gold\/"},"modified":"2025-11-20T09:08:44","modified_gmt":"2025-11-20T08:08:44","slug":"mx238-black-suede-gold","status":"publish","type":"product","link":"https:\/\/bikefit.lu\/de\/product\/mx238-black-suede-gold\/","title":{"rendered":"MX238 Black Suede\/Gold"},"content":{"rendered":"\t\t<div data-elementor-type=\"product-post\" data-elementor-id=\"78246\" class=\"elementor elementor-78246 elementor-74135\" data-elementor-post-type=\"product\">\n\t\t\t\t<div class=\"elementor-element elementor-element-17d8af99 e-flex e-con-boxed e-con e-parent\" data-id=\"17d8af99\" data-element_type=\"container\" data-e-type=\"container\">\n\t\t\t\t\t<div class=\"e-con-inner\">\n\t\t\t\t<div class=\"elementor-element elementor-element-567f7364 elementor-widget elementor-widget-text-editor\" data-id=\"567f7364\" data-element_type=\"widget\" data-e-type=\"widget\" data-widget_type=\"text-editor.default\">\n\t\t\t\t<div class=\"elementor-widget-container\">\n\t\t\t\t\t\t\t\t\t<p><strong>Form:<\/strong> MX-Competition. Diese Form hat ein gebogeneres Profil als die Sport-Form. Die Hauptunterschiede sind eine erh\u00f6hte Vorder- und Fersenkappe und ein etwas breiterer Vorfu\u00dfumfang, damit sich der Fu\u00df unter hohem Pedaldruck ausdehnen kann.  <\/p><p><strong>Obermaterial:<\/strong> Wasserfestes Ecco Premium Leder und Mesh mit Hook Lycra &amp; Outlast Fersenfutter. Das Obermaterial aus Leder ist geschmeidig, hat minimale N\u00e4hte und eine gute Passform, so dass sich der Schuh wie ein Handschuh anf\u00fchlt und sich mit der Zeit perfekt an Ihren Fu\u00df anpasst. Die Helcor-Fersenplatte und die Gummipuffer im Zehenbereich sch\u00fctzen das Obermaterial vor Kratzern und Schrammen. Das temperaturregulierende Outlast-Futter in Ferse und Zunge sorgt f\u00fcr ein luxuri\u00f6ses Fu\u00dfgef\u00fchl und bietet gleichzeitig einen atmungsaktiven, haltbaren und festen Halt am Fu\u00df.   <\/p><p><strong>Au\u00dfensohle<\/strong>: Lake Competition 100 % Carbonfaser-Sohle mit Mountain Race X-Echtgummisohle.<\/p><p><strong>Verschluss<\/strong>: Doppelseitig montiertes Push\/Pull Li2 BOA\u00ae-Schn\u00fcrsystem mit l\u00f6sbaren Schn\u00fcrf\u00fchrungen. Das doppelte BOA\u00ae-Verschlusssystem bietet noch mehr Einstellbarkeit als ein einzelnes BOA\u00ae. <\/p><p>HAFTUNGSAUSSCHLUSS: Schuhe werden m\u00f6glicherweise mit IP1-BOA geliefert<\/p><p><strong>Farben:<\/strong> Black\/Black, Black Camo, Black Suede\/Gold und Beetle\/Black.<\/p><p><strong>Gr\u00f6\u00dfen:<\/strong> Standard: volle Gr\u00f6\u00dfen von 36 bis 48, 50, halbe Gr\u00f6\u00dfen von 39,5 bis 46,5.<br> Wide: volle Gr\u00f6\u00dfen von 37 bis 48, 50, halbe Gr\u00f6\u00dfen von 39,5 bis 46,5.<\/p><p>Um Ihnen bei der Suche nach der richtigen Gr\u00f6\u00dfe zu helfen, gehen Sie auf <a href=\"https:\/\/lakecycling.com\/pages\/sizing-charts\" target=\"_blank\" rel=\"noopener noreferrer nofollow\">diese Seite<\/a> oder kontaktieren Sie mich.<\/p>\t\t\t\t\t\t\t\t<\/div>\n\t\t\t\t<\/div>\n\t\t\t\t\t<\/div>\n\t\t\t\t<\/div>\n\t\t\t\t<\/div>\n\t\t","protected":false},"excerpt":{"rendered":"<p class=\"ai-optimize-introduction ai-optimize-44\"><strong>Der MX238 bringt den 237 einen Schritt weiter f\u00fcr Hardcore-Abenteuer-Rennfahrer und robuste Mountainbiker mit mehr Schutz bei gleichbleibender legend\u00e4rer Passform.<\/strong><\/p>\n","protected":false},"featured_media":77312,"comment_status":"closed","ping_status":"closed","template":"","meta":[],"product_brand":[],"product_cat":[4789,4909,4862,4911],"product_tag":[4996,5059,5097,5110],"class_list":{"0":"post-78246","1":"product","2":"type-product","3":"status-publish","4":"has-post-thumbnail","6":"product_cat-sale-de","7":"product_cat-lake-shoes-de","8":"product_cat-mx238-en-de","9":"product_cat-offroad-lake-shoes-de","10":"product_tag-black-suede-gold-de","11":"product_tag-lake-cycling-de","12":"product_tag-mx238-de","13":"product_tag-offroad-de","14":"product_shipping_class-large-items-de","15":"pa_size-36-de","16":"pa_size-37-de-2","17":"pa_size-38-de","18":"pa_size-39-de-2","19":"pa_size-39-5-de","20":"pa_size-40-de-2","21":"pa_size-40-5-de","22":"pa_size-41-de","23":"pa_size-41-5-de","24":"pa_size-42-de","25":"pa_size-42-5-de","26":"pa_size-43-de-2","27":"pa_size-43-5-de-2","28":"pa_size-44-de","29":"pa_size-44-5-de","30":"pa_size-45-de","31":"pa_size-45-5-de","32":"pa_size-46-de","33":"pa_size-46-5-de","34":"pa_size-47-de","35":"pa_size-48-de","36":"pa_size-50-de","37":"pa_width-regular-de","38":"pa_width-wide-de-2","40":"first","41":"instock","42":"sale","43":"taxable","44":"shipping-taxable","45":"purchasable","46":"product-type-variable"},"yoast_head":"<!-- This site is optimized with the Yoast SEO Premium plugin v27.3 (Yoast SEO v27.3) - https:\/\/yoast.com\/product\/yoast-seo-premium-wordpress\/ -->\n<title>MX238 Black Suede\/Gold - bikefit.lu<\/title>\n<meta name=\"robots\" content=\"index, follow, max-snippet:-1, max-image-preview:large, max-video-preview:-1\" \/>\n<link rel=\"canonical\" href=\"https:\/\/bikefit.lu\/de\/product\/mx238-black-suede-gold\/\" \/>\n<meta property=\"og:locale\" content=\"de_DE\" \/>\n<meta property=\"og:type\" content=\"article\" \/>\n<meta property=\"og:title\" content=\"MX238 Black Suede\/Gold\" \/>\n<meta property=\"og:description\" content=\"Der MX238 bringt den 237 einen Schritt weiter f\u00fcr Hardcore-Abenteuer-Rennfahrer und robuste Mountainbiker mit mehr Schutz bei gleichbleibender legend\u00e4rer Passform.\" \/>\n<meta property=\"og:url\" content=\"https:\/\/bikefit.lu\/de\/product\/mx238-black-suede-gold\/\" \/>\n<meta property=\"og:site_name\" content=\"bikefit.lu\" \/>\n<meta property=\"article:modified_time\" content=\"2025-11-20T08:08:44+00:00\" \/>\n<meta property=\"og:image\" content=\"https:\/\/bikefit.lu\/wp-content\/uploads\/2024\/01\/MX238G-BLK-GOLD-FRNT.webp\" \/>\n\t<meta property=\"og:image:width\" content=\"900\" \/>\n\t<meta property=\"og:image:height\" content=\"667\" \/>\n\t<meta property=\"og:image:type\" content=\"image\/webp\" \/>\n<meta name=\"twitter:card\" content=\"summary_large_image\" \/>\n<meta name=\"twitter:label1\" content=\"Verf\u00fcgbarkeit\" \/>\n\t<meta name=\"twitter:data1\" content=\"Auf Lager\" \/>\n<script type=\"application\/ld+json\" class=\"yoast-schema-graph\">{\"@context\":\"https:\\\/\\\/schema.org\",\"@graph\":[{\"@type\":\"WebPage\",\"@id\":\"https:\\\/\\\/bikefit.lu\\\/de\\\/product\\\/mx238-black-suede-gold\\\/\",\"url\":\"https:\\\/\\\/bikefit.lu\\\/de\\\/product\\\/mx238-black-suede-gold\\\/\",\"name\":\"MX238 Black Suede\\\/Gold - bikefit.lu\",\"isPartOf\":{\"@id\":\"https:\\\/\\\/bikefit.lu\\\/de\\\/#website\"},\"primaryImageOfPage\":{\"@id\":\"https:\\\/\\\/bikefit.lu\\\/de\\\/product\\\/mx238-black-suede-gold\\\/#primaryimage\"},\"image\":{\"@id\":\"https:\\\/\\\/bikefit.lu\\\/de\\\/product\\\/mx238-black-suede-gold\\\/#primaryimage\"},\"thumbnailUrl\":\"https:\\\/\\\/bikefit.lu\\\/wp-content\\\/uploads\\\/2024\\\/01\\\/MX238G-BLK-GOLD-FRNT.webp\",\"datePublished\":\"2024-01-26T14:05:26+00:00\",\"dateModified\":\"2025-11-20T08:08:44+00:00\",\"breadcrumb\":{\"@id\":\"https:\\\/\\\/bikefit.lu\\\/de\\\/product\\\/mx238-black-suede-gold\\\/#breadcrumb\"},\"inLanguage\":\"de\",\"potentialAction\":[{\"@type\":\"ReadAction\",\"target\":[\"https:\\\/\\\/bikefit.lu\\\/de\\\/product\\\/mx238-black-suede-gold\\\/\"]}]},{\"@type\":\"ImageObject\",\"inLanguage\":\"de\",\"@id\":\"https:\\\/\\\/bikefit.lu\\\/de\\\/product\\\/mx238-black-suede-gold\\\/#primaryimage\",\"url\":\"https:\\\/\\\/bikefit.lu\\\/wp-content\\\/uploads\\\/2024\\\/01\\\/MX238G-BLK-GOLD-FRNT.webp\",\"contentUrl\":\"https:\\\/\\\/bikefit.lu\\\/wp-content\\\/uploads\\\/2024\\\/01\\\/MX238G-BLK-GOLD-FRNT.webp\",\"width\":900,\"height\":667},{\"@type\":\"BreadcrumbList\",\"@id\":\"https:\\\/\\\/bikefit.lu\\\/de\\\/product\\\/mx238-black-suede-gold\\\/#breadcrumb\",\"itemListElement\":[{\"@type\":\"ListItem\",\"position\":1,\"name\":\"Home\",\"item\":\"https:\\\/\\\/bikefit.lu\\\/de\\\/\"},{\"@type\":\"ListItem\",\"position\":2,\"name\":\"Produkte\",\"item\":\"https:\\\/\\\/bikefit.lu\\\/de\\\/shop\\\/\"},{\"@type\":\"ListItem\",\"position\":3,\"name\":\"MX238 Black Suede\\\/Gold\"}]},{\"@type\":\"WebSite\",\"@id\":\"https:\\\/\\\/bikefit.lu\\\/de\\\/#website\",\"url\":\"https:\\\/\\\/bikefit.lu\\\/de\\\/\",\"name\":\"bikefit.lu\",\"description\":\"IMPROVING CYCLING\",\"publisher\":{\"@id\":\"https:\\\/\\\/bikefit.lu\\\/de\\\/#\\\/schema\\\/person\\\/379af1263474d2f8cd1f41c2bd90273d\"},\"potentialAction\":[{\"@type\":\"SearchAction\",\"target\":{\"@type\":\"EntryPoint\",\"urlTemplate\":\"https:\\\/\\\/bikefit.lu\\\/de\\\/?s={search_term_string}\"},\"query-input\":{\"@type\":\"PropertyValueSpecification\",\"valueRequired\":true,\"valueName\":\"search_term_string\"}}],\"inLanguage\":\"de\"},{\"@type\":[\"Person\",\"Organization\"],\"@id\":\"https:\\\/\\\/bikefit.lu\\\/de\\\/#\\\/schema\\\/person\\\/379af1263474d2f8cd1f41c2bd90273d\",\"name\":\"Patrick Guillaume\",\"image\":{\"@type\":\"ImageObject\",\"inLanguage\":\"de\",\"@id\":\"https:\\\/\\\/bikefit.lu\\\/wp-content\\\/uploads\\\/2024\\\/12\\\/cropped-bikefit-logoURL-RGB-jpg.jpg\",\"url\":\"https:\\\/\\\/bikefit.lu\\\/wp-content\\\/uploads\\\/2024\\\/12\\\/cropped-bikefit-logoURL-RGB-jpg.jpg\",\"contentUrl\":\"https:\\\/\\\/bikefit.lu\\\/wp-content\\\/uploads\\\/2024\\\/12\\\/cropped-bikefit-logoURL-RGB-jpg.jpg\",\"width\":512,\"height\":512,\"caption\":\"Patrick Guillaume\"},\"logo\":{\"@id\":\"https:\\\/\\\/bikefit.lu\\\/wp-content\\\/uploads\\\/2024\\\/12\\\/cropped-bikefit-logoURL-RGB-jpg.jpg\"},\"sameAs\":[\"https:\\\/\\\/bikefit.lu\"],\"honorificPrefix\":\"Mr\",\"birthDate\":\"1966-11-18\",\"gender\":\"male\",\"knowsAbout\":[\"Bike-fitting\"],\"knowsLanguage\":[\"English\",\"French\",\"German\",\"Luxembourgish\"]}]}<\/script>\n<meta property=\"og:availability\" content=\"instock\" \/>\n<meta property=\"product:availability\" content=\"instock\" \/>\n<meta property=\"product:condition\" content=\"new\" \/>\n<!-- \/ Yoast SEO Premium plugin. -->","yoast_head_json":{"title":"MX238 Black Suede\/Gold - bikefit.lu","robots":{"index":"index","follow":"follow","max-snippet":"max-snippet:-1","max-image-preview":"max-image-preview:large","max-video-preview":"max-video-preview:-1"},"canonical":"https:\/\/bikefit.lu\/de\/product\/mx238-black-suede-gold\/","og_locale":"de_DE","og_type":"article","og_title":"MX238 Black Suede\/Gold","og_description":"Der MX238 bringt den 237 einen Schritt weiter f\u00fcr Hardcore-Abenteuer-Rennfahrer und robuste Mountainbiker mit mehr Schutz bei gleichbleibender legend\u00e4rer Passform.","og_url":"https:\/\/bikefit.lu\/de\/product\/mx238-black-suede-gold\/","og_site_name":"bikefit.lu","article_modified_time":"2025-11-20T08:08:44+00:00","og_image":[{"width":900,"height":667,"url":"https:\/\/bikefit.lu\/wp-content\/uploads\/2024\/01\/MX238G-BLK-GOLD-FRNT.webp","type":"image\/webp"}],"twitter_card":"summary_large_image","twitter_misc":{"Verf\u00fcgbarkeit":"Auf Lager"},"schema":{"@context":"https:\/\/schema.org","@graph":[{"@type":"WebPage","@id":"https:\/\/bikefit.lu\/de\/product\/mx238-black-suede-gold\/","url":"https:\/\/bikefit.lu\/de\/product\/mx238-black-suede-gold\/","name":"MX238 Black Suede\/Gold - bikefit.lu","isPartOf":{"@id":"https:\/\/bikefit.lu\/de\/#website"},"primaryImageOfPage":{"@id":"https:\/\/bikefit.lu\/de\/product\/mx238-black-suede-gold\/#primaryimage"},"image":{"@id":"https:\/\/bikefit.lu\/de\/product\/mx238-black-suede-gold\/#primaryimage"},"thumbnailUrl":"https:\/\/bikefit.lu\/wp-content\/uploads\/2024\/01\/MX238G-BLK-GOLD-FRNT.webp","datePublished":"2024-01-26T14:05:26+00:00","dateModified":"2025-11-20T08:08:44+00:00","breadcrumb":{"@id":"https:\/\/bikefit.lu\/de\/product\/mx238-black-suede-gold\/#breadcrumb"},"inLanguage":"de","potentialAction":[{"@type":"ReadAction","target":["https:\/\/bikefit.lu\/de\/product\/mx238-black-suede-gold\/"]}]},{"@type":"ImageObject","inLanguage":"de","@id":"https:\/\/bikefit.lu\/de\/product\/mx238-black-suede-gold\/#primaryimage","url":"https:\/\/bikefit.lu\/wp-content\/uploads\/2024\/01\/MX238G-BLK-GOLD-FRNT.webp","contentUrl":"https:\/\/bikefit.lu\/wp-content\/uploads\/2024\/01\/MX238G-BLK-GOLD-FRNT.webp","width":900,"height":667},{"@type":"BreadcrumbList","@id":"https:\/\/bikefit.lu\/de\/product\/mx238-black-suede-gold\/#breadcrumb","itemListElement":[{"@type":"ListItem","position":1,"name":"Home","item":"https:\/\/bikefit.lu\/de\/"},{"@type":"ListItem","position":2,"name":"Produkte","item":"https:\/\/bikefit.lu\/de\/shop\/"},{"@type":"ListItem","position":3,"name":"MX238 Black Suede\/Gold"}]},{"@type":"WebSite","@id":"https:\/\/bikefit.lu\/de\/#website","url":"https:\/\/bikefit.lu\/de\/","name":"bikefit.lu","description":"IMPROVING CYCLING","publisher":{"@id":"https:\/\/bikefit.lu\/de\/#\/schema\/person\/379af1263474d2f8cd1f41c2bd90273d"},"potentialAction":[{"@type":"SearchAction","target":{"@type":"EntryPoint","urlTemplate":"https:\/\/bikefit.lu\/de\/?s={search_term_string}"},"query-input":{"@type":"PropertyValueSpecification","valueRequired":true,"valueName":"search_term_string"}}],"inLanguage":"de"},{"@type":["Person","Organization"],"@id":"https:\/\/bikefit.lu\/de\/#\/schema\/person\/379af1263474d2f8cd1f41c2bd90273d","name":"Patrick Guillaume","image":{"@type":"ImageObject","inLanguage":"de","@id":"https:\/\/bikefit.lu\/wp-content\/uploads\/2024\/12\/cropped-bikefit-logoURL-RGB-jpg.jpg","url":"https:\/\/bikefit.lu\/wp-content\/uploads\/2024\/12\/cropped-bikefit-logoURL-RGB-jpg.jpg","contentUrl":"https:\/\/bikefit.lu\/wp-content\/uploads\/2024\/12\/cropped-bikefit-logoURL-RGB-jpg.jpg","width":512,"height":512,"caption":"Patrick Guillaume"},"logo":{"@id":"https:\/\/bikefit.lu\/wp-content\/uploads\/2024\/12\/cropped-bikefit-logoURL-RGB-jpg.jpg"},"sameAs":["https:\/\/bikefit.lu"],"honorificPrefix":"Mr","birthDate":"1966-11-18","gender":"male","knowsAbout":["Bike-fitting"],"knowsLanguage":["English","French","German","Luxembourgish"]}]},"og_availability":"instock","product_availability":"instock","product_condition":"new"},"_links":{"self":[{"href":"https:\/\/bikefit.lu\/de\/wp-json\/wp\/v2\/product\/78246","targetHints":{"allow":["GET"]}}],"collection":[{"href":"https:\/\/bikefit.lu\/de\/wp-json\/wp\/v2\/product"}],"about":[{"href":"https:\/\/bikefit.lu\/de\/wp-json\/wp\/v2\/types\/product"}],"replies":[{"embeddable":true,"href":"https:\/\/bikefit.lu\/de\/wp-json\/wp\/v2\/comments?post=78246"}],"version-history":[{"count":0,"href":"https:\/\/bikefit.lu\/de\/wp-json\/wp\/v2\/product\/78246\/revisions"}],"wp:featuredmedia":[{"embeddable":true,"href":"https:\/\/bikefit.lu\/de\/wp-json\/wp\/v2\/media\/77312"}],"wp:attachment":[{"href":"https:\/\/bikefit.lu\/de\/wp-json\/wp\/v2\/media?parent=78246"}],"wp:term":[{"taxonomy":"product_brand","embeddable":true,"href":"https:\/\/bikefit.lu\/de\/wp-json\/wp\/v2\/product_brand?post=78246"},{"taxonomy":"product_cat","embeddable":true,"href":"https:\/\/bikefit.lu\/de\/wp-json\/wp\/v2\/product_cat?post=78246"},{"taxonomy":"product_tag","embeddable":true,"href":"https:\/\/bikefit.lu\/de\/wp-json\/wp\/v2\/product_tag?post=78246"}],"curies":[{"name":"wp","href":"https:\/\/api.w.org\/{rel}","templated":true}]}}