{"id":78559,"date":"2022-10-14T10:00:01","date_gmt":"2022-10-14T10:00:01","guid":{"rendered":"https:\/\/staging.bikefit.lu\/shop\/unkategorisiert\/ergon-tp1-look-keo\/"},"modified":"2025-04-18T12:10:10","modified_gmt":"2025-04-18T10:10:10","slug":"ergon-tp1-look-keo","status":"publish","type":"product","link":"https:\/\/bikefit.lu\/de\/product\/ergon-tp1-look-keo\/","title":{"rendered":"Ergon TP1 Cleat Tool Look K\u00e9o\u00ae"},"content":{"rendered":"","protected":false},"excerpt":{"rendered":"<p>Optimal eingestellte Pedalplatten sind bereits bei der ersten Ausfahrt positiv sp\u00fcrbar. Mit dem TP1 k\u00f6nnen die 3 elementar wichtigen Einstellungen pr\u00e4zise und im Handumdrehen vorgenommen werden: L\u00e4ngsorientierung, St\u00fctzweite (Q-Faktor) und Fu\u00dfwinkel. Die Beinkraft wird beim Radfahren \u00fcber die F\u00fc\u00dfe in Vortrieb umgewandelt. Dabei spielt die ergonomisch richtige Position der F\u00fc\u00dfe auf den Pedalen eine entscheidende Rolle. Sie ist verantwortlich f\u00fcr Leistungsf\u00e4higkeit, Komfort und letztendlich beschwerdefreies Biken. Das TP1 ist das erste Tool zur pr\u00e4zisen und einfachen Einstellung der Radschuhe und wird von vielen Profimannschaften und Bikefitting-Spezialisten in der ganzen Welt verwendet.     <\/p>\n<p>Material: Verbundwerkstoff<\/p>\n","protected":false},"featured_media":88750,"comment_status":"closed","ping_status":"closed","template":"","meta":[],"product_brand":[],"product_cat":[4831,4786],"product_tag":[5029,5070,5079,5125,5167],"class_list":{"0":"post-78559","1":"product","2":"type-product","3":"status-publish","4":"has-post-thumbnail","6":"product_cat-foot-pedal-interface-de","7":"product_cat-road-de","8":"product_tag-ergon-de","9":"product_tag-foot-pedal-interface-de","10":"product_tag-look-de","11":"product_tag-road-de","12":"product_tag-tp1-cleat-tool-de","13":"product_shipping_class-small-items-de","15":"first","16":"instock","17":"taxable","18":"shipping-taxable","19":"purchasable","20":"product-type-simple"},"yoast_head":"<!-- This site is optimized with the Yoast SEO Premium plugin v27.3 (Yoast SEO v27.3) - https:\/\/yoast.com\/product\/yoast-seo-premium-wordpress\/ -->\n<title>Ergon TP1 Cleat Tool Look K\u00e9o\u00ae - bikefit.lu<\/title>\n<meta name=\"robots\" content=\"index, follow, max-snippet:-1, max-image-preview:large, max-video-preview:-1\" \/>\n<link rel=\"canonical\" href=\"https:\/\/bikefit.lu\/de\/product\/ergon-tp1-look-keo\/\" \/>\n<meta property=\"og:locale\" content=\"de_DE\" \/>\n<meta property=\"og:type\" content=\"article\" \/>\n<meta property=\"og:title\" content=\"Ergon TP1 Cleat Tool Look K\u00e9o\u00ae\" \/>\n<meta property=\"og:description\" content=\"Optimal eingestellte Pedalplatten sind bereits bei der ersten Ausfahrt positiv sp\u00fcrbar. Mit dem TP1 k\u00f6nnen die 3 elementar wichtigen Einstellungen pr\u00e4zise und im Handumdrehen vorgenommen werden: L\u00e4ngsorientierung, St\u00fctzweite (Q-Faktor) und Fu\u00dfwinkel. Die Beinkraft wird beim Radfahren \u00fcber die F\u00fc\u00dfe in Vortrieb umgewandelt. Dabei spielt die ergonomisch richtige Position der F\u00fc\u00dfe auf den Pedalen eine entscheidende Rolle. Sie ist verantwortlich f\u00fcr Leistungsf\u00e4higkeit, Komfort und letztendlich beschwerdefreies Biken. Das TP1 ist das erste Tool zur pr\u00e4zisen und einfachen Einstellung der Radschuhe und wird von vielen Profimannschaften und Bikefitting-Spezialisten in der ganzen Welt verwendet.    Material: Verbundwerkstoff\" \/>\n<meta property=\"og:url\" content=\"https:\/\/bikefit.lu\/de\/product\/ergon-tp1-look-keo\/\" \/>\n<meta property=\"og:site_name\" content=\"bikefit.lu\" \/>\n<meta property=\"article:modified_time\" content=\"2025-04-18T10:10:10+00:00\" \/>\n<meta property=\"og:image\" content=\"https:\/\/bikefit.lu\/wp-content\/uploads\/2024\/02\/48000005_detail_1.jpg\" \/>\n\t<meta property=\"og:image:width\" content=\"1000\" \/>\n\t<meta property=\"og:image:height\" content=\"923\" \/>\n\t<meta property=\"og:image:type\" content=\"image\/jpeg\" \/>\n<meta name=\"twitter:card\" content=\"summary_large_image\" \/>\n<meta name=\"twitter:label1\" content=\"Preis\" \/>\n\t<meta name=\"twitter:data1\" content=\"29,95&nbsp;&euro;\" \/>\n\t<meta name=\"twitter:label2\" content=\"Verf\u00fcgbarkeit\" \/>\n\t<meta name=\"twitter:data2\" content=\"Auf Lager\" \/>\n<script type=\"application\/ld+json\" class=\"yoast-schema-graph\">{\"@context\":\"https:\\\/\\\/schema.org\",\"@graph\":[{\"@type\":\"WebPage\",\"@id\":\"https:\\\/\\\/bikefit.lu\\\/de\\\/product\\\/ergon-tp1-look-keo\\\/\",\"url\":\"https:\\\/\\\/bikefit.lu\\\/de\\\/product\\\/ergon-tp1-look-keo\\\/\",\"name\":\"Ergon TP1 Cleat Tool Look K\u00e9o\u00ae - bikefit.lu\",\"isPartOf\":{\"@id\":\"https:\\\/\\\/bikefit.lu\\\/de\\\/#website\"},\"primaryImageOfPage\":{\"@id\":\"https:\\\/\\\/bikefit.lu\\\/de\\\/product\\\/ergon-tp1-look-keo\\\/#primaryimage\"},\"image\":{\"@id\":\"https:\\\/\\\/bikefit.lu\\\/de\\\/product\\\/ergon-tp1-look-keo\\\/#primaryimage\"},\"thumbnailUrl\":\"https:\\\/\\\/bikefit.lu\\\/wp-content\\\/uploads\\\/2024\\\/02\\\/48000005_detail_1.jpg\",\"datePublished\":\"2022-10-14T10:00:01+00:00\",\"dateModified\":\"2025-04-18T10:10:10+00:00\",\"breadcrumb\":{\"@id\":\"https:\\\/\\\/bikefit.lu\\\/de\\\/product\\\/ergon-tp1-look-keo\\\/#breadcrumb\"},\"inLanguage\":\"de\",\"potentialAction\":[{\"@type\":\"ReadAction\",\"target\":[\"https:\\\/\\\/bikefit.lu\\\/de\\\/product\\\/ergon-tp1-look-keo\\\/\"]}]},{\"@type\":\"ImageObject\",\"inLanguage\":\"de\",\"@id\":\"https:\\\/\\\/bikefit.lu\\\/de\\\/product\\\/ergon-tp1-look-keo\\\/#primaryimage\",\"url\":\"https:\\\/\\\/bikefit.lu\\\/wp-content\\\/uploads\\\/2024\\\/02\\\/48000005_detail_1.jpg\",\"contentUrl\":\"https:\\\/\\\/bikefit.lu\\\/wp-content\\\/uploads\\\/2024\\\/02\\\/48000005_detail_1.jpg\",\"width\":1000,\"height\":923},{\"@type\":\"BreadcrumbList\",\"@id\":\"https:\\\/\\\/bikefit.lu\\\/de\\\/product\\\/ergon-tp1-look-keo\\\/#breadcrumb\",\"itemListElement\":[{\"@type\":\"ListItem\",\"position\":1,\"name\":\"Home\",\"item\":\"https:\\\/\\\/bikefit.lu\\\/de\\\/\"},{\"@type\":\"ListItem\",\"position\":2,\"name\":\"Produkte\",\"item\":\"https:\\\/\\\/bikefit.lu\\\/de\\\/shop\\\/\"},{\"@type\":\"ListItem\",\"position\":3,\"name\":\"Ergon TP1 Cleat Tool Look K\u00e9o\u00ae\"}]},{\"@type\":\"WebSite\",\"@id\":\"https:\\\/\\\/bikefit.lu\\\/de\\\/#website\",\"url\":\"https:\\\/\\\/bikefit.lu\\\/de\\\/\",\"name\":\"bikefit.lu\",\"description\":\"IMPROVING CYCLING\",\"publisher\":{\"@id\":\"https:\\\/\\\/bikefit.lu\\\/de\\\/#\\\/schema\\\/person\\\/379af1263474d2f8cd1f41c2bd90273d\"},\"potentialAction\":[{\"@type\":\"SearchAction\",\"target\":{\"@type\":\"EntryPoint\",\"urlTemplate\":\"https:\\\/\\\/bikefit.lu\\\/de\\\/?s={search_term_string}\"},\"query-input\":{\"@type\":\"PropertyValueSpecification\",\"valueRequired\":true,\"valueName\":\"search_term_string\"}}],\"inLanguage\":\"de\"},{\"@type\":[\"Person\",\"Organization\"],\"@id\":\"https:\\\/\\\/bikefit.lu\\\/de\\\/#\\\/schema\\\/person\\\/379af1263474d2f8cd1f41c2bd90273d\",\"name\":\"Patrick Guillaume\",\"image\":{\"@type\":\"ImageObject\",\"inLanguage\":\"de\",\"@id\":\"https:\\\/\\\/bikefit.lu\\\/wp-content\\\/uploads\\\/2024\\\/12\\\/cropped-bikefit-logoURL-RGB-jpg.jpg\",\"url\":\"https:\\\/\\\/bikefit.lu\\\/wp-content\\\/uploads\\\/2024\\\/12\\\/cropped-bikefit-logoURL-RGB-jpg.jpg\",\"contentUrl\":\"https:\\\/\\\/bikefit.lu\\\/wp-content\\\/uploads\\\/2024\\\/12\\\/cropped-bikefit-logoURL-RGB-jpg.jpg\",\"width\":512,\"height\":512,\"caption\":\"Patrick Guillaume\"},\"logo\":{\"@id\":\"https:\\\/\\\/bikefit.lu\\\/wp-content\\\/uploads\\\/2024\\\/12\\\/cropped-bikefit-logoURL-RGB-jpg.jpg\"},\"sameAs\":[\"https:\\\/\\\/bikefit.lu\"],\"honorificPrefix\":\"Mr\",\"birthDate\":\"1966-11-18\",\"gender\":\"male\",\"knowsAbout\":[\"Bike-fitting\"],\"knowsLanguage\":[\"English\",\"French\",\"German\",\"Luxembourgish\"]}]}<\/script>\n<meta property=\"product:price:amount\" content=\"29.95\" \/>\n<meta property=\"product:price:currency\" content=\"EUR\" \/>\n<meta property=\"og:availability\" content=\"instock\" \/>\n<meta property=\"product:availability\" content=\"instock\" \/>\n<meta property=\"product:condition\" content=\"new\" \/>\n<!-- \/ Yoast SEO Premium plugin. -->","yoast_head_json":{"title":"Ergon TP1 Cleat Tool Look K\u00e9o\u00ae - bikefit.lu","robots":{"index":"index","follow":"follow","max-snippet":"max-snippet:-1","max-image-preview":"max-image-preview:large","max-video-preview":"max-video-preview:-1"},"canonical":"https:\/\/bikefit.lu\/de\/product\/ergon-tp1-look-keo\/","og_locale":"de_DE","og_type":"article","og_title":"Ergon TP1 Cleat Tool Look K\u00e9o\u00ae","og_description":"Optimal eingestellte Pedalplatten sind bereits bei der ersten Ausfahrt positiv sp\u00fcrbar. Mit dem TP1 k\u00f6nnen die 3 elementar wichtigen Einstellungen pr\u00e4zise und im Handumdrehen vorgenommen werden: L\u00e4ngsorientierung, St\u00fctzweite (Q-Faktor) und Fu\u00dfwinkel. Die Beinkraft wird beim Radfahren \u00fcber die F\u00fc\u00dfe in Vortrieb umgewandelt. Dabei spielt die ergonomisch richtige Position der F\u00fc\u00dfe auf den Pedalen eine entscheidende Rolle. Sie ist verantwortlich f\u00fcr Leistungsf\u00e4higkeit, Komfort und letztendlich beschwerdefreies Biken. Das TP1 ist das erste Tool zur pr\u00e4zisen und einfachen Einstellung der Radschuhe und wird von vielen Profimannschaften und Bikefitting-Spezialisten in der ganzen Welt verwendet.    Material: Verbundwerkstoff","og_url":"https:\/\/bikefit.lu\/de\/product\/ergon-tp1-look-keo\/","og_site_name":"bikefit.lu","article_modified_time":"2025-04-18T10:10:10+00:00","og_image":[{"width":1000,"height":923,"url":"https:\/\/bikefit.lu\/wp-content\/uploads\/2024\/02\/48000005_detail_1.jpg","type":"image\/jpeg"}],"twitter_card":"summary_large_image","twitter_misc":{"Preis":"29,95&nbsp;&euro;","Verf\u00fcgbarkeit":"Auf Lager"},"schema":{"@context":"https:\/\/schema.org","@graph":[{"@type":"WebPage","@id":"https:\/\/bikefit.lu\/de\/product\/ergon-tp1-look-keo\/","url":"https:\/\/bikefit.lu\/de\/product\/ergon-tp1-look-keo\/","name":"Ergon TP1 Cleat Tool Look K\u00e9o\u00ae - bikefit.lu","isPartOf":{"@id":"https:\/\/bikefit.lu\/de\/#website"},"primaryImageOfPage":{"@id":"https:\/\/bikefit.lu\/de\/product\/ergon-tp1-look-keo\/#primaryimage"},"image":{"@id":"https:\/\/bikefit.lu\/de\/product\/ergon-tp1-look-keo\/#primaryimage"},"thumbnailUrl":"https:\/\/bikefit.lu\/wp-content\/uploads\/2024\/02\/48000005_detail_1.jpg","datePublished":"2022-10-14T10:00:01+00:00","dateModified":"2025-04-18T10:10:10+00:00","breadcrumb":{"@id":"https:\/\/bikefit.lu\/de\/product\/ergon-tp1-look-keo\/#breadcrumb"},"inLanguage":"de","potentialAction":[{"@type":"ReadAction","target":["https:\/\/bikefit.lu\/de\/product\/ergon-tp1-look-keo\/"]}]},{"@type":"ImageObject","inLanguage":"de","@id":"https:\/\/bikefit.lu\/de\/product\/ergon-tp1-look-keo\/#primaryimage","url":"https:\/\/bikefit.lu\/wp-content\/uploads\/2024\/02\/48000005_detail_1.jpg","contentUrl":"https:\/\/bikefit.lu\/wp-content\/uploads\/2024\/02\/48000005_detail_1.jpg","width":1000,"height":923},{"@type":"BreadcrumbList","@id":"https:\/\/bikefit.lu\/de\/product\/ergon-tp1-look-keo\/#breadcrumb","itemListElement":[{"@type":"ListItem","position":1,"name":"Home","item":"https:\/\/bikefit.lu\/de\/"},{"@type":"ListItem","position":2,"name":"Produkte","item":"https:\/\/bikefit.lu\/de\/shop\/"},{"@type":"ListItem","position":3,"name":"Ergon TP1 Cleat Tool Look K\u00e9o\u00ae"}]},{"@type":"WebSite","@id":"https:\/\/bikefit.lu\/de\/#website","url":"https:\/\/bikefit.lu\/de\/","name":"bikefit.lu","description":"IMPROVING CYCLING","publisher":{"@id":"https:\/\/bikefit.lu\/de\/#\/schema\/person\/379af1263474d2f8cd1f41c2bd90273d"},"potentialAction":[{"@type":"SearchAction","target":{"@type":"EntryPoint","urlTemplate":"https:\/\/bikefit.lu\/de\/?s={search_term_string}"},"query-input":{"@type":"PropertyValueSpecification","valueRequired":true,"valueName":"search_term_string"}}],"inLanguage":"de"},{"@type":["Person","Organization"],"@id":"https:\/\/bikefit.lu\/de\/#\/schema\/person\/379af1263474d2f8cd1f41c2bd90273d","name":"Patrick Guillaume","image":{"@type":"ImageObject","inLanguage":"de","@id":"https:\/\/bikefit.lu\/wp-content\/uploads\/2024\/12\/cropped-bikefit-logoURL-RGB-jpg.jpg","url":"https:\/\/bikefit.lu\/wp-content\/uploads\/2024\/12\/cropped-bikefit-logoURL-RGB-jpg.jpg","contentUrl":"https:\/\/bikefit.lu\/wp-content\/uploads\/2024\/12\/cropped-bikefit-logoURL-RGB-jpg.jpg","width":512,"height":512,"caption":"Patrick Guillaume"},"logo":{"@id":"https:\/\/bikefit.lu\/wp-content\/uploads\/2024\/12\/cropped-bikefit-logoURL-RGB-jpg.jpg"},"sameAs":["https:\/\/bikefit.lu"],"honorificPrefix":"Mr","birthDate":"1966-11-18","gender":"male","knowsAbout":["Bike-fitting"],"knowsLanguage":["English","French","German","Luxembourgish"]}]},"product_price_amount":"29.95","product_price_currency":"EUR","og_availability":"instock","product_availability":"instock","product_condition":"new"},"_links":{"self":[{"href":"https:\/\/bikefit.lu\/de\/wp-json\/wp\/v2\/product\/78559","targetHints":{"allow":["GET"]}}],"collection":[{"href":"https:\/\/bikefit.lu\/de\/wp-json\/wp\/v2\/product"}],"about":[{"href":"https:\/\/bikefit.lu\/de\/wp-json\/wp\/v2\/types\/product"}],"replies":[{"embeddable":true,"href":"https:\/\/bikefit.lu\/de\/wp-json\/wp\/v2\/comments?post=78559"}],"version-history":[{"count":0,"href":"https:\/\/bikefit.lu\/de\/wp-json\/wp\/v2\/product\/78559\/revisions"}],"wp:featuredmedia":[{"embeddable":true,"href":"https:\/\/bikefit.lu\/de\/wp-json\/wp\/v2\/media\/88750"}],"wp:attachment":[{"href":"https:\/\/bikefit.lu\/de\/wp-json\/wp\/v2\/media?parent=78559"}],"wp:term":[{"taxonomy":"product_brand","embeddable":true,"href":"https:\/\/bikefit.lu\/de\/wp-json\/wp\/v2\/product_brand?post=78559"},{"taxonomy":"product_cat","embeddable":true,"href":"https:\/\/bikefit.lu\/de\/wp-json\/wp\/v2\/product_cat?post=78559"},{"taxonomy":"product_tag","embeddable":true,"href":"https:\/\/bikefit.lu\/de\/wp-json\/wp\/v2\/product_tag?post=78559"}],"curies":[{"name":"wp","href":"https:\/\/api.w.org\/{rel}","templated":true}]}}