{"id":78574,"date":"2024-01-25T11:49:44","date_gmt":"2024-01-25T11:49:44","guid":{"rendered":"https:\/\/staging.bikefit.lu\/shop\/unkategorisiert\/bikefit-20-mm-pedalspacer\/"},"modified":"2025-03-11T10:02:46","modified_gmt":"2025-03-11T10:02:46","slug":"bikefit-20-mm-pedalspacer","status":"publish","type":"product","link":"https:\/\/bikefit.lu\/de\/product\/bikefit-20-mm-pedalspacer\/","title":{"rendered":"Bikefit 20mm Pedalspacer (L &amp; R)"},"content":{"rendered":"<p><em>Nicht f\u00fcr die Verwendung mit Carbon-Kurbelarmen geeignet.<\/em><\/p>\n","protected":false},"excerpt":{"rendered":"<p>Diese Pedalabstandshalter aus rostfreiem Stahl werden bei Knien verwendet, die au\u00dferhalb des Pedals laufen, indem sie der Pedalachse L\u00e4nge verleihen. Sie sind so konzipiert, dass sie den Fu\u00df nach au\u00dfen und weg vom Kurbelarm bewegen, um mehr Fu\u00dffreiheit zu schaffen. Dadurch wird die Standbreite f\u00fcr Radfahrer erh\u00f6ht, die Hilfe bei \u00fcberm\u00e4\u00dfigen Zehenabst\u00e4nden, besonders breiten F\u00fc\u00dfen, breiten H\u00fcften oder bei Beschwerden an der Au\u00dfenseite des Knies ben\u00f6tigen.<\/p>\n<p>Diese Pedalspacer funktionieren mit Pedalen, die keine Schl\u00fcsselfl\u00e4chen haben (Pedale werden mit einem 6- oder 8-mm-Inbusschl\u00fcssel am Kurbelarm befestigt) UND mit Pedalen, die Schl\u00fcsselfl\u00e4chen haben.<\/p>\n","protected":false},"featured_media":77276,"comment_status":"closed","ping_status":"closed","template":"","meta":[],"product_brand":[],"product_cat":[4779,4831],"product_tag":[5070,5068,5110,5125,5182,5179,5194],"class_list":{"0":"post-78574","1":"product","2":"type-product","3":"status-publish","4":"has-post-thumbnail","6":"product_cat-hardware-de","7":"product_cat-foot-pedal-interface-de","8":"product_tag-foot-pedal-interface-de","9":"product_tag-hardware-de","10":"product_tag-offroad-de","11":"product_tag-road-de","12":"product_tag-triathlon-de","13":"product_tag-ultra-cycling-de","14":"product_tag-zeitfahren","15":"product_shipping_class-small-items-de","17":"first","18":"instock","19":"taxable","20":"shipping-taxable","21":"purchasable","22":"product-type-simple"},"yoast_head":"<!-- This site is optimized with the Yoast SEO Premium plugin v27.3 (Yoast SEO v27.3) - https:\/\/yoast.com\/product\/yoast-seo-premium-wordpress\/ -->\n<title>Bikefit 20mm Pedalspacer (L &amp; R) - bikefit.lu<\/title>\n<meta name=\"robots\" content=\"index, follow, max-snippet:-1, max-image-preview:large, max-video-preview:-1\" \/>\n<link rel=\"canonical\" href=\"https:\/\/bikefit.lu\/de\/product\/bikefit-20-mm-pedalspacer\/\" \/>\n<meta property=\"og:locale\" content=\"de_DE\" \/>\n<meta property=\"og:type\" content=\"article\" \/>\n<meta property=\"og:title\" content=\"Bikefit 20mm Pedalspacer (L &amp; R)\" \/>\n<meta property=\"og:description\" content=\"Diese Pedalabstandshalter aus rostfreiem Stahl werden bei Knien verwendet, die au\u00dferhalb des Pedals laufen, indem sie der Pedalachse L\u00e4nge verleihen. Sie sind so konzipiert, dass sie den Fu\u00df nach au\u00dfen und weg vom Kurbelarm bewegen, um mehr Fu\u00dffreiheit zu schaffen. Dadurch wird die Standbreite f\u00fcr Radfahrer erh\u00f6ht, die Hilfe bei \u00fcberm\u00e4\u00dfigen Zehenabst\u00e4nden, besonders breiten F\u00fc\u00dfen, breiten H\u00fcften oder bei Beschwerden an der Au\u00dfenseite des Knies ben\u00f6tigen. Diese Pedalspacer funktionieren mit Pedalen, die keine Schl\u00fcsselfl\u00e4chen haben (Pedale werden mit einem 6- oder 8-mm-Inbusschl\u00fcssel am Kurbelarm befestigt) UND mit Pedalen, die Schl\u00fcsselfl\u00e4chen haben.\" \/>\n<meta property=\"og:url\" content=\"https:\/\/bikefit.lu\/de\/product\/bikefit-20-mm-pedalspacer\/\" \/>\n<meta property=\"og:site_name\" content=\"bikefit.lu\" \/>\n<meta property=\"article:modified_time\" content=\"2025-03-11T10:02:46+00:00\" \/>\n<meta property=\"og:image\" content=\"https:\/\/bikefit.lu\/wp-content\/uploads\/2024\/01\/pedalextenderswithadapters-scaled-1.webp\" \/>\n\t<meta property=\"og:image:width\" content=\"2560\" \/>\n\t<meta property=\"og:image:height\" content=\"2560\" \/>\n\t<meta property=\"og:image:type\" content=\"image\/webp\" \/>\n<meta name=\"twitter:card\" content=\"summary_large_image\" \/>\n<meta name=\"twitter:label1\" content=\"Preis\" \/>\n\t<meta name=\"twitter:data1\" content=\"64,90&nbsp;&euro;\" \/>\n\t<meta name=\"twitter:label2\" content=\"Verf\u00fcgbarkeit\" \/>\n\t<meta name=\"twitter:data2\" content=\"Auf Lager\" \/>\n<script type=\"application\/ld+json\" class=\"yoast-schema-graph\">{\"@context\":\"https:\\\/\\\/schema.org\",\"@graph\":[{\"@type\":\"WebPage\",\"@id\":\"https:\\\/\\\/bikefit.lu\\\/de\\\/product\\\/bikefit-20-mm-pedalspacer\\\/\",\"url\":\"https:\\\/\\\/bikefit.lu\\\/de\\\/product\\\/bikefit-20-mm-pedalspacer\\\/\",\"name\":\"Bikefit 20mm Pedalspacer (L &amp; R) - bikefit.lu\",\"isPartOf\":{\"@id\":\"https:\\\/\\\/bikefit.lu\\\/de\\\/#website\"},\"primaryImageOfPage\":{\"@id\":\"https:\\\/\\\/bikefit.lu\\\/de\\\/product\\\/bikefit-20-mm-pedalspacer\\\/#primaryimage\"},\"image\":{\"@id\":\"https:\\\/\\\/bikefit.lu\\\/de\\\/product\\\/bikefit-20-mm-pedalspacer\\\/#primaryimage\"},\"thumbnailUrl\":\"https:\\\/\\\/bikefit.lu\\\/wp-content\\\/uploads\\\/2024\\\/01\\\/pedalextenderswithadapters-scaled-1.webp\",\"datePublished\":\"2024-01-25T11:49:44+00:00\",\"dateModified\":\"2025-03-11T10:02:46+00:00\",\"breadcrumb\":{\"@id\":\"https:\\\/\\\/bikefit.lu\\\/de\\\/product\\\/bikefit-20-mm-pedalspacer\\\/#breadcrumb\"},\"inLanguage\":\"de\",\"potentialAction\":[{\"@type\":\"ReadAction\",\"target\":[\"https:\\\/\\\/bikefit.lu\\\/de\\\/product\\\/bikefit-20-mm-pedalspacer\\\/\"]}]},{\"@type\":\"ImageObject\",\"inLanguage\":\"de\",\"@id\":\"https:\\\/\\\/bikefit.lu\\\/de\\\/product\\\/bikefit-20-mm-pedalspacer\\\/#primaryimage\",\"url\":\"https:\\\/\\\/bikefit.lu\\\/wp-content\\\/uploads\\\/2024\\\/01\\\/pedalextenderswithadapters-scaled-1.webp\",\"contentUrl\":\"https:\\\/\\\/bikefit.lu\\\/wp-content\\\/uploads\\\/2024\\\/01\\\/pedalextenderswithadapters-scaled-1.webp\",\"width\":2560,\"height\":2560},{\"@type\":\"BreadcrumbList\",\"@id\":\"https:\\\/\\\/bikefit.lu\\\/de\\\/product\\\/bikefit-20-mm-pedalspacer\\\/#breadcrumb\",\"itemListElement\":[{\"@type\":\"ListItem\",\"position\":1,\"name\":\"Home\",\"item\":\"https:\\\/\\\/bikefit.lu\\\/de\\\/\"},{\"@type\":\"ListItem\",\"position\":2,\"name\":\"Produkte\",\"item\":\"https:\\\/\\\/bikefit.lu\\\/de\\\/shop\\\/\"},{\"@type\":\"ListItem\",\"position\":3,\"name\":\"Bikefit 20mm Pedalspacer (L &amp; R)\"}]},{\"@type\":\"WebSite\",\"@id\":\"https:\\\/\\\/bikefit.lu\\\/de\\\/#website\",\"url\":\"https:\\\/\\\/bikefit.lu\\\/de\\\/\",\"name\":\"bikefit.lu\",\"description\":\"IMPROVING CYCLING\",\"publisher\":{\"@id\":\"https:\\\/\\\/bikefit.lu\\\/de\\\/#\\\/schema\\\/person\\\/379af1263474d2f8cd1f41c2bd90273d\"},\"potentialAction\":[{\"@type\":\"SearchAction\",\"target\":{\"@type\":\"EntryPoint\",\"urlTemplate\":\"https:\\\/\\\/bikefit.lu\\\/de\\\/?s={search_term_string}\"},\"query-input\":{\"@type\":\"PropertyValueSpecification\",\"valueRequired\":true,\"valueName\":\"search_term_string\"}}],\"inLanguage\":\"de\"},{\"@type\":[\"Person\",\"Organization\"],\"@id\":\"https:\\\/\\\/bikefit.lu\\\/de\\\/#\\\/schema\\\/person\\\/379af1263474d2f8cd1f41c2bd90273d\",\"name\":\"Patrick Guillaume\",\"image\":{\"@type\":\"ImageObject\",\"inLanguage\":\"de\",\"@id\":\"https:\\\/\\\/bikefit.lu\\\/wp-content\\\/uploads\\\/2024\\\/12\\\/cropped-bikefit-logoURL-RGB-jpg.jpg\",\"url\":\"https:\\\/\\\/bikefit.lu\\\/wp-content\\\/uploads\\\/2024\\\/12\\\/cropped-bikefit-logoURL-RGB-jpg.jpg\",\"contentUrl\":\"https:\\\/\\\/bikefit.lu\\\/wp-content\\\/uploads\\\/2024\\\/12\\\/cropped-bikefit-logoURL-RGB-jpg.jpg\",\"width\":512,\"height\":512,\"caption\":\"Patrick Guillaume\"},\"logo\":{\"@id\":\"https:\\\/\\\/bikefit.lu\\\/wp-content\\\/uploads\\\/2024\\\/12\\\/cropped-bikefit-logoURL-RGB-jpg.jpg\"},\"sameAs\":[\"https:\\\/\\\/bikefit.lu\"],\"honorificPrefix\":\"Mr\",\"birthDate\":\"1966-11-18\",\"gender\":\"male\",\"knowsAbout\":[\"Bike-fitting\"],\"knowsLanguage\":[\"English\",\"French\",\"German\",\"Luxembourgish\"]}]}<\/script>\n<meta property=\"product:price:amount\" content=\"64.90\" \/>\n<meta property=\"product:price:currency\" content=\"EUR\" \/>\n<meta property=\"og:availability\" content=\"instock\" \/>\n<meta property=\"product:availability\" content=\"instock\" \/>\n<meta property=\"product:condition\" content=\"new\" \/>\n<!-- \/ Yoast SEO Premium plugin. -->","yoast_head_json":{"title":"Bikefit 20mm Pedalspacer (L &amp; R) - bikefit.lu","robots":{"index":"index","follow":"follow","max-snippet":"max-snippet:-1","max-image-preview":"max-image-preview:large","max-video-preview":"max-video-preview:-1"},"canonical":"https:\/\/bikefit.lu\/de\/product\/bikefit-20-mm-pedalspacer\/","og_locale":"de_DE","og_type":"article","og_title":"Bikefit 20mm Pedalspacer (L &amp; R)","og_description":"Diese Pedalabstandshalter aus rostfreiem Stahl werden bei Knien verwendet, die au\u00dferhalb des Pedals laufen, indem sie der Pedalachse L\u00e4nge verleihen. Sie sind so konzipiert, dass sie den Fu\u00df nach au\u00dfen und weg vom Kurbelarm bewegen, um mehr Fu\u00dffreiheit zu schaffen. Dadurch wird die Standbreite f\u00fcr Radfahrer erh\u00f6ht, die Hilfe bei \u00fcberm\u00e4\u00dfigen Zehenabst\u00e4nden, besonders breiten F\u00fc\u00dfen, breiten H\u00fcften oder bei Beschwerden an der Au\u00dfenseite des Knies ben\u00f6tigen. Diese Pedalspacer funktionieren mit Pedalen, die keine Schl\u00fcsselfl\u00e4chen haben (Pedale werden mit einem 6- oder 8-mm-Inbusschl\u00fcssel am Kurbelarm befestigt) UND mit Pedalen, die Schl\u00fcsselfl\u00e4chen haben.","og_url":"https:\/\/bikefit.lu\/de\/product\/bikefit-20-mm-pedalspacer\/","og_site_name":"bikefit.lu","article_modified_time":"2025-03-11T10:02:46+00:00","og_image":[{"width":2560,"height":2560,"url":"https:\/\/bikefit.lu\/wp-content\/uploads\/2024\/01\/pedalextenderswithadapters-scaled-1.webp","type":"image\/webp"}],"twitter_card":"summary_large_image","twitter_misc":{"Preis":"64,90&nbsp;&euro;","Verf\u00fcgbarkeit":"Auf Lager"},"schema":{"@context":"https:\/\/schema.org","@graph":[{"@type":"WebPage","@id":"https:\/\/bikefit.lu\/de\/product\/bikefit-20-mm-pedalspacer\/","url":"https:\/\/bikefit.lu\/de\/product\/bikefit-20-mm-pedalspacer\/","name":"Bikefit 20mm Pedalspacer (L &amp; R) - bikefit.lu","isPartOf":{"@id":"https:\/\/bikefit.lu\/de\/#website"},"primaryImageOfPage":{"@id":"https:\/\/bikefit.lu\/de\/product\/bikefit-20-mm-pedalspacer\/#primaryimage"},"image":{"@id":"https:\/\/bikefit.lu\/de\/product\/bikefit-20-mm-pedalspacer\/#primaryimage"},"thumbnailUrl":"https:\/\/bikefit.lu\/wp-content\/uploads\/2024\/01\/pedalextenderswithadapters-scaled-1.webp","datePublished":"2024-01-25T11:49:44+00:00","dateModified":"2025-03-11T10:02:46+00:00","breadcrumb":{"@id":"https:\/\/bikefit.lu\/de\/product\/bikefit-20-mm-pedalspacer\/#breadcrumb"},"inLanguage":"de","potentialAction":[{"@type":"ReadAction","target":["https:\/\/bikefit.lu\/de\/product\/bikefit-20-mm-pedalspacer\/"]}]},{"@type":"ImageObject","inLanguage":"de","@id":"https:\/\/bikefit.lu\/de\/product\/bikefit-20-mm-pedalspacer\/#primaryimage","url":"https:\/\/bikefit.lu\/wp-content\/uploads\/2024\/01\/pedalextenderswithadapters-scaled-1.webp","contentUrl":"https:\/\/bikefit.lu\/wp-content\/uploads\/2024\/01\/pedalextenderswithadapters-scaled-1.webp","width":2560,"height":2560},{"@type":"BreadcrumbList","@id":"https:\/\/bikefit.lu\/de\/product\/bikefit-20-mm-pedalspacer\/#breadcrumb","itemListElement":[{"@type":"ListItem","position":1,"name":"Home","item":"https:\/\/bikefit.lu\/de\/"},{"@type":"ListItem","position":2,"name":"Produkte","item":"https:\/\/bikefit.lu\/de\/shop\/"},{"@type":"ListItem","position":3,"name":"Bikefit 20mm Pedalspacer (L &amp; R)"}]},{"@type":"WebSite","@id":"https:\/\/bikefit.lu\/de\/#website","url":"https:\/\/bikefit.lu\/de\/","name":"bikefit.lu","description":"IMPROVING CYCLING","publisher":{"@id":"https:\/\/bikefit.lu\/de\/#\/schema\/person\/379af1263474d2f8cd1f41c2bd90273d"},"potentialAction":[{"@type":"SearchAction","target":{"@type":"EntryPoint","urlTemplate":"https:\/\/bikefit.lu\/de\/?s={search_term_string}"},"query-input":{"@type":"PropertyValueSpecification","valueRequired":true,"valueName":"search_term_string"}}],"inLanguage":"de"},{"@type":["Person","Organization"],"@id":"https:\/\/bikefit.lu\/de\/#\/schema\/person\/379af1263474d2f8cd1f41c2bd90273d","name":"Patrick Guillaume","image":{"@type":"ImageObject","inLanguage":"de","@id":"https:\/\/bikefit.lu\/wp-content\/uploads\/2024\/12\/cropped-bikefit-logoURL-RGB-jpg.jpg","url":"https:\/\/bikefit.lu\/wp-content\/uploads\/2024\/12\/cropped-bikefit-logoURL-RGB-jpg.jpg","contentUrl":"https:\/\/bikefit.lu\/wp-content\/uploads\/2024\/12\/cropped-bikefit-logoURL-RGB-jpg.jpg","width":512,"height":512,"caption":"Patrick Guillaume"},"logo":{"@id":"https:\/\/bikefit.lu\/wp-content\/uploads\/2024\/12\/cropped-bikefit-logoURL-RGB-jpg.jpg"},"sameAs":["https:\/\/bikefit.lu"],"honorificPrefix":"Mr","birthDate":"1966-11-18","gender":"male","knowsAbout":["Bike-fitting"],"knowsLanguage":["English","French","German","Luxembourgish"]}]},"product_price_amount":"64.90","product_price_currency":"EUR","og_availability":"instock","product_availability":"instock","product_condition":"new"},"_links":{"self":[{"href":"https:\/\/bikefit.lu\/de\/wp-json\/wp\/v2\/product\/78574","targetHints":{"allow":["GET"]}}],"collection":[{"href":"https:\/\/bikefit.lu\/de\/wp-json\/wp\/v2\/product"}],"about":[{"href":"https:\/\/bikefit.lu\/de\/wp-json\/wp\/v2\/types\/product"}],"replies":[{"embeddable":true,"href":"https:\/\/bikefit.lu\/de\/wp-json\/wp\/v2\/comments?post=78574"}],"version-history":[{"count":0,"href":"https:\/\/bikefit.lu\/de\/wp-json\/wp\/v2\/product\/78574\/revisions"}],"wp:featuredmedia":[{"embeddable":true,"href":"https:\/\/bikefit.lu\/de\/wp-json\/wp\/v2\/media\/77276"}],"wp:attachment":[{"href":"https:\/\/bikefit.lu\/de\/wp-json\/wp\/v2\/media?parent=78574"}],"wp:term":[{"taxonomy":"product_brand","embeddable":true,"href":"https:\/\/bikefit.lu\/de\/wp-json\/wp\/v2\/product_brand?post=78574"},{"taxonomy":"product_cat","embeddable":true,"href":"https:\/\/bikefit.lu\/de\/wp-json\/wp\/v2\/product_cat?post=78574"},{"taxonomy":"product_tag","embeddable":true,"href":"https:\/\/bikefit.lu\/de\/wp-json\/wp\/v2\/product_tag?post=78574"}],"curies":[{"name":"wp","href":"https:\/\/api.w.org\/{rel}","templated":true}]}}