{"id":78575,"date":"2024-01-25T11:29:57","date_gmt":"2024-01-25T11:29:57","guid":{"rendered":"https:\/\/staging.bikefit.lu\/shop\/unkategorisiert\/ergotec-pedalachsverlaengerungen-18mm\/"},"modified":"2025-04-14T18:55:51","modified_gmt":"2025-04-14T16:55:51","slug":"ergotec-pedalachsverlaengerungen-18mm","status":"publish","type":"product","link":"https:\/\/bikefit.lu\/de\/product\/ergotec-pedalachsverlaengerungen-18mm\/","title":{"rendered":"Ergotec Pedalachsverl\u00e4ngerungen 18mm"},"content":{"rendered":"<hr>\n<h3>Produktmerkmale &#8211; Ergotec Pedalachsenverl\u00e4ngerungen 18 mm<\/h3>\n<ul>\n<li><strong>Gr\u00f6\u00dfe: <\/strong>18 mm<\/li>\n<li><strong>Gewinde: <\/strong>9\/16&#8243;<\/li>\n<\/ul>\n<h3>Material<\/h3>\n<ul>\n<li>Rostfreier Stahl<\/li>\n<\/ul>\n<h3>Farbe<\/h3>\n<ul>\n<li>schwarz<\/li>\n<\/ul>\n<h3>Gewicht<\/h3>\n<ul>\n<li>ca. 78 g<\/li>\n<\/ul>\n<hr>\n<h3>Umfang der Lieferung<\/h3>\n<ul>\n<li>1 Paar ergotec Pedalachsenverl\u00e4ngerungen 18 mm<\/li>\n<\/ul>\n","protected":false},"excerpt":{"rendered":"<p>Die Ergotec-Pedalachsenverl\u00e4ngerung erweitert den Q-Faktor (den Abstand zwischen den beiden Pedalen) der Kurbel um 18 mm.<\/p>\n<p>Achtung! Diese Pedalabstandshalter funktionieren NICHT mit Pedalen, die keine Schl\u00fcsselfl\u00e4chen haben (Pedale werden mit einem 6- oder 8-mm-Inbusschl\u00fcssel am Kurbelarm befestigt). Sie k\u00f6nnen sie zwar montieren, aber nicht mehr von den Pedalen entfernen.<\/p>\n<p><em>Nicht f\u00fcr die Verwendung mit Carbon-Kurbelarmen geeignet.<\/em><\/p>\n","protected":false},"featured_media":77273,"comment_status":"closed","ping_status":"closed","template":"","meta":[],"product_brand":[],"product_cat":[4779,4831],"product_tag":[5207,5070,5110,5125,5182,5179,5194],"class_list":{"0":"post-78575","1":"product","2":"type-product","3":"status-publish","4":"has-post-thumbnail","6":"product_cat-hardware-de","7":"product_cat-foot-pedal-interface-de","8":"product_tag-ergotec-de","9":"product_tag-foot-pedal-interface-de","10":"product_tag-offroad-de","11":"product_tag-road-de","12":"product_tag-triathlon-de","13":"product_tag-ultra-cycling-de","14":"product_tag-zeitfahren","15":"product_shipping_class-small-items-de","17":"first","18":"instock","19":"taxable","20":"shipping-taxable","21":"purchasable","22":"product-type-simple"},"yoast_head":"<!-- This site is optimized with the Yoast SEO Premium plugin v27.3 (Yoast SEO v27.3) - https:\/\/yoast.com\/product\/yoast-seo-premium-wordpress\/ -->\n<title>Ergotec Pedalachsverl\u00e4ngerungen 18mm - bikefit.lu<\/title>\n<meta name=\"robots\" content=\"index, follow, max-snippet:-1, max-image-preview:large, max-video-preview:-1\" \/>\n<link rel=\"canonical\" href=\"https:\/\/bikefit.lu\/de\/product\/ergotec-pedalachsverlaengerungen-18mm\/\" \/>\n<meta property=\"og:locale\" content=\"de_DE\" \/>\n<meta property=\"og:type\" content=\"article\" \/>\n<meta property=\"og:title\" content=\"Ergotec Pedalachsverl\u00e4ngerungen 18mm\" \/>\n<meta property=\"og:description\" content=\"Die Ergotec-Pedalachsenverl\u00e4ngerung erweitert den Q-Faktor (den Abstand zwischen den beiden Pedalen) der Kurbel um 18 mm. Achtung! Diese Pedalabstandshalter funktionieren NICHT mit Pedalen, die keine Schl\u00fcsselfl\u00e4chen haben (Pedale werden mit einem 6- oder 8-mm-Inbusschl\u00fcssel am Kurbelarm befestigt). Sie k\u00f6nnen sie zwar montieren, aber nicht mehr von den Pedalen entfernen. Nicht f\u00fcr die Verwendung mit Carbon-Kurbelarmen geeignet.\" \/>\n<meta property=\"og:url\" content=\"https:\/\/bikefit.lu\/de\/product\/ergotec-pedalachsverlaengerungen-18mm\/\" \/>\n<meta property=\"og:site_name\" content=\"bikefit.lu\" \/>\n<meta property=\"article:modified_time\" content=\"2025-04-14T16:55:51+00:00\" \/>\n<meta property=\"og:image\" content=\"https:\/\/bikefit.lu\/wp-content\/uploads\/2024\/01\/Ergotec.jpg\" \/>\n\t<meta property=\"og:image:width\" content=\"800\" \/>\n\t<meta property=\"og:image:height\" content=\"800\" \/>\n\t<meta property=\"og:image:type\" content=\"image\/jpeg\" \/>\n<meta name=\"twitter:card\" content=\"summary_large_image\" \/>\n<meta name=\"twitter:label1\" content=\"Preis\" \/>\n\t<meta name=\"twitter:data1\" content=\"47,00&nbsp;&euro;\" \/>\n\t<meta name=\"twitter:label2\" content=\"Verf\u00fcgbarkeit\" \/>\n\t<meta name=\"twitter:data2\" content=\"Auf Lager\" \/>\n<script type=\"application\/ld+json\" class=\"yoast-schema-graph\">{\"@context\":\"https:\\\/\\\/schema.org\",\"@graph\":[{\"@type\":\"WebPage\",\"@id\":\"https:\\\/\\\/bikefit.lu\\\/de\\\/product\\\/ergotec-pedalachsverlaengerungen-18mm\\\/\",\"url\":\"https:\\\/\\\/bikefit.lu\\\/de\\\/product\\\/ergotec-pedalachsverlaengerungen-18mm\\\/\",\"name\":\"Ergotec Pedalachsverl\u00e4ngerungen 18mm - bikefit.lu\",\"isPartOf\":{\"@id\":\"https:\\\/\\\/bikefit.lu\\\/de\\\/#website\"},\"primaryImageOfPage\":{\"@id\":\"https:\\\/\\\/bikefit.lu\\\/de\\\/product\\\/ergotec-pedalachsverlaengerungen-18mm\\\/#primaryimage\"},\"image\":{\"@id\":\"https:\\\/\\\/bikefit.lu\\\/de\\\/product\\\/ergotec-pedalachsverlaengerungen-18mm\\\/#primaryimage\"},\"thumbnailUrl\":\"https:\\\/\\\/bikefit.lu\\\/wp-content\\\/uploads\\\/2024\\\/01\\\/Ergotec.jpg\",\"datePublished\":\"2024-01-25T11:29:57+00:00\",\"dateModified\":\"2025-04-14T16:55:51+00:00\",\"breadcrumb\":{\"@id\":\"https:\\\/\\\/bikefit.lu\\\/de\\\/product\\\/ergotec-pedalachsverlaengerungen-18mm\\\/#breadcrumb\"},\"inLanguage\":\"de\",\"potentialAction\":[{\"@type\":\"ReadAction\",\"target\":[\"https:\\\/\\\/bikefit.lu\\\/de\\\/product\\\/ergotec-pedalachsverlaengerungen-18mm\\\/\"]}]},{\"@type\":\"ImageObject\",\"inLanguage\":\"de\",\"@id\":\"https:\\\/\\\/bikefit.lu\\\/de\\\/product\\\/ergotec-pedalachsverlaengerungen-18mm\\\/#primaryimage\",\"url\":\"https:\\\/\\\/bikefit.lu\\\/wp-content\\\/uploads\\\/2024\\\/01\\\/Ergotec.jpg\",\"contentUrl\":\"https:\\\/\\\/bikefit.lu\\\/wp-content\\\/uploads\\\/2024\\\/01\\\/Ergotec.jpg\",\"width\":800,\"height\":800},{\"@type\":\"BreadcrumbList\",\"@id\":\"https:\\\/\\\/bikefit.lu\\\/de\\\/product\\\/ergotec-pedalachsverlaengerungen-18mm\\\/#breadcrumb\",\"itemListElement\":[{\"@type\":\"ListItem\",\"position\":1,\"name\":\"Home\",\"item\":\"https:\\\/\\\/bikefit.lu\\\/de\\\/\"},{\"@type\":\"ListItem\",\"position\":2,\"name\":\"Produkte\",\"item\":\"https:\\\/\\\/bikefit.lu\\\/de\\\/shop\\\/\"},{\"@type\":\"ListItem\",\"position\":3,\"name\":\"Ergotec Pedalachsverl\u00e4ngerungen 18mm\"}]},{\"@type\":\"WebSite\",\"@id\":\"https:\\\/\\\/bikefit.lu\\\/de\\\/#website\",\"url\":\"https:\\\/\\\/bikefit.lu\\\/de\\\/\",\"name\":\"bikefit.lu\",\"description\":\"IMPROVING CYCLING\",\"publisher\":{\"@id\":\"https:\\\/\\\/bikefit.lu\\\/de\\\/#\\\/schema\\\/person\\\/379af1263474d2f8cd1f41c2bd90273d\"},\"potentialAction\":[{\"@type\":\"SearchAction\",\"target\":{\"@type\":\"EntryPoint\",\"urlTemplate\":\"https:\\\/\\\/bikefit.lu\\\/de\\\/?s={search_term_string}\"},\"query-input\":{\"@type\":\"PropertyValueSpecification\",\"valueRequired\":true,\"valueName\":\"search_term_string\"}}],\"inLanguage\":\"de\"},{\"@type\":[\"Person\",\"Organization\"],\"@id\":\"https:\\\/\\\/bikefit.lu\\\/de\\\/#\\\/schema\\\/person\\\/379af1263474d2f8cd1f41c2bd90273d\",\"name\":\"Patrick Guillaume\",\"image\":{\"@type\":\"ImageObject\",\"inLanguage\":\"de\",\"@id\":\"https:\\\/\\\/bikefit.lu\\\/wp-content\\\/uploads\\\/2024\\\/12\\\/cropped-bikefit-logoURL-RGB-jpg.jpg\",\"url\":\"https:\\\/\\\/bikefit.lu\\\/wp-content\\\/uploads\\\/2024\\\/12\\\/cropped-bikefit-logoURL-RGB-jpg.jpg\",\"contentUrl\":\"https:\\\/\\\/bikefit.lu\\\/wp-content\\\/uploads\\\/2024\\\/12\\\/cropped-bikefit-logoURL-RGB-jpg.jpg\",\"width\":512,\"height\":512,\"caption\":\"Patrick Guillaume\"},\"logo\":{\"@id\":\"https:\\\/\\\/bikefit.lu\\\/wp-content\\\/uploads\\\/2024\\\/12\\\/cropped-bikefit-logoURL-RGB-jpg.jpg\"},\"sameAs\":[\"https:\\\/\\\/bikefit.lu\"],\"honorificPrefix\":\"Mr\",\"birthDate\":\"1966-11-18\",\"gender\":\"male\",\"knowsAbout\":[\"Bike-fitting\"],\"knowsLanguage\":[\"English\",\"French\",\"German\",\"Luxembourgish\"]}]}<\/script>\n<meta property=\"product:price:amount\" content=\"47.00\" \/>\n<meta property=\"product:price:currency\" content=\"EUR\" \/>\n<meta property=\"og:availability\" content=\"instock\" \/>\n<meta property=\"product:availability\" content=\"instock\" \/>\n<meta property=\"product:condition\" content=\"new\" \/>\n<!-- \/ Yoast SEO Premium plugin. -->","yoast_head_json":{"title":"Ergotec Pedalachsverl\u00e4ngerungen 18mm - bikefit.lu","robots":{"index":"index","follow":"follow","max-snippet":"max-snippet:-1","max-image-preview":"max-image-preview:large","max-video-preview":"max-video-preview:-1"},"canonical":"https:\/\/bikefit.lu\/de\/product\/ergotec-pedalachsverlaengerungen-18mm\/","og_locale":"de_DE","og_type":"article","og_title":"Ergotec Pedalachsverl\u00e4ngerungen 18mm","og_description":"Die Ergotec-Pedalachsenverl\u00e4ngerung erweitert den Q-Faktor (den Abstand zwischen den beiden Pedalen) der Kurbel um 18 mm. Achtung! Diese Pedalabstandshalter funktionieren NICHT mit Pedalen, die keine Schl\u00fcsselfl\u00e4chen haben (Pedale werden mit einem 6- oder 8-mm-Inbusschl\u00fcssel am Kurbelarm befestigt). Sie k\u00f6nnen sie zwar montieren, aber nicht mehr von den Pedalen entfernen. Nicht f\u00fcr die Verwendung mit Carbon-Kurbelarmen geeignet.","og_url":"https:\/\/bikefit.lu\/de\/product\/ergotec-pedalachsverlaengerungen-18mm\/","og_site_name":"bikefit.lu","article_modified_time":"2025-04-14T16:55:51+00:00","og_image":[{"width":800,"height":800,"url":"https:\/\/bikefit.lu\/wp-content\/uploads\/2024\/01\/Ergotec.jpg","type":"image\/jpeg"}],"twitter_card":"summary_large_image","twitter_misc":{"Preis":"47,00&nbsp;&euro;","Verf\u00fcgbarkeit":"Auf Lager"},"schema":{"@context":"https:\/\/schema.org","@graph":[{"@type":"WebPage","@id":"https:\/\/bikefit.lu\/de\/product\/ergotec-pedalachsverlaengerungen-18mm\/","url":"https:\/\/bikefit.lu\/de\/product\/ergotec-pedalachsverlaengerungen-18mm\/","name":"Ergotec Pedalachsverl\u00e4ngerungen 18mm - bikefit.lu","isPartOf":{"@id":"https:\/\/bikefit.lu\/de\/#website"},"primaryImageOfPage":{"@id":"https:\/\/bikefit.lu\/de\/product\/ergotec-pedalachsverlaengerungen-18mm\/#primaryimage"},"image":{"@id":"https:\/\/bikefit.lu\/de\/product\/ergotec-pedalachsverlaengerungen-18mm\/#primaryimage"},"thumbnailUrl":"https:\/\/bikefit.lu\/wp-content\/uploads\/2024\/01\/Ergotec.jpg","datePublished":"2024-01-25T11:29:57+00:00","dateModified":"2025-04-14T16:55:51+00:00","breadcrumb":{"@id":"https:\/\/bikefit.lu\/de\/product\/ergotec-pedalachsverlaengerungen-18mm\/#breadcrumb"},"inLanguage":"de","potentialAction":[{"@type":"ReadAction","target":["https:\/\/bikefit.lu\/de\/product\/ergotec-pedalachsverlaengerungen-18mm\/"]}]},{"@type":"ImageObject","inLanguage":"de","@id":"https:\/\/bikefit.lu\/de\/product\/ergotec-pedalachsverlaengerungen-18mm\/#primaryimage","url":"https:\/\/bikefit.lu\/wp-content\/uploads\/2024\/01\/Ergotec.jpg","contentUrl":"https:\/\/bikefit.lu\/wp-content\/uploads\/2024\/01\/Ergotec.jpg","width":800,"height":800},{"@type":"BreadcrumbList","@id":"https:\/\/bikefit.lu\/de\/product\/ergotec-pedalachsverlaengerungen-18mm\/#breadcrumb","itemListElement":[{"@type":"ListItem","position":1,"name":"Home","item":"https:\/\/bikefit.lu\/de\/"},{"@type":"ListItem","position":2,"name":"Produkte","item":"https:\/\/bikefit.lu\/de\/shop\/"},{"@type":"ListItem","position":3,"name":"Ergotec Pedalachsverl\u00e4ngerungen 18mm"}]},{"@type":"WebSite","@id":"https:\/\/bikefit.lu\/de\/#website","url":"https:\/\/bikefit.lu\/de\/","name":"bikefit.lu","description":"IMPROVING CYCLING","publisher":{"@id":"https:\/\/bikefit.lu\/de\/#\/schema\/person\/379af1263474d2f8cd1f41c2bd90273d"},"potentialAction":[{"@type":"SearchAction","target":{"@type":"EntryPoint","urlTemplate":"https:\/\/bikefit.lu\/de\/?s={search_term_string}"},"query-input":{"@type":"PropertyValueSpecification","valueRequired":true,"valueName":"search_term_string"}}],"inLanguage":"de"},{"@type":["Person","Organization"],"@id":"https:\/\/bikefit.lu\/de\/#\/schema\/person\/379af1263474d2f8cd1f41c2bd90273d","name":"Patrick Guillaume","image":{"@type":"ImageObject","inLanguage":"de","@id":"https:\/\/bikefit.lu\/wp-content\/uploads\/2024\/12\/cropped-bikefit-logoURL-RGB-jpg.jpg","url":"https:\/\/bikefit.lu\/wp-content\/uploads\/2024\/12\/cropped-bikefit-logoURL-RGB-jpg.jpg","contentUrl":"https:\/\/bikefit.lu\/wp-content\/uploads\/2024\/12\/cropped-bikefit-logoURL-RGB-jpg.jpg","width":512,"height":512,"caption":"Patrick Guillaume"},"logo":{"@id":"https:\/\/bikefit.lu\/wp-content\/uploads\/2024\/12\/cropped-bikefit-logoURL-RGB-jpg.jpg"},"sameAs":["https:\/\/bikefit.lu"],"honorificPrefix":"Mr","birthDate":"1966-11-18","gender":"male","knowsAbout":["Bike-fitting"],"knowsLanguage":["English","French","German","Luxembourgish"]}]},"product_price_amount":"47.00","product_price_currency":"EUR","og_availability":"instock","product_availability":"instock","product_condition":"new"},"_links":{"self":[{"href":"https:\/\/bikefit.lu\/de\/wp-json\/wp\/v2\/product\/78575","targetHints":{"allow":["GET"]}}],"collection":[{"href":"https:\/\/bikefit.lu\/de\/wp-json\/wp\/v2\/product"}],"about":[{"href":"https:\/\/bikefit.lu\/de\/wp-json\/wp\/v2\/types\/product"}],"replies":[{"embeddable":true,"href":"https:\/\/bikefit.lu\/de\/wp-json\/wp\/v2\/comments?post=78575"}],"version-history":[{"count":0,"href":"https:\/\/bikefit.lu\/de\/wp-json\/wp\/v2\/product\/78575\/revisions"}],"wp:featuredmedia":[{"embeddable":true,"href":"https:\/\/bikefit.lu\/de\/wp-json\/wp\/v2\/media\/77273"}],"wp:attachment":[{"href":"https:\/\/bikefit.lu\/de\/wp-json\/wp\/v2\/media?parent=78575"}],"wp:term":[{"taxonomy":"product_brand","embeddable":true,"href":"https:\/\/bikefit.lu\/de\/wp-json\/wp\/v2\/product_brand?post=78575"},{"taxonomy":"product_cat","embeddable":true,"href":"https:\/\/bikefit.lu\/de\/wp-json\/wp\/v2\/product_cat?post=78575"},{"taxonomy":"product_tag","embeddable":true,"href":"https:\/\/bikefit.lu\/de\/wp-json\/wp\/v2\/product_tag?post=78575"}],"curies":[{"name":"wp","href":"https:\/\/api.w.org\/{rel}","templated":true}]}}