{"id":78620,"date":"2022-02-11T05:54:05","date_gmt":"2022-02-11T05:54:05","guid":{"rendered":"https:\/\/staging.bikefit.lu\/shop\/unkategorisiert\/cleat-schrauben-fuer-shimano-spd-sl-look-kompatibel\/"},"modified":"2025-04-22T16:47:59","modified_gmt":"2025-04-22T14:47:59","slug":"cleat-schrauben-fuer-shimano-spd-sl-look-kompatibel","status":"publish","type":"product","link":"https:\/\/bikefit.lu\/de\/product\/cleat-schrauben-fuer-shimano-spd-sl-look-kompatibel\/","title":{"rendered":"Cleat-Schrauben f\u00fcr Shimano SPD-SL &amp; Look kompatibel"},"content":{"rendered":"<p>Wenn Sie Keile oder Unterlegscheiben hinzuf\u00fcgen, m\u00fcssen Sie die Originalschrauben gegen l\u00e4ngere Schrauben austauschen. Die mit den Cleats gelieferten Originalschrauben sind 8 mm lang.<\/p>\n<p>&nbsp;<\/p>\n","protected":false},"excerpt":{"rendered":"<p>M5-Schrauben aus Stahl der G\u00fcteklasse 10.9 mit einem 4mm-Innensechskantschl\u00fcssel. Erh\u00e4ltlich in verschiedenen L\u00e4ngen, um die Verwendung mit unterschiedlichen Unterlegscheiben\/Keilstapelh\u00f6hen zu erleichtern. Bitte beachten Sie die L\u00e4ngenangaben. Sie k\u00f6nnen sie auch herunterladen.<\/p>\n<p>&nbsp;<\/p>\n","protected":false},"featured_media":88446,"comment_status":"closed","ping_status":"closed","template":"","meta":[],"product_brand":[],"product_cat":[4779,4831,4786],"product_tag":[5045,5068,5079,5125,5156],"class_list":{"0":"post-78620","1":"product","2":"type-product","3":"status-publish","4":"has-post-thumbnail","6":"product_cat-hardware-de","7":"product_cat-foot-pedal-interface-de","8":"product_cat-road-de","9":"product_tag-cleat-screws-de","10":"product_tag-hardware-de","11":"product_tag-look-de","12":"product_tag-road-de","13":"product_tag-shimano-de","14":"product_shipping_class-format-s-de","16":"first","17":"instock","18":"taxable","19":"shipping-taxable","20":"purchasable","21":"product-type-variable"},"yoast_head":"<!-- This site is optimized with the Yoast SEO Premium plugin v27.4 (Yoast SEO v27.4) - https:\/\/yoast.com\/product\/yoast-seo-premium-wordpress\/ -->\n<title>Cleat-Schrauben f\u00fcr Shimano SPD-SL &amp; Look kompatibel - bikefit.lu<\/title>\n<meta name=\"robots\" content=\"index, follow, max-snippet:-1, max-image-preview:large, max-video-preview:-1\" \/>\n<link rel=\"canonical\" href=\"https:\/\/bikefit.lu\/de\/product\/cleat-schrauben-fuer-shimano-spd-sl-look-kompatibel\/\" \/>\n<meta property=\"og:locale\" content=\"de_DE\" \/>\n<meta property=\"og:type\" content=\"article\" \/>\n<meta property=\"og:title\" content=\"Cleat-Schrauben f\u00fcr Shimano SPD-SL &amp; Look kompatibel\" \/>\n<meta property=\"og:description\" content=\"M5-Schrauben aus Stahl der G\u00fcteklasse 10.9 mit einem 4mm-Innensechskantschl\u00fcssel. Erh\u00e4ltlich in verschiedenen L\u00e4ngen, um die Verwendung mit unterschiedlichen Unterlegscheiben\/Keilstapelh\u00f6hen zu erleichtern. Bitte beachten Sie die L\u00e4ngenangaben. Sie k\u00f6nnen sie auch herunterladen. &nbsp;\" \/>\n<meta property=\"og:url\" content=\"https:\/\/bikefit.lu\/de\/product\/cleat-schrauben-fuer-shimano-spd-sl-look-kompatibel\/\" \/>\n<meta property=\"og:site_name\" content=\"bikefit.lu\" \/>\n<meta property=\"article:modified_time\" content=\"2025-04-22T14:47:59+00:00\" \/>\n<meta property=\"og:image\" content=\"https:\/\/bikefit.lu\/wp-content\/uploads\/2022\/02\/screw-universal-flanged-low-res.webp\" \/>\n\t<meta property=\"og:image:width\" content=\"1024\" \/>\n\t<meta property=\"og:image:height\" content=\"1024\" \/>\n\t<meta property=\"og:image:type\" content=\"image\/webp\" \/>\n<meta name=\"twitter:card\" content=\"summary_large_image\" \/>\n<meta name=\"twitter:label1\" content=\"Verf\u00fcgbarkeit\" \/>\n\t<meta name=\"twitter:data1\" content=\"Auf Lager\" \/>\n<script type=\"application\/ld+json\" class=\"yoast-schema-graph\">{\"@context\":\"https:\\\/\\\/schema.org\",\"@graph\":[{\"@type\":\"WebPage\",\"@id\":\"https:\\\/\\\/bikefit.lu\\\/de\\\/product\\\/cleat-schrauben-fuer-shimano-spd-sl-look-kompatibel\\\/\",\"url\":\"https:\\\/\\\/bikefit.lu\\\/de\\\/product\\\/cleat-schrauben-fuer-shimano-spd-sl-look-kompatibel\\\/\",\"name\":\"Cleat-Schrauben f\u00fcr Shimano SPD-SL &amp; Look kompatibel - bikefit.lu\",\"isPartOf\":{\"@id\":\"https:\\\/\\\/bikefit.lu\\\/de\\\/#website\"},\"primaryImageOfPage\":{\"@id\":\"https:\\\/\\\/bikefit.lu\\\/de\\\/product\\\/cleat-schrauben-fuer-shimano-spd-sl-look-kompatibel\\\/#primaryimage\"},\"image\":{\"@id\":\"https:\\\/\\\/bikefit.lu\\\/de\\\/product\\\/cleat-schrauben-fuer-shimano-spd-sl-look-kompatibel\\\/#primaryimage\"},\"thumbnailUrl\":\"https:\\\/\\\/bikefit.lu\\\/wp-content\\\/uploads\\\/2022\\\/02\\\/screw-universal-flanged-low-res.webp\",\"datePublished\":\"2022-02-11T05:54:05+00:00\",\"dateModified\":\"2025-04-22T14:47:59+00:00\",\"breadcrumb\":{\"@id\":\"https:\\\/\\\/bikefit.lu\\\/de\\\/product\\\/cleat-schrauben-fuer-shimano-spd-sl-look-kompatibel\\\/#breadcrumb\"},\"inLanguage\":\"de\",\"potentialAction\":[{\"@type\":\"ReadAction\",\"target\":[\"https:\\\/\\\/bikefit.lu\\\/de\\\/product\\\/cleat-schrauben-fuer-shimano-spd-sl-look-kompatibel\\\/\"]}]},{\"@type\":\"ImageObject\",\"inLanguage\":\"de\",\"@id\":\"https:\\\/\\\/bikefit.lu\\\/de\\\/product\\\/cleat-schrauben-fuer-shimano-spd-sl-look-kompatibel\\\/#primaryimage\",\"url\":\"https:\\\/\\\/bikefit.lu\\\/wp-content\\\/uploads\\\/2022\\\/02\\\/screw-universal-flanged-low-res.webp\",\"contentUrl\":\"https:\\\/\\\/bikefit.lu\\\/wp-content\\\/uploads\\\/2022\\\/02\\\/screw-universal-flanged-low-res.webp\",\"width\":1024,\"height\":1024},{\"@type\":\"BreadcrumbList\",\"@id\":\"https:\\\/\\\/bikefit.lu\\\/de\\\/product\\\/cleat-schrauben-fuer-shimano-spd-sl-look-kompatibel\\\/#breadcrumb\",\"itemListElement\":[{\"@type\":\"ListItem\",\"position\":1,\"name\":\"Home\",\"item\":\"https:\\\/\\\/bikefit.lu\\\/de\\\/\"},{\"@type\":\"ListItem\",\"position\":2,\"name\":\"Produkte\",\"item\":\"https:\\\/\\\/bikefit.lu\\\/de\\\/shop\\\/\"},{\"@type\":\"ListItem\",\"position\":3,\"name\":\"Cleat-Schrauben f\u00fcr Shimano SPD-SL &amp; Look kompatibel\"}]},{\"@type\":\"WebSite\",\"@id\":\"https:\\\/\\\/bikefit.lu\\\/de\\\/#website\",\"url\":\"https:\\\/\\\/bikefit.lu\\\/de\\\/\",\"name\":\"bikefit.lu\",\"description\":\"IMPROVING CYCLING\",\"publisher\":{\"@id\":\"https:\\\/\\\/bikefit.lu\\\/de\\\/#\\\/schema\\\/person\\\/379af1263474d2f8cd1f41c2bd90273d\"},\"potentialAction\":[{\"@type\":\"SearchAction\",\"target\":{\"@type\":\"EntryPoint\",\"urlTemplate\":\"https:\\\/\\\/bikefit.lu\\\/de\\\/?s={search_term_string}\"},\"query-input\":{\"@type\":\"PropertyValueSpecification\",\"valueRequired\":true,\"valueName\":\"search_term_string\"}}],\"inLanguage\":\"de\"},{\"@type\":[\"Person\",\"Organization\"],\"@id\":\"https:\\\/\\\/bikefit.lu\\\/de\\\/#\\\/schema\\\/person\\\/379af1263474d2f8cd1f41c2bd90273d\",\"name\":\"Patrick Guillaume\",\"image\":{\"@type\":\"ImageObject\",\"inLanguage\":\"de\",\"@id\":\"https:\\\/\\\/bikefit.lu\\\/wp-content\\\/uploads\\\/2024\\\/12\\\/cropped-bikefit-logoURL-RGB-jpg.jpg\",\"url\":\"https:\\\/\\\/bikefit.lu\\\/wp-content\\\/uploads\\\/2024\\\/12\\\/cropped-bikefit-logoURL-RGB-jpg.jpg\",\"contentUrl\":\"https:\\\/\\\/bikefit.lu\\\/wp-content\\\/uploads\\\/2024\\\/12\\\/cropped-bikefit-logoURL-RGB-jpg.jpg\",\"width\":512,\"height\":512,\"caption\":\"Patrick Guillaume\"},\"logo\":{\"@id\":\"https:\\\/\\\/bikefit.lu\\\/wp-content\\\/uploads\\\/2024\\\/12\\\/cropped-bikefit-logoURL-RGB-jpg.jpg\"},\"sameAs\":[\"https:\\\/\\\/bikefit.lu\"],\"honorificPrefix\":\"Mr\",\"birthDate\":\"1966-11-18\",\"gender\":\"male\",\"knowsAbout\":[\"Bike-fitting\"],\"knowsLanguage\":[\"English\",\"French\",\"German\",\"Luxembourgish\"]}]}<\/script>\n<meta property=\"og:availability\" content=\"instock\" \/>\n<meta property=\"product:availability\" content=\"instock\" \/>\n<meta property=\"product:condition\" content=\"new\" \/>\n<!-- \/ Yoast SEO Premium plugin. -->","yoast_head_json":{"title":"Cleat-Schrauben f\u00fcr Shimano SPD-SL &amp; Look kompatibel - bikefit.lu","robots":{"index":"index","follow":"follow","max-snippet":"max-snippet:-1","max-image-preview":"max-image-preview:large","max-video-preview":"max-video-preview:-1"},"canonical":"https:\/\/bikefit.lu\/de\/product\/cleat-schrauben-fuer-shimano-spd-sl-look-kompatibel\/","og_locale":"de_DE","og_type":"article","og_title":"Cleat-Schrauben f\u00fcr Shimano SPD-SL &amp; Look kompatibel","og_description":"M5-Schrauben aus Stahl der G\u00fcteklasse 10.9 mit einem 4mm-Innensechskantschl\u00fcssel. Erh\u00e4ltlich in verschiedenen L\u00e4ngen, um die Verwendung mit unterschiedlichen Unterlegscheiben\/Keilstapelh\u00f6hen zu erleichtern. Bitte beachten Sie die L\u00e4ngenangaben. Sie k\u00f6nnen sie auch herunterladen. &nbsp;","og_url":"https:\/\/bikefit.lu\/de\/product\/cleat-schrauben-fuer-shimano-spd-sl-look-kompatibel\/","og_site_name":"bikefit.lu","article_modified_time":"2025-04-22T14:47:59+00:00","og_image":[{"width":1024,"height":1024,"url":"https:\/\/bikefit.lu\/wp-content\/uploads\/2022\/02\/screw-universal-flanged-low-res.webp","type":"image\/webp"}],"twitter_card":"summary_large_image","twitter_misc":{"Verf\u00fcgbarkeit":"Auf Lager"},"schema":{"@context":"https:\/\/schema.org","@graph":[{"@type":"WebPage","@id":"https:\/\/bikefit.lu\/de\/product\/cleat-schrauben-fuer-shimano-spd-sl-look-kompatibel\/","url":"https:\/\/bikefit.lu\/de\/product\/cleat-schrauben-fuer-shimano-spd-sl-look-kompatibel\/","name":"Cleat-Schrauben f\u00fcr Shimano SPD-SL &amp; Look kompatibel - bikefit.lu","isPartOf":{"@id":"https:\/\/bikefit.lu\/de\/#website"},"primaryImageOfPage":{"@id":"https:\/\/bikefit.lu\/de\/product\/cleat-schrauben-fuer-shimano-spd-sl-look-kompatibel\/#primaryimage"},"image":{"@id":"https:\/\/bikefit.lu\/de\/product\/cleat-schrauben-fuer-shimano-spd-sl-look-kompatibel\/#primaryimage"},"thumbnailUrl":"https:\/\/bikefit.lu\/wp-content\/uploads\/2022\/02\/screw-universal-flanged-low-res.webp","datePublished":"2022-02-11T05:54:05+00:00","dateModified":"2025-04-22T14:47:59+00:00","breadcrumb":{"@id":"https:\/\/bikefit.lu\/de\/product\/cleat-schrauben-fuer-shimano-spd-sl-look-kompatibel\/#breadcrumb"},"inLanguage":"de","potentialAction":[{"@type":"ReadAction","target":["https:\/\/bikefit.lu\/de\/product\/cleat-schrauben-fuer-shimano-spd-sl-look-kompatibel\/"]}]},{"@type":"ImageObject","inLanguage":"de","@id":"https:\/\/bikefit.lu\/de\/product\/cleat-schrauben-fuer-shimano-spd-sl-look-kompatibel\/#primaryimage","url":"https:\/\/bikefit.lu\/wp-content\/uploads\/2022\/02\/screw-universal-flanged-low-res.webp","contentUrl":"https:\/\/bikefit.lu\/wp-content\/uploads\/2022\/02\/screw-universal-flanged-low-res.webp","width":1024,"height":1024},{"@type":"BreadcrumbList","@id":"https:\/\/bikefit.lu\/de\/product\/cleat-schrauben-fuer-shimano-spd-sl-look-kompatibel\/#breadcrumb","itemListElement":[{"@type":"ListItem","position":1,"name":"Home","item":"https:\/\/bikefit.lu\/de\/"},{"@type":"ListItem","position":2,"name":"Produkte","item":"https:\/\/bikefit.lu\/de\/shop\/"},{"@type":"ListItem","position":3,"name":"Cleat-Schrauben f\u00fcr Shimano SPD-SL &amp; Look kompatibel"}]},{"@type":"WebSite","@id":"https:\/\/bikefit.lu\/de\/#website","url":"https:\/\/bikefit.lu\/de\/","name":"bikefit.lu","description":"IMPROVING CYCLING","publisher":{"@id":"https:\/\/bikefit.lu\/de\/#\/schema\/person\/379af1263474d2f8cd1f41c2bd90273d"},"potentialAction":[{"@type":"SearchAction","target":{"@type":"EntryPoint","urlTemplate":"https:\/\/bikefit.lu\/de\/?s={search_term_string}"},"query-input":{"@type":"PropertyValueSpecification","valueRequired":true,"valueName":"search_term_string"}}],"inLanguage":"de"},{"@type":["Person","Organization"],"@id":"https:\/\/bikefit.lu\/de\/#\/schema\/person\/379af1263474d2f8cd1f41c2bd90273d","name":"Patrick Guillaume","image":{"@type":"ImageObject","inLanguage":"de","@id":"https:\/\/bikefit.lu\/wp-content\/uploads\/2024\/12\/cropped-bikefit-logoURL-RGB-jpg.jpg","url":"https:\/\/bikefit.lu\/wp-content\/uploads\/2024\/12\/cropped-bikefit-logoURL-RGB-jpg.jpg","contentUrl":"https:\/\/bikefit.lu\/wp-content\/uploads\/2024\/12\/cropped-bikefit-logoURL-RGB-jpg.jpg","width":512,"height":512,"caption":"Patrick Guillaume"},"logo":{"@id":"https:\/\/bikefit.lu\/wp-content\/uploads\/2024\/12\/cropped-bikefit-logoURL-RGB-jpg.jpg"},"sameAs":["https:\/\/bikefit.lu"],"honorificPrefix":"Mr","birthDate":"1966-11-18","gender":"male","knowsAbout":["Bike-fitting"],"knowsLanguage":["English","French","German","Luxembourgish"]}]},"og_availability":"instock","product_availability":"instock","product_condition":"new"},"_links":{"self":[{"href":"https:\/\/bikefit.lu\/de\/wp-json\/wp\/v2\/product\/78620","targetHints":{"allow":["GET"]}}],"collection":[{"href":"https:\/\/bikefit.lu\/de\/wp-json\/wp\/v2\/product"}],"about":[{"href":"https:\/\/bikefit.lu\/de\/wp-json\/wp\/v2\/types\/product"}],"replies":[{"embeddable":true,"href":"https:\/\/bikefit.lu\/de\/wp-json\/wp\/v2\/comments?post=78620"}],"version-history":[{"count":0,"href":"https:\/\/bikefit.lu\/de\/wp-json\/wp\/v2\/product\/78620\/revisions"}],"wp:featuredmedia":[{"embeddable":true,"href":"https:\/\/bikefit.lu\/de\/wp-json\/wp\/v2\/media\/88446"}],"wp:attachment":[{"href":"https:\/\/bikefit.lu\/de\/wp-json\/wp\/v2\/media?parent=78620"}],"wp:term":[{"taxonomy":"product_brand","embeddable":true,"href":"https:\/\/bikefit.lu\/de\/wp-json\/wp\/v2\/product_brand?post=78620"},{"taxonomy":"product_cat","embeddable":true,"href":"https:\/\/bikefit.lu\/de\/wp-json\/wp\/v2\/product_cat?post=78620"},{"taxonomy":"product_tag","embeddable":true,"href":"https:\/\/bikefit.lu\/de\/wp-json\/wp\/v2\/product_tag?post=78620"}],"curies":[{"name":"wp","href":"https:\/\/api.w.org\/{rel}","templated":true}]}}