{"id":78773,"date":"2021-02-04T21:28:40","date_gmt":"2021-02-04T21:28:40","guid":{"rendered":"https:\/\/staging.bikefit.lu\/shop\/unkategorisiert\/shimano-sm-sh56\/"},"modified":"2025-04-22T12:26:45","modified_gmt":"2025-04-22T10:26:45","slug":"shimano-sm-sh56","status":"publish","type":"product","link":"https:\/\/bikefit.lu\/de\/product\/shimano-sm-sh56\/","title":{"rendered":"Shimano SM-SH56"},"content":{"rendered":"<p><strong><span style=\"font-size: 12pt; font-family: arial, helvetica, sans-serif;\"><span class=\"manufacturer\">Shimano<\/span> SPD SM-SH56 MTB-Pedalplatten<\/span><\/strong><\/p>\n<p><span style=\"font-size: 12pt; font-family: arial, helvetica, sans-serif;\">Shimano Schuhplatten SM-SH56 mit Multi-Release &#8211; Passend f\u00fcr alle Shimano SPD-Pedale au\u00dfer PD-M858.<br \/>\n<\/span><span style=\"font-size: 12pt; font-family: arial, helvetica, sans-serif;\">Das Aussteigen aus dem Pedal ist nicht nur durch Drehen des Fu\u00dfes nach links oder rechts m\u00f6glich, sondern auch durch Abziehen nach oben.<\/span><\/p>\n<hr>\n<p><strong><span style=\"font-size: 12pt; font-family: arial, helvetica, sans-serif;\">Produktmerkmale<\/span><\/strong><\/p>\n<p><span style=\"font-size: 12pt; font-family: arial, helvetica, sans-serif;\">Modell: SM-SH56<br \/>\n<\/span><span style=\"font-size: 12pt; font-family: arial, helvetica, sans-serif;\">Pedal-System: SPD<br \/>\n<\/span><span style=\"font-size: 12pt; font-family: arial, helvetica, sans-serif;\">Ausl\u00f6sung: Multi-Release Gibt die Schuhplatte durch Rollen oder Drehen der Ferse in mehrere Richtungen frei<\/span><\/p>\n<p>&nbsp;<\/p>\n<p><strong><span style=\"font-size: 12pt; font-family: arial, helvetica, sans-serif;\">Kompatibilit\u00e4t<\/span><\/strong><\/p>\n<p><span style=\"font-size: 12pt; font-family: arial, helvetica, sans-serif;\">Alle SPD-Schuhe\/Pedale <em>(nicht kompatibel mit PD-M858)<\/em><\/span><\/p>\n<p>&nbsp;<\/p>\n<p><strong><span style=\"font-size: 12pt; font-family: arial, helvetica, sans-serif;\"><br \/>\nUmfang der Lieferung<\/span><\/strong><\/p>\n<p><span style=\"font-size: 12pt; font-family: arial, helvetica, sans-serif;\">1 Paar Shimano SPD SM-SH56 MTB-Pedalplatten<\/span><\/p>\n","protected":false},"excerpt":{"rendered":"<p><strong><span style=\"font-size: 12pt;\">SPD &#8211; SHIMANO PEDALING DYNAMICS<\/span><\/strong><\/p>\n<p><span style=\"font-size: 12pt;\"><strong>Auf\/ab dem Fahrrad<\/strong><\/span><br \/>\n<span style=\"font-size: 12pt;\">SPD ist ein System, das sowohl beim Auf- als auch beim Absteigen vom Fahrrad funktioniert. Es macht das Treten mit einer Vielzahl von Schuh- und Pedalmodellen effizienter und die versenkte Schuhplatte macht das Gehen bequemer. Mit dem SPD-System k\u00f6nnen Sie effizienter, stabiler und komfortabler in die Pedale treten.<\/span><\/p>\n<p><span style=\"font-size: 12pt;\"><strong>Komfort f\u00fcr den Spaziergang<\/strong><\/span><br \/>\n<span style=\"font-size: 12pt;\">SHIMANO hat SPD erfunden, um die Bed\u00fcrfnisse eines wachsenden Lebensstils zu erf\u00fcllen, der sich MTB und immer mehr Gravel nennt. Durch die Abschaffung der Zehenklammern und die Integration von Pedal und Au\u00dfensohle in ein einziges, einheitliches Kraft\u00fcbertragungssystem hat SHIMANO die Branche ver\u00e4ndert; nicht nur die Kraft\u00fcbertragung auf das Pedal, sondern auch die Kontrolle des Fahrers bei immer abenteuerlicheren Fahrstilen wurde verbessert. Heute gibt es nicht mehr den einen MTB-Stil und auch nicht das eine SPD-Pedal, das dazu passt. Die Landschaft ist vielf\u00e4ltig, von rasanten XC-Rennen bis hin zu steilen, felsigen, nassen, verwurzelten und schlammigen Trails. Die SHIMANO SPD-Pedale halten mit. Das Erbe der Zuverl\u00e4ssigkeit, Verl\u00e4sslichkeit und schieren Ausdauer wird fortgesetzt, w\u00e4hrend sich das Design der Schuhpedale weiterentwickelt, um die Anforderungen Ihres pers\u00f6nlichen Fahrstils zu erf\u00fcllen. Systemtechnisch entwickelt. Rider- Tuned. Sie w\u00e4hlen.<\/span><\/p>\n","protected":false},"featured_media":88737,"comment_status":"closed","ping_status":"closed","template":"","meta":[],"product_brand":[],"product_cat":[4827,4831,4782,4843],"product_tag":[5039,5110,5156],"class_list":{"0":"post-78773","1":"product","2":"type-product","3":"status-publish","4":"has-post-thumbnail","6":"product_cat-cleats","7":"product_cat-foot-pedal-interface-de","8":"product_cat-offroad-de-2","9":"product_cat-offroad-cleats-de","10":"product_tag-cleats-de","11":"product_tag-offroad-de","12":"product_tag-shimano-de","13":"product_shipping_class-format-s-de","15":"first","16":"instock","17":"taxable","18":"shipping-taxable","19":"purchasable","20":"product-type-simple"},"yoast_head":"<!-- This site is optimized with the Yoast SEO Premium plugin v27.3 (Yoast SEO v27.3) - https:\/\/yoast.com\/product\/yoast-seo-premium-wordpress\/ -->\n<title>Shimano SM-SH56 - bikefit.lu<\/title>\n<meta name=\"robots\" content=\"index, follow, max-snippet:-1, max-image-preview:large, max-video-preview:-1\" \/>\n<link rel=\"canonical\" href=\"https:\/\/bikefit.lu\/de\/product\/shimano-sm-sh56\/\" \/>\n<meta property=\"og:locale\" content=\"de_DE\" \/>\n<meta property=\"og:type\" content=\"article\" \/>\n<meta property=\"og:title\" content=\"Shimano SM-SH56\" \/>\n<meta property=\"og:description\" content=\"SPD - SHIMANO PEDALING DYNAMICS Auf\/ab dem Fahrrad SPD ist ein System, das sowohl beim Auf- als auch beim Absteigen vom Fahrrad funktioniert. Es macht das Treten mit einer Vielzahl von Schuh- und Pedalmodellen effizienter und die versenkte Schuhplatte macht das Gehen bequemer. Mit dem SPD-System k\u00f6nnen Sie effizienter, stabiler und komfortabler in die Pedale treten. Komfort f\u00fcr den Spaziergang SHIMANO hat SPD erfunden, um die Bed\u00fcrfnisse eines wachsenden Lebensstils zu erf\u00fcllen, der sich MTB und immer mehr Gravel nennt. Durch die Abschaffung der Zehenklammern und die Integration von Pedal und Au\u00dfensohle in ein einziges, einheitliches Kraft\u00fcbertragungssystem hat SHIMANO die Branche ver\u00e4ndert; nicht nur die Kraft\u00fcbertragung auf das Pedal, sondern auch die Kontrolle des Fahrers bei immer abenteuerlicheren Fahrstilen wurde verbessert. Heute gibt es nicht mehr den einen MTB-Stil und auch nicht das eine SPD-Pedal, das dazu passt. Die Landschaft ist vielf\u00e4ltig, von rasanten XC-Rennen bis hin zu steilen, felsigen, nassen, verwurzelten und schlammigen Trails. Die SHIMANO SPD-Pedale halten mit. Das Erbe der Zuverl\u00e4ssigkeit, Verl\u00e4sslichkeit und schieren Ausdauer wird fortgesetzt, w\u00e4hrend sich das Design der Schuhpedale weiterentwickelt, um die Anforderungen Ihres pers\u00f6nlichen Fahrstils zu erf\u00fcllen. Systemtechnisch entwickelt. Rider- Tuned. Sie w\u00e4hlen.\" \/>\n<meta property=\"og:url\" content=\"https:\/\/bikefit.lu\/de\/product\/shimano-sm-sh56\/\" \/>\n<meta property=\"og:site_name\" content=\"bikefit.lu\" \/>\n<meta property=\"article:modified_time\" content=\"2025-04-22T10:26:45+00:00\" \/>\n<meta property=\"og:image\" content=\"https:\/\/bikefit.lu\/wp-content\/uploads\/2021\/02\/Shimano-SM-SH56-MTB-SPD-Pedal-Cleats-Y41S98100_b.jpg\" \/>\n\t<meta property=\"og:image:width\" content=\"1000\" \/>\n\t<meta property=\"og:image:height\" content=\"887\" \/>\n\t<meta property=\"og:image:type\" content=\"image\/jpeg\" \/>\n<meta name=\"twitter:card\" content=\"summary_large_image\" \/>\n<meta name=\"twitter:label1\" content=\"Preis\" \/>\n\t<meta name=\"twitter:data1\" content=\"14,99&nbsp;&euro;\" \/>\n\t<meta name=\"twitter:label2\" content=\"Verf\u00fcgbarkeit\" \/>\n\t<meta name=\"twitter:data2\" content=\"Auf Lager\" \/>\n<script type=\"application\/ld+json\" class=\"yoast-schema-graph\">{\"@context\":\"https:\\\/\\\/schema.org\",\"@graph\":[{\"@type\":\"WebPage\",\"@id\":\"https:\\\/\\\/bikefit.lu\\\/de\\\/product\\\/shimano-sm-sh56\\\/\",\"url\":\"https:\\\/\\\/bikefit.lu\\\/de\\\/product\\\/shimano-sm-sh56\\\/\",\"name\":\"Shimano SM-SH56 - bikefit.lu\",\"isPartOf\":{\"@id\":\"https:\\\/\\\/bikefit.lu\\\/de\\\/#website\"},\"primaryImageOfPage\":{\"@id\":\"https:\\\/\\\/bikefit.lu\\\/de\\\/product\\\/shimano-sm-sh56\\\/#primaryimage\"},\"image\":{\"@id\":\"https:\\\/\\\/bikefit.lu\\\/de\\\/product\\\/shimano-sm-sh56\\\/#primaryimage\"},\"thumbnailUrl\":\"https:\\\/\\\/bikefit.lu\\\/wp-content\\\/uploads\\\/2021\\\/02\\\/Shimano-SM-SH56-MTB-SPD-Pedal-Cleats-Y41S98100_b.jpg\",\"datePublished\":\"2021-02-04T21:28:40+00:00\",\"dateModified\":\"2025-04-22T10:26:45+00:00\",\"breadcrumb\":{\"@id\":\"https:\\\/\\\/bikefit.lu\\\/de\\\/product\\\/shimano-sm-sh56\\\/#breadcrumb\"},\"inLanguage\":\"de\",\"potentialAction\":[{\"@type\":\"ReadAction\",\"target\":[\"https:\\\/\\\/bikefit.lu\\\/de\\\/product\\\/shimano-sm-sh56\\\/\"]}]},{\"@type\":\"ImageObject\",\"inLanguage\":\"de\",\"@id\":\"https:\\\/\\\/bikefit.lu\\\/de\\\/product\\\/shimano-sm-sh56\\\/#primaryimage\",\"url\":\"https:\\\/\\\/bikefit.lu\\\/wp-content\\\/uploads\\\/2021\\\/02\\\/Shimano-SM-SH56-MTB-SPD-Pedal-Cleats-Y41S98100_b.jpg\",\"contentUrl\":\"https:\\\/\\\/bikefit.lu\\\/wp-content\\\/uploads\\\/2021\\\/02\\\/Shimano-SM-SH56-MTB-SPD-Pedal-Cleats-Y41S98100_b.jpg\",\"width\":1000,\"height\":887},{\"@type\":\"BreadcrumbList\",\"@id\":\"https:\\\/\\\/bikefit.lu\\\/de\\\/product\\\/shimano-sm-sh56\\\/#breadcrumb\",\"itemListElement\":[{\"@type\":\"ListItem\",\"position\":1,\"name\":\"Home\",\"item\":\"https:\\\/\\\/bikefit.lu\\\/de\\\/\"},{\"@type\":\"ListItem\",\"position\":2,\"name\":\"Produkte\",\"item\":\"https:\\\/\\\/bikefit.lu\\\/de\\\/shop\\\/\"},{\"@type\":\"ListItem\",\"position\":3,\"name\":\"Shimano SM-SH56\"}]},{\"@type\":\"WebSite\",\"@id\":\"https:\\\/\\\/bikefit.lu\\\/de\\\/#website\",\"url\":\"https:\\\/\\\/bikefit.lu\\\/de\\\/\",\"name\":\"bikefit.lu\",\"description\":\"IMPROVING CYCLING\",\"publisher\":{\"@id\":\"https:\\\/\\\/bikefit.lu\\\/de\\\/#\\\/schema\\\/person\\\/379af1263474d2f8cd1f41c2bd90273d\"},\"potentialAction\":[{\"@type\":\"SearchAction\",\"target\":{\"@type\":\"EntryPoint\",\"urlTemplate\":\"https:\\\/\\\/bikefit.lu\\\/de\\\/?s={search_term_string}\"},\"query-input\":{\"@type\":\"PropertyValueSpecification\",\"valueRequired\":true,\"valueName\":\"search_term_string\"}}],\"inLanguage\":\"de\"},{\"@type\":[\"Person\",\"Organization\"],\"@id\":\"https:\\\/\\\/bikefit.lu\\\/de\\\/#\\\/schema\\\/person\\\/379af1263474d2f8cd1f41c2bd90273d\",\"name\":\"Patrick Guillaume\",\"image\":{\"@type\":\"ImageObject\",\"inLanguage\":\"de\",\"@id\":\"https:\\\/\\\/bikefit.lu\\\/wp-content\\\/uploads\\\/2024\\\/12\\\/cropped-bikefit-logoURL-RGB-jpg.jpg\",\"url\":\"https:\\\/\\\/bikefit.lu\\\/wp-content\\\/uploads\\\/2024\\\/12\\\/cropped-bikefit-logoURL-RGB-jpg.jpg\",\"contentUrl\":\"https:\\\/\\\/bikefit.lu\\\/wp-content\\\/uploads\\\/2024\\\/12\\\/cropped-bikefit-logoURL-RGB-jpg.jpg\",\"width\":512,\"height\":512,\"caption\":\"Patrick Guillaume\"},\"logo\":{\"@id\":\"https:\\\/\\\/bikefit.lu\\\/wp-content\\\/uploads\\\/2024\\\/12\\\/cropped-bikefit-logoURL-RGB-jpg.jpg\"},\"sameAs\":[\"https:\\\/\\\/bikefit.lu\"],\"honorificPrefix\":\"Mr\",\"birthDate\":\"1966-11-18\",\"gender\":\"male\",\"knowsAbout\":[\"Bike-fitting\"],\"knowsLanguage\":[\"English\",\"French\",\"German\",\"Luxembourgish\"]}]}<\/script>\n<meta property=\"product:price:amount\" content=\"14.99\" \/>\n<meta property=\"product:price:currency\" content=\"EUR\" \/>\n<meta property=\"og:availability\" content=\"instock\" \/>\n<meta property=\"product:availability\" content=\"instock\" \/>\n<meta property=\"product:condition\" content=\"new\" \/>\n<!-- \/ Yoast SEO Premium plugin. -->","yoast_head_json":{"title":"Shimano SM-SH56 - bikefit.lu","robots":{"index":"index","follow":"follow","max-snippet":"max-snippet:-1","max-image-preview":"max-image-preview:large","max-video-preview":"max-video-preview:-1"},"canonical":"https:\/\/bikefit.lu\/de\/product\/shimano-sm-sh56\/","og_locale":"de_DE","og_type":"article","og_title":"Shimano SM-SH56","og_description":"SPD - SHIMANO PEDALING DYNAMICS Auf\/ab dem Fahrrad SPD ist ein System, das sowohl beim Auf- als auch beim Absteigen vom Fahrrad funktioniert. Es macht das Treten mit einer Vielzahl von Schuh- und Pedalmodellen effizienter und die versenkte Schuhplatte macht das Gehen bequemer. Mit dem SPD-System k\u00f6nnen Sie effizienter, stabiler und komfortabler in die Pedale treten. Komfort f\u00fcr den Spaziergang SHIMANO hat SPD erfunden, um die Bed\u00fcrfnisse eines wachsenden Lebensstils zu erf\u00fcllen, der sich MTB und immer mehr Gravel nennt. Durch die Abschaffung der Zehenklammern und die Integration von Pedal und Au\u00dfensohle in ein einziges, einheitliches Kraft\u00fcbertragungssystem hat SHIMANO die Branche ver\u00e4ndert; nicht nur die Kraft\u00fcbertragung auf das Pedal, sondern auch die Kontrolle des Fahrers bei immer abenteuerlicheren Fahrstilen wurde verbessert. Heute gibt es nicht mehr den einen MTB-Stil und auch nicht das eine SPD-Pedal, das dazu passt. Die Landschaft ist vielf\u00e4ltig, von rasanten XC-Rennen bis hin zu steilen, felsigen, nassen, verwurzelten und schlammigen Trails. Die SHIMANO SPD-Pedale halten mit. Das Erbe der Zuverl\u00e4ssigkeit, Verl\u00e4sslichkeit und schieren Ausdauer wird fortgesetzt, w\u00e4hrend sich das Design der Schuhpedale weiterentwickelt, um die Anforderungen Ihres pers\u00f6nlichen Fahrstils zu erf\u00fcllen. Systemtechnisch entwickelt. Rider- Tuned. Sie w\u00e4hlen.","og_url":"https:\/\/bikefit.lu\/de\/product\/shimano-sm-sh56\/","og_site_name":"bikefit.lu","article_modified_time":"2025-04-22T10:26:45+00:00","og_image":[{"width":1000,"height":887,"url":"https:\/\/bikefit.lu\/wp-content\/uploads\/2021\/02\/Shimano-SM-SH56-MTB-SPD-Pedal-Cleats-Y41S98100_b.jpg","type":"image\/jpeg"}],"twitter_card":"summary_large_image","twitter_misc":{"Preis":"14,99&nbsp;&euro;","Verf\u00fcgbarkeit":"Auf Lager"},"schema":{"@context":"https:\/\/schema.org","@graph":[{"@type":"WebPage","@id":"https:\/\/bikefit.lu\/de\/product\/shimano-sm-sh56\/","url":"https:\/\/bikefit.lu\/de\/product\/shimano-sm-sh56\/","name":"Shimano SM-SH56 - bikefit.lu","isPartOf":{"@id":"https:\/\/bikefit.lu\/de\/#website"},"primaryImageOfPage":{"@id":"https:\/\/bikefit.lu\/de\/product\/shimano-sm-sh56\/#primaryimage"},"image":{"@id":"https:\/\/bikefit.lu\/de\/product\/shimano-sm-sh56\/#primaryimage"},"thumbnailUrl":"https:\/\/bikefit.lu\/wp-content\/uploads\/2021\/02\/Shimano-SM-SH56-MTB-SPD-Pedal-Cleats-Y41S98100_b.jpg","datePublished":"2021-02-04T21:28:40+00:00","dateModified":"2025-04-22T10:26:45+00:00","breadcrumb":{"@id":"https:\/\/bikefit.lu\/de\/product\/shimano-sm-sh56\/#breadcrumb"},"inLanguage":"de","potentialAction":[{"@type":"ReadAction","target":["https:\/\/bikefit.lu\/de\/product\/shimano-sm-sh56\/"]}]},{"@type":"ImageObject","inLanguage":"de","@id":"https:\/\/bikefit.lu\/de\/product\/shimano-sm-sh56\/#primaryimage","url":"https:\/\/bikefit.lu\/wp-content\/uploads\/2021\/02\/Shimano-SM-SH56-MTB-SPD-Pedal-Cleats-Y41S98100_b.jpg","contentUrl":"https:\/\/bikefit.lu\/wp-content\/uploads\/2021\/02\/Shimano-SM-SH56-MTB-SPD-Pedal-Cleats-Y41S98100_b.jpg","width":1000,"height":887},{"@type":"BreadcrumbList","@id":"https:\/\/bikefit.lu\/de\/product\/shimano-sm-sh56\/#breadcrumb","itemListElement":[{"@type":"ListItem","position":1,"name":"Home","item":"https:\/\/bikefit.lu\/de\/"},{"@type":"ListItem","position":2,"name":"Produkte","item":"https:\/\/bikefit.lu\/de\/shop\/"},{"@type":"ListItem","position":3,"name":"Shimano SM-SH56"}]},{"@type":"WebSite","@id":"https:\/\/bikefit.lu\/de\/#website","url":"https:\/\/bikefit.lu\/de\/","name":"bikefit.lu","description":"IMPROVING CYCLING","publisher":{"@id":"https:\/\/bikefit.lu\/de\/#\/schema\/person\/379af1263474d2f8cd1f41c2bd90273d"},"potentialAction":[{"@type":"SearchAction","target":{"@type":"EntryPoint","urlTemplate":"https:\/\/bikefit.lu\/de\/?s={search_term_string}"},"query-input":{"@type":"PropertyValueSpecification","valueRequired":true,"valueName":"search_term_string"}}],"inLanguage":"de"},{"@type":["Person","Organization"],"@id":"https:\/\/bikefit.lu\/de\/#\/schema\/person\/379af1263474d2f8cd1f41c2bd90273d","name":"Patrick Guillaume","image":{"@type":"ImageObject","inLanguage":"de","@id":"https:\/\/bikefit.lu\/wp-content\/uploads\/2024\/12\/cropped-bikefit-logoURL-RGB-jpg.jpg","url":"https:\/\/bikefit.lu\/wp-content\/uploads\/2024\/12\/cropped-bikefit-logoURL-RGB-jpg.jpg","contentUrl":"https:\/\/bikefit.lu\/wp-content\/uploads\/2024\/12\/cropped-bikefit-logoURL-RGB-jpg.jpg","width":512,"height":512,"caption":"Patrick Guillaume"},"logo":{"@id":"https:\/\/bikefit.lu\/wp-content\/uploads\/2024\/12\/cropped-bikefit-logoURL-RGB-jpg.jpg"},"sameAs":["https:\/\/bikefit.lu"],"honorificPrefix":"Mr","birthDate":"1966-11-18","gender":"male","knowsAbout":["Bike-fitting"],"knowsLanguage":["English","French","German","Luxembourgish"]}]},"product_price_amount":"14.99","product_price_currency":"EUR","og_availability":"instock","product_availability":"instock","product_condition":"new"},"_links":{"self":[{"href":"https:\/\/bikefit.lu\/de\/wp-json\/wp\/v2\/product\/78773","targetHints":{"allow":["GET"]}}],"collection":[{"href":"https:\/\/bikefit.lu\/de\/wp-json\/wp\/v2\/product"}],"about":[{"href":"https:\/\/bikefit.lu\/de\/wp-json\/wp\/v2\/types\/product"}],"replies":[{"embeddable":true,"href":"https:\/\/bikefit.lu\/de\/wp-json\/wp\/v2\/comments?post=78773"}],"version-history":[{"count":0,"href":"https:\/\/bikefit.lu\/de\/wp-json\/wp\/v2\/product\/78773\/revisions"}],"wp:featuredmedia":[{"embeddable":true,"href":"https:\/\/bikefit.lu\/de\/wp-json\/wp\/v2\/media\/88737"}],"wp:attachment":[{"href":"https:\/\/bikefit.lu\/de\/wp-json\/wp\/v2\/media?parent=78773"}],"wp:term":[{"taxonomy":"product_brand","embeddable":true,"href":"https:\/\/bikefit.lu\/de\/wp-json\/wp\/v2\/product_brand?post=78773"},{"taxonomy":"product_cat","embeddable":true,"href":"https:\/\/bikefit.lu\/de\/wp-json\/wp\/v2\/product_cat?post=78773"},{"taxonomy":"product_tag","embeddable":true,"href":"https:\/\/bikefit.lu\/de\/wp-json\/wp\/v2\/product_tag?post=78773"}],"curies":[{"name":"wp","href":"https:\/\/api.w.org\/{rel}","templated":true}]}}