{"id":78774,"date":"2021-02-04T19:56:36","date_gmt":"2021-02-04T19:56:36","guid":{"rendered":"https:\/\/staging.bikefit.lu\/shop\/unkategorisiert\/shimano-sm-sh51\/"},"modified":"2025-04-22T17:39:48","modified_gmt":"2025-04-22T15:39:48","slug":"shimano-sm-sh51","status":"publish","type":"product","link":"https:\/\/bikefit.lu\/de\/product\/shimano-sm-sh51\/","title":{"rendered":"Shimano SM-SH51"},"content":{"rendered":"<p><strong><span style=\"font-family: arial, helvetica, sans-serif; font-size: 12pt;\"><span class=\"manufacturer\">Shimano<\/span> SPD SM-SH51 MTB-Pedalplatten<\/span><\/strong><\/p>\n<p><span style=\"font-family: arial, helvetica, sans-serif; font-size: 12pt;\">Shimano Schuhplatten SM-SH51 mit einseitiger Ausl\u00f6sung &#8211; Passend f\u00fcr alle Shimano SPD-Pedale au\u00dfer PD-M858.<br \/>\n<\/span><span style=\"font-family: arial, helvetica, sans-serif; font-size: 12pt;\">L\u00f6sen Sie die Schuhplatten von den Pedalen, indem Sie Ihre Fersen nach au\u00dfen drehen.<\/span><\/p>\n<hr>\n<p><strong><span style=\"font-family: arial, helvetica, sans-serif; font-size: 12pt;\">Produktmerkmale<\/span><\/strong><\/p>\n<p><span style=\"font-family: arial, helvetica, sans-serif; font-size: 12pt;\">Modell: SM-SH51<br \/>\n<\/span><span style=\"font-family: arial, helvetica, sans-serif; font-size: 12pt;\">Pedal-System: SPD<br \/>\n<\/span><span style=\"font-family: arial, helvetica, sans-serif; font-size: 12pt;\">Ausl\u00f6sung: Einzelausl\u00f6sung &#8211; l\u00f6st die Schuhplatte durch Drehen der Ferse nach au\u00dfen<\/span><\/p>\n<p>&nbsp;<\/p>\n<p><strong><span style=\"font-family: arial, helvetica, sans-serif; font-size: 12pt;\">Kompatibilit\u00e4t<\/span><\/strong><\/p>\n<p><span style=\"font-family: arial, helvetica, sans-serif; font-size: 12pt;\">Alle SPD-Schuhe\/Pedale <em>(nicht kompatibel mit PD-M858)<\/em><\/span><\/p>\n<p><strong><span style=\"font-family: arial, helvetica, sans-serif; font-size: 12pt;\"><br \/>\nUmfang der Lieferung<\/span><\/strong><\/p>\n<p><span style=\"font-family: arial, helvetica, sans-serif; font-size: 12pt;\">1 Paar Shimano SPD SM-SH51 MTB-Pedalplatten<\/span><\/p>\n","protected":false},"excerpt":{"rendered":"<p><strong><span style=\"font-size: 12pt;\">SPD &#8211; SHIMANO PEDALING DYNAMICS<\/span><\/strong><\/p>\n<p><span style=\"font-size: 12pt;\"><strong>Auf\/ab dem Fahrrad<\/strong><\/span><br \/>\n<span style=\"font-size: 12pt;\">SPD ist ein System, das sowohl beim Auf- als auch beim Absteigen vom Fahrrad funktioniert. Es macht das Treten mit einer Vielzahl von Schuh- und Pedalmodellen effizienter und die versenkte Schuhplatte macht das Gehen bequemer. Mit dem SPD-System k\u00f6nnen Sie effizienter, stabiler und komfortabler in die Pedale treten.<\/span><\/p>\n<p><span style=\"font-size: 12pt;\"><strong>Komfort f\u00fcr den Spaziergang<\/strong><\/span><br \/>\n<span style=\"font-size: 12pt;\">SHIMANO hat SPD erfunden, um die Bed\u00fcrfnisse eines wachsenden Lebensstils zu erf\u00fcllen, der sich MTB und immer mehr Gravel nennt. Durch die Abschaffung der Zehenklammern und die Integration von Pedal und Au\u00dfensohle in ein einziges, einheitliches Kraft\u00fcbertragungssystem hat SHIMANO die Branche ver\u00e4ndert; nicht nur die Kraft\u00fcbertragung auf das Pedal, sondern auch die Kontrolle des Fahrers bei immer abenteuerlicheren Fahrstilen wurde verbessert. Heute gibt es nicht mehr den einen MTB-Stil und auch nicht das eine SPD-Pedal, das dazu passt. Die Landschaft ist vielf\u00e4ltig, von rasanten XC-Rennen bis hin zu steilen, felsigen, nassen, verwurzelten und schlammigen Trails. Die SHIMANO SPD-Pedale halten mit. Das Erbe der Zuverl\u00e4ssigkeit, Verl\u00e4sslichkeit und schieren Ausdauer wird fortgesetzt, w\u00e4hrend sich das Design der Schuhpedale weiterentwickelt, um die Anforderungen Ihres pers\u00f6nlichen Fahrstils zu erf\u00fcllen. Systemtechnisch entwickelt. Rider- Tuned. Sie w\u00e4hlen.<\/span><\/p>\n","protected":false},"featured_media":88729,"comment_status":"closed","ping_status":"closed","template":"","meta":[],"product_brand":[],"product_cat":[4827,4831,4782,4843],"product_tag":[5039,5110,5156],"class_list":{"0":"post-78774","1":"product","2":"type-product","3":"status-publish","4":"has-post-thumbnail","6":"product_cat-cleats","7":"product_cat-foot-pedal-interface-de","8":"product_cat-offroad-de-2","9":"product_cat-offroad-cleats-de","10":"product_tag-cleats-de","11":"product_tag-offroad-de","12":"product_tag-shimano-de","13":"product_shipping_class-format-s-de","15":"first","16":"instock","17":"taxable","18":"shipping-taxable","19":"purchasable","20":"product-type-simple"},"yoast_head":"<!-- This site is optimized with the Yoast SEO Premium plugin v27.3 (Yoast SEO v27.3) - https:\/\/yoast.com\/product\/yoast-seo-premium-wordpress\/ -->\n<title>Shimano SM-SH51 - bikefit.lu<\/title>\n<meta name=\"robots\" content=\"index, follow, max-snippet:-1, max-image-preview:large, max-video-preview:-1\" \/>\n<link rel=\"canonical\" href=\"https:\/\/bikefit.lu\/de\/product\/shimano-sm-sh51\/\" \/>\n<meta property=\"og:locale\" content=\"de_DE\" \/>\n<meta property=\"og:type\" content=\"article\" \/>\n<meta property=\"og:title\" content=\"Shimano SM-SH51\" \/>\n<meta property=\"og:description\" content=\"SPD - SHIMANO PEDALING DYNAMICS Auf\/ab dem Fahrrad SPD ist ein System, das sowohl beim Auf- als auch beim Absteigen vom Fahrrad funktioniert. Es macht das Treten mit einer Vielzahl von Schuh- und Pedalmodellen effizienter und die versenkte Schuhplatte macht das Gehen bequemer. Mit dem SPD-System k\u00f6nnen Sie effizienter, stabiler und komfortabler in die Pedale treten. Komfort f\u00fcr den Spaziergang SHIMANO hat SPD erfunden, um die Bed\u00fcrfnisse eines wachsenden Lebensstils zu erf\u00fcllen, der sich MTB und immer mehr Gravel nennt. Durch die Abschaffung der Zehenklammern und die Integration von Pedal und Au\u00dfensohle in ein einziges, einheitliches Kraft\u00fcbertragungssystem hat SHIMANO die Branche ver\u00e4ndert; nicht nur die Kraft\u00fcbertragung auf das Pedal, sondern auch die Kontrolle des Fahrers bei immer abenteuerlicheren Fahrstilen wurde verbessert. Heute gibt es nicht mehr den einen MTB-Stil und auch nicht das eine SPD-Pedal, das dazu passt. Die Landschaft ist vielf\u00e4ltig, von rasanten XC-Rennen bis hin zu steilen, felsigen, nassen, verwurzelten und schlammigen Trails. Die SHIMANO SPD-Pedale halten mit. Das Erbe der Zuverl\u00e4ssigkeit, Verl\u00e4sslichkeit und schieren Ausdauer wird fortgesetzt, w\u00e4hrend sich das Design der Schuhpedale weiterentwickelt, um die Anforderungen Ihres pers\u00f6nlichen Fahrstils zu erf\u00fcllen. Systemtechnisch entwickelt. Rider- Tuned. Sie w\u00e4hlen.\" \/>\n<meta property=\"og:url\" content=\"https:\/\/bikefit.lu\/de\/product\/shimano-sm-sh51\/\" \/>\n<meta property=\"og:site_name\" content=\"bikefit.lu\" \/>\n<meta property=\"article:modified_time\" content=\"2025-04-22T15:39:48+00:00\" \/>\n<meta property=\"og:image\" content=\"https:\/\/bikefit.lu\/wp-content\/uploads\/2021\/02\/Shimano-SM-SH51-MTB-SPD-Pedal-Cleats-Y42498201_bUFUNb4VUxBOSb_800x800.jpg\" \/>\n\t<meta property=\"og:image:width\" content=\"800\" \/>\n\t<meta property=\"og:image:height\" content=\"703\" \/>\n\t<meta property=\"og:image:type\" content=\"image\/jpeg\" \/>\n<meta name=\"twitter:card\" content=\"summary_large_image\" \/>\n<meta name=\"twitter:label1\" content=\"Preis\" \/>\n\t<meta name=\"twitter:data1\" content=\"14,99&nbsp;&euro;\" \/>\n\t<meta name=\"twitter:label2\" content=\"Verf\u00fcgbarkeit\" \/>\n\t<meta name=\"twitter:data2\" content=\"Auf Lager\" \/>\n<script type=\"application\/ld+json\" class=\"yoast-schema-graph\">{\"@context\":\"https:\\\/\\\/schema.org\",\"@graph\":[{\"@type\":\"WebPage\",\"@id\":\"https:\\\/\\\/bikefit.lu\\\/de\\\/product\\\/shimano-sm-sh51\\\/\",\"url\":\"https:\\\/\\\/bikefit.lu\\\/de\\\/product\\\/shimano-sm-sh51\\\/\",\"name\":\"Shimano SM-SH51 - bikefit.lu\",\"isPartOf\":{\"@id\":\"https:\\\/\\\/bikefit.lu\\\/de\\\/#website\"},\"primaryImageOfPage\":{\"@id\":\"https:\\\/\\\/bikefit.lu\\\/de\\\/product\\\/shimano-sm-sh51\\\/#primaryimage\"},\"image\":{\"@id\":\"https:\\\/\\\/bikefit.lu\\\/de\\\/product\\\/shimano-sm-sh51\\\/#primaryimage\"},\"thumbnailUrl\":\"https:\\\/\\\/bikefit.lu\\\/wp-content\\\/uploads\\\/2021\\\/02\\\/Shimano-SM-SH51-MTB-SPD-Pedal-Cleats-Y42498201_bUFUNb4VUxBOSb_800x800.jpg\",\"datePublished\":\"2021-02-04T19:56:36+00:00\",\"dateModified\":\"2025-04-22T15:39:48+00:00\",\"breadcrumb\":{\"@id\":\"https:\\\/\\\/bikefit.lu\\\/de\\\/product\\\/shimano-sm-sh51\\\/#breadcrumb\"},\"inLanguage\":\"de\",\"potentialAction\":[{\"@type\":\"ReadAction\",\"target\":[\"https:\\\/\\\/bikefit.lu\\\/de\\\/product\\\/shimano-sm-sh51\\\/\"]}]},{\"@type\":\"ImageObject\",\"inLanguage\":\"de\",\"@id\":\"https:\\\/\\\/bikefit.lu\\\/de\\\/product\\\/shimano-sm-sh51\\\/#primaryimage\",\"url\":\"https:\\\/\\\/bikefit.lu\\\/wp-content\\\/uploads\\\/2021\\\/02\\\/Shimano-SM-SH51-MTB-SPD-Pedal-Cleats-Y42498201_bUFUNb4VUxBOSb_800x800.jpg\",\"contentUrl\":\"https:\\\/\\\/bikefit.lu\\\/wp-content\\\/uploads\\\/2021\\\/02\\\/Shimano-SM-SH51-MTB-SPD-Pedal-Cleats-Y42498201_bUFUNb4VUxBOSb_800x800.jpg\",\"width\":800,\"height\":703},{\"@type\":\"BreadcrumbList\",\"@id\":\"https:\\\/\\\/bikefit.lu\\\/de\\\/product\\\/shimano-sm-sh51\\\/#breadcrumb\",\"itemListElement\":[{\"@type\":\"ListItem\",\"position\":1,\"name\":\"Home\",\"item\":\"https:\\\/\\\/bikefit.lu\\\/de\\\/\"},{\"@type\":\"ListItem\",\"position\":2,\"name\":\"Produkte\",\"item\":\"https:\\\/\\\/bikefit.lu\\\/de\\\/shop\\\/\"},{\"@type\":\"ListItem\",\"position\":3,\"name\":\"Shimano SM-SH51\"}]},{\"@type\":\"WebSite\",\"@id\":\"https:\\\/\\\/bikefit.lu\\\/de\\\/#website\",\"url\":\"https:\\\/\\\/bikefit.lu\\\/de\\\/\",\"name\":\"bikefit.lu\",\"description\":\"IMPROVING CYCLING\",\"publisher\":{\"@id\":\"https:\\\/\\\/bikefit.lu\\\/de\\\/#\\\/schema\\\/person\\\/379af1263474d2f8cd1f41c2bd90273d\"},\"potentialAction\":[{\"@type\":\"SearchAction\",\"target\":{\"@type\":\"EntryPoint\",\"urlTemplate\":\"https:\\\/\\\/bikefit.lu\\\/de\\\/?s={search_term_string}\"},\"query-input\":{\"@type\":\"PropertyValueSpecification\",\"valueRequired\":true,\"valueName\":\"search_term_string\"}}],\"inLanguage\":\"de\"},{\"@type\":[\"Person\",\"Organization\"],\"@id\":\"https:\\\/\\\/bikefit.lu\\\/de\\\/#\\\/schema\\\/person\\\/379af1263474d2f8cd1f41c2bd90273d\",\"name\":\"Patrick Guillaume\",\"image\":{\"@type\":\"ImageObject\",\"inLanguage\":\"de\",\"@id\":\"https:\\\/\\\/bikefit.lu\\\/wp-content\\\/uploads\\\/2024\\\/12\\\/cropped-bikefit-logoURL-RGB-jpg.jpg\",\"url\":\"https:\\\/\\\/bikefit.lu\\\/wp-content\\\/uploads\\\/2024\\\/12\\\/cropped-bikefit-logoURL-RGB-jpg.jpg\",\"contentUrl\":\"https:\\\/\\\/bikefit.lu\\\/wp-content\\\/uploads\\\/2024\\\/12\\\/cropped-bikefit-logoURL-RGB-jpg.jpg\",\"width\":512,\"height\":512,\"caption\":\"Patrick Guillaume\"},\"logo\":{\"@id\":\"https:\\\/\\\/bikefit.lu\\\/wp-content\\\/uploads\\\/2024\\\/12\\\/cropped-bikefit-logoURL-RGB-jpg.jpg\"},\"sameAs\":[\"https:\\\/\\\/bikefit.lu\"],\"honorificPrefix\":\"Mr\",\"birthDate\":\"1966-11-18\",\"gender\":\"male\",\"knowsAbout\":[\"Bike-fitting\"],\"knowsLanguage\":[\"English\",\"French\",\"German\",\"Luxembourgish\"]}]}<\/script>\n<meta property=\"product:price:amount\" content=\"14.99\" \/>\n<meta property=\"product:price:currency\" content=\"EUR\" \/>\n<meta property=\"og:availability\" content=\"instock\" \/>\n<meta property=\"product:availability\" content=\"instock\" \/>\n<meta property=\"product:condition\" content=\"new\" \/>\n<!-- \/ Yoast SEO Premium plugin. -->","yoast_head_json":{"title":"Shimano SM-SH51 - bikefit.lu","robots":{"index":"index","follow":"follow","max-snippet":"max-snippet:-1","max-image-preview":"max-image-preview:large","max-video-preview":"max-video-preview:-1"},"canonical":"https:\/\/bikefit.lu\/de\/product\/shimano-sm-sh51\/","og_locale":"de_DE","og_type":"article","og_title":"Shimano SM-SH51","og_description":"SPD - SHIMANO PEDALING DYNAMICS Auf\/ab dem Fahrrad SPD ist ein System, das sowohl beim Auf- als auch beim Absteigen vom Fahrrad funktioniert. Es macht das Treten mit einer Vielzahl von Schuh- und Pedalmodellen effizienter und die versenkte Schuhplatte macht das Gehen bequemer. Mit dem SPD-System k\u00f6nnen Sie effizienter, stabiler und komfortabler in die Pedale treten. Komfort f\u00fcr den Spaziergang SHIMANO hat SPD erfunden, um die Bed\u00fcrfnisse eines wachsenden Lebensstils zu erf\u00fcllen, der sich MTB und immer mehr Gravel nennt. Durch die Abschaffung der Zehenklammern und die Integration von Pedal und Au\u00dfensohle in ein einziges, einheitliches Kraft\u00fcbertragungssystem hat SHIMANO die Branche ver\u00e4ndert; nicht nur die Kraft\u00fcbertragung auf das Pedal, sondern auch die Kontrolle des Fahrers bei immer abenteuerlicheren Fahrstilen wurde verbessert. Heute gibt es nicht mehr den einen MTB-Stil und auch nicht das eine SPD-Pedal, das dazu passt. Die Landschaft ist vielf\u00e4ltig, von rasanten XC-Rennen bis hin zu steilen, felsigen, nassen, verwurzelten und schlammigen Trails. Die SHIMANO SPD-Pedale halten mit. Das Erbe der Zuverl\u00e4ssigkeit, Verl\u00e4sslichkeit und schieren Ausdauer wird fortgesetzt, w\u00e4hrend sich das Design der Schuhpedale weiterentwickelt, um die Anforderungen Ihres pers\u00f6nlichen Fahrstils zu erf\u00fcllen. Systemtechnisch entwickelt. Rider- Tuned. Sie w\u00e4hlen.","og_url":"https:\/\/bikefit.lu\/de\/product\/shimano-sm-sh51\/","og_site_name":"bikefit.lu","article_modified_time":"2025-04-22T15:39:48+00:00","og_image":[{"width":800,"height":703,"url":"https:\/\/bikefit.lu\/wp-content\/uploads\/2021\/02\/Shimano-SM-SH51-MTB-SPD-Pedal-Cleats-Y42498201_bUFUNb4VUxBOSb_800x800.jpg","type":"image\/jpeg"}],"twitter_card":"summary_large_image","twitter_misc":{"Preis":"14,99&nbsp;&euro;","Verf\u00fcgbarkeit":"Auf Lager"},"schema":{"@context":"https:\/\/schema.org","@graph":[{"@type":"WebPage","@id":"https:\/\/bikefit.lu\/de\/product\/shimano-sm-sh51\/","url":"https:\/\/bikefit.lu\/de\/product\/shimano-sm-sh51\/","name":"Shimano SM-SH51 - bikefit.lu","isPartOf":{"@id":"https:\/\/bikefit.lu\/de\/#website"},"primaryImageOfPage":{"@id":"https:\/\/bikefit.lu\/de\/product\/shimano-sm-sh51\/#primaryimage"},"image":{"@id":"https:\/\/bikefit.lu\/de\/product\/shimano-sm-sh51\/#primaryimage"},"thumbnailUrl":"https:\/\/bikefit.lu\/wp-content\/uploads\/2021\/02\/Shimano-SM-SH51-MTB-SPD-Pedal-Cleats-Y42498201_bUFUNb4VUxBOSb_800x800.jpg","datePublished":"2021-02-04T19:56:36+00:00","dateModified":"2025-04-22T15:39:48+00:00","breadcrumb":{"@id":"https:\/\/bikefit.lu\/de\/product\/shimano-sm-sh51\/#breadcrumb"},"inLanguage":"de","potentialAction":[{"@type":"ReadAction","target":["https:\/\/bikefit.lu\/de\/product\/shimano-sm-sh51\/"]}]},{"@type":"ImageObject","inLanguage":"de","@id":"https:\/\/bikefit.lu\/de\/product\/shimano-sm-sh51\/#primaryimage","url":"https:\/\/bikefit.lu\/wp-content\/uploads\/2021\/02\/Shimano-SM-SH51-MTB-SPD-Pedal-Cleats-Y42498201_bUFUNb4VUxBOSb_800x800.jpg","contentUrl":"https:\/\/bikefit.lu\/wp-content\/uploads\/2021\/02\/Shimano-SM-SH51-MTB-SPD-Pedal-Cleats-Y42498201_bUFUNb4VUxBOSb_800x800.jpg","width":800,"height":703},{"@type":"BreadcrumbList","@id":"https:\/\/bikefit.lu\/de\/product\/shimano-sm-sh51\/#breadcrumb","itemListElement":[{"@type":"ListItem","position":1,"name":"Home","item":"https:\/\/bikefit.lu\/de\/"},{"@type":"ListItem","position":2,"name":"Produkte","item":"https:\/\/bikefit.lu\/de\/shop\/"},{"@type":"ListItem","position":3,"name":"Shimano SM-SH51"}]},{"@type":"WebSite","@id":"https:\/\/bikefit.lu\/de\/#website","url":"https:\/\/bikefit.lu\/de\/","name":"bikefit.lu","description":"IMPROVING CYCLING","publisher":{"@id":"https:\/\/bikefit.lu\/de\/#\/schema\/person\/379af1263474d2f8cd1f41c2bd90273d"},"potentialAction":[{"@type":"SearchAction","target":{"@type":"EntryPoint","urlTemplate":"https:\/\/bikefit.lu\/de\/?s={search_term_string}"},"query-input":{"@type":"PropertyValueSpecification","valueRequired":true,"valueName":"search_term_string"}}],"inLanguage":"de"},{"@type":["Person","Organization"],"@id":"https:\/\/bikefit.lu\/de\/#\/schema\/person\/379af1263474d2f8cd1f41c2bd90273d","name":"Patrick Guillaume","image":{"@type":"ImageObject","inLanguage":"de","@id":"https:\/\/bikefit.lu\/wp-content\/uploads\/2024\/12\/cropped-bikefit-logoURL-RGB-jpg.jpg","url":"https:\/\/bikefit.lu\/wp-content\/uploads\/2024\/12\/cropped-bikefit-logoURL-RGB-jpg.jpg","contentUrl":"https:\/\/bikefit.lu\/wp-content\/uploads\/2024\/12\/cropped-bikefit-logoURL-RGB-jpg.jpg","width":512,"height":512,"caption":"Patrick Guillaume"},"logo":{"@id":"https:\/\/bikefit.lu\/wp-content\/uploads\/2024\/12\/cropped-bikefit-logoURL-RGB-jpg.jpg"},"sameAs":["https:\/\/bikefit.lu"],"honorificPrefix":"Mr","birthDate":"1966-11-18","gender":"male","knowsAbout":["Bike-fitting"],"knowsLanguage":["English","French","German","Luxembourgish"]}]},"product_price_amount":"14.99","product_price_currency":"EUR","og_availability":"instock","product_availability":"instock","product_condition":"new"},"_links":{"self":[{"href":"https:\/\/bikefit.lu\/de\/wp-json\/wp\/v2\/product\/78774","targetHints":{"allow":["GET"]}}],"collection":[{"href":"https:\/\/bikefit.lu\/de\/wp-json\/wp\/v2\/product"}],"about":[{"href":"https:\/\/bikefit.lu\/de\/wp-json\/wp\/v2\/types\/product"}],"replies":[{"embeddable":true,"href":"https:\/\/bikefit.lu\/de\/wp-json\/wp\/v2\/comments?post=78774"}],"version-history":[{"count":0,"href":"https:\/\/bikefit.lu\/de\/wp-json\/wp\/v2\/product\/78774\/revisions"}],"wp:featuredmedia":[{"embeddable":true,"href":"https:\/\/bikefit.lu\/de\/wp-json\/wp\/v2\/media\/88729"}],"wp:attachment":[{"href":"https:\/\/bikefit.lu\/de\/wp-json\/wp\/v2\/media?parent=78774"}],"wp:term":[{"taxonomy":"product_brand","embeddable":true,"href":"https:\/\/bikefit.lu\/de\/wp-json\/wp\/v2\/product_brand?post=78774"},{"taxonomy":"product_cat","embeddable":true,"href":"https:\/\/bikefit.lu\/de\/wp-json\/wp\/v2\/product_cat?post=78774"},{"taxonomy":"product_tag","embeddable":true,"href":"https:\/\/bikefit.lu\/de\/wp-json\/wp\/v2\/product_tag?post=78774"}],"curies":[{"name":"wp","href":"https:\/\/api.w.org\/{rel}","templated":true}]}}