{"id":78793,"date":"2021-02-14T11:56:40","date_gmt":"2021-02-14T11:56:40","guid":{"rendered":"https:\/\/staging.bikefit.lu\/shop\/unkategorisiert\/time-iclic-xpresso-xpro-0\/"},"modified":"2025-04-22T12:19:25","modified_gmt":"2025-04-22T10:19:25","slug":"time-iclic-xpresso-xpro-0","status":"publish","type":"product","link":"https:\/\/bikefit.lu\/de\/product\/time-iclic-xpresso-xpro-0\/","title":{"rendered":"Time ICLIC\/Xpresso\/Xpro 0\u00b0"},"content":{"rendered":"<p><strong>Produktmerkmale<\/strong><\/p>\n<p>Verwendung: Stra\u00dfe<br \/>\nGeeignet f\u00fcr: Xpresso \/ XPro \/ ICLIC \/ ICLIC 2<br \/>\nBewegungsfreiheit: 0\u00b0<\/p>\n<p><strong>Material<br \/>\n<\/strong>Verbundwerkstoff<\/p>\n<p><strong>Farbe<br \/>\n<\/strong>schwarz<\/p>\n<hr>\n<p><strong>Lieferumfang<br \/>\n<\/strong>1 Paar Xpresso Fixed \/ ICLIC Cleats inkl. Einbauteile<\/p>\n","protected":false},"excerpt":{"rendered":"<p><span style=\"font-family: arial, helvetica, sans-serif;\">Die Xpresso Fixed Cleats wurden f\u00fcr die TIME Xpresso, XPro, ICLIC und ICLIC 2 Rennrad-Pedalserie entwickelt. Sie wurden f\u00fcr Radfahrer entwickelt, die ein sicheres Fahrgef\u00fchl bevorzugen, ohne dass sie in der Ecke oder seitlich schwimmen. Das Bimaterial sorgt f\u00fcr mehr Haltbarkeit beim Laufen mit den cleats.  <\/span><\/p>\n","protected":false},"featured_media":76400,"comment_status":"closed","ping_status":"closed","template":"","meta":[],"product_brand":[],"product_cat":[4827,4831,4786,4845],"product_tag":[5039,5125,5169],"class_list":{"0":"post-78793","1":"product","2":"type-product","3":"status-publish","4":"has-post-thumbnail","6":"product_cat-cleats","7":"product_cat-foot-pedal-interface-de","8":"product_cat-road-de","9":"product_cat-strassen-cleats","10":"product_tag-cleats-de","11":"product_tag-road-de","12":"product_tag-time-de","13":"product_shipping_class-small-items-de","15":"first","16":"instock","17":"taxable","18":"shipping-taxable","19":"purchasable","20":"product-type-simple"},"yoast_head":"<!-- This site is optimized with the Yoast SEO Premium plugin v27.3 (Yoast SEO v27.3) - https:\/\/yoast.com\/product\/yoast-seo-premium-wordpress\/ -->\n<title>Time ICLIC\/Xpresso\/Xpro 0\u00b0 - bikefit.lu<\/title>\n<meta name=\"robots\" content=\"index, follow, max-snippet:-1, max-image-preview:large, max-video-preview:-1\" \/>\n<link rel=\"canonical\" href=\"https:\/\/bikefit.lu\/de\/product\/time-iclic-xpresso-xpro-0\/\" \/>\n<meta property=\"og:locale\" content=\"de_DE\" \/>\n<meta property=\"og:type\" content=\"article\" \/>\n<meta property=\"og:title\" content=\"Time ICLIC\/Xpresso\/Xpro 0\u00b0\" \/>\n<meta property=\"og:description\" content=\"Die Xpresso Fixed Cleats wurden f\u00fcr die TIME Xpresso, XPro, ICLIC und ICLIC 2 Rennrad-Pedalserie entwickelt. Sie wurden f\u00fcr Radfahrer entwickelt, die ein sicheres Fahrgef\u00fchl bevorzugen, ohne dass sie in der Ecke oder seitlich schwimmen. Das Bimaterial sorgt f\u00fcr mehr Haltbarkeit beim Laufen mit den cleats.\" \/>\n<meta property=\"og:url\" content=\"https:\/\/bikefit.lu\/de\/product\/time-iclic-xpresso-xpro-0\/\" \/>\n<meta property=\"og:site_name\" content=\"bikefit.lu\" \/>\n<meta property=\"article:modified_time\" content=\"2025-04-22T10:19:25+00:00\" \/>\n<meta property=\"og:image\" content=\"https:\/\/bikefit.lu\/wp-content\/uploads\/2021\/02\/Time-ICLIC-Xpresso-Xpro-0\u00b0-Cleats.jpg\" \/>\n\t<meta property=\"og:image:width\" content=\"1100\" \/>\n\t<meta property=\"og:image:height\" content=\"860\" \/>\n\t<meta property=\"og:image:type\" content=\"image\/jpeg\" \/>\n<meta name=\"twitter:card\" content=\"summary_large_image\" \/>\n<meta name=\"twitter:label1\" content=\"Preis\" \/>\n\t<meta name=\"twitter:data1\" content=\"20,00&nbsp;&euro;\" \/>\n\t<meta name=\"twitter:label2\" content=\"Verf\u00fcgbarkeit\" \/>\n\t<meta name=\"twitter:data2\" content=\"Auf Lager\" \/>\n<script type=\"application\/ld+json\" class=\"yoast-schema-graph\">{\"@context\":\"https:\\\/\\\/schema.org\",\"@graph\":[{\"@type\":\"WebPage\",\"@id\":\"https:\\\/\\\/bikefit.lu\\\/de\\\/product\\\/time-iclic-xpresso-xpro-0\\\/\",\"url\":\"https:\\\/\\\/bikefit.lu\\\/de\\\/product\\\/time-iclic-xpresso-xpro-0\\\/\",\"name\":\"Time ICLIC\\\/Xpresso\\\/Xpro 0\u00b0 - bikefit.lu\",\"isPartOf\":{\"@id\":\"https:\\\/\\\/bikefit.lu\\\/de\\\/#website\"},\"primaryImageOfPage\":{\"@id\":\"https:\\\/\\\/bikefit.lu\\\/de\\\/product\\\/time-iclic-xpresso-xpro-0\\\/#primaryimage\"},\"image\":{\"@id\":\"https:\\\/\\\/bikefit.lu\\\/de\\\/product\\\/time-iclic-xpresso-xpro-0\\\/#primaryimage\"},\"thumbnailUrl\":\"https:\\\/\\\/bikefit.lu\\\/wp-content\\\/uploads\\\/2021\\\/02\\\/Time-ICLIC-Xpresso-Xpro-0\u00b0-Cleats.jpg\",\"datePublished\":\"2021-02-14T11:56:40+00:00\",\"dateModified\":\"2025-04-22T10:19:25+00:00\",\"breadcrumb\":{\"@id\":\"https:\\\/\\\/bikefit.lu\\\/de\\\/product\\\/time-iclic-xpresso-xpro-0\\\/#breadcrumb\"},\"inLanguage\":\"de\",\"potentialAction\":[{\"@type\":\"ReadAction\",\"target\":[\"https:\\\/\\\/bikefit.lu\\\/de\\\/product\\\/time-iclic-xpresso-xpro-0\\\/\"]}]},{\"@type\":\"ImageObject\",\"inLanguage\":\"de\",\"@id\":\"https:\\\/\\\/bikefit.lu\\\/de\\\/product\\\/time-iclic-xpresso-xpro-0\\\/#primaryimage\",\"url\":\"https:\\\/\\\/bikefit.lu\\\/wp-content\\\/uploads\\\/2021\\\/02\\\/Time-ICLIC-Xpresso-Xpro-0\u00b0-Cleats.jpg\",\"contentUrl\":\"https:\\\/\\\/bikefit.lu\\\/wp-content\\\/uploads\\\/2021\\\/02\\\/Time-ICLIC-Xpresso-Xpro-0\u00b0-Cleats.jpg\",\"width\":1100,\"height\":860},{\"@type\":\"BreadcrumbList\",\"@id\":\"https:\\\/\\\/bikefit.lu\\\/de\\\/product\\\/time-iclic-xpresso-xpro-0\\\/#breadcrumb\",\"itemListElement\":[{\"@type\":\"ListItem\",\"position\":1,\"name\":\"Home\",\"item\":\"https:\\\/\\\/bikefit.lu\\\/de\\\/\"},{\"@type\":\"ListItem\",\"position\":2,\"name\":\"Produkte\",\"item\":\"https:\\\/\\\/bikefit.lu\\\/de\\\/shop\\\/\"},{\"@type\":\"ListItem\",\"position\":3,\"name\":\"Time ICLIC\\\/Xpresso\\\/Xpro 0\u00b0\"}]},{\"@type\":\"WebSite\",\"@id\":\"https:\\\/\\\/bikefit.lu\\\/de\\\/#website\",\"url\":\"https:\\\/\\\/bikefit.lu\\\/de\\\/\",\"name\":\"bikefit.lu\",\"description\":\"IMPROVING CYCLING\",\"publisher\":{\"@id\":\"https:\\\/\\\/bikefit.lu\\\/de\\\/#\\\/schema\\\/person\\\/379af1263474d2f8cd1f41c2bd90273d\"},\"potentialAction\":[{\"@type\":\"SearchAction\",\"target\":{\"@type\":\"EntryPoint\",\"urlTemplate\":\"https:\\\/\\\/bikefit.lu\\\/de\\\/?s={search_term_string}\"},\"query-input\":{\"@type\":\"PropertyValueSpecification\",\"valueRequired\":true,\"valueName\":\"search_term_string\"}}],\"inLanguage\":\"de\"},{\"@type\":[\"Person\",\"Organization\"],\"@id\":\"https:\\\/\\\/bikefit.lu\\\/de\\\/#\\\/schema\\\/person\\\/379af1263474d2f8cd1f41c2bd90273d\",\"name\":\"Patrick Guillaume\",\"image\":{\"@type\":\"ImageObject\",\"inLanguage\":\"de\",\"@id\":\"https:\\\/\\\/bikefit.lu\\\/wp-content\\\/uploads\\\/2024\\\/12\\\/cropped-bikefit-logoURL-RGB-jpg.jpg\",\"url\":\"https:\\\/\\\/bikefit.lu\\\/wp-content\\\/uploads\\\/2024\\\/12\\\/cropped-bikefit-logoURL-RGB-jpg.jpg\",\"contentUrl\":\"https:\\\/\\\/bikefit.lu\\\/wp-content\\\/uploads\\\/2024\\\/12\\\/cropped-bikefit-logoURL-RGB-jpg.jpg\",\"width\":512,\"height\":512,\"caption\":\"Patrick Guillaume\"},\"logo\":{\"@id\":\"https:\\\/\\\/bikefit.lu\\\/wp-content\\\/uploads\\\/2024\\\/12\\\/cropped-bikefit-logoURL-RGB-jpg.jpg\"},\"sameAs\":[\"https:\\\/\\\/bikefit.lu\"],\"honorificPrefix\":\"Mr\",\"birthDate\":\"1966-11-18\",\"gender\":\"male\",\"knowsAbout\":[\"Bike-fitting\"],\"knowsLanguage\":[\"English\",\"French\",\"German\",\"Luxembourgish\"]}]}<\/script>\n<meta property=\"product:price:amount\" content=\"20.00\" \/>\n<meta property=\"product:price:currency\" content=\"EUR\" \/>\n<meta property=\"og:availability\" content=\"instock\" \/>\n<meta property=\"product:availability\" content=\"instock\" \/>\n<meta property=\"product:condition\" content=\"new\" \/>\n<!-- \/ Yoast SEO Premium plugin. -->","yoast_head_json":{"title":"Time ICLIC\/Xpresso\/Xpro 0\u00b0 - bikefit.lu","robots":{"index":"index","follow":"follow","max-snippet":"max-snippet:-1","max-image-preview":"max-image-preview:large","max-video-preview":"max-video-preview:-1"},"canonical":"https:\/\/bikefit.lu\/de\/product\/time-iclic-xpresso-xpro-0\/","og_locale":"de_DE","og_type":"article","og_title":"Time ICLIC\/Xpresso\/Xpro 0\u00b0","og_description":"Die Xpresso Fixed Cleats wurden f\u00fcr die TIME Xpresso, XPro, ICLIC und ICLIC 2 Rennrad-Pedalserie entwickelt. Sie wurden f\u00fcr Radfahrer entwickelt, die ein sicheres Fahrgef\u00fchl bevorzugen, ohne dass sie in der Ecke oder seitlich schwimmen. Das Bimaterial sorgt f\u00fcr mehr Haltbarkeit beim Laufen mit den cleats.","og_url":"https:\/\/bikefit.lu\/de\/product\/time-iclic-xpresso-xpro-0\/","og_site_name":"bikefit.lu","article_modified_time":"2025-04-22T10:19:25+00:00","og_image":[{"width":1100,"height":860,"url":"https:\/\/bikefit.lu\/wp-content\/uploads\/2021\/02\/Time-ICLIC-Xpresso-Xpro-0\u00b0-Cleats.jpg","type":"image\/jpeg"}],"twitter_card":"summary_large_image","twitter_misc":{"Preis":"20,00&nbsp;&euro;","Verf\u00fcgbarkeit":"Auf Lager"},"schema":{"@context":"https:\/\/schema.org","@graph":[{"@type":"WebPage","@id":"https:\/\/bikefit.lu\/de\/product\/time-iclic-xpresso-xpro-0\/","url":"https:\/\/bikefit.lu\/de\/product\/time-iclic-xpresso-xpro-0\/","name":"Time ICLIC\/Xpresso\/Xpro 0\u00b0 - bikefit.lu","isPartOf":{"@id":"https:\/\/bikefit.lu\/de\/#website"},"primaryImageOfPage":{"@id":"https:\/\/bikefit.lu\/de\/product\/time-iclic-xpresso-xpro-0\/#primaryimage"},"image":{"@id":"https:\/\/bikefit.lu\/de\/product\/time-iclic-xpresso-xpro-0\/#primaryimage"},"thumbnailUrl":"https:\/\/bikefit.lu\/wp-content\/uploads\/2021\/02\/Time-ICLIC-Xpresso-Xpro-0\u00b0-Cleats.jpg","datePublished":"2021-02-14T11:56:40+00:00","dateModified":"2025-04-22T10:19:25+00:00","breadcrumb":{"@id":"https:\/\/bikefit.lu\/de\/product\/time-iclic-xpresso-xpro-0\/#breadcrumb"},"inLanguage":"de","potentialAction":[{"@type":"ReadAction","target":["https:\/\/bikefit.lu\/de\/product\/time-iclic-xpresso-xpro-0\/"]}]},{"@type":"ImageObject","inLanguage":"de","@id":"https:\/\/bikefit.lu\/de\/product\/time-iclic-xpresso-xpro-0\/#primaryimage","url":"https:\/\/bikefit.lu\/wp-content\/uploads\/2021\/02\/Time-ICLIC-Xpresso-Xpro-0\u00b0-Cleats.jpg","contentUrl":"https:\/\/bikefit.lu\/wp-content\/uploads\/2021\/02\/Time-ICLIC-Xpresso-Xpro-0\u00b0-Cleats.jpg","width":1100,"height":860},{"@type":"BreadcrumbList","@id":"https:\/\/bikefit.lu\/de\/product\/time-iclic-xpresso-xpro-0\/#breadcrumb","itemListElement":[{"@type":"ListItem","position":1,"name":"Home","item":"https:\/\/bikefit.lu\/de\/"},{"@type":"ListItem","position":2,"name":"Produkte","item":"https:\/\/bikefit.lu\/de\/shop\/"},{"@type":"ListItem","position":3,"name":"Time ICLIC\/Xpresso\/Xpro 0\u00b0"}]},{"@type":"WebSite","@id":"https:\/\/bikefit.lu\/de\/#website","url":"https:\/\/bikefit.lu\/de\/","name":"bikefit.lu","description":"IMPROVING CYCLING","publisher":{"@id":"https:\/\/bikefit.lu\/de\/#\/schema\/person\/379af1263474d2f8cd1f41c2bd90273d"},"potentialAction":[{"@type":"SearchAction","target":{"@type":"EntryPoint","urlTemplate":"https:\/\/bikefit.lu\/de\/?s={search_term_string}"},"query-input":{"@type":"PropertyValueSpecification","valueRequired":true,"valueName":"search_term_string"}}],"inLanguage":"de"},{"@type":["Person","Organization"],"@id":"https:\/\/bikefit.lu\/de\/#\/schema\/person\/379af1263474d2f8cd1f41c2bd90273d","name":"Patrick Guillaume","image":{"@type":"ImageObject","inLanguage":"de","@id":"https:\/\/bikefit.lu\/wp-content\/uploads\/2024\/12\/cropped-bikefit-logoURL-RGB-jpg.jpg","url":"https:\/\/bikefit.lu\/wp-content\/uploads\/2024\/12\/cropped-bikefit-logoURL-RGB-jpg.jpg","contentUrl":"https:\/\/bikefit.lu\/wp-content\/uploads\/2024\/12\/cropped-bikefit-logoURL-RGB-jpg.jpg","width":512,"height":512,"caption":"Patrick Guillaume"},"logo":{"@id":"https:\/\/bikefit.lu\/wp-content\/uploads\/2024\/12\/cropped-bikefit-logoURL-RGB-jpg.jpg"},"sameAs":["https:\/\/bikefit.lu"],"honorificPrefix":"Mr","birthDate":"1966-11-18","gender":"male","knowsAbout":["Bike-fitting"],"knowsLanguage":["English","French","German","Luxembourgish"]}]},"product_price_amount":"20.00","product_price_currency":"EUR","og_availability":"instock","product_availability":"instock","product_condition":"new"},"_links":{"self":[{"href":"https:\/\/bikefit.lu\/de\/wp-json\/wp\/v2\/product\/78793","targetHints":{"allow":["GET"]}}],"collection":[{"href":"https:\/\/bikefit.lu\/de\/wp-json\/wp\/v2\/product"}],"about":[{"href":"https:\/\/bikefit.lu\/de\/wp-json\/wp\/v2\/types\/product"}],"replies":[{"embeddable":true,"href":"https:\/\/bikefit.lu\/de\/wp-json\/wp\/v2\/comments?post=78793"}],"version-history":[{"count":0,"href":"https:\/\/bikefit.lu\/de\/wp-json\/wp\/v2\/product\/78793\/revisions"}],"wp:featuredmedia":[{"embeddable":true,"href":"https:\/\/bikefit.lu\/de\/wp-json\/wp\/v2\/media\/76400"}],"wp:attachment":[{"href":"https:\/\/bikefit.lu\/de\/wp-json\/wp\/v2\/media?parent=78793"}],"wp:term":[{"taxonomy":"product_brand","embeddable":true,"href":"https:\/\/bikefit.lu\/de\/wp-json\/wp\/v2\/product_brand?post=78793"},{"taxonomy":"product_cat","embeddable":true,"href":"https:\/\/bikefit.lu\/de\/wp-json\/wp\/v2\/product_cat?post=78793"},{"taxonomy":"product_tag","embeddable":true,"href":"https:\/\/bikefit.lu\/de\/wp-json\/wp\/v2\/product_tag?post=78793"}],"curies":[{"name":"wp","href":"https:\/\/api.w.org\/{rel}","templated":true}]}}