{"id":78947,"date":"2023-04-28T09:04:15","date_gmt":"2023-04-28T09:04:15","guid":{"rendered":"https:\/\/staging.bikefit.lu\/shop\/unkategorisiert\/form-beinlaengenausgleichsscheiben-universal-3-loch\/"},"modified":"2026-04-19T17:19:46","modified_gmt":"2026-04-19T15:19:46","slug":"form-beinlaengenausgleichsscheiben-universal-3-loch","status":"publish","type":"product","link":"https:\/\/bikefit.lu\/de\/product\/form-beinlaengenausgleichsscheiben-universal-3-loch\/","title":{"rendered":"Form\u00ae Beinl\u00e4ngenausgleichsscheiben &#8211; universal 3-Loch"},"content":{"rendered":"<p>Der FORM modulare Beinl\u00e4ngenausgleich ist mit allen 3-Loch-Stra\u00dfenschuhplatten kompatibel. Er weist eine Reihe innovativer und n\u00fctzlicher Eigenschaften auf: <\/p>\n<ul>\n<li>Eine gebogene Form, die der Form der Sohle eines Fahrradschuhs entspricht<\/li>\n<li>Eine abgeschr\u00e4gte Vorderseite erleichtert das Einklicken, insbesondere bei gestapelten Unterlegscheiben<\/li>\n<li>Ein &#8220;Pinning&#8221;-System, um mehrere Unterlegscheiben oder FORM-Keile miteinander zu verbinden<\/li>\n<li>Pedalplattenpositionsmarkierungen zur Unterst\u00fctzung der Cleatausrichtung auf dem Shim<\/li>\n<li>Hergestellt aus schlagfestem Nylon, um Sch\u00e4den durch wiederholtes Einlicken zu reduzieren<\/li>\n<\/ul>\n","protected":false},"excerpt":{"rendered":"<p class=\"ai-optimize-37\">Beinl\u00e4ngendistanzst\u00fccke werden verwendet, um die effektive Beinl\u00e4nge eines k\u00fcrzeren Beins zu erh\u00f6hen, wenn ein Radfahrer unter einer Beinl\u00e4ngendiskrepanz leidet. Anzeichen f\u00fcr eine Diskrepanz k\u00f6nnen sein:<\/p>\n<p class=\"ai-optimize-38\">a) \u00dcberstreckung des k\u00fcrzeres Beines am unteren Ende des Pedalwegs<\/p>\n<p class=\"ai-optimize-39\">b) Becken geneigt oder Fahrer auf eine Seite des Sattels geneigt, um die Verbindung mit den unteren Pedal zu behalten<\/p>\n<p class=\"ai-optimize-40\">c) ein Bein f\u00fchlt sich zu wenig gestreckt an, w\u00e4hrend sich das andere genau richtig anf\u00fchlt<\/p>\n<p class=\"ai-optimize-41\">Unter der Voraussetzung, dass die Position des Fahrers korrekt ist und seine Beine auf eine Diskrepanz bewertet wurden, k\u00f6nnten die oben genannten Probleme mit der Verwendung von Beinl\u00e4ngenshims gel\u00f6st werden. Shimming kann mit der richtigen H\u00f6he eine gleichm\u00e4\u00dfigere Pedaldynamik erzeugen, das Becken stabilisieren und zu einem sanfteren und kontrollierteren Pedalieren auf der k\u00fcrzeren Seite f\u00fchren.<\/p>\n<p class=\"ai-optimize-42\">KIT BEINHALTET: 1 x 2 mm Unterlegscheibe \/ 1 x 3 mm Unterlegscheibe \/ Stifte \/ Schrauben. Das Kit Satz wird empfohlen, wenn Sie mehr als 1 Unterlegscheibe ben\u00f6tigen.<\/p>\n<p class=\"ai-optimize-43\"><span style=\"color: #00ccff;\"><strong>Die Packungen (5 Unterlegscheiben) und Einzel-Shims werden <span style=\"color: #ff0000;\">ohne <\/span>Schrauben geliefert. Sehen Sie die Tabelle, um die ben\u00f6tigten Schraubenl\u00e4ngen zu bestellen.<\/strong><\/span><\/p>\n<p>&nbsp;<\/p>\n","protected":false},"featured_media":77192,"comment_status":"closed","ping_status":"closed","template":"","meta":[],"product_brand":[],"product_cat":[4831,4786],"product_tag":[4931,5070,5053,5105,5191],"class_list":{"0":"post-78947","1":"product","2":"type-product","3":"status-publish","4":"has-post-thumbnail","6":"product_cat-foot-pedal-interface-de","7":"product_cat-road-de","8":"product_tag-3-hole-de","9":"product_tag-foot-pedal-interface-de","10":"product_tag-form-de","11":"product_tag-shims-de","12":"product_tag-universal-de","13":"product_shipping_class-format-s-de","14":"pa_stack-einzel-3-mm","15":"pa_stack-kit-1-x-2-mm-1-x-3-mm-de","16":"pa_stack-pack-5-x-2-mm-de","17":"pa_stack-pack-5-x-3-mm-de","18":"pa_stack-single-2-mm-de","20":"first","21":"instock","22":"taxable","23":"shipping-taxable","24":"purchasable","25":"product-type-variable"},"group_of_quantity":0,"min_quantity":0,"max_quantity":"","exclude_order_quantity_value_rules":"no","exclude_category_quantity_rules":"no","combine_variations":"no","yoast_head":"<!-- This site is optimized with the Yoast SEO Premium plugin v27.4 (Yoast SEO v27.5) - https:\/\/yoast.com\/product\/yoast-seo-premium-wordpress\/ -->\n<title>Form\u00ae Beinl\u00e4ngenausgleichsscheiben - universal 3-Loch - bikefit.lu<\/title>\n<meta name=\"robots\" content=\"index, follow, max-snippet:-1, max-image-preview:large, max-video-preview:-1\" \/>\n<link rel=\"canonical\" href=\"https:\/\/bikefit.lu\/de\/product\/form-beinlaengenausgleichsscheiben-universal-3-loch\/\" \/>\n<meta property=\"og:locale\" content=\"de_DE\" \/>\n<meta property=\"og:type\" content=\"article\" \/>\n<meta property=\"og:title\" content=\"Form\u00ae Beinl\u00e4ngenausgleichsscheiben - universal 3-Loch\" \/>\n<meta property=\"og:description\" content=\"Beinl\u00e4ngendistanzst\u00fccke werden verwendet, um die effektive Beinl\u00e4nge eines k\u00fcrzeren Beins zu erh\u00f6hen, wenn ein Radfahrer unter einer Beinl\u00e4ngendiskrepanz leidet. Anzeichen f\u00fcr eine Diskrepanz k\u00f6nnen sein: a) \u00dcberstreckung des k\u00fcrzeres Beines am unteren Ende des Pedalwegs b) Becken geneigt oder Fahrer auf eine Seite des Sattels geneigt, um die Verbindung mit den unteren Pedal zu behalten c) ein Bein f\u00fchlt sich zu wenig gestreckt an, w\u00e4hrend sich das andere genau richtig anf\u00fchlt Unter der Voraussetzung, dass die Position des Fahrers korrekt ist und seine Beine auf eine Diskrepanz bewertet wurden, k\u00f6nnten die oben genannten Probleme mit der Verwendung von Beinl\u00e4ngenshims gel\u00f6st werden. Shimming kann mit der richtigen H\u00f6he eine gleichm\u00e4\u00dfigere Pedaldynamik erzeugen, das Becken stabilisieren und zu einem sanfteren und kontrollierteren Pedalieren auf der k\u00fcrzeren Seite f\u00fchren. KIT BEINHALTET: 1 x 2 mm Unterlegscheibe \/ 1 x 3 mm Unterlegscheibe \/ Stifte \/ Schrauben. Das Kit Satz wird empfohlen, wenn Sie mehr als 1 Unterlegscheibe ben\u00f6tigen. Die Packungen (5 Unterlegscheiben) und Einzel-Shims werden ohne Schrauben geliefert. Sehen Sie die Tabelle, um die ben\u00f6tigten Schraubenl\u00e4ngen zu bestellen. &nbsp;\" \/>\n<meta property=\"og:url\" content=\"https:\/\/bikefit.lu\/de\/product\/form-beinlaengenausgleichsscheiben-universal-3-loch\/\" \/>\n<meta property=\"og:site_name\" content=\"bikefit.lu\" \/>\n<meta property=\"article:modified_time\" content=\"2026-04-19T15:19:46+00:00\" \/>\n<meta property=\"og:image\" content=\"https:\/\/bikefit.lu\/wp-content\/uploads\/2023\/04\/1a-leg-length-shim-universal-1.webp\" \/>\n\t<meta property=\"og:image:width\" content=\"1920\" \/>\n\t<meta property=\"og:image:height\" content=\"1920\" \/>\n\t<meta property=\"og:image:type\" content=\"image\/webp\" \/>\n<meta name=\"twitter:card\" content=\"summary_large_image\" \/>\n<meta name=\"twitter:label1\" content=\"Verf\u00fcgbarkeit\" \/>\n\t<meta name=\"twitter:data1\" content=\"Auf Lager\" \/>\n<script type=\"application\/ld+json\" class=\"yoast-schema-graph\">{\"@context\":\"https:\\\/\\\/schema.org\",\"@graph\":[{\"@type\":\"WebPage\",\"@id\":\"https:\\\/\\\/bikefit.lu\\\/de\\\/product\\\/form-beinlaengenausgleichsscheiben-universal-3-loch\\\/\",\"url\":\"https:\\\/\\\/bikefit.lu\\\/de\\\/product\\\/form-beinlaengenausgleichsscheiben-universal-3-loch\\\/\",\"name\":\"Form\u00ae Beinl\u00e4ngenausgleichsscheiben - universal 3-Loch - bikefit.lu\",\"isPartOf\":{\"@id\":\"https:\\\/\\\/bikefit.lu\\\/de\\\/#website\"},\"primaryImageOfPage\":{\"@id\":\"https:\\\/\\\/bikefit.lu\\\/de\\\/product\\\/form-beinlaengenausgleichsscheiben-universal-3-loch\\\/#primaryimage\"},\"image\":{\"@id\":\"https:\\\/\\\/bikefit.lu\\\/de\\\/product\\\/form-beinlaengenausgleichsscheiben-universal-3-loch\\\/#primaryimage\"},\"thumbnailUrl\":\"https:\\\/\\\/bikefit.lu\\\/wp-content\\\/uploads\\\/2023\\\/04\\\/1a-leg-length-shim-universal-1.webp\",\"datePublished\":\"2023-04-28T09:04:15+00:00\",\"dateModified\":\"2026-04-19T15:19:46+00:00\",\"breadcrumb\":{\"@id\":\"https:\\\/\\\/bikefit.lu\\\/de\\\/product\\\/form-beinlaengenausgleichsscheiben-universal-3-loch\\\/#breadcrumb\"},\"inLanguage\":\"de\",\"potentialAction\":[{\"@type\":\"ReadAction\",\"target\":[\"https:\\\/\\\/bikefit.lu\\\/de\\\/product\\\/form-beinlaengenausgleichsscheiben-universal-3-loch\\\/\"]}]},{\"@type\":\"ImageObject\",\"inLanguage\":\"de\",\"@id\":\"https:\\\/\\\/bikefit.lu\\\/de\\\/product\\\/form-beinlaengenausgleichsscheiben-universal-3-loch\\\/#primaryimage\",\"url\":\"https:\\\/\\\/bikefit.lu\\\/wp-content\\\/uploads\\\/2023\\\/04\\\/1a-leg-length-shim-universal-1.webp\",\"contentUrl\":\"https:\\\/\\\/bikefit.lu\\\/wp-content\\\/uploads\\\/2023\\\/04\\\/1a-leg-length-shim-universal-1.webp\",\"width\":1920,\"height\":1920},{\"@type\":\"BreadcrumbList\",\"@id\":\"https:\\\/\\\/bikefit.lu\\\/de\\\/product\\\/form-beinlaengenausgleichsscheiben-universal-3-loch\\\/#breadcrumb\",\"itemListElement\":[{\"@type\":\"ListItem\",\"position\":1,\"name\":\"Home\",\"item\":\"https:\\\/\\\/bikefit.lu\\\/de\\\/\"},{\"@type\":\"ListItem\",\"position\":2,\"name\":\"Shop\",\"item\":\"https:\\\/\\\/bikefit.lu\\\/de\\\/shop\\\/\"},{\"@type\":\"ListItem\",\"position\":3,\"name\":\"Form\u00ae Beinl\u00e4ngenausgleichsscheiben &#8211; universal 3-Loch\"}]},{\"@type\":\"WebSite\",\"@id\":\"https:\\\/\\\/bikefit.lu\\\/de\\\/#website\",\"url\":\"https:\\\/\\\/bikefit.lu\\\/de\\\/\",\"name\":\"bikefit.lu\",\"description\":\"IMPROVING CYCLING\",\"publisher\":{\"@id\":\"https:\\\/\\\/bikefit.lu\\\/de\\\/#\\\/schema\\\/person\\\/379af1263474d2f8cd1f41c2bd90273d\"},\"potentialAction\":[{\"@type\":\"SearchAction\",\"target\":{\"@type\":\"EntryPoint\",\"urlTemplate\":\"https:\\\/\\\/bikefit.lu\\\/de\\\/?s={search_term_string}\"},\"query-input\":{\"@type\":\"PropertyValueSpecification\",\"valueRequired\":true,\"valueName\":\"search_term_string\"}}],\"inLanguage\":\"de\"},{\"@type\":[\"Person\",\"Organization\"],\"@id\":\"https:\\\/\\\/bikefit.lu\\\/de\\\/#\\\/schema\\\/person\\\/379af1263474d2f8cd1f41c2bd90273d\",\"name\":\"Patrick Guillaume\",\"image\":{\"@type\":\"ImageObject\",\"inLanguage\":\"de\",\"@id\":\"https:\\\/\\\/bikefit.lu\\\/wp-content\\\/uploads\\\/2024\\\/12\\\/cropped-bikefit-logoURL-RGB-jpg.jpg\",\"url\":\"https:\\\/\\\/bikefit.lu\\\/wp-content\\\/uploads\\\/2024\\\/12\\\/cropped-bikefit-logoURL-RGB-jpg.jpg\",\"contentUrl\":\"https:\\\/\\\/bikefit.lu\\\/wp-content\\\/uploads\\\/2024\\\/12\\\/cropped-bikefit-logoURL-RGB-jpg.jpg\",\"width\":512,\"height\":512,\"caption\":\"Patrick Guillaume\"},\"logo\":{\"@id\":\"https:\\\/\\\/bikefit.lu\\\/wp-content\\\/uploads\\\/2024\\\/12\\\/cropped-bikefit-logoURL-RGB-jpg.jpg\"},\"sameAs\":[\"https:\\\/\\\/bikefit.lu\"],\"honorificPrefix\":\"Mr\",\"birthDate\":\"1966-11-18\",\"gender\":\"male\",\"knowsAbout\":[\"Bike-fitting\"],\"knowsLanguage\":[\"English\",\"French\",\"German\",\"Luxembourgish\"]}]}<\/script>\n<meta property=\"og:availability\" content=\"instock\" \/>\n<meta property=\"product:availability\" content=\"instock\" \/>\n<meta property=\"product:condition\" content=\"new\" \/>\n<!-- \/ Yoast SEO Premium plugin. -->","yoast_head_json":{"title":"Form\u00ae Beinl\u00e4ngenausgleichsscheiben - universal 3-Loch - bikefit.lu","robots":{"index":"index","follow":"follow","max-snippet":"max-snippet:-1","max-image-preview":"max-image-preview:large","max-video-preview":"max-video-preview:-1"},"canonical":"https:\/\/bikefit.lu\/de\/product\/form-beinlaengenausgleichsscheiben-universal-3-loch\/","og_locale":"de_DE","og_type":"article","og_title":"Form\u00ae Beinl\u00e4ngenausgleichsscheiben - universal 3-Loch","og_description":"Beinl\u00e4ngendistanzst\u00fccke werden verwendet, um die effektive Beinl\u00e4nge eines k\u00fcrzeren Beins zu erh\u00f6hen, wenn ein Radfahrer unter einer Beinl\u00e4ngendiskrepanz leidet. Anzeichen f\u00fcr eine Diskrepanz k\u00f6nnen sein: a) \u00dcberstreckung des k\u00fcrzeres Beines am unteren Ende des Pedalwegs b) Becken geneigt oder Fahrer auf eine Seite des Sattels geneigt, um die Verbindung mit den unteren Pedal zu behalten c) ein Bein f\u00fchlt sich zu wenig gestreckt an, w\u00e4hrend sich das andere genau richtig anf\u00fchlt Unter der Voraussetzung, dass die Position des Fahrers korrekt ist und seine Beine auf eine Diskrepanz bewertet wurden, k\u00f6nnten die oben genannten Probleme mit der Verwendung von Beinl\u00e4ngenshims gel\u00f6st werden. Shimming kann mit der richtigen H\u00f6he eine gleichm\u00e4\u00dfigere Pedaldynamik erzeugen, das Becken stabilisieren und zu einem sanfteren und kontrollierteren Pedalieren auf der k\u00fcrzeren Seite f\u00fchren. KIT BEINHALTET: 1 x 2 mm Unterlegscheibe \/ 1 x 3 mm Unterlegscheibe \/ Stifte \/ Schrauben. Das Kit Satz wird empfohlen, wenn Sie mehr als 1 Unterlegscheibe ben\u00f6tigen. Die Packungen (5 Unterlegscheiben) und Einzel-Shims werden ohne Schrauben geliefert. Sehen Sie die Tabelle, um die ben\u00f6tigten Schraubenl\u00e4ngen zu bestellen. &nbsp;","og_url":"https:\/\/bikefit.lu\/de\/product\/form-beinlaengenausgleichsscheiben-universal-3-loch\/","og_site_name":"bikefit.lu","article_modified_time":"2026-04-19T15:19:46+00:00","og_image":[{"width":1920,"height":1920,"url":"https:\/\/bikefit.lu\/wp-content\/uploads\/2023\/04\/1a-leg-length-shim-universal-1.webp","type":"image\/webp"}],"twitter_card":"summary_large_image","twitter_misc":{"Verf\u00fcgbarkeit":"Auf Lager"},"schema":{"@context":"https:\/\/schema.org","@graph":[{"@type":"WebPage","@id":"https:\/\/bikefit.lu\/de\/product\/form-beinlaengenausgleichsscheiben-universal-3-loch\/","url":"https:\/\/bikefit.lu\/de\/product\/form-beinlaengenausgleichsscheiben-universal-3-loch\/","name":"Form\u00ae Beinl\u00e4ngenausgleichsscheiben - universal 3-Loch - bikefit.lu","isPartOf":{"@id":"https:\/\/bikefit.lu\/de\/#website"},"primaryImageOfPage":{"@id":"https:\/\/bikefit.lu\/de\/product\/form-beinlaengenausgleichsscheiben-universal-3-loch\/#primaryimage"},"image":{"@id":"https:\/\/bikefit.lu\/de\/product\/form-beinlaengenausgleichsscheiben-universal-3-loch\/#primaryimage"},"thumbnailUrl":"https:\/\/bikefit.lu\/wp-content\/uploads\/2023\/04\/1a-leg-length-shim-universal-1.webp","datePublished":"2023-04-28T09:04:15+00:00","dateModified":"2026-04-19T15:19:46+00:00","breadcrumb":{"@id":"https:\/\/bikefit.lu\/de\/product\/form-beinlaengenausgleichsscheiben-universal-3-loch\/#breadcrumb"},"inLanguage":"de","potentialAction":[{"@type":"ReadAction","target":["https:\/\/bikefit.lu\/de\/product\/form-beinlaengenausgleichsscheiben-universal-3-loch\/"]}]},{"@type":"ImageObject","inLanguage":"de","@id":"https:\/\/bikefit.lu\/de\/product\/form-beinlaengenausgleichsscheiben-universal-3-loch\/#primaryimage","url":"https:\/\/bikefit.lu\/wp-content\/uploads\/2023\/04\/1a-leg-length-shim-universal-1.webp","contentUrl":"https:\/\/bikefit.lu\/wp-content\/uploads\/2023\/04\/1a-leg-length-shim-universal-1.webp","width":1920,"height":1920},{"@type":"BreadcrumbList","@id":"https:\/\/bikefit.lu\/de\/product\/form-beinlaengenausgleichsscheiben-universal-3-loch\/#breadcrumb","itemListElement":[{"@type":"ListItem","position":1,"name":"Home","item":"https:\/\/bikefit.lu\/de\/"},{"@type":"ListItem","position":2,"name":"Shop","item":"https:\/\/bikefit.lu\/de\/shop\/"},{"@type":"ListItem","position":3,"name":"Form\u00ae Beinl\u00e4ngenausgleichsscheiben &#8211; universal 3-Loch"}]},{"@type":"WebSite","@id":"https:\/\/bikefit.lu\/de\/#website","url":"https:\/\/bikefit.lu\/de\/","name":"bikefit.lu","description":"IMPROVING CYCLING","publisher":{"@id":"https:\/\/bikefit.lu\/de\/#\/schema\/person\/379af1263474d2f8cd1f41c2bd90273d"},"potentialAction":[{"@type":"SearchAction","target":{"@type":"EntryPoint","urlTemplate":"https:\/\/bikefit.lu\/de\/?s={search_term_string}"},"query-input":{"@type":"PropertyValueSpecification","valueRequired":true,"valueName":"search_term_string"}}],"inLanguage":"de"},{"@type":["Person","Organization"],"@id":"https:\/\/bikefit.lu\/de\/#\/schema\/person\/379af1263474d2f8cd1f41c2bd90273d","name":"Patrick Guillaume","image":{"@type":"ImageObject","inLanguage":"de","@id":"https:\/\/bikefit.lu\/wp-content\/uploads\/2024\/12\/cropped-bikefit-logoURL-RGB-jpg.jpg","url":"https:\/\/bikefit.lu\/wp-content\/uploads\/2024\/12\/cropped-bikefit-logoURL-RGB-jpg.jpg","contentUrl":"https:\/\/bikefit.lu\/wp-content\/uploads\/2024\/12\/cropped-bikefit-logoURL-RGB-jpg.jpg","width":512,"height":512,"caption":"Patrick Guillaume"},"logo":{"@id":"https:\/\/bikefit.lu\/wp-content\/uploads\/2024\/12\/cropped-bikefit-logoURL-RGB-jpg.jpg"},"sameAs":["https:\/\/bikefit.lu"],"honorificPrefix":"Mr","birthDate":"1966-11-18","gender":"male","knowsAbout":["Bike-fitting"],"knowsLanguage":["English","French","German","Luxembourgish"]}]},"og_availability":"instock","product_availability":"instock","product_condition":"new"},"_links":{"self":[{"href":"https:\/\/bikefit.lu\/de\/wp-json\/wp\/v2\/product\/78947","targetHints":{"allow":["GET"]}}],"collection":[{"href":"https:\/\/bikefit.lu\/de\/wp-json\/wp\/v2\/product"}],"about":[{"href":"https:\/\/bikefit.lu\/de\/wp-json\/wp\/v2\/types\/product"}],"replies":[{"embeddable":true,"href":"https:\/\/bikefit.lu\/de\/wp-json\/wp\/v2\/comments?post=78947"}],"version-history":[{"count":0,"href":"https:\/\/bikefit.lu\/de\/wp-json\/wp\/v2\/product\/78947\/revisions"}],"wp:featuredmedia":[{"embeddable":true,"href":"https:\/\/bikefit.lu\/de\/wp-json\/wp\/v2\/media\/77192"}],"wp:attachment":[{"href":"https:\/\/bikefit.lu\/de\/wp-json\/wp\/v2\/media?parent=78947"}],"wp:term":[{"taxonomy":"product_brand","embeddable":true,"href":"https:\/\/bikefit.lu\/de\/wp-json\/wp\/v2\/product_brand?post=78947"},{"taxonomy":"product_cat","embeddable":true,"href":"https:\/\/bikefit.lu\/de\/wp-json\/wp\/v2\/product_cat?post=78947"},{"taxonomy":"product_tag","embeddable":true,"href":"https:\/\/bikefit.lu\/de\/wp-json\/wp\/v2\/product_tag?post=78947"}],"curies":[{"name":"wp","href":"https:\/\/api.w.org\/{rel}","templated":true}]}}