{"id":78965,"date":"2023-04-28T06:14:50","date_gmt":"2023-04-28T06:14:50","guid":{"rendered":"https:\/\/staging.bikefit.lu\/shop\/unkategorisiert\/form-fersenkeile-strasse-mtb-universal\/"},"modified":"2025-06-07T13:40:49","modified_gmt":"2025-06-07T11:40:49","slug":"form-fersenkeile-strasse-mtb-universal","status":"publish","type":"product","link":"https:\/\/bikefit.lu\/de\/product\/form-fersenkeile-strasse-mtb-universal\/","title":{"rendered":"FORM\u00ae Fersenkeile &#8211; Stra\u00dfe \/ MTB universal"},"content":{"rendered":"","protected":false},"excerpt":{"rendered":"<p>&#8211; Fersenkeile werden im Schuh verwendet, um den R\u00fcckfu\u00df zu kippen und die R\u00fcckfu\u00dfvalgus\/Pronation direkt zu korrigieren und zu unterst\u00fctzen.<br \/>\n\u2022 In \u00e4hnlicher Weise wie Cleat-Keile oder Vorfu\u00df-Keile (im Schuh) hebt der Fersenkeil die eingesunkene Seite des Fu\u00dfes an, wodurch die Stabilit\u00e4t und Kontrolle erh\u00f6ht werden. Im Gegensatz zum Cleat-Keil (der den gesamten Schuh neigt) oder dem Vorfu\u00df-Keil (der den Vorfu\u00df direkt und den R\u00fcckfu\u00df indirekt neigt) justiert der Fersenkeil jedoch ausschlie\u00dflich die Ferse.<br \/>\n&#8211; Mit einer Neigung von 1 Grad k\u00f6nnen die Fersenkeile zusammen gestapelt werden, um einen steileren Winkel zu erreichen, oder in entgegengesetzten Winkeln gestapelt werden, um bei Bedarf eine Fersenerh\u00f6hung zu erzielen. Sie sind in einer Einheitsgr\u00f6\u00dfe erh\u00e4ltlich und werden auf Ma\u00df geschnitten.<\/p>\n","protected":false},"featured_media":77207,"comment_status":"closed","ping_status":"closed","template":"","meta":[],"product_brand":[],"product_cat":[4831,4782,4786],"product_tag":[5070,5053,5064],"class_list":{"0":"post-78965","1":"product","2":"type-product","3":"status-publish","4":"has-post-thumbnail","6":"product_cat-foot-pedal-interface-de","7":"product_cat-offroad-de-2","8":"product_cat-road-de","9":"product_tag-foot-pedal-interface-de","10":"product_tag-form-de","11":"product_tag-heel-wedges-de","12":"product_shipping_class-format-xs-de","14":"first","15":"instock","16":"taxable","17":"shipping-taxable","18":"purchasable","19":"product-type-variable"},"yoast_head":"<!-- This site is optimized with the Yoast SEO Premium plugin v27.3 (Yoast SEO v27.3) - https:\/\/yoast.com\/product\/yoast-seo-premium-wordpress\/ -->\n<title>FORM\u00ae Fersenkeile - Stra\u00dfe \/ MTB universal - bikefit.lu<\/title>\n<meta name=\"robots\" content=\"index, follow, max-snippet:-1, max-image-preview:large, max-video-preview:-1\" \/>\n<link rel=\"canonical\" href=\"https:\/\/bikefit.lu\/de\/product\/form-fersenkeile-strasse-mtb-universal\/\" \/>\n<meta property=\"og:locale\" content=\"de_DE\" \/>\n<meta property=\"og:type\" content=\"article\" \/>\n<meta property=\"og:title\" content=\"FORM\u00ae Fersenkeile - Stra\u00dfe \/ MTB universal\" \/>\n<meta property=\"og:description\" content=\"- Fersenkeile werden im Schuh verwendet, um den R\u00fcckfu\u00df zu kippen und die R\u00fcckfu\u00dfvalgus\/Pronation direkt zu korrigieren und zu unterst\u00fctzen. \u2022 In \u00e4hnlicher Weise wie Cleat-Keile oder Vorfu\u00df-Keile (im Schuh) hebt der Fersenkeil die eingesunkene Seite des Fu\u00dfes an, wodurch die Stabilit\u00e4t und Kontrolle erh\u00f6ht werden. Im Gegensatz zum Cleat-Keil (der den gesamten Schuh neigt) oder dem Vorfu\u00df-Keil (der den Vorfu\u00df direkt und den R\u00fcckfu\u00df indirekt neigt) justiert der Fersenkeil jedoch ausschlie\u00dflich die Ferse. - Mit einer Neigung von 1 Grad k\u00f6nnen die Fersenkeile zusammen gestapelt werden, um einen steileren Winkel zu erreichen, oder in entgegengesetzten Winkeln gestapelt werden, um bei Bedarf eine Fersenerh\u00f6hung zu erzielen. Sie sind in einer Einheitsgr\u00f6\u00dfe erh\u00e4ltlich und werden auf Ma\u00df geschnitten.\" \/>\n<meta property=\"og:url\" content=\"https:\/\/bikefit.lu\/de\/product\/form-fersenkeile-strasse-mtb-universal\/\" \/>\n<meta property=\"og:site_name\" content=\"bikefit.lu\" \/>\n<meta property=\"article:modified_time\" content=\"2025-06-07T11:40:49+00:00\" \/>\n<meta property=\"og:image\" content=\"https:\/\/bikefit.lu\/wp-content\/uploads\/2023\/04\/05a-heel-wedge-1.webp\" \/>\n\t<meta property=\"og:image:width\" content=\"1920\" \/>\n\t<meta property=\"og:image:height\" content=\"1920\" \/>\n\t<meta property=\"og:image:type\" content=\"image\/webp\" \/>\n<meta name=\"twitter:card\" content=\"summary_large_image\" \/>\n<meta name=\"twitter:label1\" content=\"Verf\u00fcgbarkeit\" \/>\n\t<meta name=\"twitter:data1\" content=\"Auf Lager\" \/>\n<script type=\"application\/ld+json\" class=\"yoast-schema-graph\">{\"@context\":\"https:\\\/\\\/schema.org\",\"@graph\":[{\"@type\":\"WebPage\",\"@id\":\"https:\\\/\\\/bikefit.lu\\\/de\\\/product\\\/form-fersenkeile-strasse-mtb-universal\\\/\",\"url\":\"https:\\\/\\\/bikefit.lu\\\/de\\\/product\\\/form-fersenkeile-strasse-mtb-universal\\\/\",\"name\":\"FORM\u00ae Fersenkeile - Stra\u00dfe \\\/ MTB universal - bikefit.lu\",\"isPartOf\":{\"@id\":\"https:\\\/\\\/bikefit.lu\\\/de\\\/#website\"},\"primaryImageOfPage\":{\"@id\":\"https:\\\/\\\/bikefit.lu\\\/de\\\/product\\\/form-fersenkeile-strasse-mtb-universal\\\/#primaryimage\"},\"image\":{\"@id\":\"https:\\\/\\\/bikefit.lu\\\/de\\\/product\\\/form-fersenkeile-strasse-mtb-universal\\\/#primaryimage\"},\"thumbnailUrl\":\"https:\\\/\\\/bikefit.lu\\\/wp-content\\\/uploads\\\/2023\\\/04\\\/05a-heel-wedge-1.webp\",\"datePublished\":\"2023-04-28T06:14:50+00:00\",\"dateModified\":\"2025-06-07T11:40:49+00:00\",\"breadcrumb\":{\"@id\":\"https:\\\/\\\/bikefit.lu\\\/de\\\/product\\\/form-fersenkeile-strasse-mtb-universal\\\/#breadcrumb\"},\"inLanguage\":\"de\",\"potentialAction\":[{\"@type\":\"ReadAction\",\"target\":[\"https:\\\/\\\/bikefit.lu\\\/de\\\/product\\\/form-fersenkeile-strasse-mtb-universal\\\/\"]}]},{\"@type\":\"ImageObject\",\"inLanguage\":\"de\",\"@id\":\"https:\\\/\\\/bikefit.lu\\\/de\\\/product\\\/form-fersenkeile-strasse-mtb-universal\\\/#primaryimage\",\"url\":\"https:\\\/\\\/bikefit.lu\\\/wp-content\\\/uploads\\\/2023\\\/04\\\/05a-heel-wedge-1.webp\",\"contentUrl\":\"https:\\\/\\\/bikefit.lu\\\/wp-content\\\/uploads\\\/2023\\\/04\\\/05a-heel-wedge-1.webp\",\"width\":1920,\"height\":1920},{\"@type\":\"BreadcrumbList\",\"@id\":\"https:\\\/\\\/bikefit.lu\\\/de\\\/product\\\/form-fersenkeile-strasse-mtb-universal\\\/#breadcrumb\",\"itemListElement\":[{\"@type\":\"ListItem\",\"position\":1,\"name\":\"Home\",\"item\":\"https:\\\/\\\/bikefit.lu\\\/de\\\/\"},{\"@type\":\"ListItem\",\"position\":2,\"name\":\"Produkte\",\"item\":\"https:\\\/\\\/bikefit.lu\\\/de\\\/shop\\\/\"},{\"@type\":\"ListItem\",\"position\":3,\"name\":\"FORM\u00ae Fersenkeile &#8211; Stra\u00dfe \\\/ MTB universal\"}]},{\"@type\":\"WebSite\",\"@id\":\"https:\\\/\\\/bikefit.lu\\\/de\\\/#website\",\"url\":\"https:\\\/\\\/bikefit.lu\\\/de\\\/\",\"name\":\"bikefit.lu\",\"description\":\"IMPROVING CYCLING\",\"publisher\":{\"@id\":\"https:\\\/\\\/bikefit.lu\\\/de\\\/#\\\/schema\\\/person\\\/379af1263474d2f8cd1f41c2bd90273d\"},\"potentialAction\":[{\"@type\":\"SearchAction\",\"target\":{\"@type\":\"EntryPoint\",\"urlTemplate\":\"https:\\\/\\\/bikefit.lu\\\/de\\\/?s={search_term_string}\"},\"query-input\":{\"@type\":\"PropertyValueSpecification\",\"valueRequired\":true,\"valueName\":\"search_term_string\"}}],\"inLanguage\":\"de\"},{\"@type\":[\"Person\",\"Organization\"],\"@id\":\"https:\\\/\\\/bikefit.lu\\\/de\\\/#\\\/schema\\\/person\\\/379af1263474d2f8cd1f41c2bd90273d\",\"name\":\"Patrick Guillaume\",\"image\":{\"@type\":\"ImageObject\",\"inLanguage\":\"de\",\"@id\":\"https:\\\/\\\/bikefit.lu\\\/wp-content\\\/uploads\\\/2024\\\/12\\\/cropped-bikefit-logoURL-RGB-jpg.jpg\",\"url\":\"https:\\\/\\\/bikefit.lu\\\/wp-content\\\/uploads\\\/2024\\\/12\\\/cropped-bikefit-logoURL-RGB-jpg.jpg\",\"contentUrl\":\"https:\\\/\\\/bikefit.lu\\\/wp-content\\\/uploads\\\/2024\\\/12\\\/cropped-bikefit-logoURL-RGB-jpg.jpg\",\"width\":512,\"height\":512,\"caption\":\"Patrick Guillaume\"},\"logo\":{\"@id\":\"https:\\\/\\\/bikefit.lu\\\/wp-content\\\/uploads\\\/2024\\\/12\\\/cropped-bikefit-logoURL-RGB-jpg.jpg\"},\"sameAs\":[\"https:\\\/\\\/bikefit.lu\"],\"honorificPrefix\":\"Mr\",\"birthDate\":\"1966-11-18\",\"gender\":\"male\",\"knowsAbout\":[\"Bike-fitting\"],\"knowsLanguage\":[\"English\",\"French\",\"German\",\"Luxembourgish\"]}]}<\/script>\n<meta property=\"og:availability\" content=\"instock\" \/>\n<meta property=\"product:availability\" content=\"instock\" \/>\n<meta property=\"product:condition\" content=\"new\" \/>\n<!-- \/ Yoast SEO Premium plugin. -->","yoast_head_json":{"title":"FORM\u00ae Fersenkeile - Stra\u00dfe \/ MTB universal - bikefit.lu","robots":{"index":"index","follow":"follow","max-snippet":"max-snippet:-1","max-image-preview":"max-image-preview:large","max-video-preview":"max-video-preview:-1"},"canonical":"https:\/\/bikefit.lu\/de\/product\/form-fersenkeile-strasse-mtb-universal\/","og_locale":"de_DE","og_type":"article","og_title":"FORM\u00ae Fersenkeile - Stra\u00dfe \/ MTB universal","og_description":"- Fersenkeile werden im Schuh verwendet, um den R\u00fcckfu\u00df zu kippen und die R\u00fcckfu\u00dfvalgus\/Pronation direkt zu korrigieren und zu unterst\u00fctzen. \u2022 In \u00e4hnlicher Weise wie Cleat-Keile oder Vorfu\u00df-Keile (im Schuh) hebt der Fersenkeil die eingesunkene Seite des Fu\u00dfes an, wodurch die Stabilit\u00e4t und Kontrolle erh\u00f6ht werden. Im Gegensatz zum Cleat-Keil (der den gesamten Schuh neigt) oder dem Vorfu\u00df-Keil (der den Vorfu\u00df direkt und den R\u00fcckfu\u00df indirekt neigt) justiert der Fersenkeil jedoch ausschlie\u00dflich die Ferse. - Mit einer Neigung von 1 Grad k\u00f6nnen die Fersenkeile zusammen gestapelt werden, um einen steileren Winkel zu erreichen, oder in entgegengesetzten Winkeln gestapelt werden, um bei Bedarf eine Fersenerh\u00f6hung zu erzielen. Sie sind in einer Einheitsgr\u00f6\u00dfe erh\u00e4ltlich und werden auf Ma\u00df geschnitten.","og_url":"https:\/\/bikefit.lu\/de\/product\/form-fersenkeile-strasse-mtb-universal\/","og_site_name":"bikefit.lu","article_modified_time":"2025-06-07T11:40:49+00:00","og_image":[{"width":1920,"height":1920,"url":"https:\/\/bikefit.lu\/wp-content\/uploads\/2023\/04\/05a-heel-wedge-1.webp","type":"image\/webp"}],"twitter_card":"summary_large_image","twitter_misc":{"Verf\u00fcgbarkeit":"Auf Lager"},"schema":{"@context":"https:\/\/schema.org","@graph":[{"@type":"WebPage","@id":"https:\/\/bikefit.lu\/de\/product\/form-fersenkeile-strasse-mtb-universal\/","url":"https:\/\/bikefit.lu\/de\/product\/form-fersenkeile-strasse-mtb-universal\/","name":"FORM\u00ae Fersenkeile - Stra\u00dfe \/ MTB universal - bikefit.lu","isPartOf":{"@id":"https:\/\/bikefit.lu\/de\/#website"},"primaryImageOfPage":{"@id":"https:\/\/bikefit.lu\/de\/product\/form-fersenkeile-strasse-mtb-universal\/#primaryimage"},"image":{"@id":"https:\/\/bikefit.lu\/de\/product\/form-fersenkeile-strasse-mtb-universal\/#primaryimage"},"thumbnailUrl":"https:\/\/bikefit.lu\/wp-content\/uploads\/2023\/04\/05a-heel-wedge-1.webp","datePublished":"2023-04-28T06:14:50+00:00","dateModified":"2025-06-07T11:40:49+00:00","breadcrumb":{"@id":"https:\/\/bikefit.lu\/de\/product\/form-fersenkeile-strasse-mtb-universal\/#breadcrumb"},"inLanguage":"de","potentialAction":[{"@type":"ReadAction","target":["https:\/\/bikefit.lu\/de\/product\/form-fersenkeile-strasse-mtb-universal\/"]}]},{"@type":"ImageObject","inLanguage":"de","@id":"https:\/\/bikefit.lu\/de\/product\/form-fersenkeile-strasse-mtb-universal\/#primaryimage","url":"https:\/\/bikefit.lu\/wp-content\/uploads\/2023\/04\/05a-heel-wedge-1.webp","contentUrl":"https:\/\/bikefit.lu\/wp-content\/uploads\/2023\/04\/05a-heel-wedge-1.webp","width":1920,"height":1920},{"@type":"BreadcrumbList","@id":"https:\/\/bikefit.lu\/de\/product\/form-fersenkeile-strasse-mtb-universal\/#breadcrumb","itemListElement":[{"@type":"ListItem","position":1,"name":"Home","item":"https:\/\/bikefit.lu\/de\/"},{"@type":"ListItem","position":2,"name":"Produkte","item":"https:\/\/bikefit.lu\/de\/shop\/"},{"@type":"ListItem","position":3,"name":"FORM\u00ae Fersenkeile &#8211; Stra\u00dfe \/ MTB universal"}]},{"@type":"WebSite","@id":"https:\/\/bikefit.lu\/de\/#website","url":"https:\/\/bikefit.lu\/de\/","name":"bikefit.lu","description":"IMPROVING CYCLING","publisher":{"@id":"https:\/\/bikefit.lu\/de\/#\/schema\/person\/379af1263474d2f8cd1f41c2bd90273d"},"potentialAction":[{"@type":"SearchAction","target":{"@type":"EntryPoint","urlTemplate":"https:\/\/bikefit.lu\/de\/?s={search_term_string}"},"query-input":{"@type":"PropertyValueSpecification","valueRequired":true,"valueName":"search_term_string"}}],"inLanguage":"de"},{"@type":["Person","Organization"],"@id":"https:\/\/bikefit.lu\/de\/#\/schema\/person\/379af1263474d2f8cd1f41c2bd90273d","name":"Patrick Guillaume","image":{"@type":"ImageObject","inLanguage":"de","@id":"https:\/\/bikefit.lu\/wp-content\/uploads\/2024\/12\/cropped-bikefit-logoURL-RGB-jpg.jpg","url":"https:\/\/bikefit.lu\/wp-content\/uploads\/2024\/12\/cropped-bikefit-logoURL-RGB-jpg.jpg","contentUrl":"https:\/\/bikefit.lu\/wp-content\/uploads\/2024\/12\/cropped-bikefit-logoURL-RGB-jpg.jpg","width":512,"height":512,"caption":"Patrick Guillaume"},"logo":{"@id":"https:\/\/bikefit.lu\/wp-content\/uploads\/2024\/12\/cropped-bikefit-logoURL-RGB-jpg.jpg"},"sameAs":["https:\/\/bikefit.lu"],"honorificPrefix":"Mr","birthDate":"1966-11-18","gender":"male","knowsAbout":["Bike-fitting"],"knowsLanguage":["English","French","German","Luxembourgish"]}]},"og_availability":"instock","product_availability":"instock","product_condition":"new"},"_links":{"self":[{"href":"https:\/\/bikefit.lu\/de\/wp-json\/wp\/v2\/product\/78965","targetHints":{"allow":["GET"]}}],"collection":[{"href":"https:\/\/bikefit.lu\/de\/wp-json\/wp\/v2\/product"}],"about":[{"href":"https:\/\/bikefit.lu\/de\/wp-json\/wp\/v2\/types\/product"}],"replies":[{"embeddable":true,"href":"https:\/\/bikefit.lu\/de\/wp-json\/wp\/v2\/comments?post=78965"}],"version-history":[{"count":0,"href":"https:\/\/bikefit.lu\/de\/wp-json\/wp\/v2\/product\/78965\/revisions"}],"wp:featuredmedia":[{"embeddable":true,"href":"https:\/\/bikefit.lu\/de\/wp-json\/wp\/v2\/media\/77207"}],"wp:attachment":[{"href":"https:\/\/bikefit.lu\/de\/wp-json\/wp\/v2\/media?parent=78965"}],"wp:term":[{"taxonomy":"product_brand","embeddable":true,"href":"https:\/\/bikefit.lu\/de\/wp-json\/wp\/v2\/product_brand?post=78965"},{"taxonomy":"product_cat","embeddable":true,"href":"https:\/\/bikefit.lu\/de\/wp-json\/wp\/v2\/product_cat?post=78965"},{"taxonomy":"product_tag","embeddable":true,"href":"https:\/\/bikefit.lu\/de\/wp-json\/wp\/v2\/product_tag?post=78965"}],"curies":[{"name":"wp","href":"https:\/\/api.w.org\/{rel}","templated":true}]}}