{"id":79325,"date":"2022-10-14T09:17:52","date_gmt":"2022-10-14T09:17:52","guid":{"rendered":"https:\/\/staging.bikefit.lu\/shop\/unkategorisiert\/form-ml9-wahoo-speedplay-grundplattenverlaengerungen\/"},"modified":"2025-04-17T11:07:05","modified_gmt":"2025-04-17T09:07:05","slug":"form-ml9-wahoo-speedplay-grundplattenverlaengerungen","status":"publish","type":"product","link":"https:\/\/bikefit.lu\/de\/product\/form-ml9-wahoo-speedplay-grundplattenverlaengerungen\/","title":{"rendered":"Form\u00ae ML9 Verl\u00e4ngerungsplatte f\u00fcr Wahoo Speedplay"},"content":{"rendered":"<div id=\"description\">\n<p>KIT ENTH\u00c4LT:<\/p>\n<ul>\n<li>L &amp; R &#8211; Zwei Platten \/ Grundplattenschrauben \/ Cleatschrauben \/ Mini-Torx-Werkzeug<\/li>\n<li>L IN \/ R OUT &#8211; Einzelplatte \/ Grundplattenschrauben \/ Cleatschrauben \/ Mini-Torx-Werkzeug<\/li>\n<li>R IN \/ L OUT &#8211; Einzelplatte \/ Grundplattenschrauben \/ Cleatschrauben \/ Mini-Torx-Werkzeug<\/li>\n<\/ul>\n<p><em>*Bitte beachten:<\/em><\/p>\n<ul>\n<li><em> Diese Platten sind f\u00fcr die Verwendung von Torx-Senkkopfschrauben (im Lieferumfang enthalten) vorgesehen. Die Verwendung anderer Schrauben k\u00f6nnte zu unzureichenden Ergebnissen f\u00fchren. <\/em><\/li>\n<li><em>In einigen Konfigurationen kann ein geringf\u00fcgiges Trimmen der blauen Speedplay-Keile erforderlich sein, um eine maximale Einstellung nach hinten zu erreichen. Dies l\u00e4sst sich leicht mit einem Bastelmesser, einem Bohrer oder beidem bewerkstelligen.  <\/em><em>Bitte sehen Sie sich die Bildergalerie an oder kontaktieren Sie uns f\u00fcr weitere Informationen.<\/em><\/li>\n<\/ul>\n<\/div>\n","protected":false},"excerpt":{"rendered":"<p id=\"isPasted\">Die FORM Speedplay-Extenderplatten bieten Fahrern zus\u00e4tzliche Einstellm\u00f6glichkeiten au\u00dferhalb des Bereichs der Standard-Speedplay-Grundplatte. Dazu geh\u00f6ren die Einstellung nach hinten, die mediale Einstellung oder die seitliche Einstellung. Mit drei verschiedenen Plattenoptionen stehen Ihnen zahlreiche Konfigurationen zur Verf\u00fcgung.  <\/p>\n<p>Die ML9 ist eine Platte, die ausschlie\u00dflich f\u00fcr die mediale oder laterale Einstellung gedacht ist und im Vergleich zu einer Standard-Speedplay-Basisplatte eine zus\u00e4tzliche seitliche Einstellung von bis zu 9 mm bietet. Die Verwendung dieser Platte ist eine intelligente M\u00f6glichkeit f\u00fcr gr\u00f6\u00dfere oder kleinere Fahrer, ihre Standbreite auf dem Fahrrad zu vergr\u00f6\u00dfern oder zu verringern. Die Platte hat zwei L\u00f6cher zur Befestigung der Schuhplatten, eines in der Standardposition und eines in der medialen\/lateralen Position.  <\/p>\n<p>Anmerkung. Die ML9 verliert die letzten 3 mm der hinteren Plattenverstellung im Vergleich zu einer Standard-Speedplay-Grundplatte. Verwenden Sie diese Platte nur, wenn Ihr Schuh ausreichend nach hinten verstellbar ist.  <em> <\/em><\/p>\n","protected":false},"featured_media":88401,"comment_status":"closed","ping_status":"closed","template":"","meta":[],"product_brand":[],"product_cat":[4831,4786],"product_tag":[4935,5495,5070,5053,5125,5175],"class_list":{"0":"post-79325","1":"product","2":"type-product","3":"status-publish","4":"has-post-thumbnail","6":"product_cat-foot-pedal-interface-de","7":"product_cat-road-de","8":"product_tag-4-hole-de","9":"product_tag-cleat-verlangerungsplatte","10":"product_tag-foot-pedal-interface-de","11":"product_tag-form-de","12":"product_tag-road-de","13":"product_tag-wahoo-speedplay-de","15":"first","16":"instock","17":"taxable","18":"shipping-taxable","19":"purchasable","20":"product-type-variable"},"group_of_quantity":0,"min_quantity":0,"max_quantity":"","exclude_order_quantity_value_rules":"no","exclude_category_quantity_rules":"no","combine_variations":"no","yoast_head":"<!-- This site is optimized with the Yoast SEO Premium plugin v27.4 (Yoast SEO v27.4) - https:\/\/yoast.com\/product\/yoast-seo-premium-wordpress\/ -->\n<title>Form\u00ae ML9 Verl\u00e4ngerungsplatte f\u00fcr Wahoo Speedplay - bikefit.lu<\/title>\n<meta name=\"robots\" content=\"index, follow, max-snippet:-1, max-image-preview:large, max-video-preview:-1\" \/>\n<link rel=\"canonical\" href=\"https:\/\/bikefit.lu\/de\/product\/form-ml9-wahoo-speedplay-grundplattenverlaengerungen\/\" \/>\n<meta property=\"og:locale\" content=\"de_DE\" \/>\n<meta property=\"og:type\" content=\"article\" \/>\n<meta property=\"og:title\" content=\"Form\u00ae ML9 Verl\u00e4ngerungsplatte f\u00fcr Wahoo Speedplay\" \/>\n<meta property=\"og:description\" content=\"Die FORM Speedplay-Extenderplatten bieten Fahrern zus\u00e4tzliche Einstellm\u00f6glichkeiten au\u00dferhalb des Bereichs der Standard-Speedplay-Grundplatte. Dazu geh\u00f6ren die Einstellung nach hinten, die mediale Einstellung oder die seitliche Einstellung. Mit drei verschiedenen Plattenoptionen stehen Ihnen zahlreiche Konfigurationen zur Verf\u00fcgung.  Die ML9 ist eine Platte, die ausschlie\u00dflich f\u00fcr die mediale oder laterale Einstellung gedacht ist und im Vergleich zu einer Standard-Speedplay-Basisplatte eine zus\u00e4tzliche seitliche Einstellung von bis zu 9 mm bietet. Die Verwendung dieser Platte ist eine intelligente M\u00f6glichkeit f\u00fcr gr\u00f6\u00dfere oder kleinere Fahrer, ihre Standbreite auf dem Fahrrad zu vergr\u00f6\u00dfern oder zu verringern. Die Platte hat zwei L\u00f6cher zur Befestigung der Schuhplatten, eines in der Standardposition und eines in der medialen\/lateralen Position.  Anmerkung. Die ML9 verliert die letzten 3 mm der hinteren Plattenverstellung im Vergleich zu einer Standard-Speedplay-Grundplatte. Verwenden Sie diese Platte nur, wenn Ihr Schuh ausreichend nach hinten verstellbar ist.\" \/>\n<meta property=\"og:url\" content=\"https:\/\/bikefit.lu\/de\/product\/form-ml9-wahoo-speedplay-grundplattenverlaengerungen\/\" \/>\n<meta property=\"og:site_name\" content=\"bikefit.lu\" \/>\n<meta property=\"article:modified_time\" content=\"2025-04-17T09:07:05+00:00\" \/>\n<meta property=\"og:image\" content=\"https:\/\/bikefit.lu\/wp-content\/uploads\/2024\/12\/ml9.webp\" \/>\n\t<meta property=\"og:image:width\" content=\"1920\" \/>\n\t<meta property=\"og:image:height\" content=\"1920\" \/>\n\t<meta property=\"og:image:type\" content=\"image\/webp\" \/>\n<meta name=\"twitter:card\" content=\"summary_large_image\" \/>\n<meta name=\"twitter:label1\" content=\"Verf\u00fcgbarkeit\" \/>\n\t<meta name=\"twitter:data1\" content=\"Auf Lager\" \/>\n<script type=\"application\/ld+json\" class=\"yoast-schema-graph\">{\"@context\":\"https:\\\/\\\/schema.org\",\"@graph\":[{\"@type\":\"WebPage\",\"@id\":\"https:\\\/\\\/bikefit.lu\\\/de\\\/product\\\/form-ml9-wahoo-speedplay-grundplattenverlaengerungen\\\/\",\"url\":\"https:\\\/\\\/bikefit.lu\\\/de\\\/product\\\/form-ml9-wahoo-speedplay-grundplattenverlaengerungen\\\/\",\"name\":\"Form\u00ae ML9 Verl\u00e4ngerungsplatte f\u00fcr Wahoo Speedplay - bikefit.lu\",\"isPartOf\":{\"@id\":\"https:\\\/\\\/bikefit.lu\\\/de\\\/#website\"},\"primaryImageOfPage\":{\"@id\":\"https:\\\/\\\/bikefit.lu\\\/de\\\/product\\\/form-ml9-wahoo-speedplay-grundplattenverlaengerungen\\\/#primaryimage\"},\"image\":{\"@id\":\"https:\\\/\\\/bikefit.lu\\\/de\\\/product\\\/form-ml9-wahoo-speedplay-grundplattenverlaengerungen\\\/#primaryimage\"},\"thumbnailUrl\":\"https:\\\/\\\/bikefit.lu\\\/wp-content\\\/uploads\\\/2024\\\/12\\\/ml9.webp\",\"datePublished\":\"2022-10-14T09:17:52+00:00\",\"dateModified\":\"2025-04-17T09:07:05+00:00\",\"breadcrumb\":{\"@id\":\"https:\\\/\\\/bikefit.lu\\\/de\\\/product\\\/form-ml9-wahoo-speedplay-grundplattenverlaengerungen\\\/#breadcrumb\"},\"inLanguage\":\"de\",\"potentialAction\":[{\"@type\":\"ReadAction\",\"target\":[\"https:\\\/\\\/bikefit.lu\\\/de\\\/product\\\/form-ml9-wahoo-speedplay-grundplattenverlaengerungen\\\/\"]}]},{\"@type\":\"ImageObject\",\"inLanguage\":\"de\",\"@id\":\"https:\\\/\\\/bikefit.lu\\\/de\\\/product\\\/form-ml9-wahoo-speedplay-grundplattenverlaengerungen\\\/#primaryimage\",\"url\":\"https:\\\/\\\/bikefit.lu\\\/wp-content\\\/uploads\\\/2024\\\/12\\\/ml9.webp\",\"contentUrl\":\"https:\\\/\\\/bikefit.lu\\\/wp-content\\\/uploads\\\/2024\\\/12\\\/ml9.webp\",\"width\":1920,\"height\":1920},{\"@type\":\"BreadcrumbList\",\"@id\":\"https:\\\/\\\/bikefit.lu\\\/de\\\/product\\\/form-ml9-wahoo-speedplay-grundplattenverlaengerungen\\\/#breadcrumb\",\"itemListElement\":[{\"@type\":\"ListItem\",\"position\":1,\"name\":\"Home\",\"item\":\"https:\\\/\\\/bikefit.lu\\\/de\\\/\"},{\"@type\":\"ListItem\",\"position\":2,\"name\":\"Shop\",\"item\":\"https:\\\/\\\/bikefit.lu\\\/de\\\/shop\\\/\"},{\"@type\":\"ListItem\",\"position\":3,\"name\":\"Form\u00ae ML9 Verl\u00e4ngerungsplatte f\u00fcr Wahoo Speedplay\"}]},{\"@type\":\"WebSite\",\"@id\":\"https:\\\/\\\/bikefit.lu\\\/de\\\/#website\",\"url\":\"https:\\\/\\\/bikefit.lu\\\/de\\\/\",\"name\":\"bikefit.lu\",\"description\":\"IMPROVING CYCLING\",\"publisher\":{\"@id\":\"https:\\\/\\\/bikefit.lu\\\/de\\\/#\\\/schema\\\/person\\\/379af1263474d2f8cd1f41c2bd90273d\"},\"potentialAction\":[{\"@type\":\"SearchAction\",\"target\":{\"@type\":\"EntryPoint\",\"urlTemplate\":\"https:\\\/\\\/bikefit.lu\\\/de\\\/?s={search_term_string}\"},\"query-input\":{\"@type\":\"PropertyValueSpecification\",\"valueRequired\":true,\"valueName\":\"search_term_string\"}}],\"inLanguage\":\"de\"},{\"@type\":[\"Person\",\"Organization\"],\"@id\":\"https:\\\/\\\/bikefit.lu\\\/de\\\/#\\\/schema\\\/person\\\/379af1263474d2f8cd1f41c2bd90273d\",\"name\":\"Patrick Guillaume\",\"image\":{\"@type\":\"ImageObject\",\"inLanguage\":\"de\",\"@id\":\"https:\\\/\\\/bikefit.lu\\\/wp-content\\\/uploads\\\/2024\\\/12\\\/cropped-bikefit-logoURL-RGB-jpg.jpg\",\"url\":\"https:\\\/\\\/bikefit.lu\\\/wp-content\\\/uploads\\\/2024\\\/12\\\/cropped-bikefit-logoURL-RGB-jpg.jpg\",\"contentUrl\":\"https:\\\/\\\/bikefit.lu\\\/wp-content\\\/uploads\\\/2024\\\/12\\\/cropped-bikefit-logoURL-RGB-jpg.jpg\",\"width\":512,\"height\":512,\"caption\":\"Patrick Guillaume\"},\"logo\":{\"@id\":\"https:\\\/\\\/bikefit.lu\\\/wp-content\\\/uploads\\\/2024\\\/12\\\/cropped-bikefit-logoURL-RGB-jpg.jpg\"},\"sameAs\":[\"https:\\\/\\\/bikefit.lu\"],\"honorificPrefix\":\"Mr\",\"birthDate\":\"1966-11-18\",\"gender\":\"male\",\"knowsAbout\":[\"Bike-fitting\"],\"knowsLanguage\":[\"English\",\"French\",\"German\",\"Luxembourgish\"]}]}<\/script>\n<meta property=\"og:availability\" content=\"instock\" \/>\n<meta property=\"product:availability\" content=\"instock\" \/>\n<meta property=\"product:condition\" content=\"new\" \/>\n<!-- \/ Yoast SEO Premium plugin. -->","yoast_head_json":{"title":"Form\u00ae ML9 Verl\u00e4ngerungsplatte f\u00fcr Wahoo Speedplay - bikefit.lu","robots":{"index":"index","follow":"follow","max-snippet":"max-snippet:-1","max-image-preview":"max-image-preview:large","max-video-preview":"max-video-preview:-1"},"canonical":"https:\/\/bikefit.lu\/de\/product\/form-ml9-wahoo-speedplay-grundplattenverlaengerungen\/","og_locale":"de_DE","og_type":"article","og_title":"Form\u00ae ML9 Verl\u00e4ngerungsplatte f\u00fcr Wahoo Speedplay","og_description":"Die FORM Speedplay-Extenderplatten bieten Fahrern zus\u00e4tzliche Einstellm\u00f6glichkeiten au\u00dferhalb des Bereichs der Standard-Speedplay-Grundplatte. Dazu geh\u00f6ren die Einstellung nach hinten, die mediale Einstellung oder die seitliche Einstellung. Mit drei verschiedenen Plattenoptionen stehen Ihnen zahlreiche Konfigurationen zur Verf\u00fcgung.  Die ML9 ist eine Platte, die ausschlie\u00dflich f\u00fcr die mediale oder laterale Einstellung gedacht ist und im Vergleich zu einer Standard-Speedplay-Basisplatte eine zus\u00e4tzliche seitliche Einstellung von bis zu 9 mm bietet. Die Verwendung dieser Platte ist eine intelligente M\u00f6glichkeit f\u00fcr gr\u00f6\u00dfere oder kleinere Fahrer, ihre Standbreite auf dem Fahrrad zu vergr\u00f6\u00dfern oder zu verringern. Die Platte hat zwei L\u00f6cher zur Befestigung der Schuhplatten, eines in der Standardposition und eines in der medialen\/lateralen Position.  Anmerkung. Die ML9 verliert die letzten 3 mm der hinteren Plattenverstellung im Vergleich zu einer Standard-Speedplay-Grundplatte. Verwenden Sie diese Platte nur, wenn Ihr Schuh ausreichend nach hinten verstellbar ist.","og_url":"https:\/\/bikefit.lu\/de\/product\/form-ml9-wahoo-speedplay-grundplattenverlaengerungen\/","og_site_name":"bikefit.lu","article_modified_time":"2025-04-17T09:07:05+00:00","og_image":[{"width":1920,"height":1920,"url":"https:\/\/bikefit.lu\/wp-content\/uploads\/2024\/12\/ml9.webp","type":"image\/webp"}],"twitter_card":"summary_large_image","twitter_misc":{"Verf\u00fcgbarkeit":"Auf Lager"},"schema":{"@context":"https:\/\/schema.org","@graph":[{"@type":"WebPage","@id":"https:\/\/bikefit.lu\/de\/product\/form-ml9-wahoo-speedplay-grundplattenverlaengerungen\/","url":"https:\/\/bikefit.lu\/de\/product\/form-ml9-wahoo-speedplay-grundplattenverlaengerungen\/","name":"Form\u00ae ML9 Verl\u00e4ngerungsplatte f\u00fcr Wahoo Speedplay - bikefit.lu","isPartOf":{"@id":"https:\/\/bikefit.lu\/de\/#website"},"primaryImageOfPage":{"@id":"https:\/\/bikefit.lu\/de\/product\/form-ml9-wahoo-speedplay-grundplattenverlaengerungen\/#primaryimage"},"image":{"@id":"https:\/\/bikefit.lu\/de\/product\/form-ml9-wahoo-speedplay-grundplattenverlaengerungen\/#primaryimage"},"thumbnailUrl":"https:\/\/bikefit.lu\/wp-content\/uploads\/2024\/12\/ml9.webp","datePublished":"2022-10-14T09:17:52+00:00","dateModified":"2025-04-17T09:07:05+00:00","breadcrumb":{"@id":"https:\/\/bikefit.lu\/de\/product\/form-ml9-wahoo-speedplay-grundplattenverlaengerungen\/#breadcrumb"},"inLanguage":"de","potentialAction":[{"@type":"ReadAction","target":["https:\/\/bikefit.lu\/de\/product\/form-ml9-wahoo-speedplay-grundplattenverlaengerungen\/"]}]},{"@type":"ImageObject","inLanguage":"de","@id":"https:\/\/bikefit.lu\/de\/product\/form-ml9-wahoo-speedplay-grundplattenverlaengerungen\/#primaryimage","url":"https:\/\/bikefit.lu\/wp-content\/uploads\/2024\/12\/ml9.webp","contentUrl":"https:\/\/bikefit.lu\/wp-content\/uploads\/2024\/12\/ml9.webp","width":1920,"height":1920},{"@type":"BreadcrumbList","@id":"https:\/\/bikefit.lu\/de\/product\/form-ml9-wahoo-speedplay-grundplattenverlaengerungen\/#breadcrumb","itemListElement":[{"@type":"ListItem","position":1,"name":"Home","item":"https:\/\/bikefit.lu\/de\/"},{"@type":"ListItem","position":2,"name":"Shop","item":"https:\/\/bikefit.lu\/de\/shop\/"},{"@type":"ListItem","position":3,"name":"Form\u00ae ML9 Verl\u00e4ngerungsplatte f\u00fcr Wahoo Speedplay"}]},{"@type":"WebSite","@id":"https:\/\/bikefit.lu\/de\/#website","url":"https:\/\/bikefit.lu\/de\/","name":"bikefit.lu","description":"IMPROVING CYCLING","publisher":{"@id":"https:\/\/bikefit.lu\/de\/#\/schema\/person\/379af1263474d2f8cd1f41c2bd90273d"},"potentialAction":[{"@type":"SearchAction","target":{"@type":"EntryPoint","urlTemplate":"https:\/\/bikefit.lu\/de\/?s={search_term_string}"},"query-input":{"@type":"PropertyValueSpecification","valueRequired":true,"valueName":"search_term_string"}}],"inLanguage":"de"},{"@type":["Person","Organization"],"@id":"https:\/\/bikefit.lu\/de\/#\/schema\/person\/379af1263474d2f8cd1f41c2bd90273d","name":"Patrick Guillaume","image":{"@type":"ImageObject","inLanguage":"de","@id":"https:\/\/bikefit.lu\/wp-content\/uploads\/2024\/12\/cropped-bikefit-logoURL-RGB-jpg.jpg","url":"https:\/\/bikefit.lu\/wp-content\/uploads\/2024\/12\/cropped-bikefit-logoURL-RGB-jpg.jpg","contentUrl":"https:\/\/bikefit.lu\/wp-content\/uploads\/2024\/12\/cropped-bikefit-logoURL-RGB-jpg.jpg","width":512,"height":512,"caption":"Patrick Guillaume"},"logo":{"@id":"https:\/\/bikefit.lu\/wp-content\/uploads\/2024\/12\/cropped-bikefit-logoURL-RGB-jpg.jpg"},"sameAs":["https:\/\/bikefit.lu"],"honorificPrefix":"Mr","birthDate":"1966-11-18","gender":"male","knowsAbout":["Bike-fitting"],"knowsLanguage":["English","French","German","Luxembourgish"]}]},"og_availability":"instock","product_availability":"instock","product_condition":"new"},"_links":{"self":[{"href":"https:\/\/bikefit.lu\/de\/wp-json\/wp\/v2\/product\/79325","targetHints":{"allow":["GET"]}}],"collection":[{"href":"https:\/\/bikefit.lu\/de\/wp-json\/wp\/v2\/product"}],"about":[{"href":"https:\/\/bikefit.lu\/de\/wp-json\/wp\/v2\/types\/product"}],"replies":[{"embeddable":true,"href":"https:\/\/bikefit.lu\/de\/wp-json\/wp\/v2\/comments?post=79325"}],"version-history":[{"count":0,"href":"https:\/\/bikefit.lu\/de\/wp-json\/wp\/v2\/product\/79325\/revisions"}],"wp:featuredmedia":[{"embeddable":true,"href":"https:\/\/bikefit.lu\/de\/wp-json\/wp\/v2\/media\/88401"}],"wp:attachment":[{"href":"https:\/\/bikefit.lu\/de\/wp-json\/wp\/v2\/media?parent=79325"}],"wp:term":[{"taxonomy":"product_brand","embeddable":true,"href":"https:\/\/bikefit.lu\/de\/wp-json\/wp\/v2\/product_brand?post=79325"},{"taxonomy":"product_cat","embeddable":true,"href":"https:\/\/bikefit.lu\/de\/wp-json\/wp\/v2\/product_cat?post=79325"},{"taxonomy":"product_tag","embeddable":true,"href":"https:\/\/bikefit.lu\/de\/wp-json\/wp\/v2\/product_tag?post=79325"}],"curies":[{"name":"wp","href":"https:\/\/api.w.org\/{rel}","templated":true}]}}