{"id":79330,"date":"2022-10-14T05:56:18","date_gmt":"2022-10-14T05:56:18","guid":{"rendered":"https:\/\/staging.bikefit.lu\/shop\/unkategorisiert\/form-wahoo-speedplay-grundplatten-verlaengerung-r20\/"},"modified":"2025-06-19T11:09:11","modified_gmt":"2025-06-19T09:09:11","slug":"form-wahoo-speedplay-grundplatten-verlaengerung-r20","status":"publish","type":"product","link":"https:\/\/bikefit.lu\/de\/product\/form-wahoo-speedplay-grundplatten-verlaengerung-r20\/","title":{"rendered":"Form\u00ae R20 Verl\u00e4ngerungsplatte f\u00fcr Wahoo Speedplay"},"content":{"rendered":"<div id=\"description\">\n<p >KIT ENTH\u00c4LT:<\/p>\n<p >L &amp; R \u2013 Zwei Platten \/ Grundplattenschrauben \/ Cleatschrauben \/ Mini-Torx-Werkzeug<br \/>\nEinzelkit: Eine Platte \/ Grundplattenschrauben \/ Cleatschrauben \/ Mini-Torx-Werkzeug<\/p>\n<p >Die Unterlegscheiben zum Anpassen der W\u00f6lbung an den Schuh sind nicht enthalten (k\u00f6nnen von der originalen Grundplatte verwendet werden)<\/p>\n<p >*Bitte beachten Sie, dass diese Platte f\u00fcr die Verwendung von Torx-Senkkopfschrauben (im Lieferumfang enthalten) vorgesehen ist. Die Verwendung anderer Schrauben k\u00f6nnte zu unzureichenden Ergebnissen f\u00fchren. <\/p>\n<\/div>\n","protected":false},"excerpt":{"rendered":"<p class=\"ai-optimize-37\">Die FORM Speedplay-Extenderplatten bieten Fahrern zus\u00e4tzliche Einstellm\u00f6glichkeiten au\u00dferhalb des Bereichs der Standard-Speedplay-Grundplatte. Dazu geh\u00f6ren die Einstellung nach hinten, die mediale Einstellung oder die seitliche Einstellung. Mit drei verschiedenen Plattenoptionen stehen Ihnen zahlreiche Konfigurationen zur Verf\u00fcgung.  <\/p>\n<p class=\"ai-optimize-38\">Die R20 bietet im Vergleich zu einer Standard-Speedplay-Grundplatte eine zus\u00e4tzliche Einstellung von bis zu 20 mm nach hinten. Die Platte hat zwei Befestigungsl\u00f6cher f\u00fcr Cleats, eines in der Standardposition und eines in der hinteren Position. Die standardm\u00e4\u00dfigen 3-Loch-Schuhbefestigungspunkte erm\u00f6glichen au\u00dferdem einen gr\u00f6\u00dferen Bereich der Vorw\u00e4rts-\/R\u00fcckw\u00e4rtsverstellung im Vergleich zu einer Standardgrundplatte.  <\/p>\n","protected":false},"featured_media":88413,"comment_status":"closed","ping_status":"closed","template":"","meta":[],"product_brand":[],"product_cat":[4831,4786],"product_tag":[4935,5495,5070,5053,5125,5175],"class_list":{"0":"post-79330","1":"product","2":"type-product","3":"status-publish","4":"has-post-thumbnail","6":"product_cat-foot-pedal-interface-de","7":"product_cat-road-de","8":"product_tag-4-hole-de","9":"product_tag-cleat-verlangerungsplatte","10":"product_tag-foot-pedal-interface-de","11":"product_tag-form-de","12":"product_tag-road-de","13":"product_tag-wahoo-speedplay-de","14":"product_shipping_class-format-s-de","15":"pa_option-einzeln","16":"pa_option-kit-1-x-l-r-de","17":"pa_option-kit-3-x-l-r-de","19":"first","20":"instock","21":"taxable","22":"shipping-taxable","23":"purchasable","24":"product-type-variable"},"group_of_quantity":0,"min_quantity":0,"max_quantity":"","exclude_order_quantity_value_rules":"no","exclude_category_quantity_rules":"no","combine_variations":"no","yoast_head":"<!-- This site is optimized with the Yoast SEO Premium plugin v27.4 (Yoast SEO v27.4) - https:\/\/yoast.com\/product\/yoast-seo-premium-wordpress\/ -->\n<title>Form\u00ae R20 Verl\u00e4ngerungsplatte f\u00fcr Wahoo Speedplay - bikefit.lu<\/title>\n<meta name=\"robots\" content=\"index, follow, max-snippet:-1, max-image-preview:large, max-video-preview:-1\" \/>\n<link rel=\"canonical\" href=\"https:\/\/bikefit.lu\/de\/product\/form-wahoo-speedplay-grundplatten-verlaengerung-r20\/\" \/>\n<meta property=\"og:locale\" content=\"de_DE\" \/>\n<meta property=\"og:type\" content=\"article\" \/>\n<meta property=\"og:title\" content=\"Form\u00ae R20 Verl\u00e4ngerungsplatte f\u00fcr Wahoo Speedplay\" \/>\n<meta property=\"og:description\" content=\"Die FORM Speedplay-Extenderplatten bieten Fahrern zus\u00e4tzliche Einstellm\u00f6glichkeiten au\u00dferhalb des Bereichs der Standard-Speedplay-Grundplatte. Dazu geh\u00f6ren die Einstellung nach hinten, die mediale Einstellung oder die seitliche Einstellung. Mit drei verschiedenen Plattenoptionen stehen Ihnen zahlreiche Konfigurationen zur Verf\u00fcgung.  Die R20 bietet im Vergleich zu einer Standard-Speedplay-Grundplatte eine zus\u00e4tzliche Einstellung von bis zu 20 mm nach hinten. Die Platte hat zwei Befestigungsl\u00f6cher f\u00fcr Cleats, eines in der Standardposition und eines in der hinteren Position. Die standardm\u00e4\u00dfigen 3-Loch-Schuhbefestigungspunkte erm\u00f6glichen au\u00dferdem einen gr\u00f6\u00dferen Bereich der Vorw\u00e4rts-\/R\u00fcckw\u00e4rtsverstellung im Vergleich zu einer Standardgrundplatte.\" \/>\n<meta property=\"og:url\" content=\"https:\/\/bikefit.lu\/de\/product\/form-wahoo-speedplay-grundplatten-verlaengerung-r20\/\" \/>\n<meta property=\"og:site_name\" content=\"bikefit.lu\" \/>\n<meta property=\"article:modified_time\" content=\"2025-06-19T09:09:11+00:00\" \/>\n<meta property=\"og:image\" content=\"https:\/\/bikefit.lu\/wp-content\/uploads\/2024\/12\/r20.webp\" \/>\n\t<meta property=\"og:image:width\" content=\"1920\" \/>\n\t<meta property=\"og:image:height\" content=\"1920\" \/>\n\t<meta property=\"og:image:type\" content=\"image\/webp\" \/>\n<meta name=\"twitter:card\" content=\"summary_large_image\" \/>\n<meta name=\"twitter:label1\" content=\"Verf\u00fcgbarkeit\" \/>\n\t<meta name=\"twitter:data1\" content=\"Auf Lager\" \/>\n<script type=\"application\/ld+json\" class=\"yoast-schema-graph\">{\"@context\":\"https:\\\/\\\/schema.org\",\"@graph\":[{\"@type\":\"WebPage\",\"@id\":\"https:\\\/\\\/bikefit.lu\\\/de\\\/product\\\/form-wahoo-speedplay-grundplatten-verlaengerung-r20\\\/\",\"url\":\"https:\\\/\\\/bikefit.lu\\\/de\\\/product\\\/form-wahoo-speedplay-grundplatten-verlaengerung-r20\\\/\",\"name\":\"Form\u00ae R20 Verl\u00e4ngerungsplatte f\u00fcr Wahoo Speedplay - bikefit.lu\",\"isPartOf\":{\"@id\":\"https:\\\/\\\/bikefit.lu\\\/de\\\/#website\"},\"primaryImageOfPage\":{\"@id\":\"https:\\\/\\\/bikefit.lu\\\/de\\\/product\\\/form-wahoo-speedplay-grundplatten-verlaengerung-r20\\\/#primaryimage\"},\"image\":{\"@id\":\"https:\\\/\\\/bikefit.lu\\\/de\\\/product\\\/form-wahoo-speedplay-grundplatten-verlaengerung-r20\\\/#primaryimage\"},\"thumbnailUrl\":\"https:\\\/\\\/bikefit.lu\\\/wp-content\\\/uploads\\\/2024\\\/12\\\/r20.webp\",\"datePublished\":\"2022-10-14T05:56:18+00:00\",\"dateModified\":\"2025-06-19T09:09:11+00:00\",\"breadcrumb\":{\"@id\":\"https:\\\/\\\/bikefit.lu\\\/de\\\/product\\\/form-wahoo-speedplay-grundplatten-verlaengerung-r20\\\/#breadcrumb\"},\"inLanguage\":\"de\",\"potentialAction\":[{\"@type\":\"ReadAction\",\"target\":[\"https:\\\/\\\/bikefit.lu\\\/de\\\/product\\\/form-wahoo-speedplay-grundplatten-verlaengerung-r20\\\/\"]}]},{\"@type\":\"ImageObject\",\"inLanguage\":\"de\",\"@id\":\"https:\\\/\\\/bikefit.lu\\\/de\\\/product\\\/form-wahoo-speedplay-grundplatten-verlaengerung-r20\\\/#primaryimage\",\"url\":\"https:\\\/\\\/bikefit.lu\\\/wp-content\\\/uploads\\\/2024\\\/12\\\/r20.webp\",\"contentUrl\":\"https:\\\/\\\/bikefit.lu\\\/wp-content\\\/uploads\\\/2024\\\/12\\\/r20.webp\",\"width\":1920,\"height\":1920},{\"@type\":\"BreadcrumbList\",\"@id\":\"https:\\\/\\\/bikefit.lu\\\/de\\\/product\\\/form-wahoo-speedplay-grundplatten-verlaengerung-r20\\\/#breadcrumb\",\"itemListElement\":[{\"@type\":\"ListItem\",\"position\":1,\"name\":\"Home\",\"item\":\"https:\\\/\\\/bikefit.lu\\\/de\\\/\"},{\"@type\":\"ListItem\",\"position\":2,\"name\":\"Shop\",\"item\":\"https:\\\/\\\/bikefit.lu\\\/de\\\/shop\\\/\"},{\"@type\":\"ListItem\",\"position\":3,\"name\":\"Form\u00ae R20 Verl\u00e4ngerungsplatte f\u00fcr Wahoo Speedplay\"}]},{\"@type\":\"WebSite\",\"@id\":\"https:\\\/\\\/bikefit.lu\\\/de\\\/#website\",\"url\":\"https:\\\/\\\/bikefit.lu\\\/de\\\/\",\"name\":\"bikefit.lu\",\"description\":\"IMPROVING CYCLING\",\"publisher\":{\"@id\":\"https:\\\/\\\/bikefit.lu\\\/de\\\/#\\\/schema\\\/person\\\/379af1263474d2f8cd1f41c2bd90273d\"},\"potentialAction\":[{\"@type\":\"SearchAction\",\"target\":{\"@type\":\"EntryPoint\",\"urlTemplate\":\"https:\\\/\\\/bikefit.lu\\\/de\\\/?s={search_term_string}\"},\"query-input\":{\"@type\":\"PropertyValueSpecification\",\"valueRequired\":true,\"valueName\":\"search_term_string\"}}],\"inLanguage\":\"de\"},{\"@type\":[\"Person\",\"Organization\"],\"@id\":\"https:\\\/\\\/bikefit.lu\\\/de\\\/#\\\/schema\\\/person\\\/379af1263474d2f8cd1f41c2bd90273d\",\"name\":\"Patrick Guillaume\",\"image\":{\"@type\":\"ImageObject\",\"inLanguage\":\"de\",\"@id\":\"https:\\\/\\\/bikefit.lu\\\/wp-content\\\/uploads\\\/2024\\\/12\\\/cropped-bikefit-logoURL-RGB-jpg.jpg\",\"url\":\"https:\\\/\\\/bikefit.lu\\\/wp-content\\\/uploads\\\/2024\\\/12\\\/cropped-bikefit-logoURL-RGB-jpg.jpg\",\"contentUrl\":\"https:\\\/\\\/bikefit.lu\\\/wp-content\\\/uploads\\\/2024\\\/12\\\/cropped-bikefit-logoURL-RGB-jpg.jpg\",\"width\":512,\"height\":512,\"caption\":\"Patrick Guillaume\"},\"logo\":{\"@id\":\"https:\\\/\\\/bikefit.lu\\\/wp-content\\\/uploads\\\/2024\\\/12\\\/cropped-bikefit-logoURL-RGB-jpg.jpg\"},\"sameAs\":[\"https:\\\/\\\/bikefit.lu\"],\"honorificPrefix\":\"Mr\",\"birthDate\":\"1966-11-18\",\"gender\":\"male\",\"knowsAbout\":[\"Bike-fitting\"],\"knowsLanguage\":[\"English\",\"French\",\"German\",\"Luxembourgish\"]}]}<\/script>\n<meta property=\"og:availability\" content=\"instock\" \/>\n<meta property=\"product:availability\" content=\"instock\" \/>\n<meta property=\"product:condition\" content=\"new\" \/>\n<!-- \/ Yoast SEO Premium plugin. -->","yoast_head_json":{"title":"Form\u00ae R20 Verl\u00e4ngerungsplatte f\u00fcr Wahoo Speedplay - bikefit.lu","robots":{"index":"index","follow":"follow","max-snippet":"max-snippet:-1","max-image-preview":"max-image-preview:large","max-video-preview":"max-video-preview:-1"},"canonical":"https:\/\/bikefit.lu\/de\/product\/form-wahoo-speedplay-grundplatten-verlaengerung-r20\/","og_locale":"de_DE","og_type":"article","og_title":"Form\u00ae R20 Verl\u00e4ngerungsplatte f\u00fcr Wahoo Speedplay","og_description":"Die FORM Speedplay-Extenderplatten bieten Fahrern zus\u00e4tzliche Einstellm\u00f6glichkeiten au\u00dferhalb des Bereichs der Standard-Speedplay-Grundplatte. Dazu geh\u00f6ren die Einstellung nach hinten, die mediale Einstellung oder die seitliche Einstellung. Mit drei verschiedenen Plattenoptionen stehen Ihnen zahlreiche Konfigurationen zur Verf\u00fcgung.  Die R20 bietet im Vergleich zu einer Standard-Speedplay-Grundplatte eine zus\u00e4tzliche Einstellung von bis zu 20 mm nach hinten. Die Platte hat zwei Befestigungsl\u00f6cher f\u00fcr Cleats, eines in der Standardposition und eines in der hinteren Position. Die standardm\u00e4\u00dfigen 3-Loch-Schuhbefestigungspunkte erm\u00f6glichen au\u00dferdem einen gr\u00f6\u00dferen Bereich der Vorw\u00e4rts-\/R\u00fcckw\u00e4rtsverstellung im Vergleich zu einer Standardgrundplatte.","og_url":"https:\/\/bikefit.lu\/de\/product\/form-wahoo-speedplay-grundplatten-verlaengerung-r20\/","og_site_name":"bikefit.lu","article_modified_time":"2025-06-19T09:09:11+00:00","og_image":[{"width":1920,"height":1920,"url":"https:\/\/bikefit.lu\/wp-content\/uploads\/2024\/12\/r20.webp","type":"image\/webp"}],"twitter_card":"summary_large_image","twitter_misc":{"Verf\u00fcgbarkeit":"Auf Lager"},"schema":{"@context":"https:\/\/schema.org","@graph":[{"@type":"WebPage","@id":"https:\/\/bikefit.lu\/de\/product\/form-wahoo-speedplay-grundplatten-verlaengerung-r20\/","url":"https:\/\/bikefit.lu\/de\/product\/form-wahoo-speedplay-grundplatten-verlaengerung-r20\/","name":"Form\u00ae R20 Verl\u00e4ngerungsplatte f\u00fcr Wahoo Speedplay - bikefit.lu","isPartOf":{"@id":"https:\/\/bikefit.lu\/de\/#website"},"primaryImageOfPage":{"@id":"https:\/\/bikefit.lu\/de\/product\/form-wahoo-speedplay-grundplatten-verlaengerung-r20\/#primaryimage"},"image":{"@id":"https:\/\/bikefit.lu\/de\/product\/form-wahoo-speedplay-grundplatten-verlaengerung-r20\/#primaryimage"},"thumbnailUrl":"https:\/\/bikefit.lu\/wp-content\/uploads\/2024\/12\/r20.webp","datePublished":"2022-10-14T05:56:18+00:00","dateModified":"2025-06-19T09:09:11+00:00","breadcrumb":{"@id":"https:\/\/bikefit.lu\/de\/product\/form-wahoo-speedplay-grundplatten-verlaengerung-r20\/#breadcrumb"},"inLanguage":"de","potentialAction":[{"@type":"ReadAction","target":["https:\/\/bikefit.lu\/de\/product\/form-wahoo-speedplay-grundplatten-verlaengerung-r20\/"]}]},{"@type":"ImageObject","inLanguage":"de","@id":"https:\/\/bikefit.lu\/de\/product\/form-wahoo-speedplay-grundplatten-verlaengerung-r20\/#primaryimage","url":"https:\/\/bikefit.lu\/wp-content\/uploads\/2024\/12\/r20.webp","contentUrl":"https:\/\/bikefit.lu\/wp-content\/uploads\/2024\/12\/r20.webp","width":1920,"height":1920},{"@type":"BreadcrumbList","@id":"https:\/\/bikefit.lu\/de\/product\/form-wahoo-speedplay-grundplatten-verlaengerung-r20\/#breadcrumb","itemListElement":[{"@type":"ListItem","position":1,"name":"Home","item":"https:\/\/bikefit.lu\/de\/"},{"@type":"ListItem","position":2,"name":"Shop","item":"https:\/\/bikefit.lu\/de\/shop\/"},{"@type":"ListItem","position":3,"name":"Form\u00ae R20 Verl\u00e4ngerungsplatte f\u00fcr Wahoo Speedplay"}]},{"@type":"WebSite","@id":"https:\/\/bikefit.lu\/de\/#website","url":"https:\/\/bikefit.lu\/de\/","name":"bikefit.lu","description":"IMPROVING CYCLING","publisher":{"@id":"https:\/\/bikefit.lu\/de\/#\/schema\/person\/379af1263474d2f8cd1f41c2bd90273d"},"potentialAction":[{"@type":"SearchAction","target":{"@type":"EntryPoint","urlTemplate":"https:\/\/bikefit.lu\/de\/?s={search_term_string}"},"query-input":{"@type":"PropertyValueSpecification","valueRequired":true,"valueName":"search_term_string"}}],"inLanguage":"de"},{"@type":["Person","Organization"],"@id":"https:\/\/bikefit.lu\/de\/#\/schema\/person\/379af1263474d2f8cd1f41c2bd90273d","name":"Patrick Guillaume","image":{"@type":"ImageObject","inLanguage":"de","@id":"https:\/\/bikefit.lu\/wp-content\/uploads\/2024\/12\/cropped-bikefit-logoURL-RGB-jpg.jpg","url":"https:\/\/bikefit.lu\/wp-content\/uploads\/2024\/12\/cropped-bikefit-logoURL-RGB-jpg.jpg","contentUrl":"https:\/\/bikefit.lu\/wp-content\/uploads\/2024\/12\/cropped-bikefit-logoURL-RGB-jpg.jpg","width":512,"height":512,"caption":"Patrick Guillaume"},"logo":{"@id":"https:\/\/bikefit.lu\/wp-content\/uploads\/2024\/12\/cropped-bikefit-logoURL-RGB-jpg.jpg"},"sameAs":["https:\/\/bikefit.lu"],"honorificPrefix":"Mr","birthDate":"1966-11-18","gender":"male","knowsAbout":["Bike-fitting"],"knowsLanguage":["English","French","German","Luxembourgish"]}]},"og_availability":"instock","product_availability":"instock","product_condition":"new"},"_links":{"self":[{"href":"https:\/\/bikefit.lu\/de\/wp-json\/wp\/v2\/product\/79330","targetHints":{"allow":["GET"]}}],"collection":[{"href":"https:\/\/bikefit.lu\/de\/wp-json\/wp\/v2\/product"}],"about":[{"href":"https:\/\/bikefit.lu\/de\/wp-json\/wp\/v2\/types\/product"}],"replies":[{"embeddable":true,"href":"https:\/\/bikefit.lu\/de\/wp-json\/wp\/v2\/comments?post=79330"}],"version-history":[{"count":0,"href":"https:\/\/bikefit.lu\/de\/wp-json\/wp\/v2\/product\/79330\/revisions"}],"wp:featuredmedia":[{"embeddable":true,"href":"https:\/\/bikefit.lu\/de\/wp-json\/wp\/v2\/media\/88413"}],"wp:attachment":[{"href":"https:\/\/bikefit.lu\/de\/wp-json\/wp\/v2\/media?parent=79330"}],"wp:term":[{"taxonomy":"product_brand","embeddable":true,"href":"https:\/\/bikefit.lu\/de\/wp-json\/wp\/v2\/product_brand?post=79330"},{"taxonomy":"product_cat","embeddable":true,"href":"https:\/\/bikefit.lu\/de\/wp-json\/wp\/v2\/product_cat?post=79330"},{"taxonomy":"product_tag","embeddable":true,"href":"https:\/\/bikefit.lu\/de\/wp-json\/wp\/v2\/product_tag?post=79330"}],"curies":[{"name":"wp","href":"https:\/\/api.w.org\/{rel}","templated":true}]}}