{"id":79388,"date":"2022-10-04T04:25:27","date_gmt":"2022-10-04T04:25:27","guid":{"rendered":"https:\/\/staging.bikefit.lu\/shop\/unkategorisiert\/form-pedalplattenkeile-fuer-wahoo-speedplay\/"},"modified":"2025-02-26T21:37:04","modified_gmt":"2025-02-26T21:37:04","slug":"form-pedalplattenkeile-fuer-wahoo-speedplay","status":"publish","type":"product","link":"https:\/\/bikefit.lu\/de\/product\/form-pedalplattenkeile-fuer-wahoo-speedplay\/","title":{"rendered":"FORM\u00ae Pedalplattenkeile f\u00fcr Wahoo Speedplay"},"content":{"rendered":"","protected":false},"excerpt":{"rendered":"<div id=\"properties\">&#8211; Cleatkeile (Wedges) werden verwendet, um die Pronation des Fu\u00dfes zu korrigieren, die Propriozeption zu verbessern und f\u00fcr mehr Stabilit\u00e4t und Kontrolle beim Radfahren zu sorgen. Sie werden auch verwendet, um indirekt den Kniewinkel zu ver\u00e4ndern und so seitliche oder mediale Knieschmerzen im Zusammenhang mit einer schlechten Beinf\u00fchrung zu reduzieren.<br \/>\n&#8211; Cleat-Keile winkeln den Schuh\/Fu\u00df des Fahrers an, indem sie den Winkel zwischen Schuhplatte und Schuh ver\u00e4ndern. Jeder Keil bietet 1 Grad Neigung und es k\u00f6nnen mehrere Keile verwendet werden, um den gew\u00fcnschten Winkel zu erreichen. <\/div>\n<div>&#8211; Keile werden am besten w\u00e4hrend einer Bikefit-Sitzung oder im Rahmen einer Pedal-\/Kraftmessung angepasst. Sie k\u00f6nnen aber auch von den Fahrern selbst sinnvoll eingesetzt werden, sofern die \u00dcbungen kontrolliert durchgef\u00fchrt werden.<br \/>\n&#8211; Speedplay-Schuhplattenkeile passen auf alle Speedplay-Rennradpedale, einschlie\u00dflich V1, V2, Walkable und Aero, sowie auf die neue Generation des Wahoo Speedplay.<br \/>\n&#8211; KIT ENTH\u00c4LT: 4 Keile &amp; Schrauben \/ Vergessen Sie die Schrauben nicht, wenn Sie einzelne Keile bestellen!<\/div>\n","protected":false},"featured_media":88365,"comment_status":"closed","ping_status":"closed","template":"","meta":[],"product_brand":[],"product_cat":[4831,4786],"product_tag":[4935,5046,5070,5053,5125,5175],"class_list":{"0":"post-79388","1":"product","2":"type-product","3":"status-publish","4":"has-post-thumbnail","6":"product_cat-foot-pedal-interface-de","7":"product_cat-road-de","8":"product_tag-4-hole-de","9":"product_tag-cleat-wedges-de","10":"product_tag-foot-pedal-interface-de","11":"product_tag-form-de","12":"product_tag-road-de","13":"product_tag-wahoo-speedplay-de","14":"product_shipping_class-format-xs-de","16":"first","17":"instock","18":"taxable","19":"shipping-taxable","20":"purchasable","21":"product-type-variable"},"group_of_quantity":0,"min_quantity":0,"max_quantity":"","exclude_order_quantity_value_rules":"no","exclude_category_quantity_rules":"no","combine_variations":"no","yoast_head":"<!-- This site is optimized with the Yoast SEO Premium plugin v27.4 (Yoast SEO v27.4) - https:\/\/yoast.com\/product\/yoast-seo-premium-wordpress\/ -->\n<title>FORM\u00ae Pedalplattenkeile f\u00fcr Wahoo Speedplay - bikefit.lu<\/title>\n<meta name=\"robots\" content=\"index, follow, max-snippet:-1, max-image-preview:large, max-video-preview:-1\" \/>\n<link rel=\"canonical\" href=\"https:\/\/bikefit.lu\/de\/product\/form-pedalplattenkeile-fuer-wahoo-speedplay\/\" \/>\n<meta property=\"og:locale\" content=\"de_DE\" \/>\n<meta property=\"og:type\" content=\"article\" \/>\n<meta property=\"og:title\" content=\"FORM\u00ae Pedalplattenkeile f\u00fcr Wahoo Speedplay\" \/>\n<meta property=\"og:description\" content=\"- Cleatkeile (Wedges) werden verwendet, um die Pronation des Fu\u00dfes zu korrigieren, die Propriozeption zu verbessern und f\u00fcr mehr Stabilit\u00e4t und Kontrolle beim Radfahren zu sorgen. Sie werden auch verwendet, um indirekt den Kniewinkel zu ver\u00e4ndern und so seitliche oder mediale Knieschmerzen im Zusammenhang mit einer schlechten Beinf\u00fchrung zu reduzieren. - Cleat-Keile winkeln den Schuh\/Fu\u00df des Fahrers an, indem sie den Winkel zwischen Schuhplatte und Schuh ver\u00e4ndern. Jeder Keil bietet 1 Grad Neigung und es k\u00f6nnen mehrere Keile verwendet werden, um den gew\u00fcnschten Winkel zu erreichen. - Keile werden am besten w\u00e4hrend einer Bikefit-Sitzung oder im Rahmen einer Pedal-\/Kraftmessung angepasst. Sie k\u00f6nnen aber auch von den Fahrern selbst sinnvoll eingesetzt werden, sofern die \u00dcbungen kontrolliert durchgef\u00fchrt werden. - Speedplay-Schuhplattenkeile passen auf alle Speedplay-Rennradpedale, einschlie\u00dflich V1, V2, Walkable und Aero, sowie auf die neue Generation des Wahoo Speedplay. - KIT ENTH\u00c4LT: 4 Keile &amp; Schrauben \/ Vergessen Sie die Schrauben nicht, wenn Sie einzelne Keile bestellen!\" \/>\n<meta property=\"og:url\" content=\"https:\/\/bikefit.lu\/de\/product\/form-pedalplattenkeile-fuer-wahoo-speedplay\/\" \/>\n<meta property=\"og:site_name\" content=\"bikefit.lu\" \/>\n<meta property=\"article:modified_time\" content=\"2025-02-26T21:37:04+00:00\" \/>\n<meta property=\"og:image\" content=\"https:\/\/bikefit.lu\/wp-content\/uploads\/2024\/12\/04a-cleat-wedge-speedplay.webp\" \/>\n\t<meta property=\"og:image:width\" content=\"1920\" \/>\n\t<meta property=\"og:image:height\" content=\"1920\" \/>\n\t<meta property=\"og:image:type\" content=\"image\/webp\" \/>\n<meta name=\"twitter:card\" content=\"summary_large_image\" \/>\n<meta name=\"twitter:label1\" content=\"Verf\u00fcgbarkeit\" \/>\n\t<meta name=\"twitter:data1\" content=\"Auf Lager\" \/>\n<script type=\"application\/ld+json\" class=\"yoast-schema-graph\">{\"@context\":\"https:\\\/\\\/schema.org\",\"@graph\":[{\"@type\":\"WebPage\",\"@id\":\"https:\\\/\\\/bikefit.lu\\\/de\\\/product\\\/form-pedalplattenkeile-fuer-wahoo-speedplay\\\/\",\"url\":\"https:\\\/\\\/bikefit.lu\\\/de\\\/product\\\/form-pedalplattenkeile-fuer-wahoo-speedplay\\\/\",\"name\":\"FORM\u00ae Pedalplattenkeile f\u00fcr Wahoo Speedplay - bikefit.lu\",\"isPartOf\":{\"@id\":\"https:\\\/\\\/bikefit.lu\\\/de\\\/#website\"},\"primaryImageOfPage\":{\"@id\":\"https:\\\/\\\/bikefit.lu\\\/de\\\/product\\\/form-pedalplattenkeile-fuer-wahoo-speedplay\\\/#primaryimage\"},\"image\":{\"@id\":\"https:\\\/\\\/bikefit.lu\\\/de\\\/product\\\/form-pedalplattenkeile-fuer-wahoo-speedplay\\\/#primaryimage\"},\"thumbnailUrl\":\"https:\\\/\\\/bikefit.lu\\\/wp-content\\\/uploads\\\/2024\\\/12\\\/04a-cleat-wedge-speedplay.webp\",\"datePublished\":\"2022-10-04T04:25:27+00:00\",\"dateModified\":\"2025-02-26T21:37:04+00:00\",\"breadcrumb\":{\"@id\":\"https:\\\/\\\/bikefit.lu\\\/de\\\/product\\\/form-pedalplattenkeile-fuer-wahoo-speedplay\\\/#breadcrumb\"},\"inLanguage\":\"de\",\"potentialAction\":[{\"@type\":\"ReadAction\",\"target\":[\"https:\\\/\\\/bikefit.lu\\\/de\\\/product\\\/form-pedalplattenkeile-fuer-wahoo-speedplay\\\/\"]}]},{\"@type\":\"ImageObject\",\"inLanguage\":\"de\",\"@id\":\"https:\\\/\\\/bikefit.lu\\\/de\\\/product\\\/form-pedalplattenkeile-fuer-wahoo-speedplay\\\/#primaryimage\",\"url\":\"https:\\\/\\\/bikefit.lu\\\/wp-content\\\/uploads\\\/2024\\\/12\\\/04a-cleat-wedge-speedplay.webp\",\"contentUrl\":\"https:\\\/\\\/bikefit.lu\\\/wp-content\\\/uploads\\\/2024\\\/12\\\/04a-cleat-wedge-speedplay.webp\",\"width\":1920,\"height\":1920},{\"@type\":\"BreadcrumbList\",\"@id\":\"https:\\\/\\\/bikefit.lu\\\/de\\\/product\\\/form-pedalplattenkeile-fuer-wahoo-speedplay\\\/#breadcrumb\",\"itemListElement\":[{\"@type\":\"ListItem\",\"position\":1,\"name\":\"Home\",\"item\":\"https:\\\/\\\/bikefit.lu\\\/de\\\/\"},{\"@type\":\"ListItem\",\"position\":2,\"name\":\"Shop\",\"item\":\"https:\\\/\\\/bikefit.lu\\\/de\\\/shop\\\/\"},{\"@type\":\"ListItem\",\"position\":3,\"name\":\"FORM\u00ae Pedalplattenkeile f\u00fcr Wahoo Speedplay\"}]},{\"@type\":\"WebSite\",\"@id\":\"https:\\\/\\\/bikefit.lu\\\/de\\\/#website\",\"url\":\"https:\\\/\\\/bikefit.lu\\\/de\\\/\",\"name\":\"bikefit.lu\",\"description\":\"IMPROVING CYCLING\",\"publisher\":{\"@id\":\"https:\\\/\\\/bikefit.lu\\\/de\\\/#\\\/schema\\\/person\\\/379af1263474d2f8cd1f41c2bd90273d\"},\"potentialAction\":[{\"@type\":\"SearchAction\",\"target\":{\"@type\":\"EntryPoint\",\"urlTemplate\":\"https:\\\/\\\/bikefit.lu\\\/de\\\/?s={search_term_string}\"},\"query-input\":{\"@type\":\"PropertyValueSpecification\",\"valueRequired\":true,\"valueName\":\"search_term_string\"}}],\"inLanguage\":\"de\"},{\"@type\":[\"Person\",\"Organization\"],\"@id\":\"https:\\\/\\\/bikefit.lu\\\/de\\\/#\\\/schema\\\/person\\\/379af1263474d2f8cd1f41c2bd90273d\",\"name\":\"Patrick Guillaume\",\"image\":{\"@type\":\"ImageObject\",\"inLanguage\":\"de\",\"@id\":\"https:\\\/\\\/bikefit.lu\\\/wp-content\\\/uploads\\\/2024\\\/12\\\/cropped-bikefit-logoURL-RGB-jpg.jpg\",\"url\":\"https:\\\/\\\/bikefit.lu\\\/wp-content\\\/uploads\\\/2024\\\/12\\\/cropped-bikefit-logoURL-RGB-jpg.jpg\",\"contentUrl\":\"https:\\\/\\\/bikefit.lu\\\/wp-content\\\/uploads\\\/2024\\\/12\\\/cropped-bikefit-logoURL-RGB-jpg.jpg\",\"width\":512,\"height\":512,\"caption\":\"Patrick Guillaume\"},\"logo\":{\"@id\":\"https:\\\/\\\/bikefit.lu\\\/wp-content\\\/uploads\\\/2024\\\/12\\\/cropped-bikefit-logoURL-RGB-jpg.jpg\"},\"sameAs\":[\"https:\\\/\\\/bikefit.lu\"],\"honorificPrefix\":\"Mr\",\"birthDate\":\"1966-11-18\",\"gender\":\"male\",\"knowsAbout\":[\"Bike-fitting\"],\"knowsLanguage\":[\"English\",\"French\",\"German\",\"Luxembourgish\"]}]}<\/script>\n<meta property=\"og:availability\" content=\"instock\" \/>\n<meta property=\"product:availability\" content=\"instock\" \/>\n<meta property=\"product:condition\" content=\"new\" \/>\n<!-- \/ Yoast SEO Premium plugin. -->","yoast_head_json":{"title":"FORM\u00ae Pedalplattenkeile f\u00fcr Wahoo Speedplay - bikefit.lu","robots":{"index":"index","follow":"follow","max-snippet":"max-snippet:-1","max-image-preview":"max-image-preview:large","max-video-preview":"max-video-preview:-1"},"canonical":"https:\/\/bikefit.lu\/de\/product\/form-pedalplattenkeile-fuer-wahoo-speedplay\/","og_locale":"de_DE","og_type":"article","og_title":"FORM\u00ae Pedalplattenkeile f\u00fcr Wahoo Speedplay","og_description":"- Cleatkeile (Wedges) werden verwendet, um die Pronation des Fu\u00dfes zu korrigieren, die Propriozeption zu verbessern und f\u00fcr mehr Stabilit\u00e4t und Kontrolle beim Radfahren zu sorgen. Sie werden auch verwendet, um indirekt den Kniewinkel zu ver\u00e4ndern und so seitliche oder mediale Knieschmerzen im Zusammenhang mit einer schlechten Beinf\u00fchrung zu reduzieren. - Cleat-Keile winkeln den Schuh\/Fu\u00df des Fahrers an, indem sie den Winkel zwischen Schuhplatte und Schuh ver\u00e4ndern. Jeder Keil bietet 1 Grad Neigung und es k\u00f6nnen mehrere Keile verwendet werden, um den gew\u00fcnschten Winkel zu erreichen. - Keile werden am besten w\u00e4hrend einer Bikefit-Sitzung oder im Rahmen einer Pedal-\/Kraftmessung angepasst. Sie k\u00f6nnen aber auch von den Fahrern selbst sinnvoll eingesetzt werden, sofern die \u00dcbungen kontrolliert durchgef\u00fchrt werden. - Speedplay-Schuhplattenkeile passen auf alle Speedplay-Rennradpedale, einschlie\u00dflich V1, V2, Walkable und Aero, sowie auf die neue Generation des Wahoo Speedplay. - KIT ENTH\u00c4LT: 4 Keile &amp; Schrauben \/ Vergessen Sie die Schrauben nicht, wenn Sie einzelne Keile bestellen!","og_url":"https:\/\/bikefit.lu\/de\/product\/form-pedalplattenkeile-fuer-wahoo-speedplay\/","og_site_name":"bikefit.lu","article_modified_time":"2025-02-26T21:37:04+00:00","og_image":[{"width":1920,"height":1920,"url":"https:\/\/bikefit.lu\/wp-content\/uploads\/2024\/12\/04a-cleat-wedge-speedplay.webp","type":"image\/webp"}],"twitter_card":"summary_large_image","twitter_misc":{"Verf\u00fcgbarkeit":"Auf Lager"},"schema":{"@context":"https:\/\/schema.org","@graph":[{"@type":"WebPage","@id":"https:\/\/bikefit.lu\/de\/product\/form-pedalplattenkeile-fuer-wahoo-speedplay\/","url":"https:\/\/bikefit.lu\/de\/product\/form-pedalplattenkeile-fuer-wahoo-speedplay\/","name":"FORM\u00ae Pedalplattenkeile f\u00fcr Wahoo Speedplay - bikefit.lu","isPartOf":{"@id":"https:\/\/bikefit.lu\/de\/#website"},"primaryImageOfPage":{"@id":"https:\/\/bikefit.lu\/de\/product\/form-pedalplattenkeile-fuer-wahoo-speedplay\/#primaryimage"},"image":{"@id":"https:\/\/bikefit.lu\/de\/product\/form-pedalplattenkeile-fuer-wahoo-speedplay\/#primaryimage"},"thumbnailUrl":"https:\/\/bikefit.lu\/wp-content\/uploads\/2024\/12\/04a-cleat-wedge-speedplay.webp","datePublished":"2022-10-04T04:25:27+00:00","dateModified":"2025-02-26T21:37:04+00:00","breadcrumb":{"@id":"https:\/\/bikefit.lu\/de\/product\/form-pedalplattenkeile-fuer-wahoo-speedplay\/#breadcrumb"},"inLanguage":"de","potentialAction":[{"@type":"ReadAction","target":["https:\/\/bikefit.lu\/de\/product\/form-pedalplattenkeile-fuer-wahoo-speedplay\/"]}]},{"@type":"ImageObject","inLanguage":"de","@id":"https:\/\/bikefit.lu\/de\/product\/form-pedalplattenkeile-fuer-wahoo-speedplay\/#primaryimage","url":"https:\/\/bikefit.lu\/wp-content\/uploads\/2024\/12\/04a-cleat-wedge-speedplay.webp","contentUrl":"https:\/\/bikefit.lu\/wp-content\/uploads\/2024\/12\/04a-cleat-wedge-speedplay.webp","width":1920,"height":1920},{"@type":"BreadcrumbList","@id":"https:\/\/bikefit.lu\/de\/product\/form-pedalplattenkeile-fuer-wahoo-speedplay\/#breadcrumb","itemListElement":[{"@type":"ListItem","position":1,"name":"Home","item":"https:\/\/bikefit.lu\/de\/"},{"@type":"ListItem","position":2,"name":"Shop","item":"https:\/\/bikefit.lu\/de\/shop\/"},{"@type":"ListItem","position":3,"name":"FORM\u00ae Pedalplattenkeile f\u00fcr Wahoo Speedplay"}]},{"@type":"WebSite","@id":"https:\/\/bikefit.lu\/de\/#website","url":"https:\/\/bikefit.lu\/de\/","name":"bikefit.lu","description":"IMPROVING CYCLING","publisher":{"@id":"https:\/\/bikefit.lu\/de\/#\/schema\/person\/379af1263474d2f8cd1f41c2bd90273d"},"potentialAction":[{"@type":"SearchAction","target":{"@type":"EntryPoint","urlTemplate":"https:\/\/bikefit.lu\/de\/?s={search_term_string}"},"query-input":{"@type":"PropertyValueSpecification","valueRequired":true,"valueName":"search_term_string"}}],"inLanguage":"de"},{"@type":["Person","Organization"],"@id":"https:\/\/bikefit.lu\/de\/#\/schema\/person\/379af1263474d2f8cd1f41c2bd90273d","name":"Patrick Guillaume","image":{"@type":"ImageObject","inLanguage":"de","@id":"https:\/\/bikefit.lu\/wp-content\/uploads\/2024\/12\/cropped-bikefit-logoURL-RGB-jpg.jpg","url":"https:\/\/bikefit.lu\/wp-content\/uploads\/2024\/12\/cropped-bikefit-logoURL-RGB-jpg.jpg","contentUrl":"https:\/\/bikefit.lu\/wp-content\/uploads\/2024\/12\/cropped-bikefit-logoURL-RGB-jpg.jpg","width":512,"height":512,"caption":"Patrick Guillaume"},"logo":{"@id":"https:\/\/bikefit.lu\/wp-content\/uploads\/2024\/12\/cropped-bikefit-logoURL-RGB-jpg.jpg"},"sameAs":["https:\/\/bikefit.lu"],"honorificPrefix":"Mr","birthDate":"1966-11-18","gender":"male","knowsAbout":["Bike-fitting"],"knowsLanguage":["English","French","German","Luxembourgish"]}]},"og_availability":"instock","product_availability":"instock","product_condition":"new"},"_links":{"self":[{"href":"https:\/\/bikefit.lu\/de\/wp-json\/wp\/v2\/product\/79388","targetHints":{"allow":["GET"]}}],"collection":[{"href":"https:\/\/bikefit.lu\/de\/wp-json\/wp\/v2\/product"}],"about":[{"href":"https:\/\/bikefit.lu\/de\/wp-json\/wp\/v2\/types\/product"}],"replies":[{"embeddable":true,"href":"https:\/\/bikefit.lu\/de\/wp-json\/wp\/v2\/comments?post=79388"}],"version-history":[{"count":0,"href":"https:\/\/bikefit.lu\/de\/wp-json\/wp\/v2\/product\/79388\/revisions"}],"wp:featuredmedia":[{"embeddable":true,"href":"https:\/\/bikefit.lu\/de\/wp-json\/wp\/v2\/media\/88365"}],"wp:attachment":[{"href":"https:\/\/bikefit.lu\/de\/wp-json\/wp\/v2\/media?parent=79388"}],"wp:term":[{"taxonomy":"product_brand","embeddable":true,"href":"https:\/\/bikefit.lu\/de\/wp-json\/wp\/v2\/product_brand?post=79388"},{"taxonomy":"product_cat","embeddable":true,"href":"https:\/\/bikefit.lu\/de\/wp-json\/wp\/v2\/product_cat?post=79388"},{"taxonomy":"product_tag","embeddable":true,"href":"https:\/\/bikefit.lu\/de\/wp-json\/wp\/v2\/product_tag?post=79388"}],"curies":[{"name":"wp","href":"https:\/\/api.w.org\/{rel}","templated":true}]}}