{"id":79395,"date":"2022-10-01T05:08:15","date_gmt":"2022-10-01T05:08:15","guid":{"rendered":"https:\/\/staging.bikefit.lu\/shop\/unkategorisiert\/form-3-loch-universal-cleatwedges-spdsl-look\/"},"modified":"2026-01-05T22:02:16","modified_gmt":"2026-01-05T21:02:16","slug":"form-3-loch-universal-cleatwedges-spdsl-look","status":"publish","type":"product","link":"https:\/\/bikefit.lu\/de\/product\/form-3-loch-universal-cleatwedges-spdsl-look\/","title":{"rendered":"FORM\u00ae 3-Loch-Universal Cleatwedges (SPDSL, Look, &#8230;)"},"content":{"rendered":"","protected":false},"excerpt":{"rendered":"<div id=\"properties\">&#8211; Pedalplattenkeile werden verwendet, um die Pronation des Fu\u00dfes zu korrigieren, die Propriozeption zu verbessern und f\u00fcr mehr Stabilit\u00e4t und Kontrolle beim Radfahren zu sorgen. Sie werden auch zur indirekten Ver\u00e4nderung des Kniewinkels verwendet, um laterale oder mediale Knieschmerzen in Verbindung mit einer schlechten Beinf\u00fchrung zu reduzieren.<br \/>\n&#8211; Cleat-Keile winkeln den Schuh\/Fu\u00df des Fahrers an, indem sie den Winkel zwischen Schuhplatte und Schuh ver\u00e4ndern. Jeder Keil bietet 1 Grad Neigung und es k\u00f6nnen mehrere Keile verwendet werden, um den gew\u00fcnschten Winkel zu erreichen.<br \/>\n&#8211; Keile werden am besten w\u00e4hrend einer Bikefitting-Sitzung oder innerhalb einer Pedal-\/Leistungsbewertung angebracht. Sie k\u00f6nnen jedoch auch von den Fahrern selbst umsichtig angepasst werden, sofern die \u00dcbung kontrolliert durchgef\u00fchrt wird.<br \/>\n&#8211; Universal 3-Loch Pedalplattenkeile sind kompatibel mit Shimano SPDSL, Look Style 3-Loch Schuhplatten und Time\/Mavic Pedalen.<br \/>\n&#8211; KIT ENTH\u00c4LT: 4 Keile &amp; Schrauben \/ Vergessen Sie die Schrauben nicht, wenn Sie einzelne Keile bestellen!<\/div>\n","protected":false},"featured_media":88353,"comment_status":"closed","ping_status":"closed","template":"","meta":[],"product_brand":[],"product_cat":[4831,4786],"product_tag":[4931,5046,5053,5079,5125,5156,5191],"class_list":{"0":"post-79395","1":"product","2":"type-product","3":"status-publish","4":"has-post-thumbnail","6":"product_cat-foot-pedal-interface-de","7":"product_cat-road-de","8":"product_tag-3-hole-de","9":"product_tag-cleat-wedges-de","10":"product_tag-form-de","11":"product_tag-look-de","12":"product_tag-road-de","13":"product_tag-shimano-de","14":"product_tag-universal-de","15":"product_shipping_class-format-xs-de","17":"first","18":"instock","19":"taxable","20":"shipping-taxable","21":"purchasable","22":"product-type-variable"},"group_of_quantity":0,"min_quantity":0,"max_quantity":"","exclude_order_quantity_value_rules":"no","exclude_category_quantity_rules":"no","combine_variations":"no","yoast_head":"<!-- This site is optimized with the Yoast SEO Premium plugin v27.4 (Yoast SEO v27.5) - https:\/\/yoast.com\/product\/yoast-seo-premium-wordpress\/ -->\n<title>FORM\u00ae 3-Loch-Universal Cleatwedges (SPDSL, Look, ...) - bikefit.lu<\/title>\n<meta name=\"robots\" content=\"index, follow, max-snippet:-1, max-image-preview:large, max-video-preview:-1\" \/>\n<link rel=\"canonical\" href=\"https:\/\/bikefit.lu\/de\/product\/form-3-loch-universal-cleatwedges-spdsl-look\/\" \/>\n<meta property=\"og:locale\" content=\"de_DE\" \/>\n<meta property=\"og:type\" content=\"article\" \/>\n<meta property=\"og:title\" content=\"FORM\u00ae 3-Loch-Universal Cleatwedges (SPDSL, Look, ...)\" \/>\n<meta property=\"og:description\" content=\"- Pedalplattenkeile werden verwendet, um die Pronation des Fu\u00dfes zu korrigieren, die Propriozeption zu verbessern und f\u00fcr mehr Stabilit\u00e4t und Kontrolle beim Radfahren zu sorgen. Sie werden auch zur indirekten Ver\u00e4nderung des Kniewinkels verwendet, um laterale oder mediale Knieschmerzen in Verbindung mit einer schlechten Beinf\u00fchrung zu reduzieren. - Cleat-Keile winkeln den Schuh\/Fu\u00df des Fahrers an, indem sie den Winkel zwischen Schuhplatte und Schuh ver\u00e4ndern. Jeder Keil bietet 1 Grad Neigung und es k\u00f6nnen mehrere Keile verwendet werden, um den gew\u00fcnschten Winkel zu erreichen. - Keile werden am besten w\u00e4hrend einer Bikefitting-Sitzung oder innerhalb einer Pedal-\/Leistungsbewertung angebracht. Sie k\u00f6nnen jedoch auch von den Fahrern selbst umsichtig angepasst werden, sofern die \u00dcbung kontrolliert durchgef\u00fchrt wird. - Universal 3-Loch Pedalplattenkeile sind kompatibel mit Shimano SPDSL, Look Style 3-Loch Schuhplatten und Time\/Mavic Pedalen. - KIT ENTH\u00c4LT: 4 Keile &amp; Schrauben \/ Vergessen Sie die Schrauben nicht, wenn Sie einzelne Keile bestellen!\" \/>\n<meta property=\"og:url\" content=\"https:\/\/bikefit.lu\/de\/product\/form-3-loch-universal-cleatwedges-spdsl-look\/\" \/>\n<meta property=\"og:site_name\" content=\"bikefit.lu\" \/>\n<meta property=\"article:modified_time\" content=\"2026-01-05T21:02:16+00:00\" \/>\n<meta property=\"og:image\" content=\"https:\/\/bikefit.lu\/wp-content\/uploads\/2024\/12\/03a-cleat-wedge-universal-3-hole.webp\" \/>\n\t<meta property=\"og:image:width\" content=\"1920\" \/>\n\t<meta property=\"og:image:height\" content=\"1920\" \/>\n\t<meta property=\"og:image:type\" content=\"image\/webp\" \/>\n<meta name=\"twitter:card\" content=\"summary_large_image\" \/>\n<meta name=\"twitter:label1\" content=\"Verf\u00fcgbarkeit\" \/>\n\t<meta name=\"twitter:data1\" content=\"Auf Lager\" \/>\n<script type=\"application\/ld+json\" class=\"yoast-schema-graph\">{\"@context\":\"https:\\\/\\\/schema.org\",\"@graph\":[{\"@type\":\"WebPage\",\"@id\":\"https:\\\/\\\/bikefit.lu\\\/de\\\/product\\\/form-3-loch-universal-cleatwedges-spdsl-look\\\/\",\"url\":\"https:\\\/\\\/bikefit.lu\\\/de\\\/product\\\/form-3-loch-universal-cleatwedges-spdsl-look\\\/\",\"name\":\"FORM\u00ae 3-Loch-Universal Cleatwedges (SPDSL, Look, ...) - bikefit.lu\",\"isPartOf\":{\"@id\":\"https:\\\/\\\/bikefit.lu\\\/de\\\/#website\"},\"primaryImageOfPage\":{\"@id\":\"https:\\\/\\\/bikefit.lu\\\/de\\\/product\\\/form-3-loch-universal-cleatwedges-spdsl-look\\\/#primaryimage\"},\"image\":{\"@id\":\"https:\\\/\\\/bikefit.lu\\\/de\\\/product\\\/form-3-loch-universal-cleatwedges-spdsl-look\\\/#primaryimage\"},\"thumbnailUrl\":\"https:\\\/\\\/bikefit.lu\\\/wp-content\\\/uploads\\\/2024\\\/12\\\/03a-cleat-wedge-universal-3-hole.webp\",\"datePublished\":\"2022-10-01T05:08:15+00:00\",\"dateModified\":\"2026-01-05T21:02:16+00:00\",\"breadcrumb\":{\"@id\":\"https:\\\/\\\/bikefit.lu\\\/de\\\/product\\\/form-3-loch-universal-cleatwedges-spdsl-look\\\/#breadcrumb\"},\"inLanguage\":\"de\",\"potentialAction\":[{\"@type\":\"ReadAction\",\"target\":[\"https:\\\/\\\/bikefit.lu\\\/de\\\/product\\\/form-3-loch-universal-cleatwedges-spdsl-look\\\/\"]}]},{\"@type\":\"ImageObject\",\"inLanguage\":\"de\",\"@id\":\"https:\\\/\\\/bikefit.lu\\\/de\\\/product\\\/form-3-loch-universal-cleatwedges-spdsl-look\\\/#primaryimage\",\"url\":\"https:\\\/\\\/bikefit.lu\\\/wp-content\\\/uploads\\\/2024\\\/12\\\/03a-cleat-wedge-universal-3-hole.webp\",\"contentUrl\":\"https:\\\/\\\/bikefit.lu\\\/wp-content\\\/uploads\\\/2024\\\/12\\\/03a-cleat-wedge-universal-3-hole.webp\",\"width\":1920,\"height\":1920},{\"@type\":\"BreadcrumbList\",\"@id\":\"https:\\\/\\\/bikefit.lu\\\/de\\\/product\\\/form-3-loch-universal-cleatwedges-spdsl-look\\\/#breadcrumb\",\"itemListElement\":[{\"@type\":\"ListItem\",\"position\":1,\"name\":\"Home\",\"item\":\"https:\\\/\\\/bikefit.lu\\\/de\\\/\"},{\"@type\":\"ListItem\",\"position\":2,\"name\":\"Shop\",\"item\":\"https:\\\/\\\/bikefit.lu\\\/de\\\/shop\\\/\"},{\"@type\":\"ListItem\",\"position\":3,\"name\":\"FORM\u00ae 3-Loch-Universal Cleatwedges (SPDSL, Look, &#8230;)\"}]},{\"@type\":\"WebSite\",\"@id\":\"https:\\\/\\\/bikefit.lu\\\/de\\\/#website\",\"url\":\"https:\\\/\\\/bikefit.lu\\\/de\\\/\",\"name\":\"bikefit.lu\",\"description\":\"IMPROVING CYCLING\",\"publisher\":{\"@id\":\"https:\\\/\\\/bikefit.lu\\\/de\\\/#\\\/schema\\\/person\\\/379af1263474d2f8cd1f41c2bd90273d\"},\"potentialAction\":[{\"@type\":\"SearchAction\",\"target\":{\"@type\":\"EntryPoint\",\"urlTemplate\":\"https:\\\/\\\/bikefit.lu\\\/de\\\/?s={search_term_string}\"},\"query-input\":{\"@type\":\"PropertyValueSpecification\",\"valueRequired\":true,\"valueName\":\"search_term_string\"}}],\"inLanguage\":\"de\"},{\"@type\":[\"Person\",\"Organization\"],\"@id\":\"https:\\\/\\\/bikefit.lu\\\/de\\\/#\\\/schema\\\/person\\\/379af1263474d2f8cd1f41c2bd90273d\",\"name\":\"Patrick Guillaume\",\"image\":{\"@type\":\"ImageObject\",\"inLanguage\":\"de\",\"@id\":\"https:\\\/\\\/bikefit.lu\\\/wp-content\\\/uploads\\\/2024\\\/12\\\/cropped-bikefit-logoURL-RGB-jpg.jpg\",\"url\":\"https:\\\/\\\/bikefit.lu\\\/wp-content\\\/uploads\\\/2024\\\/12\\\/cropped-bikefit-logoURL-RGB-jpg.jpg\",\"contentUrl\":\"https:\\\/\\\/bikefit.lu\\\/wp-content\\\/uploads\\\/2024\\\/12\\\/cropped-bikefit-logoURL-RGB-jpg.jpg\",\"width\":512,\"height\":512,\"caption\":\"Patrick Guillaume\"},\"logo\":{\"@id\":\"https:\\\/\\\/bikefit.lu\\\/wp-content\\\/uploads\\\/2024\\\/12\\\/cropped-bikefit-logoURL-RGB-jpg.jpg\"},\"sameAs\":[\"https:\\\/\\\/bikefit.lu\"],\"honorificPrefix\":\"Mr\",\"birthDate\":\"1966-11-18\",\"gender\":\"male\",\"knowsAbout\":[\"Bike-fitting\"],\"knowsLanguage\":[\"English\",\"French\",\"German\",\"Luxembourgish\"]}]}<\/script>\n<meta property=\"og:availability\" content=\"instock\" \/>\n<meta property=\"product:availability\" content=\"instock\" \/>\n<meta property=\"product:condition\" content=\"new\" \/>\n<!-- \/ Yoast SEO Premium plugin. -->","yoast_head_json":{"title":"FORM\u00ae 3-Loch-Universal Cleatwedges (SPDSL, Look, ...) - bikefit.lu","robots":{"index":"index","follow":"follow","max-snippet":"max-snippet:-1","max-image-preview":"max-image-preview:large","max-video-preview":"max-video-preview:-1"},"canonical":"https:\/\/bikefit.lu\/de\/product\/form-3-loch-universal-cleatwedges-spdsl-look\/","og_locale":"de_DE","og_type":"article","og_title":"FORM\u00ae 3-Loch-Universal Cleatwedges (SPDSL, Look, ...)","og_description":"- Pedalplattenkeile werden verwendet, um die Pronation des Fu\u00dfes zu korrigieren, die Propriozeption zu verbessern und f\u00fcr mehr Stabilit\u00e4t und Kontrolle beim Radfahren zu sorgen. Sie werden auch zur indirekten Ver\u00e4nderung des Kniewinkels verwendet, um laterale oder mediale Knieschmerzen in Verbindung mit einer schlechten Beinf\u00fchrung zu reduzieren. - Cleat-Keile winkeln den Schuh\/Fu\u00df des Fahrers an, indem sie den Winkel zwischen Schuhplatte und Schuh ver\u00e4ndern. Jeder Keil bietet 1 Grad Neigung und es k\u00f6nnen mehrere Keile verwendet werden, um den gew\u00fcnschten Winkel zu erreichen. - Keile werden am besten w\u00e4hrend einer Bikefitting-Sitzung oder innerhalb einer Pedal-\/Leistungsbewertung angebracht. Sie k\u00f6nnen jedoch auch von den Fahrern selbst umsichtig angepasst werden, sofern die \u00dcbung kontrolliert durchgef\u00fchrt wird. - Universal 3-Loch Pedalplattenkeile sind kompatibel mit Shimano SPDSL, Look Style 3-Loch Schuhplatten und Time\/Mavic Pedalen. - KIT ENTH\u00c4LT: 4 Keile &amp; Schrauben \/ Vergessen Sie die Schrauben nicht, wenn Sie einzelne Keile bestellen!","og_url":"https:\/\/bikefit.lu\/de\/product\/form-3-loch-universal-cleatwedges-spdsl-look\/","og_site_name":"bikefit.lu","article_modified_time":"2026-01-05T21:02:16+00:00","og_image":[{"width":1920,"height":1920,"url":"https:\/\/bikefit.lu\/wp-content\/uploads\/2024\/12\/03a-cleat-wedge-universal-3-hole.webp","type":"image\/webp"}],"twitter_card":"summary_large_image","twitter_misc":{"Verf\u00fcgbarkeit":"Auf Lager"},"schema":{"@context":"https:\/\/schema.org","@graph":[{"@type":"WebPage","@id":"https:\/\/bikefit.lu\/de\/product\/form-3-loch-universal-cleatwedges-spdsl-look\/","url":"https:\/\/bikefit.lu\/de\/product\/form-3-loch-universal-cleatwedges-spdsl-look\/","name":"FORM\u00ae 3-Loch-Universal Cleatwedges (SPDSL, Look, ...) - bikefit.lu","isPartOf":{"@id":"https:\/\/bikefit.lu\/de\/#website"},"primaryImageOfPage":{"@id":"https:\/\/bikefit.lu\/de\/product\/form-3-loch-universal-cleatwedges-spdsl-look\/#primaryimage"},"image":{"@id":"https:\/\/bikefit.lu\/de\/product\/form-3-loch-universal-cleatwedges-spdsl-look\/#primaryimage"},"thumbnailUrl":"https:\/\/bikefit.lu\/wp-content\/uploads\/2024\/12\/03a-cleat-wedge-universal-3-hole.webp","datePublished":"2022-10-01T05:08:15+00:00","dateModified":"2026-01-05T21:02:16+00:00","breadcrumb":{"@id":"https:\/\/bikefit.lu\/de\/product\/form-3-loch-universal-cleatwedges-spdsl-look\/#breadcrumb"},"inLanguage":"de","potentialAction":[{"@type":"ReadAction","target":["https:\/\/bikefit.lu\/de\/product\/form-3-loch-universal-cleatwedges-spdsl-look\/"]}]},{"@type":"ImageObject","inLanguage":"de","@id":"https:\/\/bikefit.lu\/de\/product\/form-3-loch-universal-cleatwedges-spdsl-look\/#primaryimage","url":"https:\/\/bikefit.lu\/wp-content\/uploads\/2024\/12\/03a-cleat-wedge-universal-3-hole.webp","contentUrl":"https:\/\/bikefit.lu\/wp-content\/uploads\/2024\/12\/03a-cleat-wedge-universal-3-hole.webp","width":1920,"height":1920},{"@type":"BreadcrumbList","@id":"https:\/\/bikefit.lu\/de\/product\/form-3-loch-universal-cleatwedges-spdsl-look\/#breadcrumb","itemListElement":[{"@type":"ListItem","position":1,"name":"Home","item":"https:\/\/bikefit.lu\/de\/"},{"@type":"ListItem","position":2,"name":"Shop","item":"https:\/\/bikefit.lu\/de\/shop\/"},{"@type":"ListItem","position":3,"name":"FORM\u00ae 3-Loch-Universal Cleatwedges (SPDSL, Look, &#8230;)"}]},{"@type":"WebSite","@id":"https:\/\/bikefit.lu\/de\/#website","url":"https:\/\/bikefit.lu\/de\/","name":"bikefit.lu","description":"IMPROVING CYCLING","publisher":{"@id":"https:\/\/bikefit.lu\/de\/#\/schema\/person\/379af1263474d2f8cd1f41c2bd90273d"},"potentialAction":[{"@type":"SearchAction","target":{"@type":"EntryPoint","urlTemplate":"https:\/\/bikefit.lu\/de\/?s={search_term_string}"},"query-input":{"@type":"PropertyValueSpecification","valueRequired":true,"valueName":"search_term_string"}}],"inLanguage":"de"},{"@type":["Person","Organization"],"@id":"https:\/\/bikefit.lu\/de\/#\/schema\/person\/379af1263474d2f8cd1f41c2bd90273d","name":"Patrick Guillaume","image":{"@type":"ImageObject","inLanguage":"de","@id":"https:\/\/bikefit.lu\/wp-content\/uploads\/2024\/12\/cropped-bikefit-logoURL-RGB-jpg.jpg","url":"https:\/\/bikefit.lu\/wp-content\/uploads\/2024\/12\/cropped-bikefit-logoURL-RGB-jpg.jpg","contentUrl":"https:\/\/bikefit.lu\/wp-content\/uploads\/2024\/12\/cropped-bikefit-logoURL-RGB-jpg.jpg","width":512,"height":512,"caption":"Patrick Guillaume"},"logo":{"@id":"https:\/\/bikefit.lu\/wp-content\/uploads\/2024\/12\/cropped-bikefit-logoURL-RGB-jpg.jpg"},"sameAs":["https:\/\/bikefit.lu"],"honorificPrefix":"Mr","birthDate":"1966-11-18","gender":"male","knowsAbout":["Bike-fitting"],"knowsLanguage":["English","French","German","Luxembourgish"]}]},"og_availability":"instock","product_availability":"instock","product_condition":"new"},"_links":{"self":[{"href":"https:\/\/bikefit.lu\/de\/wp-json\/wp\/v2\/product\/79395","targetHints":{"allow":["GET"]}}],"collection":[{"href":"https:\/\/bikefit.lu\/de\/wp-json\/wp\/v2\/product"}],"about":[{"href":"https:\/\/bikefit.lu\/de\/wp-json\/wp\/v2\/types\/product"}],"replies":[{"embeddable":true,"href":"https:\/\/bikefit.lu\/de\/wp-json\/wp\/v2\/comments?post=79395"}],"version-history":[{"count":0,"href":"https:\/\/bikefit.lu\/de\/wp-json\/wp\/v2\/product\/79395\/revisions"}],"wp:featuredmedia":[{"embeddable":true,"href":"https:\/\/bikefit.lu\/de\/wp-json\/wp\/v2\/media\/88353"}],"wp:attachment":[{"href":"https:\/\/bikefit.lu\/de\/wp-json\/wp\/v2\/media?parent=79395"}],"wp:term":[{"taxonomy":"product_brand","embeddable":true,"href":"https:\/\/bikefit.lu\/de\/wp-json\/wp\/v2\/product_brand?post=79395"},{"taxonomy":"product_cat","embeddable":true,"href":"https:\/\/bikefit.lu\/de\/wp-json\/wp\/v2\/product_cat?post=79395"},{"taxonomy":"product_tag","embeddable":true,"href":"https:\/\/bikefit.lu\/de\/wp-json\/wp\/v2\/product_tag?post=79395"}],"curies":[{"name":"wp","href":"https:\/\/api.w.org\/{rel}","templated":true}]}}