{"id":79426,"date":"2022-06-19T14:06:54","date_gmt":"2022-06-19T14:06:54","guid":{"rendered":"https:\/\/staging.bikefit.lu\/shop\/unkategorisiert\/currex-bikepro-einlegesohlen\/"},"modified":"2025-07-21T18:16:49","modified_gmt":"2025-07-21T16:16:49","slug":"currex-bikepro-einlegesohlen","status":"publish","type":"product","link":"https:\/\/bikefit.lu\/de\/product\/currex-bikepro-einlegesohlen\/","title":{"rendered":"Currex\u00ae BikePro\u2122 Einlegesohlen"},"content":{"rendered":"<p style=\"text-align: center;\">VERWENDUNGEN\/AKTIVIT\u00c4TEN<\/p>\n<div id=\"Product-content-b92077f1-313d-4465-a0fb-b28f9380cf1f1907728580698\" class=\"collapsible-content collapsible-content--all is-open\">\n<div class=\"collapsible-content__inner rte\">\n<div class=\"metafield-rich_text_field\">\n<p>CURREX <strong>BIKEPRO <\/strong>Einlagen haben eine extra schlanke und d\u00fcnne Passform, die ideal f\u00fcr Freestyle-Schuhe, Motorradstiefel und Radschuhe ist. Verwenden Sie sie f\u00fcr eine optimale Kraft\u00fcbertragung bei Radsportarten und Aktivit\u00e4ten wie: <\/p>\n<ul>\n<li>Stra\u00dfenrad<\/li>\n<li>Hometrainer oder Spinning<\/li>\n<li>Triathlon<\/li>\n<li>Mountainbike &amp; Gravel<\/li>\n<li>MotoGP \/ Motorrad<\/li>\n<\/ul>\n<\/div>\n<\/div>\n<\/div>\n","protected":false},"excerpt":{"rendered":"<p>CURREX\u00ae <strong>BIKEPRO\u2122-Einlagen <\/strong>wurden entwickelt, um mehr Kraft auf das Pedal zu \u00fcbertragen. Diese Radschuheinlagen stabilisieren die Kniebewegung, verbessern die Muskeleffizienz und beseitigen Taubheitsgef\u00fchle, Druckstellen und Hot Spots. Au\u00dferdem sorgen sie f\u00fcr einen besseren Luftstrom und halten Ihre F\u00fc\u00dfe auf langen, hei\u00dfen Fahrten bequem. Erleben Sie bei jeder Umdrehung, jedem Gangwechsel und jeder Steigung mehr Stabilit\u00e4t, eine perfekte Passform und echten Komfort mit CURREX <strong>BIKEPRO<\/strong>, den Fahrradschuheinlagen, die entwickelt wurden, um Sie im Sattel zu halten.   <\/p>\n<p>Die CURREX <strong>BIKEPRO <\/strong>Einlegesohlen sind in drei dynamischen Profilen f\u00fcr eine individuelle Anpassung an Ihre Schuhe erh\u00e4ltlich: <strong>LOW<\/strong>, <strong>MEDIUM<\/strong> und <strong>HIGH<\/strong>. Jedes dieser Profile hat eine andere Form, eine andere H\u00f6he des Fu\u00dfgew\u00f6lbes und einen anderen Flex, der sich Ihrem Fu\u00dfgew\u00f6lbe anpasst und f\u00fcr anatomische Unterst\u00fctzung und optimierte Bewegung sorgt. Die Form Ihres Fu\u00dfes und Ihrer Beine bestimmt, welches Einlagenprofil am besten zu Ihnen passt.  <\/p>\n<div id=\"Product-content-aad6d592-e4fa-4428-a203-07c9cda78fd11907728580698\" class=\"collapsible-content collapsible-content--all is-open\">\n<div class=\"collapsible-content__inner rte\">\n<div class=\"metafield-rich_text_field\">\n<p>Brauchen Sie Hilfe bei der Suche nach Ihrem Einlegesohlentyp? Nutzen Sie den <a href=\"https:\/\/currex.us\/pages\/insole-finder\">CURREX Einlagen-Finder<\/a>, um die besten Radschuheinlagen f\u00fcr Ihren Sport zu finden. <\/p>\n<\/div>\n<\/div>\n<\/div>\n","protected":false},"featured_media":88834,"comment_status":"closed","ping_status":"closed","template":"","meta":[],"product_brand":[],"product_cat":[4831],"product_tag":[4968,5026,5077,5110,5125,5182,5179,5194],"class_list":{"0":"post-79426","1":"product","2":"type-product","3":"status-publish","4":"has-post-thumbnail","6":"product_cat-foot-pedal-interface-de","7":"product_tag-bikepro-de","8":"product_tag-currex-de","9":"product_tag-insoles-de","10":"product_tag-offroad-de","11":"product_tag-road-de","12":"product_tag-triathlon-de","13":"product_tag-ultra-cycling-de","14":"product_tag-zeitfahren","15":"product_shipping_class-large-items-de","16":"pa_profile-high-de","17":"pa_profile-low-de","18":"pa_profile-med-de","19":"pa_size-34-5-36-5-de","20":"pa_size-37-39-de-2","21":"pa_size-39-5-41-5-de","22":"pa_size-42-44-de","23":"pa_size-44-5-46-5-de","24":"pa_size-47-49-de","26":"first","27":"instock","28":"taxable","29":"shipping-taxable","30":"purchasable","31":"product-type-variable"},"yoast_head":"<!-- This site is optimized with the Yoast SEO Premium plugin v27.3 (Yoast SEO v27.3) - https:\/\/yoast.com\/product\/yoast-seo-premium-wordpress\/ -->\n<title>Currex\u00ae BikePro\u2122 Einlegesohlen - bikefit.lu<\/title>\n<meta name=\"robots\" content=\"index, follow, max-snippet:-1, max-image-preview:large, max-video-preview:-1\" \/>\n<link rel=\"canonical\" href=\"https:\/\/bikefit.lu\/de\/product\/currex-bikepro-einlegesohlen\/\" \/>\n<meta property=\"og:locale\" content=\"de_DE\" \/>\n<meta property=\"og:type\" content=\"article\" \/>\n<meta property=\"og:title\" content=\"Currex\u00ae BikePro\u2122 Einlegesohlen\" \/>\n<meta property=\"og:description\" content=\"CURREX\u00ae BIKEPRO\u2122-Einlagen wurden entwickelt, um mehr Kraft auf das Pedal zu \u00fcbertragen. Diese Radschuheinlagen stabilisieren die Kniebewegung, verbessern die Muskeleffizienz und beseitigen Taubheitsgef\u00fchle, Druckstellen und Hot Spots. Au\u00dferdem sorgen sie f\u00fcr einen besseren Luftstrom und halten Ihre F\u00fc\u00dfe auf langen, hei\u00dfen Fahrten bequem. Erleben Sie bei jeder Umdrehung, jedem Gangwechsel und jeder Steigung mehr Stabilit\u00e4t, eine perfekte Passform und echten Komfort mit CURREX BIKEPRO, den Fahrradschuheinlagen, die entwickelt wurden, um Sie im Sattel zu halten.   Die CURREX BIKEPRO Einlegesohlen sind in drei dynamischen Profilen f\u00fcr eine individuelle Anpassung an Ihre Schuhe erh\u00e4ltlich: LOW, MEDIUM und HIGH. Jedes dieser Profile hat eine andere Form, eine andere H\u00f6he des Fu\u00dfgew\u00f6lbes und einen anderen Flex, der sich Ihrem Fu\u00dfgew\u00f6lbe anpasst und f\u00fcr anatomische Unterst\u00fctzung und optimierte Bewegung sorgt. Die Form Ihres Fu\u00dfes und Ihrer Beine bestimmt, welches Einlagenprofil am besten zu Ihnen passt.    Brauchen Sie Hilfe bei der Suche nach Ihrem Einlegesohlentyp? Nutzen Sie den CURREX Einlagen-Finder, um die besten Radschuheinlagen f\u00fcr Ihren Sport zu finden.\" \/>\n<meta property=\"og:url\" content=\"https:\/\/bikefit.lu\/de\/product\/currex-bikepro-einlegesohlen\/\" \/>\n<meta property=\"og:site_name\" content=\"bikefit.lu\" \/>\n<meta property=\"article:modified_time\" content=\"2025-07-21T16:16:49+00:00\" \/>\n<meta property=\"og:image\" content=\"https:\/\/bikefit.lu\/wp-content\/uploads\/2022\/06\/Currex-BikePro.jpg\" \/>\n\t<meta property=\"og:image:width\" content=\"500\" \/>\n\t<meta property=\"og:image:height\" content=\"494\" \/>\n\t<meta property=\"og:image:type\" content=\"image\/jpeg\" \/>\n<meta name=\"twitter:card\" content=\"summary_large_image\" \/>\n<meta name=\"twitter:label1\" content=\"Verf\u00fcgbarkeit\" \/>\n\t<meta name=\"twitter:data1\" content=\"Auf Lager\" \/>\n<script type=\"application\/ld+json\" class=\"yoast-schema-graph\">{\"@context\":\"https:\\\/\\\/schema.org\",\"@graph\":[{\"@type\":\"WebPage\",\"@id\":\"https:\\\/\\\/bikefit.lu\\\/de\\\/product\\\/currex-bikepro-einlegesohlen\\\/\",\"url\":\"https:\\\/\\\/bikefit.lu\\\/de\\\/product\\\/currex-bikepro-einlegesohlen\\\/\",\"name\":\"Currex\u00ae BikePro\u2122 Einlegesohlen - bikefit.lu\",\"isPartOf\":{\"@id\":\"https:\\\/\\\/bikefit.lu\\\/de\\\/#website\"},\"primaryImageOfPage\":{\"@id\":\"https:\\\/\\\/bikefit.lu\\\/de\\\/product\\\/currex-bikepro-einlegesohlen\\\/#primaryimage\"},\"image\":{\"@id\":\"https:\\\/\\\/bikefit.lu\\\/de\\\/product\\\/currex-bikepro-einlegesohlen\\\/#primaryimage\"},\"thumbnailUrl\":\"https:\\\/\\\/bikefit.lu\\\/wp-content\\\/uploads\\\/2022\\\/06\\\/Currex-BikePro.jpg\",\"datePublished\":\"2022-06-19T14:06:54+00:00\",\"dateModified\":\"2025-07-21T16:16:49+00:00\",\"breadcrumb\":{\"@id\":\"https:\\\/\\\/bikefit.lu\\\/de\\\/product\\\/currex-bikepro-einlegesohlen\\\/#breadcrumb\"},\"inLanguage\":\"de\",\"potentialAction\":[{\"@type\":\"ReadAction\",\"target\":[\"https:\\\/\\\/bikefit.lu\\\/de\\\/product\\\/currex-bikepro-einlegesohlen\\\/\"]}]},{\"@type\":\"ImageObject\",\"inLanguage\":\"de\",\"@id\":\"https:\\\/\\\/bikefit.lu\\\/de\\\/product\\\/currex-bikepro-einlegesohlen\\\/#primaryimage\",\"url\":\"https:\\\/\\\/bikefit.lu\\\/wp-content\\\/uploads\\\/2022\\\/06\\\/Currex-BikePro.jpg\",\"contentUrl\":\"https:\\\/\\\/bikefit.lu\\\/wp-content\\\/uploads\\\/2022\\\/06\\\/Currex-BikePro.jpg\",\"width\":500,\"height\":494},{\"@type\":\"BreadcrumbList\",\"@id\":\"https:\\\/\\\/bikefit.lu\\\/de\\\/product\\\/currex-bikepro-einlegesohlen\\\/#breadcrumb\",\"itemListElement\":[{\"@type\":\"ListItem\",\"position\":1,\"name\":\"Home\",\"item\":\"https:\\\/\\\/bikefit.lu\\\/de\\\/\"},{\"@type\":\"ListItem\",\"position\":2,\"name\":\"Produkte\",\"item\":\"https:\\\/\\\/bikefit.lu\\\/de\\\/shop\\\/\"},{\"@type\":\"ListItem\",\"position\":3,\"name\":\"Currex\u00ae BikePro\u2122 Einlegesohlen\"}]},{\"@type\":\"WebSite\",\"@id\":\"https:\\\/\\\/bikefit.lu\\\/de\\\/#website\",\"url\":\"https:\\\/\\\/bikefit.lu\\\/de\\\/\",\"name\":\"bikefit.lu\",\"description\":\"IMPROVING CYCLING\",\"publisher\":{\"@id\":\"https:\\\/\\\/bikefit.lu\\\/de\\\/#\\\/schema\\\/person\\\/379af1263474d2f8cd1f41c2bd90273d\"},\"potentialAction\":[{\"@type\":\"SearchAction\",\"target\":{\"@type\":\"EntryPoint\",\"urlTemplate\":\"https:\\\/\\\/bikefit.lu\\\/de\\\/?s={search_term_string}\"},\"query-input\":{\"@type\":\"PropertyValueSpecification\",\"valueRequired\":true,\"valueName\":\"search_term_string\"}}],\"inLanguage\":\"de\"},{\"@type\":[\"Person\",\"Organization\"],\"@id\":\"https:\\\/\\\/bikefit.lu\\\/de\\\/#\\\/schema\\\/person\\\/379af1263474d2f8cd1f41c2bd90273d\",\"name\":\"Patrick Guillaume\",\"image\":{\"@type\":\"ImageObject\",\"inLanguage\":\"de\",\"@id\":\"https:\\\/\\\/bikefit.lu\\\/wp-content\\\/uploads\\\/2024\\\/12\\\/cropped-bikefit-logoURL-RGB-jpg.jpg\",\"url\":\"https:\\\/\\\/bikefit.lu\\\/wp-content\\\/uploads\\\/2024\\\/12\\\/cropped-bikefit-logoURL-RGB-jpg.jpg\",\"contentUrl\":\"https:\\\/\\\/bikefit.lu\\\/wp-content\\\/uploads\\\/2024\\\/12\\\/cropped-bikefit-logoURL-RGB-jpg.jpg\",\"width\":512,\"height\":512,\"caption\":\"Patrick Guillaume\"},\"logo\":{\"@id\":\"https:\\\/\\\/bikefit.lu\\\/wp-content\\\/uploads\\\/2024\\\/12\\\/cropped-bikefit-logoURL-RGB-jpg.jpg\"},\"sameAs\":[\"https:\\\/\\\/bikefit.lu\"],\"honorificPrefix\":\"Mr\",\"birthDate\":\"1966-11-18\",\"gender\":\"male\",\"knowsAbout\":[\"Bike-fitting\"],\"knowsLanguage\":[\"English\",\"French\",\"German\",\"Luxembourgish\"]}]}<\/script>\n<meta property=\"og:availability\" content=\"instock\" \/>\n<meta property=\"product:availability\" content=\"instock\" \/>\n<meta property=\"product:condition\" content=\"new\" \/>\n<!-- \/ Yoast SEO Premium plugin. -->","yoast_head_json":{"title":"Currex\u00ae BikePro\u2122 Einlegesohlen - bikefit.lu","robots":{"index":"index","follow":"follow","max-snippet":"max-snippet:-1","max-image-preview":"max-image-preview:large","max-video-preview":"max-video-preview:-1"},"canonical":"https:\/\/bikefit.lu\/de\/product\/currex-bikepro-einlegesohlen\/","og_locale":"de_DE","og_type":"article","og_title":"Currex\u00ae BikePro\u2122 Einlegesohlen","og_description":"CURREX\u00ae BIKEPRO\u2122-Einlagen wurden entwickelt, um mehr Kraft auf das Pedal zu \u00fcbertragen. Diese Radschuheinlagen stabilisieren die Kniebewegung, verbessern die Muskeleffizienz und beseitigen Taubheitsgef\u00fchle, Druckstellen und Hot Spots. Au\u00dferdem sorgen sie f\u00fcr einen besseren Luftstrom und halten Ihre F\u00fc\u00dfe auf langen, hei\u00dfen Fahrten bequem. Erleben Sie bei jeder Umdrehung, jedem Gangwechsel und jeder Steigung mehr Stabilit\u00e4t, eine perfekte Passform und echten Komfort mit CURREX BIKEPRO, den Fahrradschuheinlagen, die entwickelt wurden, um Sie im Sattel zu halten.   Die CURREX BIKEPRO Einlegesohlen sind in drei dynamischen Profilen f\u00fcr eine individuelle Anpassung an Ihre Schuhe erh\u00e4ltlich: LOW, MEDIUM und HIGH. Jedes dieser Profile hat eine andere Form, eine andere H\u00f6he des Fu\u00dfgew\u00f6lbes und einen anderen Flex, der sich Ihrem Fu\u00dfgew\u00f6lbe anpasst und f\u00fcr anatomische Unterst\u00fctzung und optimierte Bewegung sorgt. Die Form Ihres Fu\u00dfes und Ihrer Beine bestimmt, welches Einlagenprofil am besten zu Ihnen passt.    Brauchen Sie Hilfe bei der Suche nach Ihrem Einlegesohlentyp? Nutzen Sie den CURREX Einlagen-Finder, um die besten Radschuheinlagen f\u00fcr Ihren Sport zu finden.","og_url":"https:\/\/bikefit.lu\/de\/product\/currex-bikepro-einlegesohlen\/","og_site_name":"bikefit.lu","article_modified_time":"2025-07-21T16:16:49+00:00","og_image":[{"width":500,"height":494,"url":"https:\/\/bikefit.lu\/wp-content\/uploads\/2022\/06\/Currex-BikePro.jpg","type":"image\/jpeg"}],"twitter_card":"summary_large_image","twitter_misc":{"Verf\u00fcgbarkeit":"Auf Lager"},"schema":{"@context":"https:\/\/schema.org","@graph":[{"@type":"WebPage","@id":"https:\/\/bikefit.lu\/de\/product\/currex-bikepro-einlegesohlen\/","url":"https:\/\/bikefit.lu\/de\/product\/currex-bikepro-einlegesohlen\/","name":"Currex\u00ae BikePro\u2122 Einlegesohlen - bikefit.lu","isPartOf":{"@id":"https:\/\/bikefit.lu\/de\/#website"},"primaryImageOfPage":{"@id":"https:\/\/bikefit.lu\/de\/product\/currex-bikepro-einlegesohlen\/#primaryimage"},"image":{"@id":"https:\/\/bikefit.lu\/de\/product\/currex-bikepro-einlegesohlen\/#primaryimage"},"thumbnailUrl":"https:\/\/bikefit.lu\/wp-content\/uploads\/2022\/06\/Currex-BikePro.jpg","datePublished":"2022-06-19T14:06:54+00:00","dateModified":"2025-07-21T16:16:49+00:00","breadcrumb":{"@id":"https:\/\/bikefit.lu\/de\/product\/currex-bikepro-einlegesohlen\/#breadcrumb"},"inLanguage":"de","potentialAction":[{"@type":"ReadAction","target":["https:\/\/bikefit.lu\/de\/product\/currex-bikepro-einlegesohlen\/"]}]},{"@type":"ImageObject","inLanguage":"de","@id":"https:\/\/bikefit.lu\/de\/product\/currex-bikepro-einlegesohlen\/#primaryimage","url":"https:\/\/bikefit.lu\/wp-content\/uploads\/2022\/06\/Currex-BikePro.jpg","contentUrl":"https:\/\/bikefit.lu\/wp-content\/uploads\/2022\/06\/Currex-BikePro.jpg","width":500,"height":494},{"@type":"BreadcrumbList","@id":"https:\/\/bikefit.lu\/de\/product\/currex-bikepro-einlegesohlen\/#breadcrumb","itemListElement":[{"@type":"ListItem","position":1,"name":"Home","item":"https:\/\/bikefit.lu\/de\/"},{"@type":"ListItem","position":2,"name":"Produkte","item":"https:\/\/bikefit.lu\/de\/shop\/"},{"@type":"ListItem","position":3,"name":"Currex\u00ae BikePro\u2122 Einlegesohlen"}]},{"@type":"WebSite","@id":"https:\/\/bikefit.lu\/de\/#website","url":"https:\/\/bikefit.lu\/de\/","name":"bikefit.lu","description":"IMPROVING CYCLING","publisher":{"@id":"https:\/\/bikefit.lu\/de\/#\/schema\/person\/379af1263474d2f8cd1f41c2bd90273d"},"potentialAction":[{"@type":"SearchAction","target":{"@type":"EntryPoint","urlTemplate":"https:\/\/bikefit.lu\/de\/?s={search_term_string}"},"query-input":{"@type":"PropertyValueSpecification","valueRequired":true,"valueName":"search_term_string"}}],"inLanguage":"de"},{"@type":["Person","Organization"],"@id":"https:\/\/bikefit.lu\/de\/#\/schema\/person\/379af1263474d2f8cd1f41c2bd90273d","name":"Patrick Guillaume","image":{"@type":"ImageObject","inLanguage":"de","@id":"https:\/\/bikefit.lu\/wp-content\/uploads\/2024\/12\/cropped-bikefit-logoURL-RGB-jpg.jpg","url":"https:\/\/bikefit.lu\/wp-content\/uploads\/2024\/12\/cropped-bikefit-logoURL-RGB-jpg.jpg","contentUrl":"https:\/\/bikefit.lu\/wp-content\/uploads\/2024\/12\/cropped-bikefit-logoURL-RGB-jpg.jpg","width":512,"height":512,"caption":"Patrick Guillaume"},"logo":{"@id":"https:\/\/bikefit.lu\/wp-content\/uploads\/2024\/12\/cropped-bikefit-logoURL-RGB-jpg.jpg"},"sameAs":["https:\/\/bikefit.lu"],"honorificPrefix":"Mr","birthDate":"1966-11-18","gender":"male","knowsAbout":["Bike-fitting"],"knowsLanguage":["English","French","German","Luxembourgish"]}]},"og_availability":"instock","product_availability":"instock","product_condition":"new"},"_links":{"self":[{"href":"https:\/\/bikefit.lu\/de\/wp-json\/wp\/v2\/product\/79426","targetHints":{"allow":["GET"]}}],"collection":[{"href":"https:\/\/bikefit.lu\/de\/wp-json\/wp\/v2\/product"}],"about":[{"href":"https:\/\/bikefit.lu\/de\/wp-json\/wp\/v2\/types\/product"}],"replies":[{"embeddable":true,"href":"https:\/\/bikefit.lu\/de\/wp-json\/wp\/v2\/comments?post=79426"}],"version-history":[{"count":0,"href":"https:\/\/bikefit.lu\/de\/wp-json\/wp\/v2\/product\/79426\/revisions"}],"wp:featuredmedia":[{"embeddable":true,"href":"https:\/\/bikefit.lu\/de\/wp-json\/wp\/v2\/media\/88834"}],"wp:attachment":[{"href":"https:\/\/bikefit.lu\/de\/wp-json\/wp\/v2\/media?parent=79426"}],"wp:term":[{"taxonomy":"product_brand","embeddable":true,"href":"https:\/\/bikefit.lu\/de\/wp-json\/wp\/v2\/product_brand?post=79426"},{"taxonomy":"product_cat","embeddable":true,"href":"https:\/\/bikefit.lu\/de\/wp-json\/wp\/v2\/product_cat?post=79426"},{"taxonomy":"product_tag","embeddable":true,"href":"https:\/\/bikefit.lu\/de\/wp-json\/wp\/v2\/product_tag?post=79426"}],"curies":[{"name":"wp","href":"https:\/\/api.w.org\/{rel}","templated":true}]}}