{"id":79471,"date":"2022-04-09T14:31:52","date_gmt":"2022-04-09T14:31:52","guid":{"rendered":"https:\/\/staging.bikefit.lu\/shop\/unkategorisiert\/wahoo-speedplay-zero-pedale\/"},"modified":"2025-04-22T13:48:15","modified_gmt":"2025-04-22T11:48:15","slug":"wahoo-speedplay-zero-pedale","status":"publish","type":"product","link":"https:\/\/bikefit.lu\/de\/product\/wahoo-speedplay-zero-pedale\/","title":{"rendered":"Wahoo Speedplay Zero-Pedale"},"content":{"rendered":"<div id=\"v-cXM4lTCN-1\" class=\"video-player\"><iframe title='VideoPress-Video-Player' aria-label='VideoPress-Video-Player' width='1200' height='674' src='https:\/\/videopress.com\/embed\/cXM4lTCN?hd=1&amp;cover=1&amp;loop=0&amp;autoPlay=0&amp;permalink=1&amp;muted=0&amp;controls=1&amp;playsinline=0&amp;useAverageColor=0&amp;preloadContent=metadata' frameborder='0' allowfullscreen data-resize-to-parent=\"true\" allow='clipboard-write'><\/iframe><script src='https:\/\/s0.wp.com\/wp-content\/plugins\/video\/assets\/js\/next\/videopress-iframe.js'><\/script><\/div>\n<h3>Produktmerkmale<\/h3>\n<ul>\n<li><strong>Verwendung<\/strong>: Stra\u00dfe<\/li>\n<li><strong>Kurvenfreiheit:<\/strong> 37 Grad<\/li>\n<li><strong>Achsl\u00e4nge:<\/strong> 53mm = Standard, 56mm, 59mm und 65mm k\u00f6nnen hier erworben werden<\/li>\n<li><strong>Kompatibilit\u00e4t mit Schuhen:<\/strong> passend f\u00fcr alle Schuhe mit 3- oder 4-Loch-Befestigung<\/li>\n<li><strong>Kompatibilit\u00e4t Cleats: <\/strong>Mit allen Standard- oder Easy Tension sowie mit den Speedplay Zero V1 und V2 Pedalen.<\/li>\n<li><strong>Bewegungsbereich eingeklickt:<\/strong> 0-15 Grad<\/li>\n<li><strong>Spannung der Pedalplatte:<\/strong> Standard<\/li>\n<li><strong>Lager:<\/strong>\n<ul>\n<li>Dreifach versiegelte Lagerpatrone<\/li>\n<li>Nadellager<\/li>\n<\/ul>\n<\/li>\n<\/ul>\n<h3>Material<\/h3>\n<ul>\n<li><strong>Achse:<\/strong> Rostfreier Stahl<\/li>\n<li><strong>Pedalk\u00f6rper:<\/strong> Grivory<\/li>\n<\/ul>\n<h3>Farbe<\/h3>\n<ul>\n<li>schwarz<\/li>\n<\/ul>\n<h3>Gewicht<\/h3>\n<ul>\n<li>222g (Herstellerangaben)<\/li>\n<\/ul>\n<hr>\n<h3>Umfang der Lieferung<\/h3>\n<ul>\n<li>1 Paar Wahoo Speedplay Zero Pedalen aus Edelstahl<\/li>\n<li>1 Paar Wahoo Speedplay Pedalplatten mit Standardspannung<\/li>\n<\/ul>\n","protected":false},"excerpt":{"rendered":"<div class=\"product-details-title\">\n<h2><strong>Entwickelt f\u00fcr jede Anstrengung.<\/strong><\/h2>\n<\/div>\n<div class=\"product-details-content\">\n<p>Das SPEEDPLAY ZERO ist ein Pedal, das alles mitmacht: von Rennen bis hin zu Doppelhundertsteln. Das doppelseitige Fahrradpedal aus Edelstahl und das integrierte Schuhplatten-System bieten eine optimale Kraft\u00fcbertragung und au\u00dfergew\u00f6hnliche Haltbarkeit. Dank der ma\u00dfgeschneiderten Passform und des beidseitigen Einstiegs k\u00f6nnen Sie mit Selbstvertrauen und bequem in die Pedale treten.  <\/p>\n<\/div>\n<h2><strong>H\u00f6hepunkte &#8211; Wahoo<\/strong> <strong>Speedplay Zero Pedale aus Edelstahl<\/strong><\/h2>\n<ul>\n<li><strong>Doppelseitiger Einstieg: <\/strong>Der beidseitige Einstieg und der innovative Verriegelungsmechanismus sorgen f\u00fcr die sicherste und stabilste Plattform auf dem Markt, so dass Sie mit Zuversicht kurbeln k\u00f6nnen.<\/li>\n<li><strong>Bewegungsfreiheit: <\/strong>Das einzige Pedalsystem, das eine unabh\u00e4ngige Verstellbarkeit von vorne-hinten, links-rechts und Float bietet, um die Einstelllung zu optimieren und die Leistung durch eine bessere Biomechanik zu steigern.<\/li>\n<li><strong>Verbesserte Gehf\u00e4higkeit:<\/strong> Eine schlanke Cleatform mit gummiertem \u00dcberzug sorgt f\u00fcr einen besseren Halt und mehr Sicherheit beim Gehen.<\/li>\n<li><strong>Ausgezeichnete Kurvenfreiheit: <\/strong>Treten Sie selbstbewusst in die Pedale, behalten Sie die Geschwindigkeit bei und lassen Sie das Feld hinter sich.<\/li>\n<li><strong>Einfach zu warten:<\/strong> Alle Speedplay-Pedale haben versiegelte Lager und eine erh\u00f6hte Haltbarkeit durch verst\u00e4rkte Kontaktpunkte. Sie verbringen jetzt weniger Zeit mit der Wartung Ihrer Pedale und mehr Zeit mit dem Fahren. <\/li>\n<li><strong>Passen Sie Ihre Cleats an:<\/strong> W\u00e4hlen Sie entweder die Standard- oder die Easy Tension-Cleats, um ein individuelles Ein- und Ausklicken zu erhalten. Beide Schuhplatten sind mit allen Pedalen kompatibel.<\/li>\n<\/ul>\n<h3><\/h3>\n<h3>Eigenschaften<strong><br \/>\n<\/strong><\/h3>\n<ul>\n<li>Beidseitiger Eingang f\u00fcr eine jederzeitige feste Verbindung<\/li>\n<li>Niedrige Bauh\u00f6he f\u00fcr optimale Kurvenfreiheit<\/li>\n<li>Individuelle Anpassung und Bewegungsfreiheit f\u00fcr optimale Biomechanik<\/li>\n<li>Sehr gute Laufeigenschaften mit minimalem Cleatverschlei\u00df abseits des Rades<\/li>\n<li>Abgedichtete, wartungsfreie Lager f\u00fcr geringen Wartungsbedarf<\/li>\n<li>Optimierter Pedalk\u00f6rper f\u00fcr leichteren Ein- und Ausstieg<\/li>\n<li>Geringes Gewicht<\/li>\n<\/ul>\n","protected":false},"featured_media":88524,"comment_status":"closed","ping_status":"closed","template":"","meta":[],"product_brand":[],"product_cat":[4831,4786],"product_tag":[5131,5125,5182,5179,5175,5194,5203],"class_list":{"0":"post-79471","1":"product","2":"type-product","3":"status-publish","4":"has-post-thumbnail","6":"product_cat-foot-pedal-interface-de","7":"product_cat-road-de","8":"product_tag-pedalen","9":"product_tag-road-de","10":"product_tag-triathlon-de","11":"product_tag-ultra-cycling-de","12":"product_tag-wahoo-speedplay-de","13":"product_tag-zeitfahren","14":"product_tag-zero-de","15":"product_shipping_class-large-items-de","17":"first","18":"instock","19":"taxable","20":"shipping-taxable","21":"purchasable","22":"product-type-variable"},"yoast_head":"<!-- This site is optimized with the Yoast SEO Premium plugin v27.3 (Yoast SEO v27.3) - https:\/\/yoast.com\/product\/yoast-seo-premium-wordpress\/ -->\n<title>Wahoo Speedplay Zero-Pedale - bikefit.lu<\/title>\n<meta name=\"robots\" content=\"index, follow, max-snippet:-1, max-image-preview:large, max-video-preview:-1\" \/>\n<link rel=\"canonical\" href=\"https:\/\/bikefit.lu\/de\/product\/wahoo-speedplay-zero-pedale\/\" \/>\n<meta property=\"og:locale\" content=\"de_DE\" \/>\n<meta property=\"og:type\" content=\"article\" \/>\n<meta property=\"og:title\" content=\"Wahoo Speedplay Zero-Pedale\" \/>\n<meta property=\"og:description\" content=\"Entwickelt f\u00fcr jede Anstrengung.  Das SPEEDPLAY ZERO ist ein Pedal, das alles mitmacht: von Rennen bis hin zu Doppelhundertsteln. Das doppelseitige Fahrradpedal aus Edelstahl und das integrierte Schuhplatten-System bieten eine optimale Kraft\u00fcbertragung und au\u00dfergew\u00f6hnliche Haltbarkeit. Dank der ma\u00dfgeschneiderten Passform und des beidseitigen Einstiegs k\u00f6nnen Sie mit Selbstvertrauen und bequem in die Pedale treten.   H\u00f6hepunkte - Wahoo Speedplay Zero Pedale aus Edelstahl  Doppelseitiger Einstieg: Der beidseitige Einstieg und der innovative Verriegelungsmechanismus sorgen f\u00fcr die sicherste und stabilste Plattform auf dem Markt, so dass Sie mit Zuversicht kurbeln k\u00f6nnen.  Bewegungsfreiheit: Das einzige Pedalsystem, das eine unabh\u00e4ngige Verstellbarkeit von vorne-hinten, links-rechts und Float bietet, um die Einstelllung zu optimieren und die Leistung durch eine bessere Biomechanik zu steigern.  Verbesserte Gehf\u00e4higkeit: Eine schlanke Cleatform mit gummiertem \u00dcberzug sorgt f\u00fcr einen besseren Halt und mehr Sicherheit beim Gehen.  Ausgezeichnete Kurvenfreiheit: Treten Sie selbstbewusst in die Pedale, behalten Sie die Geschwindigkeit bei und lassen Sie das Feld hinter sich.  Einfach zu warten: Alle Speedplay-Pedale haben versiegelte Lager und eine erh\u00f6hte Haltbarkeit durch verst\u00e4rkte Kontaktpunkte. Sie verbringen jetzt weniger Zeit mit der Wartung Ihrer Pedale und mehr Zeit mit dem Fahren.  Passen Sie Ihre Cleats an: W\u00e4hlen Sie entweder die Standard- oder die Easy Tension-Cleats, um ein individuelles Ein- und Ausklicken zu erhalten. Beide Schuhplatten sind mit allen Pedalen kompatibel.  Eigenschaften   Beidseitiger Eingang f\u00fcr eine jederzeitige feste Verbindung  Niedrige Bauh\u00f6he f\u00fcr optimale Kurvenfreiheit  Individuelle Anpassung und Bewegungsfreiheit f\u00fcr optimale Biomechanik  Sehr gute Laufeigenschaften mit minimalem Cleatverschlei\u00df abseits des Rades  Abgedichtete, wartungsfreie Lager f\u00fcr geringen Wartungsbedarf  Optimierter Pedalk\u00f6rper f\u00fcr leichteren Ein- und Ausstieg  Geringes Gewicht\" \/>\n<meta property=\"og:url\" content=\"https:\/\/bikefit.lu\/de\/product\/wahoo-speedplay-zero-pedale\/\" \/>\n<meta property=\"og:site_name\" content=\"bikefit.lu\" \/>\n<meta property=\"article:modified_time\" content=\"2025-04-22T11:48:15+00:00\" \/>\n<meta property=\"og:image\" content=\"https:\/\/bikefit.lu\/wp-content\/uploads\/2024\/12\/speedplay_zero_2.webp\" \/>\n\t<meta property=\"og:image:width\" content=\"615\" \/>\n\t<meta property=\"og:image:height\" content=\"615\" \/>\n\t<meta property=\"og:image:type\" content=\"image\/webp\" \/>\n<meta name=\"twitter:card\" content=\"summary_large_image\" \/>\n<meta name=\"twitter:label1\" content=\"Verf\u00fcgbarkeit\" \/>\n\t<meta name=\"twitter:data1\" content=\"Auf Lager\" \/>\n<script type=\"application\/ld+json\" class=\"yoast-schema-graph\">{\"@context\":\"https:\\\/\\\/schema.org\",\"@graph\":[{\"@type\":\"WebPage\",\"@id\":\"https:\\\/\\\/bikefit.lu\\\/de\\\/product\\\/wahoo-speedplay-zero-pedale\\\/\",\"url\":\"https:\\\/\\\/bikefit.lu\\\/de\\\/product\\\/wahoo-speedplay-zero-pedale\\\/\",\"name\":\"Wahoo Speedplay Zero-Pedale - bikefit.lu\",\"isPartOf\":{\"@id\":\"https:\\\/\\\/bikefit.lu\\\/de\\\/#website\"},\"primaryImageOfPage\":{\"@id\":\"https:\\\/\\\/bikefit.lu\\\/de\\\/product\\\/wahoo-speedplay-zero-pedale\\\/#primaryimage\"},\"image\":{\"@id\":\"https:\\\/\\\/bikefit.lu\\\/de\\\/product\\\/wahoo-speedplay-zero-pedale\\\/#primaryimage\"},\"thumbnailUrl\":\"https:\\\/\\\/bikefit.lu\\\/wp-content\\\/uploads\\\/2024\\\/12\\\/speedplay_zero_2.webp\",\"datePublished\":\"2022-04-09T14:31:52+00:00\",\"dateModified\":\"2025-04-22T11:48:15+00:00\",\"breadcrumb\":{\"@id\":\"https:\\\/\\\/bikefit.lu\\\/de\\\/product\\\/wahoo-speedplay-zero-pedale\\\/#breadcrumb\"},\"inLanguage\":\"de\",\"potentialAction\":[{\"@type\":\"ReadAction\",\"target\":[\"https:\\\/\\\/bikefit.lu\\\/de\\\/product\\\/wahoo-speedplay-zero-pedale\\\/\"]}]},{\"@type\":\"ImageObject\",\"inLanguage\":\"de\",\"@id\":\"https:\\\/\\\/bikefit.lu\\\/de\\\/product\\\/wahoo-speedplay-zero-pedale\\\/#primaryimage\",\"url\":\"https:\\\/\\\/bikefit.lu\\\/wp-content\\\/uploads\\\/2024\\\/12\\\/speedplay_zero_2.webp\",\"contentUrl\":\"https:\\\/\\\/bikefit.lu\\\/wp-content\\\/uploads\\\/2024\\\/12\\\/speedplay_zero_2.webp\",\"width\":615,\"height\":615},{\"@type\":\"BreadcrumbList\",\"@id\":\"https:\\\/\\\/bikefit.lu\\\/de\\\/product\\\/wahoo-speedplay-zero-pedale\\\/#breadcrumb\",\"itemListElement\":[{\"@type\":\"ListItem\",\"position\":1,\"name\":\"Home\",\"item\":\"https:\\\/\\\/bikefit.lu\\\/de\\\/\"},{\"@type\":\"ListItem\",\"position\":2,\"name\":\"Produkte\",\"item\":\"https:\\\/\\\/bikefit.lu\\\/de\\\/shop\\\/\"},{\"@type\":\"ListItem\",\"position\":3,\"name\":\"Wahoo Speedplay Zero-Pedale\"}]},{\"@type\":\"WebSite\",\"@id\":\"https:\\\/\\\/bikefit.lu\\\/de\\\/#website\",\"url\":\"https:\\\/\\\/bikefit.lu\\\/de\\\/\",\"name\":\"bikefit.lu\",\"description\":\"IMPROVING CYCLING\",\"publisher\":{\"@id\":\"https:\\\/\\\/bikefit.lu\\\/de\\\/#\\\/schema\\\/person\\\/379af1263474d2f8cd1f41c2bd90273d\"},\"potentialAction\":[{\"@type\":\"SearchAction\",\"target\":{\"@type\":\"EntryPoint\",\"urlTemplate\":\"https:\\\/\\\/bikefit.lu\\\/de\\\/?s={search_term_string}\"},\"query-input\":{\"@type\":\"PropertyValueSpecification\",\"valueRequired\":true,\"valueName\":\"search_term_string\"}}],\"inLanguage\":\"de\"},{\"@type\":[\"Person\",\"Organization\"],\"@id\":\"https:\\\/\\\/bikefit.lu\\\/de\\\/#\\\/schema\\\/person\\\/379af1263474d2f8cd1f41c2bd90273d\",\"name\":\"Patrick Guillaume\",\"image\":{\"@type\":\"ImageObject\",\"inLanguage\":\"de\",\"@id\":\"https:\\\/\\\/bikefit.lu\\\/wp-content\\\/uploads\\\/2024\\\/12\\\/cropped-bikefit-logoURL-RGB-jpg.jpg\",\"url\":\"https:\\\/\\\/bikefit.lu\\\/wp-content\\\/uploads\\\/2024\\\/12\\\/cropped-bikefit-logoURL-RGB-jpg.jpg\",\"contentUrl\":\"https:\\\/\\\/bikefit.lu\\\/wp-content\\\/uploads\\\/2024\\\/12\\\/cropped-bikefit-logoURL-RGB-jpg.jpg\",\"width\":512,\"height\":512,\"caption\":\"Patrick Guillaume\"},\"logo\":{\"@id\":\"https:\\\/\\\/bikefit.lu\\\/wp-content\\\/uploads\\\/2024\\\/12\\\/cropped-bikefit-logoURL-RGB-jpg.jpg\"},\"sameAs\":[\"https:\\\/\\\/bikefit.lu\"],\"honorificPrefix\":\"Mr\",\"birthDate\":\"1966-11-18\",\"gender\":\"male\",\"knowsAbout\":[\"Bike-fitting\"],\"knowsLanguage\":[\"English\",\"French\",\"German\",\"Luxembourgish\"]}]}<\/script>\n<meta property=\"og:availability\" content=\"instock\" \/>\n<meta property=\"product:availability\" content=\"instock\" \/>\n<meta property=\"product:condition\" content=\"new\" \/>\n<!-- \/ Yoast SEO Premium plugin. -->","yoast_head_json":{"title":"Wahoo Speedplay Zero-Pedale - bikefit.lu","robots":{"index":"index","follow":"follow","max-snippet":"max-snippet:-1","max-image-preview":"max-image-preview:large","max-video-preview":"max-video-preview:-1"},"canonical":"https:\/\/bikefit.lu\/de\/product\/wahoo-speedplay-zero-pedale\/","og_locale":"de_DE","og_type":"article","og_title":"Wahoo Speedplay Zero-Pedale","og_description":"Entwickelt f\u00fcr jede Anstrengung.  Das SPEEDPLAY ZERO ist ein Pedal, das alles mitmacht: von Rennen bis hin zu Doppelhundertsteln. Das doppelseitige Fahrradpedal aus Edelstahl und das integrierte Schuhplatten-System bieten eine optimale Kraft\u00fcbertragung und au\u00dfergew\u00f6hnliche Haltbarkeit. Dank der ma\u00dfgeschneiderten Passform und des beidseitigen Einstiegs k\u00f6nnen Sie mit Selbstvertrauen und bequem in die Pedale treten.   H\u00f6hepunkte - Wahoo Speedplay Zero Pedale aus Edelstahl  Doppelseitiger Einstieg: Der beidseitige Einstieg und der innovative Verriegelungsmechanismus sorgen f\u00fcr die sicherste und stabilste Plattform auf dem Markt, so dass Sie mit Zuversicht kurbeln k\u00f6nnen.  Bewegungsfreiheit: Das einzige Pedalsystem, das eine unabh\u00e4ngige Verstellbarkeit von vorne-hinten, links-rechts und Float bietet, um die Einstelllung zu optimieren und die Leistung durch eine bessere Biomechanik zu steigern.  Verbesserte Gehf\u00e4higkeit: Eine schlanke Cleatform mit gummiertem \u00dcberzug sorgt f\u00fcr einen besseren Halt und mehr Sicherheit beim Gehen.  Ausgezeichnete Kurvenfreiheit: Treten Sie selbstbewusst in die Pedale, behalten Sie die Geschwindigkeit bei und lassen Sie das Feld hinter sich.  Einfach zu warten: Alle Speedplay-Pedale haben versiegelte Lager und eine erh\u00f6hte Haltbarkeit durch verst\u00e4rkte Kontaktpunkte. Sie verbringen jetzt weniger Zeit mit der Wartung Ihrer Pedale und mehr Zeit mit dem Fahren.  Passen Sie Ihre Cleats an: W\u00e4hlen Sie entweder die Standard- oder die Easy Tension-Cleats, um ein individuelles Ein- und Ausklicken zu erhalten. Beide Schuhplatten sind mit allen Pedalen kompatibel.  Eigenschaften   Beidseitiger Eingang f\u00fcr eine jederzeitige feste Verbindung  Niedrige Bauh\u00f6he f\u00fcr optimale Kurvenfreiheit  Individuelle Anpassung und Bewegungsfreiheit f\u00fcr optimale Biomechanik  Sehr gute Laufeigenschaften mit minimalem Cleatverschlei\u00df abseits des Rades  Abgedichtete, wartungsfreie Lager f\u00fcr geringen Wartungsbedarf  Optimierter Pedalk\u00f6rper f\u00fcr leichteren Ein- und Ausstieg  Geringes Gewicht","og_url":"https:\/\/bikefit.lu\/de\/product\/wahoo-speedplay-zero-pedale\/","og_site_name":"bikefit.lu","article_modified_time":"2025-04-22T11:48:15+00:00","og_image":[{"width":615,"height":615,"url":"https:\/\/bikefit.lu\/wp-content\/uploads\/2024\/12\/speedplay_zero_2.webp","type":"image\/webp"}],"twitter_card":"summary_large_image","twitter_misc":{"Verf\u00fcgbarkeit":"Auf Lager"},"schema":{"@context":"https:\/\/schema.org","@graph":[{"@type":"WebPage","@id":"https:\/\/bikefit.lu\/de\/product\/wahoo-speedplay-zero-pedale\/","url":"https:\/\/bikefit.lu\/de\/product\/wahoo-speedplay-zero-pedale\/","name":"Wahoo Speedplay Zero-Pedale - bikefit.lu","isPartOf":{"@id":"https:\/\/bikefit.lu\/de\/#website"},"primaryImageOfPage":{"@id":"https:\/\/bikefit.lu\/de\/product\/wahoo-speedplay-zero-pedale\/#primaryimage"},"image":{"@id":"https:\/\/bikefit.lu\/de\/product\/wahoo-speedplay-zero-pedale\/#primaryimage"},"thumbnailUrl":"https:\/\/bikefit.lu\/wp-content\/uploads\/2024\/12\/speedplay_zero_2.webp","datePublished":"2022-04-09T14:31:52+00:00","dateModified":"2025-04-22T11:48:15+00:00","breadcrumb":{"@id":"https:\/\/bikefit.lu\/de\/product\/wahoo-speedplay-zero-pedale\/#breadcrumb"},"inLanguage":"de","potentialAction":[{"@type":"ReadAction","target":["https:\/\/bikefit.lu\/de\/product\/wahoo-speedplay-zero-pedale\/"]}]},{"@type":"ImageObject","inLanguage":"de","@id":"https:\/\/bikefit.lu\/de\/product\/wahoo-speedplay-zero-pedale\/#primaryimage","url":"https:\/\/bikefit.lu\/wp-content\/uploads\/2024\/12\/speedplay_zero_2.webp","contentUrl":"https:\/\/bikefit.lu\/wp-content\/uploads\/2024\/12\/speedplay_zero_2.webp","width":615,"height":615},{"@type":"BreadcrumbList","@id":"https:\/\/bikefit.lu\/de\/product\/wahoo-speedplay-zero-pedale\/#breadcrumb","itemListElement":[{"@type":"ListItem","position":1,"name":"Home","item":"https:\/\/bikefit.lu\/de\/"},{"@type":"ListItem","position":2,"name":"Produkte","item":"https:\/\/bikefit.lu\/de\/shop\/"},{"@type":"ListItem","position":3,"name":"Wahoo Speedplay Zero-Pedale"}]},{"@type":"WebSite","@id":"https:\/\/bikefit.lu\/de\/#website","url":"https:\/\/bikefit.lu\/de\/","name":"bikefit.lu","description":"IMPROVING CYCLING","publisher":{"@id":"https:\/\/bikefit.lu\/de\/#\/schema\/person\/379af1263474d2f8cd1f41c2bd90273d"},"potentialAction":[{"@type":"SearchAction","target":{"@type":"EntryPoint","urlTemplate":"https:\/\/bikefit.lu\/de\/?s={search_term_string}"},"query-input":{"@type":"PropertyValueSpecification","valueRequired":true,"valueName":"search_term_string"}}],"inLanguage":"de"},{"@type":["Person","Organization"],"@id":"https:\/\/bikefit.lu\/de\/#\/schema\/person\/379af1263474d2f8cd1f41c2bd90273d","name":"Patrick Guillaume","image":{"@type":"ImageObject","inLanguage":"de","@id":"https:\/\/bikefit.lu\/wp-content\/uploads\/2024\/12\/cropped-bikefit-logoURL-RGB-jpg.jpg","url":"https:\/\/bikefit.lu\/wp-content\/uploads\/2024\/12\/cropped-bikefit-logoURL-RGB-jpg.jpg","contentUrl":"https:\/\/bikefit.lu\/wp-content\/uploads\/2024\/12\/cropped-bikefit-logoURL-RGB-jpg.jpg","width":512,"height":512,"caption":"Patrick Guillaume"},"logo":{"@id":"https:\/\/bikefit.lu\/wp-content\/uploads\/2024\/12\/cropped-bikefit-logoURL-RGB-jpg.jpg"},"sameAs":["https:\/\/bikefit.lu"],"honorificPrefix":"Mr","birthDate":"1966-11-18","gender":"male","knowsAbout":["Bike-fitting"],"knowsLanguage":["English","French","German","Luxembourgish"]}]},"og_availability":"instock","product_availability":"instock","product_condition":"new"},"_links":{"self":[{"href":"https:\/\/bikefit.lu\/de\/wp-json\/wp\/v2\/product\/79471","targetHints":{"allow":["GET"]}}],"collection":[{"href":"https:\/\/bikefit.lu\/de\/wp-json\/wp\/v2\/product"}],"about":[{"href":"https:\/\/bikefit.lu\/de\/wp-json\/wp\/v2\/types\/product"}],"replies":[{"embeddable":true,"href":"https:\/\/bikefit.lu\/de\/wp-json\/wp\/v2\/comments?post=79471"}],"version-history":[{"count":0,"href":"https:\/\/bikefit.lu\/de\/wp-json\/wp\/v2\/product\/79471\/revisions"}],"wp:featuredmedia":[{"embeddable":true,"href":"https:\/\/bikefit.lu\/de\/wp-json\/wp\/v2\/media\/88524"}],"wp:attachment":[{"href":"https:\/\/bikefit.lu\/de\/wp-json\/wp\/v2\/media?parent=79471"}],"wp:term":[{"taxonomy":"product_brand","embeddable":true,"href":"https:\/\/bikefit.lu\/de\/wp-json\/wp\/v2\/product_brand?post=79471"},{"taxonomy":"product_cat","embeddable":true,"href":"https:\/\/bikefit.lu\/de\/wp-json\/wp\/v2\/product_cat?post=79471"},{"taxonomy":"product_tag","embeddable":true,"href":"https:\/\/bikefit.lu\/de\/wp-json\/wp\/v2\/product_tag?post=79471"}],"curies":[{"name":"wp","href":"https:\/\/api.w.org\/{rel}","templated":true}]}}