{"id":79493,"date":"2022-02-10T22:47:17","date_gmt":"2022-02-10T22:47:17","guid":{"rendered":"https:\/\/staging.bikefit.lu\/shop\/unkategorisiert\/form-beinlaengen-ausgleichscheiben-speedplay-wahoo-speedplay-4-loch\/"},"modified":"2025-05-20T00:03:38","modified_gmt":"2025-05-19T22:03:38","slug":"form-beinlaengen-ausgleichscheiben-speedplay-wahoo-speedplay-4-loch","status":"publish","type":"product","link":"https:\/\/bikefit.lu\/de\/product\/form-beinlaengen-ausgleichscheiben-speedplay-wahoo-speedplay-4-loch\/","title":{"rendered":"Form\u00ae Beinl\u00e4ngen-Ausgleichscheiben &#8211; Speedplay &amp; Wahoo Speedplay 4-Loch"},"content":{"rendered":"<p style=\"text-align: center;\"><span style=\"color: #33cccc; font-size: 18pt;\"><strong>WICHTIG<\/strong> !!!<\/span><\/p>\n<p>Bitte denken Sie daran, die Schrauben in der entsprechenden L\u00e4nge zu bestellen, wissend dass die mit den Cleats gelieferten Schrauben eine L\u00e4nge von 8 mm aufweisen Sie m\u00fcssen also die H\u00f6he der Shims addieren, um die L\u00e4nge der Schrauben zu bestimmen.<\/p>\n<p>Der <span style=\"text-decoration: underline;\">Kit <\/span>enth\u00e4lt: 1 x 2 mm Unterlegscheibe, 1 x 3 mm Unterlegscheibe und Schrauben (4 x 10 mm &amp; 4 x 12 mm).<\/p>\n<p>Die Packungen und Einzelteile werden <strong>ohne<\/strong> Schrauben geliefert.<\/p>\n<p>Bitte kontaktieren Sie mich f\u00fcr \u00e4ltere V1 &amp; V2 Optionen, sie ben\u00f6tigen andere Schrauben.<\/p>\n<p>&nbsp;<\/p>\n","protected":false},"excerpt":{"rendered":"<p>Beinl\u00e4ngendistanzst\u00fccke werden verwendet, um die effektive Beinl\u00e4nge eines k\u00fcrzeren Beins zu erh\u00f6hen, wenn ein Radfahrer unter einer Beinl\u00e4ngendiskrepanz leidet. Anzeichen f\u00fcr eine Diskrepanz k\u00f6nnen sein:<\/p>\n<p>a) \u00dcberstreckung des k\u00fcrzeres Beines am unteren Ende des Pedalwegs<\/p>\n<p>b) Becken geneigt oder Fahrer auf eine Seite des Sattels geneigt, um die Verbindung mit den unteren Pedal zu behalten<\/p>\n<p>c) ein Bein f\u00fchlt sich zu wenig gestreckt an, w\u00e4hrend sich das andere genau richtig anf\u00fchlt<\/p>\n<p>Unter der Voraussetzung, dass die Position des Fahrers korrekt ist und seine Beine auf eine Diskrepanz bewertet wurden, k\u00f6nnten die oben genannten Probleme mit der Verwendung von Beinl\u00e4ngenshims gel\u00f6st werden. Das Shimmen mit der richtigen Menge an Stack kann eine gleichm\u00e4\u00dfigere Beinstreckung bewirken, das Becken stabilisieren und zu einem sanfteren und kontrollierteren Pedaltritt auf der k\u00fcrzeren Seite f\u00fchren.<\/p>\n<p>Speedplay Unterlegscheiben funktionieren mit allen (Wahoo) Speedplay Stra\u00dfenschuhsystemen.<\/p>\n","protected":false},"featured_media":77255,"comment_status":"closed","ping_status":"closed","template":"","meta":[],"product_brand":[],"product_cat":[4831,4786],"product_tag":[4935,5070,5053,5125,5105,5182,5179,5175,5194],"class_list":{"0":"post-79493","1":"product","2":"type-product","3":"status-publish","4":"has-post-thumbnail","6":"product_cat-foot-pedal-interface-de","7":"product_cat-road-de","8":"product_tag-4-hole-de","9":"product_tag-foot-pedal-interface-de","10":"product_tag-form-de","11":"product_tag-road-de","12":"product_tag-shims-de","13":"product_tag-triathlon-de","14":"product_tag-ultra-cycling-de","15":"product_tag-wahoo-speedplay-de","16":"product_tag-zeitfahren","17":"product_shipping_class-format-xs-de","19":"first","20":"instock","21":"taxable","22":"shipping-taxable","23":"purchasable","24":"product-type-variable"},"group_of_quantity":0,"min_quantity":0,"max_quantity":"","exclude_order_quantity_value_rules":"no","exclude_category_quantity_rules":"no","combine_variations":"no","yoast_head":"<!-- This site is optimized with the Yoast SEO Premium plugin v27.4 (Yoast SEO v27.5) - https:\/\/yoast.com\/product\/yoast-seo-premium-wordpress\/ -->\n<title>Form\u00ae Beinl\u00e4ngen-Ausgleichscheiben - Speedplay &amp; Wahoo Speedplay 4-Loch - bikefit.lu<\/title>\n<meta name=\"robots\" content=\"index, follow, max-snippet:-1, max-image-preview:large, max-video-preview:-1\" \/>\n<link rel=\"canonical\" href=\"https:\/\/bikefit.lu\/de\/product\/form-beinlaengen-ausgleichscheiben-speedplay-wahoo-speedplay-4-loch\/\" \/>\n<meta property=\"og:locale\" content=\"de_DE\" \/>\n<meta property=\"og:type\" content=\"article\" \/>\n<meta property=\"og:title\" content=\"Form\u00ae Beinl\u00e4ngen-Ausgleichscheiben - Speedplay &amp; Wahoo Speedplay 4-Loch\" \/>\n<meta property=\"og:description\" content=\"Beinl\u00e4ngendistanzst\u00fccke werden verwendet, um die effektive Beinl\u00e4nge eines k\u00fcrzeren Beins zu erh\u00f6hen, wenn ein Radfahrer unter einer Beinl\u00e4ngendiskrepanz leidet. Anzeichen f\u00fcr eine Diskrepanz k\u00f6nnen sein: a) \u00dcberstreckung des k\u00fcrzeres Beines am unteren Ende des Pedalwegs b) Becken geneigt oder Fahrer auf eine Seite des Sattels geneigt, um die Verbindung mit den unteren Pedal zu behalten c) ein Bein f\u00fchlt sich zu wenig gestreckt an, w\u00e4hrend sich das andere genau richtig anf\u00fchlt Unter der Voraussetzung, dass die Position des Fahrers korrekt ist und seine Beine auf eine Diskrepanz bewertet wurden, k\u00f6nnten die oben genannten Probleme mit der Verwendung von Beinl\u00e4ngenshims gel\u00f6st werden. Das Shimmen mit der richtigen Menge an Stack kann eine gleichm\u00e4\u00dfigere Beinstreckung bewirken, das Becken stabilisieren und zu einem sanfteren und kontrollierteren Pedaltritt auf der k\u00fcrzeren Seite f\u00fchren. Speedplay Unterlegscheiben funktionieren mit allen (Wahoo) Speedplay Stra\u00dfenschuhsystemen.\" \/>\n<meta property=\"og:url\" content=\"https:\/\/bikefit.lu\/de\/product\/form-beinlaengen-ausgleichscheiben-speedplay-wahoo-speedplay-4-loch\/\" \/>\n<meta property=\"og:site_name\" content=\"bikefit.lu\" \/>\n<meta property=\"article:modified_time\" content=\"2025-05-19T22:03:38+00:00\" \/>\n<meta property=\"og:image\" content=\"https:\/\/bikefit.lu\/wp-content\/uploads\/2022\/02\/02a-leg-length-shim-speedplay.webp\" \/>\n\t<meta property=\"og:image:width\" content=\"1920\" \/>\n\t<meta property=\"og:image:height\" content=\"1920\" \/>\n\t<meta property=\"og:image:type\" content=\"image\/webp\" \/>\n<meta name=\"twitter:card\" content=\"summary_large_image\" \/>\n<meta name=\"twitter:label1\" content=\"Verf\u00fcgbarkeit\" \/>\n\t<meta name=\"twitter:data1\" content=\"Auf Lager\" \/>\n<script type=\"application\/ld+json\" class=\"yoast-schema-graph\">{\"@context\":\"https:\\\/\\\/schema.org\",\"@graph\":[{\"@type\":\"WebPage\",\"@id\":\"https:\\\/\\\/bikefit.lu\\\/de\\\/product\\\/form-beinlaengen-ausgleichscheiben-speedplay-wahoo-speedplay-4-loch\\\/\",\"url\":\"https:\\\/\\\/bikefit.lu\\\/de\\\/product\\\/form-beinlaengen-ausgleichscheiben-speedplay-wahoo-speedplay-4-loch\\\/\",\"name\":\"Form\u00ae Beinl\u00e4ngen-Ausgleichscheiben - Speedplay &amp; Wahoo Speedplay 4-Loch - bikefit.lu\",\"isPartOf\":{\"@id\":\"https:\\\/\\\/bikefit.lu\\\/de\\\/#website\"},\"primaryImageOfPage\":{\"@id\":\"https:\\\/\\\/bikefit.lu\\\/de\\\/product\\\/form-beinlaengen-ausgleichscheiben-speedplay-wahoo-speedplay-4-loch\\\/#primaryimage\"},\"image\":{\"@id\":\"https:\\\/\\\/bikefit.lu\\\/de\\\/product\\\/form-beinlaengen-ausgleichscheiben-speedplay-wahoo-speedplay-4-loch\\\/#primaryimage\"},\"thumbnailUrl\":\"https:\\\/\\\/bikefit.lu\\\/wp-content\\\/uploads\\\/2022\\\/02\\\/02a-leg-length-shim-speedplay.webp\",\"datePublished\":\"2022-02-10T22:47:17+00:00\",\"dateModified\":\"2025-05-19T22:03:38+00:00\",\"breadcrumb\":{\"@id\":\"https:\\\/\\\/bikefit.lu\\\/de\\\/product\\\/form-beinlaengen-ausgleichscheiben-speedplay-wahoo-speedplay-4-loch\\\/#breadcrumb\"},\"inLanguage\":\"de\",\"potentialAction\":[{\"@type\":\"ReadAction\",\"target\":[\"https:\\\/\\\/bikefit.lu\\\/de\\\/product\\\/form-beinlaengen-ausgleichscheiben-speedplay-wahoo-speedplay-4-loch\\\/\"]}]},{\"@type\":\"ImageObject\",\"inLanguage\":\"de\",\"@id\":\"https:\\\/\\\/bikefit.lu\\\/de\\\/product\\\/form-beinlaengen-ausgleichscheiben-speedplay-wahoo-speedplay-4-loch\\\/#primaryimage\",\"url\":\"https:\\\/\\\/bikefit.lu\\\/wp-content\\\/uploads\\\/2022\\\/02\\\/02a-leg-length-shim-speedplay.webp\",\"contentUrl\":\"https:\\\/\\\/bikefit.lu\\\/wp-content\\\/uploads\\\/2022\\\/02\\\/02a-leg-length-shim-speedplay.webp\",\"width\":1920,\"height\":1920},{\"@type\":\"BreadcrumbList\",\"@id\":\"https:\\\/\\\/bikefit.lu\\\/de\\\/product\\\/form-beinlaengen-ausgleichscheiben-speedplay-wahoo-speedplay-4-loch\\\/#breadcrumb\",\"itemListElement\":[{\"@type\":\"ListItem\",\"position\":1,\"name\":\"Home\",\"item\":\"https:\\\/\\\/bikefit.lu\\\/de\\\/\"},{\"@type\":\"ListItem\",\"position\":2,\"name\":\"Shop\",\"item\":\"https:\\\/\\\/bikefit.lu\\\/de\\\/shop\\\/\"},{\"@type\":\"ListItem\",\"position\":3,\"name\":\"Form\u00ae Beinl\u00e4ngen-Ausgleichscheiben &#8211; Speedplay &amp; Wahoo Speedplay 4-Loch\"}]},{\"@type\":\"WebSite\",\"@id\":\"https:\\\/\\\/bikefit.lu\\\/de\\\/#website\",\"url\":\"https:\\\/\\\/bikefit.lu\\\/de\\\/\",\"name\":\"bikefit.lu\",\"description\":\"IMPROVING CYCLING\",\"publisher\":{\"@id\":\"https:\\\/\\\/bikefit.lu\\\/de\\\/#\\\/schema\\\/person\\\/379af1263474d2f8cd1f41c2bd90273d\"},\"potentialAction\":[{\"@type\":\"SearchAction\",\"target\":{\"@type\":\"EntryPoint\",\"urlTemplate\":\"https:\\\/\\\/bikefit.lu\\\/de\\\/?s={search_term_string}\"},\"query-input\":{\"@type\":\"PropertyValueSpecification\",\"valueRequired\":true,\"valueName\":\"search_term_string\"}}],\"inLanguage\":\"de\"},{\"@type\":[\"Person\",\"Organization\"],\"@id\":\"https:\\\/\\\/bikefit.lu\\\/de\\\/#\\\/schema\\\/person\\\/379af1263474d2f8cd1f41c2bd90273d\",\"name\":\"Patrick Guillaume\",\"image\":{\"@type\":\"ImageObject\",\"inLanguage\":\"de\",\"@id\":\"https:\\\/\\\/bikefit.lu\\\/wp-content\\\/uploads\\\/2024\\\/12\\\/cropped-bikefit-logoURL-RGB-jpg.jpg\",\"url\":\"https:\\\/\\\/bikefit.lu\\\/wp-content\\\/uploads\\\/2024\\\/12\\\/cropped-bikefit-logoURL-RGB-jpg.jpg\",\"contentUrl\":\"https:\\\/\\\/bikefit.lu\\\/wp-content\\\/uploads\\\/2024\\\/12\\\/cropped-bikefit-logoURL-RGB-jpg.jpg\",\"width\":512,\"height\":512,\"caption\":\"Patrick Guillaume\"},\"logo\":{\"@id\":\"https:\\\/\\\/bikefit.lu\\\/wp-content\\\/uploads\\\/2024\\\/12\\\/cropped-bikefit-logoURL-RGB-jpg.jpg\"},\"sameAs\":[\"https:\\\/\\\/bikefit.lu\"],\"honorificPrefix\":\"Mr\",\"birthDate\":\"1966-11-18\",\"gender\":\"male\",\"knowsAbout\":[\"Bike-fitting\"],\"knowsLanguage\":[\"English\",\"French\",\"German\",\"Luxembourgish\"]}]}<\/script>\n<meta property=\"og:availability\" content=\"instock\" \/>\n<meta property=\"product:availability\" content=\"instock\" \/>\n<meta property=\"product:condition\" content=\"new\" \/>\n<!-- \/ Yoast SEO Premium plugin. -->","yoast_head_json":{"title":"Form\u00ae Beinl\u00e4ngen-Ausgleichscheiben - Speedplay &amp; Wahoo Speedplay 4-Loch - bikefit.lu","robots":{"index":"index","follow":"follow","max-snippet":"max-snippet:-1","max-image-preview":"max-image-preview:large","max-video-preview":"max-video-preview:-1"},"canonical":"https:\/\/bikefit.lu\/de\/product\/form-beinlaengen-ausgleichscheiben-speedplay-wahoo-speedplay-4-loch\/","og_locale":"de_DE","og_type":"article","og_title":"Form\u00ae Beinl\u00e4ngen-Ausgleichscheiben - Speedplay &amp; Wahoo Speedplay 4-Loch","og_description":"Beinl\u00e4ngendistanzst\u00fccke werden verwendet, um die effektive Beinl\u00e4nge eines k\u00fcrzeren Beins zu erh\u00f6hen, wenn ein Radfahrer unter einer Beinl\u00e4ngendiskrepanz leidet. Anzeichen f\u00fcr eine Diskrepanz k\u00f6nnen sein: a) \u00dcberstreckung des k\u00fcrzeres Beines am unteren Ende des Pedalwegs b) Becken geneigt oder Fahrer auf eine Seite des Sattels geneigt, um die Verbindung mit den unteren Pedal zu behalten c) ein Bein f\u00fchlt sich zu wenig gestreckt an, w\u00e4hrend sich das andere genau richtig anf\u00fchlt Unter der Voraussetzung, dass die Position des Fahrers korrekt ist und seine Beine auf eine Diskrepanz bewertet wurden, k\u00f6nnten die oben genannten Probleme mit der Verwendung von Beinl\u00e4ngenshims gel\u00f6st werden. Das Shimmen mit der richtigen Menge an Stack kann eine gleichm\u00e4\u00dfigere Beinstreckung bewirken, das Becken stabilisieren und zu einem sanfteren und kontrollierteren Pedaltritt auf der k\u00fcrzeren Seite f\u00fchren. Speedplay Unterlegscheiben funktionieren mit allen (Wahoo) Speedplay Stra\u00dfenschuhsystemen.","og_url":"https:\/\/bikefit.lu\/de\/product\/form-beinlaengen-ausgleichscheiben-speedplay-wahoo-speedplay-4-loch\/","og_site_name":"bikefit.lu","article_modified_time":"2025-05-19T22:03:38+00:00","og_image":[{"width":1920,"height":1920,"url":"https:\/\/bikefit.lu\/wp-content\/uploads\/2022\/02\/02a-leg-length-shim-speedplay.webp","type":"image\/webp"}],"twitter_card":"summary_large_image","twitter_misc":{"Verf\u00fcgbarkeit":"Auf Lager"},"schema":{"@context":"https:\/\/schema.org","@graph":[{"@type":"WebPage","@id":"https:\/\/bikefit.lu\/de\/product\/form-beinlaengen-ausgleichscheiben-speedplay-wahoo-speedplay-4-loch\/","url":"https:\/\/bikefit.lu\/de\/product\/form-beinlaengen-ausgleichscheiben-speedplay-wahoo-speedplay-4-loch\/","name":"Form\u00ae Beinl\u00e4ngen-Ausgleichscheiben - Speedplay &amp; Wahoo Speedplay 4-Loch - bikefit.lu","isPartOf":{"@id":"https:\/\/bikefit.lu\/de\/#website"},"primaryImageOfPage":{"@id":"https:\/\/bikefit.lu\/de\/product\/form-beinlaengen-ausgleichscheiben-speedplay-wahoo-speedplay-4-loch\/#primaryimage"},"image":{"@id":"https:\/\/bikefit.lu\/de\/product\/form-beinlaengen-ausgleichscheiben-speedplay-wahoo-speedplay-4-loch\/#primaryimage"},"thumbnailUrl":"https:\/\/bikefit.lu\/wp-content\/uploads\/2022\/02\/02a-leg-length-shim-speedplay.webp","datePublished":"2022-02-10T22:47:17+00:00","dateModified":"2025-05-19T22:03:38+00:00","breadcrumb":{"@id":"https:\/\/bikefit.lu\/de\/product\/form-beinlaengen-ausgleichscheiben-speedplay-wahoo-speedplay-4-loch\/#breadcrumb"},"inLanguage":"de","potentialAction":[{"@type":"ReadAction","target":["https:\/\/bikefit.lu\/de\/product\/form-beinlaengen-ausgleichscheiben-speedplay-wahoo-speedplay-4-loch\/"]}]},{"@type":"ImageObject","inLanguage":"de","@id":"https:\/\/bikefit.lu\/de\/product\/form-beinlaengen-ausgleichscheiben-speedplay-wahoo-speedplay-4-loch\/#primaryimage","url":"https:\/\/bikefit.lu\/wp-content\/uploads\/2022\/02\/02a-leg-length-shim-speedplay.webp","contentUrl":"https:\/\/bikefit.lu\/wp-content\/uploads\/2022\/02\/02a-leg-length-shim-speedplay.webp","width":1920,"height":1920},{"@type":"BreadcrumbList","@id":"https:\/\/bikefit.lu\/de\/product\/form-beinlaengen-ausgleichscheiben-speedplay-wahoo-speedplay-4-loch\/#breadcrumb","itemListElement":[{"@type":"ListItem","position":1,"name":"Home","item":"https:\/\/bikefit.lu\/de\/"},{"@type":"ListItem","position":2,"name":"Shop","item":"https:\/\/bikefit.lu\/de\/shop\/"},{"@type":"ListItem","position":3,"name":"Form\u00ae Beinl\u00e4ngen-Ausgleichscheiben &#8211; Speedplay &amp; Wahoo Speedplay 4-Loch"}]},{"@type":"WebSite","@id":"https:\/\/bikefit.lu\/de\/#website","url":"https:\/\/bikefit.lu\/de\/","name":"bikefit.lu","description":"IMPROVING CYCLING","publisher":{"@id":"https:\/\/bikefit.lu\/de\/#\/schema\/person\/379af1263474d2f8cd1f41c2bd90273d"},"potentialAction":[{"@type":"SearchAction","target":{"@type":"EntryPoint","urlTemplate":"https:\/\/bikefit.lu\/de\/?s={search_term_string}"},"query-input":{"@type":"PropertyValueSpecification","valueRequired":true,"valueName":"search_term_string"}}],"inLanguage":"de"},{"@type":["Person","Organization"],"@id":"https:\/\/bikefit.lu\/de\/#\/schema\/person\/379af1263474d2f8cd1f41c2bd90273d","name":"Patrick Guillaume","image":{"@type":"ImageObject","inLanguage":"de","@id":"https:\/\/bikefit.lu\/wp-content\/uploads\/2024\/12\/cropped-bikefit-logoURL-RGB-jpg.jpg","url":"https:\/\/bikefit.lu\/wp-content\/uploads\/2024\/12\/cropped-bikefit-logoURL-RGB-jpg.jpg","contentUrl":"https:\/\/bikefit.lu\/wp-content\/uploads\/2024\/12\/cropped-bikefit-logoURL-RGB-jpg.jpg","width":512,"height":512,"caption":"Patrick Guillaume"},"logo":{"@id":"https:\/\/bikefit.lu\/wp-content\/uploads\/2024\/12\/cropped-bikefit-logoURL-RGB-jpg.jpg"},"sameAs":["https:\/\/bikefit.lu"],"honorificPrefix":"Mr","birthDate":"1966-11-18","gender":"male","knowsAbout":["Bike-fitting"],"knowsLanguage":["English","French","German","Luxembourgish"]}]},"og_availability":"instock","product_availability":"instock","product_condition":"new"},"_links":{"self":[{"href":"https:\/\/bikefit.lu\/de\/wp-json\/wp\/v2\/product\/79493","targetHints":{"allow":["GET"]}}],"collection":[{"href":"https:\/\/bikefit.lu\/de\/wp-json\/wp\/v2\/product"}],"about":[{"href":"https:\/\/bikefit.lu\/de\/wp-json\/wp\/v2\/types\/product"}],"replies":[{"embeddable":true,"href":"https:\/\/bikefit.lu\/de\/wp-json\/wp\/v2\/comments?post=79493"}],"version-history":[{"count":0,"href":"https:\/\/bikefit.lu\/de\/wp-json\/wp\/v2\/product\/79493\/revisions"}],"wp:featuredmedia":[{"embeddable":true,"href":"https:\/\/bikefit.lu\/de\/wp-json\/wp\/v2\/media\/77255"}],"wp:attachment":[{"href":"https:\/\/bikefit.lu\/de\/wp-json\/wp\/v2\/media?parent=79493"}],"wp:term":[{"taxonomy":"product_brand","embeddable":true,"href":"https:\/\/bikefit.lu\/de\/wp-json\/wp\/v2\/product_brand?post=79493"},{"taxonomy":"product_cat","embeddable":true,"href":"https:\/\/bikefit.lu\/de\/wp-json\/wp\/v2\/product_cat?post=79493"},{"taxonomy":"product_tag","embeddable":true,"href":"https:\/\/bikefit.lu\/de\/wp-json\/wp\/v2\/product_tag?post=79493"}],"curies":[{"name":"wp","href":"https:\/\/api.w.org\/{rel}","templated":true}]}}