{"id":79511,"date":"2022-02-10T15:40:59","date_gmt":"2022-02-10T15:40:59","guid":{"rendered":"https:\/\/staging.bikefit.lu\/shop\/unkategorisiert\/form-vorfusskeile-universal-strasse-offroad\/"},"modified":"2026-01-07T00:23:59","modified_gmt":"2026-01-06T23:23:59","slug":"form-vorfusskeile-universal-strasse-offroad","status":"publish","type":"product","link":"https:\/\/bikefit.lu\/de\/product\/form-vorfusskeile-universal-strasse-offroad\/","title":{"rendered":"FORM\u00ae Vorfu\u00dfkeile &#8211; universal Stra\u00dfe \/ Offroad"},"content":{"rendered":"","protected":false},"excerpt":{"rendered":"<p>Der Vorfu\u00dfkeil ist f\u00fcr den Einsatz im Schuh, zwischen der Einlegesohle und dem Schuh selbst, vorgesehen. Er bietet 1,5 Grad Varusneigung direkt auf den Vorfu\u00df, verbessert die Propriozeption und schafft eine kontrolliertere Umgebung im Schuh. <\/p>\n<p>Im Gegensatz zu anderen Modellen auf dem Markt ist der FORM-Schuhkeil zehenlos. Die Gr\u00fcnde daf\u00fcr sind:<\/p>\n<p><em>&#8211; Ein zehenloses Design nimmt keinen Platz in der Zehenbox ein, wodurch das Gef\u00fchl der Enge, das bei anderen Designs auftritt, vermieden wird.<\/em><\/p>\n<p><em>&#8211; Da die Zehen des Fahrers nicht angehoben sind, hat der Keil zus\u00e4tzliche Pr\u00e4senz unter dem Fu\u00dfballen, was zu einer besseren Propriozeption f\u00fchrt.<\/em><\/p>\n<p><em>&#8211; Da der Keil nicht an der Schuhspitze anliegen muss, kann er viel genauer direkt unter dem Fu\u00dfballen positioniert werden.<\/em><\/p>\n<p>Der Keil ist in einer Einheitsgr\u00f6\u00dfe erh\u00e4ltlich und kann auf verschiedene Schuhbreiten angepasst werden (siehe beigef\u00fcgte Datei).<\/p>\n","protected":false},"featured_media":88377,"comment_status":"closed","ping_status":"closed","template":"","meta":[],"product_brand":[],"product_cat":[4831,4782,4786],"product_tag":[5070,5051,5053,5110,5125,5191],"class_list":{"0":"post-79511","1":"product","2":"type-product","3":"status-publish","4":"has-post-thumbnail","6":"product_cat-foot-pedal-interface-de","7":"product_cat-offroad-de-2","8":"product_cat-road-de","9":"product_tag-foot-pedal-interface-de","10":"product_tag-forefoot-wedges-de","11":"product_tag-form-de","12":"product_tag-offroad-de","13":"product_tag-road-de","14":"product_tag-universal-de","15":"product_shipping_class-format-xs-de","17":"first","18":"instock","19":"taxable","20":"shipping-taxable","21":"purchasable","22":"product-type-variable"},"yoast_head":"<!-- This site is optimized with the Yoast SEO Premium plugin v27.3 (Yoast SEO v27.3) - https:\/\/yoast.com\/product\/yoast-seo-premium-wordpress\/ -->\n<title>FORM\u00ae Vorfu\u00dfkeile - universal Stra\u00dfe \/ Offroad - bikefit.lu<\/title>\n<meta name=\"robots\" content=\"index, follow, max-snippet:-1, max-image-preview:large, max-video-preview:-1\" \/>\n<link rel=\"canonical\" href=\"https:\/\/bikefit.lu\/de\/product\/form-vorfusskeile-universal-strasse-offroad\/\" \/>\n<meta property=\"og:locale\" content=\"de_DE\" \/>\n<meta property=\"og:type\" content=\"article\" \/>\n<meta property=\"og:title\" content=\"FORM\u00ae Vorfu\u00dfkeile - universal Stra\u00dfe \/ Offroad\" \/>\n<meta property=\"og:description\" content=\"Der Vorfu\u00dfkeil ist f\u00fcr den Einsatz im Schuh, zwischen der Einlegesohle und dem Schuh selbst, vorgesehen. Er bietet 1,5 Grad Varusneigung direkt auf den Vorfu\u00df, verbessert die Propriozeption und schafft eine kontrolliertere Umgebung im Schuh.  Im Gegensatz zu anderen Modellen auf dem Markt ist der FORM-Schuhkeil zehenlos. Die Gr\u00fcnde daf\u00fcr sind: - Ein zehenloses Design nimmt keinen Platz in der Zehenbox ein, wodurch das Gef\u00fchl der Enge, das bei anderen Designs auftritt, vermieden wird. - Da die Zehen des Fahrers nicht angehoben sind, hat der Keil zus\u00e4tzliche Pr\u00e4senz unter dem Fu\u00dfballen, was zu einer besseren Propriozeption f\u00fchrt. - Da der Keil nicht an der Schuhspitze anliegen muss, kann er viel genauer direkt unter dem Fu\u00dfballen positioniert werden. Der Keil ist in einer Einheitsgr\u00f6\u00dfe erh\u00e4ltlich und kann auf verschiedene Schuhbreiten angepasst werden (siehe beigef\u00fcgte Datei).\" \/>\n<meta property=\"og:url\" content=\"https:\/\/bikefit.lu\/de\/product\/form-vorfusskeile-universal-strasse-offroad\/\" \/>\n<meta property=\"og:site_name\" content=\"bikefit.lu\" \/>\n<meta property=\"article:modified_time\" content=\"2026-01-06T23:23:59+00:00\" \/>\n<meta property=\"og:image\" content=\"https:\/\/bikefit.lu\/wp-content\/uploads\/2024\/12\/06-forefoot-wedge.webp\" \/>\n\t<meta property=\"og:image:width\" content=\"1920\" \/>\n\t<meta property=\"og:image:height\" content=\"1920\" \/>\n\t<meta property=\"og:image:type\" content=\"image\/webp\" \/>\n<meta name=\"twitter:card\" content=\"summary_large_image\" \/>\n<meta name=\"twitter:label1\" content=\"Verf\u00fcgbarkeit\" \/>\n\t<meta name=\"twitter:data1\" content=\"Auf Lager\" \/>\n<script type=\"application\/ld+json\" class=\"yoast-schema-graph\">{\"@context\":\"https:\\\/\\\/schema.org\",\"@graph\":[{\"@type\":\"WebPage\",\"@id\":\"https:\\\/\\\/bikefit.lu\\\/de\\\/product\\\/form-vorfusskeile-universal-strasse-offroad\\\/\",\"url\":\"https:\\\/\\\/bikefit.lu\\\/de\\\/product\\\/form-vorfusskeile-universal-strasse-offroad\\\/\",\"name\":\"FORM\u00ae Vorfu\u00dfkeile - universal Stra\u00dfe \\\/ Offroad - bikefit.lu\",\"isPartOf\":{\"@id\":\"https:\\\/\\\/bikefit.lu\\\/de\\\/#website\"},\"primaryImageOfPage\":{\"@id\":\"https:\\\/\\\/bikefit.lu\\\/de\\\/product\\\/form-vorfusskeile-universal-strasse-offroad\\\/#primaryimage\"},\"image\":{\"@id\":\"https:\\\/\\\/bikefit.lu\\\/de\\\/product\\\/form-vorfusskeile-universal-strasse-offroad\\\/#primaryimage\"},\"thumbnailUrl\":\"https:\\\/\\\/bikefit.lu\\\/wp-content\\\/uploads\\\/2024\\\/12\\\/06-forefoot-wedge.webp\",\"datePublished\":\"2022-02-10T15:40:59+00:00\",\"dateModified\":\"2026-01-06T23:23:59+00:00\",\"breadcrumb\":{\"@id\":\"https:\\\/\\\/bikefit.lu\\\/de\\\/product\\\/form-vorfusskeile-universal-strasse-offroad\\\/#breadcrumb\"},\"inLanguage\":\"de\",\"potentialAction\":[{\"@type\":\"ReadAction\",\"target\":[\"https:\\\/\\\/bikefit.lu\\\/de\\\/product\\\/form-vorfusskeile-universal-strasse-offroad\\\/\"]}]},{\"@type\":\"ImageObject\",\"inLanguage\":\"de\",\"@id\":\"https:\\\/\\\/bikefit.lu\\\/de\\\/product\\\/form-vorfusskeile-universal-strasse-offroad\\\/#primaryimage\",\"url\":\"https:\\\/\\\/bikefit.lu\\\/wp-content\\\/uploads\\\/2024\\\/12\\\/06-forefoot-wedge.webp\",\"contentUrl\":\"https:\\\/\\\/bikefit.lu\\\/wp-content\\\/uploads\\\/2024\\\/12\\\/06-forefoot-wedge.webp\",\"width\":1920,\"height\":1920},{\"@type\":\"BreadcrumbList\",\"@id\":\"https:\\\/\\\/bikefit.lu\\\/de\\\/product\\\/form-vorfusskeile-universal-strasse-offroad\\\/#breadcrumb\",\"itemListElement\":[{\"@type\":\"ListItem\",\"position\":1,\"name\":\"Home\",\"item\":\"https:\\\/\\\/bikefit.lu\\\/de\\\/\"},{\"@type\":\"ListItem\",\"position\":2,\"name\":\"Produkte\",\"item\":\"https:\\\/\\\/bikefit.lu\\\/de\\\/shop\\\/\"},{\"@type\":\"ListItem\",\"position\":3,\"name\":\"FORM\u00ae Vorfu\u00dfkeile &#8211; universal Stra\u00dfe \\\/ Offroad\"}]},{\"@type\":\"WebSite\",\"@id\":\"https:\\\/\\\/bikefit.lu\\\/de\\\/#website\",\"url\":\"https:\\\/\\\/bikefit.lu\\\/de\\\/\",\"name\":\"bikefit.lu\",\"description\":\"IMPROVING CYCLING\",\"publisher\":{\"@id\":\"https:\\\/\\\/bikefit.lu\\\/de\\\/#\\\/schema\\\/person\\\/379af1263474d2f8cd1f41c2bd90273d\"},\"potentialAction\":[{\"@type\":\"SearchAction\",\"target\":{\"@type\":\"EntryPoint\",\"urlTemplate\":\"https:\\\/\\\/bikefit.lu\\\/de\\\/?s={search_term_string}\"},\"query-input\":{\"@type\":\"PropertyValueSpecification\",\"valueRequired\":true,\"valueName\":\"search_term_string\"}}],\"inLanguage\":\"de\"},{\"@type\":[\"Person\",\"Organization\"],\"@id\":\"https:\\\/\\\/bikefit.lu\\\/de\\\/#\\\/schema\\\/person\\\/379af1263474d2f8cd1f41c2bd90273d\",\"name\":\"Patrick Guillaume\",\"image\":{\"@type\":\"ImageObject\",\"inLanguage\":\"de\",\"@id\":\"https:\\\/\\\/bikefit.lu\\\/wp-content\\\/uploads\\\/2024\\\/12\\\/cropped-bikefit-logoURL-RGB-jpg.jpg\",\"url\":\"https:\\\/\\\/bikefit.lu\\\/wp-content\\\/uploads\\\/2024\\\/12\\\/cropped-bikefit-logoURL-RGB-jpg.jpg\",\"contentUrl\":\"https:\\\/\\\/bikefit.lu\\\/wp-content\\\/uploads\\\/2024\\\/12\\\/cropped-bikefit-logoURL-RGB-jpg.jpg\",\"width\":512,\"height\":512,\"caption\":\"Patrick Guillaume\"},\"logo\":{\"@id\":\"https:\\\/\\\/bikefit.lu\\\/wp-content\\\/uploads\\\/2024\\\/12\\\/cropped-bikefit-logoURL-RGB-jpg.jpg\"},\"sameAs\":[\"https:\\\/\\\/bikefit.lu\"],\"honorificPrefix\":\"Mr\",\"birthDate\":\"1966-11-18\",\"gender\":\"male\",\"knowsAbout\":[\"Bike-fitting\"],\"knowsLanguage\":[\"English\",\"French\",\"German\",\"Luxembourgish\"]}]}<\/script>\n<meta property=\"og:availability\" content=\"instock\" \/>\n<meta property=\"product:availability\" content=\"instock\" \/>\n<meta property=\"product:condition\" content=\"new\" \/>\n<!-- \/ Yoast SEO Premium plugin. -->","yoast_head_json":{"title":"FORM\u00ae Vorfu\u00dfkeile - universal Stra\u00dfe \/ Offroad - bikefit.lu","robots":{"index":"index","follow":"follow","max-snippet":"max-snippet:-1","max-image-preview":"max-image-preview:large","max-video-preview":"max-video-preview:-1"},"canonical":"https:\/\/bikefit.lu\/de\/product\/form-vorfusskeile-universal-strasse-offroad\/","og_locale":"de_DE","og_type":"article","og_title":"FORM\u00ae Vorfu\u00dfkeile - universal Stra\u00dfe \/ Offroad","og_description":"Der Vorfu\u00dfkeil ist f\u00fcr den Einsatz im Schuh, zwischen der Einlegesohle und dem Schuh selbst, vorgesehen. Er bietet 1,5 Grad Varusneigung direkt auf den Vorfu\u00df, verbessert die Propriozeption und schafft eine kontrolliertere Umgebung im Schuh.  Im Gegensatz zu anderen Modellen auf dem Markt ist der FORM-Schuhkeil zehenlos. Die Gr\u00fcnde daf\u00fcr sind: - Ein zehenloses Design nimmt keinen Platz in der Zehenbox ein, wodurch das Gef\u00fchl der Enge, das bei anderen Designs auftritt, vermieden wird. - Da die Zehen des Fahrers nicht angehoben sind, hat der Keil zus\u00e4tzliche Pr\u00e4senz unter dem Fu\u00dfballen, was zu einer besseren Propriozeption f\u00fchrt. - Da der Keil nicht an der Schuhspitze anliegen muss, kann er viel genauer direkt unter dem Fu\u00dfballen positioniert werden. Der Keil ist in einer Einheitsgr\u00f6\u00dfe erh\u00e4ltlich und kann auf verschiedene Schuhbreiten angepasst werden (siehe beigef\u00fcgte Datei).","og_url":"https:\/\/bikefit.lu\/de\/product\/form-vorfusskeile-universal-strasse-offroad\/","og_site_name":"bikefit.lu","article_modified_time":"2026-01-06T23:23:59+00:00","og_image":[{"width":1920,"height":1920,"url":"https:\/\/bikefit.lu\/wp-content\/uploads\/2024\/12\/06-forefoot-wedge.webp","type":"image\/webp"}],"twitter_card":"summary_large_image","twitter_misc":{"Verf\u00fcgbarkeit":"Auf Lager"},"schema":{"@context":"https:\/\/schema.org","@graph":[{"@type":"WebPage","@id":"https:\/\/bikefit.lu\/de\/product\/form-vorfusskeile-universal-strasse-offroad\/","url":"https:\/\/bikefit.lu\/de\/product\/form-vorfusskeile-universal-strasse-offroad\/","name":"FORM\u00ae Vorfu\u00dfkeile - universal Stra\u00dfe \/ Offroad - bikefit.lu","isPartOf":{"@id":"https:\/\/bikefit.lu\/de\/#website"},"primaryImageOfPage":{"@id":"https:\/\/bikefit.lu\/de\/product\/form-vorfusskeile-universal-strasse-offroad\/#primaryimage"},"image":{"@id":"https:\/\/bikefit.lu\/de\/product\/form-vorfusskeile-universal-strasse-offroad\/#primaryimage"},"thumbnailUrl":"https:\/\/bikefit.lu\/wp-content\/uploads\/2024\/12\/06-forefoot-wedge.webp","datePublished":"2022-02-10T15:40:59+00:00","dateModified":"2026-01-06T23:23:59+00:00","breadcrumb":{"@id":"https:\/\/bikefit.lu\/de\/product\/form-vorfusskeile-universal-strasse-offroad\/#breadcrumb"},"inLanguage":"de","potentialAction":[{"@type":"ReadAction","target":["https:\/\/bikefit.lu\/de\/product\/form-vorfusskeile-universal-strasse-offroad\/"]}]},{"@type":"ImageObject","inLanguage":"de","@id":"https:\/\/bikefit.lu\/de\/product\/form-vorfusskeile-universal-strasse-offroad\/#primaryimage","url":"https:\/\/bikefit.lu\/wp-content\/uploads\/2024\/12\/06-forefoot-wedge.webp","contentUrl":"https:\/\/bikefit.lu\/wp-content\/uploads\/2024\/12\/06-forefoot-wedge.webp","width":1920,"height":1920},{"@type":"BreadcrumbList","@id":"https:\/\/bikefit.lu\/de\/product\/form-vorfusskeile-universal-strasse-offroad\/#breadcrumb","itemListElement":[{"@type":"ListItem","position":1,"name":"Home","item":"https:\/\/bikefit.lu\/de\/"},{"@type":"ListItem","position":2,"name":"Produkte","item":"https:\/\/bikefit.lu\/de\/shop\/"},{"@type":"ListItem","position":3,"name":"FORM\u00ae Vorfu\u00dfkeile &#8211; universal Stra\u00dfe \/ Offroad"}]},{"@type":"WebSite","@id":"https:\/\/bikefit.lu\/de\/#website","url":"https:\/\/bikefit.lu\/de\/","name":"bikefit.lu","description":"IMPROVING CYCLING","publisher":{"@id":"https:\/\/bikefit.lu\/de\/#\/schema\/person\/379af1263474d2f8cd1f41c2bd90273d"},"potentialAction":[{"@type":"SearchAction","target":{"@type":"EntryPoint","urlTemplate":"https:\/\/bikefit.lu\/de\/?s={search_term_string}"},"query-input":{"@type":"PropertyValueSpecification","valueRequired":true,"valueName":"search_term_string"}}],"inLanguage":"de"},{"@type":["Person","Organization"],"@id":"https:\/\/bikefit.lu\/de\/#\/schema\/person\/379af1263474d2f8cd1f41c2bd90273d","name":"Patrick Guillaume","image":{"@type":"ImageObject","inLanguage":"de","@id":"https:\/\/bikefit.lu\/wp-content\/uploads\/2024\/12\/cropped-bikefit-logoURL-RGB-jpg.jpg","url":"https:\/\/bikefit.lu\/wp-content\/uploads\/2024\/12\/cropped-bikefit-logoURL-RGB-jpg.jpg","contentUrl":"https:\/\/bikefit.lu\/wp-content\/uploads\/2024\/12\/cropped-bikefit-logoURL-RGB-jpg.jpg","width":512,"height":512,"caption":"Patrick Guillaume"},"logo":{"@id":"https:\/\/bikefit.lu\/wp-content\/uploads\/2024\/12\/cropped-bikefit-logoURL-RGB-jpg.jpg"},"sameAs":["https:\/\/bikefit.lu"],"honorificPrefix":"Mr","birthDate":"1966-11-18","gender":"male","knowsAbout":["Bike-fitting"],"knowsLanguage":["English","French","German","Luxembourgish"]}]},"og_availability":"instock","product_availability":"instock","product_condition":"new"},"_links":{"self":[{"href":"https:\/\/bikefit.lu\/de\/wp-json\/wp\/v2\/product\/79511","targetHints":{"allow":["GET"]}}],"collection":[{"href":"https:\/\/bikefit.lu\/de\/wp-json\/wp\/v2\/product"}],"about":[{"href":"https:\/\/bikefit.lu\/de\/wp-json\/wp\/v2\/types\/product"}],"replies":[{"embeddable":true,"href":"https:\/\/bikefit.lu\/de\/wp-json\/wp\/v2\/comments?post=79511"}],"version-history":[{"count":0,"href":"https:\/\/bikefit.lu\/de\/wp-json\/wp\/v2\/product\/79511\/revisions"}],"wp:featuredmedia":[{"embeddable":true,"href":"https:\/\/bikefit.lu\/de\/wp-json\/wp\/v2\/media\/88377"}],"wp:attachment":[{"href":"https:\/\/bikefit.lu\/de\/wp-json\/wp\/v2\/media?parent=79511"}],"wp:term":[{"taxonomy":"product_brand","embeddable":true,"href":"https:\/\/bikefit.lu\/de\/wp-json\/wp\/v2\/product_brand?post=79511"},{"taxonomy":"product_cat","embeddable":true,"href":"https:\/\/bikefit.lu\/de\/wp-json\/wp\/v2\/product_cat?post=79511"},{"taxonomy":"product_tag","embeddable":true,"href":"https:\/\/bikefit.lu\/de\/wp-json\/wp\/v2\/product_tag?post=79511"}],"curies":[{"name":"wp","href":"https:\/\/api.w.org\/{rel}","templated":true}]}}