{"id":79522,"date":"2022-02-06T16:07:21","date_gmt":"2022-02-06T16:07:21","guid":{"rendered":"https:\/\/staging.bikefit.lu\/shop\/unkategorisiert\/form-mtb-walkable-beinlaengenausgleichsscheiben-mtb-v2-kit\/"},"modified":"2026-02-01T16:39:35","modified_gmt":"2026-02-01T15:39:35","slug":"form-mtb-walkable-beinlaengenausgleichsscheiben-mtb-v2-kit","status":"publish","type":"product","link":"https:\/\/bikefit.lu\/de\/product\/form-mtb-walkable-beinlaengenausgleichsscheiben-mtb-v2-kit\/","title":{"rendered":"FORM\u00ae MTB Walkable Beinl\u00e4ngenausgleichsscheiben &#8211; MTB V2 (Kit)"},"content":{"rendered":"<p><strong>ANWENDUNGSKRITERIEN<\/strong><\/p>\n<p>Beinl\u00e4ngendistanzscheiben werden verwendet, um die effektive Beinl\u00e4nge eines k\u00fcrzeren Beins zu vergr\u00f6\u00dfern, wenn ein Radfahrer unter einer Beinl\u00e4ngendiskrepanz leidet. Anzeichen f\u00fcr eine Diskrepanz k\u00f6nnen sein:<\/p>\n<p><strong>a) einseitige \u00dcberstreckung am unteren Ende des Pedalwegs<br \/>\n<\/strong><strong>b) das Becken gekippt oder der Fahrer lehnt sich zu einer Seite des Sattels, um die Verbindung zu den Pedalen zu halten<br \/>\n<\/strong><strong>c) ein Bein f\u00fchlt sich zu wenig gestreckt an, w\u00e4hrend sich das andere genau richtig anf\u00fchlt<\/strong><\/p>\n<p>Wenn bei einem Fahrer eine Diskrepanz festgestellt wurde, k\u00f6nnen die oben genannten Probleme durch die Verwendung von Beinl\u00e4ngenunterlegscheiben gel\u00f6st werden. Das Shimming sorgt f\u00fcr eine gleichm\u00e4\u00dfigere Beinstreckung, stabilisiert das Becken und f\u00fchrt zu einem gleichm\u00e4\u00dfigeren und kontrollierteren Pedaltritt. <\/p>\n<p><em><strong>* Das V2 Shim ist kompatibel mit allen MTB-Style Cleats, einschlie\u00dflich SPD, Time ATAC, Crank Bros und Look X-Track.<\/strong><\/em><u><br \/>\n<\/u><\/p>\n<p>KIT ENTH\u00c4LT: 3 mm Hauptk\u00f6rper \/ Cleat-Platte \/ 2 mm Stapler \/ 1 mm Stapler \/ 2 x 16 mm Schrauben &amp; 2 x 18 mm Schrauben<\/p>\n","protected":false},"excerpt":{"rendered":"<p>Die zum Patent angemeldeten MTB-Shims von FORM sind die einzigen &#8220;begehbaren&#8221; SPD-Shims auf dem Markt und wurden speziell entwickelt, um die Probleme herk\u00f6mmlicher MTB-Shim-Designs zu \u00fcberwinden, n\u00e4mlich<\/p>\n<p><strong>&#8211; eine Schwierigkeit beim Gehen oder Einklicken<br \/>\n<\/strong><strong>&#8211; eine wackelige und instabile Verbindung zu den Pedalen<\/strong><\/p>\n<p>Das Produkt von FORM l\u00f6st diese Probleme durch die Verwendung von:<\/p>\n<p><strong><em>&#8211; 2 parallelen Trittfl\u00e4chen zum Schutz der Pedalplatte und f\u00fcr zus\u00e4tzliche Stabilit\u00e4t wenn eingeklickt<br \/>\n<\/em><\/strong><strong><em>&#8211; einem abgeschr\u00e4gtem Vorderteil, der ein leichtes Einrasten der Schuhplatten erm\u00f6glicht<br \/>\n<\/em><\/strong><strong><em>&#8211; zwei S\u00e4tze von Pfosten\/Laschen, die in den Schuh hineinragen, um ein Verdrehen zu verhindern<\/em><\/strong><\/p>\n<p>Diese Shims sind ideal f\u00fcr Gravel-, Cyclocross- oder Cross Country-MTB-Fahrten, bei denen relativ viel Zeit im Sitzen in die Pedale getreten wird, und eignen sich am besten f\u00fcr herk\u00f6mmliche steife MTB-Schuhe.<\/p>\n","protected":false},"featured_media":77264,"comment_status":"closed","ping_status":"closed","template":"","meta":[],"product_brand":[],"product_cat":[4831,4782],"product_tag":[5070,5053,5110,5105],"class_list":{"0":"post-79522","1":"product","2":"type-product","3":"status-publish","4":"has-post-thumbnail","6":"product_cat-foot-pedal-interface-de","7":"product_cat-offroad-de-2","8":"product_tag-foot-pedal-interface-de","9":"product_tag-form-de","10":"product_tag-offroad-de","11":"product_tag-shims-de","12":"product_shipping_class-format-s-de","14":"first","15":"instock","16":"taxable","17":"shipping-taxable","18":"purchasable","19":"product-type-simple"},"group_of_quantity":0,"min_quantity":0,"max_quantity":"","exclude_order_quantity_value_rules":"no","exclude_category_quantity_rules":"no","combine_variations":"no","yoast_head":"<!-- This site is optimized with the Yoast SEO Premium plugin v27.4 (Yoast SEO v27.4) - https:\/\/yoast.com\/product\/yoast-seo-premium-wordpress\/ -->\n<title>FORM\u00ae MTB Walkable Beinl\u00e4ngenausgleichsscheiben - MTB V2 (Kit) - bikefit.lu<\/title>\n<meta name=\"robots\" content=\"index, follow, max-snippet:-1, max-image-preview:large, max-video-preview:-1\" \/>\n<link rel=\"canonical\" href=\"https:\/\/bikefit.lu\/de\/product\/form-mtb-walkable-beinlaengenausgleichsscheiben-mtb-v2-kit\/\" \/>\n<meta property=\"og:locale\" content=\"de_DE\" \/>\n<meta property=\"og:type\" content=\"article\" \/>\n<meta property=\"og:title\" content=\"FORM\u00ae MTB Walkable Beinl\u00e4ngenausgleichsscheiben - MTB V2 (Kit)\" \/>\n<meta property=\"og:description\" content=\"Die zum Patent angemeldeten MTB-Shims von FORM sind die einzigen &quot;begehbaren&quot; SPD-Shims auf dem Markt und wurden speziell entwickelt, um die Probleme herk\u00f6mmlicher MTB-Shim-Designs zu \u00fcberwinden, n\u00e4mlich - eine Schwierigkeit beim Gehen oder Einklicken - eine wackelige und instabile Verbindung zu den Pedalen Das Produkt von FORM l\u00f6st diese Probleme durch die Verwendung von: - 2 parallelen Trittfl\u00e4chen zum Schutz der Pedalplatte und f\u00fcr zus\u00e4tzliche Stabilit\u00e4t wenn eingeklickt - einem abgeschr\u00e4gtem Vorderteil, der ein leichtes Einrasten der Schuhplatten erm\u00f6glicht - zwei S\u00e4tze von Pfosten\/Laschen, die in den Schuh hineinragen, um ein Verdrehen zu verhindern Diese Shims sind ideal f\u00fcr Gravel-, Cyclocross- oder Cross Country-MTB-Fahrten, bei denen relativ viel Zeit im Sitzen in die Pedale getreten wird, und eignen sich am besten f\u00fcr herk\u00f6mmliche steife MTB-Schuhe.\" \/>\n<meta property=\"og:url\" content=\"https:\/\/bikefit.lu\/de\/product\/form-mtb-walkable-beinlaengenausgleichsscheiben-mtb-v2-kit\/\" \/>\n<meta property=\"og:site_name\" content=\"bikefit.lu\" \/>\n<meta property=\"article:modified_time\" content=\"2026-02-01T15:39:35+00:00\" \/>\n<meta property=\"og:image\" content=\"https:\/\/bikefit.lu\/wp-content\/uploads\/2022\/02\/leg-length-shim-v2-mtb.webp\" \/>\n\t<meta property=\"og:image:width\" content=\"1920\" \/>\n\t<meta property=\"og:image:height\" content=\"1920\" \/>\n\t<meta property=\"og:image:type\" content=\"image\/webp\" \/>\n<meta name=\"twitter:card\" content=\"summary_large_image\" \/>\n<meta name=\"twitter:label1\" content=\"Preis\" \/>\n\t<meta name=\"twitter:data1\" content=\"29,50&nbsp;&euro;\" \/>\n\t<meta name=\"twitter:label2\" content=\"Verf\u00fcgbarkeit\" \/>\n\t<meta name=\"twitter:data2\" content=\"Auf Lager\" \/>\n<script type=\"application\/ld+json\" class=\"yoast-schema-graph\">{\"@context\":\"https:\\\/\\\/schema.org\",\"@graph\":[{\"@type\":\"WebPage\",\"@id\":\"https:\\\/\\\/bikefit.lu\\\/de\\\/product\\\/form-mtb-walkable-beinlaengenausgleichsscheiben-mtb-v2-kit\\\/\",\"url\":\"https:\\\/\\\/bikefit.lu\\\/de\\\/product\\\/form-mtb-walkable-beinlaengenausgleichsscheiben-mtb-v2-kit\\\/\",\"name\":\"FORM\u00ae MTB Walkable Beinl\u00e4ngenausgleichsscheiben - MTB V2 (Kit) - bikefit.lu\",\"isPartOf\":{\"@id\":\"https:\\\/\\\/bikefit.lu\\\/de\\\/#website\"},\"primaryImageOfPage\":{\"@id\":\"https:\\\/\\\/bikefit.lu\\\/de\\\/product\\\/form-mtb-walkable-beinlaengenausgleichsscheiben-mtb-v2-kit\\\/#primaryimage\"},\"image\":{\"@id\":\"https:\\\/\\\/bikefit.lu\\\/de\\\/product\\\/form-mtb-walkable-beinlaengenausgleichsscheiben-mtb-v2-kit\\\/#primaryimage\"},\"thumbnailUrl\":\"https:\\\/\\\/bikefit.lu\\\/wp-content\\\/uploads\\\/2022\\\/02\\\/leg-length-shim-v2-mtb.webp\",\"datePublished\":\"2022-02-06T16:07:21+00:00\",\"dateModified\":\"2026-02-01T15:39:35+00:00\",\"breadcrumb\":{\"@id\":\"https:\\\/\\\/bikefit.lu\\\/de\\\/product\\\/form-mtb-walkable-beinlaengenausgleichsscheiben-mtb-v2-kit\\\/#breadcrumb\"},\"inLanguage\":\"de\",\"potentialAction\":[{\"@type\":\"ReadAction\",\"target\":[\"https:\\\/\\\/bikefit.lu\\\/de\\\/product\\\/form-mtb-walkable-beinlaengenausgleichsscheiben-mtb-v2-kit\\\/\"]}]},{\"@type\":\"ImageObject\",\"inLanguage\":\"de\",\"@id\":\"https:\\\/\\\/bikefit.lu\\\/de\\\/product\\\/form-mtb-walkable-beinlaengenausgleichsscheiben-mtb-v2-kit\\\/#primaryimage\",\"url\":\"https:\\\/\\\/bikefit.lu\\\/wp-content\\\/uploads\\\/2022\\\/02\\\/leg-length-shim-v2-mtb.webp\",\"contentUrl\":\"https:\\\/\\\/bikefit.lu\\\/wp-content\\\/uploads\\\/2022\\\/02\\\/leg-length-shim-v2-mtb.webp\",\"width\":1920,\"height\":1920},{\"@type\":\"BreadcrumbList\",\"@id\":\"https:\\\/\\\/bikefit.lu\\\/de\\\/product\\\/form-mtb-walkable-beinlaengenausgleichsscheiben-mtb-v2-kit\\\/#breadcrumb\",\"itemListElement\":[{\"@type\":\"ListItem\",\"position\":1,\"name\":\"Home\",\"item\":\"https:\\\/\\\/bikefit.lu\\\/de\\\/\"},{\"@type\":\"ListItem\",\"position\":2,\"name\":\"Shop\",\"item\":\"https:\\\/\\\/bikefit.lu\\\/de\\\/shop\\\/\"},{\"@type\":\"ListItem\",\"position\":3,\"name\":\"FORM\u00ae MTB Walkable Beinl\u00e4ngenausgleichsscheiben &#8211; MTB V2 (Kit)\"}]},{\"@type\":\"WebSite\",\"@id\":\"https:\\\/\\\/bikefit.lu\\\/de\\\/#website\",\"url\":\"https:\\\/\\\/bikefit.lu\\\/de\\\/\",\"name\":\"bikefit.lu\",\"description\":\"IMPROVING CYCLING\",\"publisher\":{\"@id\":\"https:\\\/\\\/bikefit.lu\\\/de\\\/#\\\/schema\\\/person\\\/379af1263474d2f8cd1f41c2bd90273d\"},\"potentialAction\":[{\"@type\":\"SearchAction\",\"target\":{\"@type\":\"EntryPoint\",\"urlTemplate\":\"https:\\\/\\\/bikefit.lu\\\/de\\\/?s={search_term_string}\"},\"query-input\":{\"@type\":\"PropertyValueSpecification\",\"valueRequired\":true,\"valueName\":\"search_term_string\"}}],\"inLanguage\":\"de\"},{\"@type\":[\"Person\",\"Organization\"],\"@id\":\"https:\\\/\\\/bikefit.lu\\\/de\\\/#\\\/schema\\\/person\\\/379af1263474d2f8cd1f41c2bd90273d\",\"name\":\"Patrick Guillaume\",\"image\":{\"@type\":\"ImageObject\",\"inLanguage\":\"de\",\"@id\":\"https:\\\/\\\/bikefit.lu\\\/wp-content\\\/uploads\\\/2024\\\/12\\\/cropped-bikefit-logoURL-RGB-jpg.jpg\",\"url\":\"https:\\\/\\\/bikefit.lu\\\/wp-content\\\/uploads\\\/2024\\\/12\\\/cropped-bikefit-logoURL-RGB-jpg.jpg\",\"contentUrl\":\"https:\\\/\\\/bikefit.lu\\\/wp-content\\\/uploads\\\/2024\\\/12\\\/cropped-bikefit-logoURL-RGB-jpg.jpg\",\"width\":512,\"height\":512,\"caption\":\"Patrick Guillaume\"},\"logo\":{\"@id\":\"https:\\\/\\\/bikefit.lu\\\/wp-content\\\/uploads\\\/2024\\\/12\\\/cropped-bikefit-logoURL-RGB-jpg.jpg\"},\"sameAs\":[\"https:\\\/\\\/bikefit.lu\"],\"honorificPrefix\":\"Mr\",\"birthDate\":\"1966-11-18\",\"gender\":\"male\",\"knowsAbout\":[\"Bike-fitting\"],\"knowsLanguage\":[\"English\",\"French\",\"German\",\"Luxembourgish\"]}]}<\/script>\n<meta property=\"product:price:amount\" content=\"29.50\" \/>\n<meta property=\"product:price:currency\" content=\"EUR\" \/>\n<meta property=\"og:availability\" content=\"instock\" \/>\n<meta property=\"product:availability\" content=\"instock\" \/>\n<meta property=\"product:condition\" content=\"new\" \/>\n<!-- \/ Yoast SEO Premium plugin. -->","yoast_head_json":{"title":"FORM\u00ae MTB Walkable Beinl\u00e4ngenausgleichsscheiben - MTB V2 (Kit) - bikefit.lu","robots":{"index":"index","follow":"follow","max-snippet":"max-snippet:-1","max-image-preview":"max-image-preview:large","max-video-preview":"max-video-preview:-1"},"canonical":"https:\/\/bikefit.lu\/de\/product\/form-mtb-walkable-beinlaengenausgleichsscheiben-mtb-v2-kit\/","og_locale":"de_DE","og_type":"article","og_title":"FORM\u00ae MTB Walkable Beinl\u00e4ngenausgleichsscheiben - MTB V2 (Kit)","og_description":"Die zum Patent angemeldeten MTB-Shims von FORM sind die einzigen \"begehbaren\" SPD-Shims auf dem Markt und wurden speziell entwickelt, um die Probleme herk\u00f6mmlicher MTB-Shim-Designs zu \u00fcberwinden, n\u00e4mlich - eine Schwierigkeit beim Gehen oder Einklicken - eine wackelige und instabile Verbindung zu den Pedalen Das Produkt von FORM l\u00f6st diese Probleme durch die Verwendung von: - 2 parallelen Trittfl\u00e4chen zum Schutz der Pedalplatte und f\u00fcr zus\u00e4tzliche Stabilit\u00e4t wenn eingeklickt - einem abgeschr\u00e4gtem Vorderteil, der ein leichtes Einrasten der Schuhplatten erm\u00f6glicht - zwei S\u00e4tze von Pfosten\/Laschen, die in den Schuh hineinragen, um ein Verdrehen zu verhindern Diese Shims sind ideal f\u00fcr Gravel-, Cyclocross- oder Cross Country-MTB-Fahrten, bei denen relativ viel Zeit im Sitzen in die Pedale getreten wird, und eignen sich am besten f\u00fcr herk\u00f6mmliche steife MTB-Schuhe.","og_url":"https:\/\/bikefit.lu\/de\/product\/form-mtb-walkable-beinlaengenausgleichsscheiben-mtb-v2-kit\/","og_site_name":"bikefit.lu","article_modified_time":"2026-02-01T15:39:35+00:00","og_image":[{"width":1920,"height":1920,"url":"https:\/\/bikefit.lu\/wp-content\/uploads\/2022\/02\/leg-length-shim-v2-mtb.webp","type":"image\/webp"}],"twitter_card":"summary_large_image","twitter_misc":{"Preis":"29,50&nbsp;&euro;","Verf\u00fcgbarkeit":"Auf Lager"},"schema":{"@context":"https:\/\/schema.org","@graph":[{"@type":"WebPage","@id":"https:\/\/bikefit.lu\/de\/product\/form-mtb-walkable-beinlaengenausgleichsscheiben-mtb-v2-kit\/","url":"https:\/\/bikefit.lu\/de\/product\/form-mtb-walkable-beinlaengenausgleichsscheiben-mtb-v2-kit\/","name":"FORM\u00ae MTB Walkable Beinl\u00e4ngenausgleichsscheiben - MTB V2 (Kit) - bikefit.lu","isPartOf":{"@id":"https:\/\/bikefit.lu\/de\/#website"},"primaryImageOfPage":{"@id":"https:\/\/bikefit.lu\/de\/product\/form-mtb-walkable-beinlaengenausgleichsscheiben-mtb-v2-kit\/#primaryimage"},"image":{"@id":"https:\/\/bikefit.lu\/de\/product\/form-mtb-walkable-beinlaengenausgleichsscheiben-mtb-v2-kit\/#primaryimage"},"thumbnailUrl":"https:\/\/bikefit.lu\/wp-content\/uploads\/2022\/02\/leg-length-shim-v2-mtb.webp","datePublished":"2022-02-06T16:07:21+00:00","dateModified":"2026-02-01T15:39:35+00:00","breadcrumb":{"@id":"https:\/\/bikefit.lu\/de\/product\/form-mtb-walkable-beinlaengenausgleichsscheiben-mtb-v2-kit\/#breadcrumb"},"inLanguage":"de","potentialAction":[{"@type":"ReadAction","target":["https:\/\/bikefit.lu\/de\/product\/form-mtb-walkable-beinlaengenausgleichsscheiben-mtb-v2-kit\/"]}]},{"@type":"ImageObject","inLanguage":"de","@id":"https:\/\/bikefit.lu\/de\/product\/form-mtb-walkable-beinlaengenausgleichsscheiben-mtb-v2-kit\/#primaryimage","url":"https:\/\/bikefit.lu\/wp-content\/uploads\/2022\/02\/leg-length-shim-v2-mtb.webp","contentUrl":"https:\/\/bikefit.lu\/wp-content\/uploads\/2022\/02\/leg-length-shim-v2-mtb.webp","width":1920,"height":1920},{"@type":"BreadcrumbList","@id":"https:\/\/bikefit.lu\/de\/product\/form-mtb-walkable-beinlaengenausgleichsscheiben-mtb-v2-kit\/#breadcrumb","itemListElement":[{"@type":"ListItem","position":1,"name":"Home","item":"https:\/\/bikefit.lu\/de\/"},{"@type":"ListItem","position":2,"name":"Shop","item":"https:\/\/bikefit.lu\/de\/shop\/"},{"@type":"ListItem","position":3,"name":"FORM\u00ae MTB Walkable Beinl\u00e4ngenausgleichsscheiben &#8211; MTB V2 (Kit)"}]},{"@type":"WebSite","@id":"https:\/\/bikefit.lu\/de\/#website","url":"https:\/\/bikefit.lu\/de\/","name":"bikefit.lu","description":"IMPROVING CYCLING","publisher":{"@id":"https:\/\/bikefit.lu\/de\/#\/schema\/person\/379af1263474d2f8cd1f41c2bd90273d"},"potentialAction":[{"@type":"SearchAction","target":{"@type":"EntryPoint","urlTemplate":"https:\/\/bikefit.lu\/de\/?s={search_term_string}"},"query-input":{"@type":"PropertyValueSpecification","valueRequired":true,"valueName":"search_term_string"}}],"inLanguage":"de"},{"@type":["Person","Organization"],"@id":"https:\/\/bikefit.lu\/de\/#\/schema\/person\/379af1263474d2f8cd1f41c2bd90273d","name":"Patrick Guillaume","image":{"@type":"ImageObject","inLanguage":"de","@id":"https:\/\/bikefit.lu\/wp-content\/uploads\/2024\/12\/cropped-bikefit-logoURL-RGB-jpg.jpg","url":"https:\/\/bikefit.lu\/wp-content\/uploads\/2024\/12\/cropped-bikefit-logoURL-RGB-jpg.jpg","contentUrl":"https:\/\/bikefit.lu\/wp-content\/uploads\/2024\/12\/cropped-bikefit-logoURL-RGB-jpg.jpg","width":512,"height":512,"caption":"Patrick Guillaume"},"logo":{"@id":"https:\/\/bikefit.lu\/wp-content\/uploads\/2024\/12\/cropped-bikefit-logoURL-RGB-jpg.jpg"},"sameAs":["https:\/\/bikefit.lu"],"honorificPrefix":"Mr","birthDate":"1966-11-18","gender":"male","knowsAbout":["Bike-fitting"],"knowsLanguage":["English","French","German","Luxembourgish"]}]},"product_price_amount":"29.50","product_price_currency":"EUR","og_availability":"instock","product_availability":"instock","product_condition":"new"},"_links":{"self":[{"href":"https:\/\/bikefit.lu\/de\/wp-json\/wp\/v2\/product\/79522","targetHints":{"allow":["GET"]}}],"collection":[{"href":"https:\/\/bikefit.lu\/de\/wp-json\/wp\/v2\/product"}],"about":[{"href":"https:\/\/bikefit.lu\/de\/wp-json\/wp\/v2\/types\/product"}],"replies":[{"embeddable":true,"href":"https:\/\/bikefit.lu\/de\/wp-json\/wp\/v2\/comments?post=79522"}],"version-history":[{"count":0,"href":"https:\/\/bikefit.lu\/de\/wp-json\/wp\/v2\/product\/79522\/revisions"}],"wp:featuredmedia":[{"embeddable":true,"href":"https:\/\/bikefit.lu\/de\/wp-json\/wp\/v2\/media\/77264"}],"wp:attachment":[{"href":"https:\/\/bikefit.lu\/de\/wp-json\/wp\/v2\/media?parent=79522"}],"wp:term":[{"taxonomy":"product_brand","embeddable":true,"href":"https:\/\/bikefit.lu\/de\/wp-json\/wp\/v2\/product_brand?post=79522"},{"taxonomy":"product_cat","embeddable":true,"href":"https:\/\/bikefit.lu\/de\/wp-json\/wp\/v2\/product_cat?post=79522"},{"taxonomy":"product_tag","embeddable":true,"href":"https:\/\/bikefit.lu\/de\/wp-json\/wp\/v2\/product_tag?post=79522"}],"curies":[{"name":"wp","href":"https:\/\/api.w.org\/{rel}","templated":true}]}}