{"id":79531,"date":"2021-05-22T05:38:37","date_gmt":"2021-05-22T05:38:37","guid":{"rendered":"https:\/\/staging.bikefit.lu\/shop\/unkategorisiert\/crankbrothers-shoe-shields\/"},"modified":"2025-04-22T17:20:03","modified_gmt":"2025-04-22T15:20:03","slug":"crankbrothers-shoe-shields","status":"publish","type":"product","link":"https:\/\/bikefit.lu\/de\/product\/crankbrothers-shoe-shields\/","title":{"rendered":"Crankbrothers Shoe Shields"},"content":{"rendered":"","protected":false},"excerpt":{"rendered":"<p><strong><span class=\"manufacturer\">CrankBrothers<\/span> Schuh-Schutzschilder<\/strong><\/p>\n<div id=\"product-description\">\n<p class=\"kurztext\">Alle Liebhaber edler Fahrradschuhe mit s\u00fcndhaft teuren Carbonsohlen k\u00f6nnen aufatmen. Endlich hat ein Pedalhersteller ihre Bitten erh\u00f6rt und bringt einen Sohlenschutz. Damit werden Besch\u00e4digungen an der hochwertigen Schuhsohle durch Kontakte mit den Pedalen wirkungsvoll vermieden.<\/p>\n<div class=\"beschreibung\">\n<hr>\n<p><strong>Kompatibilit\u00e4t &#8211; CrankBrothers Shoe Shield<br \/>\n<\/strong> Alle CrankBrothers MTB Cleats<\/p>\n<p><strong>Material<br \/>\n<\/strong>Rostfreier Stahl<\/p>\n<p><strong>Gewicht (Herstellerangaben)<\/strong><br \/>\n8g (Paar)<\/p>\n<hr>\n<p><strong>Lieferumfang<br \/>\n<\/strong>1 Paar CrankBrothers Shoe Shields<\/p>\n<\/div>\n<\/div>\n","protected":false},"featured_media":88790,"comment_status":"closed","ping_status":"closed","template":"","meta":[],"product_brand":[],"product_cat":[4827,4831,4782,4843],"product_tag":[5216,5023,5070,5110],"class_list":{"0":"post-79531","1":"product","2":"type-product","3":"status-publish","4":"has-post-thumbnail","6":"product_cat-cleats","7":"product_cat-foot-pedal-interface-de","8":"product_cat-offroad-de-2","9":"product_cat-offroad-cleats-de","10":"product_tag-shoe-shields-de","11":"product_tag-crankbrothers-de","12":"product_tag-foot-pedal-interface-de","13":"product_tag-offroad-de","14":"product_shipping_class-format-xs-de","16":"first","17":"instock","18":"taxable","19":"shipping-taxable","20":"purchasable","21":"product-type-simple"},"yoast_head":"<!-- This site is optimized with the Yoast SEO Premium plugin v27.3 (Yoast SEO v27.3) - https:\/\/yoast.com\/product\/yoast-seo-premium-wordpress\/ -->\n<title>Crankbrothers Shoe Shields - bikefit.lu<\/title>\n<meta name=\"robots\" content=\"index, follow, max-snippet:-1, max-image-preview:large, max-video-preview:-1\" \/>\n<link rel=\"canonical\" href=\"https:\/\/bikefit.lu\/de\/product\/crankbrothers-shoe-shields\/\" \/>\n<meta property=\"og:locale\" content=\"de_DE\" \/>\n<meta property=\"og:type\" content=\"article\" \/>\n<meta property=\"og:title\" content=\"Crankbrothers Shoe Shields\" \/>\n<meta property=\"og:description\" content=\"CrankBrothers Schuh-Schutzschilder Alle Liebhaber edler Fahrradschuhe mit s\u00fcndhaft teuren Carbonsohlen k\u00f6nnen aufatmen. Endlich hat ein Pedalhersteller ihre Bitten erh\u00f6rt und bringt einen Sohlenschutz. Damit werden Besch\u00e4digungen an der hochwertigen Schuhsohle durch Kontakte mit den Pedalen wirkungsvoll vermieden.   Kompatibilit\u00e4t - CrankBrothers Shoe Shield Alle CrankBrothers MTB Cleats Material Rostfreier Stahl Gewicht (Herstellerangaben) 8g (Paar)  Lieferumfang 1 Paar CrankBrothers Shoe Shields\" \/>\n<meta property=\"og:url\" content=\"https:\/\/bikefit.lu\/de\/product\/crankbrothers-shoe-shields\/\" \/>\n<meta property=\"og:site_name\" content=\"bikefit.lu\" \/>\n<meta property=\"article:modified_time\" content=\"2025-04-22T15:20:03+00:00\" \/>\n<meta property=\"og:image\" content=\"https:\/\/bikefit.lu\/wp-content\/uploads\/2021\/05\/crank-plate.webp\" \/>\n\t<meta property=\"og:image:width\" content=\"1100\" \/>\n\t<meta property=\"og:image:height\" content=\"860\" \/>\n\t<meta property=\"og:image:type\" content=\"image\/webp\" \/>\n<meta name=\"twitter:card\" content=\"summary_large_image\" \/>\n<meta name=\"twitter:label1\" content=\"Preis\" \/>\n\t<meta name=\"twitter:data1\" content=\"9,95&nbsp;&euro;\" \/>\n\t<meta name=\"twitter:label2\" content=\"Verf\u00fcgbarkeit\" \/>\n\t<meta name=\"twitter:data2\" content=\"Auf Lager\" \/>\n<script type=\"application\/ld+json\" class=\"yoast-schema-graph\">{\"@context\":\"https:\\\/\\\/schema.org\",\"@graph\":[{\"@type\":\"WebPage\",\"@id\":\"https:\\\/\\\/bikefit.lu\\\/de\\\/product\\\/crankbrothers-shoe-shields\\\/\",\"url\":\"https:\\\/\\\/bikefit.lu\\\/de\\\/product\\\/crankbrothers-shoe-shields\\\/\",\"name\":\"Crankbrothers Shoe Shields - bikefit.lu\",\"isPartOf\":{\"@id\":\"https:\\\/\\\/bikefit.lu\\\/de\\\/#website\"},\"primaryImageOfPage\":{\"@id\":\"https:\\\/\\\/bikefit.lu\\\/de\\\/product\\\/crankbrothers-shoe-shields\\\/#primaryimage\"},\"image\":{\"@id\":\"https:\\\/\\\/bikefit.lu\\\/de\\\/product\\\/crankbrothers-shoe-shields\\\/#primaryimage\"},\"thumbnailUrl\":\"https:\\\/\\\/bikefit.lu\\\/wp-content\\\/uploads\\\/2021\\\/05\\\/crank-plate.webp\",\"datePublished\":\"2021-05-22T05:38:37+00:00\",\"dateModified\":\"2025-04-22T15:20:03+00:00\",\"breadcrumb\":{\"@id\":\"https:\\\/\\\/bikefit.lu\\\/de\\\/product\\\/crankbrothers-shoe-shields\\\/#breadcrumb\"},\"inLanguage\":\"de\",\"potentialAction\":[{\"@type\":\"ReadAction\",\"target\":[\"https:\\\/\\\/bikefit.lu\\\/de\\\/product\\\/crankbrothers-shoe-shields\\\/\"]}]},{\"@type\":\"ImageObject\",\"inLanguage\":\"de\",\"@id\":\"https:\\\/\\\/bikefit.lu\\\/de\\\/product\\\/crankbrothers-shoe-shields\\\/#primaryimage\",\"url\":\"https:\\\/\\\/bikefit.lu\\\/wp-content\\\/uploads\\\/2021\\\/05\\\/crank-plate.webp\",\"contentUrl\":\"https:\\\/\\\/bikefit.lu\\\/wp-content\\\/uploads\\\/2021\\\/05\\\/crank-plate.webp\",\"width\":1100,\"height\":860},{\"@type\":\"BreadcrumbList\",\"@id\":\"https:\\\/\\\/bikefit.lu\\\/de\\\/product\\\/crankbrothers-shoe-shields\\\/#breadcrumb\",\"itemListElement\":[{\"@type\":\"ListItem\",\"position\":1,\"name\":\"Home\",\"item\":\"https:\\\/\\\/bikefit.lu\\\/de\\\/\"},{\"@type\":\"ListItem\",\"position\":2,\"name\":\"Produkte\",\"item\":\"https:\\\/\\\/bikefit.lu\\\/de\\\/shop\\\/\"},{\"@type\":\"ListItem\",\"position\":3,\"name\":\"Crankbrothers Shoe Shields\"}]},{\"@type\":\"WebSite\",\"@id\":\"https:\\\/\\\/bikefit.lu\\\/de\\\/#website\",\"url\":\"https:\\\/\\\/bikefit.lu\\\/de\\\/\",\"name\":\"bikefit.lu\",\"description\":\"IMPROVING CYCLING\",\"publisher\":{\"@id\":\"https:\\\/\\\/bikefit.lu\\\/de\\\/#\\\/schema\\\/person\\\/379af1263474d2f8cd1f41c2bd90273d\"},\"potentialAction\":[{\"@type\":\"SearchAction\",\"target\":{\"@type\":\"EntryPoint\",\"urlTemplate\":\"https:\\\/\\\/bikefit.lu\\\/de\\\/?s={search_term_string}\"},\"query-input\":{\"@type\":\"PropertyValueSpecification\",\"valueRequired\":true,\"valueName\":\"search_term_string\"}}],\"inLanguage\":\"de\"},{\"@type\":[\"Person\",\"Organization\"],\"@id\":\"https:\\\/\\\/bikefit.lu\\\/de\\\/#\\\/schema\\\/person\\\/379af1263474d2f8cd1f41c2bd90273d\",\"name\":\"Patrick Guillaume\",\"image\":{\"@type\":\"ImageObject\",\"inLanguage\":\"de\",\"@id\":\"https:\\\/\\\/bikefit.lu\\\/wp-content\\\/uploads\\\/2024\\\/12\\\/cropped-bikefit-logoURL-RGB-jpg.jpg\",\"url\":\"https:\\\/\\\/bikefit.lu\\\/wp-content\\\/uploads\\\/2024\\\/12\\\/cropped-bikefit-logoURL-RGB-jpg.jpg\",\"contentUrl\":\"https:\\\/\\\/bikefit.lu\\\/wp-content\\\/uploads\\\/2024\\\/12\\\/cropped-bikefit-logoURL-RGB-jpg.jpg\",\"width\":512,\"height\":512,\"caption\":\"Patrick Guillaume\"},\"logo\":{\"@id\":\"https:\\\/\\\/bikefit.lu\\\/wp-content\\\/uploads\\\/2024\\\/12\\\/cropped-bikefit-logoURL-RGB-jpg.jpg\"},\"sameAs\":[\"https:\\\/\\\/bikefit.lu\"],\"honorificPrefix\":\"Mr\",\"birthDate\":\"1966-11-18\",\"gender\":\"male\",\"knowsAbout\":[\"Bike-fitting\"],\"knowsLanguage\":[\"English\",\"French\",\"German\",\"Luxembourgish\"]}]}<\/script>\n<meta property=\"product:price:amount\" content=\"9.95\" \/>\n<meta property=\"product:price:currency\" content=\"EUR\" \/>\n<meta property=\"og:availability\" content=\"instock\" \/>\n<meta property=\"product:availability\" content=\"instock\" \/>\n<meta property=\"product:condition\" content=\"new\" \/>\n<!-- \/ Yoast SEO Premium plugin. -->","yoast_head_json":{"title":"Crankbrothers Shoe Shields - bikefit.lu","robots":{"index":"index","follow":"follow","max-snippet":"max-snippet:-1","max-image-preview":"max-image-preview:large","max-video-preview":"max-video-preview:-1"},"canonical":"https:\/\/bikefit.lu\/de\/product\/crankbrothers-shoe-shields\/","og_locale":"de_DE","og_type":"article","og_title":"Crankbrothers Shoe Shields","og_description":"CrankBrothers Schuh-Schutzschilder Alle Liebhaber edler Fahrradschuhe mit s\u00fcndhaft teuren Carbonsohlen k\u00f6nnen aufatmen. Endlich hat ein Pedalhersteller ihre Bitten erh\u00f6rt und bringt einen Sohlenschutz. Damit werden Besch\u00e4digungen an der hochwertigen Schuhsohle durch Kontakte mit den Pedalen wirkungsvoll vermieden.   Kompatibilit\u00e4t - CrankBrothers Shoe Shield Alle CrankBrothers MTB Cleats Material Rostfreier Stahl Gewicht (Herstellerangaben) 8g (Paar)  Lieferumfang 1 Paar CrankBrothers Shoe Shields","og_url":"https:\/\/bikefit.lu\/de\/product\/crankbrothers-shoe-shields\/","og_site_name":"bikefit.lu","article_modified_time":"2025-04-22T15:20:03+00:00","og_image":[{"width":1100,"height":860,"url":"https:\/\/bikefit.lu\/wp-content\/uploads\/2021\/05\/crank-plate.webp","type":"image\/webp"}],"twitter_card":"summary_large_image","twitter_misc":{"Preis":"9,95&nbsp;&euro;","Verf\u00fcgbarkeit":"Auf Lager"},"schema":{"@context":"https:\/\/schema.org","@graph":[{"@type":"WebPage","@id":"https:\/\/bikefit.lu\/de\/product\/crankbrothers-shoe-shields\/","url":"https:\/\/bikefit.lu\/de\/product\/crankbrothers-shoe-shields\/","name":"Crankbrothers Shoe Shields - bikefit.lu","isPartOf":{"@id":"https:\/\/bikefit.lu\/de\/#website"},"primaryImageOfPage":{"@id":"https:\/\/bikefit.lu\/de\/product\/crankbrothers-shoe-shields\/#primaryimage"},"image":{"@id":"https:\/\/bikefit.lu\/de\/product\/crankbrothers-shoe-shields\/#primaryimage"},"thumbnailUrl":"https:\/\/bikefit.lu\/wp-content\/uploads\/2021\/05\/crank-plate.webp","datePublished":"2021-05-22T05:38:37+00:00","dateModified":"2025-04-22T15:20:03+00:00","breadcrumb":{"@id":"https:\/\/bikefit.lu\/de\/product\/crankbrothers-shoe-shields\/#breadcrumb"},"inLanguage":"de","potentialAction":[{"@type":"ReadAction","target":["https:\/\/bikefit.lu\/de\/product\/crankbrothers-shoe-shields\/"]}]},{"@type":"ImageObject","inLanguage":"de","@id":"https:\/\/bikefit.lu\/de\/product\/crankbrothers-shoe-shields\/#primaryimage","url":"https:\/\/bikefit.lu\/wp-content\/uploads\/2021\/05\/crank-plate.webp","contentUrl":"https:\/\/bikefit.lu\/wp-content\/uploads\/2021\/05\/crank-plate.webp","width":1100,"height":860},{"@type":"BreadcrumbList","@id":"https:\/\/bikefit.lu\/de\/product\/crankbrothers-shoe-shields\/#breadcrumb","itemListElement":[{"@type":"ListItem","position":1,"name":"Home","item":"https:\/\/bikefit.lu\/de\/"},{"@type":"ListItem","position":2,"name":"Produkte","item":"https:\/\/bikefit.lu\/de\/shop\/"},{"@type":"ListItem","position":3,"name":"Crankbrothers Shoe Shields"}]},{"@type":"WebSite","@id":"https:\/\/bikefit.lu\/de\/#website","url":"https:\/\/bikefit.lu\/de\/","name":"bikefit.lu","description":"IMPROVING CYCLING","publisher":{"@id":"https:\/\/bikefit.lu\/de\/#\/schema\/person\/379af1263474d2f8cd1f41c2bd90273d"},"potentialAction":[{"@type":"SearchAction","target":{"@type":"EntryPoint","urlTemplate":"https:\/\/bikefit.lu\/de\/?s={search_term_string}"},"query-input":{"@type":"PropertyValueSpecification","valueRequired":true,"valueName":"search_term_string"}}],"inLanguage":"de"},{"@type":["Person","Organization"],"@id":"https:\/\/bikefit.lu\/de\/#\/schema\/person\/379af1263474d2f8cd1f41c2bd90273d","name":"Patrick Guillaume","image":{"@type":"ImageObject","inLanguage":"de","@id":"https:\/\/bikefit.lu\/wp-content\/uploads\/2024\/12\/cropped-bikefit-logoURL-RGB-jpg.jpg","url":"https:\/\/bikefit.lu\/wp-content\/uploads\/2024\/12\/cropped-bikefit-logoURL-RGB-jpg.jpg","contentUrl":"https:\/\/bikefit.lu\/wp-content\/uploads\/2024\/12\/cropped-bikefit-logoURL-RGB-jpg.jpg","width":512,"height":512,"caption":"Patrick Guillaume"},"logo":{"@id":"https:\/\/bikefit.lu\/wp-content\/uploads\/2024\/12\/cropped-bikefit-logoURL-RGB-jpg.jpg"},"sameAs":["https:\/\/bikefit.lu"],"honorificPrefix":"Mr","birthDate":"1966-11-18","gender":"male","knowsAbout":["Bike-fitting"],"knowsLanguage":["English","French","German","Luxembourgish"]}]},"product_price_amount":"9.95","product_price_currency":"EUR","og_availability":"instock","product_availability":"instock","product_condition":"new"},"_links":{"self":[{"href":"https:\/\/bikefit.lu\/de\/wp-json\/wp\/v2\/product\/79531","targetHints":{"allow":["GET"]}}],"collection":[{"href":"https:\/\/bikefit.lu\/de\/wp-json\/wp\/v2\/product"}],"about":[{"href":"https:\/\/bikefit.lu\/de\/wp-json\/wp\/v2\/types\/product"}],"replies":[{"embeddable":true,"href":"https:\/\/bikefit.lu\/de\/wp-json\/wp\/v2\/comments?post=79531"}],"version-history":[{"count":0,"href":"https:\/\/bikefit.lu\/de\/wp-json\/wp\/v2\/product\/79531\/revisions"}],"wp:featuredmedia":[{"embeddable":true,"href":"https:\/\/bikefit.lu\/de\/wp-json\/wp\/v2\/media\/88790"}],"wp:attachment":[{"href":"https:\/\/bikefit.lu\/de\/wp-json\/wp\/v2\/media?parent=79531"}],"wp:term":[{"taxonomy":"product_brand","embeddable":true,"href":"https:\/\/bikefit.lu\/de\/wp-json\/wp\/v2\/product_brand?post=79531"},{"taxonomy":"product_cat","embeddable":true,"href":"https:\/\/bikefit.lu\/de\/wp-json\/wp\/v2\/product_cat?post=79531"},{"taxonomy":"product_tag","embeddable":true,"href":"https:\/\/bikefit.lu\/de\/wp-json\/wp\/v2\/product_tag?post=79531"}],"curies":[{"name":"wp","href":"https:\/\/api.w.org\/{rel}","templated":true}]}}