{"id":79604,"date":"2022-10-20T06:57:02","date_gmt":"2022-10-20T06:57:02","guid":{"rendered":"https:\/\/staging.bikefit.lu\/shop\/unkategorisiert\/sqlab-613r-ergowave-s-tube\/"},"modified":"2025-04-22T17:55:34","modified_gmt":"2025-04-22T15:55:34","slug":"sqlab-613r-ergowave-s-tube","status":"publish","type":"product","link":"https:\/\/bikefit.lu\/de\/product\/sqlab-613r-ergowave-s-tube\/","title":{"rendered":"SQlab 613R Ergowave S-Tube"},"content":{"rendered":"<h3>Eigenschaften des SQlab Sattels 613 Ergowave R S-Tube<\/h3>\n<ul>\n<li>Entlastung der empfindlichen Gebiete<\/li>\n<li>effizientere Kraft\u00fcbertragung<\/li>\n<li>Vermeidung von kr\u00e4ftezehrenden Schutzhaltungen<\/li>\n<li>mehr Oberschenkelfreiheit<\/li>\n<li>Breite (in cm): 11, 12 &amp; 13<\/li>\n<li>Gewicht (in g, Herstellerangaben): 230 (11cm), 232 (12cm), 235 (13cm)<\/li>\n<li>Einsatzbereich: Triathlon<\/li>\n<li>L\u00e4nge (in mm): 249<\/li>\n<li>H\u00e4rte (in SQ-Shore): 55<\/li>\n<li>Entlastung im Dammbereich (in %): 60<\/li>\n<li>Material der Streben: S-Rohr<\/li>\n<li>Materialabdeckung: B78<\/li>\n<li>max. Last (in kg): 90<\/li>\n<li>Unisex<\/li>\n<\/ul>\n","protected":false},"excerpt":{"rendered":"<p>Triathleten sind leidensf\u00e4hig, dennoch treten Sitzbeschwerden \u00fcberproportional h\u00e4ufig auf. Die extreme Sitzposition in Kombination mit langen Fahrten ist eine ergonomische Herausforderung.<\/p>\n<p>&nbsp;<\/p>\n<h4>In der richtigen Form mit der richtigen Sattelform<\/h4>\n<p>Der 613 Ergowave R hat nicht irgendeine Form, sondern die perfekte Form f\u00fcr die schwierigste aller Sitzpositionen im Radsport. Insgesamt 18 Jahre SQlab-Erfahrung sind in diese Innovation eingeflossen: Von unterschiedlichsten Sitzknochenabst\u00e4nden, Anatomien bis hin zur L\u00f6sung von Kundenproblemen soll die Entwicklung von S\u00e4tteln nicht nur mehr Komfort und mehr Entlastung bringen, sondern auch die Leistung im Wettkampf steigern.<\/p>\n<p>Der 613 Ergowave R bringt den Druck durch das hochgezogene Heck noch nicht ganz auf die Sitzknochen, aber erstmals im Triathlon in Richtung der Sitzbeinh\u00f6cker. Der Dammbereich wird entlastet und die zus\u00e4tzliche Abst\u00fctzung nach hinten verbessert die Kraft\u00fcbertragung. Ein positiver Nebeneffekt ist, dass Hautreizungen reduziert werden. Warum die Adaptation des SQlab Stufensattels erst f\u00fcnf Jahre nach der SQlab Ergowave-Form erschien, liegt im Detail. Die Abstimmung zwischen Position und H\u00f6he der Stufe in Kombination mit der Taillierung, der Vertiefung und der Breite sowie der leicht abfallenden Sattelnase bedeutete einen sehr hohen Entwicklungsaufwand.<\/p>\n<p><a href=\"https:\/\/www.sq-lab.com\/en\/ergonomics\/sqlab-measurement-concepts\/sit-bone-measurement\/\">Bestimmen Sie Ihre Sattelbreite<\/a><\/p>\n<p><img decoding=\"async\" src=\"https:\/\/bikefit.lu\/wp-content\/uploads\/2022\/10\/sqlab.sattel.613.ergowave.r.carbon.11cm.12cm.13cm.png\"><\/p>\n","protected":false},"featured_media":88886,"comment_status":"closed","ping_status":"closed","template":"","meta":[],"product_brand":[],"product_cat":[4789,4836,4778],"product_tag":[4948,5128,5182,5194],"class_list":{"0":"post-79604","1":"product","2":"type-product","3":"status-publish","4":"has-post-thumbnail","6":"product_cat-sale-de","7":"product_cat-kontaktpunkt-becken","8":"product_cat-tri-tt-en-de","9":"product_tag-613r-ergowave-s-tube-de","10":"product_tag-sqlab-de","11":"product_tag-triathlon-de","12":"product_tag-zeitfahren","13":"product_shipping_class-large-items-de","14":"pa_width-11-cm-de","15":"pa_width-12-cm-de","16":"pa_width-13-cm-de","18":"first","19":"instock","20":"sale","21":"taxable","22":"shipping-taxable","23":"purchasable","24":"product-type-variable"},"yoast_head":"<!-- This site is optimized with the Yoast SEO Premium plugin v27.3 (Yoast SEO v27.3) - https:\/\/yoast.com\/product\/yoast-seo-premium-wordpress\/ -->\n<title>SQlab 613R Ergowave S-Tube - bikefit.lu<\/title>\n<meta name=\"robots\" content=\"index, follow, max-snippet:-1, max-image-preview:large, max-video-preview:-1\" \/>\n<link rel=\"canonical\" href=\"https:\/\/bikefit.lu\/de\/product\/sqlab-613r-ergowave-s-tube\/\" \/>\n<meta property=\"og:locale\" content=\"de_DE\" \/>\n<meta property=\"og:type\" content=\"article\" \/>\n<meta property=\"og:title\" content=\"SQlab 613R Ergowave S-Tube\" \/>\n<meta property=\"og:description\" content=\"Triathleten sind leidensf\u00e4hig, dennoch treten Sitzbeschwerden \u00fcberproportional h\u00e4ufig auf. Die extreme Sitzposition in Kombination mit langen Fahrten ist eine ergonomische Herausforderung. &nbsp; In der richtigen Form mit der richtigen Sattelform Der 613 Ergowave R hat nicht irgendeine Form, sondern die perfekte Form f\u00fcr die schwierigste aller Sitzpositionen im Radsport. Insgesamt 18 Jahre SQlab-Erfahrung sind in diese Innovation eingeflossen: Von unterschiedlichsten Sitzknochenabst\u00e4nden, Anatomien bis hin zur L\u00f6sung von Kundenproblemen soll die Entwicklung von S\u00e4tteln nicht nur mehr Komfort und mehr Entlastung bringen, sondern auch die Leistung im Wettkampf steigern. Der 613 Ergowave R bringt den Druck durch das hochgezogene Heck noch nicht ganz auf die Sitzknochen, aber erstmals im Triathlon in Richtung der Sitzbeinh\u00f6cker. Der Dammbereich wird entlastet und die zus\u00e4tzliche Abst\u00fctzung nach hinten verbessert die Kraft\u00fcbertragung. Ein positiver Nebeneffekt ist, dass Hautreizungen reduziert werden. Warum die Adaptation des SQlab Stufensattels erst f\u00fcnf Jahre nach der SQlab Ergowave-Form erschien, liegt im Detail. Die Abstimmung zwischen Position und H\u00f6he der Stufe in Kombination mit der Taillierung, der Vertiefung und der Breite sowie der leicht abfallenden Sattelnase bedeutete einen sehr hohen Entwicklungsaufwand. Bestimmen Sie Ihre Sattelbreite\" \/>\n<meta property=\"og:url\" content=\"https:\/\/bikefit.lu\/de\/product\/sqlab-613r-ergowave-s-tube\/\" \/>\n<meta property=\"og:site_name\" content=\"bikefit.lu\" \/>\n<meta property=\"article:modified_time\" content=\"2025-04-22T15:55:34+00:00\" \/>\n<meta property=\"og:image\" content=\"https:\/\/bikefit.lu\/wp-content\/uploads\/2022\/10\/sqlab-613-r-ergowave-saddle-s-tube-4-940450.jpg\" \/>\n\t<meta property=\"og:image:width\" content=\"1500\" \/>\n\t<meta property=\"og:image:height\" content=\"1500\" \/>\n\t<meta property=\"og:image:type\" content=\"image\/jpeg\" \/>\n<meta name=\"twitter:card\" content=\"summary_large_image\" \/>\n<meta name=\"twitter:label1\" content=\"Verf\u00fcgbarkeit\" \/>\n\t<meta name=\"twitter:data1\" content=\"Auf Lager\" \/>\n<script type=\"application\/ld+json\" class=\"yoast-schema-graph\">{\"@context\":\"https:\\\/\\\/schema.org\",\"@graph\":[{\"@type\":\"WebPage\",\"@id\":\"https:\\\/\\\/bikefit.lu\\\/de\\\/product\\\/sqlab-613r-ergowave-s-tube\\\/\",\"url\":\"https:\\\/\\\/bikefit.lu\\\/de\\\/product\\\/sqlab-613r-ergowave-s-tube\\\/\",\"name\":\"SQlab 613R Ergowave S-Tube - bikefit.lu\",\"isPartOf\":{\"@id\":\"https:\\\/\\\/bikefit.lu\\\/de\\\/#website\"},\"primaryImageOfPage\":{\"@id\":\"https:\\\/\\\/bikefit.lu\\\/de\\\/product\\\/sqlab-613r-ergowave-s-tube\\\/#primaryimage\"},\"image\":{\"@id\":\"https:\\\/\\\/bikefit.lu\\\/de\\\/product\\\/sqlab-613r-ergowave-s-tube\\\/#primaryimage\"},\"thumbnailUrl\":\"https:\\\/\\\/bikefit.lu\\\/wp-content\\\/uploads\\\/2022\\\/10\\\/sqlab-613-r-ergowave-saddle-s-tube-4-940450.jpg\",\"datePublished\":\"2022-10-20T06:57:02+00:00\",\"dateModified\":\"2025-04-22T15:55:34+00:00\",\"breadcrumb\":{\"@id\":\"https:\\\/\\\/bikefit.lu\\\/de\\\/product\\\/sqlab-613r-ergowave-s-tube\\\/#breadcrumb\"},\"inLanguage\":\"de\",\"potentialAction\":[{\"@type\":\"ReadAction\",\"target\":[\"https:\\\/\\\/bikefit.lu\\\/de\\\/product\\\/sqlab-613r-ergowave-s-tube\\\/\"]}]},{\"@type\":\"ImageObject\",\"inLanguage\":\"de\",\"@id\":\"https:\\\/\\\/bikefit.lu\\\/de\\\/product\\\/sqlab-613r-ergowave-s-tube\\\/#primaryimage\",\"url\":\"https:\\\/\\\/bikefit.lu\\\/wp-content\\\/uploads\\\/2022\\\/10\\\/sqlab-613-r-ergowave-saddle-s-tube-4-940450.jpg\",\"contentUrl\":\"https:\\\/\\\/bikefit.lu\\\/wp-content\\\/uploads\\\/2022\\\/10\\\/sqlab-613-r-ergowave-saddle-s-tube-4-940450.jpg\",\"width\":1500,\"height\":1500},{\"@type\":\"BreadcrumbList\",\"@id\":\"https:\\\/\\\/bikefit.lu\\\/de\\\/product\\\/sqlab-613r-ergowave-s-tube\\\/#breadcrumb\",\"itemListElement\":[{\"@type\":\"ListItem\",\"position\":1,\"name\":\"Home\",\"item\":\"https:\\\/\\\/bikefit.lu\\\/de\\\/\"},{\"@type\":\"ListItem\",\"position\":2,\"name\":\"Produkte\",\"item\":\"https:\\\/\\\/bikefit.lu\\\/de\\\/shop\\\/\"},{\"@type\":\"ListItem\",\"position\":3,\"name\":\"SQlab 613R Ergowave S-Tube\"}]},{\"@type\":\"WebSite\",\"@id\":\"https:\\\/\\\/bikefit.lu\\\/de\\\/#website\",\"url\":\"https:\\\/\\\/bikefit.lu\\\/de\\\/\",\"name\":\"bikefit.lu\",\"description\":\"IMPROVING CYCLING\",\"publisher\":{\"@id\":\"https:\\\/\\\/bikefit.lu\\\/de\\\/#\\\/schema\\\/person\\\/379af1263474d2f8cd1f41c2bd90273d\"},\"potentialAction\":[{\"@type\":\"SearchAction\",\"target\":{\"@type\":\"EntryPoint\",\"urlTemplate\":\"https:\\\/\\\/bikefit.lu\\\/de\\\/?s={search_term_string}\"},\"query-input\":{\"@type\":\"PropertyValueSpecification\",\"valueRequired\":true,\"valueName\":\"search_term_string\"}}],\"inLanguage\":\"de\"},{\"@type\":[\"Person\",\"Organization\"],\"@id\":\"https:\\\/\\\/bikefit.lu\\\/de\\\/#\\\/schema\\\/person\\\/379af1263474d2f8cd1f41c2bd90273d\",\"name\":\"Patrick Guillaume\",\"image\":{\"@type\":\"ImageObject\",\"inLanguage\":\"de\",\"@id\":\"https:\\\/\\\/bikefit.lu\\\/wp-content\\\/uploads\\\/2024\\\/12\\\/cropped-bikefit-logoURL-RGB-jpg.jpg\",\"url\":\"https:\\\/\\\/bikefit.lu\\\/wp-content\\\/uploads\\\/2024\\\/12\\\/cropped-bikefit-logoURL-RGB-jpg.jpg\",\"contentUrl\":\"https:\\\/\\\/bikefit.lu\\\/wp-content\\\/uploads\\\/2024\\\/12\\\/cropped-bikefit-logoURL-RGB-jpg.jpg\",\"width\":512,\"height\":512,\"caption\":\"Patrick Guillaume\"},\"logo\":{\"@id\":\"https:\\\/\\\/bikefit.lu\\\/wp-content\\\/uploads\\\/2024\\\/12\\\/cropped-bikefit-logoURL-RGB-jpg.jpg\"},\"sameAs\":[\"https:\\\/\\\/bikefit.lu\"],\"honorificPrefix\":\"Mr\",\"birthDate\":\"1966-11-18\",\"gender\":\"male\",\"knowsAbout\":[\"Bike-fitting\"],\"knowsLanguage\":[\"English\",\"French\",\"German\",\"Luxembourgish\"]}]}<\/script>\n<meta property=\"og:availability\" content=\"instock\" \/>\n<meta property=\"product:availability\" content=\"instock\" \/>\n<meta property=\"product:condition\" content=\"new\" \/>\n<!-- \/ Yoast SEO Premium plugin. -->","yoast_head_json":{"title":"SQlab 613R Ergowave S-Tube - bikefit.lu","robots":{"index":"index","follow":"follow","max-snippet":"max-snippet:-1","max-image-preview":"max-image-preview:large","max-video-preview":"max-video-preview:-1"},"canonical":"https:\/\/bikefit.lu\/de\/product\/sqlab-613r-ergowave-s-tube\/","og_locale":"de_DE","og_type":"article","og_title":"SQlab 613R Ergowave S-Tube","og_description":"Triathleten sind leidensf\u00e4hig, dennoch treten Sitzbeschwerden \u00fcberproportional h\u00e4ufig auf. Die extreme Sitzposition in Kombination mit langen Fahrten ist eine ergonomische Herausforderung. &nbsp; In der richtigen Form mit der richtigen Sattelform Der 613 Ergowave R hat nicht irgendeine Form, sondern die perfekte Form f\u00fcr die schwierigste aller Sitzpositionen im Radsport. Insgesamt 18 Jahre SQlab-Erfahrung sind in diese Innovation eingeflossen: Von unterschiedlichsten Sitzknochenabst\u00e4nden, Anatomien bis hin zur L\u00f6sung von Kundenproblemen soll die Entwicklung von S\u00e4tteln nicht nur mehr Komfort und mehr Entlastung bringen, sondern auch die Leistung im Wettkampf steigern. Der 613 Ergowave R bringt den Druck durch das hochgezogene Heck noch nicht ganz auf die Sitzknochen, aber erstmals im Triathlon in Richtung der Sitzbeinh\u00f6cker. Der Dammbereich wird entlastet und die zus\u00e4tzliche Abst\u00fctzung nach hinten verbessert die Kraft\u00fcbertragung. Ein positiver Nebeneffekt ist, dass Hautreizungen reduziert werden. Warum die Adaptation des SQlab Stufensattels erst f\u00fcnf Jahre nach der SQlab Ergowave-Form erschien, liegt im Detail. Die Abstimmung zwischen Position und H\u00f6he der Stufe in Kombination mit der Taillierung, der Vertiefung und der Breite sowie der leicht abfallenden Sattelnase bedeutete einen sehr hohen Entwicklungsaufwand. Bestimmen Sie Ihre Sattelbreite","og_url":"https:\/\/bikefit.lu\/de\/product\/sqlab-613r-ergowave-s-tube\/","og_site_name":"bikefit.lu","article_modified_time":"2025-04-22T15:55:34+00:00","og_image":[{"width":1500,"height":1500,"url":"https:\/\/bikefit.lu\/wp-content\/uploads\/2022\/10\/sqlab-613-r-ergowave-saddle-s-tube-4-940450.jpg","type":"image\/jpeg"}],"twitter_card":"summary_large_image","twitter_misc":{"Verf\u00fcgbarkeit":"Auf Lager"},"schema":{"@context":"https:\/\/schema.org","@graph":[{"@type":"WebPage","@id":"https:\/\/bikefit.lu\/de\/product\/sqlab-613r-ergowave-s-tube\/","url":"https:\/\/bikefit.lu\/de\/product\/sqlab-613r-ergowave-s-tube\/","name":"SQlab 613R Ergowave S-Tube - bikefit.lu","isPartOf":{"@id":"https:\/\/bikefit.lu\/de\/#website"},"primaryImageOfPage":{"@id":"https:\/\/bikefit.lu\/de\/product\/sqlab-613r-ergowave-s-tube\/#primaryimage"},"image":{"@id":"https:\/\/bikefit.lu\/de\/product\/sqlab-613r-ergowave-s-tube\/#primaryimage"},"thumbnailUrl":"https:\/\/bikefit.lu\/wp-content\/uploads\/2022\/10\/sqlab-613-r-ergowave-saddle-s-tube-4-940450.jpg","datePublished":"2022-10-20T06:57:02+00:00","dateModified":"2025-04-22T15:55:34+00:00","breadcrumb":{"@id":"https:\/\/bikefit.lu\/de\/product\/sqlab-613r-ergowave-s-tube\/#breadcrumb"},"inLanguage":"de","potentialAction":[{"@type":"ReadAction","target":["https:\/\/bikefit.lu\/de\/product\/sqlab-613r-ergowave-s-tube\/"]}]},{"@type":"ImageObject","inLanguage":"de","@id":"https:\/\/bikefit.lu\/de\/product\/sqlab-613r-ergowave-s-tube\/#primaryimage","url":"https:\/\/bikefit.lu\/wp-content\/uploads\/2022\/10\/sqlab-613-r-ergowave-saddle-s-tube-4-940450.jpg","contentUrl":"https:\/\/bikefit.lu\/wp-content\/uploads\/2022\/10\/sqlab-613-r-ergowave-saddle-s-tube-4-940450.jpg","width":1500,"height":1500},{"@type":"BreadcrumbList","@id":"https:\/\/bikefit.lu\/de\/product\/sqlab-613r-ergowave-s-tube\/#breadcrumb","itemListElement":[{"@type":"ListItem","position":1,"name":"Home","item":"https:\/\/bikefit.lu\/de\/"},{"@type":"ListItem","position":2,"name":"Produkte","item":"https:\/\/bikefit.lu\/de\/shop\/"},{"@type":"ListItem","position":3,"name":"SQlab 613R Ergowave S-Tube"}]},{"@type":"WebSite","@id":"https:\/\/bikefit.lu\/de\/#website","url":"https:\/\/bikefit.lu\/de\/","name":"bikefit.lu","description":"IMPROVING CYCLING","publisher":{"@id":"https:\/\/bikefit.lu\/de\/#\/schema\/person\/379af1263474d2f8cd1f41c2bd90273d"},"potentialAction":[{"@type":"SearchAction","target":{"@type":"EntryPoint","urlTemplate":"https:\/\/bikefit.lu\/de\/?s={search_term_string}"},"query-input":{"@type":"PropertyValueSpecification","valueRequired":true,"valueName":"search_term_string"}}],"inLanguage":"de"},{"@type":["Person","Organization"],"@id":"https:\/\/bikefit.lu\/de\/#\/schema\/person\/379af1263474d2f8cd1f41c2bd90273d","name":"Patrick Guillaume","image":{"@type":"ImageObject","inLanguage":"de","@id":"https:\/\/bikefit.lu\/wp-content\/uploads\/2024\/12\/cropped-bikefit-logoURL-RGB-jpg.jpg","url":"https:\/\/bikefit.lu\/wp-content\/uploads\/2024\/12\/cropped-bikefit-logoURL-RGB-jpg.jpg","contentUrl":"https:\/\/bikefit.lu\/wp-content\/uploads\/2024\/12\/cropped-bikefit-logoURL-RGB-jpg.jpg","width":512,"height":512,"caption":"Patrick Guillaume"},"logo":{"@id":"https:\/\/bikefit.lu\/wp-content\/uploads\/2024\/12\/cropped-bikefit-logoURL-RGB-jpg.jpg"},"sameAs":["https:\/\/bikefit.lu"],"honorificPrefix":"Mr","birthDate":"1966-11-18","gender":"male","knowsAbout":["Bike-fitting"],"knowsLanguage":["English","French","German","Luxembourgish"]}]},"og_availability":"instock","product_availability":"instock","product_condition":"new"},"_links":{"self":[{"href":"https:\/\/bikefit.lu\/de\/wp-json\/wp\/v2\/product\/79604","targetHints":{"allow":["GET"]}}],"collection":[{"href":"https:\/\/bikefit.lu\/de\/wp-json\/wp\/v2\/product"}],"about":[{"href":"https:\/\/bikefit.lu\/de\/wp-json\/wp\/v2\/types\/product"}],"replies":[{"embeddable":true,"href":"https:\/\/bikefit.lu\/de\/wp-json\/wp\/v2\/comments?post=79604"}],"version-history":[{"count":0,"href":"https:\/\/bikefit.lu\/de\/wp-json\/wp\/v2\/product\/79604\/revisions"}],"wp:featuredmedia":[{"embeddable":true,"href":"https:\/\/bikefit.lu\/de\/wp-json\/wp\/v2\/media\/88886"}],"wp:attachment":[{"href":"https:\/\/bikefit.lu\/de\/wp-json\/wp\/v2\/media?parent=79604"}],"wp:term":[{"taxonomy":"product_brand","embeddable":true,"href":"https:\/\/bikefit.lu\/de\/wp-json\/wp\/v2\/product_brand?post=79604"},{"taxonomy":"product_cat","embeddable":true,"href":"https:\/\/bikefit.lu\/de\/wp-json\/wp\/v2\/product_cat?post=79604"},{"taxonomy":"product_tag","embeddable":true,"href":"https:\/\/bikefit.lu\/de\/wp-json\/wp\/v2\/product_tag?post=79604"}],"curies":[{"name":"wp","href":"https:\/\/api.w.org\/{rel}","templated":true}]}}