{"id":79628,"date":"2022-10-20T06:29:05","date_gmt":"2022-10-20T06:29:05","guid":{"rendered":"https:\/\/staging.bikefit.lu\/shop\/unkategorisiert\/sqlab-612-ergowave-s-tube\/"},"modified":"2025-04-22T17:58:00","modified_gmt":"2025-04-22T15:58:00","slug":"sqlab-612-ergowave-s-tube","status":"publish","type":"product","link":"https:\/\/bikefit.lu\/de\/product\/sqlab-612-ergowave-s-tube\/","title":{"rendered":"SQlab 612 Ergowave S-Tube"},"content":{"rendered":"<div class=\"jetpack-video-wrapper\"><span class=\"embed-youtube\" style=\"text-align:center; display: block;\"><iframe class=\"youtube-player\" width=\"1200\" height=\"675\" src=\"https:\/\/www.youtube.com\/embed\/GyaQ3ok5Wok?version=3&#038;rel=1&#038;showsearch=0&#038;showinfo=1&#038;iv_load_policy=1&#038;fs=1&#038;hl=de-DE&#038;autohide=2&#038;wmode=transparent\" allowfullscreen=\"true\" style=\"border:0;\" sandbox=\"allow-scripts allow-same-origin allow-popups allow-presentation allow-popups-to-escape-sandbox\"><\/iframe><\/span><\/div>\n<p><a href=\"https:\/\/www.sq-lab.com\/en\/ergonomics\/sqlab-product-concepts\/ergowave\/\" target=\"_blank\" rel=\"noopener noreferrer nofollow\">Mehr \u00fcber <strong>ERGOWAVE\u00ae Ergonomie<\/strong><\/a><\/p>\n<table class=\"product-detail-data-sheet__table\">\n<tbody>\n<tr class=\"product-detail-data-sheet__row\">\n<td class=\"product-detail-data-sheet__cell product-detail-data-sheet__cell--title\">Produktbezeichnung:<\/td>\n<td class=\"product-detail-data-sheet__cell product-detail-data-sheet__cell--value\">SQlab 612 Ergowave S-Tube Sattel<\/td>\n<\/tr>\n<tr class=\"product-detail-data-sheet__row\">\n<td class=\"product-detail-data-sheet__cell product-detail-data-sheet__cell--title\">Hersteller:<\/td>\n<td class=\"product-detail-data-sheet__cell product-detail-data-sheet__cell--value\">SQlab<\/td>\n<\/tr>\n<tr class=\"product-detail-data-sheet__row\">\n<td class=\"product-detail-data-sheet__cell product-detail-data-sheet__cell--title\">Artikelnummer:<\/td>\n<td class=\"product-detail-data-sheet__cell product-detail-data-sheet__cell--value\">SQL310949<\/td>\n<\/tr>\n<tr class=\"product-detail-data-sheet__row\">\n<td class=\"product-detail-data-sheet__cell product-detail-data-sheet__cell--title\">Aktivit\u00e4t:<\/td>\n<td class=\"product-detail-data-sheet__cell product-detail-data-sheet__cell--value\">Radsport<\/td>\n<\/tr>\n<tr class=\"product-detail-data-sheet__row\">\n<td class=\"product-detail-data-sheet__cell product-detail-data-sheet__cell--title\">Einsatzbereich Radsport:<\/td>\n<td class=\"product-detail-data-sheet__cell product-detail-data-sheet__cell--value\">Rennrad, Mountainbike<\/td>\n<\/tr>\n<tr class=\"product-detail-data-sheet__row\">\n<td class=\"product-detail-data-sheet__cell product-detail-data-sheet__cell--title\">Schienenklemmstil:<\/td>\n<td class=\"product-detail-data-sheet__cell product-detail-data-sheet__cell--value\">Rundschienen<\/td>\n<\/tr>\n<tr class=\"product-detail-data-sheet__row\">\n<td class=\"product-detail-data-sheet__cell product-detail-data-sheet__cell--title\">Druckentlastung:<\/td>\n<td class=\"product-detail-data-sheet__cell product-detail-data-sheet__cell--value\">mit Entlastung \/ Aussparung<\/td>\n<\/tr>\n<tr class=\"product-detail-data-sheet__row\">\n<td class=\"product-detail-data-sheet__cell product-detail-data-sheet__cell--title\">Material Sattelbezug:<\/td>\n<td class=\"product-detail-data-sheet__cell product-detail-data-sheet__cell--value\">Synthetisch<\/td>\n<\/tr>\n<tr class=\"product-detail-data-sheet__row\">\n<td class=\"product-detail-data-sheet__cell product-detail-data-sheet__cell--title\">Material Sattelgestell:<\/td>\n<td class=\"product-detail-data-sheet__cell product-detail-data-sheet__cell--value\">Stahllegierung<\/td>\n<\/tr>\n<tr class=\"product-detail-data-sheet__row\">\n<td class=\"product-detail-data-sheet__cell product-detail-data-sheet__cell--title\">Sattelpolsterung:<\/td>\n<td class=\"product-detail-data-sheet__cell product-detail-data-sheet__cell--value\">mit Polsterung<\/td>\n<\/tr>\n<tr class=\"product-detail-data-sheet__row\">\n<td class=\"product-detail-data-sheet__cell product-detail-data-sheet__cell--title\">Modelljahr:<\/td>\n<td class=\"product-detail-data-sheet__cell product-detail-data-sheet__cell--value\">2022<\/td>\n<\/tr>\n<tr class=\"product-detail-data-sheet__row\">\n<td class=\"product-detail-data-sheet__cell product-detail-data-sheet__cell--title\">Farbe:<\/td>\n<td class=\"product-detail-data-sheet__cell product-detail-data-sheet__cell--value\">Schwarz<\/td>\n<\/tr>\n<tr class=\"product-detail-data-sheet__row\">\n<td class=\"product-detail-data-sheet__cell product-detail-data-sheet__cell--title\">Gewicht:<\/td>\n<td class=\"product-detail-data-sheet__cell product-detail-data-sheet__cell--value\">197g<\/td>\n<\/tr>\n<tr class=\"product-detail-data-sheet__row\">\n<td class=\"product-detail-data-sheet__cell product-detail-data-sheet__cell--title\">Herstellerseite:<\/td>\n<td class=\"product-detail-data-sheet__cell product-detail-data-sheet__cell--value\">http:\/\/www.sq-lab.com\/<\/td>\n<\/tr>\n<\/tbody>\n<\/table>\n","protected":false},"excerpt":{"rendered":"<p>Der 612 Ergowave wurde speziell f\u00fcr die Anforderungen von Wettkampf- und Freizeitfahrern auf dem Rennrad oder Mountainbike entwickelt. Die wellenf\u00f6rmige Form und der hochgezogene hintere Bereich sorgen f\u00fcr eine perfekte Abst\u00fctzung nach hinten und eine optimale Druckverteilung, die bis tief in die K\u00f6rperstrukturen reicht und eine verbesserte Kraft\u00fcbertragung bewirkt. Die abgesenkte Nase in Kombination mit der Vertiefung sorgt f\u00fcr eine optimale Druckentlastung des Dammbereichs. Die flache, aber schlanke SQlab MaxContact\u00ae-Sattelnase und die feste Polsterung des 612 wurden speziell f\u00fcr die Bed\u00fcrfnisse auf dem Rennrad entwickelt.<\/p>\n<p>Mehr \u00fcber <strong>ERGOWAVE\u00ae Ergonomie<\/strong><\/p>\n<ul>\n<li><strong>PERFEKTE PASSFORM<\/strong><br \/>\nDie korrekte Sattelbreite ist eine Voraussetzung f\u00fcr maximale Leistung.<br \/>\nVerf\u00fcgbare Breiten: 12 \/ 13 \/ 14 \/ 15 cm<\/li>\n<li><strong>SCHLANKES HECK<\/strong><br \/>\nDer erh\u00f6hte hintere Bereich bietet mehr r\u00fcckw\u00e4rtige Unterst\u00fctzung und gew\u00e4hrleistet eine effiziente Kraft\u00fcbertragung.<\/li>\n<li><strong>ENERGIESPAREND<\/strong><br \/>\nDas wellenf\u00f6rmige ERGOWAVE\u00ae-Profil, das sich von hinten nach vorne w\u00f6lbt, bietet eine perfekte Formpassung f\u00fcr die meisten Sitzknochenformen. Der Fahrer muss nicht in einer ineffizienten und erm\u00fcdenden Sitzposition verharren, und die gesamte Energie kann f\u00fcr den Vorw\u00e4rtsdrang genutzt werden.<\/li>\n<li><strong>NIEDRIGERE SATTELNASE<\/strong><br \/>\nDie ebene und abgesenkte Sattelnase \u00fcbt weniger Druck auf die empfindlichen Bereiche sowohl bei M\u00e4nnern als auch bei Frauen aus.<\/li>\n<li><strong>WARNUNG &#8211; UCI<\/strong><br \/>\n(UCI-Regelung: Das durchschnittliche Niveau der Sattelnase darf nicht mehr als 1 cm unter dem h\u00f6chsten Punkt des Sattels liegen). Wir bitten alle Rennradfahrer, die an UCI-regulierten Veranstaltungen teilnehmen, den Sattel so zu montieren, dass die Nase leicht nach oben zeigt. F\u00fcr alle anderen: Genie\u00dfen Sie die vielen Vorteile des ergonomisch perfekten Ergowave\u00ae !<\/li>\n<li><strong>BIOMECHANIK<\/strong><br \/>\nEine Beckenbewegung von bis zu 7\u00b0 wird durch die SQlab active Technologie erm\u00f6glicht, die aus biomechanischer Sicht die nat\u00fcrliche Bewegung des Gehens simuliert und die Effizienz der Tretbewegung erh\u00f6ht. Gleichzeitig werden die Bandscheiben entlastet und der Druck auf die Sitzknochen verringert.<\/li>\n<li><strong>ZENTRALE VERTIEFUNG<\/strong><br \/>\nDie leichte Vertiefung in der Mitte des Sattels reduziert den Druck auf die empfindlichen Gewebebereiche des Perineums.<\/li>\n<li><strong>NIEDRIG UND FLACH<\/strong><br \/>\nDie flache Sattelnase weist eine leichte Kr\u00fcmmung auf, die eine maximale Kontaktfl\u00e4che bietet und damit den assoziierten Druck reduziert. Diese Form sorgt f\u00fcr eine schmale Sattelnase, die das Scheuern an den Innenseiten der Oberschenkel beim Treten minimiert. Das SQlab MaxContact\u00ae-Konzept hat sich im Laufe der Jahre bei anderen Rennradmodellen bew\u00e4hrt und wurde f\u00fcr die neuen ERGOWAVE\u00ae-Modelle verbessert.<img decoding=\"async\" src=\"https:\/\/bikefit.lu\/wp-content\/uploads\/2022\/10\/sqlab.sitting.position.streched.moderate.png\"><\/li>\n<\/ul>\n<p>&nbsp;<\/p>\n<p>sportliche Sitzposition auf Rennrad und MTB<\/p>\n<ul>\n<li>Sattel\u00fcberh\u00f6hung von weniger als 5 cm<\/li>\n<li>f\u00fcr gro\u00dfe Entfernungen<\/li>\n<li>6mm Polsterung f\u00fcr mehr Komfort<\/li>\n<li>ab 175 g<\/li>\n<\/ul>\n<p><a href=\"https:\/\/www.sq-lab.com\/en\/ergonomics\/sqlab-measurement-concepts\/sit-bone-measurement\/\">Bestimmen Sie Ihre Sattelbreite<\/a><\/p>\n<p>&nbsp;<\/p>\n<p><img fetchpriority=\"high\" decoding=\"async\" class=\"alignnone size-medium wp-image-89000\" src=\"https:\/\/bikefit.lu\/wp-content\/uploads\/2022\/10\/153157-07-d-271304-300x300.jpg\" alt=\"\" width=\"300\" height=\"300\" srcset=\"https:\/\/bikefit.lu\/wp-content\/uploads\/2022\/10\/153157-07-d-271304-300x300.jpg 300w, https:\/\/bikefit.lu\/wp-content\/uploads\/2022\/10\/153157-07-d-271304-600x600.jpg 600w, https:\/\/bikefit.lu\/wp-content\/uploads\/2022\/10\/153157-07-d-271304-100x100.jpg 100w, https:\/\/bikefit.lu\/wp-content\/uploads\/2022\/10\/153157-07-d-271304-150x150.jpg 150w, https:\/\/bikefit.lu\/wp-content\/uploads\/2022\/10\/153157-07-d-271304-700x700.jpg 700w, https:\/\/bikefit.lu\/wp-content\/uploads\/2022\/10\/153157-07-d-271304-400x400.jpg 400w, https:\/\/bikefit.lu\/wp-content\/uploads\/2022\/10\/153157-07-d-271304.jpg 720w\" sizes=\"(max-width: 300px) 100vw, 300px\" \/><\/p>\n","protected":false},"featured_media":89026,"comment_status":"closed","ping_status":"closed","template":"","meta":[],"product_brand":[],"product_cat":[4789,4836,4771,4774],"product_tag":[4956,5088,5125,5164,5128],"class_list":{"0":"post-79628","1":"product","2":"type-product","3":"status-publish","4":"has-post-thumbnail","6":"product_cat-sale-de","7":"product_cat-kontaktpunkt-becken","8":"product_cat-offroad-contact-point-pelvis-de","9":"product_cat-road-contact-point-pelvis-de","10":"product_tag-612-ergowave-s-tube-de","11":"product_tag-mtb-race-de","12":"product_tag-road-de","13":"product_tag-saettel","14":"product_tag-sqlab-de","15":"product_shipping_class-large-items-de","16":"pa_width-12-cm-de","17":"pa_width-13-cm-de","18":"pa_width-14-cm-de","20":"first","21":"instock","22":"sale","23":"taxable","24":"shipping-taxable","25":"purchasable","26":"product-type-variable"},"yoast_head":"<!-- This site is optimized with the Yoast SEO Premium plugin v27.3 (Yoast SEO v27.3) - https:\/\/yoast.com\/product\/yoast-seo-premium-wordpress\/ -->\n<title>SQlab 612 Ergowave S-Tube - bikefit.lu<\/title>\n<meta name=\"robots\" content=\"index, follow, max-snippet:-1, max-image-preview:large, max-video-preview:-1\" \/>\n<link rel=\"canonical\" href=\"https:\/\/bikefit.lu\/de\/product\/sqlab-612-ergowave-s-tube\/\" \/>\n<meta property=\"og:locale\" content=\"de_DE\" \/>\n<meta property=\"og:type\" content=\"article\" \/>\n<meta property=\"og:title\" content=\"SQlab 612 Ergowave S-Tube\" \/>\n<meta property=\"og:description\" content=\"Der 612 Ergowave wurde speziell f\u00fcr die Anforderungen von Wettkampf- und Freizeitfahrern auf dem Rennrad oder Mountainbike entwickelt. Die wellenf\u00f6rmige Form und der hochgezogene hintere Bereich sorgen f\u00fcr eine perfekte Abst\u00fctzung nach hinten und eine optimale Druckverteilung, die bis tief in die K\u00f6rperstrukturen reicht und eine verbesserte Kraft\u00fcbertragung bewirkt. Die abgesenkte Nase in Kombination mit der Vertiefung sorgt f\u00fcr eine optimale Druckentlastung des Dammbereichs. Die flache, aber schlanke SQlab MaxContact\u00ae-Sattelnase und die feste Polsterung des 612 wurden speziell f\u00fcr die Bed\u00fcrfnisse auf dem Rennrad entwickelt. Mehr \u00fcber ERGOWAVE\u00ae Ergonomie  PERFEKTE PASSFORM Die korrekte Sattelbreite ist eine Voraussetzung f\u00fcr maximale Leistung. Verf\u00fcgbare Breiten: 12 \/ 13 \/ 14 \/ 15 cm  SCHLANKES HECK Der erh\u00f6hte hintere Bereich bietet mehr r\u00fcckw\u00e4rtige Unterst\u00fctzung und gew\u00e4hrleistet eine effiziente Kraft\u00fcbertragung.  ENERGIESPAREND Das wellenf\u00f6rmige ERGOWAVE\u00ae-Profil, das sich von hinten nach vorne w\u00f6lbt, bietet eine perfekte Formpassung f\u00fcr die meisten Sitzknochenformen. Der Fahrer muss nicht in einer ineffizienten und erm\u00fcdenden Sitzposition verharren, und die gesamte Energie kann f\u00fcr den Vorw\u00e4rtsdrang genutzt werden.  NIEDRIGERE SATTELNASE Die ebene und abgesenkte Sattelnase \u00fcbt weniger Druck auf die empfindlichen Bereiche sowohl bei M\u00e4nnern als auch bei Frauen aus.  WARNUNG - UCI (UCI-Regelung: Das durchschnittliche Niveau der Sattelnase darf nicht mehr als 1 cm unter dem h\u00f6chsten Punkt des Sattels liegen). Wir bitten alle Rennradfahrer, die an UCI-regulierten Veranstaltungen teilnehmen, den Sattel so zu montieren, dass die Nase leicht nach oben zeigt. F\u00fcr alle anderen: Genie\u00dfen Sie die vielen Vorteile des ergonomisch perfekten Ergowave\u00ae !  BIOMECHANIK Eine Beckenbewegung von bis zu 7\u00b0 wird durch die SQlab active Technologie erm\u00f6glicht, die aus biomechanischer Sicht die nat\u00fcrliche Bewegung des Gehens simuliert und die Effizienz der Tretbewegung erh\u00f6ht. Gleichzeitig werden die Bandscheiben entlastet und der Druck auf die Sitzknochen verringert.  ZENTRALE VERTIEFUNG Die leichte Vertiefung in der Mitte des Sattels reduziert den Druck auf die empfindlichen Gewebebereiche des Perineums.  NIEDRIG UND FLACH Die flache Sattelnase weist eine leichte Kr\u00fcmmung auf, die eine maximale Kontaktfl\u00e4che bietet und damit den assoziierten Druck reduziert. Diese Form sorgt f\u00fcr eine schmale Sattelnase, die das Scheuern an den Innenseiten der Oberschenkel beim Treten minimiert. Das SQlab MaxContact\u00ae-Konzept hat sich im Laufe der Jahre bei anderen Rennradmodellen bew\u00e4hrt und wurde f\u00fcr die neuen ERGOWAVE\u00ae-Modelle verbessert. &nbsp; sportliche Sitzposition auf Rennrad und MTB  Sattel\u00fcberh\u00f6hung von weniger als 5 cm  f\u00fcr gro\u00dfe Entfernungen  6mm Polsterung f\u00fcr mehr Komfort  ab 175 g Bestimmen Sie Ihre Sattelbreite &nbsp;\" \/>\n<meta property=\"og:url\" content=\"https:\/\/bikefit.lu\/de\/product\/sqlab-612-ergowave-s-tube\/\" \/>\n<meta property=\"og:site_name\" content=\"bikefit.lu\" \/>\n<meta property=\"article:modified_time\" content=\"2025-04-22T15:58:00+00:00\" \/>\n<meta property=\"og:image\" content=\"https:\/\/bikefit.lu\/wp-content\/uploads\/2022\/10\/sqlab-sattel-612-ergowave-1-893153.jpg\" \/>\n\t<meta property=\"og:image:width\" content=\"720\" \/>\n\t<meta property=\"og:image:height\" content=\"720\" \/>\n\t<meta property=\"og:image:type\" content=\"image\/jpeg\" \/>\n<meta name=\"twitter:card\" content=\"summary_large_image\" \/>\n<meta name=\"twitter:label1\" content=\"Verf\u00fcgbarkeit\" \/>\n\t<meta name=\"twitter:data1\" content=\"Auf Lager\" \/>\n<script type=\"application\/ld+json\" class=\"yoast-schema-graph\">{\"@context\":\"https:\\\/\\\/schema.org\",\"@graph\":[{\"@type\":\"WebPage\",\"@id\":\"https:\\\/\\\/bikefit.lu\\\/de\\\/product\\\/sqlab-612-ergowave-s-tube\\\/\",\"url\":\"https:\\\/\\\/bikefit.lu\\\/de\\\/product\\\/sqlab-612-ergowave-s-tube\\\/\",\"name\":\"SQlab 612 Ergowave S-Tube - bikefit.lu\",\"isPartOf\":{\"@id\":\"https:\\\/\\\/bikefit.lu\\\/de\\\/#website\"},\"primaryImageOfPage\":{\"@id\":\"https:\\\/\\\/bikefit.lu\\\/de\\\/product\\\/sqlab-612-ergowave-s-tube\\\/#primaryimage\"},\"image\":{\"@id\":\"https:\\\/\\\/bikefit.lu\\\/de\\\/product\\\/sqlab-612-ergowave-s-tube\\\/#primaryimage\"},\"thumbnailUrl\":\"https:\\\/\\\/bikefit.lu\\\/wp-content\\\/uploads\\\/2022\\\/10\\\/sqlab-sattel-612-ergowave-1-893153.jpg\",\"datePublished\":\"2022-10-20T06:29:05+00:00\",\"dateModified\":\"2025-04-22T15:58:00+00:00\",\"breadcrumb\":{\"@id\":\"https:\\\/\\\/bikefit.lu\\\/de\\\/product\\\/sqlab-612-ergowave-s-tube\\\/#breadcrumb\"},\"inLanguage\":\"de\",\"potentialAction\":[{\"@type\":\"ReadAction\",\"target\":[\"https:\\\/\\\/bikefit.lu\\\/de\\\/product\\\/sqlab-612-ergowave-s-tube\\\/\"]}]},{\"@type\":\"ImageObject\",\"inLanguage\":\"de\",\"@id\":\"https:\\\/\\\/bikefit.lu\\\/de\\\/product\\\/sqlab-612-ergowave-s-tube\\\/#primaryimage\",\"url\":\"https:\\\/\\\/bikefit.lu\\\/wp-content\\\/uploads\\\/2022\\\/10\\\/sqlab-sattel-612-ergowave-1-893153.jpg\",\"contentUrl\":\"https:\\\/\\\/bikefit.lu\\\/wp-content\\\/uploads\\\/2022\\\/10\\\/sqlab-sattel-612-ergowave-1-893153.jpg\",\"width\":720,\"height\":720},{\"@type\":\"BreadcrumbList\",\"@id\":\"https:\\\/\\\/bikefit.lu\\\/de\\\/product\\\/sqlab-612-ergowave-s-tube\\\/#breadcrumb\",\"itemListElement\":[{\"@type\":\"ListItem\",\"position\":1,\"name\":\"Home\",\"item\":\"https:\\\/\\\/bikefit.lu\\\/de\\\/\"},{\"@type\":\"ListItem\",\"position\":2,\"name\":\"Produkte\",\"item\":\"https:\\\/\\\/bikefit.lu\\\/de\\\/shop\\\/\"},{\"@type\":\"ListItem\",\"position\":3,\"name\":\"SQlab 612 Ergowave S-Tube\"}]},{\"@type\":\"WebSite\",\"@id\":\"https:\\\/\\\/bikefit.lu\\\/de\\\/#website\",\"url\":\"https:\\\/\\\/bikefit.lu\\\/de\\\/\",\"name\":\"bikefit.lu\",\"description\":\"IMPROVING CYCLING\",\"publisher\":{\"@id\":\"https:\\\/\\\/bikefit.lu\\\/de\\\/#\\\/schema\\\/person\\\/379af1263474d2f8cd1f41c2bd90273d\"},\"potentialAction\":[{\"@type\":\"SearchAction\",\"target\":{\"@type\":\"EntryPoint\",\"urlTemplate\":\"https:\\\/\\\/bikefit.lu\\\/de\\\/?s={search_term_string}\"},\"query-input\":{\"@type\":\"PropertyValueSpecification\",\"valueRequired\":true,\"valueName\":\"search_term_string\"}}],\"inLanguage\":\"de\"},{\"@type\":[\"Person\",\"Organization\"],\"@id\":\"https:\\\/\\\/bikefit.lu\\\/de\\\/#\\\/schema\\\/person\\\/379af1263474d2f8cd1f41c2bd90273d\",\"name\":\"Patrick Guillaume\",\"image\":{\"@type\":\"ImageObject\",\"inLanguage\":\"de\",\"@id\":\"https:\\\/\\\/bikefit.lu\\\/wp-content\\\/uploads\\\/2024\\\/12\\\/cropped-bikefit-logoURL-RGB-jpg.jpg\",\"url\":\"https:\\\/\\\/bikefit.lu\\\/wp-content\\\/uploads\\\/2024\\\/12\\\/cropped-bikefit-logoURL-RGB-jpg.jpg\",\"contentUrl\":\"https:\\\/\\\/bikefit.lu\\\/wp-content\\\/uploads\\\/2024\\\/12\\\/cropped-bikefit-logoURL-RGB-jpg.jpg\",\"width\":512,\"height\":512,\"caption\":\"Patrick Guillaume\"},\"logo\":{\"@id\":\"https:\\\/\\\/bikefit.lu\\\/wp-content\\\/uploads\\\/2024\\\/12\\\/cropped-bikefit-logoURL-RGB-jpg.jpg\"},\"sameAs\":[\"https:\\\/\\\/bikefit.lu\"],\"honorificPrefix\":\"Mr\",\"birthDate\":\"1966-11-18\",\"gender\":\"male\",\"knowsAbout\":[\"Bike-fitting\"],\"knowsLanguage\":[\"English\",\"French\",\"German\",\"Luxembourgish\"]}]}<\/script>\n<meta property=\"og:availability\" content=\"instock\" \/>\n<meta property=\"product:availability\" content=\"instock\" \/>\n<meta property=\"product:condition\" content=\"new\" \/>\n<!-- \/ Yoast SEO Premium plugin. -->","yoast_head_json":{"title":"SQlab 612 Ergowave S-Tube - bikefit.lu","robots":{"index":"index","follow":"follow","max-snippet":"max-snippet:-1","max-image-preview":"max-image-preview:large","max-video-preview":"max-video-preview:-1"},"canonical":"https:\/\/bikefit.lu\/de\/product\/sqlab-612-ergowave-s-tube\/","og_locale":"de_DE","og_type":"article","og_title":"SQlab 612 Ergowave S-Tube","og_description":"Der 612 Ergowave wurde speziell f\u00fcr die Anforderungen von Wettkampf- und Freizeitfahrern auf dem Rennrad oder Mountainbike entwickelt. Die wellenf\u00f6rmige Form und der hochgezogene hintere Bereich sorgen f\u00fcr eine perfekte Abst\u00fctzung nach hinten und eine optimale Druckverteilung, die bis tief in die K\u00f6rperstrukturen reicht und eine verbesserte Kraft\u00fcbertragung bewirkt. Die abgesenkte Nase in Kombination mit der Vertiefung sorgt f\u00fcr eine optimale Druckentlastung des Dammbereichs. Die flache, aber schlanke SQlab MaxContact\u00ae-Sattelnase und die feste Polsterung des 612 wurden speziell f\u00fcr die Bed\u00fcrfnisse auf dem Rennrad entwickelt. Mehr \u00fcber ERGOWAVE\u00ae Ergonomie  PERFEKTE PASSFORM Die korrekte Sattelbreite ist eine Voraussetzung f\u00fcr maximale Leistung. Verf\u00fcgbare Breiten: 12 \/ 13 \/ 14 \/ 15 cm  SCHLANKES HECK Der erh\u00f6hte hintere Bereich bietet mehr r\u00fcckw\u00e4rtige Unterst\u00fctzung und gew\u00e4hrleistet eine effiziente Kraft\u00fcbertragung.  ENERGIESPAREND Das wellenf\u00f6rmige ERGOWAVE\u00ae-Profil, das sich von hinten nach vorne w\u00f6lbt, bietet eine perfekte Formpassung f\u00fcr die meisten Sitzknochenformen. Der Fahrer muss nicht in einer ineffizienten und erm\u00fcdenden Sitzposition verharren, und die gesamte Energie kann f\u00fcr den Vorw\u00e4rtsdrang genutzt werden.  NIEDRIGERE SATTELNASE Die ebene und abgesenkte Sattelnase \u00fcbt weniger Druck auf die empfindlichen Bereiche sowohl bei M\u00e4nnern als auch bei Frauen aus.  WARNUNG - UCI (UCI-Regelung: Das durchschnittliche Niveau der Sattelnase darf nicht mehr als 1 cm unter dem h\u00f6chsten Punkt des Sattels liegen). Wir bitten alle Rennradfahrer, die an UCI-regulierten Veranstaltungen teilnehmen, den Sattel so zu montieren, dass die Nase leicht nach oben zeigt. F\u00fcr alle anderen: Genie\u00dfen Sie die vielen Vorteile des ergonomisch perfekten Ergowave\u00ae !  BIOMECHANIK Eine Beckenbewegung von bis zu 7\u00b0 wird durch die SQlab active Technologie erm\u00f6glicht, die aus biomechanischer Sicht die nat\u00fcrliche Bewegung des Gehens simuliert und die Effizienz der Tretbewegung erh\u00f6ht. Gleichzeitig werden die Bandscheiben entlastet und der Druck auf die Sitzknochen verringert.  ZENTRALE VERTIEFUNG Die leichte Vertiefung in der Mitte des Sattels reduziert den Druck auf die empfindlichen Gewebebereiche des Perineums.  NIEDRIG UND FLACH Die flache Sattelnase weist eine leichte Kr\u00fcmmung auf, die eine maximale Kontaktfl\u00e4che bietet und damit den assoziierten Druck reduziert. Diese Form sorgt f\u00fcr eine schmale Sattelnase, die das Scheuern an den Innenseiten der Oberschenkel beim Treten minimiert. Das SQlab MaxContact\u00ae-Konzept hat sich im Laufe der Jahre bei anderen Rennradmodellen bew\u00e4hrt und wurde f\u00fcr die neuen ERGOWAVE\u00ae-Modelle verbessert. &nbsp; sportliche Sitzposition auf Rennrad und MTB  Sattel\u00fcberh\u00f6hung von weniger als 5 cm  f\u00fcr gro\u00dfe Entfernungen  6mm Polsterung f\u00fcr mehr Komfort  ab 175 g Bestimmen Sie Ihre Sattelbreite &nbsp;","og_url":"https:\/\/bikefit.lu\/de\/product\/sqlab-612-ergowave-s-tube\/","og_site_name":"bikefit.lu","article_modified_time":"2025-04-22T15:58:00+00:00","og_image":[{"width":720,"height":720,"url":"https:\/\/bikefit.lu\/wp-content\/uploads\/2022\/10\/sqlab-sattel-612-ergowave-1-893153.jpg","type":"image\/jpeg"}],"twitter_card":"summary_large_image","twitter_misc":{"Verf\u00fcgbarkeit":"Auf Lager"},"schema":{"@context":"https:\/\/schema.org","@graph":[{"@type":"WebPage","@id":"https:\/\/bikefit.lu\/de\/product\/sqlab-612-ergowave-s-tube\/","url":"https:\/\/bikefit.lu\/de\/product\/sqlab-612-ergowave-s-tube\/","name":"SQlab 612 Ergowave S-Tube - bikefit.lu","isPartOf":{"@id":"https:\/\/bikefit.lu\/de\/#website"},"primaryImageOfPage":{"@id":"https:\/\/bikefit.lu\/de\/product\/sqlab-612-ergowave-s-tube\/#primaryimage"},"image":{"@id":"https:\/\/bikefit.lu\/de\/product\/sqlab-612-ergowave-s-tube\/#primaryimage"},"thumbnailUrl":"https:\/\/bikefit.lu\/wp-content\/uploads\/2022\/10\/sqlab-sattel-612-ergowave-1-893153.jpg","datePublished":"2022-10-20T06:29:05+00:00","dateModified":"2025-04-22T15:58:00+00:00","breadcrumb":{"@id":"https:\/\/bikefit.lu\/de\/product\/sqlab-612-ergowave-s-tube\/#breadcrumb"},"inLanguage":"de","potentialAction":[{"@type":"ReadAction","target":["https:\/\/bikefit.lu\/de\/product\/sqlab-612-ergowave-s-tube\/"]}]},{"@type":"ImageObject","inLanguage":"de","@id":"https:\/\/bikefit.lu\/de\/product\/sqlab-612-ergowave-s-tube\/#primaryimage","url":"https:\/\/bikefit.lu\/wp-content\/uploads\/2022\/10\/sqlab-sattel-612-ergowave-1-893153.jpg","contentUrl":"https:\/\/bikefit.lu\/wp-content\/uploads\/2022\/10\/sqlab-sattel-612-ergowave-1-893153.jpg","width":720,"height":720},{"@type":"BreadcrumbList","@id":"https:\/\/bikefit.lu\/de\/product\/sqlab-612-ergowave-s-tube\/#breadcrumb","itemListElement":[{"@type":"ListItem","position":1,"name":"Home","item":"https:\/\/bikefit.lu\/de\/"},{"@type":"ListItem","position":2,"name":"Produkte","item":"https:\/\/bikefit.lu\/de\/shop\/"},{"@type":"ListItem","position":3,"name":"SQlab 612 Ergowave S-Tube"}]},{"@type":"WebSite","@id":"https:\/\/bikefit.lu\/de\/#website","url":"https:\/\/bikefit.lu\/de\/","name":"bikefit.lu","description":"IMPROVING CYCLING","publisher":{"@id":"https:\/\/bikefit.lu\/de\/#\/schema\/person\/379af1263474d2f8cd1f41c2bd90273d"},"potentialAction":[{"@type":"SearchAction","target":{"@type":"EntryPoint","urlTemplate":"https:\/\/bikefit.lu\/de\/?s={search_term_string}"},"query-input":{"@type":"PropertyValueSpecification","valueRequired":true,"valueName":"search_term_string"}}],"inLanguage":"de"},{"@type":["Person","Organization"],"@id":"https:\/\/bikefit.lu\/de\/#\/schema\/person\/379af1263474d2f8cd1f41c2bd90273d","name":"Patrick Guillaume","image":{"@type":"ImageObject","inLanguage":"de","@id":"https:\/\/bikefit.lu\/wp-content\/uploads\/2024\/12\/cropped-bikefit-logoURL-RGB-jpg.jpg","url":"https:\/\/bikefit.lu\/wp-content\/uploads\/2024\/12\/cropped-bikefit-logoURL-RGB-jpg.jpg","contentUrl":"https:\/\/bikefit.lu\/wp-content\/uploads\/2024\/12\/cropped-bikefit-logoURL-RGB-jpg.jpg","width":512,"height":512,"caption":"Patrick Guillaume"},"logo":{"@id":"https:\/\/bikefit.lu\/wp-content\/uploads\/2024\/12\/cropped-bikefit-logoURL-RGB-jpg.jpg"},"sameAs":["https:\/\/bikefit.lu"],"honorificPrefix":"Mr","birthDate":"1966-11-18","gender":"male","knowsAbout":["Bike-fitting"],"knowsLanguage":["English","French","German","Luxembourgish"]}]},"og_availability":"instock","product_availability":"instock","product_condition":"new"},"_links":{"self":[{"href":"https:\/\/bikefit.lu\/de\/wp-json\/wp\/v2\/product\/79628","targetHints":{"allow":["GET"]}}],"collection":[{"href":"https:\/\/bikefit.lu\/de\/wp-json\/wp\/v2\/product"}],"about":[{"href":"https:\/\/bikefit.lu\/de\/wp-json\/wp\/v2\/types\/product"}],"replies":[{"embeddable":true,"href":"https:\/\/bikefit.lu\/de\/wp-json\/wp\/v2\/comments?post=79628"}],"version-history":[{"count":0,"href":"https:\/\/bikefit.lu\/de\/wp-json\/wp\/v2\/product\/79628\/revisions"}],"wp:featuredmedia":[{"embeddable":true,"href":"https:\/\/bikefit.lu\/de\/wp-json\/wp\/v2\/media\/89026"}],"wp:attachment":[{"href":"https:\/\/bikefit.lu\/de\/wp-json\/wp\/v2\/media?parent=79628"}],"wp:term":[{"taxonomy":"product_brand","embeddable":true,"href":"https:\/\/bikefit.lu\/de\/wp-json\/wp\/v2\/product_brand?post=79628"},{"taxonomy":"product_cat","embeddable":true,"href":"https:\/\/bikefit.lu\/de\/wp-json\/wp\/v2\/product_cat?post=79628"},{"taxonomy":"product_tag","embeddable":true,"href":"https:\/\/bikefit.lu\/de\/wp-json\/wp\/v2\/product_tag?post=79628"}],"curies":[{"name":"wp","href":"https:\/\/api.w.org\/{rel}","templated":true}]}}