{"id":79643,"date":"2022-10-20T05:05:11","date_gmt":"2022-10-20T05:05:11","guid":{"rendered":"https:\/\/staging.bikefit.lu\/shop\/unkategorisiert\/sqlab-612-ergowave-r-s-tube\/"},"modified":"2025-04-22T18:02:33","modified_gmt":"2025-04-22T16:02:33","slug":"sqlab-612-ergowave-r-s-tube","status":"publish","type":"product","link":"https:\/\/bikefit.lu\/de\/product\/sqlab-612-ergowave-r-s-tube\/","title":{"rendered":"SQlab 612 Ergowave R S-Tube"},"content":{"rendered":"<div class=\"jetpack-video-wrapper\"><span class=\"embed-youtube\" style=\"text-align:center; display: block;\"><iframe class=\"youtube-player\" width=\"1200\" height=\"675\" src=\"https:\/\/www.youtube.com\/embed\/GaUAmedzjf0?version=3&#038;rel=1&#038;showsearch=0&#038;showinfo=1&#038;iv_load_policy=1&#038;fs=1&#038;hl=de-DE&#038;autohide=2&#038;wmode=transparent\" allowfullscreen=\"true\" style=\"border:0;\" sandbox=\"allow-scripts allow-same-origin allow-popups allow-presentation allow-popups-to-escape-sandbox\"><\/iframe><\/span><\/div>\n<table class=\"product-detail-data-sheet__table\">\n<tbody>\n<tr class=\"product-detail-data-sheet__row\">\n<td class=\"product-detail-data-sheet__cell product-detail-data-sheet__cell--title\">Produktbezeichnung:<\/td>\n<td class=\"product-detail-data-sheet__cell product-detail-data-sheet__cell--value\">SQlab 612 Ergowave R Sattel &#8211; S-Tube<\/td>\n<\/tr>\n<tr class=\"product-detail-data-sheet__row\">\n<td class=\"product-detail-data-sheet__cell product-detail-data-sheet__cell--title\">Hersteller:<\/td>\n<td class=\"product-detail-data-sheet__cell product-detail-data-sheet__cell--value\">SQlab<\/td>\n<\/tr>\n<tr class=\"product-detail-data-sheet__row\">\n<td class=\"product-detail-data-sheet__cell product-detail-data-sheet__cell--title\">Artikelnummer:<\/td>\n<td class=\"product-detail-data-sheet__cell product-detail-data-sheet__cell--value\">SQL454370<\/td>\n<\/tr>\n<tr class=\"product-detail-data-sheet__row\">\n<td class=\"product-detail-data-sheet__cell product-detail-data-sheet__cell--title\">Aktivit\u00e4t:<\/td>\n<td class=\"product-detail-data-sheet__cell product-detail-data-sheet__cell--value\">Radsport<\/td>\n<\/tr>\n<tr class=\"product-detail-data-sheet__row\">\n<td class=\"product-detail-data-sheet__cell product-detail-data-sheet__cell--title\">Einsatzbereich Radsport:<\/td>\n<td class=\"product-detail-data-sheet__cell product-detail-data-sheet__cell--value\">Rennrad, Mountainbike<\/td>\n<\/tr>\n<tr class=\"product-detail-data-sheet__row\">\n<td class=\"product-detail-data-sheet__cell product-detail-data-sheet__cell--title\">Schienenklemmstil:<\/td>\n<td class=\"product-detail-data-sheet__cell product-detail-data-sheet__cell--value\">Rundschienen<\/td>\n<\/tr>\n<tr class=\"product-detail-data-sheet__row\">\n<td class=\"product-detail-data-sheet__cell product-detail-data-sheet__cell--title\">Druckentlastung:<\/td>\n<td class=\"product-detail-data-sheet__cell product-detail-data-sheet__cell--value\">mit Entlastung \/ Aussparung<\/td>\n<\/tr>\n<tr class=\"product-detail-data-sheet__row\">\n<td class=\"product-detail-data-sheet__cell product-detail-data-sheet__cell--title\">Material Sattelbezug:<\/td>\n<td class=\"product-detail-data-sheet__cell product-detail-data-sheet__cell--value\">Synthetisch<\/td>\n<\/tr>\n<tr class=\"product-detail-data-sheet__row\">\n<td class=\"product-detail-data-sheet__cell product-detail-data-sheet__cell--title\">Material Sattelgestell:<\/td>\n<td class=\"product-detail-data-sheet__cell product-detail-data-sheet__cell--value\">Stahllegierung<\/td>\n<\/tr>\n<tr class=\"product-detail-data-sheet__row\">\n<td class=\"product-detail-data-sheet__cell product-detail-data-sheet__cell--title\">Sattelpolsterung:<\/td>\n<td class=\"product-detail-data-sheet__cell product-detail-data-sheet__cell--value\">mit Polsterung<\/td>\n<\/tr>\n<tr class=\"product-detail-data-sheet__row\">\n<td class=\"product-detail-data-sheet__cell product-detail-data-sheet__cell--title\">Modelljahr:<\/td>\n<td class=\"product-detail-data-sheet__cell product-detail-data-sheet__cell--value\">2022<\/td>\n<\/tr>\n<tr class=\"product-detail-data-sheet__row\">\n<td class=\"product-detail-data-sheet__cell product-detail-data-sheet__cell--title\">Farbe:<\/td>\n<td class=\"product-detail-data-sheet__cell product-detail-data-sheet__cell--value\">Schwarz<\/td>\n<\/tr>\n<tr class=\"product-detail-data-sheet__row\">\n<td class=\"product-detail-data-sheet__cell product-detail-data-sheet__cell--title\">Gewicht:<\/td>\n<td class=\"product-detail-data-sheet__cell product-detail-data-sheet__cell--value\">150g<\/td>\n<\/tr>\n<tr class=\"product-detail-data-sheet__row\">\n<td class=\"product-detail-data-sheet__cell product-detail-data-sheet__cell--title\">Herstellerseite:<\/td>\n<td class=\"product-detail-data-sheet__cell product-detail-data-sheet__cell--value\">http:\/\/www.sq-lab.com\/<\/td>\n<\/tr>\n<\/tbody>\n<\/table>\n<div class=\"jetpack-video-wrapper\"><span class=\"embed-youtube\" style=\"text-align:center; display: block;\"><iframe class=\"youtube-player\" width=\"1200\" height=\"675\" src=\"https:\/\/www.youtube.com\/embed\/GyaQ3ok5Wok?version=3&#038;rel=1&#038;showsearch=0&#038;showinfo=1&#038;iv_load_policy=1&#038;fs=1&#038;hl=de-DE&#038;autohide=2&#038;wmode=transparent\" allowfullscreen=\"true\" style=\"border:0;\" sandbox=\"allow-scripts allow-same-origin allow-popups allow-presentation allow-popups-to-escape-sandbox\"><\/iframe><\/span><\/div>\n<p><a href=\"https:\/\/www.sq-lab.com\/en\/ergonomics\/sqlab-product-concepts\/ergowave\/\" target=\"_blank\" rel=\"noopener noreferrer nofollow\">Mehr \u00fcber <strong>ERGOWAVE\u00ae Ergonomie<\/strong><\/a><\/p>\n<p>&nbsp;<\/p>\n","protected":false},"excerpt":{"rendered":"<h3>Mehr Leistung durch Ergonomie!<\/h3>\n<p>Das hochgezogene Heck bietet mehr Grip und sorgt f\u00fcr eine bessere Kraft\u00fcbertragung auf geraden Strecken und vor allem bergauf. Die kr\u00e4ftige Silhouette und die schmale Sattelnase sorgen f\u00fcr mehr Beinfreiheit, w\u00e4hrend die bew\u00e4hrte SQlab ERGOWAVE\u00ae-Form den Dammbereich sp\u00fcrbar entlastet. Der Bezug ist vor allem extrem leicht, aber auch abriebfest und rutschfest. Die Polsterung ist stark minimiert und besteht aus einem geschlossenzelligen Schaumstoff. Der Komfort ergibt sich aus der Form und dem Flexverhalten zwischen Schienen &#8211; Schale &#8211; Schaum, das als Gesamtsystem aufeinander abgestimmt ist.<\/p>\n<h3>Wesentliche Merkmale<\/h3>\n<ul>\n<li>Unisex-Sattel f\u00fcr M\u00e4nner und Frauen<\/li>\n<li>Wasserabweisender Bezug &amp; superleichte Polsterung<\/li>\n<li>flache &amp; schmale Sattelnase f\u00fcr bessere Druckverteilung<\/li>\n<li>Version mit runden S-Rohrschienen<\/li>\n<\/ul>\n<p>&nbsp;<\/p>\n<h3>Technologien und Innovationen des SQlab 612 Ergowave R<\/h3>\n<h4>ERGOWAVE\u00ae.<\/h4>\n<p>Das ERGOWAVE\u00ae Formular wurde aus einem SQlab-Forschungsprojekt in Zusammenarbeit mit der Fachhochschule Frankfurt und dem Universit\u00e4tsklinikum Frankfurt entwickelt, das vom Bundesministerium f\u00fcr Wirtschaft und Technologie gef\u00f6rdert wurde. Erstmals konnten in einem Forschungsprojekt die auftretenden Kr\u00e4fte und die maximalen Belastungsgrenzen zwischen Mensch und Fahrradsattel bis in die tiefsten Strukturen des K\u00f6rpers berechnet werden. Das Endergebnis ist die ERGOWAVE\u00ae-Sattelform f\u00fcr die sportliche Sitzposition auf dem Rennrad und MTB, mit absoluten Bestwerten unterhalb der Belastungsgrenzen in allen Tests.<\/p>\n<h4>Energie sparen<\/h4>\n<p>Die wellenf\u00f6rmige Erhebung der ERGOWAVE\u00ae-S\u00e4ttel, die sich von hinten nach vorne erstrecken, entspricht perfekt der Form der knolligsten Sitzbein\u00e4ste. Der Fahrer muss keine kr\u00e4ftezehrenden Schutzhaltungen einnehmen. Die gesamte Energie steht f\u00fcr den Antrieb zur Verf\u00fcgung.<\/p>\n<h4>Tief und flach<\/h4>\n<p>Die flache, nur leicht gew\u00f6lbte Form der Sattelnase ergibt eine maximale Auflagefl\u00e4che mit entsprechend wenig Druck. Die Nase ist sehr schmal und die seitliche Reibung w\u00e4hrend der Tretbewegung ist auf ein Minimum reduziert. Diese Form, SQlab MaxContact\u00ae genannt, hat sich in den letzten Jahren bereits in mehreren anderen Rennsportmodellen bew\u00e4hrt und wurde f\u00fcr die ERGOWAVE\u00ae-Serie noch konsequenter umgesetzt.<\/p>\n<h4>Gewicht und Flex optimiert<\/h4>\n<p>Mehr Seitensteifigkeit und perfekt abgestimmtes Material-Flex zur Seite bedeuten mehr Komfort bei gleichzeitig weniger Gewicht.<\/p>\n<p>sehr sportliche Sitzposition auf dem Rennrad und XC<\/p>\n<ul>\n<li>Sattel\u00fcberh\u00f6hung von min. 5 cm<\/li>\n<li>f\u00fcr leistungsorientierte Fahrten und Rennen<\/li>\n<li>stark minimierte, feste Polsterung mit maximaler Beinfreiheit<\/li>\n<li>ab 165 g<\/li>\n<\/ul>\n<p><img decoding=\"async\" class=\"alignnone size-full wp-image-89065\" src=\"https:\/\/bikefit.lu\/wp-content\/uploads\/2022\/10\/sqlab.webp\" alt=\"\" width=\"460\" height=\"84\" srcset=\"https:\/\/bikefit.lu\/wp-content\/uploads\/2022\/10\/sqlab.webp 460w, https:\/\/bikefit.lu\/wp-content\/uploads\/2022\/10\/sqlab-416x76.webp 416w, https:\/\/bikefit.lu\/wp-content\/uploads\/2022\/10\/sqlab-150x27.webp 150w\" sizes=\"(max-width: 460px) 100vw, 460px\" \/><\/p>\n<p><a href=\"https:\/\/www.sq-lab.com\/en\/ergonomics\/sqlab-measurement-concepts\/sit-bone-measurement\/\">Bestimmen Sie Ihre Sattelbreite<\/a><\/p>\n<p><img fetchpriority=\"high\" decoding=\"async\" class=\"alignnone size-medium wp-image-89061\" src=\"https:\/\/bikefit.lu\/wp-content\/uploads\/2022\/10\/sqlab.Bild_.612R.ergowave.active.carbon.sattelbreiten.600x438-411x300.png\" alt=\"\" width=\"411\" height=\"300\" srcset=\"https:\/\/bikefit.lu\/wp-content\/uploads\/2022\/10\/sqlab.Bild_.612R.ergowave.active.carbon.sattelbreiten.600x438-411x300.png 411w, https:\/\/bikefit.lu\/wp-content\/uploads\/2022\/10\/sqlab.Bild_.612R.ergowave.active.carbon.sattelbreiten.600x438-416x304.png 416w, https:\/\/bikefit.lu\/wp-content\/uploads\/2022\/10\/sqlab.Bild_.612R.ergowave.active.carbon.sattelbreiten.600x438-150x110.png 150w, https:\/\/bikefit.lu\/wp-content\/uploads\/2022\/10\/sqlab.Bild_.612R.ergowave.active.carbon.sattelbreiten.600x438.png 600w\" sizes=\"(max-width: 411px) 100vw, 411px\" \/><\/p>\n<p>&nbsp;<\/p>\n<p>&nbsp;<\/p>\n","protected":false},"featured_media":89035,"comment_status":"closed","ping_status":"closed","template":"","meta":[],"product_brand":[],"product_cat":[4789,4836,4771,4774],"product_tag":[4945,5088,5125,5164,5128],"class_list":{"0":"post-79643","1":"product","2":"type-product","3":"status-publish","4":"has-post-thumbnail","6":"product_cat-sale-de","7":"product_cat-kontaktpunkt-becken","8":"product_cat-offroad-contact-point-pelvis-de","9":"product_cat-road-contact-point-pelvis-de","10":"product_tag-612-ergowave-r-s-tube-de-2","11":"product_tag-mtb-race-de","12":"product_tag-road-de","13":"product_tag-saettel","14":"product_tag-sqlab-de","15":"product_shipping_class-large-items-de","16":"pa_width-12-cm-de","17":"pa_width-13-cm-de","18":"pa_width-14-cm-de","20":"first","21":"instock","22":"sale","23":"taxable","24":"shipping-taxable","25":"purchasable","26":"product-type-variable"},"group_of_quantity":0,"min_quantity":0,"max_quantity":"","exclude_order_quantity_value_rules":"no","exclude_category_quantity_rules":"no","combine_variations":"no","yoast_head":"<!-- This site is optimized with the Yoast SEO Premium plugin v27.4 (Yoast SEO v27.4) - https:\/\/yoast.com\/product\/yoast-seo-premium-wordpress\/ -->\n<title>SQlab 612 Ergowave R S-Tube - bikefit.lu<\/title>\n<meta name=\"robots\" content=\"index, follow, max-snippet:-1, max-image-preview:large, max-video-preview:-1\" \/>\n<link rel=\"canonical\" href=\"https:\/\/bikefit.lu\/de\/product\/sqlab-612-ergowave-r-s-tube\/\" \/>\n<meta property=\"og:locale\" content=\"de_DE\" \/>\n<meta property=\"og:type\" content=\"article\" \/>\n<meta property=\"og:title\" content=\"SQlab 612 Ergowave R S-Tube\" \/>\n<meta property=\"og:description\" content=\"Mehr Leistung durch Ergonomie! Das hochgezogene Heck bietet mehr Grip und sorgt f\u00fcr eine bessere Kraft\u00fcbertragung auf geraden Strecken und vor allem bergauf. Die kr\u00e4ftige Silhouette und die schmale Sattelnase sorgen f\u00fcr mehr Beinfreiheit, w\u00e4hrend die bew\u00e4hrte SQlab ERGOWAVE\u00ae-Form den Dammbereich sp\u00fcrbar entlastet. Der Bezug ist vor allem extrem leicht, aber auch abriebfest und rutschfest. Die Polsterung ist stark minimiert und besteht aus einem geschlossenzelligen Schaumstoff. Der Komfort ergibt sich aus der Form und dem Flexverhalten zwischen Schienen - Schale - Schaum, das als Gesamtsystem aufeinander abgestimmt ist. Wesentliche Merkmale  Unisex-Sattel f\u00fcr M\u00e4nner und Frauen  Wasserabweisender Bezug &amp; superleichte Polsterung  flache &amp; schmale Sattelnase f\u00fcr bessere Druckverteilung  Version mit runden S-Rohrschienen &nbsp; Technologien und Innovationen des SQlab 612 Ergowave R ERGOWAVE\u00ae. Das ERGOWAVE\u00ae Formular wurde aus einem SQlab-Forschungsprojekt in Zusammenarbeit mit der Fachhochschule Frankfurt und dem Universit\u00e4tsklinikum Frankfurt entwickelt, das vom Bundesministerium f\u00fcr Wirtschaft und Technologie gef\u00f6rdert wurde. Erstmals konnten in einem Forschungsprojekt die auftretenden Kr\u00e4fte und die maximalen Belastungsgrenzen zwischen Mensch und Fahrradsattel bis in die tiefsten Strukturen des K\u00f6rpers berechnet werden. Das Endergebnis ist die ERGOWAVE\u00ae-Sattelform f\u00fcr die sportliche Sitzposition auf dem Rennrad und MTB, mit absoluten Bestwerten unterhalb der Belastungsgrenzen in allen Tests. Energie sparen Die wellenf\u00f6rmige Erhebung der ERGOWAVE\u00ae-S\u00e4ttel, die sich von hinten nach vorne erstrecken, entspricht perfekt der Form der knolligsten Sitzbein\u00e4ste. Der Fahrer muss keine kr\u00e4ftezehrenden Schutzhaltungen einnehmen. Die gesamte Energie steht f\u00fcr den Antrieb zur Verf\u00fcgung. Tief und flach Die flache, nur leicht gew\u00f6lbte Form der Sattelnase ergibt eine maximale Auflagefl\u00e4che mit entsprechend wenig Druck. Die Nase ist sehr schmal und die seitliche Reibung w\u00e4hrend der Tretbewegung ist auf ein Minimum reduziert. Diese Form, SQlab MaxContact\u00ae genannt, hat sich in den letzten Jahren bereits in mehreren anderen Rennsportmodellen bew\u00e4hrt und wurde f\u00fcr die ERGOWAVE\u00ae-Serie noch konsequenter umgesetzt. Gewicht und Flex optimiert Mehr Seitensteifigkeit und perfekt abgestimmtes Material-Flex zur Seite bedeuten mehr Komfort bei gleichzeitig weniger Gewicht. sehr sportliche Sitzposition auf dem Rennrad und XC  Sattel\u00fcberh\u00f6hung von min. 5 cm  f\u00fcr leistungsorientierte Fahrten und Rennen  stark minimierte, feste Polsterung mit maximaler Beinfreiheit  ab 165 g  Bestimmen Sie Ihre Sattelbreite  &nbsp; &nbsp;\" \/>\n<meta property=\"og:url\" content=\"https:\/\/bikefit.lu\/de\/product\/sqlab-612-ergowave-r-s-tube\/\" \/>\n<meta property=\"og:site_name\" content=\"bikefit.lu\" \/>\n<meta property=\"article:modified_time\" content=\"2025-04-22T16:02:33+00:00\" \/>\n<meta property=\"og:image\" content=\"https:\/\/bikefit.lu\/wp-content\/uploads\/2022\/10\/354553-00-d-761043.jpg\" \/>\n\t<meta property=\"og:image:width\" content=\"900\" \/>\n\t<meta property=\"og:image:height\" content=\"900\" \/>\n\t<meta property=\"og:image:type\" content=\"image\/jpeg\" \/>\n<meta name=\"twitter:card\" content=\"summary_large_image\" \/>\n<meta name=\"twitter:label1\" content=\"Verf\u00fcgbarkeit\" \/>\n\t<meta name=\"twitter:data1\" content=\"Auf Lager\" \/>\n<script type=\"application\/ld+json\" class=\"yoast-schema-graph\">{\"@context\":\"https:\\\/\\\/schema.org\",\"@graph\":[{\"@type\":\"WebPage\",\"@id\":\"https:\\\/\\\/bikefit.lu\\\/de\\\/product\\\/sqlab-612-ergowave-r-s-tube\\\/\",\"url\":\"https:\\\/\\\/bikefit.lu\\\/de\\\/product\\\/sqlab-612-ergowave-r-s-tube\\\/\",\"name\":\"SQlab 612 Ergowave R S-Tube - bikefit.lu\",\"isPartOf\":{\"@id\":\"https:\\\/\\\/bikefit.lu\\\/de\\\/#website\"},\"primaryImageOfPage\":{\"@id\":\"https:\\\/\\\/bikefit.lu\\\/de\\\/product\\\/sqlab-612-ergowave-r-s-tube\\\/#primaryimage\"},\"image\":{\"@id\":\"https:\\\/\\\/bikefit.lu\\\/de\\\/product\\\/sqlab-612-ergowave-r-s-tube\\\/#primaryimage\"},\"thumbnailUrl\":\"https:\\\/\\\/bikefit.lu\\\/wp-content\\\/uploads\\\/2022\\\/10\\\/354553-00-d-761043.jpg\",\"datePublished\":\"2022-10-20T05:05:11+00:00\",\"dateModified\":\"2025-04-22T16:02:33+00:00\",\"breadcrumb\":{\"@id\":\"https:\\\/\\\/bikefit.lu\\\/de\\\/product\\\/sqlab-612-ergowave-r-s-tube\\\/#breadcrumb\"},\"inLanguage\":\"de\",\"potentialAction\":[{\"@type\":\"ReadAction\",\"target\":[\"https:\\\/\\\/bikefit.lu\\\/de\\\/product\\\/sqlab-612-ergowave-r-s-tube\\\/\"]}]},{\"@type\":\"ImageObject\",\"inLanguage\":\"de\",\"@id\":\"https:\\\/\\\/bikefit.lu\\\/de\\\/product\\\/sqlab-612-ergowave-r-s-tube\\\/#primaryimage\",\"url\":\"https:\\\/\\\/bikefit.lu\\\/wp-content\\\/uploads\\\/2022\\\/10\\\/354553-00-d-761043.jpg\",\"contentUrl\":\"https:\\\/\\\/bikefit.lu\\\/wp-content\\\/uploads\\\/2022\\\/10\\\/354553-00-d-761043.jpg\",\"width\":900,\"height\":900},{\"@type\":\"BreadcrumbList\",\"@id\":\"https:\\\/\\\/bikefit.lu\\\/de\\\/product\\\/sqlab-612-ergowave-r-s-tube\\\/#breadcrumb\",\"itemListElement\":[{\"@type\":\"ListItem\",\"position\":1,\"name\":\"Home\",\"item\":\"https:\\\/\\\/bikefit.lu\\\/de\\\/\"},{\"@type\":\"ListItem\",\"position\":2,\"name\":\"Shop\",\"item\":\"https:\\\/\\\/bikefit.lu\\\/de\\\/shop\\\/\"},{\"@type\":\"ListItem\",\"position\":3,\"name\":\"SQlab 612 Ergowave R S-Tube\"}]},{\"@type\":\"WebSite\",\"@id\":\"https:\\\/\\\/bikefit.lu\\\/de\\\/#website\",\"url\":\"https:\\\/\\\/bikefit.lu\\\/de\\\/\",\"name\":\"bikefit.lu\",\"description\":\"IMPROVING CYCLING\",\"publisher\":{\"@id\":\"https:\\\/\\\/bikefit.lu\\\/de\\\/#\\\/schema\\\/person\\\/379af1263474d2f8cd1f41c2bd90273d\"},\"potentialAction\":[{\"@type\":\"SearchAction\",\"target\":{\"@type\":\"EntryPoint\",\"urlTemplate\":\"https:\\\/\\\/bikefit.lu\\\/de\\\/?s={search_term_string}\"},\"query-input\":{\"@type\":\"PropertyValueSpecification\",\"valueRequired\":true,\"valueName\":\"search_term_string\"}}],\"inLanguage\":\"de\"},{\"@type\":[\"Person\",\"Organization\"],\"@id\":\"https:\\\/\\\/bikefit.lu\\\/de\\\/#\\\/schema\\\/person\\\/379af1263474d2f8cd1f41c2bd90273d\",\"name\":\"Patrick Guillaume\",\"image\":{\"@type\":\"ImageObject\",\"inLanguage\":\"de\",\"@id\":\"https:\\\/\\\/bikefit.lu\\\/wp-content\\\/uploads\\\/2024\\\/12\\\/cropped-bikefit-logoURL-RGB-jpg.jpg\",\"url\":\"https:\\\/\\\/bikefit.lu\\\/wp-content\\\/uploads\\\/2024\\\/12\\\/cropped-bikefit-logoURL-RGB-jpg.jpg\",\"contentUrl\":\"https:\\\/\\\/bikefit.lu\\\/wp-content\\\/uploads\\\/2024\\\/12\\\/cropped-bikefit-logoURL-RGB-jpg.jpg\",\"width\":512,\"height\":512,\"caption\":\"Patrick Guillaume\"},\"logo\":{\"@id\":\"https:\\\/\\\/bikefit.lu\\\/wp-content\\\/uploads\\\/2024\\\/12\\\/cropped-bikefit-logoURL-RGB-jpg.jpg\"},\"sameAs\":[\"https:\\\/\\\/bikefit.lu\"],\"honorificPrefix\":\"Mr\",\"birthDate\":\"1966-11-18\",\"gender\":\"male\",\"knowsAbout\":[\"Bike-fitting\"],\"knowsLanguage\":[\"English\",\"French\",\"German\",\"Luxembourgish\"]}]}<\/script>\n<meta property=\"og:availability\" content=\"instock\" \/>\n<meta property=\"product:availability\" content=\"instock\" \/>\n<meta property=\"product:condition\" content=\"new\" \/>\n<!-- \/ Yoast SEO Premium plugin. -->","yoast_head_json":{"title":"SQlab 612 Ergowave R S-Tube - bikefit.lu","robots":{"index":"index","follow":"follow","max-snippet":"max-snippet:-1","max-image-preview":"max-image-preview:large","max-video-preview":"max-video-preview:-1"},"canonical":"https:\/\/bikefit.lu\/de\/product\/sqlab-612-ergowave-r-s-tube\/","og_locale":"de_DE","og_type":"article","og_title":"SQlab 612 Ergowave R S-Tube","og_description":"Mehr Leistung durch Ergonomie! Das hochgezogene Heck bietet mehr Grip und sorgt f\u00fcr eine bessere Kraft\u00fcbertragung auf geraden Strecken und vor allem bergauf. Die kr\u00e4ftige Silhouette und die schmale Sattelnase sorgen f\u00fcr mehr Beinfreiheit, w\u00e4hrend die bew\u00e4hrte SQlab ERGOWAVE\u00ae-Form den Dammbereich sp\u00fcrbar entlastet. Der Bezug ist vor allem extrem leicht, aber auch abriebfest und rutschfest. Die Polsterung ist stark minimiert und besteht aus einem geschlossenzelligen Schaumstoff. Der Komfort ergibt sich aus der Form und dem Flexverhalten zwischen Schienen - Schale - Schaum, das als Gesamtsystem aufeinander abgestimmt ist. Wesentliche Merkmale  Unisex-Sattel f\u00fcr M\u00e4nner und Frauen  Wasserabweisender Bezug &amp; superleichte Polsterung  flache &amp; schmale Sattelnase f\u00fcr bessere Druckverteilung  Version mit runden S-Rohrschienen &nbsp; Technologien und Innovationen des SQlab 612 Ergowave R ERGOWAVE\u00ae. Das ERGOWAVE\u00ae Formular wurde aus einem SQlab-Forschungsprojekt in Zusammenarbeit mit der Fachhochschule Frankfurt und dem Universit\u00e4tsklinikum Frankfurt entwickelt, das vom Bundesministerium f\u00fcr Wirtschaft und Technologie gef\u00f6rdert wurde. Erstmals konnten in einem Forschungsprojekt die auftretenden Kr\u00e4fte und die maximalen Belastungsgrenzen zwischen Mensch und Fahrradsattel bis in die tiefsten Strukturen des K\u00f6rpers berechnet werden. Das Endergebnis ist die ERGOWAVE\u00ae-Sattelform f\u00fcr die sportliche Sitzposition auf dem Rennrad und MTB, mit absoluten Bestwerten unterhalb der Belastungsgrenzen in allen Tests. Energie sparen Die wellenf\u00f6rmige Erhebung der ERGOWAVE\u00ae-S\u00e4ttel, die sich von hinten nach vorne erstrecken, entspricht perfekt der Form der knolligsten Sitzbein\u00e4ste. Der Fahrer muss keine kr\u00e4ftezehrenden Schutzhaltungen einnehmen. Die gesamte Energie steht f\u00fcr den Antrieb zur Verf\u00fcgung. Tief und flach Die flache, nur leicht gew\u00f6lbte Form der Sattelnase ergibt eine maximale Auflagefl\u00e4che mit entsprechend wenig Druck. Die Nase ist sehr schmal und die seitliche Reibung w\u00e4hrend der Tretbewegung ist auf ein Minimum reduziert. Diese Form, SQlab MaxContact\u00ae genannt, hat sich in den letzten Jahren bereits in mehreren anderen Rennsportmodellen bew\u00e4hrt und wurde f\u00fcr die ERGOWAVE\u00ae-Serie noch konsequenter umgesetzt. Gewicht und Flex optimiert Mehr Seitensteifigkeit und perfekt abgestimmtes Material-Flex zur Seite bedeuten mehr Komfort bei gleichzeitig weniger Gewicht. sehr sportliche Sitzposition auf dem Rennrad und XC  Sattel\u00fcberh\u00f6hung von min. 5 cm  f\u00fcr leistungsorientierte Fahrten und Rennen  stark minimierte, feste Polsterung mit maximaler Beinfreiheit  ab 165 g  Bestimmen Sie Ihre Sattelbreite  &nbsp; &nbsp;","og_url":"https:\/\/bikefit.lu\/de\/product\/sqlab-612-ergowave-r-s-tube\/","og_site_name":"bikefit.lu","article_modified_time":"2025-04-22T16:02:33+00:00","og_image":[{"width":900,"height":900,"url":"https:\/\/bikefit.lu\/wp-content\/uploads\/2022\/10\/354553-00-d-761043.jpg","type":"image\/jpeg"}],"twitter_card":"summary_large_image","twitter_misc":{"Verf\u00fcgbarkeit":"Auf Lager"},"schema":{"@context":"https:\/\/schema.org","@graph":[{"@type":"WebPage","@id":"https:\/\/bikefit.lu\/de\/product\/sqlab-612-ergowave-r-s-tube\/","url":"https:\/\/bikefit.lu\/de\/product\/sqlab-612-ergowave-r-s-tube\/","name":"SQlab 612 Ergowave R S-Tube - bikefit.lu","isPartOf":{"@id":"https:\/\/bikefit.lu\/de\/#website"},"primaryImageOfPage":{"@id":"https:\/\/bikefit.lu\/de\/product\/sqlab-612-ergowave-r-s-tube\/#primaryimage"},"image":{"@id":"https:\/\/bikefit.lu\/de\/product\/sqlab-612-ergowave-r-s-tube\/#primaryimage"},"thumbnailUrl":"https:\/\/bikefit.lu\/wp-content\/uploads\/2022\/10\/354553-00-d-761043.jpg","datePublished":"2022-10-20T05:05:11+00:00","dateModified":"2025-04-22T16:02:33+00:00","breadcrumb":{"@id":"https:\/\/bikefit.lu\/de\/product\/sqlab-612-ergowave-r-s-tube\/#breadcrumb"},"inLanguage":"de","potentialAction":[{"@type":"ReadAction","target":["https:\/\/bikefit.lu\/de\/product\/sqlab-612-ergowave-r-s-tube\/"]}]},{"@type":"ImageObject","inLanguage":"de","@id":"https:\/\/bikefit.lu\/de\/product\/sqlab-612-ergowave-r-s-tube\/#primaryimage","url":"https:\/\/bikefit.lu\/wp-content\/uploads\/2022\/10\/354553-00-d-761043.jpg","contentUrl":"https:\/\/bikefit.lu\/wp-content\/uploads\/2022\/10\/354553-00-d-761043.jpg","width":900,"height":900},{"@type":"BreadcrumbList","@id":"https:\/\/bikefit.lu\/de\/product\/sqlab-612-ergowave-r-s-tube\/#breadcrumb","itemListElement":[{"@type":"ListItem","position":1,"name":"Home","item":"https:\/\/bikefit.lu\/de\/"},{"@type":"ListItem","position":2,"name":"Shop","item":"https:\/\/bikefit.lu\/de\/shop\/"},{"@type":"ListItem","position":3,"name":"SQlab 612 Ergowave R S-Tube"}]},{"@type":"WebSite","@id":"https:\/\/bikefit.lu\/de\/#website","url":"https:\/\/bikefit.lu\/de\/","name":"bikefit.lu","description":"IMPROVING CYCLING","publisher":{"@id":"https:\/\/bikefit.lu\/de\/#\/schema\/person\/379af1263474d2f8cd1f41c2bd90273d"},"potentialAction":[{"@type":"SearchAction","target":{"@type":"EntryPoint","urlTemplate":"https:\/\/bikefit.lu\/de\/?s={search_term_string}"},"query-input":{"@type":"PropertyValueSpecification","valueRequired":true,"valueName":"search_term_string"}}],"inLanguage":"de"},{"@type":["Person","Organization"],"@id":"https:\/\/bikefit.lu\/de\/#\/schema\/person\/379af1263474d2f8cd1f41c2bd90273d","name":"Patrick Guillaume","image":{"@type":"ImageObject","inLanguage":"de","@id":"https:\/\/bikefit.lu\/wp-content\/uploads\/2024\/12\/cropped-bikefit-logoURL-RGB-jpg.jpg","url":"https:\/\/bikefit.lu\/wp-content\/uploads\/2024\/12\/cropped-bikefit-logoURL-RGB-jpg.jpg","contentUrl":"https:\/\/bikefit.lu\/wp-content\/uploads\/2024\/12\/cropped-bikefit-logoURL-RGB-jpg.jpg","width":512,"height":512,"caption":"Patrick Guillaume"},"logo":{"@id":"https:\/\/bikefit.lu\/wp-content\/uploads\/2024\/12\/cropped-bikefit-logoURL-RGB-jpg.jpg"},"sameAs":["https:\/\/bikefit.lu"],"honorificPrefix":"Mr","birthDate":"1966-11-18","gender":"male","knowsAbout":["Bike-fitting"],"knowsLanguage":["English","French","German","Luxembourgish"]}]},"og_availability":"instock","product_availability":"instock","product_condition":"new"},"_links":{"self":[{"href":"https:\/\/bikefit.lu\/de\/wp-json\/wp\/v2\/product\/79643","targetHints":{"allow":["GET"]}}],"collection":[{"href":"https:\/\/bikefit.lu\/de\/wp-json\/wp\/v2\/product"}],"about":[{"href":"https:\/\/bikefit.lu\/de\/wp-json\/wp\/v2\/types\/product"}],"replies":[{"embeddable":true,"href":"https:\/\/bikefit.lu\/de\/wp-json\/wp\/v2\/comments?post=79643"}],"version-history":[{"count":0,"href":"https:\/\/bikefit.lu\/de\/wp-json\/wp\/v2\/product\/79643\/revisions"}],"wp:featuredmedia":[{"embeddable":true,"href":"https:\/\/bikefit.lu\/de\/wp-json\/wp\/v2\/media\/89035"}],"wp:attachment":[{"href":"https:\/\/bikefit.lu\/de\/wp-json\/wp\/v2\/media?parent=79643"}],"wp:term":[{"taxonomy":"product_brand","embeddable":true,"href":"https:\/\/bikefit.lu\/de\/wp-json\/wp\/v2\/product_brand?post=79643"},{"taxonomy":"product_cat","embeddable":true,"href":"https:\/\/bikefit.lu\/de\/wp-json\/wp\/v2\/product_cat?post=79643"},{"taxonomy":"product_tag","embeddable":true,"href":"https:\/\/bikefit.lu\/de\/wp-json\/wp\/v2\/product_tag?post=79643"}],"curies":[{"name":"wp","href":"https:\/\/api.w.org\/{rel}","templated":true}]}}