{"id":79742,"date":"2022-01-22T14:24:46","date_gmt":"2022-01-22T14:24:46","guid":{"rendered":"https:\/\/staging.bikefit.lu\/shop\/unkategorisiert\/sqlab-612-ergowave-active-s-tube\/"},"modified":"2022-01-22T14:24:46","modified_gmt":"2022-01-22T14:24:46","slug":"sqlab-612-ergowave-active-s-tube","status":"publish","type":"product","link":"https:\/\/bikefit.lu\/de\/product\/sqlab-612-ergowave-active-s-tube\/","title":{"rendered":"SQlab 612 Ergowave Active S-Tube"},"content":{"rendered":"<ul>\n<li><strong>PERFEKTE PASSFORM<\/strong><br \/>\nDie richtige Sattelbreite ist eine Voraussetzung f\u00fcr maximale Leistung.<br \/>\nErh\u00e4ltlich in den Breiten: 12 \/ 13 \/ 14 \/ 15 cm<\/li>\n<li><strong>SPORTLICHES HECK<\/strong><br \/>\nDas hochgezogene Heck bietet mehr Halt nach hinten und sorgt f\u00fcr eine effiziente Kraft\u00fcbertragung.<\/li>\n<li><strong>ENERGIE SPAREN<\/strong><br \/>\nDie sich vom Heck nach vorne streckende wellenf\u00f6rmige Erhebung der Ergowave\u00ae passt in Ihrer Form perfekt zu den meist bauchigen Sitzbein\u00e4sten. Der Fahrer muss nicht in einer ineffizienten und erm\u00fcdenden Sitzposition verharren, und die gesamte Energie kann f\u00fcr den Vorw\u00e4rtsdrang genutzt werden.<\/li>\n<li><strong>NIEDRIGERE SATTELNASE<\/strong><br \/>\nDie flache und abgesenkte Sattelnase \u00fcbt weniger Druck auf die empfindlichen Bereiche von M\u00e4nnern und Frauen aus.<\/li>\n<li><strong>WARNUNG &#8211; UCI<\/strong><br \/>\n(UCI-Vorschrift: Die durchschnittliche H\u00f6he der Sattelnase darf nicht mehr als 1 cm unter dem h\u00f6chsten Punkt des Sattels liegen). Wir bitten alle Rennradfahrer, die an UCI-regulierten Veranstaltungen teilnehmen, den Sattel so zu montieren, dass die Nase leicht nach oben zeigt. F\u00fcr alle anderen: Genie\u00dfen Sie die vielen Vorteile des ergonomisch perfekten Ergowave\u00ae !<\/li>\n<li><strong>BIOMECHANIK<\/strong><br \/>\nDie Beckenbewegung von bis zu 7\u00b0 wird durch die SQlab active Technology erm\u00f6glicht, die aus biomechanischer Sicht die nat\u00fcrliche Bewegung des Gehens simuliert und die Effizienz der Tretbewegung erh\u00f6ht. Gleichzeitig werden die Bandscheiben entlastet und der Komfort an den Sitzknochen erh\u00f6ht.<\/li>\n<li><strong>EINSTELLBARE AKTIVE TECHNOLOGIE<\/strong><br \/>\nDie bew\u00e4hrte SQlab active Technologie wurde f\u00fcr den Renn- und MTB-Einsatz angepasst und ist nun fester. Erh\u00e4ltlich in drei H\u00e4rten: weich\/mittel\/hart<\/li>\n<li><strong>MITTLERER DIP<\/strong><br \/>\nDie leichte Vertiefung in der Mitte des Sattels reduziert den Druck auf die empfindlichen Strukturen des Dammbereichs.<\/li>\n<li><strong>NIEDRIG UND FLACH<\/strong><br \/>\nDie flache Sattelnase hat eine leichte W\u00f6lbung, die f\u00fcr eine maximale Kontaktfl\u00e4che und damit f\u00fcr weniger Druck sorgt. Diese Form sorgt f\u00fcr eine schmale Sattelnase, die das Scheuern an den Innenseiten der Oberschenkel beim Treten minimiert. Das SQlab MaxContact\u00ae-Konzept hat sich im Laufe der Jahre bei anderen Rennradmodellen bew\u00e4hrt und wurde f\u00fcr die neuen ERGOWAVE\u00ae-Modelle verbessert.<\/li>\n<\/ul>\n","protected":false},"excerpt":{"rendered":"<p>Der 612 Ergowave active mit der aktiven Technologie von SQlab, erh\u00f6htem Hinterbau und einer wellenf\u00f6rmigen Kontur von hinten nach vorne ist perfekt f\u00fcr eine dynamische Fahrposition auf der Stra\u00dfe oder dem Mountainbike.<br \/>\nDer 612 Ergowave active wurde speziell f\u00fcr die Anforderungen von Leistungssportlern und Freizeitfahrern auf der Stra\u00dfe und dem Mountainbike entwickelt. Die wellenf\u00f6rmige Form und der hochgezogene hintere Bereich sorgen f\u00fcr eine perfekte Abst\u00fctzung nach hinten und eine optimale Druckverteilung, die bis tief in die K\u00f6rperstrukturen reicht und eine verbesserte Kraft\u00fcbertragung bewirkt. Die abgesenkte Nase in Kombination mit der Vertiefung sorgt f\u00fcr eine optimale Druckentlastung des Dammbereichs. Die flache, aber schlanke SQlab MaxContact\u00ae-Sattelnase und die feste Polsterung des 612 wurden speziell f\u00fcr die Bed\u00fcrfnisse auf dem Rennrad entwickelt. Die aktive Technologie von SQlab erm\u00f6glicht es dem Sattel, der biomechanischen Bewegung beim Treten zu folgen, was den Komfort erh\u00f6ht, die Bandscheiben mobilisiert und den Druck auf die Sitzknochen reduziert.<\/p>\n<p><a href=\"https:\/\/www.sq-lab.com\/en\/ergonomics\/sqlab-measurement-concepts\/sit-bone-measurement\/\">Bestimmen Sie Ihre Sattelbreite<\/a><\/p>\n<p><img decoding=\"async\" src=\"https:\/\/i0.wp.com\/bikefit.lu\/wp-content\/uploads\/2022\/04\/widths.webp?resize=500%2C219&amp;ssl=1\"><\/p>\n<p><img decoding=\"async\" src=\"https:\/\/i0.wp.com\/bikefit.lu\/wp-content\/uploads\/2022\/01\/stretch_moderate-1.png?resize=460%2C84&amp;ssl=1\"><\/p>\n<p><a href=\"https:\/\/www.sq-lab.com\/en\/ergonomics\/sqlab-product-concepts\/ergowave\/\">Mehr \u00fcber <strong>ERGOWAVE\u00ae Ergonomie<\/strong><\/a><\/p>\n<p>&nbsp;<\/p>\n<p>&nbsp;<\/p>\n<p>https:\/\/youtu.be\/OxIknYHmW0w<\/p>\n","protected":false},"featured_media":89145,"comment_status":"closed","ping_status":"closed","template":"","meta":[],"product_brand":[],"product_cat":[4789,4836,4771,4774],"product_tag":[4942,5088,5125,5164,5128],"class_list":{"0":"post-79742","1":"product","2":"type-product","3":"status-publish","4":"has-post-thumbnail","6":"product_cat-sale-de","7":"product_cat-kontaktpunkt-becken","8":"product_cat-offroad-contact-point-pelvis-de","9":"product_cat-road-contact-point-pelvis-de","10":"product_tag-612-ergowave-active-s-tube-de","11":"product_tag-mtb-race-de","12":"product_tag-road-de","13":"product_tag-saettel","14":"product_tag-sqlab-de","15":"product_shipping_class-large-items-de","16":"pa_width-12-cm-de","17":"pa_width-15-cm-de","19":"first","20":"instock","21":"sale","22":"taxable","23":"shipping-taxable","24":"purchasable","25":"product-type-variable"},"yoast_head":"<!-- This site is optimized with the Yoast SEO Premium plugin v27.3 (Yoast SEO v27.3) - https:\/\/yoast.com\/product\/yoast-seo-premium-wordpress\/ -->\n<title>SQlab 612 Ergowave Active S-Tube - bikefit.lu<\/title>\n<meta name=\"robots\" content=\"index, follow, max-snippet:-1, max-image-preview:large, max-video-preview:-1\" \/>\n<link rel=\"canonical\" href=\"https:\/\/bikefit.lu\/de\/product\/sqlab-612-ergowave-active-s-tube\/\" \/>\n<meta property=\"og:locale\" content=\"de_DE\" \/>\n<meta property=\"og:type\" content=\"article\" \/>\n<meta property=\"og:title\" content=\"SQlab 612 Ergowave Active S-Tube\" \/>\n<meta property=\"og:description\" content=\"Der 612 Ergowave active mit der aktiven Technologie von SQlab, erh\u00f6htem Hinterbau und einer wellenf\u00f6rmigen Kontur von hinten nach vorne ist perfekt f\u00fcr eine dynamische Fahrposition auf der Stra\u00dfe oder dem Mountainbike. Der 612 Ergowave active wurde speziell f\u00fcr die Anforderungen von Leistungssportlern und Freizeitfahrern auf der Stra\u00dfe und dem Mountainbike entwickelt. Die wellenf\u00f6rmige Form und der hochgezogene hintere Bereich sorgen f\u00fcr eine perfekte Abst\u00fctzung nach hinten und eine optimale Druckverteilung, die bis tief in die K\u00f6rperstrukturen reicht und eine verbesserte Kraft\u00fcbertragung bewirkt. Die abgesenkte Nase in Kombination mit der Vertiefung sorgt f\u00fcr eine optimale Druckentlastung des Dammbereichs. Die flache, aber schlanke SQlab MaxContact\u00ae-Sattelnase und die feste Polsterung des 612 wurden speziell f\u00fcr die Bed\u00fcrfnisse auf dem Rennrad entwickelt. Die aktive Technologie von SQlab erm\u00f6glicht es dem Sattel, der biomechanischen Bewegung beim Treten zu folgen, was den Komfort erh\u00f6ht, die Bandscheiben mobilisiert und den Druck auf die Sitzknochen reduziert. Bestimmen Sie Ihre Sattelbreite   Mehr \u00fcber ERGOWAVE\u00ae Ergonomie &nbsp; &nbsp; https:\/\/youtu.be\/OxIknYHmW0w\" \/>\n<meta property=\"og:url\" content=\"https:\/\/bikefit.lu\/de\/product\/sqlab-612-ergowave-active-s-tube\/\" \/>\n<meta property=\"og:site_name\" content=\"bikefit.lu\" \/>\n<meta property=\"og:image\" content=\"https:\/\/bikefit.lu\/wp-content\/uploads\/2022\/01\/sqlab-sattel-612-ergowave-active-1-893109.jpg\" \/>\n\t<meta property=\"og:image:width\" content=\"720\" \/>\n\t<meta property=\"og:image:height\" content=\"720\" \/>\n\t<meta property=\"og:image:type\" content=\"image\/jpeg\" \/>\n<meta name=\"twitter:card\" content=\"summary_large_image\" \/>\n<meta name=\"twitter:label1\" content=\"Verf\u00fcgbarkeit\" \/>\n\t<meta name=\"twitter:data1\" content=\"Auf Lager\" \/>\n<script type=\"application\/ld+json\" class=\"yoast-schema-graph\">{\"@context\":\"https:\\\/\\\/schema.org\",\"@graph\":[{\"@type\":\"WebPage\",\"@id\":\"https:\\\/\\\/bikefit.lu\\\/de\\\/product\\\/sqlab-612-ergowave-active-s-tube\\\/\",\"url\":\"https:\\\/\\\/bikefit.lu\\\/de\\\/product\\\/sqlab-612-ergowave-active-s-tube\\\/\",\"name\":\"SQlab 612 Ergowave Active S-Tube - bikefit.lu\",\"isPartOf\":{\"@id\":\"https:\\\/\\\/bikefit.lu\\\/de\\\/#website\"},\"primaryImageOfPage\":{\"@id\":\"https:\\\/\\\/bikefit.lu\\\/de\\\/product\\\/sqlab-612-ergowave-active-s-tube\\\/#primaryimage\"},\"image\":{\"@id\":\"https:\\\/\\\/bikefit.lu\\\/de\\\/product\\\/sqlab-612-ergowave-active-s-tube\\\/#primaryimage\"},\"thumbnailUrl\":\"https:\\\/\\\/bikefit.lu\\\/wp-content\\\/uploads\\\/2022\\\/01\\\/sqlab-sattel-612-ergowave-active-1-893109.jpg\",\"datePublished\":\"2022-01-22T14:24:46+00:00\",\"breadcrumb\":{\"@id\":\"https:\\\/\\\/bikefit.lu\\\/de\\\/product\\\/sqlab-612-ergowave-active-s-tube\\\/#breadcrumb\"},\"inLanguage\":\"de\",\"potentialAction\":[{\"@type\":\"ReadAction\",\"target\":[\"https:\\\/\\\/bikefit.lu\\\/de\\\/product\\\/sqlab-612-ergowave-active-s-tube\\\/\"]}]},{\"@type\":\"ImageObject\",\"inLanguage\":\"de\",\"@id\":\"https:\\\/\\\/bikefit.lu\\\/de\\\/product\\\/sqlab-612-ergowave-active-s-tube\\\/#primaryimage\",\"url\":\"https:\\\/\\\/bikefit.lu\\\/wp-content\\\/uploads\\\/2022\\\/01\\\/sqlab-sattel-612-ergowave-active-1-893109.jpg\",\"contentUrl\":\"https:\\\/\\\/bikefit.lu\\\/wp-content\\\/uploads\\\/2022\\\/01\\\/sqlab-sattel-612-ergowave-active-1-893109.jpg\",\"width\":720,\"height\":720},{\"@type\":\"BreadcrumbList\",\"@id\":\"https:\\\/\\\/bikefit.lu\\\/de\\\/product\\\/sqlab-612-ergowave-active-s-tube\\\/#breadcrumb\",\"itemListElement\":[{\"@type\":\"ListItem\",\"position\":1,\"name\":\"Home\",\"item\":\"https:\\\/\\\/bikefit.lu\\\/de\\\/\"},{\"@type\":\"ListItem\",\"position\":2,\"name\":\"Produkte\",\"item\":\"https:\\\/\\\/bikefit.lu\\\/de\\\/shop\\\/\"},{\"@type\":\"ListItem\",\"position\":3,\"name\":\"SQlab 612 Ergowave Active S-Tube\"}]},{\"@type\":\"WebSite\",\"@id\":\"https:\\\/\\\/bikefit.lu\\\/de\\\/#website\",\"url\":\"https:\\\/\\\/bikefit.lu\\\/de\\\/\",\"name\":\"bikefit.lu\",\"description\":\"IMPROVING CYCLING\",\"publisher\":{\"@id\":\"https:\\\/\\\/bikefit.lu\\\/de\\\/#\\\/schema\\\/person\\\/379af1263474d2f8cd1f41c2bd90273d\"},\"potentialAction\":[{\"@type\":\"SearchAction\",\"target\":{\"@type\":\"EntryPoint\",\"urlTemplate\":\"https:\\\/\\\/bikefit.lu\\\/de\\\/?s={search_term_string}\"},\"query-input\":{\"@type\":\"PropertyValueSpecification\",\"valueRequired\":true,\"valueName\":\"search_term_string\"}}],\"inLanguage\":\"de\"},{\"@type\":[\"Person\",\"Organization\"],\"@id\":\"https:\\\/\\\/bikefit.lu\\\/de\\\/#\\\/schema\\\/person\\\/379af1263474d2f8cd1f41c2bd90273d\",\"name\":\"Patrick Guillaume\",\"image\":{\"@type\":\"ImageObject\",\"inLanguage\":\"de\",\"@id\":\"https:\\\/\\\/bikefit.lu\\\/wp-content\\\/uploads\\\/2024\\\/12\\\/cropped-bikefit-logoURL-RGB-jpg.jpg\",\"url\":\"https:\\\/\\\/bikefit.lu\\\/wp-content\\\/uploads\\\/2024\\\/12\\\/cropped-bikefit-logoURL-RGB-jpg.jpg\",\"contentUrl\":\"https:\\\/\\\/bikefit.lu\\\/wp-content\\\/uploads\\\/2024\\\/12\\\/cropped-bikefit-logoURL-RGB-jpg.jpg\",\"width\":512,\"height\":512,\"caption\":\"Patrick Guillaume\"},\"logo\":{\"@id\":\"https:\\\/\\\/bikefit.lu\\\/wp-content\\\/uploads\\\/2024\\\/12\\\/cropped-bikefit-logoURL-RGB-jpg.jpg\"},\"sameAs\":[\"https:\\\/\\\/bikefit.lu\"],\"honorificPrefix\":\"Mr\",\"birthDate\":\"1966-11-18\",\"gender\":\"male\",\"knowsAbout\":[\"Bike-fitting\"],\"knowsLanguage\":[\"English\",\"French\",\"German\",\"Luxembourgish\"]}]}<\/script>\n<meta property=\"og:availability\" content=\"instock\" \/>\n<meta property=\"product:availability\" content=\"instock\" \/>\n<meta property=\"product:condition\" content=\"new\" \/>\n<!-- \/ Yoast SEO Premium plugin. -->","yoast_head_json":{"title":"SQlab 612 Ergowave Active S-Tube - bikefit.lu","robots":{"index":"index","follow":"follow","max-snippet":"max-snippet:-1","max-image-preview":"max-image-preview:large","max-video-preview":"max-video-preview:-1"},"canonical":"https:\/\/bikefit.lu\/de\/product\/sqlab-612-ergowave-active-s-tube\/","og_locale":"de_DE","og_type":"article","og_title":"SQlab 612 Ergowave Active S-Tube","og_description":"Der 612 Ergowave active mit der aktiven Technologie von SQlab, erh\u00f6htem Hinterbau und einer wellenf\u00f6rmigen Kontur von hinten nach vorne ist perfekt f\u00fcr eine dynamische Fahrposition auf der Stra\u00dfe oder dem Mountainbike. Der 612 Ergowave active wurde speziell f\u00fcr die Anforderungen von Leistungssportlern und Freizeitfahrern auf der Stra\u00dfe und dem Mountainbike entwickelt. Die wellenf\u00f6rmige Form und der hochgezogene hintere Bereich sorgen f\u00fcr eine perfekte Abst\u00fctzung nach hinten und eine optimale Druckverteilung, die bis tief in die K\u00f6rperstrukturen reicht und eine verbesserte Kraft\u00fcbertragung bewirkt. Die abgesenkte Nase in Kombination mit der Vertiefung sorgt f\u00fcr eine optimale Druckentlastung des Dammbereichs. Die flache, aber schlanke SQlab MaxContact\u00ae-Sattelnase und die feste Polsterung des 612 wurden speziell f\u00fcr die Bed\u00fcrfnisse auf dem Rennrad entwickelt. Die aktive Technologie von SQlab erm\u00f6glicht es dem Sattel, der biomechanischen Bewegung beim Treten zu folgen, was den Komfort erh\u00f6ht, die Bandscheiben mobilisiert und den Druck auf die Sitzknochen reduziert. Bestimmen Sie Ihre Sattelbreite   Mehr \u00fcber ERGOWAVE\u00ae Ergonomie &nbsp; &nbsp; https:\/\/youtu.be\/OxIknYHmW0w","og_url":"https:\/\/bikefit.lu\/de\/product\/sqlab-612-ergowave-active-s-tube\/","og_site_name":"bikefit.lu","og_image":[{"width":720,"height":720,"url":"https:\/\/bikefit.lu\/wp-content\/uploads\/2022\/01\/sqlab-sattel-612-ergowave-active-1-893109.jpg","type":"image\/jpeg"}],"twitter_card":"summary_large_image","twitter_misc":{"Verf\u00fcgbarkeit":"Auf Lager"},"schema":{"@context":"https:\/\/schema.org","@graph":[{"@type":"WebPage","@id":"https:\/\/bikefit.lu\/de\/product\/sqlab-612-ergowave-active-s-tube\/","url":"https:\/\/bikefit.lu\/de\/product\/sqlab-612-ergowave-active-s-tube\/","name":"SQlab 612 Ergowave Active S-Tube - bikefit.lu","isPartOf":{"@id":"https:\/\/bikefit.lu\/de\/#website"},"primaryImageOfPage":{"@id":"https:\/\/bikefit.lu\/de\/product\/sqlab-612-ergowave-active-s-tube\/#primaryimage"},"image":{"@id":"https:\/\/bikefit.lu\/de\/product\/sqlab-612-ergowave-active-s-tube\/#primaryimage"},"thumbnailUrl":"https:\/\/bikefit.lu\/wp-content\/uploads\/2022\/01\/sqlab-sattel-612-ergowave-active-1-893109.jpg","datePublished":"2022-01-22T14:24:46+00:00","breadcrumb":{"@id":"https:\/\/bikefit.lu\/de\/product\/sqlab-612-ergowave-active-s-tube\/#breadcrumb"},"inLanguage":"de","potentialAction":[{"@type":"ReadAction","target":["https:\/\/bikefit.lu\/de\/product\/sqlab-612-ergowave-active-s-tube\/"]}]},{"@type":"ImageObject","inLanguage":"de","@id":"https:\/\/bikefit.lu\/de\/product\/sqlab-612-ergowave-active-s-tube\/#primaryimage","url":"https:\/\/bikefit.lu\/wp-content\/uploads\/2022\/01\/sqlab-sattel-612-ergowave-active-1-893109.jpg","contentUrl":"https:\/\/bikefit.lu\/wp-content\/uploads\/2022\/01\/sqlab-sattel-612-ergowave-active-1-893109.jpg","width":720,"height":720},{"@type":"BreadcrumbList","@id":"https:\/\/bikefit.lu\/de\/product\/sqlab-612-ergowave-active-s-tube\/#breadcrumb","itemListElement":[{"@type":"ListItem","position":1,"name":"Home","item":"https:\/\/bikefit.lu\/de\/"},{"@type":"ListItem","position":2,"name":"Produkte","item":"https:\/\/bikefit.lu\/de\/shop\/"},{"@type":"ListItem","position":3,"name":"SQlab 612 Ergowave Active S-Tube"}]},{"@type":"WebSite","@id":"https:\/\/bikefit.lu\/de\/#website","url":"https:\/\/bikefit.lu\/de\/","name":"bikefit.lu","description":"IMPROVING CYCLING","publisher":{"@id":"https:\/\/bikefit.lu\/de\/#\/schema\/person\/379af1263474d2f8cd1f41c2bd90273d"},"potentialAction":[{"@type":"SearchAction","target":{"@type":"EntryPoint","urlTemplate":"https:\/\/bikefit.lu\/de\/?s={search_term_string}"},"query-input":{"@type":"PropertyValueSpecification","valueRequired":true,"valueName":"search_term_string"}}],"inLanguage":"de"},{"@type":["Person","Organization"],"@id":"https:\/\/bikefit.lu\/de\/#\/schema\/person\/379af1263474d2f8cd1f41c2bd90273d","name":"Patrick Guillaume","image":{"@type":"ImageObject","inLanguage":"de","@id":"https:\/\/bikefit.lu\/wp-content\/uploads\/2024\/12\/cropped-bikefit-logoURL-RGB-jpg.jpg","url":"https:\/\/bikefit.lu\/wp-content\/uploads\/2024\/12\/cropped-bikefit-logoURL-RGB-jpg.jpg","contentUrl":"https:\/\/bikefit.lu\/wp-content\/uploads\/2024\/12\/cropped-bikefit-logoURL-RGB-jpg.jpg","width":512,"height":512,"caption":"Patrick Guillaume"},"logo":{"@id":"https:\/\/bikefit.lu\/wp-content\/uploads\/2024\/12\/cropped-bikefit-logoURL-RGB-jpg.jpg"},"sameAs":["https:\/\/bikefit.lu"],"honorificPrefix":"Mr","birthDate":"1966-11-18","gender":"male","knowsAbout":["Bike-fitting"],"knowsLanguage":["English","French","German","Luxembourgish"]}]},"og_availability":"instock","product_availability":"instock","product_condition":"new"},"_links":{"self":[{"href":"https:\/\/bikefit.lu\/de\/wp-json\/wp\/v2\/product\/79742","targetHints":{"allow":["GET"]}}],"collection":[{"href":"https:\/\/bikefit.lu\/de\/wp-json\/wp\/v2\/product"}],"about":[{"href":"https:\/\/bikefit.lu\/de\/wp-json\/wp\/v2\/types\/product"}],"replies":[{"embeddable":true,"href":"https:\/\/bikefit.lu\/de\/wp-json\/wp\/v2\/comments?post=79742"}],"version-history":[{"count":0,"href":"https:\/\/bikefit.lu\/de\/wp-json\/wp\/v2\/product\/79742\/revisions"}],"wp:featuredmedia":[{"embeddable":true,"href":"https:\/\/bikefit.lu\/de\/wp-json\/wp\/v2\/media\/89145"}],"wp:attachment":[{"href":"https:\/\/bikefit.lu\/de\/wp-json\/wp\/v2\/media?parent=79742"}],"wp:term":[{"taxonomy":"product_brand","embeddable":true,"href":"https:\/\/bikefit.lu\/de\/wp-json\/wp\/v2\/product_brand?post=79742"},{"taxonomy":"product_cat","embeddable":true,"href":"https:\/\/bikefit.lu\/de\/wp-json\/wp\/v2\/product_cat?post=79742"},{"taxonomy":"product_tag","embeddable":true,"href":"https:\/\/bikefit.lu\/de\/wp-json\/wp\/v2\/product_tag?post=79742"}],"curies":[{"name":"wp","href":"https:\/\/api.w.org\/{rel}","templated":true}]}}