{"id":79752,"date":"2020-12-19T09:30:40","date_gmt":"2020-12-19T09:30:40","guid":{"rendered":"https:\/\/staging.bikefit.lu\/shop\/unkategorisiert\/gebiomized-stride\/"},"modified":"2025-06-10T23:18:52","modified_gmt":"2025-06-10T21:18:52","slug":"gebiomized-stride","status":"publish","type":"product","link":"https:\/\/bikefit.lu\/de\/product\/gebiomized-stride\/","title":{"rendered":"gebioMized Stride"},"content":{"rendered":"<p><strong>FORM<\/strong><\/p>\n<p>Die ideale Mischung aus gro\u00dfer Kontaktfl\u00e4che f\u00fcr mehr Komfort und viel Beinfreiheit f\u00fcr eine bessere Aerodynamik. Der Sattel wird in der Mitte ziemlich schmal gehalten, sodass sich das Becken stark nach vorne drehen kann und gleichzeitig die unbeliebten Sattelverschiebungen reduziert werden. Selbst in einer aerodynamisch optimierten Position sitzt der Athlet etwas weiter hinten, was zu einer gr\u00f6\u00dferen Kontaktfl\u00e4che und mehr Komfort f\u00fchrt.<\/p>\n<p><strong>MATERIAL<\/strong><\/p>\n<ul>\n<li>Schale<strong style=\"font-style: inherit;\">:<\/strong> Zusammensetzung aus Kohlenstoff und Nylon<\/li>\n<li>Schaum<strong style=\"font-style: inherit;\">:<\/strong> High-End-EVA-Schaum f\u00fcr lange Fahrten<\/li>\n<li>Schienen: Titanschienen mit verbesserter D\u00e4mpfung<\/li>\n<\/ul>\n<p><strong>DIMENSIONEN<\/strong><\/p>\n<ul>\n<li>Stride N + S<strong style=\"font-style: inherit;\">:<\/strong> 245 x 130 mm<\/li>\n<\/ul>\n<p><strong>GEWICHT<\/strong><\/p>\n<ul>\n<li>Stride N + S<strong style=\"font-style: inherit;\">:<\/strong> ungef\u00e4hr 260 g<\/li>\n<\/ul>\n","protected":false},"excerpt":{"rendered":"<p><strong>WENN KOMFORT AERO WIRD<\/strong><\/p>\n<p>gebioMized Stride ist die Antwort auf die Grundprobleme von Triathleten und Zeitfahrern \u2013 besonders bei den wirklich langen Rennen \u2013 und nat\u00fcrlich das Training. Denn der Stride wurde nicht nur entwickelt, um das unpopul\u00e4re \u201eVerschieben\u201c zu minimieren, d. H. Das kontinuierliche Vorw\u00e4rtsgleiten auf dem Sattel und das aktive Zur\u00fcckschieben. Dank seiner besonderen Form erm\u00f6glicht es auch zwei verschiedene Fahrpositionen bei gleichem Bike-Setup. Besonders Langstrecken-Triathleten wissen, wie wertvoll diese Funktion sein kann. Und weil wir wissen, dass verschiedene Athleten Druck unterschiedlich wahrnehmen, wird der Stride in zwei Dichten erh\u00e4ltlich sein: Stride N mit neutraler Standarddichte und Stride S, die etwas weichere Version.    <\/p>\n<p>&nbsp;<\/p>\n<p><strong>REFERENZEN<\/strong><\/p>\n<p><strong>ANNE HAUG<\/strong>, professionelle Triathletin<\/p>\n<p>\u201eDer Sattel hilft mir, meine Aero-Position l\u00e4nger zu halten. Mein Becken ist recht stabil. Dadurch kann ich die gesamte Kraft, die ich investiere, auf das Pedal \u00fcbertragen werden. Das bedeutet sowohl Leistungs- als auch Komfortgewinne.\u201c<\/p>\n<p><strong style=\"font-style: inherit;\"><em>Erfolge<\/em><\/strong>: Ironman-Weltmeister Hawaii 2019 | Bronze 70.3 Weltmeisterschaften 2018 | Gewinner Ironman Kopenhagen 2019 | Deutscher Rekord: 8:31:32<\/p>\n<p>Wahl der Waffen<strong style=\"font-style: inherit;\">:<\/strong> gebioMized Stride S (Triathlon) | gebioMized Area 145 Kanal (Stra\u00dfe)<\/p>\n<p>&nbsp;<\/p>\n<p><strong>DANIELA BLEYMEHL<\/strong>, professionelle Triathletin<\/p>\n<p>\u201eNachdem ich den Sattel im Labor ausprobiert hatte, war ich erstaunt \u00fcber seine Leistung in der\u201a realen Welt \u2018. Ich kann mir nicht mehr vorstellen, ohne zu fahren. Ich liebe ihn wirklich.\u201d<\/p>\n<p><em>Erfolge<\/em><strong style=\"font-style: inherit;\">:<\/strong> Winner Challenge Roth 2018 | Gewinner Ironman Italien 2018 | Gewinner Ironman Hamburg 2017<\/p>\n<p>Wahl der Waffen : gebioMized Stride N (Triathlon) | gebioMized Sleak 145 Channel (Stra\u00dfe)<\/p>\n","protected":false},"featured_media":88854,"comment_status":"closed","ping_status":"closed","template":"","meta":[],"product_brand":[],"product_cat":[4836,4778],"product_tag":[5210,5164,5150,5182,5194],"class_list":{"0":"post-79752","1":"product","2":"type-product","3":"status-publish","4":"has-post-thumbnail","6":"product_cat-kontaktpunkt-becken","7":"product_cat-tri-tt-en-de","8":"product_tag-gebiomized-de","9":"product_tag-saettel","10":"product_tag-stride-de","11":"product_tag-triathlon-de","12":"product_tag-zeitfahren","13":"product_shipping_class-large-items-de","15":"first","16":"instock","17":"taxable","18":"shipping-taxable","19":"purchasable","20":"product-type-variable"},"yoast_head":"<!-- This site is optimized with the Yoast SEO Premium plugin v27.3 (Yoast SEO v27.3) - https:\/\/yoast.com\/product\/yoast-seo-premium-wordpress\/ -->\n<title>gebioMized Stride - bikefit.lu<\/title>\n<meta name=\"robots\" content=\"index, follow, max-snippet:-1, max-image-preview:large, max-video-preview:-1\" \/>\n<link rel=\"canonical\" href=\"https:\/\/bikefit.lu\/de\/product\/gebiomized-stride\/\" \/>\n<meta property=\"og:locale\" content=\"de_DE\" \/>\n<meta property=\"og:type\" content=\"article\" \/>\n<meta property=\"og:title\" content=\"gebioMized Stride\" \/>\n<meta property=\"og:description\" content=\"WENN KOMFORT AERO WIRD gebioMized Stride ist die Antwort auf die Grundprobleme von Triathleten und Zeitfahrern \u2013 besonders bei den wirklich langen Rennen \u2013 und nat\u00fcrlich das Training. Denn der Stride wurde nicht nur entwickelt, um das unpopul\u00e4re \u201eVerschieben\u201c zu minimieren, d. H. Das kontinuierliche Vorw\u00e4rtsgleiten auf dem Sattel und das aktive Zur\u00fcckschieben. Dank seiner besonderen Form erm\u00f6glicht es auch zwei verschiedene Fahrpositionen bei gleichem Bike-Setup. Besonders Langstrecken-Triathleten wissen, wie wertvoll diese Funktion sein kann. Und weil wir wissen, dass verschiedene Athleten Druck unterschiedlich wahrnehmen, wird der Stride in zwei Dichten erh\u00e4ltlich sein: Stride N mit neutraler Standarddichte und Stride S, die etwas weichere Version.   &nbsp; REFERENZEN ANNE HAUG, professionelle Triathletin \u201eDer Sattel hilft mir, meine Aero-Position l\u00e4nger zu halten. Mein Becken ist recht stabil. Dadurch kann ich die gesamte Kraft, die ich investiere, auf das Pedal \u00fcbertragen werden. Das bedeutet sowohl Leistungs- als auch Komfortgewinne.\u201c Erfolge: Ironman-Weltmeister Hawaii 2019 | Bronze 70.3 Weltmeisterschaften 2018 | Gewinner Ironman Kopenhagen 2019 | Deutscher Rekord: 8:31:32 Wahl der Waffen: gebioMized Stride S (Triathlon) | gebioMized Area 145 Kanal (Stra\u00dfe) &nbsp; DANIELA BLEYMEHL, professionelle Triathletin \u201eNachdem ich den Sattel im Labor ausprobiert hatte, war ich erstaunt \u00fcber seine Leistung in der\u201a realen Welt \u2018. Ich kann mir nicht mehr vorstellen, ohne zu fahren. Ich liebe ihn wirklich.\u201d Erfolge: Winner Challenge Roth 2018 | Gewinner Ironman Italien 2018 | Gewinner Ironman Hamburg 2017 Wahl der Waffen : gebioMized Stride N (Triathlon) | gebioMized Sleak 145 Channel (Stra\u00dfe)\" \/>\n<meta property=\"og:url\" content=\"https:\/\/bikefit.lu\/de\/product\/gebiomized-stride\/\" \/>\n<meta property=\"og:site_name\" content=\"bikefit.lu\" \/>\n<meta property=\"article:modified_time\" content=\"2025-06-10T21:18:52+00:00\" \/>\n<meta property=\"og:image\" content=\"https:\/\/bikefit.lu\/wp-content\/uploads\/2022\/06\/1920x1280_stride_IMG_8096-1030x687-1.jpg\" \/>\n\t<meta property=\"og:image:width\" content=\"1030\" \/>\n\t<meta property=\"og:image:height\" content=\"687\" \/>\n\t<meta property=\"og:image:type\" content=\"image\/jpeg\" \/>\n<meta name=\"twitter:card\" content=\"summary_large_image\" \/>\n<meta name=\"twitter:label1\" content=\"Verf\u00fcgbarkeit\" \/>\n\t<meta name=\"twitter:data1\" content=\"Auf Lager\" \/>\n<script type=\"application\/ld+json\" class=\"yoast-schema-graph\">{\"@context\":\"https:\\\/\\\/schema.org\",\"@graph\":[{\"@type\":\"WebPage\",\"@id\":\"https:\\\/\\\/bikefit.lu\\\/de\\\/product\\\/gebiomized-stride\\\/\",\"url\":\"https:\\\/\\\/bikefit.lu\\\/de\\\/product\\\/gebiomized-stride\\\/\",\"name\":\"gebioMized Stride - bikefit.lu\",\"isPartOf\":{\"@id\":\"https:\\\/\\\/bikefit.lu\\\/de\\\/#website\"},\"primaryImageOfPage\":{\"@id\":\"https:\\\/\\\/bikefit.lu\\\/de\\\/product\\\/gebiomized-stride\\\/#primaryimage\"},\"image\":{\"@id\":\"https:\\\/\\\/bikefit.lu\\\/de\\\/product\\\/gebiomized-stride\\\/#primaryimage\"},\"thumbnailUrl\":\"https:\\\/\\\/bikefit.lu\\\/wp-content\\\/uploads\\\/2022\\\/06\\\/1920x1280_stride_IMG_8096-1030x687-1.jpg\",\"datePublished\":\"2020-12-19T09:30:40+00:00\",\"dateModified\":\"2025-06-10T21:18:52+00:00\",\"breadcrumb\":{\"@id\":\"https:\\\/\\\/bikefit.lu\\\/de\\\/product\\\/gebiomized-stride\\\/#breadcrumb\"},\"inLanguage\":\"de\",\"potentialAction\":[{\"@type\":\"ReadAction\",\"target\":[\"https:\\\/\\\/bikefit.lu\\\/de\\\/product\\\/gebiomized-stride\\\/\"]}]},{\"@type\":\"ImageObject\",\"inLanguage\":\"de\",\"@id\":\"https:\\\/\\\/bikefit.lu\\\/de\\\/product\\\/gebiomized-stride\\\/#primaryimage\",\"url\":\"https:\\\/\\\/bikefit.lu\\\/wp-content\\\/uploads\\\/2022\\\/06\\\/1920x1280_stride_IMG_8096-1030x687-1.jpg\",\"contentUrl\":\"https:\\\/\\\/bikefit.lu\\\/wp-content\\\/uploads\\\/2022\\\/06\\\/1920x1280_stride_IMG_8096-1030x687-1.jpg\",\"width\":1030,\"height\":687},{\"@type\":\"BreadcrumbList\",\"@id\":\"https:\\\/\\\/bikefit.lu\\\/de\\\/product\\\/gebiomized-stride\\\/#breadcrumb\",\"itemListElement\":[{\"@type\":\"ListItem\",\"position\":1,\"name\":\"Home\",\"item\":\"https:\\\/\\\/bikefit.lu\\\/de\\\/\"},{\"@type\":\"ListItem\",\"position\":2,\"name\":\"Produkte\",\"item\":\"https:\\\/\\\/bikefit.lu\\\/de\\\/shop\\\/\"},{\"@type\":\"ListItem\",\"position\":3,\"name\":\"gebioMized Stride\"}]},{\"@type\":\"WebSite\",\"@id\":\"https:\\\/\\\/bikefit.lu\\\/de\\\/#website\",\"url\":\"https:\\\/\\\/bikefit.lu\\\/de\\\/\",\"name\":\"bikefit.lu\",\"description\":\"IMPROVING CYCLING\",\"publisher\":{\"@id\":\"https:\\\/\\\/bikefit.lu\\\/de\\\/#\\\/schema\\\/person\\\/379af1263474d2f8cd1f41c2bd90273d\"},\"potentialAction\":[{\"@type\":\"SearchAction\",\"target\":{\"@type\":\"EntryPoint\",\"urlTemplate\":\"https:\\\/\\\/bikefit.lu\\\/de\\\/?s={search_term_string}\"},\"query-input\":{\"@type\":\"PropertyValueSpecification\",\"valueRequired\":true,\"valueName\":\"search_term_string\"}}],\"inLanguage\":\"de\"},{\"@type\":[\"Person\",\"Organization\"],\"@id\":\"https:\\\/\\\/bikefit.lu\\\/de\\\/#\\\/schema\\\/person\\\/379af1263474d2f8cd1f41c2bd90273d\",\"name\":\"Patrick Guillaume\",\"image\":{\"@type\":\"ImageObject\",\"inLanguage\":\"de\",\"@id\":\"https:\\\/\\\/bikefit.lu\\\/wp-content\\\/uploads\\\/2024\\\/12\\\/cropped-bikefit-logoURL-RGB-jpg.jpg\",\"url\":\"https:\\\/\\\/bikefit.lu\\\/wp-content\\\/uploads\\\/2024\\\/12\\\/cropped-bikefit-logoURL-RGB-jpg.jpg\",\"contentUrl\":\"https:\\\/\\\/bikefit.lu\\\/wp-content\\\/uploads\\\/2024\\\/12\\\/cropped-bikefit-logoURL-RGB-jpg.jpg\",\"width\":512,\"height\":512,\"caption\":\"Patrick Guillaume\"},\"logo\":{\"@id\":\"https:\\\/\\\/bikefit.lu\\\/wp-content\\\/uploads\\\/2024\\\/12\\\/cropped-bikefit-logoURL-RGB-jpg.jpg\"},\"sameAs\":[\"https:\\\/\\\/bikefit.lu\"],\"honorificPrefix\":\"Mr\",\"birthDate\":\"1966-11-18\",\"gender\":\"male\",\"knowsAbout\":[\"Bike-fitting\"],\"knowsLanguage\":[\"English\",\"French\",\"German\",\"Luxembourgish\"]}]}<\/script>\n<meta property=\"og:availability\" content=\"instock\" \/>\n<meta property=\"product:availability\" content=\"instock\" \/>\n<meta property=\"product:condition\" content=\"new\" \/>\n<!-- \/ Yoast SEO Premium plugin. -->","yoast_head_json":{"title":"gebioMized Stride - bikefit.lu","robots":{"index":"index","follow":"follow","max-snippet":"max-snippet:-1","max-image-preview":"max-image-preview:large","max-video-preview":"max-video-preview:-1"},"canonical":"https:\/\/bikefit.lu\/de\/product\/gebiomized-stride\/","og_locale":"de_DE","og_type":"article","og_title":"gebioMized Stride","og_description":"WENN KOMFORT AERO WIRD gebioMized Stride ist die Antwort auf die Grundprobleme von Triathleten und Zeitfahrern \u2013 besonders bei den wirklich langen Rennen \u2013 und nat\u00fcrlich das Training. Denn der Stride wurde nicht nur entwickelt, um das unpopul\u00e4re \u201eVerschieben\u201c zu minimieren, d. H. Das kontinuierliche Vorw\u00e4rtsgleiten auf dem Sattel und das aktive Zur\u00fcckschieben. Dank seiner besonderen Form erm\u00f6glicht es auch zwei verschiedene Fahrpositionen bei gleichem Bike-Setup. Besonders Langstrecken-Triathleten wissen, wie wertvoll diese Funktion sein kann. Und weil wir wissen, dass verschiedene Athleten Druck unterschiedlich wahrnehmen, wird der Stride in zwei Dichten erh\u00e4ltlich sein: Stride N mit neutraler Standarddichte und Stride S, die etwas weichere Version.   &nbsp; REFERENZEN ANNE HAUG, professionelle Triathletin \u201eDer Sattel hilft mir, meine Aero-Position l\u00e4nger zu halten. Mein Becken ist recht stabil. Dadurch kann ich die gesamte Kraft, die ich investiere, auf das Pedal \u00fcbertragen werden. Das bedeutet sowohl Leistungs- als auch Komfortgewinne.\u201c Erfolge: Ironman-Weltmeister Hawaii 2019 | Bronze 70.3 Weltmeisterschaften 2018 | Gewinner Ironman Kopenhagen 2019 | Deutscher Rekord: 8:31:32 Wahl der Waffen: gebioMized Stride S (Triathlon) | gebioMized Area 145 Kanal (Stra\u00dfe) &nbsp; DANIELA BLEYMEHL, professionelle Triathletin \u201eNachdem ich den Sattel im Labor ausprobiert hatte, war ich erstaunt \u00fcber seine Leistung in der\u201a realen Welt \u2018. Ich kann mir nicht mehr vorstellen, ohne zu fahren. Ich liebe ihn wirklich.\u201d Erfolge: Winner Challenge Roth 2018 | Gewinner Ironman Italien 2018 | Gewinner Ironman Hamburg 2017 Wahl der Waffen : gebioMized Stride N (Triathlon) | gebioMized Sleak 145 Channel (Stra\u00dfe)","og_url":"https:\/\/bikefit.lu\/de\/product\/gebiomized-stride\/","og_site_name":"bikefit.lu","article_modified_time":"2025-06-10T21:18:52+00:00","og_image":[{"width":1030,"height":687,"url":"https:\/\/bikefit.lu\/wp-content\/uploads\/2022\/06\/1920x1280_stride_IMG_8096-1030x687-1.jpg","type":"image\/jpeg"}],"twitter_card":"summary_large_image","twitter_misc":{"Verf\u00fcgbarkeit":"Auf Lager"},"schema":{"@context":"https:\/\/schema.org","@graph":[{"@type":"WebPage","@id":"https:\/\/bikefit.lu\/de\/product\/gebiomized-stride\/","url":"https:\/\/bikefit.lu\/de\/product\/gebiomized-stride\/","name":"gebioMized Stride - bikefit.lu","isPartOf":{"@id":"https:\/\/bikefit.lu\/de\/#website"},"primaryImageOfPage":{"@id":"https:\/\/bikefit.lu\/de\/product\/gebiomized-stride\/#primaryimage"},"image":{"@id":"https:\/\/bikefit.lu\/de\/product\/gebiomized-stride\/#primaryimage"},"thumbnailUrl":"https:\/\/bikefit.lu\/wp-content\/uploads\/2022\/06\/1920x1280_stride_IMG_8096-1030x687-1.jpg","datePublished":"2020-12-19T09:30:40+00:00","dateModified":"2025-06-10T21:18:52+00:00","breadcrumb":{"@id":"https:\/\/bikefit.lu\/de\/product\/gebiomized-stride\/#breadcrumb"},"inLanguage":"de","potentialAction":[{"@type":"ReadAction","target":["https:\/\/bikefit.lu\/de\/product\/gebiomized-stride\/"]}]},{"@type":"ImageObject","inLanguage":"de","@id":"https:\/\/bikefit.lu\/de\/product\/gebiomized-stride\/#primaryimage","url":"https:\/\/bikefit.lu\/wp-content\/uploads\/2022\/06\/1920x1280_stride_IMG_8096-1030x687-1.jpg","contentUrl":"https:\/\/bikefit.lu\/wp-content\/uploads\/2022\/06\/1920x1280_stride_IMG_8096-1030x687-1.jpg","width":1030,"height":687},{"@type":"BreadcrumbList","@id":"https:\/\/bikefit.lu\/de\/product\/gebiomized-stride\/#breadcrumb","itemListElement":[{"@type":"ListItem","position":1,"name":"Home","item":"https:\/\/bikefit.lu\/de\/"},{"@type":"ListItem","position":2,"name":"Produkte","item":"https:\/\/bikefit.lu\/de\/shop\/"},{"@type":"ListItem","position":3,"name":"gebioMized Stride"}]},{"@type":"WebSite","@id":"https:\/\/bikefit.lu\/de\/#website","url":"https:\/\/bikefit.lu\/de\/","name":"bikefit.lu","description":"IMPROVING CYCLING","publisher":{"@id":"https:\/\/bikefit.lu\/de\/#\/schema\/person\/379af1263474d2f8cd1f41c2bd90273d"},"potentialAction":[{"@type":"SearchAction","target":{"@type":"EntryPoint","urlTemplate":"https:\/\/bikefit.lu\/de\/?s={search_term_string}"},"query-input":{"@type":"PropertyValueSpecification","valueRequired":true,"valueName":"search_term_string"}}],"inLanguage":"de"},{"@type":["Person","Organization"],"@id":"https:\/\/bikefit.lu\/de\/#\/schema\/person\/379af1263474d2f8cd1f41c2bd90273d","name":"Patrick Guillaume","image":{"@type":"ImageObject","inLanguage":"de","@id":"https:\/\/bikefit.lu\/wp-content\/uploads\/2024\/12\/cropped-bikefit-logoURL-RGB-jpg.jpg","url":"https:\/\/bikefit.lu\/wp-content\/uploads\/2024\/12\/cropped-bikefit-logoURL-RGB-jpg.jpg","contentUrl":"https:\/\/bikefit.lu\/wp-content\/uploads\/2024\/12\/cropped-bikefit-logoURL-RGB-jpg.jpg","width":512,"height":512,"caption":"Patrick Guillaume"},"logo":{"@id":"https:\/\/bikefit.lu\/wp-content\/uploads\/2024\/12\/cropped-bikefit-logoURL-RGB-jpg.jpg"},"sameAs":["https:\/\/bikefit.lu"],"honorificPrefix":"Mr","birthDate":"1966-11-18","gender":"male","knowsAbout":["Bike-fitting"],"knowsLanguage":["English","French","German","Luxembourgish"]}]},"og_availability":"instock","product_availability":"instock","product_condition":"new"},"_links":{"self":[{"href":"https:\/\/bikefit.lu\/de\/wp-json\/wp\/v2\/product\/79752","targetHints":{"allow":["GET"]}}],"collection":[{"href":"https:\/\/bikefit.lu\/de\/wp-json\/wp\/v2\/product"}],"about":[{"href":"https:\/\/bikefit.lu\/de\/wp-json\/wp\/v2\/types\/product"}],"replies":[{"embeddable":true,"href":"https:\/\/bikefit.lu\/de\/wp-json\/wp\/v2\/comments?post=79752"}],"version-history":[{"count":0,"href":"https:\/\/bikefit.lu\/de\/wp-json\/wp\/v2\/product\/79752\/revisions"}],"wp:featuredmedia":[{"embeddable":true,"href":"https:\/\/bikefit.lu\/de\/wp-json\/wp\/v2\/media\/88854"}],"wp:attachment":[{"href":"https:\/\/bikefit.lu\/de\/wp-json\/wp\/v2\/media?parent=79752"}],"wp:term":[{"taxonomy":"product_brand","embeddable":true,"href":"https:\/\/bikefit.lu\/de\/wp-json\/wp\/v2\/product_brand?post=79752"},{"taxonomy":"product_cat","embeddable":true,"href":"https:\/\/bikefit.lu\/de\/wp-json\/wp\/v2\/product_cat?post=79752"},{"taxonomy":"product_tag","embeddable":true,"href":"https:\/\/bikefit.lu\/de\/wp-json\/wp\/v2\/product_tag?post=79752"}],"curies":[{"name":"wp","href":"https:\/\/api.w.org\/{rel}","templated":true}]}}