{"id":80055,"date":"2020-04-20T11:14:09","date_gmt":"2020-04-20T11:14:09","guid":{"rendered":"https:\/\/staging.bikefit.lu\/shop\/unkategorisiert\/cx238-white-black\/"},"modified":"2025-09-14T15:47:52","modified_gmt":"2025-09-14T13:47:52","slug":"cx238-white-black","status":"publish","type":"product","link":"https:\/\/bikefit.lu\/de\/product\/cx238-white-black\/","title":{"rendered":"CX238 White\/Black"},"content":{"rendered":"<p><strong>Form:<\/strong> CX Competition. Diese Form hat ein gebogeneres Profil als die Sport-Form. Die Hauptunterschiede sind eine erh\u00f6hte Vorder- und Fersenkappe und ein etwas breiterer Vorfu\u00dfumfang, damit sich der Fu\u00df unter hohem Pedaldruck ausdehnen kann.  <\/p>\n<p><strong>Obermaterial:<\/strong> Wasserabweisendes Ecco Premium Leder und Haken-Lycra Fersenfutter. Das Lederobermaterial hat minimierte N\u00e4hte und ist elegant, sodass Sie das Gef\u00fchl haben werden, dass sie mit der Zeit perfekt zu Ihrem Fu\u00df passen. Das Helcor Fersen-Obermaterial und die Gummi-Zehenverst\u00e4rkung sch\u00fctzen das Obermaterial vor Kratzern. Das thermo-regulierende Material bietet ein luxuri\u00f6ses Fu\u00dfgef\u00fchl und beh\u00e4lt gleichzeitig einen atmungsaktiven, langlebigen und festen Halt f\u00fcr Ihre F\u00fc\u00dfe.   <\/p>\n<p><strong>Au\u00dfensohle:<\/strong> 100% Kohlefaser-Sohle. Erh\u00e4ltlich f\u00fcr 3-Loch-Pedalplatten. Eine Sohle aus 100% Kohlefaser, die ein komfortables Gef\u00fchl schafft. Ein leichtes und edles Paket.  <\/p>\n<p><strong>Verschluss<\/strong>: Doppelseitig montiertes Push\/Pull IP1 BOA\u00ae-Schn\u00fcrsystem mit l\u00f6sbaren Schn\u00fcrf\u00fchrungen. Das doppelte BOA\u00ae-Verschlusssystem bietet noch mehr Einstellbarkeit als ein einzelnes BOA\u00ae. <\/p>\n<p><strong>Farben:<\/strong> Wei\u00df\/Schwarz, Wei\u00df\/Wei\u00df und Schwarz\/Schwarz.<\/p>\n<p><strong>Gr\u00f6\u00dfen<\/strong>: Regular: volle Gr\u00f6\u00dfen von 36 bis 48, 50, halbe Gr\u00f6\u00dfen von 39,5 bis 46,5. Wide: volle Gr\u00f6\u00dfen von 37 bis 48, 50, halbe Gr\u00f6\u00dfen von 39,5 bis 46,5.<\/p>\n<p>Um Ihnen bei der Suche nach der richtigen Gr\u00f6\u00dfe zu helfen, gehen Sie auf <a href=\"https:\/\/lakecycling.com\/pages\/sizing-charts\" target=\"_blank\" rel=\"noopener noreferrer nofollow\">diese Seite<\/a> oder kontaktieren Sie mich.<\/p>\n","protected":false},"excerpt":{"rendered":"<p><strong>Der CX238 ist die Verbesserung eines Klassikers unter Beibehaltung der Aspekte des CX237, die ihn zu einem der besten Schuhe aller Zeiten gemacht haben.<\/strong><\/p>\n","protected":false},"featured_media":77354,"comment_status":"closed","ping_status":"closed","template":"","meta":[],"product_brand":[],"product_cat":[4879,4789,4909,4914],"product_tag":[5002,5059,5125,5198],"class_list":{"0":"post-80055","1":"product","2":"type-product","3":"status-publish","4":"has-post-thumbnail","6":"product_cat-cx238-en-de","7":"product_cat-sale-de","8":"product_cat-lake-shoes-de","9":"product_cat-strasse","10":"product_tag-cx238-de","11":"product_tag-lake-cycling-de","12":"product_tag-road-de","13":"product_tag-white-black-de","14":"product_shipping_class-large-items-de","15":"pa_size-36-de","16":"pa_size-37-de-2","17":"pa_size-38-de","18":"pa_size-39-de-2","19":"pa_size-39-5-de","20":"pa_size-40-de-2","21":"pa_size-40-5-de","22":"pa_size-41-de","23":"pa_size-41-5-de","24":"pa_size-42-de","25":"pa_size-42-5-de","26":"pa_size-43-de-2","27":"pa_size-43-5-de-2","28":"pa_size-44-de","29":"pa_size-44-5-de","30":"pa_size-45-de","31":"pa_size-45-5-de","32":"pa_size-46-de","33":"pa_size-46-5-de","34":"pa_size-47-de","35":"pa_size-48-de","36":"pa_size-50-de","37":"pa_width-regular-de","39":"first","40":"instock","41":"sale","42":"taxable","43":"shipping-taxable","44":"purchasable","45":"product-type-variable"},"yoast_head":"<!-- This site is optimized with the Yoast SEO Premium plugin v27.3 (Yoast SEO v27.3) - https:\/\/yoast.com\/product\/yoast-seo-premium-wordpress\/ -->\n<title>CX238 White\/Black - bikefit.lu<\/title>\n<meta name=\"robots\" content=\"index, follow, max-snippet:-1, max-image-preview:large, max-video-preview:-1\" \/>\n<link rel=\"canonical\" href=\"https:\/\/bikefit.lu\/de\/product\/cx238-white-black\/\" \/>\n<meta property=\"og:locale\" content=\"de_DE\" \/>\n<meta property=\"og:type\" content=\"article\" \/>\n<meta property=\"og:title\" content=\"CX238 White\/Black\" \/>\n<meta property=\"og:description\" content=\"Der CX238 ist die Verbesserung eines Klassikers unter Beibehaltung der Aspekte des CX237, die ihn zu einem der besten Schuhe aller Zeiten gemacht haben.\" \/>\n<meta property=\"og:url\" content=\"https:\/\/bikefit.lu\/de\/product\/cx238-white-black\/\" \/>\n<meta property=\"og:site_name\" content=\"bikefit.lu\" \/>\n<meta property=\"article:modified_time\" content=\"2025-09-14T13:47:52+00:00\" \/>\n<meta property=\"og:image\" content=\"https:\/\/bikefit.lu\/wp-content\/uploads\/2020\/04\/CX238-WhiteBlack-Frnt.webp\" \/>\n\t<meta property=\"og:image:width\" content=\"1024\" \/>\n\t<meta property=\"og:image:height\" content=\"759\" \/>\n\t<meta property=\"og:image:type\" content=\"image\/webp\" \/>\n<meta name=\"twitter:card\" content=\"summary_large_image\" \/>\n<meta name=\"twitter:label1\" content=\"Verf\u00fcgbarkeit\" \/>\n\t<meta name=\"twitter:data1\" content=\"Auf Lager\" \/>\n<script type=\"application\/ld+json\" class=\"yoast-schema-graph\">{\"@context\":\"https:\\\/\\\/schema.org\",\"@graph\":[{\"@type\":\"WebPage\",\"@id\":\"https:\\\/\\\/bikefit.lu\\\/de\\\/product\\\/cx238-white-black\\\/\",\"url\":\"https:\\\/\\\/bikefit.lu\\\/de\\\/product\\\/cx238-white-black\\\/\",\"name\":\"CX238 White\\\/Black - bikefit.lu\",\"isPartOf\":{\"@id\":\"https:\\\/\\\/bikefit.lu\\\/de\\\/#website\"},\"primaryImageOfPage\":{\"@id\":\"https:\\\/\\\/bikefit.lu\\\/de\\\/product\\\/cx238-white-black\\\/#primaryimage\"},\"image\":{\"@id\":\"https:\\\/\\\/bikefit.lu\\\/de\\\/product\\\/cx238-white-black\\\/#primaryimage\"},\"thumbnailUrl\":\"https:\\\/\\\/bikefit.lu\\\/wp-content\\\/uploads\\\/2020\\\/04\\\/CX238-WhiteBlack-Frnt.webp\",\"datePublished\":\"2020-04-20T11:14:09+00:00\",\"dateModified\":\"2025-09-14T13:47:52+00:00\",\"breadcrumb\":{\"@id\":\"https:\\\/\\\/bikefit.lu\\\/de\\\/product\\\/cx238-white-black\\\/#breadcrumb\"},\"inLanguage\":\"de\",\"potentialAction\":[{\"@type\":\"ReadAction\",\"target\":[\"https:\\\/\\\/bikefit.lu\\\/de\\\/product\\\/cx238-white-black\\\/\"]}]},{\"@type\":\"ImageObject\",\"inLanguage\":\"de\",\"@id\":\"https:\\\/\\\/bikefit.lu\\\/de\\\/product\\\/cx238-white-black\\\/#primaryimage\",\"url\":\"https:\\\/\\\/bikefit.lu\\\/wp-content\\\/uploads\\\/2020\\\/04\\\/CX238-WhiteBlack-Frnt.webp\",\"contentUrl\":\"https:\\\/\\\/bikefit.lu\\\/wp-content\\\/uploads\\\/2020\\\/04\\\/CX238-WhiteBlack-Frnt.webp\",\"width\":1024,\"height\":759},{\"@type\":\"BreadcrumbList\",\"@id\":\"https:\\\/\\\/bikefit.lu\\\/de\\\/product\\\/cx238-white-black\\\/#breadcrumb\",\"itemListElement\":[{\"@type\":\"ListItem\",\"position\":1,\"name\":\"Home\",\"item\":\"https:\\\/\\\/bikefit.lu\\\/de\\\/\"},{\"@type\":\"ListItem\",\"position\":2,\"name\":\"Produkte\",\"item\":\"https:\\\/\\\/bikefit.lu\\\/de\\\/shop\\\/\"},{\"@type\":\"ListItem\",\"position\":3,\"name\":\"CX238 White\\\/Black\"}]},{\"@type\":\"WebSite\",\"@id\":\"https:\\\/\\\/bikefit.lu\\\/de\\\/#website\",\"url\":\"https:\\\/\\\/bikefit.lu\\\/de\\\/\",\"name\":\"bikefit.lu\",\"description\":\"IMPROVING CYCLING\",\"publisher\":{\"@id\":\"https:\\\/\\\/bikefit.lu\\\/de\\\/#\\\/schema\\\/person\\\/379af1263474d2f8cd1f41c2bd90273d\"},\"potentialAction\":[{\"@type\":\"SearchAction\",\"target\":{\"@type\":\"EntryPoint\",\"urlTemplate\":\"https:\\\/\\\/bikefit.lu\\\/de\\\/?s={search_term_string}\"},\"query-input\":{\"@type\":\"PropertyValueSpecification\",\"valueRequired\":true,\"valueName\":\"search_term_string\"}}],\"inLanguage\":\"de\"},{\"@type\":[\"Person\",\"Organization\"],\"@id\":\"https:\\\/\\\/bikefit.lu\\\/de\\\/#\\\/schema\\\/person\\\/379af1263474d2f8cd1f41c2bd90273d\",\"name\":\"Patrick Guillaume\",\"image\":{\"@type\":\"ImageObject\",\"inLanguage\":\"de\",\"@id\":\"https:\\\/\\\/bikefit.lu\\\/wp-content\\\/uploads\\\/2024\\\/12\\\/cropped-bikefit-logoURL-RGB-jpg.jpg\",\"url\":\"https:\\\/\\\/bikefit.lu\\\/wp-content\\\/uploads\\\/2024\\\/12\\\/cropped-bikefit-logoURL-RGB-jpg.jpg\",\"contentUrl\":\"https:\\\/\\\/bikefit.lu\\\/wp-content\\\/uploads\\\/2024\\\/12\\\/cropped-bikefit-logoURL-RGB-jpg.jpg\",\"width\":512,\"height\":512,\"caption\":\"Patrick Guillaume\"},\"logo\":{\"@id\":\"https:\\\/\\\/bikefit.lu\\\/wp-content\\\/uploads\\\/2024\\\/12\\\/cropped-bikefit-logoURL-RGB-jpg.jpg\"},\"sameAs\":[\"https:\\\/\\\/bikefit.lu\"],\"honorificPrefix\":\"Mr\",\"birthDate\":\"1966-11-18\",\"gender\":\"male\",\"knowsAbout\":[\"Bike-fitting\"],\"knowsLanguage\":[\"English\",\"French\",\"German\",\"Luxembourgish\"]}]}<\/script>\n<meta property=\"og:availability\" content=\"instock\" \/>\n<meta property=\"product:availability\" content=\"instock\" \/>\n<meta property=\"product:condition\" content=\"new\" \/>\n<!-- \/ Yoast SEO Premium plugin. -->","yoast_head_json":{"title":"CX238 White\/Black - bikefit.lu","robots":{"index":"index","follow":"follow","max-snippet":"max-snippet:-1","max-image-preview":"max-image-preview:large","max-video-preview":"max-video-preview:-1"},"canonical":"https:\/\/bikefit.lu\/de\/product\/cx238-white-black\/","og_locale":"de_DE","og_type":"article","og_title":"CX238 White\/Black","og_description":"Der CX238 ist die Verbesserung eines Klassikers unter Beibehaltung der Aspekte des CX237, die ihn zu einem der besten Schuhe aller Zeiten gemacht haben.","og_url":"https:\/\/bikefit.lu\/de\/product\/cx238-white-black\/","og_site_name":"bikefit.lu","article_modified_time":"2025-09-14T13:47:52+00:00","og_image":[{"width":1024,"height":759,"url":"https:\/\/bikefit.lu\/wp-content\/uploads\/2020\/04\/CX238-WhiteBlack-Frnt.webp","type":"image\/webp"}],"twitter_card":"summary_large_image","twitter_misc":{"Verf\u00fcgbarkeit":"Auf Lager"},"schema":{"@context":"https:\/\/schema.org","@graph":[{"@type":"WebPage","@id":"https:\/\/bikefit.lu\/de\/product\/cx238-white-black\/","url":"https:\/\/bikefit.lu\/de\/product\/cx238-white-black\/","name":"CX238 White\/Black - bikefit.lu","isPartOf":{"@id":"https:\/\/bikefit.lu\/de\/#website"},"primaryImageOfPage":{"@id":"https:\/\/bikefit.lu\/de\/product\/cx238-white-black\/#primaryimage"},"image":{"@id":"https:\/\/bikefit.lu\/de\/product\/cx238-white-black\/#primaryimage"},"thumbnailUrl":"https:\/\/bikefit.lu\/wp-content\/uploads\/2020\/04\/CX238-WhiteBlack-Frnt.webp","datePublished":"2020-04-20T11:14:09+00:00","dateModified":"2025-09-14T13:47:52+00:00","breadcrumb":{"@id":"https:\/\/bikefit.lu\/de\/product\/cx238-white-black\/#breadcrumb"},"inLanguage":"de","potentialAction":[{"@type":"ReadAction","target":["https:\/\/bikefit.lu\/de\/product\/cx238-white-black\/"]}]},{"@type":"ImageObject","inLanguage":"de","@id":"https:\/\/bikefit.lu\/de\/product\/cx238-white-black\/#primaryimage","url":"https:\/\/bikefit.lu\/wp-content\/uploads\/2020\/04\/CX238-WhiteBlack-Frnt.webp","contentUrl":"https:\/\/bikefit.lu\/wp-content\/uploads\/2020\/04\/CX238-WhiteBlack-Frnt.webp","width":1024,"height":759},{"@type":"BreadcrumbList","@id":"https:\/\/bikefit.lu\/de\/product\/cx238-white-black\/#breadcrumb","itemListElement":[{"@type":"ListItem","position":1,"name":"Home","item":"https:\/\/bikefit.lu\/de\/"},{"@type":"ListItem","position":2,"name":"Produkte","item":"https:\/\/bikefit.lu\/de\/shop\/"},{"@type":"ListItem","position":3,"name":"CX238 White\/Black"}]},{"@type":"WebSite","@id":"https:\/\/bikefit.lu\/de\/#website","url":"https:\/\/bikefit.lu\/de\/","name":"bikefit.lu","description":"IMPROVING CYCLING","publisher":{"@id":"https:\/\/bikefit.lu\/de\/#\/schema\/person\/379af1263474d2f8cd1f41c2bd90273d"},"potentialAction":[{"@type":"SearchAction","target":{"@type":"EntryPoint","urlTemplate":"https:\/\/bikefit.lu\/de\/?s={search_term_string}"},"query-input":{"@type":"PropertyValueSpecification","valueRequired":true,"valueName":"search_term_string"}}],"inLanguage":"de"},{"@type":["Person","Organization"],"@id":"https:\/\/bikefit.lu\/de\/#\/schema\/person\/379af1263474d2f8cd1f41c2bd90273d","name":"Patrick Guillaume","image":{"@type":"ImageObject","inLanguage":"de","@id":"https:\/\/bikefit.lu\/wp-content\/uploads\/2024\/12\/cropped-bikefit-logoURL-RGB-jpg.jpg","url":"https:\/\/bikefit.lu\/wp-content\/uploads\/2024\/12\/cropped-bikefit-logoURL-RGB-jpg.jpg","contentUrl":"https:\/\/bikefit.lu\/wp-content\/uploads\/2024\/12\/cropped-bikefit-logoURL-RGB-jpg.jpg","width":512,"height":512,"caption":"Patrick Guillaume"},"logo":{"@id":"https:\/\/bikefit.lu\/wp-content\/uploads\/2024\/12\/cropped-bikefit-logoURL-RGB-jpg.jpg"},"sameAs":["https:\/\/bikefit.lu"],"honorificPrefix":"Mr","birthDate":"1966-11-18","gender":"male","knowsAbout":["Bike-fitting"],"knowsLanguage":["English","French","German","Luxembourgish"]}]},"og_availability":"instock","product_availability":"instock","product_condition":"new"},"_links":{"self":[{"href":"https:\/\/bikefit.lu\/de\/wp-json\/wp\/v2\/product\/80055","targetHints":{"allow":["GET"]}}],"collection":[{"href":"https:\/\/bikefit.lu\/de\/wp-json\/wp\/v2\/product"}],"about":[{"href":"https:\/\/bikefit.lu\/de\/wp-json\/wp\/v2\/types\/product"}],"replies":[{"embeddable":true,"href":"https:\/\/bikefit.lu\/de\/wp-json\/wp\/v2\/comments?post=80055"}],"version-history":[{"count":0,"href":"https:\/\/bikefit.lu\/de\/wp-json\/wp\/v2\/product\/80055\/revisions"}],"wp:featuredmedia":[{"embeddable":true,"href":"https:\/\/bikefit.lu\/de\/wp-json\/wp\/v2\/media\/77354"}],"wp:attachment":[{"href":"https:\/\/bikefit.lu\/de\/wp-json\/wp\/v2\/media?parent=80055"}],"wp:term":[{"taxonomy":"product_brand","embeddable":true,"href":"https:\/\/bikefit.lu\/de\/wp-json\/wp\/v2\/product_brand?post=80055"},{"taxonomy":"product_cat","embeddable":true,"href":"https:\/\/bikefit.lu\/de\/wp-json\/wp\/v2\/product_cat?post=80055"},{"taxonomy":"product_tag","embeddable":true,"href":"https:\/\/bikefit.lu\/de\/wp-json\/wp\/v2\/product_tag?post=80055"}],"curies":[{"name":"wp","href":"https:\/\/api.w.org\/{rel}","templated":true}]}}