{"id":80226,"date":"2023-04-28T14:33:54","date_gmt":"2023-04-28T14:33:54","guid":{"rendered":"https:\/\/staging.bikefit.lu\/shop\/unkategorisiert\/cx242-black-silver\/"},"modified":"2025-04-15T18:18:08","modified_gmt":"2025-04-15T16:18:08","slug":"cx242-black-silver","status":"publish","type":"product","link":"https:\/\/bikefit.lu\/de\/product\/cx242-black-silver\/","title":{"rendered":"CX242 Black\/Silver"},"content":{"rendered":"<p><strong>Form:<\/strong> CX Competition. Mit einem Profil, das speziell f\u00fcr sehr hohe Trittfrequenzen h\u00f6heren Druck entwickelt wurde, verf\u00fcgt unser Competition-Leisten \u00fcber ein st\u00e4rker gekr\u00fcmmtes Profil als der Sport-Leisten. Die Hauptunterschiede umfassen eine erh\u00f6hte Zehenneigung Fersenanhebung, eine engere Ferse eine etwas breitere Ballenweite, um dem Fu\u00df zu erm\u00f6glichen, sich unter hohem Pedaldruck auszudehnen.  <\/p>\n<p><strong>Obermaterial:<\/strong> Vollnarbenleder und NuFoam-Futter mit Karbonfaser-St\u00fctzeins\u00e4tzen, die f\u00fcr einen sicheren Sitz sorgen und gleichzeitig die Fu\u00dfstabilit\u00e4t erh\u00f6hen. Das Obermaterial ist f\u00fcr die flexibelste Passform in 6 unabh\u00e4ngige Zonen unterteilt, um schmalen oder breiten F\u00fc\u00dfen sowie F\u00fc\u00dfen mit hohem und niedrigem Spann gerecht zu werden. Die formbare Fersenkappe verdoppelt den Fersenhalt f\u00fcr einen sicheren Sitz. Carbitex-St\u00fctzplatten bieten zus\u00e4tzliche Unterst\u00fctzung, um den Verschluss zu verbessern.   <\/p>\n<p><strong>Au\u00dfensohle:<\/strong> 100% Kohlefaser-Sohle. Erh\u00e4ltlich f\u00fcr 3-Loch-Pedalplatten. Eine Sohle aus 100% Kohlefaser, die ein komfortables Gef\u00fchl schafft. Ein leichtes und edles Paket.<\/p>\n<p><strong>Verschluss<\/strong>: Dual Side montiertes Push\/Pull Li2 BOA\u00ae Schn\u00fcrsystem mit l\u00f6sbaren Schn\u00fcrf\u00fchrungen. Das doppelte BOA\u00ae-Verschlusssystem bietet noch mehr Einstellm\u00f6glichkeiten als ein einzelnes BOA\u00ae. <\/p>\n<p><strong>Gr\u00f6\u00dfen:<\/strong> Regular: ganze Gr\u00f6\u00dfen von 36 bis 50, 52, halbe Gr\u00f6\u00dfen von 38.5 bis 46.5.<br \/>Wide: ganze Gr\u00f6\u00dfen von 37 bis 50, 52, halbe Gr\u00f6\u00dfen von 38.5 bis 46.5. <\/p>\n<p>Um Ihnen bei der Suche nach der richtigen Gr\u00f6\u00dfe zu helfen, gehen Sie auf <a href=\"https:\/\/lakecycling.com\/pages\/sizing-charts\" target=\"_blank\" rel=\"noopener noreferrer nofollow\">diese Seite<\/a> oder kontaktieren Sie mich.<\/p>\n","protected":false},"excerpt":{"rendered":"<p><strong>Der CX242 ist das Ergebnis aller Erfahrung von LAKE, ausgereifter Materialien und Schuhmachertechniken, um einen Schuh herzustellen, der f\u00fcr jeden Fu\u00dftyp die beste Passform bietet. Mit einer hei\u00dfformbaren Fersenkappe und einem einzigartigen Obermaterial-Design, das ausreichend verstellbar ist, um F\u00fc\u00dfe mit jeder Risth\u00f6he oder jedem Fu\u00dfvolumen aufzunehmen, ohne den Komfort zu beeintr\u00e4chtigen. Im Vergleich zum CX241 bietet die Vorderseite des Schuhs mehr Platz und die Carbitex-St\u00fctzplatten sorgen f\u00fcr zus\u00e4tzlichen Halt, um den Halt zu verbessern.  <\/strong><\/p>\n<p><strong>Der CX242 wurde f\u00fcr Fahrer entwickelt mit Fu\u00dfproblemen wie Ballen oder anderen Verformungen um ihnen die n\u00f6tige Ausdauer zu geben, um auf dem Fahrrad zu bleiben. Das Obermaterial verf\u00fcgt \u00fcber getrennte Eins\u00e4tze, die eine Feinabstimmung des Drucks und der Passform erm\u00f6glichen, wodurch sich das Obermaterial auch um empfindliche und schmerzhafte Stellen am Fu\u00df anpassen kann, ohne das gleiche Ma\u00df an Einschr\u00e4nkung, das bei herk\u00f6mmlichen Schuhoberteilen zu sp\u00fcren ist. <\/strong><\/p>\n","protected":false},"featured_media":76862,"comment_status":"closed","ping_status":"closed","template":"","meta":[],"product_brand":[],"product_cat":[4882,4909,4914],"product_tag":[4981,5008,5059,5125,5179],"class_list":{"0":"post-80226","1":"product","2":"type-product","3":"status-publish","4":"has-post-thumbnail","6":"product_cat-cx242-en-de","7":"product_cat-lake-shoes-de","8":"product_cat-strasse","9":"product_tag-black-silver-de","10":"product_tag-cx242-de","11":"product_tag-lake-cycling-de","12":"product_tag-road-de","13":"product_tag-ultra-cycling-de","14":"product_shipping_class-large-items-de","15":"pa_size-37-de-2","16":"pa_size-38-de","17":"pa_size-38-5-de","18":"pa_size-39-de-2","19":"pa_size-39-5-de","20":"pa_size-40-de-2","21":"pa_size-40-5-de","22":"pa_size-41-de","23":"pa_size-41-5-de","24":"pa_size-42-de","25":"pa_size-42-5-de","26":"pa_size-43-de-2","27":"pa_size-43-5-de-2","28":"pa_size-44-de","29":"pa_size-44-5-de","30":"pa_size-45-de","31":"pa_size-45-5-de","32":"pa_size-46-de","33":"pa_size-46-5-de","34":"pa_size-47-de","35":"pa_size-48-de","36":"pa_size-49-de","37":"pa_size-50-de","38":"pa_size-52-de","39":"pa_width-regular-de","40":"pa_width-wide-de-2","42":"first","43":"instock","44":"taxable","45":"shipping-taxable","46":"purchasable","47":"product-type-variable"},"yoast_head":"<!-- This site is optimized with the Yoast SEO Premium plugin v27.3 (Yoast SEO v27.3) - https:\/\/yoast.com\/product\/yoast-seo-premium-wordpress\/ -->\n<title>CX242 Black\/Silver - bikefit.lu<\/title>\n<meta name=\"robots\" content=\"index, follow, max-snippet:-1, max-image-preview:large, max-video-preview:-1\" \/>\n<link rel=\"canonical\" href=\"https:\/\/bikefit.lu\/de\/product\/cx242-black-silver\/\" \/>\n<meta property=\"og:locale\" content=\"de_DE\" \/>\n<meta property=\"og:type\" content=\"article\" \/>\n<meta property=\"og:title\" content=\"CX242 Black\/Silver\" \/>\n<meta property=\"og:description\" content=\"Der CX242 ist das Ergebnis aller Erfahrung von LAKE, ausgereifter Materialien und Schuhmachertechniken, um einen Schuh herzustellen, der f\u00fcr jeden Fu\u00dftyp die beste Passform bietet. Mit einer hei\u00dfformbaren Fersenkappe und einem einzigartigen Obermaterial-Design, das ausreichend verstellbar ist, um F\u00fc\u00dfe mit jeder Risth\u00f6he oder jedem Fu\u00dfvolumen aufzunehmen, ohne den Komfort zu beeintr\u00e4chtigen. Im Vergleich zum CX241 bietet die Vorderseite des Schuhs mehr Platz und die Carbitex-St\u00fctzplatten sorgen f\u00fcr zus\u00e4tzlichen Halt, um den Halt zu verbessern.  Der CX242 wurde f\u00fcr Fahrer entwickelt mit Fu\u00dfproblemen wie Ballen oder anderen Verformungen um ihnen die n\u00f6tige Ausdauer zu geben, um auf dem Fahrrad zu bleiben. Das Obermaterial verf\u00fcgt \u00fcber getrennte Eins\u00e4tze, die eine Feinabstimmung des Drucks und der Passform erm\u00f6glichen, wodurch sich das Obermaterial auch um empfindliche und schmerzhafte Stellen am Fu\u00df anpassen kann, ohne das gleiche Ma\u00df an Einschr\u00e4nkung, das bei herk\u00f6mmlichen Schuhoberteilen zu sp\u00fcren ist.\" \/>\n<meta property=\"og:url\" content=\"https:\/\/bikefit.lu\/de\/product\/cx242-black-silver\/\" \/>\n<meta property=\"og:site_name\" content=\"bikefit.lu\" \/>\n<meta property=\"article:modified_time\" content=\"2025-04-15T16:18:08+00:00\" \/>\n<meta property=\"og:image\" content=\"https:\/\/bikefit.lu\/wp-content\/uploads\/2023\/04\/CX242-BLK-SLVR-FRNT_8f27fe3e-d7b2-4902-bfbf-1c5c4db5efd3_1800x1800.webp\" \/>\n\t<meta property=\"og:image:width\" content=\"1025\" \/>\n\t<meta property=\"og:image:height\" content=\"760\" \/>\n\t<meta property=\"og:image:type\" content=\"image\/webp\" \/>\n<meta name=\"twitter:card\" content=\"summary_large_image\" \/>\n<meta name=\"twitter:label1\" content=\"Verf\u00fcgbarkeit\" \/>\n\t<meta name=\"twitter:data1\" content=\"Auf Lager\" \/>\n<script type=\"application\/ld+json\" class=\"yoast-schema-graph\">{\"@context\":\"https:\\\/\\\/schema.org\",\"@graph\":[{\"@type\":\"WebPage\",\"@id\":\"https:\\\/\\\/bikefit.lu\\\/de\\\/product\\\/cx242-black-silver\\\/\",\"url\":\"https:\\\/\\\/bikefit.lu\\\/de\\\/product\\\/cx242-black-silver\\\/\",\"name\":\"CX242 Black\\\/Silver - bikefit.lu\",\"isPartOf\":{\"@id\":\"https:\\\/\\\/bikefit.lu\\\/de\\\/#website\"},\"primaryImageOfPage\":{\"@id\":\"https:\\\/\\\/bikefit.lu\\\/de\\\/product\\\/cx242-black-silver\\\/#primaryimage\"},\"image\":{\"@id\":\"https:\\\/\\\/bikefit.lu\\\/de\\\/product\\\/cx242-black-silver\\\/#primaryimage\"},\"thumbnailUrl\":\"https:\\\/\\\/bikefit.lu\\\/wp-content\\\/uploads\\\/2023\\\/04\\\/CX242-BLK-SLVR-FRNT_8f27fe3e-d7b2-4902-bfbf-1c5c4db5efd3_1800x1800.webp\",\"datePublished\":\"2023-04-28T14:33:54+00:00\",\"dateModified\":\"2025-04-15T16:18:08+00:00\",\"breadcrumb\":{\"@id\":\"https:\\\/\\\/bikefit.lu\\\/de\\\/product\\\/cx242-black-silver\\\/#breadcrumb\"},\"inLanguage\":\"de\",\"potentialAction\":[{\"@type\":\"ReadAction\",\"target\":[\"https:\\\/\\\/bikefit.lu\\\/de\\\/product\\\/cx242-black-silver\\\/\"]}]},{\"@type\":\"ImageObject\",\"inLanguage\":\"de\",\"@id\":\"https:\\\/\\\/bikefit.lu\\\/de\\\/product\\\/cx242-black-silver\\\/#primaryimage\",\"url\":\"https:\\\/\\\/bikefit.lu\\\/wp-content\\\/uploads\\\/2023\\\/04\\\/CX242-BLK-SLVR-FRNT_8f27fe3e-d7b2-4902-bfbf-1c5c4db5efd3_1800x1800.webp\",\"contentUrl\":\"https:\\\/\\\/bikefit.lu\\\/wp-content\\\/uploads\\\/2023\\\/04\\\/CX242-BLK-SLVR-FRNT_8f27fe3e-d7b2-4902-bfbf-1c5c4db5efd3_1800x1800.webp\",\"width\":1025,\"height\":760},{\"@type\":\"BreadcrumbList\",\"@id\":\"https:\\\/\\\/bikefit.lu\\\/de\\\/product\\\/cx242-black-silver\\\/#breadcrumb\",\"itemListElement\":[{\"@type\":\"ListItem\",\"position\":1,\"name\":\"Home\",\"item\":\"https:\\\/\\\/bikefit.lu\\\/de\\\/\"},{\"@type\":\"ListItem\",\"position\":2,\"name\":\"Produkte\",\"item\":\"https:\\\/\\\/bikefit.lu\\\/de\\\/shop\\\/\"},{\"@type\":\"ListItem\",\"position\":3,\"name\":\"CX242 Black\\\/Silver\"}]},{\"@type\":\"WebSite\",\"@id\":\"https:\\\/\\\/bikefit.lu\\\/de\\\/#website\",\"url\":\"https:\\\/\\\/bikefit.lu\\\/de\\\/\",\"name\":\"bikefit.lu\",\"description\":\"IMPROVING CYCLING\",\"publisher\":{\"@id\":\"https:\\\/\\\/bikefit.lu\\\/de\\\/#\\\/schema\\\/person\\\/379af1263474d2f8cd1f41c2bd90273d\"},\"potentialAction\":[{\"@type\":\"SearchAction\",\"target\":{\"@type\":\"EntryPoint\",\"urlTemplate\":\"https:\\\/\\\/bikefit.lu\\\/de\\\/?s={search_term_string}\"},\"query-input\":{\"@type\":\"PropertyValueSpecification\",\"valueRequired\":true,\"valueName\":\"search_term_string\"}}],\"inLanguage\":\"de\"},{\"@type\":[\"Person\",\"Organization\"],\"@id\":\"https:\\\/\\\/bikefit.lu\\\/de\\\/#\\\/schema\\\/person\\\/379af1263474d2f8cd1f41c2bd90273d\",\"name\":\"Patrick Guillaume\",\"image\":{\"@type\":\"ImageObject\",\"inLanguage\":\"de\",\"@id\":\"https:\\\/\\\/bikefit.lu\\\/wp-content\\\/uploads\\\/2024\\\/12\\\/cropped-bikefit-logoURL-RGB-jpg.jpg\",\"url\":\"https:\\\/\\\/bikefit.lu\\\/wp-content\\\/uploads\\\/2024\\\/12\\\/cropped-bikefit-logoURL-RGB-jpg.jpg\",\"contentUrl\":\"https:\\\/\\\/bikefit.lu\\\/wp-content\\\/uploads\\\/2024\\\/12\\\/cropped-bikefit-logoURL-RGB-jpg.jpg\",\"width\":512,\"height\":512,\"caption\":\"Patrick Guillaume\"},\"logo\":{\"@id\":\"https:\\\/\\\/bikefit.lu\\\/wp-content\\\/uploads\\\/2024\\\/12\\\/cropped-bikefit-logoURL-RGB-jpg.jpg\"},\"sameAs\":[\"https:\\\/\\\/bikefit.lu\"],\"honorificPrefix\":\"Mr\",\"birthDate\":\"1966-11-18\",\"gender\":\"male\",\"knowsAbout\":[\"Bike-fitting\"],\"knowsLanguage\":[\"English\",\"French\",\"German\",\"Luxembourgish\"]}]}<\/script>\n<meta property=\"og:availability\" content=\"instock\" \/>\n<meta property=\"product:availability\" content=\"instock\" \/>\n<meta property=\"product:condition\" content=\"new\" \/>\n<!-- \/ Yoast SEO Premium plugin. -->","yoast_head_json":{"title":"CX242 Black\/Silver - bikefit.lu","robots":{"index":"index","follow":"follow","max-snippet":"max-snippet:-1","max-image-preview":"max-image-preview:large","max-video-preview":"max-video-preview:-1"},"canonical":"https:\/\/bikefit.lu\/de\/product\/cx242-black-silver\/","og_locale":"de_DE","og_type":"article","og_title":"CX242 Black\/Silver","og_description":"Der CX242 ist das Ergebnis aller Erfahrung von LAKE, ausgereifter Materialien und Schuhmachertechniken, um einen Schuh herzustellen, der f\u00fcr jeden Fu\u00dftyp die beste Passform bietet. Mit einer hei\u00dfformbaren Fersenkappe und einem einzigartigen Obermaterial-Design, das ausreichend verstellbar ist, um F\u00fc\u00dfe mit jeder Risth\u00f6he oder jedem Fu\u00dfvolumen aufzunehmen, ohne den Komfort zu beeintr\u00e4chtigen. Im Vergleich zum CX241 bietet die Vorderseite des Schuhs mehr Platz und die Carbitex-St\u00fctzplatten sorgen f\u00fcr zus\u00e4tzlichen Halt, um den Halt zu verbessern.  Der CX242 wurde f\u00fcr Fahrer entwickelt mit Fu\u00dfproblemen wie Ballen oder anderen Verformungen um ihnen die n\u00f6tige Ausdauer zu geben, um auf dem Fahrrad zu bleiben. Das Obermaterial verf\u00fcgt \u00fcber getrennte Eins\u00e4tze, die eine Feinabstimmung des Drucks und der Passform erm\u00f6glichen, wodurch sich das Obermaterial auch um empfindliche und schmerzhafte Stellen am Fu\u00df anpassen kann, ohne das gleiche Ma\u00df an Einschr\u00e4nkung, das bei herk\u00f6mmlichen Schuhoberteilen zu sp\u00fcren ist.","og_url":"https:\/\/bikefit.lu\/de\/product\/cx242-black-silver\/","og_site_name":"bikefit.lu","article_modified_time":"2025-04-15T16:18:08+00:00","og_image":[{"width":1025,"height":760,"url":"https:\/\/bikefit.lu\/wp-content\/uploads\/2023\/04\/CX242-BLK-SLVR-FRNT_8f27fe3e-d7b2-4902-bfbf-1c5c4db5efd3_1800x1800.webp","type":"image\/webp"}],"twitter_card":"summary_large_image","twitter_misc":{"Verf\u00fcgbarkeit":"Auf Lager"},"schema":{"@context":"https:\/\/schema.org","@graph":[{"@type":"WebPage","@id":"https:\/\/bikefit.lu\/de\/product\/cx242-black-silver\/","url":"https:\/\/bikefit.lu\/de\/product\/cx242-black-silver\/","name":"CX242 Black\/Silver - bikefit.lu","isPartOf":{"@id":"https:\/\/bikefit.lu\/de\/#website"},"primaryImageOfPage":{"@id":"https:\/\/bikefit.lu\/de\/product\/cx242-black-silver\/#primaryimage"},"image":{"@id":"https:\/\/bikefit.lu\/de\/product\/cx242-black-silver\/#primaryimage"},"thumbnailUrl":"https:\/\/bikefit.lu\/wp-content\/uploads\/2023\/04\/CX242-BLK-SLVR-FRNT_8f27fe3e-d7b2-4902-bfbf-1c5c4db5efd3_1800x1800.webp","datePublished":"2023-04-28T14:33:54+00:00","dateModified":"2025-04-15T16:18:08+00:00","breadcrumb":{"@id":"https:\/\/bikefit.lu\/de\/product\/cx242-black-silver\/#breadcrumb"},"inLanguage":"de","potentialAction":[{"@type":"ReadAction","target":["https:\/\/bikefit.lu\/de\/product\/cx242-black-silver\/"]}]},{"@type":"ImageObject","inLanguage":"de","@id":"https:\/\/bikefit.lu\/de\/product\/cx242-black-silver\/#primaryimage","url":"https:\/\/bikefit.lu\/wp-content\/uploads\/2023\/04\/CX242-BLK-SLVR-FRNT_8f27fe3e-d7b2-4902-bfbf-1c5c4db5efd3_1800x1800.webp","contentUrl":"https:\/\/bikefit.lu\/wp-content\/uploads\/2023\/04\/CX242-BLK-SLVR-FRNT_8f27fe3e-d7b2-4902-bfbf-1c5c4db5efd3_1800x1800.webp","width":1025,"height":760},{"@type":"BreadcrumbList","@id":"https:\/\/bikefit.lu\/de\/product\/cx242-black-silver\/#breadcrumb","itemListElement":[{"@type":"ListItem","position":1,"name":"Home","item":"https:\/\/bikefit.lu\/de\/"},{"@type":"ListItem","position":2,"name":"Produkte","item":"https:\/\/bikefit.lu\/de\/shop\/"},{"@type":"ListItem","position":3,"name":"CX242 Black\/Silver"}]},{"@type":"WebSite","@id":"https:\/\/bikefit.lu\/de\/#website","url":"https:\/\/bikefit.lu\/de\/","name":"bikefit.lu","description":"IMPROVING CYCLING","publisher":{"@id":"https:\/\/bikefit.lu\/de\/#\/schema\/person\/379af1263474d2f8cd1f41c2bd90273d"},"potentialAction":[{"@type":"SearchAction","target":{"@type":"EntryPoint","urlTemplate":"https:\/\/bikefit.lu\/de\/?s={search_term_string}"},"query-input":{"@type":"PropertyValueSpecification","valueRequired":true,"valueName":"search_term_string"}}],"inLanguage":"de"},{"@type":["Person","Organization"],"@id":"https:\/\/bikefit.lu\/de\/#\/schema\/person\/379af1263474d2f8cd1f41c2bd90273d","name":"Patrick Guillaume","image":{"@type":"ImageObject","inLanguage":"de","@id":"https:\/\/bikefit.lu\/wp-content\/uploads\/2024\/12\/cropped-bikefit-logoURL-RGB-jpg.jpg","url":"https:\/\/bikefit.lu\/wp-content\/uploads\/2024\/12\/cropped-bikefit-logoURL-RGB-jpg.jpg","contentUrl":"https:\/\/bikefit.lu\/wp-content\/uploads\/2024\/12\/cropped-bikefit-logoURL-RGB-jpg.jpg","width":512,"height":512,"caption":"Patrick Guillaume"},"logo":{"@id":"https:\/\/bikefit.lu\/wp-content\/uploads\/2024\/12\/cropped-bikefit-logoURL-RGB-jpg.jpg"},"sameAs":["https:\/\/bikefit.lu"],"honorificPrefix":"Mr","birthDate":"1966-11-18","gender":"male","knowsAbout":["Bike-fitting"],"knowsLanguage":["English","French","German","Luxembourgish"]}]},"og_availability":"instock","product_availability":"instock","product_condition":"new"},"_links":{"self":[{"href":"https:\/\/bikefit.lu\/de\/wp-json\/wp\/v2\/product\/80226","targetHints":{"allow":["GET"]}}],"collection":[{"href":"https:\/\/bikefit.lu\/de\/wp-json\/wp\/v2\/product"}],"about":[{"href":"https:\/\/bikefit.lu\/de\/wp-json\/wp\/v2\/types\/product"}],"replies":[{"embeddable":true,"href":"https:\/\/bikefit.lu\/de\/wp-json\/wp\/v2\/comments?post=80226"}],"version-history":[{"count":0,"href":"https:\/\/bikefit.lu\/de\/wp-json\/wp\/v2\/product\/80226\/revisions"}],"wp:featuredmedia":[{"embeddable":true,"href":"https:\/\/bikefit.lu\/de\/wp-json\/wp\/v2\/media\/76862"}],"wp:attachment":[{"href":"https:\/\/bikefit.lu\/de\/wp-json\/wp\/v2\/media?parent=80226"}],"wp:term":[{"taxonomy":"product_brand","embeddable":true,"href":"https:\/\/bikefit.lu\/de\/wp-json\/wp\/v2\/product_brand?post=80226"},{"taxonomy":"product_cat","embeddable":true,"href":"https:\/\/bikefit.lu\/de\/wp-json\/wp\/v2\/product_cat?post=80226"},{"taxonomy":"product_tag","embeddable":true,"href":"https:\/\/bikefit.lu\/de\/wp-json\/wp\/v2\/product_tag?post=80226"}],"curies":[{"name":"wp","href":"https:\/\/api.w.org\/{rel}","templated":true}]}}