{"id":80405,"date":"2023-04-28T15:34:05","date_gmt":"2023-04-28T15:34:05","guid":{"rendered":"https:\/\/staging.bikefit.lu\/shop\/unkategorisiert\/cx241-black-silver\/"},"modified":"2026-01-02T14:17:08","modified_gmt":"2026-01-02T13:17:08","slug":"cx241-black-silver","status":"publish","type":"product","link":"https:\/\/bikefit.lu\/de\/product\/cx241-black-silver\/","title":{"rendered":"CX241 Black\/Silver"},"content":{"rendered":"<p><strong>Form: <\/strong>CX Competition. Der Competition-Leisten weist ein st\u00e4rker gekr\u00fcmmtes Profil auf als der Sport-Leisten. Die Hauptunterschiede umfassen eine erh\u00f6hte Zehenneigung und Fersenanhebung sowie eine etwas breitere Ballenweite, um dem Fu\u00df unter hohem Pedaldruck Raum zu geben.  <\/p>\n<p><strong>Obermaterial:<\/strong> Vollnarbenleder und Nufoam-Futter. Das Obermaterial ist in 4 unabh\u00e4ngigen Zonen unterteilt, um die flexibelste Passform f\u00fcr schmale oder breite F\u00fc\u00dfe sowie F\u00fc\u00dfe mit hohem und niedrigem Spann zu gew\u00e4hrleisten. Die formbare Fersenkappe verdoppelt den Fersenhalt f\u00fcr einen sicheren Sitz.  <\/p>\n<p><strong>Au\u00dfensohle:<\/strong> 100% Kohlefaser-Sohle. Erh\u00e4ltlich f\u00fcr 3-Loch-Pedalplatten. Eine Sohle aus 100% Kohlefaser, die ein komfortables Gef\u00fchl schafft. Ein leichtes und edles Paket.<\/p>\n<p><strong>Verschluss:<\/strong> Doppeltes, seitlich angebrachtes Push\/Pull IP1 BOA\u00ae-Schn\u00fcrsystem mit l\u00f6sbaren Schn\u00fcrsenkelf\u00fchrungen. Das doppelte BOA\u00ae-Verschlusssystem bietet noch mehr Einstellm\u00f6glichkeiten als ein einzelnes BOA\u00ae. <\/p>\n<p><strong>Farben:<\/strong> Schwarz\/Silber, Schwarz\/Blau, Helcor Himmelblau \/ Weiss unf Irisierendes Chrom\/Schwarz<\/p>\n<p><strong>Gr\u00f6\u00dfen<\/strong>: Regular: volle Gr\u00f6\u00dfen von 36 bis 48, 50, halbe Gr\u00f6\u00dfen von 39,5 bis 46,5. Wide: volle Gr\u00f6\u00dfen von 37 bis 48, 50, halbe Gr\u00f6\u00dfen von 39,5 bis 46,5.<\/p>\n<p>Um Ihnen bei der Suche nach der richtigen Gr\u00f6\u00dfe zu helfen, gehen Sie auf <a href=\"https:\/\/lakecycling.com\/pages\/sizing-charts\" target=\"_blank\" rel=\"noopener noreferrer nofollow\">diese Seite<\/a> oder kontaktieren Sie mich.<\/p>\n","protected":false},"excerpt":{"rendered":"<p class=\"ai-optimize-45\"><strong>Der CX241 ist das Ergebnis aller Erfahrung von LAKE, ausgereifter Materialien und Schuhmachertechniken, um einen Schuh herzustellen, der f\u00fcr jeden Fu\u00dftyp die beste Passform bietet. Mit einer hei\u00dfformbaren Fersenkappe und einem einzigartigen Obermaterial-Design, das ausreichend verstellbar ist, um F\u00fc\u00dfe mit jeder Risth\u00f6he oder jedem Fu\u00dfvolumen aufzunehmen, ohne den Komfort zu beeintr\u00e4chtigen. Fr\u00fcher ungl\u00fcckliche F\u00fc\u00dfe mit Ballen werden diesen Schuh lieben.  <\/strong><\/p>\n","protected":false},"featured_media":88129,"comment_status":"closed","ping_status":"closed","template":"","meta":[],"product_brand":[],"product_cat":[4878,4789,4909,4914],"product_tag":[4981,5005,5059,5125,5179],"class_list":{"0":"post-80405","1":"product","2":"type-product","3":"status-publish","4":"has-post-thumbnail","6":"product_cat-cx241-en-de-2","7":"product_cat-sale-de","8":"product_cat-lake-shoes-de","9":"product_cat-strasse","10":"product_tag-black-silver-de","11":"product_tag-cx241-de","12":"product_tag-lake-cycling-de","13":"product_tag-road-de","14":"product_tag-ultra-cycling-de","15":"product_shipping_class-large-items-de","16":"pa_size-38-de","17":"pa_size-39-de-2","18":"pa_size-39-5-de","19":"pa_size-40-de-2","20":"pa_size-40-5-de","21":"pa_size-41-de","22":"pa_size-41-5-de","23":"pa_size-42-5-de","24":"pa_size-43-de-2","25":"pa_size-43-5-de-2","26":"pa_size-44-5-de","27":"pa_size-46-de","28":"pa_size-46-5-de","29":"pa_size-47-de","30":"pa_size-48-de","31":"pa_width-regular-de","32":"pa_width-wide-de-2","34":"first","35":"instock","36":"sale","37":"taxable","38":"shipping-taxable","39":"purchasable","40":"product-type-variable"},"yoast_head":"<!-- This site is optimized with the Yoast SEO Premium plugin v27.3 (Yoast SEO v27.3) - https:\/\/yoast.com\/product\/yoast-seo-premium-wordpress\/ -->\n<title>CX241 Black\/Silver - bikefit.lu<\/title>\n<meta name=\"robots\" content=\"index, follow, max-snippet:-1, max-image-preview:large, max-video-preview:-1\" \/>\n<link rel=\"canonical\" href=\"https:\/\/bikefit.lu\/de\/product\/cx241-black-silver\/\" \/>\n<meta property=\"og:locale\" content=\"de_DE\" \/>\n<meta property=\"og:type\" content=\"article\" \/>\n<meta property=\"og:title\" content=\"CX241 Black\/Silver\" \/>\n<meta property=\"og:description\" content=\"Der CX241 ist das Ergebnis aller Erfahrung von LAKE, ausgereifter Materialien und Schuhmachertechniken, um einen Schuh herzustellen, der f\u00fcr jeden Fu\u00dftyp die beste Passform bietet. Mit einer hei\u00dfformbaren Fersenkappe und einem einzigartigen Obermaterial-Design, das ausreichend verstellbar ist, um F\u00fc\u00dfe mit jeder Risth\u00f6he oder jedem Fu\u00dfvolumen aufzunehmen, ohne den Komfort zu beeintr\u00e4chtigen. Fr\u00fcher ungl\u00fcckliche F\u00fc\u00dfe mit Ballen werden diesen Schuh lieben.\" \/>\n<meta property=\"og:url\" content=\"https:\/\/bikefit.lu\/de\/product\/cx241-black-silver\/\" \/>\n<meta property=\"og:site_name\" content=\"bikefit.lu\" \/>\n<meta property=\"article:modified_time\" content=\"2026-01-02T13:17:08+00:00\" \/>\n<meta property=\"og:image\" content=\"https:\/\/bikefit.lu\/wp-content\/uploads\/2023\/04\/CX241-BLACK-OUT_9c9e143d-5edc-4723-a3cf-2d281772c2fc.webp\" \/>\n\t<meta property=\"og:image:width\" content=\"1800\" \/>\n\t<meta property=\"og:image:height\" content=\"1333\" \/>\n\t<meta property=\"og:image:type\" content=\"image\/webp\" \/>\n<meta name=\"twitter:card\" content=\"summary_large_image\" \/>\n<meta name=\"twitter:label1\" content=\"Verf\u00fcgbarkeit\" \/>\n\t<meta name=\"twitter:data1\" content=\"Auf Lager\" \/>\n<script type=\"application\/ld+json\" class=\"yoast-schema-graph\">{\"@context\":\"https:\\\/\\\/schema.org\",\"@graph\":[{\"@type\":\"WebPage\",\"@id\":\"https:\\\/\\\/bikefit.lu\\\/de\\\/product\\\/cx241-black-silver\\\/\",\"url\":\"https:\\\/\\\/bikefit.lu\\\/de\\\/product\\\/cx241-black-silver\\\/\",\"name\":\"CX241 Black\\\/Silver - bikefit.lu\",\"isPartOf\":{\"@id\":\"https:\\\/\\\/bikefit.lu\\\/de\\\/#website\"},\"primaryImageOfPage\":{\"@id\":\"https:\\\/\\\/bikefit.lu\\\/de\\\/product\\\/cx241-black-silver\\\/#primaryimage\"},\"image\":{\"@id\":\"https:\\\/\\\/bikefit.lu\\\/de\\\/product\\\/cx241-black-silver\\\/#primaryimage\"},\"thumbnailUrl\":\"https:\\\/\\\/bikefit.lu\\\/wp-content\\\/uploads\\\/2023\\\/04\\\/CX241-BLACK-OUT_9c9e143d-5edc-4723-a3cf-2d281772c2fc.webp\",\"datePublished\":\"2023-04-28T15:34:05+00:00\",\"dateModified\":\"2026-01-02T13:17:08+00:00\",\"breadcrumb\":{\"@id\":\"https:\\\/\\\/bikefit.lu\\\/de\\\/product\\\/cx241-black-silver\\\/#breadcrumb\"},\"inLanguage\":\"de\",\"potentialAction\":[{\"@type\":\"ReadAction\",\"target\":[\"https:\\\/\\\/bikefit.lu\\\/de\\\/product\\\/cx241-black-silver\\\/\"]}]},{\"@type\":\"ImageObject\",\"inLanguage\":\"de\",\"@id\":\"https:\\\/\\\/bikefit.lu\\\/de\\\/product\\\/cx241-black-silver\\\/#primaryimage\",\"url\":\"https:\\\/\\\/bikefit.lu\\\/wp-content\\\/uploads\\\/2023\\\/04\\\/CX241-BLACK-OUT_9c9e143d-5edc-4723-a3cf-2d281772c2fc.webp\",\"contentUrl\":\"https:\\\/\\\/bikefit.lu\\\/wp-content\\\/uploads\\\/2023\\\/04\\\/CX241-BLACK-OUT_9c9e143d-5edc-4723-a3cf-2d281772c2fc.webp\",\"width\":1800,\"height\":1333},{\"@type\":\"BreadcrumbList\",\"@id\":\"https:\\\/\\\/bikefit.lu\\\/de\\\/product\\\/cx241-black-silver\\\/#breadcrumb\",\"itemListElement\":[{\"@type\":\"ListItem\",\"position\":1,\"name\":\"Home\",\"item\":\"https:\\\/\\\/bikefit.lu\\\/de\\\/\"},{\"@type\":\"ListItem\",\"position\":2,\"name\":\"Produkte\",\"item\":\"https:\\\/\\\/bikefit.lu\\\/de\\\/shop\\\/\"},{\"@type\":\"ListItem\",\"position\":3,\"name\":\"CX241 Black\\\/Silver\"}]},{\"@type\":\"WebSite\",\"@id\":\"https:\\\/\\\/bikefit.lu\\\/de\\\/#website\",\"url\":\"https:\\\/\\\/bikefit.lu\\\/de\\\/\",\"name\":\"bikefit.lu\",\"description\":\"IMPROVING CYCLING\",\"publisher\":{\"@id\":\"https:\\\/\\\/bikefit.lu\\\/de\\\/#\\\/schema\\\/person\\\/379af1263474d2f8cd1f41c2bd90273d\"},\"potentialAction\":[{\"@type\":\"SearchAction\",\"target\":{\"@type\":\"EntryPoint\",\"urlTemplate\":\"https:\\\/\\\/bikefit.lu\\\/de\\\/?s={search_term_string}\"},\"query-input\":{\"@type\":\"PropertyValueSpecification\",\"valueRequired\":true,\"valueName\":\"search_term_string\"}}],\"inLanguage\":\"de\"},{\"@type\":[\"Person\",\"Organization\"],\"@id\":\"https:\\\/\\\/bikefit.lu\\\/de\\\/#\\\/schema\\\/person\\\/379af1263474d2f8cd1f41c2bd90273d\",\"name\":\"Patrick Guillaume\",\"image\":{\"@type\":\"ImageObject\",\"inLanguage\":\"de\",\"@id\":\"https:\\\/\\\/bikefit.lu\\\/wp-content\\\/uploads\\\/2024\\\/12\\\/cropped-bikefit-logoURL-RGB-jpg.jpg\",\"url\":\"https:\\\/\\\/bikefit.lu\\\/wp-content\\\/uploads\\\/2024\\\/12\\\/cropped-bikefit-logoURL-RGB-jpg.jpg\",\"contentUrl\":\"https:\\\/\\\/bikefit.lu\\\/wp-content\\\/uploads\\\/2024\\\/12\\\/cropped-bikefit-logoURL-RGB-jpg.jpg\",\"width\":512,\"height\":512,\"caption\":\"Patrick Guillaume\"},\"logo\":{\"@id\":\"https:\\\/\\\/bikefit.lu\\\/wp-content\\\/uploads\\\/2024\\\/12\\\/cropped-bikefit-logoURL-RGB-jpg.jpg\"},\"sameAs\":[\"https:\\\/\\\/bikefit.lu\"],\"honorificPrefix\":\"Mr\",\"birthDate\":\"1966-11-18\",\"gender\":\"male\",\"knowsAbout\":[\"Bike-fitting\"],\"knowsLanguage\":[\"English\",\"French\",\"German\",\"Luxembourgish\"]}]}<\/script>\n<meta property=\"og:availability\" content=\"instock\" \/>\n<meta property=\"product:availability\" content=\"instock\" \/>\n<meta property=\"product:condition\" content=\"new\" \/>\n<!-- \/ Yoast SEO Premium plugin. -->","yoast_head_json":{"title":"CX241 Black\/Silver - bikefit.lu","robots":{"index":"index","follow":"follow","max-snippet":"max-snippet:-1","max-image-preview":"max-image-preview:large","max-video-preview":"max-video-preview:-1"},"canonical":"https:\/\/bikefit.lu\/de\/product\/cx241-black-silver\/","og_locale":"de_DE","og_type":"article","og_title":"CX241 Black\/Silver","og_description":"Der CX241 ist das Ergebnis aller Erfahrung von LAKE, ausgereifter Materialien und Schuhmachertechniken, um einen Schuh herzustellen, der f\u00fcr jeden Fu\u00dftyp die beste Passform bietet. Mit einer hei\u00dfformbaren Fersenkappe und einem einzigartigen Obermaterial-Design, das ausreichend verstellbar ist, um F\u00fc\u00dfe mit jeder Risth\u00f6he oder jedem Fu\u00dfvolumen aufzunehmen, ohne den Komfort zu beeintr\u00e4chtigen. Fr\u00fcher ungl\u00fcckliche F\u00fc\u00dfe mit Ballen werden diesen Schuh lieben.","og_url":"https:\/\/bikefit.lu\/de\/product\/cx241-black-silver\/","og_site_name":"bikefit.lu","article_modified_time":"2026-01-02T13:17:08+00:00","og_image":[{"width":1800,"height":1333,"url":"https:\/\/bikefit.lu\/wp-content\/uploads\/2023\/04\/CX241-BLACK-OUT_9c9e143d-5edc-4723-a3cf-2d281772c2fc.webp","type":"image\/webp"}],"twitter_card":"summary_large_image","twitter_misc":{"Verf\u00fcgbarkeit":"Auf Lager"},"schema":{"@context":"https:\/\/schema.org","@graph":[{"@type":"WebPage","@id":"https:\/\/bikefit.lu\/de\/product\/cx241-black-silver\/","url":"https:\/\/bikefit.lu\/de\/product\/cx241-black-silver\/","name":"CX241 Black\/Silver - bikefit.lu","isPartOf":{"@id":"https:\/\/bikefit.lu\/de\/#website"},"primaryImageOfPage":{"@id":"https:\/\/bikefit.lu\/de\/product\/cx241-black-silver\/#primaryimage"},"image":{"@id":"https:\/\/bikefit.lu\/de\/product\/cx241-black-silver\/#primaryimage"},"thumbnailUrl":"https:\/\/bikefit.lu\/wp-content\/uploads\/2023\/04\/CX241-BLACK-OUT_9c9e143d-5edc-4723-a3cf-2d281772c2fc.webp","datePublished":"2023-04-28T15:34:05+00:00","dateModified":"2026-01-02T13:17:08+00:00","breadcrumb":{"@id":"https:\/\/bikefit.lu\/de\/product\/cx241-black-silver\/#breadcrumb"},"inLanguage":"de","potentialAction":[{"@type":"ReadAction","target":["https:\/\/bikefit.lu\/de\/product\/cx241-black-silver\/"]}]},{"@type":"ImageObject","inLanguage":"de","@id":"https:\/\/bikefit.lu\/de\/product\/cx241-black-silver\/#primaryimage","url":"https:\/\/bikefit.lu\/wp-content\/uploads\/2023\/04\/CX241-BLACK-OUT_9c9e143d-5edc-4723-a3cf-2d281772c2fc.webp","contentUrl":"https:\/\/bikefit.lu\/wp-content\/uploads\/2023\/04\/CX241-BLACK-OUT_9c9e143d-5edc-4723-a3cf-2d281772c2fc.webp","width":1800,"height":1333},{"@type":"BreadcrumbList","@id":"https:\/\/bikefit.lu\/de\/product\/cx241-black-silver\/#breadcrumb","itemListElement":[{"@type":"ListItem","position":1,"name":"Home","item":"https:\/\/bikefit.lu\/de\/"},{"@type":"ListItem","position":2,"name":"Produkte","item":"https:\/\/bikefit.lu\/de\/shop\/"},{"@type":"ListItem","position":3,"name":"CX241 Black\/Silver"}]},{"@type":"WebSite","@id":"https:\/\/bikefit.lu\/de\/#website","url":"https:\/\/bikefit.lu\/de\/","name":"bikefit.lu","description":"IMPROVING CYCLING","publisher":{"@id":"https:\/\/bikefit.lu\/de\/#\/schema\/person\/379af1263474d2f8cd1f41c2bd90273d"},"potentialAction":[{"@type":"SearchAction","target":{"@type":"EntryPoint","urlTemplate":"https:\/\/bikefit.lu\/de\/?s={search_term_string}"},"query-input":{"@type":"PropertyValueSpecification","valueRequired":true,"valueName":"search_term_string"}}],"inLanguage":"de"},{"@type":["Person","Organization"],"@id":"https:\/\/bikefit.lu\/de\/#\/schema\/person\/379af1263474d2f8cd1f41c2bd90273d","name":"Patrick Guillaume","image":{"@type":"ImageObject","inLanguage":"de","@id":"https:\/\/bikefit.lu\/wp-content\/uploads\/2024\/12\/cropped-bikefit-logoURL-RGB-jpg.jpg","url":"https:\/\/bikefit.lu\/wp-content\/uploads\/2024\/12\/cropped-bikefit-logoURL-RGB-jpg.jpg","contentUrl":"https:\/\/bikefit.lu\/wp-content\/uploads\/2024\/12\/cropped-bikefit-logoURL-RGB-jpg.jpg","width":512,"height":512,"caption":"Patrick Guillaume"},"logo":{"@id":"https:\/\/bikefit.lu\/wp-content\/uploads\/2024\/12\/cropped-bikefit-logoURL-RGB-jpg.jpg"},"sameAs":["https:\/\/bikefit.lu"],"honorificPrefix":"Mr","birthDate":"1966-11-18","gender":"male","knowsAbout":["Bike-fitting"],"knowsLanguage":["English","French","German","Luxembourgish"]}]},"og_availability":"instock","product_availability":"instock","product_condition":"new"},"_links":{"self":[{"href":"https:\/\/bikefit.lu\/de\/wp-json\/wp\/v2\/product\/80405","targetHints":{"allow":["GET"]}}],"collection":[{"href":"https:\/\/bikefit.lu\/de\/wp-json\/wp\/v2\/product"}],"about":[{"href":"https:\/\/bikefit.lu\/de\/wp-json\/wp\/v2\/types\/product"}],"replies":[{"embeddable":true,"href":"https:\/\/bikefit.lu\/de\/wp-json\/wp\/v2\/comments?post=80405"}],"version-history":[{"count":0,"href":"https:\/\/bikefit.lu\/de\/wp-json\/wp\/v2\/product\/80405\/revisions"}],"wp:featuredmedia":[{"embeddable":true,"href":"https:\/\/bikefit.lu\/de\/wp-json\/wp\/v2\/media\/88129"}],"wp:attachment":[{"href":"https:\/\/bikefit.lu\/de\/wp-json\/wp\/v2\/media?parent=80405"}],"wp:term":[{"taxonomy":"product_brand","embeddable":true,"href":"https:\/\/bikefit.lu\/de\/wp-json\/wp\/v2\/product_brand?post=80405"},{"taxonomy":"product_cat","embeddable":true,"href":"https:\/\/bikefit.lu\/de\/wp-json\/wp\/v2\/product_cat?post=80405"},{"taxonomy":"product_tag","embeddable":true,"href":"https:\/\/bikefit.lu\/de\/wp-json\/wp\/v2\/product_tag?post=80405"}],"curies":[{"name":"wp","href":"https:\/\/api.w.org\/{rel}","templated":true}]}}