{"id":80424,"date":"2020-04-22T22:47:09","date_gmt":"2020-04-22T22:47:09","guid":{"rendered":"https:\/\/staging.bikefit.lu\/shop\/unkategorisiert\/cx241-black-blue\/"},"modified":"2024-05-25T08:44:39","modified_gmt":"2024-05-25T08:44:39","slug":"cx241-black-blue","status":"publish","type":"product","link":"https:\/\/bikefit.lu\/de\/product\/cx241-black-blue\/","title":{"rendered":"CX241 Black\/Blue"},"content":{"rendered":"<p><strong>Form:<\/strong> CX Competition. Diese Form hat ein gebogeneres Profil als die Sport-Form. Die Hauptunterschiede sind eine erh\u00f6hte Vorder- und Fersenkappe und ein etwas breiterer Vorfu\u00dfumfang, damit sich der Fu\u00df unter hohem Pedaldruck ausdehnen kann.  <\/p>\n<p><strong>Obermaterial:<\/strong> Vollnarbenleder und Nufoam-Futter. Das Obermaterial ist in 4 unabh\u00e4ngigen Zonen unterteilt, um die flexibelste Passform f\u00fcr schmale oder breite F\u00fc\u00dfe sowie F\u00fc\u00dfe mit hohem und niedrigem Spann zu gew\u00e4hrleisten. Die formbare Fersenkappe verdoppelt den Fersenhalt f\u00fcr einen sicheren Sitz.  <\/p>\n<p><strong>Au\u00dfensohle:<\/strong> 100% Kohlefaser-Sohle. Erh\u00e4ltlich f\u00fcr 3-Loch-Pedalplatten. Eine Sohle aus 100% Kohlefaser, die ein komfortables Gef\u00fchl schafft. Ein leichtes und edles Paket.<\/p>\n<p><strong>Verschluss<\/strong>: Doppelseitig montiertes Push\/Pull IP1 BOA\u00ae-Schn\u00fcrsystem mit l\u00f6sbaren Schn\u00fcrf\u00fchrungen. Das doppelte BOA\u00ae-Verschlusssystem bietet noch mehr Einstellbarkeit als ein einzelnes BOA\u00ae. <\/p>\n<p><strong>Farben:<\/strong> Schwarz\/Silber, Schwarz\/Blau, Helcor Himmelblau \/ Weiss und Irisierendes Chrom\/Schwarz<\/p>\n<p><strong>Gr\u00f6\u00dfen<\/strong>: Regular: volle Gr\u00f6\u00dfen von 36 bis 48, 50, halbe Gr\u00f6\u00dfen von 39,5 bis 46,5. Wide: volle Gr\u00f6\u00dfen von 37 bis 48, 50, halbe Gr\u00f6\u00dfen von 39,5 bis 46,5.<\/p>\n<p>Um Ihnen bei der Suche nach der richtigen Gr\u00f6\u00dfe zu helfen, gehen Sie auf <a href=\"https:\/\/lakecycling.com\/pages\/sizing-charts\" target=\"_blank\" rel=\"noopener noreferrer\">diese Seite<\/a> oder kontaktieren Sie mich.<\/p>\n","protected":false},"excerpt":{"rendered":"<p><strong>Der CX241 ist das Ergebnis aller Erfahrung von LAKE, ausgereifter Materialien und Schuhmachertechniken, um einen Schuh herzustellen, der f\u00fcr jeden Fu\u00dftyp die beste Passform bietet. Mit einer hei\u00dfformbaren Fersenkappe und einem einzigartigen Obermaterial-Design, das ausreichend verstellbar ist, um F\u00fc\u00dfe mit jeder Risth\u00f6he oder jedem Fu\u00dfvolumen aufzunehmen, ohne den Komfort zu beeintr\u00e4chtigen. Fr\u00fcher ungl\u00fcckliche F\u00fc\u00dfe mit Ballen werden diesen Schuh lieben.  <\/strong><\/p>\n","protected":false},"featured_media":88165,"comment_status":"closed","ping_status":"closed","template":"","meta":[],"product_brand":[],"product_cat":[4878,4789,4909,4914],"product_tag":[4978,5005,5059,5125],"class_list":{"0":"post-80424","1":"product","2":"type-product","3":"status-publish","4":"has-post-thumbnail","6":"product_cat-cx241-en-de-2","7":"product_cat-sale-de","8":"product_cat-lake-shoes-de","9":"product_cat-strasse","10":"product_tag-black-blue-de","11":"product_tag-cx241-de","12":"product_tag-lake-cycling-de","13":"product_tag-road-de","14":"product_shipping_class-large-items-de","15":"pa_size-41-de","16":"pa_size-45-de","17":"pa_width-regular-de","19":"first","20":"instock","21":"sale","22":"taxable","23":"shipping-taxable","24":"purchasable","25":"product-type-variable"},"yoast_head":"<!-- This site is optimized with the Yoast SEO Premium plugin v27.3 (Yoast SEO v27.3) - https:\/\/yoast.com\/product\/yoast-seo-premium-wordpress\/ -->\n<title>CX241 Black\/Blue - bikefit.lu<\/title>\n<meta name=\"robots\" content=\"index, follow, max-snippet:-1, max-image-preview:large, max-video-preview:-1\" \/>\n<link rel=\"canonical\" href=\"https:\/\/bikefit.lu\/de\/product\/cx241-black-blue\/\" \/>\n<meta property=\"og:locale\" content=\"de_DE\" \/>\n<meta property=\"og:type\" content=\"article\" \/>\n<meta property=\"og:title\" content=\"CX241 Black\/Blue\" \/>\n<meta property=\"og:description\" content=\"Der CX241 ist das Ergebnis aller Erfahrung von LAKE, ausgereifter Materialien und Schuhmachertechniken, um einen Schuh herzustellen, der f\u00fcr jeden Fu\u00dftyp die beste Passform bietet. Mit einer hei\u00dfformbaren Fersenkappe und einem einzigartigen Obermaterial-Design, das ausreichend verstellbar ist, um F\u00fc\u00dfe mit jeder Risth\u00f6he oder jedem Fu\u00dfvolumen aufzunehmen, ohne den Komfort zu beeintr\u00e4chtigen. Fr\u00fcher ungl\u00fcckliche F\u00fc\u00dfe mit Ballen werden diesen Schuh lieben.\" \/>\n<meta property=\"og:url\" content=\"https:\/\/bikefit.lu\/de\/product\/cx241-black-blue\/\" \/>\n<meta property=\"og:site_name\" content=\"bikefit.lu\" \/>\n<meta property=\"article:modified_time\" content=\"2024-05-25T08:44:39+00:00\" \/>\n<meta property=\"og:image\" content=\"https:\/\/bikefit.lu\/wp-content\/uploads\/2020\/04\/CX241-BLACK-SKYBLUE-L-OUT_1024x1024.webp\" \/>\n\t<meta property=\"og:image:width\" content=\"1024\" \/>\n\t<meta property=\"og:image:height\" content=\"759\" \/>\n\t<meta property=\"og:image:type\" content=\"image\/webp\" \/>\n<meta name=\"twitter:card\" content=\"summary_large_image\" \/>\n<meta name=\"twitter:label1\" content=\"Verf\u00fcgbarkeit\" \/>\n\t<meta name=\"twitter:data1\" content=\"Auf Lager\" \/>\n<script type=\"application\/ld+json\" class=\"yoast-schema-graph\">{\"@context\":\"https:\\\/\\\/schema.org\",\"@graph\":[{\"@type\":\"WebPage\",\"@id\":\"https:\\\/\\\/bikefit.lu\\\/de\\\/product\\\/cx241-black-blue\\\/\",\"url\":\"https:\\\/\\\/bikefit.lu\\\/de\\\/product\\\/cx241-black-blue\\\/\",\"name\":\"CX241 Black\\\/Blue - bikefit.lu\",\"isPartOf\":{\"@id\":\"https:\\\/\\\/bikefit.lu\\\/de\\\/#website\"},\"primaryImageOfPage\":{\"@id\":\"https:\\\/\\\/bikefit.lu\\\/de\\\/product\\\/cx241-black-blue\\\/#primaryimage\"},\"image\":{\"@id\":\"https:\\\/\\\/bikefit.lu\\\/de\\\/product\\\/cx241-black-blue\\\/#primaryimage\"},\"thumbnailUrl\":\"https:\\\/\\\/bikefit.lu\\\/wp-content\\\/uploads\\\/2020\\\/04\\\/CX241-BLACK-SKYBLUE-L-OUT_1024x1024.webp\",\"datePublished\":\"2020-04-22T22:47:09+00:00\",\"dateModified\":\"2024-05-25T08:44:39+00:00\",\"breadcrumb\":{\"@id\":\"https:\\\/\\\/bikefit.lu\\\/de\\\/product\\\/cx241-black-blue\\\/#breadcrumb\"},\"inLanguage\":\"de\",\"potentialAction\":[{\"@type\":\"ReadAction\",\"target\":[\"https:\\\/\\\/bikefit.lu\\\/de\\\/product\\\/cx241-black-blue\\\/\"]}]},{\"@type\":\"ImageObject\",\"inLanguage\":\"de\",\"@id\":\"https:\\\/\\\/bikefit.lu\\\/de\\\/product\\\/cx241-black-blue\\\/#primaryimage\",\"url\":\"https:\\\/\\\/bikefit.lu\\\/wp-content\\\/uploads\\\/2020\\\/04\\\/CX241-BLACK-SKYBLUE-L-OUT_1024x1024.webp\",\"contentUrl\":\"https:\\\/\\\/bikefit.lu\\\/wp-content\\\/uploads\\\/2020\\\/04\\\/CX241-BLACK-SKYBLUE-L-OUT_1024x1024.webp\",\"width\":1024,\"height\":759},{\"@type\":\"BreadcrumbList\",\"@id\":\"https:\\\/\\\/bikefit.lu\\\/de\\\/product\\\/cx241-black-blue\\\/#breadcrumb\",\"itemListElement\":[{\"@type\":\"ListItem\",\"position\":1,\"name\":\"Home\",\"item\":\"https:\\\/\\\/bikefit.lu\\\/de\\\/\"},{\"@type\":\"ListItem\",\"position\":2,\"name\":\"Produkte\",\"item\":\"https:\\\/\\\/bikefit.lu\\\/de\\\/shop\\\/\"},{\"@type\":\"ListItem\",\"position\":3,\"name\":\"CX241 Black\\\/Blue\"}]},{\"@type\":\"WebSite\",\"@id\":\"https:\\\/\\\/bikefit.lu\\\/de\\\/#website\",\"url\":\"https:\\\/\\\/bikefit.lu\\\/de\\\/\",\"name\":\"bikefit.lu\",\"description\":\"IMPROVING CYCLING\",\"publisher\":{\"@id\":\"https:\\\/\\\/bikefit.lu\\\/de\\\/#\\\/schema\\\/person\\\/379af1263474d2f8cd1f41c2bd90273d\"},\"potentialAction\":[{\"@type\":\"SearchAction\",\"target\":{\"@type\":\"EntryPoint\",\"urlTemplate\":\"https:\\\/\\\/bikefit.lu\\\/de\\\/?s={search_term_string}\"},\"query-input\":{\"@type\":\"PropertyValueSpecification\",\"valueRequired\":true,\"valueName\":\"search_term_string\"}}],\"inLanguage\":\"de\"},{\"@type\":[\"Person\",\"Organization\"],\"@id\":\"https:\\\/\\\/bikefit.lu\\\/de\\\/#\\\/schema\\\/person\\\/379af1263474d2f8cd1f41c2bd90273d\",\"name\":\"Patrick Guillaume\",\"image\":{\"@type\":\"ImageObject\",\"inLanguage\":\"de\",\"@id\":\"https:\\\/\\\/bikefit.lu\\\/wp-content\\\/uploads\\\/2024\\\/12\\\/cropped-bikefit-logoURL-RGB-jpg.jpg\",\"url\":\"https:\\\/\\\/bikefit.lu\\\/wp-content\\\/uploads\\\/2024\\\/12\\\/cropped-bikefit-logoURL-RGB-jpg.jpg\",\"contentUrl\":\"https:\\\/\\\/bikefit.lu\\\/wp-content\\\/uploads\\\/2024\\\/12\\\/cropped-bikefit-logoURL-RGB-jpg.jpg\",\"width\":512,\"height\":512,\"caption\":\"Patrick Guillaume\"},\"logo\":{\"@id\":\"https:\\\/\\\/bikefit.lu\\\/wp-content\\\/uploads\\\/2024\\\/12\\\/cropped-bikefit-logoURL-RGB-jpg.jpg\"},\"sameAs\":[\"https:\\\/\\\/bikefit.lu\"],\"honorificPrefix\":\"Mr\",\"birthDate\":\"1966-11-18\",\"gender\":\"male\",\"knowsAbout\":[\"Bike-fitting\"],\"knowsLanguage\":[\"English\",\"French\",\"German\",\"Luxembourgish\"]}]}<\/script>\n<meta property=\"og:availability\" content=\"instock\" \/>\n<meta property=\"product:availability\" content=\"instock\" \/>\n<meta property=\"product:condition\" content=\"new\" \/>\n<!-- \/ Yoast SEO Premium plugin. -->","yoast_head_json":{"title":"CX241 Black\/Blue - bikefit.lu","robots":{"index":"index","follow":"follow","max-snippet":"max-snippet:-1","max-image-preview":"max-image-preview:large","max-video-preview":"max-video-preview:-1"},"canonical":"https:\/\/bikefit.lu\/de\/product\/cx241-black-blue\/","og_locale":"de_DE","og_type":"article","og_title":"CX241 Black\/Blue","og_description":"Der CX241 ist das Ergebnis aller Erfahrung von LAKE, ausgereifter Materialien und Schuhmachertechniken, um einen Schuh herzustellen, der f\u00fcr jeden Fu\u00dftyp die beste Passform bietet. Mit einer hei\u00dfformbaren Fersenkappe und einem einzigartigen Obermaterial-Design, das ausreichend verstellbar ist, um F\u00fc\u00dfe mit jeder Risth\u00f6he oder jedem Fu\u00dfvolumen aufzunehmen, ohne den Komfort zu beeintr\u00e4chtigen. Fr\u00fcher ungl\u00fcckliche F\u00fc\u00dfe mit Ballen werden diesen Schuh lieben.","og_url":"https:\/\/bikefit.lu\/de\/product\/cx241-black-blue\/","og_site_name":"bikefit.lu","article_modified_time":"2024-05-25T08:44:39+00:00","og_image":[{"width":1024,"height":759,"url":"https:\/\/bikefit.lu\/wp-content\/uploads\/2020\/04\/CX241-BLACK-SKYBLUE-L-OUT_1024x1024.webp","type":"image\/webp"}],"twitter_card":"summary_large_image","twitter_misc":{"Verf\u00fcgbarkeit":"Auf Lager"},"schema":{"@context":"https:\/\/schema.org","@graph":[{"@type":"WebPage","@id":"https:\/\/bikefit.lu\/de\/product\/cx241-black-blue\/","url":"https:\/\/bikefit.lu\/de\/product\/cx241-black-blue\/","name":"CX241 Black\/Blue - bikefit.lu","isPartOf":{"@id":"https:\/\/bikefit.lu\/de\/#website"},"primaryImageOfPage":{"@id":"https:\/\/bikefit.lu\/de\/product\/cx241-black-blue\/#primaryimage"},"image":{"@id":"https:\/\/bikefit.lu\/de\/product\/cx241-black-blue\/#primaryimage"},"thumbnailUrl":"https:\/\/bikefit.lu\/wp-content\/uploads\/2020\/04\/CX241-BLACK-SKYBLUE-L-OUT_1024x1024.webp","datePublished":"2020-04-22T22:47:09+00:00","dateModified":"2024-05-25T08:44:39+00:00","breadcrumb":{"@id":"https:\/\/bikefit.lu\/de\/product\/cx241-black-blue\/#breadcrumb"},"inLanguage":"de","potentialAction":[{"@type":"ReadAction","target":["https:\/\/bikefit.lu\/de\/product\/cx241-black-blue\/"]}]},{"@type":"ImageObject","inLanguage":"de","@id":"https:\/\/bikefit.lu\/de\/product\/cx241-black-blue\/#primaryimage","url":"https:\/\/bikefit.lu\/wp-content\/uploads\/2020\/04\/CX241-BLACK-SKYBLUE-L-OUT_1024x1024.webp","contentUrl":"https:\/\/bikefit.lu\/wp-content\/uploads\/2020\/04\/CX241-BLACK-SKYBLUE-L-OUT_1024x1024.webp","width":1024,"height":759},{"@type":"BreadcrumbList","@id":"https:\/\/bikefit.lu\/de\/product\/cx241-black-blue\/#breadcrumb","itemListElement":[{"@type":"ListItem","position":1,"name":"Home","item":"https:\/\/bikefit.lu\/de\/"},{"@type":"ListItem","position":2,"name":"Produkte","item":"https:\/\/bikefit.lu\/de\/shop\/"},{"@type":"ListItem","position":3,"name":"CX241 Black\/Blue"}]},{"@type":"WebSite","@id":"https:\/\/bikefit.lu\/de\/#website","url":"https:\/\/bikefit.lu\/de\/","name":"bikefit.lu","description":"IMPROVING CYCLING","publisher":{"@id":"https:\/\/bikefit.lu\/de\/#\/schema\/person\/379af1263474d2f8cd1f41c2bd90273d"},"potentialAction":[{"@type":"SearchAction","target":{"@type":"EntryPoint","urlTemplate":"https:\/\/bikefit.lu\/de\/?s={search_term_string}"},"query-input":{"@type":"PropertyValueSpecification","valueRequired":true,"valueName":"search_term_string"}}],"inLanguage":"de"},{"@type":["Person","Organization"],"@id":"https:\/\/bikefit.lu\/de\/#\/schema\/person\/379af1263474d2f8cd1f41c2bd90273d","name":"Patrick Guillaume","image":{"@type":"ImageObject","inLanguage":"de","@id":"https:\/\/bikefit.lu\/wp-content\/uploads\/2024\/12\/cropped-bikefit-logoURL-RGB-jpg.jpg","url":"https:\/\/bikefit.lu\/wp-content\/uploads\/2024\/12\/cropped-bikefit-logoURL-RGB-jpg.jpg","contentUrl":"https:\/\/bikefit.lu\/wp-content\/uploads\/2024\/12\/cropped-bikefit-logoURL-RGB-jpg.jpg","width":512,"height":512,"caption":"Patrick Guillaume"},"logo":{"@id":"https:\/\/bikefit.lu\/wp-content\/uploads\/2024\/12\/cropped-bikefit-logoURL-RGB-jpg.jpg"},"sameAs":["https:\/\/bikefit.lu"],"honorificPrefix":"Mr","birthDate":"1966-11-18","gender":"male","knowsAbout":["Bike-fitting"],"knowsLanguage":["English","French","German","Luxembourgish"]}]},"og_availability":"instock","product_availability":"instock","product_condition":"new"},"_links":{"self":[{"href":"https:\/\/bikefit.lu\/de\/wp-json\/wp\/v2\/product\/80424","targetHints":{"allow":["GET"]}}],"collection":[{"href":"https:\/\/bikefit.lu\/de\/wp-json\/wp\/v2\/product"}],"about":[{"href":"https:\/\/bikefit.lu\/de\/wp-json\/wp\/v2\/types\/product"}],"replies":[{"embeddable":true,"href":"https:\/\/bikefit.lu\/de\/wp-json\/wp\/v2\/comments?post=80424"}],"version-history":[{"count":0,"href":"https:\/\/bikefit.lu\/de\/wp-json\/wp\/v2\/product\/80424\/revisions"}],"wp:featuredmedia":[{"embeddable":true,"href":"https:\/\/bikefit.lu\/de\/wp-json\/wp\/v2\/media\/88165"}],"wp:attachment":[{"href":"https:\/\/bikefit.lu\/de\/wp-json\/wp\/v2\/media?parent=80424"}],"wp:term":[{"taxonomy":"product_brand","embeddable":true,"href":"https:\/\/bikefit.lu\/de\/wp-json\/wp\/v2\/product_brand?post=80424"},{"taxonomy":"product_cat","embeddable":true,"href":"https:\/\/bikefit.lu\/de\/wp-json\/wp\/v2\/product_cat?post=80424"},{"taxonomy":"product_tag","embeddable":true,"href":"https:\/\/bikefit.lu\/de\/wp-json\/wp\/v2\/product_tag?post=80424"}],"curies":[{"name":"wp","href":"https:\/\/api.w.org\/{rel}","templated":true}]}}