{"id":81056,"date":"2020-12-16T17:23:50","date_gmt":"2020-12-16T16:23:50","guid":{"rendered":"https:\/\/staging.bikefit.lu\/shop\/unkategorisiert\/cx201-black\/"},"modified":"2024-07-30T10:53:14","modified_gmt":"2024-07-30T10:53:14","slug":"cx201-black","status":"publish","type":"product","link":"https:\/\/bikefit.lu\/de\/product\/cx201-black\/","title":{"rendered":"CX201 Black"},"content":{"rendered":"<p><strong>Form (Last):<\/strong> CX Comfort Plus<br \/><strong>Obermaterial:<\/strong> Clarino Microfiber-Obermaterial mit atmungsaktiver, feuchtigkeitsableitender NuFOAM \u2122 -Schale mit antimikrobiellem Trek-Dry-Innenfutter. Das einzigartige Design von NuFoam sorgt daf\u00fcr, dass sich Ihr Fu\u00df k\u00fchl und trocken anf\u00fchlt. Die innerste Schicht des NuFoam-Pakets besteht aus antimikrobiellem und feuchtigkeitsableitendem Trek-Dry-Material aus karbonisiertem Bambus. Der Trek-Dry zieht Feuchtigkeit vom Fu\u00df weg zur Oberfl\u00e4che des Schuhs. Die mittlere Schicht des Nufoam-Pakets besteht aus einem 2-mm-Lochschaum mit geschlossenen Zellen, der als Abstandshalter fungiert, damit Luft in den Schuh str\u00f6men kann und somit Verdunstung entsteht. Dieser Prozess funktioniert als K\u00fchlsystem, bei dem die verdunstende Feuchtigkeit den Fu\u00df abk\u00fchlt und gleichzeitig trocken h\u00e4lt.<br \/><strong>Au\u00dfensohle:<\/strong> Lake Comfort Plus Carbon Composite Sohle. Erh\u00e4ltlich in 3-Loch-Cleatmuster.<br \/><strong>Verschluss: <\/strong>Ganz neues seitlich montiertes BOA\u00ae Li2 Push \/ Pull-Schn\u00fcrsystem<br \/><strong>Farben: <\/strong>Wei\u00df\/Schwarz oder Schwarz\/Wei\u00df<br \/><strong>Gr\u00f6\u00dfen: <\/strong>Nur Regular.       Volle Gr\u00f6\u00dfen von 36 bis 48, 50, halbe Gr\u00f6\u00dfen von 39,5 bis 46,5.<\/p>\n","protected":false},"excerpt":{"rendered":"[video width=\"848\" height=\"480\" mp4=\"https:\/\/bikefit.lu\/wp-content\/uploads\/2020\/12\/WhatsApp-Video-2020-12-16-at-10.51.09.mp4\"][\/video]\n<p>&nbsp; Komfort und Passform auf die n\u00e4chste Stufe zu bringen zu wollen, ergibt den <strong>CX201<\/strong>. Mit einer brandneuen Form mit einer breiteren Zehenbox und einer einzigartigen Konstruktion, die einen leichten und extrem atmungsaktiven Schuh mit einer gro\u00dfz\u00fcgigen Vorfu\u00dfplattform bietet, die eine Vielzahl von Fu\u00dfformen aufnehmen kann.<br \/>CX201 basiert auf einer v\u00f6llig neuen Form, die mehr als nur zus\u00e4tzliche Breite bietet. Die Abmessungen der neuen <strong>Comfort Plus Form<\/strong> sind einzigartig und sorgen f\u00fcr einen Schuh, der nicht nur eine andere Form hat und einfach anders aussieht, sondern auch eine deutlich andere Passform und Gef\u00fchl bietet. Bemerkenswerter Unterschied zwischen Comfort Plus Last und Competition Last:<br \/>\u2013 Erweiterte vordere Zehenform<br \/>\u2013 Gr\u00f6\u00dferes Volumen des Taillenumfangs<br \/>\u2013 Niedrigere H\u00f6he unter dem Fu\u00dfgew\u00f6lbe<br \/>\u2013 Runderer Fersenbereich    <\/p>\n","protected":false},"featured_media":77510,"comment_status":"closed","ping_status":"closed","template":"","meta":[],"product_brand":[],"product_cat":[4864,4909,4914],"product_tag":[4973,5000,5059,5125],"class_list":{"0":"post-81056","1":"product","2":"type-product","3":"status-publish","4":"has-post-thumbnail","6":"product_cat-cx201-de","7":"product_cat-lake-shoes-de","8":"product_cat-strasse","9":"product_tag-black-de","10":"product_tag-cx201-de","11":"product_tag-lake-cycling-de","12":"product_tag-road-de","13":"product_shipping_class-large-items-de","14":"pa_size-36-de","15":"pa_size-37-de-2","16":"pa_size-38-de","17":"pa_size-39-de-2","18":"pa_size-39-5-de","19":"pa_size-40-de-2","20":"pa_size-40-5-de","21":"pa_size-41-de","22":"pa_size-41-5-de","23":"pa_size-42-de","24":"pa_size-42-5-de","25":"pa_size-43-de-2","26":"pa_size-43-5-de-2","27":"pa_size-44-de","28":"pa_size-44-5-de","29":"pa_size-45-de","30":"pa_size-45-5-de","31":"pa_size-46-de","32":"pa_size-46-5-de","33":"pa_size-47-de","34":"pa_size-48-de","35":"pa_size-50-de","37":"first","38":"instock","39":"taxable","40":"shipping-taxable","41":"purchasable","42":"product-type-variable"},"yoast_head":"<!-- This site is optimized with the Yoast SEO Premium plugin v27.3 (Yoast SEO v27.3) - https:\/\/yoast.com\/product\/yoast-seo-premium-wordpress\/ -->\n<title>CX201 Black - bikefit.lu<\/title>\n<meta name=\"robots\" content=\"index, follow, max-snippet:-1, max-image-preview:large, max-video-preview:-1\" \/>\n<link rel=\"canonical\" href=\"https:\/\/bikefit.lu\/de\/product\/cx201-black\/\" \/>\n<meta property=\"og:locale\" content=\"de_DE\" \/>\n<meta property=\"og:type\" content=\"article\" \/>\n<meta property=\"og:title\" content=\"CX201 Black\" \/>\n<meta property=\"og:description\" content=\"&nbsp; Komfort und Passform auf die n\u00e4chste Stufe zu bringen zu wollen, ergibt den CX201. Mit einer brandneuen Form mit einer breiteren Zehenbox und einer einzigartigen Konstruktion, die einen leichten und extrem atmungsaktiven Schuh mit einer gro\u00dfz\u00fcgigen Vorfu\u00dfplattform bietet, die eine Vielzahl von Fu\u00dfformen aufnehmen kann.CX201 basiert auf einer v\u00f6llig neuen Form, die mehr als nur zus\u00e4tzliche Breite bietet. Die Abmessungen der neuen Comfort Plus Form sind einzigartig und sorgen f\u00fcr einen Schuh, der nicht nur eine andere Form hat und einfach anders aussieht, sondern auch eine deutlich andere Passform und Gef\u00fchl bietet. Bemerkenswerter Unterschied zwischen Comfort Plus Last und Competition Last:\u2013 Erweiterte vordere Zehenform\u2013 Gr\u00f6\u00dferes Volumen des Taillenumfangs\u2013 Niedrigere H\u00f6he unter dem Fu\u00dfgew\u00f6lbe\u2013 Runderer Fersenbereich\" \/>\n<meta property=\"og:url\" content=\"https:\/\/bikefit.lu\/de\/product\/cx201-black\/\" \/>\n<meta property=\"og:site_name\" content=\"bikefit.lu\" \/>\n<meta property=\"article:modified_time\" content=\"2024-07-30T10:53:14+00:00\" \/>\n<meta property=\"og:image\" content=\"https:\/\/bikefit.lu\/wp-content\/uploads\/2024\/02\/CX201-BLACK-WHITE-FRNT.webp\" \/>\n\t<meta property=\"og:image:width\" content=\"1800\" \/>\n\t<meta property=\"og:image:height\" content=\"1305\" \/>\n\t<meta property=\"og:image:type\" content=\"image\/webp\" \/>\n<meta name=\"twitter:card\" content=\"summary_large_image\" \/>\n<meta name=\"twitter:label1\" content=\"Verf\u00fcgbarkeit\" \/>\n\t<meta name=\"twitter:data1\" content=\"Auf Lager\" \/>\n<script type=\"application\/ld+json\" class=\"yoast-schema-graph\">{\"@context\":\"https:\\\/\\\/schema.org\",\"@graph\":[{\"@type\":\"WebPage\",\"@id\":\"https:\\\/\\\/bikefit.lu\\\/de\\\/product\\\/cx201-black\\\/\",\"url\":\"https:\\\/\\\/bikefit.lu\\\/de\\\/product\\\/cx201-black\\\/\",\"name\":\"CX201 Black - bikefit.lu\",\"isPartOf\":{\"@id\":\"https:\\\/\\\/bikefit.lu\\\/de\\\/#website\"},\"primaryImageOfPage\":{\"@id\":\"https:\\\/\\\/bikefit.lu\\\/de\\\/product\\\/cx201-black\\\/#primaryimage\"},\"image\":{\"@id\":\"https:\\\/\\\/bikefit.lu\\\/de\\\/product\\\/cx201-black\\\/#primaryimage\"},\"thumbnailUrl\":\"https:\\\/\\\/bikefit.lu\\\/wp-content\\\/uploads\\\/2024\\\/02\\\/CX201-BLACK-WHITE-FRNT.webp\",\"datePublished\":\"2020-12-16T16:23:50+00:00\",\"dateModified\":\"2024-07-30T10:53:14+00:00\",\"breadcrumb\":{\"@id\":\"https:\\\/\\\/bikefit.lu\\\/de\\\/product\\\/cx201-black\\\/#breadcrumb\"},\"inLanguage\":\"de\",\"potentialAction\":[{\"@type\":\"ReadAction\",\"target\":[\"https:\\\/\\\/bikefit.lu\\\/de\\\/product\\\/cx201-black\\\/\"]}]},{\"@type\":\"ImageObject\",\"inLanguage\":\"de\",\"@id\":\"https:\\\/\\\/bikefit.lu\\\/de\\\/product\\\/cx201-black\\\/#primaryimage\",\"url\":\"https:\\\/\\\/bikefit.lu\\\/wp-content\\\/uploads\\\/2024\\\/02\\\/CX201-BLACK-WHITE-FRNT.webp\",\"contentUrl\":\"https:\\\/\\\/bikefit.lu\\\/wp-content\\\/uploads\\\/2024\\\/02\\\/CX201-BLACK-WHITE-FRNT.webp\",\"width\":1800,\"height\":1305},{\"@type\":\"BreadcrumbList\",\"@id\":\"https:\\\/\\\/bikefit.lu\\\/de\\\/product\\\/cx201-black\\\/#breadcrumb\",\"itemListElement\":[{\"@type\":\"ListItem\",\"position\":1,\"name\":\"Home\",\"item\":\"https:\\\/\\\/bikefit.lu\\\/de\\\/\"},{\"@type\":\"ListItem\",\"position\":2,\"name\":\"Produkte\",\"item\":\"https:\\\/\\\/bikefit.lu\\\/de\\\/shop\\\/\"},{\"@type\":\"ListItem\",\"position\":3,\"name\":\"CX201 Black\"}]},{\"@type\":\"WebSite\",\"@id\":\"https:\\\/\\\/bikefit.lu\\\/de\\\/#website\",\"url\":\"https:\\\/\\\/bikefit.lu\\\/de\\\/\",\"name\":\"bikefit.lu\",\"description\":\"IMPROVING CYCLING\",\"publisher\":{\"@id\":\"https:\\\/\\\/bikefit.lu\\\/de\\\/#\\\/schema\\\/person\\\/379af1263474d2f8cd1f41c2bd90273d\"},\"potentialAction\":[{\"@type\":\"SearchAction\",\"target\":{\"@type\":\"EntryPoint\",\"urlTemplate\":\"https:\\\/\\\/bikefit.lu\\\/de\\\/?s={search_term_string}\"},\"query-input\":{\"@type\":\"PropertyValueSpecification\",\"valueRequired\":true,\"valueName\":\"search_term_string\"}}],\"inLanguage\":\"de\"},{\"@type\":[\"Person\",\"Organization\"],\"@id\":\"https:\\\/\\\/bikefit.lu\\\/de\\\/#\\\/schema\\\/person\\\/379af1263474d2f8cd1f41c2bd90273d\",\"name\":\"Patrick Guillaume\",\"image\":{\"@type\":\"ImageObject\",\"inLanguage\":\"de\",\"@id\":\"https:\\\/\\\/bikefit.lu\\\/wp-content\\\/uploads\\\/2024\\\/12\\\/cropped-bikefit-logoURL-RGB-jpg.jpg\",\"url\":\"https:\\\/\\\/bikefit.lu\\\/wp-content\\\/uploads\\\/2024\\\/12\\\/cropped-bikefit-logoURL-RGB-jpg.jpg\",\"contentUrl\":\"https:\\\/\\\/bikefit.lu\\\/wp-content\\\/uploads\\\/2024\\\/12\\\/cropped-bikefit-logoURL-RGB-jpg.jpg\",\"width\":512,\"height\":512,\"caption\":\"Patrick Guillaume\"},\"logo\":{\"@id\":\"https:\\\/\\\/bikefit.lu\\\/wp-content\\\/uploads\\\/2024\\\/12\\\/cropped-bikefit-logoURL-RGB-jpg.jpg\"},\"sameAs\":[\"https:\\\/\\\/bikefit.lu\"],\"honorificPrefix\":\"Mr\",\"birthDate\":\"1966-11-18\",\"gender\":\"male\",\"knowsAbout\":[\"Bike-fitting\"],\"knowsLanguage\":[\"English\",\"French\",\"German\",\"Luxembourgish\"]}]}<\/script>\n<meta property=\"og:availability\" content=\"instock\" \/>\n<meta property=\"product:availability\" content=\"instock\" \/>\n<meta property=\"product:condition\" content=\"new\" \/>\n<!-- \/ Yoast SEO Premium plugin. -->","yoast_head_json":{"title":"CX201 Black - bikefit.lu","robots":{"index":"index","follow":"follow","max-snippet":"max-snippet:-1","max-image-preview":"max-image-preview:large","max-video-preview":"max-video-preview:-1"},"canonical":"https:\/\/bikefit.lu\/de\/product\/cx201-black\/","og_locale":"de_DE","og_type":"article","og_title":"CX201 Black","og_description":"&nbsp; Komfort und Passform auf die n\u00e4chste Stufe zu bringen zu wollen, ergibt den CX201. Mit einer brandneuen Form mit einer breiteren Zehenbox und einer einzigartigen Konstruktion, die einen leichten und extrem atmungsaktiven Schuh mit einer gro\u00dfz\u00fcgigen Vorfu\u00dfplattform bietet, die eine Vielzahl von Fu\u00dfformen aufnehmen kann.CX201 basiert auf einer v\u00f6llig neuen Form, die mehr als nur zus\u00e4tzliche Breite bietet. Die Abmessungen der neuen Comfort Plus Form sind einzigartig und sorgen f\u00fcr einen Schuh, der nicht nur eine andere Form hat und einfach anders aussieht, sondern auch eine deutlich andere Passform und Gef\u00fchl bietet. Bemerkenswerter Unterschied zwischen Comfort Plus Last und Competition Last:\u2013 Erweiterte vordere Zehenform\u2013 Gr\u00f6\u00dferes Volumen des Taillenumfangs\u2013 Niedrigere H\u00f6he unter dem Fu\u00dfgew\u00f6lbe\u2013 Runderer Fersenbereich","og_url":"https:\/\/bikefit.lu\/de\/product\/cx201-black\/","og_site_name":"bikefit.lu","article_modified_time":"2024-07-30T10:53:14+00:00","og_image":[{"width":1800,"height":1305,"url":"https:\/\/bikefit.lu\/wp-content\/uploads\/2024\/02\/CX201-BLACK-WHITE-FRNT.webp","type":"image\/webp"}],"twitter_card":"summary_large_image","twitter_misc":{"Verf\u00fcgbarkeit":"Auf Lager"},"schema":{"@context":"https:\/\/schema.org","@graph":[{"@type":"WebPage","@id":"https:\/\/bikefit.lu\/de\/product\/cx201-black\/","url":"https:\/\/bikefit.lu\/de\/product\/cx201-black\/","name":"CX201 Black - bikefit.lu","isPartOf":{"@id":"https:\/\/bikefit.lu\/de\/#website"},"primaryImageOfPage":{"@id":"https:\/\/bikefit.lu\/de\/product\/cx201-black\/#primaryimage"},"image":{"@id":"https:\/\/bikefit.lu\/de\/product\/cx201-black\/#primaryimage"},"thumbnailUrl":"https:\/\/bikefit.lu\/wp-content\/uploads\/2024\/02\/CX201-BLACK-WHITE-FRNT.webp","datePublished":"2020-12-16T16:23:50+00:00","dateModified":"2024-07-30T10:53:14+00:00","breadcrumb":{"@id":"https:\/\/bikefit.lu\/de\/product\/cx201-black\/#breadcrumb"},"inLanguage":"de","potentialAction":[{"@type":"ReadAction","target":["https:\/\/bikefit.lu\/de\/product\/cx201-black\/"]}]},{"@type":"ImageObject","inLanguage":"de","@id":"https:\/\/bikefit.lu\/de\/product\/cx201-black\/#primaryimage","url":"https:\/\/bikefit.lu\/wp-content\/uploads\/2024\/02\/CX201-BLACK-WHITE-FRNT.webp","contentUrl":"https:\/\/bikefit.lu\/wp-content\/uploads\/2024\/02\/CX201-BLACK-WHITE-FRNT.webp","width":1800,"height":1305},{"@type":"BreadcrumbList","@id":"https:\/\/bikefit.lu\/de\/product\/cx201-black\/#breadcrumb","itemListElement":[{"@type":"ListItem","position":1,"name":"Home","item":"https:\/\/bikefit.lu\/de\/"},{"@type":"ListItem","position":2,"name":"Produkte","item":"https:\/\/bikefit.lu\/de\/shop\/"},{"@type":"ListItem","position":3,"name":"CX201 Black"}]},{"@type":"WebSite","@id":"https:\/\/bikefit.lu\/de\/#website","url":"https:\/\/bikefit.lu\/de\/","name":"bikefit.lu","description":"IMPROVING CYCLING","publisher":{"@id":"https:\/\/bikefit.lu\/de\/#\/schema\/person\/379af1263474d2f8cd1f41c2bd90273d"},"potentialAction":[{"@type":"SearchAction","target":{"@type":"EntryPoint","urlTemplate":"https:\/\/bikefit.lu\/de\/?s={search_term_string}"},"query-input":{"@type":"PropertyValueSpecification","valueRequired":true,"valueName":"search_term_string"}}],"inLanguage":"de"},{"@type":["Person","Organization"],"@id":"https:\/\/bikefit.lu\/de\/#\/schema\/person\/379af1263474d2f8cd1f41c2bd90273d","name":"Patrick Guillaume","image":{"@type":"ImageObject","inLanguage":"de","@id":"https:\/\/bikefit.lu\/wp-content\/uploads\/2024\/12\/cropped-bikefit-logoURL-RGB-jpg.jpg","url":"https:\/\/bikefit.lu\/wp-content\/uploads\/2024\/12\/cropped-bikefit-logoURL-RGB-jpg.jpg","contentUrl":"https:\/\/bikefit.lu\/wp-content\/uploads\/2024\/12\/cropped-bikefit-logoURL-RGB-jpg.jpg","width":512,"height":512,"caption":"Patrick Guillaume"},"logo":{"@id":"https:\/\/bikefit.lu\/wp-content\/uploads\/2024\/12\/cropped-bikefit-logoURL-RGB-jpg.jpg"},"sameAs":["https:\/\/bikefit.lu"],"honorificPrefix":"Mr","birthDate":"1966-11-18","gender":"male","knowsAbout":["Bike-fitting"],"knowsLanguage":["English","French","German","Luxembourgish"]}]},"og_availability":"instock","product_availability":"instock","product_condition":"new"},"_links":{"self":[{"href":"https:\/\/bikefit.lu\/de\/wp-json\/wp\/v2\/product\/81056","targetHints":{"allow":["GET"]}}],"collection":[{"href":"https:\/\/bikefit.lu\/de\/wp-json\/wp\/v2\/product"}],"about":[{"href":"https:\/\/bikefit.lu\/de\/wp-json\/wp\/v2\/types\/product"}],"replies":[{"embeddable":true,"href":"https:\/\/bikefit.lu\/de\/wp-json\/wp\/v2\/comments?post=81056"}],"version-history":[{"count":0,"href":"https:\/\/bikefit.lu\/de\/wp-json\/wp\/v2\/product\/81056\/revisions"}],"wp:featuredmedia":[{"embeddable":true,"href":"https:\/\/bikefit.lu\/de\/wp-json\/wp\/v2\/media\/77510"}],"wp:attachment":[{"href":"https:\/\/bikefit.lu\/de\/wp-json\/wp\/v2\/media?parent=81056"}],"wp:term":[{"taxonomy":"product_brand","embeddable":true,"href":"https:\/\/bikefit.lu\/de\/wp-json\/wp\/v2\/product_brand?post=81056"},{"taxonomy":"product_cat","embeddable":true,"href":"https:\/\/bikefit.lu\/de\/wp-json\/wp\/v2\/product_cat?post=81056"},{"taxonomy":"product_tag","embeddable":true,"href":"https:\/\/bikefit.lu\/de\/wp-json\/wp\/v2\/product_tag?post=81056"}],"curies":[{"name":"wp","href":"https:\/\/api.w.org\/{rel}","templated":true}]}}