{"id":81472,"date":"2023-11-18T14:04:26","date_gmt":"2023-11-18T14:04:26","guid":{"rendered":"https:\/\/staging.bikefit.lu\/shop\/unkategorisiert\/mx242-bio-camo\/"},"modified":"2024-09-12T05:18:00","modified_gmt":"2024-09-12T05:18:00","slug":"mx242-bio-camo","status":"publish","type":"product","link":"https:\/\/bikefit.lu\/de\/product\/mx242-bio-camo\/","title":{"rendered":"MX242 Bio Camo"},"content":{"rendered":"<p><strong>Form:<\/strong> MX Competition. Der Competition-Leisten weist ein st\u00e4rker gekr\u00fcmmtes Profil auf als der Sport-Leisten. Die Hauptunterschiede umfassen eine erh\u00f6hte Zehenneigung und Fersenanhebung sowie eine etwas breitere Ballenweite, um dem Fu\u00df unter hohem Pedaldruck Raum zum Ausdehnen zu geben. <strong>Obermaterial:<\/strong> Helcor Abriebleder, Vollnarbenleder und Nufoam-Futter mit Carbonfaser-St\u00fctzeins\u00e4tzen, die helfen, einen sicheren Sitz zu gew\u00e4hrleisten und die Fu\u00dfstabilit\u00e4t zu erh\u00f6hen. Das abriebfeste Helcor-Leder ist speziell darauf ausgelegt, extrem widerstandsf\u00e4hig gegen Reibung, Kratzer und Schrammen zu sein. Das Obermaterial ist in 6 unabh\u00e4ngige Zonen unterteilt, um eine flexible Passform zu erm\u00f6glichen, die sowohl schmale als auch breite F\u00fc\u00dfe sowie hohe und niedrige Spannf\u00fc\u00dfe aufnehmen kann. Die formbare Fersenkappe verdoppelt den Fersenhalt f\u00fcr einen sicheren Sitz.    <strong>Sohle:<\/strong> Lake Competition 100% Carbonfaser-Sohle mit Mountain Race X echter Gummisohle. <strong>Verschluss:<\/strong> BOA\u00ae Fit System Seitlich montierter Li2 Push\/Pull-Drehknopf mit l\u00f6sbaren F\u00fchrungen, integriert in Lakes unglaublich gut sitzende und bequeme Obermaterialien.<br \/>\nEs gibt kein einzelnes Element, das die Passform des Schuhs ausmacht, und noch wichtiger ist, dass Passform nicht immer gleichbedeutend mit Komfort ist.<br \/>\nDas duale BOA\u00ae-Fit-System ist im Radsport nicht einzigartig, sondern wie wir dieses Drehknopfsystem in Verbindung mit unserem hauseigenen Design, der Entwicklung, der Schnittmusterarbeit, unserem erstklassigen Schuhleisten und der Auswahl an hochwertigen Obermaterialien verwenden, macht dieses System so erfolgreich und erkl\u00e4rt, warum Lake-Schuhe weltweit als die am besten sitzenden und bequemsten Hochleistungs-Radschuhe bekannt sind. <strong>Farben:<\/strong> Schwarz\/Silber oder Bio Camo <strong>Gr\u00f6\u00dfen:<\/strong> Regul\u00e4r: ganze Gr\u00f6\u00dfen von 37 bis 50, 52, halbe Gr\u00f6\u00dfen von 39.5 bis 46.5.<br \/>\nWeit: ganze Gr\u00f6\u00dfen von 39 bis 50, 52, halbe Gr\u00f6\u00dfen von 39.5 bis 46.5. Um Ihnen zu helfen, die richtige Gr\u00f6\u00dfe zu finden, gehen Sie zu <a href=\"https:\/\/lakecycling.com\/pages\/sizing-charts\" target=\"_blank\" rel=\"noopener noreferrer\">dieser Seite<\/a> oder kontaktieren Sie mich.   <\/p>\n","protected":false},"excerpt":{"rendered":"<p><strong>Der MX242 ist die Kr\u00f6nung von LAKEs Erfahrung, fortschrittlichen Materialien und Schuhherstellungstechniken, um einen Schuh zu schaffen, der die beste Passforml\u00f6sung f\u00fcr jeden Fu\u00dftyp bietet.<br \/>\nMit einer hitzeformbaren Fersenkappe und einem einzigartig gestalteten Obermaterial, das gen\u00fcgend Anpassungsm\u00f6glichkeiten bietet, um F\u00fc\u00dfe mit jeder Spannh\u00f6he oder Fu\u00dfvolumen aufzunehmen, ohne den Komfort zu beeintr\u00e4chtigen.<br \/>\nEhemals ungl\u00fcckliche F\u00fc\u00dfe mit Ballenproblemen werden diesen Schuh lieben.<br \/>\nIm Vergleich zum MX241 hat er eine rundere, breitere Zehenbox.   <\/strong><\/p>\n","protected":false},"featured_media":76874,"comment_status":"closed","ping_status":"closed","template":"","meta":[],"product_brand":[],"product_cat":[4909,4857,4911],"product_tag":[4969,5059,5101,5110],"class_list":{"0":"post-81472","1":"product","2":"type-product","3":"status-publish","4":"has-post-thumbnail","6":"product_cat-lake-shoes-de","7":"product_cat-mx242-en-de-2","8":"product_cat-offroad-lake-shoes-de","9":"product_tag-bio-camo-de","10":"product_tag-lake-cycling-de","11":"product_tag-mx242-de","12":"product_tag-offroad-de","13":"product_shipping_class-large-items-de","14":"pa_size-37-de-2","15":"pa_size-38-de","16":"pa_size-39-de-2","17":"pa_size-39-5-de","18":"pa_size-40-de-2","19":"pa_size-40-5-de","20":"pa_size-41-de","21":"pa_size-41-5-de","22":"pa_size-42-de","23":"pa_size-42-5-de","24":"pa_size-43-de-2","25":"pa_size-44-de","26":"pa_size-44-5-de","27":"pa_size-45-de","28":"pa_size-45-5-de","29":"pa_size-46-de","30":"pa_size-46-5-de","31":"pa_size-47-de","32":"pa_size-48-de","33":"pa_size-50-de","34":"pa_width-regular-de","35":"pa_width-wide-de-2","37":"first","38":"instock","39":"taxable","40":"shipping-taxable","41":"purchasable","42":"product-type-variable"},"yoast_head":"<!-- This site is optimized with the Yoast SEO Premium plugin v27.3 (Yoast SEO v27.3) - https:\/\/yoast.com\/product\/yoast-seo-premium-wordpress\/ -->\n<title>MX242 Bio Camo - bikefit.lu<\/title>\n<meta name=\"robots\" content=\"index, follow, max-snippet:-1, max-image-preview:large, max-video-preview:-1\" \/>\n<link rel=\"canonical\" href=\"https:\/\/bikefit.lu\/de\/product\/mx242-bio-camo\/\" \/>\n<meta property=\"og:locale\" content=\"de_DE\" \/>\n<meta property=\"og:type\" content=\"article\" \/>\n<meta property=\"og:title\" content=\"MX242 Bio Camo\" \/>\n<meta property=\"og:description\" content=\"Der MX242 ist die Kr\u00f6nung von LAKEs Erfahrung, fortschrittlichen Materialien und Schuhherstellungstechniken, um einen Schuh zu schaffen, der die beste Passforml\u00f6sung f\u00fcr jeden Fu\u00dftyp bietet. Mit einer hitzeformbaren Fersenkappe und einem einzigartig gestalteten Obermaterial, das gen\u00fcgend Anpassungsm\u00f6glichkeiten bietet, um F\u00fc\u00dfe mit jeder Spannh\u00f6he oder Fu\u00dfvolumen aufzunehmen, ohne den Komfort zu beeintr\u00e4chtigen. Ehemals ungl\u00fcckliche F\u00fc\u00dfe mit Ballenproblemen werden diesen Schuh lieben. Im Vergleich zum MX241 hat er eine rundere, breitere Zehenbox.\" \/>\n<meta property=\"og:url\" content=\"https:\/\/bikefit.lu\/de\/product\/mx242-bio-camo\/\" \/>\n<meta property=\"og:site_name\" content=\"bikefit.lu\" \/>\n<meta property=\"article:modified_time\" content=\"2024-09-12T05:18:00+00:00\" \/>\n<meta property=\"og:image\" content=\"https:\/\/bikefit.lu\/wp-content\/uploads\/2023\/04\/MX242-BIOCAMO-FRNT_1800x1800.webp\" \/>\n\t<meta property=\"og:image:width\" content=\"1025\" \/>\n\t<meta property=\"og:image:height\" content=\"760\" \/>\n\t<meta property=\"og:image:type\" content=\"image\/webp\" \/>\n<meta name=\"twitter:card\" content=\"summary_large_image\" \/>\n<meta name=\"twitter:label1\" content=\"Verf\u00fcgbarkeit\" \/>\n\t<meta name=\"twitter:data1\" content=\"Auf Lager\" \/>\n<script type=\"application\/ld+json\" class=\"yoast-schema-graph\">{\"@context\":\"https:\\\/\\\/schema.org\",\"@graph\":[{\"@type\":\"WebPage\",\"@id\":\"https:\\\/\\\/bikefit.lu\\\/de\\\/product\\\/mx242-bio-camo\\\/\",\"url\":\"https:\\\/\\\/bikefit.lu\\\/de\\\/product\\\/mx242-bio-camo\\\/\",\"name\":\"MX242 Bio Camo - bikefit.lu\",\"isPartOf\":{\"@id\":\"https:\\\/\\\/bikefit.lu\\\/de\\\/#website\"},\"primaryImageOfPage\":{\"@id\":\"https:\\\/\\\/bikefit.lu\\\/de\\\/product\\\/mx242-bio-camo\\\/#primaryimage\"},\"image\":{\"@id\":\"https:\\\/\\\/bikefit.lu\\\/de\\\/product\\\/mx242-bio-camo\\\/#primaryimage\"},\"thumbnailUrl\":\"https:\\\/\\\/bikefit.lu\\\/wp-content\\\/uploads\\\/2023\\\/04\\\/MX242-BIOCAMO-FRNT_1800x1800.webp\",\"datePublished\":\"2023-11-18T14:04:26+00:00\",\"dateModified\":\"2024-09-12T05:18:00+00:00\",\"breadcrumb\":{\"@id\":\"https:\\\/\\\/bikefit.lu\\\/de\\\/product\\\/mx242-bio-camo\\\/#breadcrumb\"},\"inLanguage\":\"de\",\"potentialAction\":[{\"@type\":\"ReadAction\",\"target\":[\"https:\\\/\\\/bikefit.lu\\\/de\\\/product\\\/mx242-bio-camo\\\/\"]}]},{\"@type\":\"ImageObject\",\"inLanguage\":\"de\",\"@id\":\"https:\\\/\\\/bikefit.lu\\\/de\\\/product\\\/mx242-bio-camo\\\/#primaryimage\",\"url\":\"https:\\\/\\\/bikefit.lu\\\/wp-content\\\/uploads\\\/2023\\\/04\\\/MX242-BIOCAMO-FRNT_1800x1800.webp\",\"contentUrl\":\"https:\\\/\\\/bikefit.lu\\\/wp-content\\\/uploads\\\/2023\\\/04\\\/MX242-BIOCAMO-FRNT_1800x1800.webp\",\"width\":1025,\"height\":760},{\"@type\":\"BreadcrumbList\",\"@id\":\"https:\\\/\\\/bikefit.lu\\\/de\\\/product\\\/mx242-bio-camo\\\/#breadcrumb\",\"itemListElement\":[{\"@type\":\"ListItem\",\"position\":1,\"name\":\"Home\",\"item\":\"https:\\\/\\\/bikefit.lu\\\/de\\\/\"},{\"@type\":\"ListItem\",\"position\":2,\"name\":\"Produkte\",\"item\":\"https:\\\/\\\/bikefit.lu\\\/de\\\/shop\\\/\"},{\"@type\":\"ListItem\",\"position\":3,\"name\":\"MX242 Bio Camo\"}]},{\"@type\":\"WebSite\",\"@id\":\"https:\\\/\\\/bikefit.lu\\\/de\\\/#website\",\"url\":\"https:\\\/\\\/bikefit.lu\\\/de\\\/\",\"name\":\"bikefit.lu\",\"description\":\"IMPROVING CYCLING\",\"publisher\":{\"@id\":\"https:\\\/\\\/bikefit.lu\\\/de\\\/#\\\/schema\\\/person\\\/379af1263474d2f8cd1f41c2bd90273d\"},\"potentialAction\":[{\"@type\":\"SearchAction\",\"target\":{\"@type\":\"EntryPoint\",\"urlTemplate\":\"https:\\\/\\\/bikefit.lu\\\/de\\\/?s={search_term_string}\"},\"query-input\":{\"@type\":\"PropertyValueSpecification\",\"valueRequired\":true,\"valueName\":\"search_term_string\"}}],\"inLanguage\":\"de\"},{\"@type\":[\"Person\",\"Organization\"],\"@id\":\"https:\\\/\\\/bikefit.lu\\\/de\\\/#\\\/schema\\\/person\\\/379af1263474d2f8cd1f41c2bd90273d\",\"name\":\"Patrick Guillaume\",\"image\":{\"@type\":\"ImageObject\",\"inLanguage\":\"de\",\"@id\":\"https:\\\/\\\/bikefit.lu\\\/wp-content\\\/uploads\\\/2024\\\/12\\\/cropped-bikefit-logoURL-RGB-jpg.jpg\",\"url\":\"https:\\\/\\\/bikefit.lu\\\/wp-content\\\/uploads\\\/2024\\\/12\\\/cropped-bikefit-logoURL-RGB-jpg.jpg\",\"contentUrl\":\"https:\\\/\\\/bikefit.lu\\\/wp-content\\\/uploads\\\/2024\\\/12\\\/cropped-bikefit-logoURL-RGB-jpg.jpg\",\"width\":512,\"height\":512,\"caption\":\"Patrick Guillaume\"},\"logo\":{\"@id\":\"https:\\\/\\\/bikefit.lu\\\/wp-content\\\/uploads\\\/2024\\\/12\\\/cropped-bikefit-logoURL-RGB-jpg.jpg\"},\"sameAs\":[\"https:\\\/\\\/bikefit.lu\"],\"honorificPrefix\":\"Mr\",\"birthDate\":\"1966-11-18\",\"gender\":\"male\",\"knowsAbout\":[\"Bike-fitting\"],\"knowsLanguage\":[\"English\",\"French\",\"German\",\"Luxembourgish\"]}]}<\/script>\n<meta property=\"og:availability\" content=\"instock\" \/>\n<meta property=\"product:availability\" content=\"instock\" \/>\n<meta property=\"product:condition\" content=\"new\" \/>\n<!-- \/ Yoast SEO Premium plugin. -->","yoast_head_json":{"title":"MX242 Bio Camo - bikefit.lu","robots":{"index":"index","follow":"follow","max-snippet":"max-snippet:-1","max-image-preview":"max-image-preview:large","max-video-preview":"max-video-preview:-1"},"canonical":"https:\/\/bikefit.lu\/de\/product\/mx242-bio-camo\/","og_locale":"de_DE","og_type":"article","og_title":"MX242 Bio Camo","og_description":"Der MX242 ist die Kr\u00f6nung von LAKEs Erfahrung, fortschrittlichen Materialien und Schuhherstellungstechniken, um einen Schuh zu schaffen, der die beste Passforml\u00f6sung f\u00fcr jeden Fu\u00dftyp bietet. Mit einer hitzeformbaren Fersenkappe und einem einzigartig gestalteten Obermaterial, das gen\u00fcgend Anpassungsm\u00f6glichkeiten bietet, um F\u00fc\u00dfe mit jeder Spannh\u00f6he oder Fu\u00dfvolumen aufzunehmen, ohne den Komfort zu beeintr\u00e4chtigen. Ehemals ungl\u00fcckliche F\u00fc\u00dfe mit Ballenproblemen werden diesen Schuh lieben. Im Vergleich zum MX241 hat er eine rundere, breitere Zehenbox.","og_url":"https:\/\/bikefit.lu\/de\/product\/mx242-bio-camo\/","og_site_name":"bikefit.lu","article_modified_time":"2024-09-12T05:18:00+00:00","og_image":[{"width":1025,"height":760,"url":"https:\/\/bikefit.lu\/wp-content\/uploads\/2023\/04\/MX242-BIOCAMO-FRNT_1800x1800.webp","type":"image\/webp"}],"twitter_card":"summary_large_image","twitter_misc":{"Verf\u00fcgbarkeit":"Auf Lager"},"schema":{"@context":"https:\/\/schema.org","@graph":[{"@type":"WebPage","@id":"https:\/\/bikefit.lu\/de\/product\/mx242-bio-camo\/","url":"https:\/\/bikefit.lu\/de\/product\/mx242-bio-camo\/","name":"MX242 Bio Camo - bikefit.lu","isPartOf":{"@id":"https:\/\/bikefit.lu\/de\/#website"},"primaryImageOfPage":{"@id":"https:\/\/bikefit.lu\/de\/product\/mx242-bio-camo\/#primaryimage"},"image":{"@id":"https:\/\/bikefit.lu\/de\/product\/mx242-bio-camo\/#primaryimage"},"thumbnailUrl":"https:\/\/bikefit.lu\/wp-content\/uploads\/2023\/04\/MX242-BIOCAMO-FRNT_1800x1800.webp","datePublished":"2023-11-18T14:04:26+00:00","dateModified":"2024-09-12T05:18:00+00:00","breadcrumb":{"@id":"https:\/\/bikefit.lu\/de\/product\/mx242-bio-camo\/#breadcrumb"},"inLanguage":"de","potentialAction":[{"@type":"ReadAction","target":["https:\/\/bikefit.lu\/de\/product\/mx242-bio-camo\/"]}]},{"@type":"ImageObject","inLanguage":"de","@id":"https:\/\/bikefit.lu\/de\/product\/mx242-bio-camo\/#primaryimage","url":"https:\/\/bikefit.lu\/wp-content\/uploads\/2023\/04\/MX242-BIOCAMO-FRNT_1800x1800.webp","contentUrl":"https:\/\/bikefit.lu\/wp-content\/uploads\/2023\/04\/MX242-BIOCAMO-FRNT_1800x1800.webp","width":1025,"height":760},{"@type":"BreadcrumbList","@id":"https:\/\/bikefit.lu\/de\/product\/mx242-bio-camo\/#breadcrumb","itemListElement":[{"@type":"ListItem","position":1,"name":"Home","item":"https:\/\/bikefit.lu\/de\/"},{"@type":"ListItem","position":2,"name":"Produkte","item":"https:\/\/bikefit.lu\/de\/shop\/"},{"@type":"ListItem","position":3,"name":"MX242 Bio Camo"}]},{"@type":"WebSite","@id":"https:\/\/bikefit.lu\/de\/#website","url":"https:\/\/bikefit.lu\/de\/","name":"bikefit.lu","description":"IMPROVING CYCLING","publisher":{"@id":"https:\/\/bikefit.lu\/de\/#\/schema\/person\/379af1263474d2f8cd1f41c2bd90273d"},"potentialAction":[{"@type":"SearchAction","target":{"@type":"EntryPoint","urlTemplate":"https:\/\/bikefit.lu\/de\/?s={search_term_string}"},"query-input":{"@type":"PropertyValueSpecification","valueRequired":true,"valueName":"search_term_string"}}],"inLanguage":"de"},{"@type":["Person","Organization"],"@id":"https:\/\/bikefit.lu\/de\/#\/schema\/person\/379af1263474d2f8cd1f41c2bd90273d","name":"Patrick Guillaume","image":{"@type":"ImageObject","inLanguage":"de","@id":"https:\/\/bikefit.lu\/wp-content\/uploads\/2024\/12\/cropped-bikefit-logoURL-RGB-jpg.jpg","url":"https:\/\/bikefit.lu\/wp-content\/uploads\/2024\/12\/cropped-bikefit-logoURL-RGB-jpg.jpg","contentUrl":"https:\/\/bikefit.lu\/wp-content\/uploads\/2024\/12\/cropped-bikefit-logoURL-RGB-jpg.jpg","width":512,"height":512,"caption":"Patrick Guillaume"},"logo":{"@id":"https:\/\/bikefit.lu\/wp-content\/uploads\/2024\/12\/cropped-bikefit-logoURL-RGB-jpg.jpg"},"sameAs":["https:\/\/bikefit.lu"],"honorificPrefix":"Mr","birthDate":"1966-11-18","gender":"male","knowsAbout":["Bike-fitting"],"knowsLanguage":["English","French","German","Luxembourgish"]}]},"og_availability":"instock","product_availability":"instock","product_condition":"new"},"_links":{"self":[{"href":"https:\/\/bikefit.lu\/de\/wp-json\/wp\/v2\/product\/81472","targetHints":{"allow":["GET"]}}],"collection":[{"href":"https:\/\/bikefit.lu\/de\/wp-json\/wp\/v2\/product"}],"about":[{"href":"https:\/\/bikefit.lu\/de\/wp-json\/wp\/v2\/types\/product"}],"replies":[{"embeddable":true,"href":"https:\/\/bikefit.lu\/de\/wp-json\/wp\/v2\/comments?post=81472"}],"version-history":[{"count":0,"href":"https:\/\/bikefit.lu\/de\/wp-json\/wp\/v2\/product\/81472\/revisions"}],"wp:featuredmedia":[{"embeddable":true,"href":"https:\/\/bikefit.lu\/de\/wp-json\/wp\/v2\/media\/76874"}],"wp:attachment":[{"href":"https:\/\/bikefit.lu\/de\/wp-json\/wp\/v2\/media?parent=81472"}],"wp:term":[{"taxonomy":"product_brand","embeddable":true,"href":"https:\/\/bikefit.lu\/de\/wp-json\/wp\/v2\/product_brand?post=81472"},{"taxonomy":"product_cat","embeddable":true,"href":"https:\/\/bikefit.lu\/de\/wp-json\/wp\/v2\/product_cat?post=81472"},{"taxonomy":"product_tag","embeddable":true,"href":"https:\/\/bikefit.lu\/de\/wp-json\/wp\/v2\/product_tag?post=81472"}],"curies":[{"name":"wp","href":"https:\/\/api.w.org\/{rel}","templated":true}]}}