{"id":81515,"date":"2023-07-28T04:37:30","date_gmt":"2023-07-28T04:37:30","guid":{"rendered":"https:\/\/staging.bikefit.lu\/shop\/unkategorisiert\/mx242-black-silver\/"},"modified":"2025-09-03T10:13:33","modified_gmt":"2025-09-03T08:13:33","slug":"mx242-black-silver","status":"publish","type":"product","link":"https:\/\/bikefit.lu\/de\/product\/mx242-black-silver\/","title":{"rendered":"MX242 Black\/Silver"},"content":{"rendered":"<p><strong>Form:<\/strong> MX-Competition. Diese Form hat ein gebogeneres Profil als die Sport-Form. Die Hauptunterschiede sind eine erh\u00f6hte Vorder- und Fersenkappe und ein etwas breiterer Vorfu\u00dfumfang, damit sich der Fu\u00df unter hohem Pedaldruck ausdehnen kann.  <\/p>\n<p><strong>Obermaterial:<\/strong> Helcor Abriebleder, Vollnarbenleder und Nufoam-Futter mit Kohlefaser-St\u00fctzpaneelen, die dazu beitragen, einen sicheren Sitz zu gew\u00e4hrleisten und gleichzeitig die Fu\u00dfstabilit\u00e4t zu erh\u00f6hen. Das Helcor-Abriebleder wurde speziell entwickelt, um extrem widerstandsf\u00e4hig gegen Reibung, Schrammen und Abnutzung zu sein. Das Obermaterial ist in 6 unabh\u00e4ngige Zonen unterteilt, um eine m\u00f6glichst flexible Passform f\u00fcr schmale oder breite F\u00fc\u00dfe sowie f\u00fcr F\u00fc\u00dfe mit hohem oder niedrigem Spann zu erm\u00f6glichen. Die formbare Fersenkappe verdoppelt den Fersenhalt f\u00fcr einen sicheren Sitz.<\/p>\n<p><strong>Au\u00dfensohle:<\/strong> 100% Kohlefaser-Sohle mit echtem Mountain Competition Gummi.<\/p>\n<p><strong>Verschluss:<\/strong> BOA\u00ae Fit System seitlich angebrachtes Li2 Push\/Pull-Drehrad mit l\u00f6sbaren F\u00fchrungen, integriert in Lakes unglaublich passgenaue und komfortable Obermaterialien. Es gibt kein einzelnes Element, das f\u00fcr die Passform eines Schuhs verantwortlich ist, und noch wichtiger ist, dass Passform nicht immer gleich Komfort bedeutet. Das duale BOA\u00ae Fit System ist im Radsport nicht einzigartig, sondern vielmehr die Art und Weise, wie wir dieses Drehradsystem in Verbindung mit unserem internen Design, unserer Entwicklung, unserer Schnittmusterarbeit, unserem erstklassigen Schuhleisten und der Auswahl \u00fcberlegener Obermaterialien einsetzen, die dieses System funktionieren lassen und warum Lake-Schuhe weltweit als die am besten passenden und bequemsten Hochleistungs-Radschuhe bekannt sind.  <\/p>\n<p><strong>Farben:<\/strong> Schwarz\/Silber und Bio Camo.<\/p>\n<p><strong>Gr\u00f6\u00dfen:<\/strong> Regular: ganze Gr\u00f6\u00dfen von 37 bis 50, 52, halbe Gr\u00f6\u00dfen von 39,5 bis 46,5. Wide: ganze Gr\u00f6\u00dfen von 37 bis 50, 52, halbe Gr\u00f6\u00dfen von 39,5 bis 46,5. <\/p>\n<p>Um Ihnen bei der Suche nach der richtigen Gr\u00f6\u00dfe zu helfen, gehen Sie auf <a href=\"https:\/\/lakecycling.com\/pages\/sizing-charts\" target=\"_blank\" rel=\"noopener noreferrer\">diese Seite<\/a> oder kontaktieren Sie mich.<\/p>\n","protected":false},"excerpt":{"rendered":"<p><strong>Der MX242 ist das Ergebnis der gesamten Erfahrung von LAKE, fortschrittlicher Materialien und Schuhmachertechniken, um einen Schuh zu schaffen, der die beste Passforml\u00f6sung f\u00fcr jeden Fu\u00dftyp bietet. Mit einer w\u00e4rmeformbaren Fersenkappe und einem einzigartig gestalteten Obermaterial, das ausreichend Anpassungsm\u00f6glichkeiten bietet, um F\u00fc\u00dfe mit jeder Spannh\u00f6he oder jedem Fu\u00dfvolumen aufzunehmen, ohne den Komfort zu beeintr\u00e4chtigen. F\u00fc\u00dfe, die zuvor Probleme mit Ballen hatten, werden diesen Schuh sch\u00e4tzen. Im Vergleich zum MX241 verf\u00fcgt er \u00fcber eine abgerundetere, breitere Zehenbox.   <\/strong><\/p>\n","protected":false},"featured_media":76919,"comment_status":"closed","ping_status":"closed","template":"","meta":[],"product_brand":[],"product_cat":[4909,4857,4911],"product_tag":[4981,5059,5101,5110],"class_list":{"0":"post-81515","1":"product","2":"type-product","3":"status-publish","4":"has-post-thumbnail","6":"product_cat-lake-shoes-de","7":"product_cat-mx242-en-de-2","8":"product_cat-offroad-lake-shoes-de","9":"product_tag-black-silver-de","10":"product_tag-lake-cycling-de","11":"product_tag-mx242-de","12":"product_tag-offroad-de","13":"product_shipping_class-large-items-de","14":"pa_size-36-de","15":"pa_size-37-de-2","16":"pa_size-38-de","17":"pa_size-39-de-2","18":"pa_size-39-5-de","19":"pa_size-40-de-2","20":"pa_size-40-5-de","21":"pa_size-41-de","22":"pa_size-41-5-de","23":"pa_size-42-de","24":"pa_size-42-5-de","25":"pa_size-43-de-2","26":"pa_size-43-5-de-2","27":"pa_size-44-de","28":"pa_size-44-5-de","29":"pa_size-45-de","30":"pa_size-45-5-de","31":"pa_size-46-de","32":"pa_size-46-5-de","33":"pa_size-47-de","34":"pa_size-48-de","35":"pa_size-49-de","36":"pa_size-50-de","37":"pa_size-52-de","38":"pa_width-regular-de","39":"pa_width-wide-de-2","41":"first","42":"instock","43":"taxable","44":"shipping-taxable","45":"purchasable","46":"product-type-variable"},"yoast_head":"<!-- This site is optimized with the Yoast SEO Premium plugin v27.3 (Yoast SEO v27.3) - https:\/\/yoast.com\/product\/yoast-seo-premium-wordpress\/ -->\n<title>MX242 Black\/Silver - bikefit.lu<\/title>\n<meta name=\"robots\" content=\"index, follow, max-snippet:-1, max-image-preview:large, max-video-preview:-1\" \/>\n<link rel=\"canonical\" href=\"https:\/\/bikefit.lu\/de\/product\/mx242-black-silver\/\" \/>\n<meta property=\"og:locale\" content=\"de_DE\" \/>\n<meta property=\"og:type\" content=\"article\" \/>\n<meta property=\"og:title\" content=\"MX242 Black\/Silver\" \/>\n<meta property=\"og:description\" content=\"Der MX242 ist das Ergebnis der gesamten Erfahrung von LAKE, fortschrittlicher Materialien und Schuhmachertechniken, um einen Schuh zu schaffen, der die beste Passforml\u00f6sung f\u00fcr jeden Fu\u00dftyp bietet. Mit einer w\u00e4rmeformbaren Fersenkappe und einem einzigartig gestalteten Obermaterial, das ausreichend Anpassungsm\u00f6glichkeiten bietet, um F\u00fc\u00dfe mit jeder Spannh\u00f6he oder jedem Fu\u00dfvolumen aufzunehmen, ohne den Komfort zu beeintr\u00e4chtigen. F\u00fc\u00dfe, die zuvor Probleme mit Ballen hatten, werden diesen Schuh sch\u00e4tzen. Im Vergleich zum MX241 verf\u00fcgt er \u00fcber eine abgerundetere, breitere Zehenbox.\" \/>\n<meta property=\"og:url\" content=\"https:\/\/bikefit.lu\/de\/product\/mx242-black-silver\/\" \/>\n<meta property=\"og:site_name\" content=\"bikefit.lu\" \/>\n<meta property=\"article:modified_time\" content=\"2025-09-03T08:13:33+00:00\" \/>\n<meta property=\"og:image\" content=\"https:\/\/bikefit.lu\/wp-content\/uploads\/2023\/11\/lake-mx-242-mtb-shoe-black-silver-1-1409132.jpg\" \/>\n\t<meta property=\"og:image:width\" content=\"720\" \/>\n\t<meta property=\"og:image:height\" content=\"720\" \/>\n\t<meta property=\"og:image:type\" content=\"image\/jpeg\" \/>\n<meta name=\"twitter:card\" content=\"summary_large_image\" \/>\n<meta name=\"twitter:label1\" content=\"Verf\u00fcgbarkeit\" \/>\n\t<meta name=\"twitter:data1\" content=\"Auf Lager\" \/>\n<script type=\"application\/ld+json\" class=\"yoast-schema-graph\">{\"@context\":\"https:\\\/\\\/schema.org\",\"@graph\":[{\"@type\":\"WebPage\",\"@id\":\"https:\\\/\\\/bikefit.lu\\\/de\\\/product\\\/mx242-black-silver\\\/\",\"url\":\"https:\\\/\\\/bikefit.lu\\\/de\\\/product\\\/mx242-black-silver\\\/\",\"name\":\"MX242 Black\\\/Silver - bikefit.lu\",\"isPartOf\":{\"@id\":\"https:\\\/\\\/bikefit.lu\\\/de\\\/#website\"},\"primaryImageOfPage\":{\"@id\":\"https:\\\/\\\/bikefit.lu\\\/de\\\/product\\\/mx242-black-silver\\\/#primaryimage\"},\"image\":{\"@id\":\"https:\\\/\\\/bikefit.lu\\\/de\\\/product\\\/mx242-black-silver\\\/#primaryimage\"},\"thumbnailUrl\":\"https:\\\/\\\/bikefit.lu\\\/wp-content\\\/uploads\\\/2023\\\/11\\\/lake-mx-242-mtb-shoe-black-silver-1-1409132.jpg\",\"datePublished\":\"2023-07-28T04:37:30+00:00\",\"dateModified\":\"2025-09-03T08:13:33+00:00\",\"breadcrumb\":{\"@id\":\"https:\\\/\\\/bikefit.lu\\\/de\\\/product\\\/mx242-black-silver\\\/#breadcrumb\"},\"inLanguage\":\"de\",\"potentialAction\":[{\"@type\":\"ReadAction\",\"target\":[\"https:\\\/\\\/bikefit.lu\\\/de\\\/product\\\/mx242-black-silver\\\/\"]}]},{\"@type\":\"ImageObject\",\"inLanguage\":\"de\",\"@id\":\"https:\\\/\\\/bikefit.lu\\\/de\\\/product\\\/mx242-black-silver\\\/#primaryimage\",\"url\":\"https:\\\/\\\/bikefit.lu\\\/wp-content\\\/uploads\\\/2023\\\/11\\\/lake-mx-242-mtb-shoe-black-silver-1-1409132.jpg\",\"contentUrl\":\"https:\\\/\\\/bikefit.lu\\\/wp-content\\\/uploads\\\/2023\\\/11\\\/lake-mx-242-mtb-shoe-black-silver-1-1409132.jpg\",\"width\":720,\"height\":720},{\"@type\":\"BreadcrumbList\",\"@id\":\"https:\\\/\\\/bikefit.lu\\\/de\\\/product\\\/mx242-black-silver\\\/#breadcrumb\",\"itemListElement\":[{\"@type\":\"ListItem\",\"position\":1,\"name\":\"Home\",\"item\":\"https:\\\/\\\/bikefit.lu\\\/de\\\/\"},{\"@type\":\"ListItem\",\"position\":2,\"name\":\"Produkte\",\"item\":\"https:\\\/\\\/bikefit.lu\\\/de\\\/shop\\\/\"},{\"@type\":\"ListItem\",\"position\":3,\"name\":\"MX242 Black\\\/Silver\"}]},{\"@type\":\"WebSite\",\"@id\":\"https:\\\/\\\/bikefit.lu\\\/de\\\/#website\",\"url\":\"https:\\\/\\\/bikefit.lu\\\/de\\\/\",\"name\":\"bikefit.lu\",\"description\":\"IMPROVING CYCLING\",\"publisher\":{\"@id\":\"https:\\\/\\\/bikefit.lu\\\/de\\\/#\\\/schema\\\/person\\\/379af1263474d2f8cd1f41c2bd90273d\"},\"potentialAction\":[{\"@type\":\"SearchAction\",\"target\":{\"@type\":\"EntryPoint\",\"urlTemplate\":\"https:\\\/\\\/bikefit.lu\\\/de\\\/?s={search_term_string}\"},\"query-input\":{\"@type\":\"PropertyValueSpecification\",\"valueRequired\":true,\"valueName\":\"search_term_string\"}}],\"inLanguage\":\"de\"},{\"@type\":[\"Person\",\"Organization\"],\"@id\":\"https:\\\/\\\/bikefit.lu\\\/de\\\/#\\\/schema\\\/person\\\/379af1263474d2f8cd1f41c2bd90273d\",\"name\":\"Patrick Guillaume\",\"image\":{\"@type\":\"ImageObject\",\"inLanguage\":\"de\",\"@id\":\"https:\\\/\\\/bikefit.lu\\\/wp-content\\\/uploads\\\/2024\\\/12\\\/cropped-bikefit-logoURL-RGB-jpg.jpg\",\"url\":\"https:\\\/\\\/bikefit.lu\\\/wp-content\\\/uploads\\\/2024\\\/12\\\/cropped-bikefit-logoURL-RGB-jpg.jpg\",\"contentUrl\":\"https:\\\/\\\/bikefit.lu\\\/wp-content\\\/uploads\\\/2024\\\/12\\\/cropped-bikefit-logoURL-RGB-jpg.jpg\",\"width\":512,\"height\":512,\"caption\":\"Patrick Guillaume\"},\"logo\":{\"@id\":\"https:\\\/\\\/bikefit.lu\\\/wp-content\\\/uploads\\\/2024\\\/12\\\/cropped-bikefit-logoURL-RGB-jpg.jpg\"},\"sameAs\":[\"https:\\\/\\\/bikefit.lu\"],\"honorificPrefix\":\"Mr\",\"birthDate\":\"1966-11-18\",\"gender\":\"male\",\"knowsAbout\":[\"Bike-fitting\"],\"knowsLanguage\":[\"English\",\"French\",\"German\",\"Luxembourgish\"]}]}<\/script>\n<meta property=\"og:availability\" content=\"instock\" \/>\n<meta property=\"product:availability\" content=\"instock\" \/>\n<meta property=\"product:condition\" content=\"new\" \/>\n<!-- \/ Yoast SEO Premium plugin. -->","yoast_head_json":{"title":"MX242 Black\/Silver - bikefit.lu","robots":{"index":"index","follow":"follow","max-snippet":"max-snippet:-1","max-image-preview":"max-image-preview:large","max-video-preview":"max-video-preview:-1"},"canonical":"https:\/\/bikefit.lu\/de\/product\/mx242-black-silver\/","og_locale":"de_DE","og_type":"article","og_title":"MX242 Black\/Silver","og_description":"Der MX242 ist das Ergebnis der gesamten Erfahrung von LAKE, fortschrittlicher Materialien und Schuhmachertechniken, um einen Schuh zu schaffen, der die beste Passforml\u00f6sung f\u00fcr jeden Fu\u00dftyp bietet. Mit einer w\u00e4rmeformbaren Fersenkappe und einem einzigartig gestalteten Obermaterial, das ausreichend Anpassungsm\u00f6glichkeiten bietet, um F\u00fc\u00dfe mit jeder Spannh\u00f6he oder jedem Fu\u00dfvolumen aufzunehmen, ohne den Komfort zu beeintr\u00e4chtigen. F\u00fc\u00dfe, die zuvor Probleme mit Ballen hatten, werden diesen Schuh sch\u00e4tzen. Im Vergleich zum MX241 verf\u00fcgt er \u00fcber eine abgerundetere, breitere Zehenbox.","og_url":"https:\/\/bikefit.lu\/de\/product\/mx242-black-silver\/","og_site_name":"bikefit.lu","article_modified_time":"2025-09-03T08:13:33+00:00","og_image":[{"width":720,"height":720,"url":"https:\/\/bikefit.lu\/wp-content\/uploads\/2023\/11\/lake-mx-242-mtb-shoe-black-silver-1-1409132.jpg","type":"image\/jpeg"}],"twitter_card":"summary_large_image","twitter_misc":{"Verf\u00fcgbarkeit":"Auf Lager"},"schema":{"@context":"https:\/\/schema.org","@graph":[{"@type":"WebPage","@id":"https:\/\/bikefit.lu\/de\/product\/mx242-black-silver\/","url":"https:\/\/bikefit.lu\/de\/product\/mx242-black-silver\/","name":"MX242 Black\/Silver - bikefit.lu","isPartOf":{"@id":"https:\/\/bikefit.lu\/de\/#website"},"primaryImageOfPage":{"@id":"https:\/\/bikefit.lu\/de\/product\/mx242-black-silver\/#primaryimage"},"image":{"@id":"https:\/\/bikefit.lu\/de\/product\/mx242-black-silver\/#primaryimage"},"thumbnailUrl":"https:\/\/bikefit.lu\/wp-content\/uploads\/2023\/11\/lake-mx-242-mtb-shoe-black-silver-1-1409132.jpg","datePublished":"2023-07-28T04:37:30+00:00","dateModified":"2025-09-03T08:13:33+00:00","breadcrumb":{"@id":"https:\/\/bikefit.lu\/de\/product\/mx242-black-silver\/#breadcrumb"},"inLanguage":"de","potentialAction":[{"@type":"ReadAction","target":["https:\/\/bikefit.lu\/de\/product\/mx242-black-silver\/"]}]},{"@type":"ImageObject","inLanguage":"de","@id":"https:\/\/bikefit.lu\/de\/product\/mx242-black-silver\/#primaryimage","url":"https:\/\/bikefit.lu\/wp-content\/uploads\/2023\/11\/lake-mx-242-mtb-shoe-black-silver-1-1409132.jpg","contentUrl":"https:\/\/bikefit.lu\/wp-content\/uploads\/2023\/11\/lake-mx-242-mtb-shoe-black-silver-1-1409132.jpg","width":720,"height":720},{"@type":"BreadcrumbList","@id":"https:\/\/bikefit.lu\/de\/product\/mx242-black-silver\/#breadcrumb","itemListElement":[{"@type":"ListItem","position":1,"name":"Home","item":"https:\/\/bikefit.lu\/de\/"},{"@type":"ListItem","position":2,"name":"Produkte","item":"https:\/\/bikefit.lu\/de\/shop\/"},{"@type":"ListItem","position":3,"name":"MX242 Black\/Silver"}]},{"@type":"WebSite","@id":"https:\/\/bikefit.lu\/de\/#website","url":"https:\/\/bikefit.lu\/de\/","name":"bikefit.lu","description":"IMPROVING CYCLING","publisher":{"@id":"https:\/\/bikefit.lu\/de\/#\/schema\/person\/379af1263474d2f8cd1f41c2bd90273d"},"potentialAction":[{"@type":"SearchAction","target":{"@type":"EntryPoint","urlTemplate":"https:\/\/bikefit.lu\/de\/?s={search_term_string}"},"query-input":{"@type":"PropertyValueSpecification","valueRequired":true,"valueName":"search_term_string"}}],"inLanguage":"de"},{"@type":["Person","Organization"],"@id":"https:\/\/bikefit.lu\/de\/#\/schema\/person\/379af1263474d2f8cd1f41c2bd90273d","name":"Patrick Guillaume","image":{"@type":"ImageObject","inLanguage":"de","@id":"https:\/\/bikefit.lu\/wp-content\/uploads\/2024\/12\/cropped-bikefit-logoURL-RGB-jpg.jpg","url":"https:\/\/bikefit.lu\/wp-content\/uploads\/2024\/12\/cropped-bikefit-logoURL-RGB-jpg.jpg","contentUrl":"https:\/\/bikefit.lu\/wp-content\/uploads\/2024\/12\/cropped-bikefit-logoURL-RGB-jpg.jpg","width":512,"height":512,"caption":"Patrick Guillaume"},"logo":{"@id":"https:\/\/bikefit.lu\/wp-content\/uploads\/2024\/12\/cropped-bikefit-logoURL-RGB-jpg.jpg"},"sameAs":["https:\/\/bikefit.lu"],"honorificPrefix":"Mr","birthDate":"1966-11-18","gender":"male","knowsAbout":["Bike-fitting"],"knowsLanguage":["English","French","German","Luxembourgish"]}]},"og_availability":"instock","product_availability":"instock","product_condition":"new"},"_links":{"self":[{"href":"https:\/\/bikefit.lu\/de\/wp-json\/wp\/v2\/product\/81515","targetHints":{"allow":["GET"]}}],"collection":[{"href":"https:\/\/bikefit.lu\/de\/wp-json\/wp\/v2\/product"}],"about":[{"href":"https:\/\/bikefit.lu\/de\/wp-json\/wp\/v2\/types\/product"}],"replies":[{"embeddable":true,"href":"https:\/\/bikefit.lu\/de\/wp-json\/wp\/v2\/comments?post=81515"}],"version-history":[{"count":0,"href":"https:\/\/bikefit.lu\/de\/wp-json\/wp\/v2\/product\/81515\/revisions"}],"wp:featuredmedia":[{"embeddable":true,"href":"https:\/\/bikefit.lu\/de\/wp-json\/wp\/v2\/media\/76919"}],"wp:attachment":[{"href":"https:\/\/bikefit.lu\/de\/wp-json\/wp\/v2\/media?parent=81515"}],"wp:term":[{"taxonomy":"product_brand","embeddable":true,"href":"https:\/\/bikefit.lu\/de\/wp-json\/wp\/v2\/product_brand?post=81515"},{"taxonomy":"product_cat","embeddable":true,"href":"https:\/\/bikefit.lu\/de\/wp-json\/wp\/v2\/product_cat?post=81515"},{"taxonomy":"product_tag","embeddable":true,"href":"https:\/\/bikefit.lu\/de\/wp-json\/wp\/v2\/product_tag?post=81515"}],"curies":[{"name":"wp","href":"https:\/\/api.w.org\/{rel}","templated":true}]}}