{"id":81700,"date":"2022-01-05T21:21:20","date_gmt":"2022-01-05T21:21:20","guid":{"rendered":"https:\/\/staging.bikefit.lu\/shop\/unkategorisiert\/mx146\/"},"modified":"2026-03-19T10:04:43","modified_gmt":"2026-03-19T09:04:43","slug":"mx146","status":"publish","type":"product","link":"https:\/\/bikefit.lu\/de\/product\/mx146\/","title":{"rendered":"MX146"},"content":{"rendered":"<p><strong>Form<\/strong>: <a href=\"https:\/\/www.lakecycling.com\/pages\/shoe-lasts\" target=\"_blank\" rel=\"noopener noreferrer nofollow\">MX Sport<\/a> \u2013 Diese Form verf\u00fcgt \u00fcber eine gr\u00f6\u00dfere, ger\u00e4umigere Zehenbox als unsere Komfort-*Form und bietet gleichzeitig eine verbesserte Fu\u00dfkontrolle durch Ferse und Sattel des Fu\u00dfes. Die daraus resultierende Passform ist auf aggressives Fahren ausgelegt und bietet gleichzeitig ein angenehmes Tragegef\u00fchl den ganzen Tag \u00fcber. Ideal f\u00fcr Kuriere, Abenteuerradfahrer und alle anderen, die ihre Fahrradschuhe \u00fcber einen l\u00e4ngeren Zeitraum tragen. Auch in 2 Breiten erh\u00e4ltlich.  <\/p>\n<p><strong>Obermaterial:<\/strong> Das Obermaterial besteht aus Softshell-Gewebe, wasserabweisender Mikrofaser, Thinsulate 200gr-Isolierung und einer wasserdichten Membran, die diesen Radschuh zu einem hochgradig wasserabweisenden Radschuh unter verschiedenen Bedingungen macht. Clarino Mikrofaser bietet gro\u00dfe Strapazierf\u00e4higkeit und die Geschmeidigkeit von Leder bei einer deutlichen Gewichtsreduzierung <\/p>\n<p><strong>Verschluss:<\/strong> Das neue, auf der Zunge montierte Mid Power M4 BOA eignet sich hervorragend f\u00fcr Eis, Schmutz und andere herausfordernde Umgebungen und l\u00e4sst sich leicht mit Handschuhen einstellen. Es kombiniert Haltbarkeit und Verschlussfestigkeit, um intensiven Kr\u00e4ften und St\u00f6\u00dfen standzuhalten, ohne die Passform zu beeintr\u00e4chtigen. In Kombination mit dem Click-Fit-Schnellspanner erleichtert das System das Ein- und Aussteigen. <\/p>\n<p><strong>Temperaturbewertung:<\/strong> Komfortabel bis -4 \u00b0 C.<\/p>\n<p><strong>Au\u00dfensohle:<\/strong> Supergrip-Enduro-Sohle mit Ice Lock Anti-Rutsch-Stolleneins\u00e4tzen. Der MX146 verf\u00fcgt nicht nur \u00fcber Lakes legend\u00e4re, mit Fiberglas eingespritzte Nylonsohle, sondern auch \u00fcber eine der technisch fortschrittlichsten Gummisohlen. Die Supergrip-Gummisohle verf\u00fcgt \u00fcber ICE LOCK-Profileins\u00e4tze, bei denen es sich um vertikal eingespritzte Mikroglasfasern handelt, die auf praktisch allen Oberfl\u00e4chen greifen. Dies gibt Ihnen einen Radschuh f\u00fcr nasses Wetter, der unter allen Bedingungen trittsicher und stabil ist.   <\/p>\n<p><strong>Verf\u00fcgbare Farbe:<\/strong> Schwarz \/ Schwarz reflektierend.<\/p>\n<p><strong>Gr\u00f6\u00dfen<\/strong>: Standard 36-48,50 nur in ganzen Gr\u00f6\u00dfen. Breite EE 39 &#8211; 48; 50 nur in ganzen Gr\u00f6\u00dfen. <\/p>\n","protected":false},"excerpt":{"rendered":"<p>Der MX146 ist die Antwort auf die Herbst- oder Fr\u00fchlingstage, von denen du dachtest, dass sie zu nass zum Fahren sind. Entwickelt f\u00fcr Herbst\/Fr\u00fchling, milde Winter und feuchtes Wetter ist der MX146 genau der richtige Schuh f\u00fcr jene Tage, an denen deine Rennschuhe zu kalt oder zu winterlich sind und Stiefel zu warm. Fatbike, Pendeln, Cyclocross, was auch immer, das MX146 ist bereit daf\u00fcr.  <\/p>\n<p><a href=\"https:\/\/youtu.be\/k0NFhtQgBsU\">https:\/\/youtu.be\/k0NFhtQgBsU<\/a><\/p>\n<p><strong>Tipp, um Ihre Schuhe wasserabweisend zu halten:<\/strong> Das Obermaterial ist ab Werk mit einer DWR-Beschichtung (Durable Water Resistant) behandelt, die sich im Laufe der Zeit und beim Gebrauch abnutzt. Um zu verhindern, dass das Schuhobermaterial Wasser aufnimmt, das in den Schuh eindringen k\u00f6nnte, wird wie bei vielen anderen wasserfesten Produkten empfohlen, das Obermaterial mit einem DWR-Spray erneut aufzutragen, das in den meisten Gesch\u00e4ften, die Outdoor-Produkte verkaufen, erh\u00e4ltlich ist. Wir empfehlen, die Beschichtung 1-2 Mal im Jahr f\u00fcr moderate Fahrer und f\u00fcr starke Beanspruchung oder t\u00e4gliche Pendlerfahrer mindestens nach 2-3 extrem nassen Fahrten erneut aufzutragen. F\u00fcr beste Ergebnisse Befolgen Sie die Anweisungen des DWR-Herstellers zum erneuten Auftragen der Beschichtungen.   <\/p>\n","protected":false},"featured_media":88077,"comment_status":"closed","ping_status":"closed","template":"","meta":[],"product_brand":[],"product_cat":[4909,4850,4911],"product_tag":[4973,5059,5095,5110,5217],"class_list":{"0":"post-81700","1":"product","2":"type-product","3":"status-publish","4":"has-post-thumbnail","6":"product_cat-lake-shoes-de","7":"product_cat-mx146-en-de","8":"product_cat-offroad-lake-shoes-de","9":"product_tag-black-de","10":"product_tag-lake-cycling-de","11":"product_tag-mx146-de","12":"product_tag-offroad-de","13":"product_tag-winter-de","14":"product_shipping_class-large-items-de","15":"pa_size-39-de-2","16":"pa_size-40-de-2","17":"pa_size-41-de","18":"pa_size-42-de","19":"pa_size-43-de-2","20":"pa_size-44-de","21":"pa_size-44-5-de","22":"pa_size-45-de","23":"pa_size-46-de","24":"pa_size-47-de","25":"pa_size-48-de","26":"pa_size-50-de","27":"pa_width-wide-de-2","29":"first","30":"instock","31":"taxable","32":"shipping-taxable","33":"purchasable","34":"product-type-variable"},"yoast_head":"<!-- This site is optimized with the Yoast SEO Premium plugin v27.3 (Yoast SEO v27.3) - https:\/\/yoast.com\/product\/yoast-seo-premium-wordpress\/ -->\n<title>MX146 - bikefit.lu<\/title>\n<meta name=\"robots\" content=\"index, follow, max-snippet:-1, max-image-preview:large, max-video-preview:-1\" \/>\n<link rel=\"canonical\" href=\"https:\/\/bikefit.lu\/de\/product\/mx146\/\" \/>\n<meta property=\"og:locale\" content=\"de_DE\" \/>\n<meta property=\"og:type\" content=\"article\" \/>\n<meta property=\"og:title\" content=\"MX146\" \/>\n<meta property=\"og:description\" content=\"Der MX146 ist die Antwort auf die Herbst- oder Fr\u00fchlingstage, von denen du dachtest, dass sie zu nass zum Fahren sind. Entwickelt f\u00fcr Herbst\/Fr\u00fchling, milde Winter und feuchtes Wetter ist der MX146 genau der richtige Schuh f\u00fcr jene Tage, an denen deine Rennschuhe zu kalt oder zu winterlich sind und Stiefel zu warm. Fatbike, Pendeln, Cyclocross, was auch immer, das MX146 ist bereit daf\u00fcr.  https:\/\/youtu.be\/k0NFhtQgBsU Tipp, um Ihre Schuhe wasserabweisend zu halten: Das Obermaterial ist ab Werk mit einer DWR-Beschichtung (Durable Water Resistant) behandelt, die sich im Laufe der Zeit und beim Gebrauch abnutzt. Um zu verhindern, dass das Schuhobermaterial Wasser aufnimmt, das in den Schuh eindringen k\u00f6nnte, wird wie bei vielen anderen wasserfesten Produkten empfohlen, das Obermaterial mit einem DWR-Spray erneut aufzutragen, das in den meisten Gesch\u00e4ften, die Outdoor-Produkte verkaufen, erh\u00e4ltlich ist. Wir empfehlen, die Beschichtung 1-2 Mal im Jahr f\u00fcr moderate Fahrer und f\u00fcr starke Beanspruchung oder t\u00e4gliche Pendlerfahrer mindestens nach 2-3 extrem nassen Fahrten erneut aufzutragen. F\u00fcr beste Ergebnisse Befolgen Sie die Anweisungen des DWR-Herstellers zum erneuten Auftragen der Beschichtungen.\" \/>\n<meta property=\"og:url\" content=\"https:\/\/bikefit.lu\/de\/product\/mx146\/\" \/>\n<meta property=\"og:site_name\" content=\"bikefit.lu\" \/>\n<meta property=\"article:modified_time\" content=\"2026-03-19T09:04:43+00:00\" \/>\n<meta property=\"og:image\" content=\"https:\/\/bikefit.lu\/wp-content\/uploads\/2022\/01\/MX146-BLACK-FRNT.webp\" \/>\n\t<meta property=\"og:image:width\" content=\"1800\" \/>\n\t<meta property=\"og:image:height\" content=\"1533\" \/>\n\t<meta property=\"og:image:type\" content=\"image\/webp\" \/>\n<meta name=\"twitter:card\" content=\"summary_large_image\" \/>\n<meta name=\"twitter:label1\" content=\"Verf\u00fcgbarkeit\" \/>\n\t<meta name=\"twitter:data1\" content=\"Auf Lager\" \/>\n<script type=\"application\/ld+json\" class=\"yoast-schema-graph\">{\"@context\":\"https:\\\/\\\/schema.org\",\"@graph\":[{\"@type\":\"WebPage\",\"@id\":\"https:\\\/\\\/bikefit.lu\\\/de\\\/product\\\/mx146\\\/\",\"url\":\"https:\\\/\\\/bikefit.lu\\\/de\\\/product\\\/mx146\\\/\",\"name\":\"MX146 - bikefit.lu\",\"isPartOf\":{\"@id\":\"https:\\\/\\\/bikefit.lu\\\/de\\\/#website\"},\"primaryImageOfPage\":{\"@id\":\"https:\\\/\\\/bikefit.lu\\\/de\\\/product\\\/mx146\\\/#primaryimage\"},\"image\":{\"@id\":\"https:\\\/\\\/bikefit.lu\\\/de\\\/product\\\/mx146\\\/#primaryimage\"},\"thumbnailUrl\":\"https:\\\/\\\/bikefit.lu\\\/wp-content\\\/uploads\\\/2022\\\/01\\\/MX146-BLACK-FRNT.webp\",\"datePublished\":\"2022-01-05T21:21:20+00:00\",\"dateModified\":\"2026-03-19T09:04:43+00:00\",\"breadcrumb\":{\"@id\":\"https:\\\/\\\/bikefit.lu\\\/de\\\/product\\\/mx146\\\/#breadcrumb\"},\"inLanguage\":\"de\",\"potentialAction\":[{\"@type\":\"ReadAction\",\"target\":[\"https:\\\/\\\/bikefit.lu\\\/de\\\/product\\\/mx146\\\/\"]}]},{\"@type\":\"ImageObject\",\"inLanguage\":\"de\",\"@id\":\"https:\\\/\\\/bikefit.lu\\\/de\\\/product\\\/mx146\\\/#primaryimage\",\"url\":\"https:\\\/\\\/bikefit.lu\\\/wp-content\\\/uploads\\\/2022\\\/01\\\/MX146-BLACK-FRNT.webp\",\"contentUrl\":\"https:\\\/\\\/bikefit.lu\\\/wp-content\\\/uploads\\\/2022\\\/01\\\/MX146-BLACK-FRNT.webp\",\"width\":1800,\"height\":1533},{\"@type\":\"BreadcrumbList\",\"@id\":\"https:\\\/\\\/bikefit.lu\\\/de\\\/product\\\/mx146\\\/#breadcrumb\",\"itemListElement\":[{\"@type\":\"ListItem\",\"position\":1,\"name\":\"Home\",\"item\":\"https:\\\/\\\/bikefit.lu\\\/de\\\/\"},{\"@type\":\"ListItem\",\"position\":2,\"name\":\"Produkte\",\"item\":\"https:\\\/\\\/bikefit.lu\\\/de\\\/shop\\\/\"},{\"@type\":\"ListItem\",\"position\":3,\"name\":\"MX146\"}]},{\"@type\":\"WebSite\",\"@id\":\"https:\\\/\\\/bikefit.lu\\\/de\\\/#website\",\"url\":\"https:\\\/\\\/bikefit.lu\\\/de\\\/\",\"name\":\"bikefit.lu\",\"description\":\"IMPROVING CYCLING\",\"publisher\":{\"@id\":\"https:\\\/\\\/bikefit.lu\\\/de\\\/#\\\/schema\\\/person\\\/379af1263474d2f8cd1f41c2bd90273d\"},\"potentialAction\":[{\"@type\":\"SearchAction\",\"target\":{\"@type\":\"EntryPoint\",\"urlTemplate\":\"https:\\\/\\\/bikefit.lu\\\/de\\\/?s={search_term_string}\"},\"query-input\":{\"@type\":\"PropertyValueSpecification\",\"valueRequired\":true,\"valueName\":\"search_term_string\"}}],\"inLanguage\":\"de\"},{\"@type\":[\"Person\",\"Organization\"],\"@id\":\"https:\\\/\\\/bikefit.lu\\\/de\\\/#\\\/schema\\\/person\\\/379af1263474d2f8cd1f41c2bd90273d\",\"name\":\"Patrick Guillaume\",\"image\":{\"@type\":\"ImageObject\",\"inLanguage\":\"de\",\"@id\":\"https:\\\/\\\/bikefit.lu\\\/wp-content\\\/uploads\\\/2024\\\/12\\\/cropped-bikefit-logoURL-RGB-jpg.jpg\",\"url\":\"https:\\\/\\\/bikefit.lu\\\/wp-content\\\/uploads\\\/2024\\\/12\\\/cropped-bikefit-logoURL-RGB-jpg.jpg\",\"contentUrl\":\"https:\\\/\\\/bikefit.lu\\\/wp-content\\\/uploads\\\/2024\\\/12\\\/cropped-bikefit-logoURL-RGB-jpg.jpg\",\"width\":512,\"height\":512,\"caption\":\"Patrick Guillaume\"},\"logo\":{\"@id\":\"https:\\\/\\\/bikefit.lu\\\/wp-content\\\/uploads\\\/2024\\\/12\\\/cropped-bikefit-logoURL-RGB-jpg.jpg\"},\"sameAs\":[\"https:\\\/\\\/bikefit.lu\"],\"honorificPrefix\":\"Mr\",\"birthDate\":\"1966-11-18\",\"gender\":\"male\",\"knowsAbout\":[\"Bike-fitting\"],\"knowsLanguage\":[\"English\",\"French\",\"German\",\"Luxembourgish\"]}]}<\/script>\n<meta property=\"og:availability\" content=\"instock\" \/>\n<meta property=\"product:availability\" content=\"instock\" \/>\n<meta property=\"product:condition\" content=\"new\" \/>\n<!-- \/ Yoast SEO Premium plugin. -->","yoast_head_json":{"title":"MX146 - bikefit.lu","robots":{"index":"index","follow":"follow","max-snippet":"max-snippet:-1","max-image-preview":"max-image-preview:large","max-video-preview":"max-video-preview:-1"},"canonical":"https:\/\/bikefit.lu\/de\/product\/mx146\/","og_locale":"de_DE","og_type":"article","og_title":"MX146","og_description":"Der MX146 ist die Antwort auf die Herbst- oder Fr\u00fchlingstage, von denen du dachtest, dass sie zu nass zum Fahren sind. Entwickelt f\u00fcr Herbst\/Fr\u00fchling, milde Winter und feuchtes Wetter ist der MX146 genau der richtige Schuh f\u00fcr jene Tage, an denen deine Rennschuhe zu kalt oder zu winterlich sind und Stiefel zu warm. Fatbike, Pendeln, Cyclocross, was auch immer, das MX146 ist bereit daf\u00fcr.  https:\/\/youtu.be\/k0NFhtQgBsU Tipp, um Ihre Schuhe wasserabweisend zu halten: Das Obermaterial ist ab Werk mit einer DWR-Beschichtung (Durable Water Resistant) behandelt, die sich im Laufe der Zeit und beim Gebrauch abnutzt. Um zu verhindern, dass das Schuhobermaterial Wasser aufnimmt, das in den Schuh eindringen k\u00f6nnte, wird wie bei vielen anderen wasserfesten Produkten empfohlen, das Obermaterial mit einem DWR-Spray erneut aufzutragen, das in den meisten Gesch\u00e4ften, die Outdoor-Produkte verkaufen, erh\u00e4ltlich ist. Wir empfehlen, die Beschichtung 1-2 Mal im Jahr f\u00fcr moderate Fahrer und f\u00fcr starke Beanspruchung oder t\u00e4gliche Pendlerfahrer mindestens nach 2-3 extrem nassen Fahrten erneut aufzutragen. F\u00fcr beste Ergebnisse Befolgen Sie die Anweisungen des DWR-Herstellers zum erneuten Auftragen der Beschichtungen.","og_url":"https:\/\/bikefit.lu\/de\/product\/mx146\/","og_site_name":"bikefit.lu","article_modified_time":"2026-03-19T09:04:43+00:00","og_image":[{"width":1800,"height":1533,"url":"https:\/\/bikefit.lu\/wp-content\/uploads\/2022\/01\/MX146-BLACK-FRNT.webp","type":"image\/webp"}],"twitter_card":"summary_large_image","twitter_misc":{"Verf\u00fcgbarkeit":"Auf Lager"},"schema":{"@context":"https:\/\/schema.org","@graph":[{"@type":"WebPage","@id":"https:\/\/bikefit.lu\/de\/product\/mx146\/","url":"https:\/\/bikefit.lu\/de\/product\/mx146\/","name":"MX146 - bikefit.lu","isPartOf":{"@id":"https:\/\/bikefit.lu\/de\/#website"},"primaryImageOfPage":{"@id":"https:\/\/bikefit.lu\/de\/product\/mx146\/#primaryimage"},"image":{"@id":"https:\/\/bikefit.lu\/de\/product\/mx146\/#primaryimage"},"thumbnailUrl":"https:\/\/bikefit.lu\/wp-content\/uploads\/2022\/01\/MX146-BLACK-FRNT.webp","datePublished":"2022-01-05T21:21:20+00:00","dateModified":"2026-03-19T09:04:43+00:00","breadcrumb":{"@id":"https:\/\/bikefit.lu\/de\/product\/mx146\/#breadcrumb"},"inLanguage":"de","potentialAction":[{"@type":"ReadAction","target":["https:\/\/bikefit.lu\/de\/product\/mx146\/"]}]},{"@type":"ImageObject","inLanguage":"de","@id":"https:\/\/bikefit.lu\/de\/product\/mx146\/#primaryimage","url":"https:\/\/bikefit.lu\/wp-content\/uploads\/2022\/01\/MX146-BLACK-FRNT.webp","contentUrl":"https:\/\/bikefit.lu\/wp-content\/uploads\/2022\/01\/MX146-BLACK-FRNT.webp","width":1800,"height":1533},{"@type":"BreadcrumbList","@id":"https:\/\/bikefit.lu\/de\/product\/mx146\/#breadcrumb","itemListElement":[{"@type":"ListItem","position":1,"name":"Home","item":"https:\/\/bikefit.lu\/de\/"},{"@type":"ListItem","position":2,"name":"Produkte","item":"https:\/\/bikefit.lu\/de\/shop\/"},{"@type":"ListItem","position":3,"name":"MX146"}]},{"@type":"WebSite","@id":"https:\/\/bikefit.lu\/de\/#website","url":"https:\/\/bikefit.lu\/de\/","name":"bikefit.lu","description":"IMPROVING CYCLING","publisher":{"@id":"https:\/\/bikefit.lu\/de\/#\/schema\/person\/379af1263474d2f8cd1f41c2bd90273d"},"potentialAction":[{"@type":"SearchAction","target":{"@type":"EntryPoint","urlTemplate":"https:\/\/bikefit.lu\/de\/?s={search_term_string}"},"query-input":{"@type":"PropertyValueSpecification","valueRequired":true,"valueName":"search_term_string"}}],"inLanguage":"de"},{"@type":["Person","Organization"],"@id":"https:\/\/bikefit.lu\/de\/#\/schema\/person\/379af1263474d2f8cd1f41c2bd90273d","name":"Patrick Guillaume","image":{"@type":"ImageObject","inLanguage":"de","@id":"https:\/\/bikefit.lu\/wp-content\/uploads\/2024\/12\/cropped-bikefit-logoURL-RGB-jpg.jpg","url":"https:\/\/bikefit.lu\/wp-content\/uploads\/2024\/12\/cropped-bikefit-logoURL-RGB-jpg.jpg","contentUrl":"https:\/\/bikefit.lu\/wp-content\/uploads\/2024\/12\/cropped-bikefit-logoURL-RGB-jpg.jpg","width":512,"height":512,"caption":"Patrick Guillaume"},"logo":{"@id":"https:\/\/bikefit.lu\/wp-content\/uploads\/2024\/12\/cropped-bikefit-logoURL-RGB-jpg.jpg"},"sameAs":["https:\/\/bikefit.lu"],"honorificPrefix":"Mr","birthDate":"1966-11-18","gender":"male","knowsAbout":["Bike-fitting"],"knowsLanguage":["English","French","German","Luxembourgish"]}]},"og_availability":"instock","product_availability":"instock","product_condition":"new"},"_links":{"self":[{"href":"https:\/\/bikefit.lu\/de\/wp-json\/wp\/v2\/product\/81700","targetHints":{"allow":["GET"]}}],"collection":[{"href":"https:\/\/bikefit.lu\/de\/wp-json\/wp\/v2\/product"}],"about":[{"href":"https:\/\/bikefit.lu\/de\/wp-json\/wp\/v2\/types\/product"}],"replies":[{"embeddable":true,"href":"https:\/\/bikefit.lu\/de\/wp-json\/wp\/v2\/comments?post=81700"}],"version-history":[{"count":1,"href":"https:\/\/bikefit.lu\/de\/wp-json\/wp\/v2\/product\/81700\/revisions"}],"predecessor-version":[{"id":99270,"href":"https:\/\/bikefit.lu\/de\/wp-json\/wp\/v2\/product\/81700\/revisions\/99270"}],"wp:featuredmedia":[{"embeddable":true,"href":"https:\/\/bikefit.lu\/de\/wp-json\/wp\/v2\/media\/88077"}],"wp:attachment":[{"href":"https:\/\/bikefit.lu\/de\/wp-json\/wp\/v2\/media?parent=81700"}],"wp:term":[{"taxonomy":"product_brand","embeddable":true,"href":"https:\/\/bikefit.lu\/de\/wp-json\/wp\/v2\/product_brand?post=81700"},{"taxonomy":"product_cat","embeddable":true,"href":"https:\/\/bikefit.lu\/de\/wp-json\/wp\/v2\/product_cat?post=81700"},{"taxonomy":"product_tag","embeddable":true,"href":"https:\/\/bikefit.lu\/de\/wp-json\/wp\/v2\/product_tag?post=81700"}],"curies":[{"name":"wp","href":"https:\/\/api.w.org\/{rel}","templated":true}]}}