{"id":81907,"date":"2020-04-29T05:21:09","date_gmt":"2020-04-29T05:21:09","guid":{"rendered":"https:\/\/staging.bikefit.lu\/shop\/unkategorisiert\/jcob-type-5\/"},"modified":"2025-04-22T13:49:42","modified_gmt":"2025-04-22T11:49:42","slug":"jcob-type-5","status":"publish","type":"product","link":"https:\/\/bikefit.lu\/de\/product\/jcob-type-5\/","title":{"rendered":"jcob Type 5"},"content":{"rendered":"<div class=\"jetpack-video-wrapper\"><span class=\"embed-youtube\" style=\"text-align:center; display: block;\"><iframe class=\"youtube-player\" width=\"1200\" height=\"675\" src=\"https:\/\/www.youtube.com\/embed\/mIgEoynrxcQ?version=3&#038;rel=1&#038;showsearch=0&#038;showinfo=1&#038;iv_load_policy=1&#038;fs=1&#038;hl=de-DE&#038;autohide=2&#038;wmode=transparent\" allowfullscreen=\"true\" style=\"border:0;\" sandbox=\"allow-scripts allow-same-origin allow-popups allow-presentation allow-popups-to-escape-sandbox\"><\/iframe><\/span><\/div>\n","protected":false},"excerpt":{"rendered":"<p style=\"text-align: left;\"><strong>Der neue Type 5 ist eine Neugestaltung des klassischen COBB JOF Fifty-Five, mit dem die Ironman-Meisterschaften in den Jahren 2017, 2018 und 2019 gewonnen wurden. Er wurde f\u00fcr den ambitionierten Fahrer konzipiert, der sich f\u00fcr ein Fahrrad mit vorw\u00e4rtsgerichteter Geometrie entschieden hat. Der Sattel ist darauf ausgelegt, dass der Fahrer auf der Sattelspitze sitzt, sich lediglich vorne abst\u00fctzt, um seinen Oberschenkelwinkel zu \u00f6ffnen und gro\u00dfe Kraft zu entwickeln. Der Type 5 wird sich bei der ersten Fahrt absichtlich etwas hart anf\u00fchlen, aber nach einigen Fahrten werden Sie ihn kaum noch wahrnehmen. Er verf\u00fcgt \u00fcber branchenf\u00fchrende 105 mm lange Sattelschienen, die einen gro\u00dfen Einstellbereich erm\u00f6glichen. Die Sattelspitze ist 55 mm breit, sodass keine &#8216;Kabelbinder&#8217; oder andere Anpassungen erforderlich sind, um ganzt\u00e4gigen Komfort auf diesem Sattel zu finden. Wenn Sie gerne mit einem aggressiven Lenkertiefgang fahren, um den Windwiderstand zu reduzieren, ist das kurze Nasendesign die beste Wahl. Der schmale Nasenbereich, der sich zum hinteren Teil hin allm\u00e4hlich verj\u00fcngt, verhindert Scheuerstellen an den Oberschenkeln. Der Sattel wurde sowohl f\u00fcr M\u00e4nner als auch f\u00fcr Frauen konzipiert und verf\u00fcgt \u00fcber zahlreiche subtile Merkmale, die zu einem hervorragenden Fahrerlebnis beitragen. Wir haben unsere r\u00fcckw\u00e4rtigen Befestigungspunkte f\u00fcr Trinkflaschen integriert, um Ihre Flasche einfach an Ihrem Fahrrad zu befestigen. Die einzigartige gebogene R\u00fcckenform bietet zudem eine bessere Unterst\u00fctzung beim Bergauffahren. Dieser \u00e4u\u00dferst beliebte Sattel eignet sich sowohl f\u00fcr Ironman-Rennen als auch f\u00fcr kurze Sprints. Er \u00f6ffnet Ihren Oberk\u00f6rper, sodass Sie besser atmen und die besten Rennen Ihres Lebens absolvieren k\u00f6nnen.        <img decoding=\"async\" class=\"aligncenter\" src=\"https:\/\/bikefit.lu\/wp-content\/uploads\/2020\/04\/ec523d84b5741405c18711c87daf14b92bef2009cebbebc1a8be8961b6216527-456x300.png\"><\/strong><\/p>\n<p>&nbsp;<\/p>\n<p style=\"text-align: center;\"><a href=\"https:\/\/www.triathlete.com\/gear\/bike\/best-triathlon-saddles\/?utm_campaign=emailmarketing_113518444731&amp;utm_medium=email&amp;utm_source=shopify_email\">Klicken Sie hier um den Artikel zu lesen.<\/a><\/p>\n","protected":false},"featured_media":88890,"comment_status":"closed","ping_status":"closed","template":"","meta":[],"product_brand":[],"product_cat":[4836,4778],"product_tag":[5213,5164,5182,5194],"class_list":{"0":"post-81907","1":"product","2":"type-product","3":"status-publish","4":"has-post-thumbnail","6":"product_cat-kontaktpunkt-becken","7":"product_cat-tri-tt-en-de","8":"product_tag-jcob-de","9":"product_tag-saettel","10":"product_tag-triathlon-de","11":"product_tag-zeitfahren","12":"product_shipping_class-large-items-de","14":"first","15":"outofstock","16":"taxable","17":"shipping-taxable","18":"purchasable","19":"product-type-simple"},"group_of_quantity":0,"min_quantity":0,"max_quantity":"","exclude_order_quantity_value_rules":"no","exclude_category_quantity_rules":"no","combine_variations":"no","yoast_head":"<!-- This site is optimized with the Yoast SEO Premium plugin v27.4 (Yoast SEO v27.4) - https:\/\/yoast.com\/product\/yoast-seo-premium-wordpress\/ -->\n<title>jcob Type 5 - bikefit.lu<\/title>\n<meta name=\"robots\" content=\"index, follow, max-snippet:-1, max-image-preview:large, max-video-preview:-1\" \/>\n<link rel=\"canonical\" href=\"https:\/\/bikefit.lu\/de\/product\/jcob-type-5\/\" \/>\n<meta property=\"og:locale\" content=\"de_DE\" \/>\n<meta property=\"og:type\" content=\"article\" \/>\n<meta property=\"og:title\" content=\"jcob Type 5\" \/>\n<meta property=\"og:description\" content=\"Der neue Type 5 ist eine Neugestaltung des klassischen COBB JOF Fifty-Five, mit dem die Ironman-Meisterschaften in den Jahren 2017, 2018 und 2019 gewonnen wurden. Er wurde f\u00fcr den ambitionierten Fahrer konzipiert, der sich f\u00fcr ein Fahrrad mit vorw\u00e4rtsgerichteter Geometrie entschieden hat. Der Sattel ist darauf ausgelegt, dass der Fahrer auf der Sattelspitze sitzt, sich lediglich vorne abst\u00fctzt, um seinen Oberschenkelwinkel zu \u00f6ffnen und gro\u00dfe Kraft zu entwickeln. Der Type 5 wird sich bei der ersten Fahrt absichtlich etwas hart anf\u00fchlen, aber nach einigen Fahrten werden Sie ihn kaum noch wahrnehmen. Er verf\u00fcgt \u00fcber branchenf\u00fchrende 105 mm lange Sattelschienen, die einen gro\u00dfen Einstellbereich erm\u00f6glichen. Die Sattelspitze ist 55 mm breit, sodass keine &#039;Kabelbinder&#039; oder andere Anpassungen erforderlich sind, um ganzt\u00e4gigen Komfort auf diesem Sattel zu finden. Wenn Sie gerne mit einem aggressiven Lenkertiefgang fahren, um den Windwiderstand zu reduzieren, ist das kurze Nasendesign die beste Wahl. Der schmale Nasenbereich, der sich zum hinteren Teil hin allm\u00e4hlich verj\u00fcngt, verhindert Scheuerstellen an den Oberschenkeln. Der Sattel wurde sowohl f\u00fcr M\u00e4nner als auch f\u00fcr Frauen konzipiert und verf\u00fcgt \u00fcber zahlreiche subtile Merkmale, die zu einem hervorragenden Fahrerlebnis beitragen. Wir haben unsere r\u00fcckw\u00e4rtigen Befestigungspunkte f\u00fcr Trinkflaschen integriert, um Ihre Flasche einfach an Ihrem Fahrrad zu befestigen. Die einzigartige gebogene R\u00fcckenform bietet zudem eine bessere Unterst\u00fctzung beim Bergauffahren. Dieser \u00e4u\u00dferst beliebte Sattel eignet sich sowohl f\u00fcr Ironman-Rennen als auch f\u00fcr kurze Sprints. Er \u00f6ffnet Ihren Oberk\u00f6rper, sodass Sie besser atmen und die besten Rennen Ihres Lebens absolvieren k\u00f6nnen.     &nbsp; Klicken Sie hier um den Artikel zu lesen.\" \/>\n<meta property=\"og:url\" content=\"https:\/\/bikefit.lu\/de\/product\/jcob-type-5\/\" \/>\n<meta property=\"og:site_name\" content=\"bikefit.lu\" \/>\n<meta property=\"article:modified_time\" content=\"2025-04-22T11:49:42+00:00\" \/>\n<meta property=\"og:image\" content=\"https:\/\/bikefit.lu\/wp-content\/uploads\/2020\/04\/Type_5_White-side2_2_720x.webp\" \/>\n\t<meta property=\"og:image:width\" content=\"720\" \/>\n\t<meta property=\"og:image:height\" content=\"514\" \/>\n\t<meta property=\"og:image:type\" content=\"image\/webp\" \/>\n<meta name=\"twitter:card\" content=\"summary_large_image\" \/>\n<meta name=\"twitter:label1\" content=\"Preis\" \/>\n\t<meta name=\"twitter:data1\" content=\"215,00&nbsp;&euro;\" \/>\n\t<meta name=\"twitter:label2\" content=\"Verf\u00fcgbarkeit\" \/>\n\t<meta name=\"twitter:data2\" content=\"ausverkauft\" \/>\n<script type=\"application\/ld+json\" class=\"yoast-schema-graph\">{\"@context\":\"https:\\\/\\\/schema.org\",\"@graph\":[{\"@type\":\"WebPage\",\"@id\":\"https:\\\/\\\/bikefit.lu\\\/de\\\/product\\\/jcob-type-5\\\/\",\"url\":\"https:\\\/\\\/bikefit.lu\\\/de\\\/product\\\/jcob-type-5\\\/\",\"name\":\"jcob Type 5 - bikefit.lu\",\"isPartOf\":{\"@id\":\"https:\\\/\\\/bikefit.lu\\\/de\\\/#website\"},\"primaryImageOfPage\":{\"@id\":\"https:\\\/\\\/bikefit.lu\\\/de\\\/product\\\/jcob-type-5\\\/#primaryimage\"},\"image\":{\"@id\":\"https:\\\/\\\/bikefit.lu\\\/de\\\/product\\\/jcob-type-5\\\/#primaryimage\"},\"thumbnailUrl\":\"https:\\\/\\\/bikefit.lu\\\/wp-content\\\/uploads\\\/2020\\\/04\\\/Type_5_White-side2_2_720x.webp\",\"datePublished\":\"2020-04-29T05:21:09+00:00\",\"dateModified\":\"2025-04-22T11:49:42+00:00\",\"breadcrumb\":{\"@id\":\"https:\\\/\\\/bikefit.lu\\\/de\\\/product\\\/jcob-type-5\\\/#breadcrumb\"},\"inLanguage\":\"de\",\"potentialAction\":[{\"@type\":\"ReadAction\",\"target\":[\"https:\\\/\\\/bikefit.lu\\\/de\\\/product\\\/jcob-type-5\\\/\"]}]},{\"@type\":\"ImageObject\",\"inLanguage\":\"de\",\"@id\":\"https:\\\/\\\/bikefit.lu\\\/de\\\/product\\\/jcob-type-5\\\/#primaryimage\",\"url\":\"https:\\\/\\\/bikefit.lu\\\/wp-content\\\/uploads\\\/2020\\\/04\\\/Type_5_White-side2_2_720x.webp\",\"contentUrl\":\"https:\\\/\\\/bikefit.lu\\\/wp-content\\\/uploads\\\/2020\\\/04\\\/Type_5_White-side2_2_720x.webp\",\"width\":720,\"height\":514},{\"@type\":\"BreadcrumbList\",\"@id\":\"https:\\\/\\\/bikefit.lu\\\/de\\\/product\\\/jcob-type-5\\\/#breadcrumb\",\"itemListElement\":[{\"@type\":\"ListItem\",\"position\":1,\"name\":\"Home\",\"item\":\"https:\\\/\\\/bikefit.lu\\\/de\\\/\"},{\"@type\":\"ListItem\",\"position\":2,\"name\":\"Shop\",\"item\":\"https:\\\/\\\/bikefit.lu\\\/de\\\/shop\\\/\"},{\"@type\":\"ListItem\",\"position\":3,\"name\":\"jcob Type 5\"}]},{\"@type\":\"WebSite\",\"@id\":\"https:\\\/\\\/bikefit.lu\\\/de\\\/#website\",\"url\":\"https:\\\/\\\/bikefit.lu\\\/de\\\/\",\"name\":\"bikefit.lu\",\"description\":\"IMPROVING CYCLING\",\"publisher\":{\"@id\":\"https:\\\/\\\/bikefit.lu\\\/de\\\/#\\\/schema\\\/person\\\/379af1263474d2f8cd1f41c2bd90273d\"},\"potentialAction\":[{\"@type\":\"SearchAction\",\"target\":{\"@type\":\"EntryPoint\",\"urlTemplate\":\"https:\\\/\\\/bikefit.lu\\\/de\\\/?s={search_term_string}\"},\"query-input\":{\"@type\":\"PropertyValueSpecification\",\"valueRequired\":true,\"valueName\":\"search_term_string\"}}],\"inLanguage\":\"de\"},{\"@type\":[\"Person\",\"Organization\"],\"@id\":\"https:\\\/\\\/bikefit.lu\\\/de\\\/#\\\/schema\\\/person\\\/379af1263474d2f8cd1f41c2bd90273d\",\"name\":\"Patrick Guillaume\",\"image\":{\"@type\":\"ImageObject\",\"inLanguage\":\"de\",\"@id\":\"https:\\\/\\\/bikefit.lu\\\/wp-content\\\/uploads\\\/2024\\\/12\\\/cropped-bikefit-logoURL-RGB-jpg.jpg\",\"url\":\"https:\\\/\\\/bikefit.lu\\\/wp-content\\\/uploads\\\/2024\\\/12\\\/cropped-bikefit-logoURL-RGB-jpg.jpg\",\"contentUrl\":\"https:\\\/\\\/bikefit.lu\\\/wp-content\\\/uploads\\\/2024\\\/12\\\/cropped-bikefit-logoURL-RGB-jpg.jpg\",\"width\":512,\"height\":512,\"caption\":\"Patrick Guillaume\"},\"logo\":{\"@id\":\"https:\\\/\\\/bikefit.lu\\\/wp-content\\\/uploads\\\/2024\\\/12\\\/cropped-bikefit-logoURL-RGB-jpg.jpg\"},\"sameAs\":[\"https:\\\/\\\/bikefit.lu\"],\"honorificPrefix\":\"Mr\",\"birthDate\":\"1966-11-18\",\"gender\":\"male\",\"knowsAbout\":[\"Bike-fitting\"],\"knowsLanguage\":[\"English\",\"French\",\"German\",\"Luxembourgish\"]}]}<\/script>\n<meta property=\"product:price:amount\" content=\"215.00\" \/>\n<meta property=\"product:price:currency\" content=\"EUR\" \/>\n<meta property=\"og:availability\" content=\"out of stock\" \/>\n<meta property=\"product:availability\" content=\"out of stock\" \/>\n<meta property=\"product:condition\" content=\"new\" \/>\n<!-- \/ Yoast SEO Premium plugin. -->","yoast_head_json":{"title":"jcob Type 5 - bikefit.lu","robots":{"index":"index","follow":"follow","max-snippet":"max-snippet:-1","max-image-preview":"max-image-preview:large","max-video-preview":"max-video-preview:-1"},"canonical":"https:\/\/bikefit.lu\/de\/product\/jcob-type-5\/","og_locale":"de_DE","og_type":"article","og_title":"jcob Type 5","og_description":"Der neue Type 5 ist eine Neugestaltung des klassischen COBB JOF Fifty-Five, mit dem die Ironman-Meisterschaften in den Jahren 2017, 2018 und 2019 gewonnen wurden. Er wurde f\u00fcr den ambitionierten Fahrer konzipiert, der sich f\u00fcr ein Fahrrad mit vorw\u00e4rtsgerichteter Geometrie entschieden hat. Der Sattel ist darauf ausgelegt, dass der Fahrer auf der Sattelspitze sitzt, sich lediglich vorne abst\u00fctzt, um seinen Oberschenkelwinkel zu \u00f6ffnen und gro\u00dfe Kraft zu entwickeln. Der Type 5 wird sich bei der ersten Fahrt absichtlich etwas hart anf\u00fchlen, aber nach einigen Fahrten werden Sie ihn kaum noch wahrnehmen. Er verf\u00fcgt \u00fcber branchenf\u00fchrende 105 mm lange Sattelschienen, die einen gro\u00dfen Einstellbereich erm\u00f6glichen. Die Sattelspitze ist 55 mm breit, sodass keine 'Kabelbinder' oder andere Anpassungen erforderlich sind, um ganzt\u00e4gigen Komfort auf diesem Sattel zu finden. Wenn Sie gerne mit einem aggressiven Lenkertiefgang fahren, um den Windwiderstand zu reduzieren, ist das kurze Nasendesign die beste Wahl. Der schmale Nasenbereich, der sich zum hinteren Teil hin allm\u00e4hlich verj\u00fcngt, verhindert Scheuerstellen an den Oberschenkeln. Der Sattel wurde sowohl f\u00fcr M\u00e4nner als auch f\u00fcr Frauen konzipiert und verf\u00fcgt \u00fcber zahlreiche subtile Merkmale, die zu einem hervorragenden Fahrerlebnis beitragen. Wir haben unsere r\u00fcckw\u00e4rtigen Befestigungspunkte f\u00fcr Trinkflaschen integriert, um Ihre Flasche einfach an Ihrem Fahrrad zu befestigen. Die einzigartige gebogene R\u00fcckenform bietet zudem eine bessere Unterst\u00fctzung beim Bergauffahren. Dieser \u00e4u\u00dferst beliebte Sattel eignet sich sowohl f\u00fcr Ironman-Rennen als auch f\u00fcr kurze Sprints. Er \u00f6ffnet Ihren Oberk\u00f6rper, sodass Sie besser atmen und die besten Rennen Ihres Lebens absolvieren k\u00f6nnen.     &nbsp; Klicken Sie hier um den Artikel zu lesen.","og_url":"https:\/\/bikefit.lu\/de\/product\/jcob-type-5\/","og_site_name":"bikefit.lu","article_modified_time":"2025-04-22T11:49:42+00:00","og_image":[{"width":720,"height":514,"url":"https:\/\/bikefit.lu\/wp-content\/uploads\/2020\/04\/Type_5_White-side2_2_720x.webp","type":"image\/webp"}],"twitter_card":"summary_large_image","twitter_misc":{"Preis":"215,00&nbsp;&euro;","Verf\u00fcgbarkeit":"ausverkauft"},"schema":{"@context":"https:\/\/schema.org","@graph":[{"@type":"WebPage","@id":"https:\/\/bikefit.lu\/de\/product\/jcob-type-5\/","url":"https:\/\/bikefit.lu\/de\/product\/jcob-type-5\/","name":"jcob Type 5 - bikefit.lu","isPartOf":{"@id":"https:\/\/bikefit.lu\/de\/#website"},"primaryImageOfPage":{"@id":"https:\/\/bikefit.lu\/de\/product\/jcob-type-5\/#primaryimage"},"image":{"@id":"https:\/\/bikefit.lu\/de\/product\/jcob-type-5\/#primaryimage"},"thumbnailUrl":"https:\/\/bikefit.lu\/wp-content\/uploads\/2020\/04\/Type_5_White-side2_2_720x.webp","datePublished":"2020-04-29T05:21:09+00:00","dateModified":"2025-04-22T11:49:42+00:00","breadcrumb":{"@id":"https:\/\/bikefit.lu\/de\/product\/jcob-type-5\/#breadcrumb"},"inLanguage":"de","potentialAction":[{"@type":"ReadAction","target":["https:\/\/bikefit.lu\/de\/product\/jcob-type-5\/"]}]},{"@type":"ImageObject","inLanguage":"de","@id":"https:\/\/bikefit.lu\/de\/product\/jcob-type-5\/#primaryimage","url":"https:\/\/bikefit.lu\/wp-content\/uploads\/2020\/04\/Type_5_White-side2_2_720x.webp","contentUrl":"https:\/\/bikefit.lu\/wp-content\/uploads\/2020\/04\/Type_5_White-side2_2_720x.webp","width":720,"height":514},{"@type":"BreadcrumbList","@id":"https:\/\/bikefit.lu\/de\/product\/jcob-type-5\/#breadcrumb","itemListElement":[{"@type":"ListItem","position":1,"name":"Home","item":"https:\/\/bikefit.lu\/de\/"},{"@type":"ListItem","position":2,"name":"Shop","item":"https:\/\/bikefit.lu\/de\/shop\/"},{"@type":"ListItem","position":3,"name":"jcob Type 5"}]},{"@type":"WebSite","@id":"https:\/\/bikefit.lu\/de\/#website","url":"https:\/\/bikefit.lu\/de\/","name":"bikefit.lu","description":"IMPROVING CYCLING","publisher":{"@id":"https:\/\/bikefit.lu\/de\/#\/schema\/person\/379af1263474d2f8cd1f41c2bd90273d"},"potentialAction":[{"@type":"SearchAction","target":{"@type":"EntryPoint","urlTemplate":"https:\/\/bikefit.lu\/de\/?s={search_term_string}"},"query-input":{"@type":"PropertyValueSpecification","valueRequired":true,"valueName":"search_term_string"}}],"inLanguage":"de"},{"@type":["Person","Organization"],"@id":"https:\/\/bikefit.lu\/de\/#\/schema\/person\/379af1263474d2f8cd1f41c2bd90273d","name":"Patrick Guillaume","image":{"@type":"ImageObject","inLanguage":"de","@id":"https:\/\/bikefit.lu\/wp-content\/uploads\/2024\/12\/cropped-bikefit-logoURL-RGB-jpg.jpg","url":"https:\/\/bikefit.lu\/wp-content\/uploads\/2024\/12\/cropped-bikefit-logoURL-RGB-jpg.jpg","contentUrl":"https:\/\/bikefit.lu\/wp-content\/uploads\/2024\/12\/cropped-bikefit-logoURL-RGB-jpg.jpg","width":512,"height":512,"caption":"Patrick Guillaume"},"logo":{"@id":"https:\/\/bikefit.lu\/wp-content\/uploads\/2024\/12\/cropped-bikefit-logoURL-RGB-jpg.jpg"},"sameAs":["https:\/\/bikefit.lu"],"honorificPrefix":"Mr","birthDate":"1966-11-18","gender":"male","knowsAbout":["Bike-fitting"],"knowsLanguage":["English","French","German","Luxembourgish"]}]},"product_price_amount":"215.00","product_price_currency":"EUR","og_availability":"out of stock","product_availability":"out of stock","product_condition":"new"},"_links":{"self":[{"href":"https:\/\/bikefit.lu\/de\/wp-json\/wp\/v2\/product\/81907","targetHints":{"allow":["GET"]}}],"collection":[{"href":"https:\/\/bikefit.lu\/de\/wp-json\/wp\/v2\/product"}],"about":[{"href":"https:\/\/bikefit.lu\/de\/wp-json\/wp\/v2\/types\/product"}],"replies":[{"embeddable":true,"href":"https:\/\/bikefit.lu\/de\/wp-json\/wp\/v2\/comments?post=81907"}],"version-history":[{"count":0,"href":"https:\/\/bikefit.lu\/de\/wp-json\/wp\/v2\/product\/81907\/revisions"}],"wp:featuredmedia":[{"embeddable":true,"href":"https:\/\/bikefit.lu\/de\/wp-json\/wp\/v2\/media\/88890"}],"wp:attachment":[{"href":"https:\/\/bikefit.lu\/de\/wp-json\/wp\/v2\/media?parent=81907"}],"wp:term":[{"taxonomy":"product_brand","embeddable":true,"href":"https:\/\/bikefit.lu\/de\/wp-json\/wp\/v2\/product_brand?post=81907"},{"taxonomy":"product_cat","embeddable":true,"href":"https:\/\/bikefit.lu\/de\/wp-json\/wp\/v2\/product_cat?post=81907"},{"taxonomy":"product_tag","embeddable":true,"href":"https:\/\/bikefit.lu\/de\/wp-json\/wp\/v2\/product_tag?post=81907"}],"curies":[{"name":"wp","href":"https:\/\/api.w.org\/{rel}","templated":true}]}}