{"id":85253,"date":"2024-09-16T10:36:44","date_gmt":"2024-09-16T10:36:44","guid":{"rendered":"https:\/\/bikefit.lu\/shop\/unkategorisiert\/form-cleat-verlaengerungsplatte-xpr-universal-3-loch-kit\/"},"modified":"2026-03-22T13:51:50","modified_gmt":"2026-03-22T12:51:50","slug":"form-cleat-verlaengerungsplatte-xpr-universal-3-loch-kit","status":"publish","type":"product","link":"https:\/\/bikefit.lu\/de\/product\/form-cleat-verlaengerungsplatte-xpr-universal-3-loch-kit\/","title":{"rendered":"Form\u00ae Cleat-Verl\u00e4ngerungsplatte &#8211; XPR universell 3-Loch"},"content":{"rendered":"<p>KIT ENTH\u00c4LT:<\/p>\n<ul>\n<li>LR &#8211; Zwei Platten \/ M5 T-Muttern \/ Grundplatten-Schrauben \/ Cleat-Schrauben \/ Cleat-Unterlegscheiben<\/li>\n<li>L IN\/R OUT &#8211; Einzelne Platte \/ M5 T-Muttern \/ Grundplatten-Schrauben \/ Cleat-Schrauben \/ Cleat-Unterlegscheiben<\/li>\n<li>R IN\/L OUT &#8211; Einzelne Platte \/ M5 Muttern \/ Grundplatten-Schrauben \/ Cleat-Schrauben \/ Cleat-Unterlegscheiben<\/li>\n<\/ul>\n","protected":false},"excerpt":{"rendered":"<p id=\"isPasted\" class=\"ai-optimize-45\">Die FORM XPR Verl\u00e4ngerungsplatten bieten entweder 8 mm oder 20 mm zus\u00e4tzliche Einstellm\u00f6glichkeit nach hinten f\u00fcr 3-Loch-Stra\u00dfenschuhplatten-Systeme. Sie erm\u00f6glichen zudem bis zu 3 mm zus\u00e4tzliche mediale oder laterale Anpassung. <\/p>\n<p class=\"ai-optimize-46\">Die Verlagerung der Schuhplatten in Richtung Mittelfu\u00df kann mehrere Vorteile mit sich bringen:<\/p>\n<ul>\n<li class=\"ai-optimize-47\">Es reduziert den &#8220;Hebel&#8221;-Effekt des Fu\u00dfes und macht den Fu\u00df stabiler \u00fcber den Pedalen<\/li>\n<li class=\"ai-optimize-48\">Es kann hei\u00dfe F\u00fc\u00dfe reduzieren oder beseitigen, indem der Druckpunkt von der Pedalachse weg verlagert wird<\/li>\n<li class=\"ai-optimize-49\">Es reduziert die Belastung der Kn\u00f6chel- und Wadenmuskulatur, was f\u00fcr das Ausdauerfahren sehr vorteilhaft ist<\/li>\n<li class=\"ai-optimize-50\">N\u00fctzlich, wenn Ihre vorhandenen Cleat-L\u00f6cher zu weit vorne am Schuh liegen und es Ihnen nicht erm\u00f6glichen, Ihre Cleats in der &#8220;modernen Standard&#8221;-Position zu platzieren<\/li>\n<\/ul>\n<p class=\"ai-optimize-51\">Wenn Sie Shimano SPDSL, Look KEO oder andere 3-Loch-Stra\u00dfenpedalsysteme verwenden und eine weiter hinten liegende Position ausprobieren m\u00f6chten, lassen sich diese Platten einfach montieren und erh\u00f6hen die Stapelh\u00f6he Ihrer Schuhplatte um lediglich 3,5 mm. Das leicht flexible Design gew\u00e4hrleistet die Kompatibilit\u00e4t mit allen Stra\u00dfenradschuhen. <\/p>\n","protected":false},"featured_media":88385,"comment_status":"closed","ping_status":"closed","template":"","meta":[],"product_brand":[],"product_cat":[4831,4786],"product_tag":[4931,5495,5070,5053,5079,5125,5156,5169],"class_list":{"0":"post-85253","1":"product","2":"type-product","3":"status-publish","4":"has-post-thumbnail","6":"product_cat-foot-pedal-interface-de","7":"product_cat-road-de","8":"product_tag-3-hole-de","9":"product_tag-cleat-verlangerungsplatte","10":"product_tag-foot-pedal-interface-de","11":"product_tag-form-de","12":"product_tag-look-de","13":"product_tag-road-de","14":"product_tag-shimano-de","15":"product_tag-time-de","16":"product_shipping_class-format-s-de","17":"pa_option-kit-l-r-time-de","18":"pa_option-kit-l-r-look","19":"pa_option-kit-l-r-shimano","20":"pa_option-l-in-r-out-look-de","21":"pa_option-l-in-r-out-shimano-de","22":"pa_option-l-in-r-out-time-de","23":"pa_option-l-out-r-in-look-de","24":"pa_option-l-out-r-in-shimano-de","25":"pa_option-l-out-r-in-de-time","27":"first","28":"instock","29":"taxable","30":"shipping-taxable","31":"purchasable","32":"product-type-variable"},"group_of_quantity":0,"min_quantity":0,"max_quantity":"","exclude_order_quantity_value_rules":"no","exclude_category_quantity_rules":"no","combine_variations":"no","yoast_head":"<!-- This site is optimized with the Yoast SEO Premium plugin v27.4 (Yoast SEO v27.5) - https:\/\/yoast.com\/product\/yoast-seo-premium-wordpress\/ -->\n<title>Form\u00ae Cleat-Verl\u00e4ngerungsplatte - XPR universell 3-Loch - bikefit.lu<\/title>\n<meta name=\"robots\" content=\"index, follow, max-snippet:-1, max-image-preview:large, max-video-preview:-1\" \/>\n<link rel=\"canonical\" href=\"https:\/\/bikefit.lu\/de\/product\/form-cleat-verlaengerungsplatte-xpr-universal-3-loch-kit\/\" \/>\n<meta property=\"og:locale\" content=\"de_DE\" \/>\n<meta property=\"og:type\" content=\"article\" \/>\n<meta property=\"og:title\" content=\"Form\u00ae Cleat-Verl\u00e4ngerungsplatte - XPR universell 3-Loch\" \/>\n<meta property=\"og:description\" content=\"Die FORM XPR Verl\u00e4ngerungsplatten bieten entweder 8 mm oder 20 mm zus\u00e4tzliche Einstellm\u00f6glichkeit nach hinten f\u00fcr 3-Loch-Stra\u00dfenschuhplatten-Systeme. Sie erm\u00f6glichen zudem bis zu 3 mm zus\u00e4tzliche mediale oder laterale Anpassung. Die Verlagerung der Schuhplatten in Richtung Mittelfu\u00df kann mehrere Vorteile mit sich bringen:   Es reduziert den &quot;Hebel&quot;-Effekt des Fu\u00dfes und macht den Fu\u00df stabiler \u00fcber den Pedalen  Es kann hei\u00dfe F\u00fc\u00dfe reduzieren oder beseitigen, indem der Druckpunkt von der Pedalachse weg verlagert wird  Es reduziert die Belastung der Kn\u00f6chel- und Wadenmuskulatur, was f\u00fcr das Ausdauerfahren sehr vorteilhaft ist  N\u00fctzlich, wenn Ihre vorhandenen Cleat-L\u00f6cher zu weit vorne am Schuh liegen und es Ihnen nicht erm\u00f6glichen, Ihre Cleats in der &quot;modernen Standard&quot;-Position zu platzieren Wenn Sie Shimano SPDSL, Look KEO oder andere 3-Loch-Stra\u00dfenpedalsysteme verwenden und eine weiter hinten liegende Position ausprobieren m\u00f6chten, lassen sich diese Platten einfach montieren und erh\u00f6hen die Stapelh\u00f6he Ihrer Schuhplatte um lediglich 3,5 mm. Das leicht flexible Design gew\u00e4hrleistet die Kompatibilit\u00e4t mit allen Stra\u00dfenradschuhen.\" \/>\n<meta property=\"og:url\" content=\"https:\/\/bikefit.lu\/de\/product\/form-cleat-verlaengerungsplatte-xpr-universal-3-loch-kit\/\" \/>\n<meta property=\"og:site_name\" content=\"bikefit.lu\" \/>\n<meta property=\"article:modified_time\" content=\"2026-03-22T12:51:50+00:00\" \/>\n<meta property=\"og:image\" content=\"https:\/\/bikefit.lu\/wp-content\/uploads\/2024\/12\/extender-plate-XPR.webp\" \/>\n\t<meta property=\"og:image:width\" content=\"1920\" \/>\n\t<meta property=\"og:image:height\" content=\"1920\" \/>\n\t<meta property=\"og:image:type\" content=\"image\/webp\" \/>\n<meta name=\"twitter:card\" content=\"summary_large_image\" \/>\n<meta name=\"twitter:label1\" content=\"Verf\u00fcgbarkeit\" \/>\n\t<meta name=\"twitter:data1\" content=\"Auf Lager\" \/>\n<script type=\"application\/ld+json\" class=\"yoast-schema-graph\">{\"@context\":\"https:\\\/\\\/schema.org\",\"@graph\":[{\"@type\":\"WebPage\",\"@id\":\"https:\\\/\\\/bikefit.lu\\\/de\\\/product\\\/form-cleat-verlaengerungsplatte-xpr-universal-3-loch-kit\\\/\",\"url\":\"https:\\\/\\\/bikefit.lu\\\/de\\\/product\\\/form-cleat-verlaengerungsplatte-xpr-universal-3-loch-kit\\\/\",\"name\":\"Form\u00ae Cleat-Verl\u00e4ngerungsplatte - XPR universell 3-Loch - bikefit.lu\",\"isPartOf\":{\"@id\":\"https:\\\/\\\/bikefit.lu\\\/de\\\/#website\"},\"primaryImageOfPage\":{\"@id\":\"https:\\\/\\\/bikefit.lu\\\/de\\\/product\\\/form-cleat-verlaengerungsplatte-xpr-universal-3-loch-kit\\\/#primaryimage\"},\"image\":{\"@id\":\"https:\\\/\\\/bikefit.lu\\\/de\\\/product\\\/form-cleat-verlaengerungsplatte-xpr-universal-3-loch-kit\\\/#primaryimage\"},\"thumbnailUrl\":\"https:\\\/\\\/bikefit.lu\\\/wp-content\\\/uploads\\\/2024\\\/12\\\/extender-plate-XPR.webp\",\"datePublished\":\"2024-09-16T10:36:44+00:00\",\"dateModified\":\"2026-03-22T12:51:50+00:00\",\"breadcrumb\":{\"@id\":\"https:\\\/\\\/bikefit.lu\\\/de\\\/product\\\/form-cleat-verlaengerungsplatte-xpr-universal-3-loch-kit\\\/#breadcrumb\"},\"inLanguage\":\"de\",\"potentialAction\":[{\"@type\":\"ReadAction\",\"target\":[\"https:\\\/\\\/bikefit.lu\\\/de\\\/product\\\/form-cleat-verlaengerungsplatte-xpr-universal-3-loch-kit\\\/\"]}]},{\"@type\":\"ImageObject\",\"inLanguage\":\"de\",\"@id\":\"https:\\\/\\\/bikefit.lu\\\/de\\\/product\\\/form-cleat-verlaengerungsplatte-xpr-universal-3-loch-kit\\\/#primaryimage\",\"url\":\"https:\\\/\\\/bikefit.lu\\\/wp-content\\\/uploads\\\/2024\\\/12\\\/extender-plate-XPR.webp\",\"contentUrl\":\"https:\\\/\\\/bikefit.lu\\\/wp-content\\\/uploads\\\/2024\\\/12\\\/extender-plate-XPR.webp\",\"width\":1920,\"height\":1920},{\"@type\":\"BreadcrumbList\",\"@id\":\"https:\\\/\\\/bikefit.lu\\\/de\\\/product\\\/form-cleat-verlaengerungsplatte-xpr-universal-3-loch-kit\\\/#breadcrumb\",\"itemListElement\":[{\"@type\":\"ListItem\",\"position\":1,\"name\":\"Home\",\"item\":\"https:\\\/\\\/bikefit.lu\\\/de\\\/\"},{\"@type\":\"ListItem\",\"position\":2,\"name\":\"Shop\",\"item\":\"https:\\\/\\\/bikefit.lu\\\/de\\\/shop\\\/\"},{\"@type\":\"ListItem\",\"position\":3,\"name\":\"Form\u00ae Cleat-Verl\u00e4ngerungsplatte &#8211; XPR universell 3-Loch\"}]},{\"@type\":\"WebSite\",\"@id\":\"https:\\\/\\\/bikefit.lu\\\/de\\\/#website\",\"url\":\"https:\\\/\\\/bikefit.lu\\\/de\\\/\",\"name\":\"bikefit.lu\",\"description\":\"IMPROVING CYCLING\",\"publisher\":{\"@id\":\"https:\\\/\\\/bikefit.lu\\\/de\\\/#\\\/schema\\\/person\\\/379af1263474d2f8cd1f41c2bd90273d\"},\"potentialAction\":[{\"@type\":\"SearchAction\",\"target\":{\"@type\":\"EntryPoint\",\"urlTemplate\":\"https:\\\/\\\/bikefit.lu\\\/de\\\/?s={search_term_string}\"},\"query-input\":{\"@type\":\"PropertyValueSpecification\",\"valueRequired\":true,\"valueName\":\"search_term_string\"}}],\"inLanguage\":\"de\"},{\"@type\":[\"Person\",\"Organization\"],\"@id\":\"https:\\\/\\\/bikefit.lu\\\/de\\\/#\\\/schema\\\/person\\\/379af1263474d2f8cd1f41c2bd90273d\",\"name\":\"Patrick Guillaume\",\"image\":{\"@type\":\"ImageObject\",\"inLanguage\":\"de\",\"@id\":\"https:\\\/\\\/bikefit.lu\\\/wp-content\\\/uploads\\\/2024\\\/12\\\/cropped-bikefit-logoURL-RGB-jpg.jpg\",\"url\":\"https:\\\/\\\/bikefit.lu\\\/wp-content\\\/uploads\\\/2024\\\/12\\\/cropped-bikefit-logoURL-RGB-jpg.jpg\",\"contentUrl\":\"https:\\\/\\\/bikefit.lu\\\/wp-content\\\/uploads\\\/2024\\\/12\\\/cropped-bikefit-logoURL-RGB-jpg.jpg\",\"width\":512,\"height\":512,\"caption\":\"Patrick Guillaume\"},\"logo\":{\"@id\":\"https:\\\/\\\/bikefit.lu\\\/wp-content\\\/uploads\\\/2024\\\/12\\\/cropped-bikefit-logoURL-RGB-jpg.jpg\"},\"sameAs\":[\"https:\\\/\\\/bikefit.lu\"],\"honorificPrefix\":\"Mr\",\"birthDate\":\"1966-11-18\",\"gender\":\"male\",\"knowsAbout\":[\"Bike-fitting\"],\"knowsLanguage\":[\"English\",\"French\",\"German\",\"Luxembourgish\"]}]}<\/script>\n<meta property=\"og:availability\" content=\"instock\" \/>\n<meta property=\"product:availability\" content=\"instock\" \/>\n<meta property=\"product:condition\" content=\"new\" \/>\n<!-- \/ Yoast SEO Premium plugin. -->","yoast_head_json":{"title":"Form\u00ae Cleat-Verl\u00e4ngerungsplatte - XPR universell 3-Loch - bikefit.lu","robots":{"index":"index","follow":"follow","max-snippet":"max-snippet:-1","max-image-preview":"max-image-preview:large","max-video-preview":"max-video-preview:-1"},"canonical":"https:\/\/bikefit.lu\/de\/product\/form-cleat-verlaengerungsplatte-xpr-universal-3-loch-kit\/","og_locale":"de_DE","og_type":"article","og_title":"Form\u00ae Cleat-Verl\u00e4ngerungsplatte - XPR universell 3-Loch","og_description":"Die FORM XPR Verl\u00e4ngerungsplatten bieten entweder 8 mm oder 20 mm zus\u00e4tzliche Einstellm\u00f6glichkeit nach hinten f\u00fcr 3-Loch-Stra\u00dfenschuhplatten-Systeme. Sie erm\u00f6glichen zudem bis zu 3 mm zus\u00e4tzliche mediale oder laterale Anpassung. Die Verlagerung der Schuhplatten in Richtung Mittelfu\u00df kann mehrere Vorteile mit sich bringen:   Es reduziert den \"Hebel\"-Effekt des Fu\u00dfes und macht den Fu\u00df stabiler \u00fcber den Pedalen  Es kann hei\u00dfe F\u00fc\u00dfe reduzieren oder beseitigen, indem der Druckpunkt von der Pedalachse weg verlagert wird  Es reduziert die Belastung der Kn\u00f6chel- und Wadenmuskulatur, was f\u00fcr das Ausdauerfahren sehr vorteilhaft ist  N\u00fctzlich, wenn Ihre vorhandenen Cleat-L\u00f6cher zu weit vorne am Schuh liegen und es Ihnen nicht erm\u00f6glichen, Ihre Cleats in der \"modernen Standard\"-Position zu platzieren Wenn Sie Shimano SPDSL, Look KEO oder andere 3-Loch-Stra\u00dfenpedalsysteme verwenden und eine weiter hinten liegende Position ausprobieren m\u00f6chten, lassen sich diese Platten einfach montieren und erh\u00f6hen die Stapelh\u00f6he Ihrer Schuhplatte um lediglich 3,5 mm. Das leicht flexible Design gew\u00e4hrleistet die Kompatibilit\u00e4t mit allen Stra\u00dfenradschuhen.","og_url":"https:\/\/bikefit.lu\/de\/product\/form-cleat-verlaengerungsplatte-xpr-universal-3-loch-kit\/","og_site_name":"bikefit.lu","article_modified_time":"2026-03-22T12:51:50+00:00","og_image":[{"width":1920,"height":1920,"url":"https:\/\/bikefit.lu\/wp-content\/uploads\/2024\/12\/extender-plate-XPR.webp","type":"image\/webp"}],"twitter_card":"summary_large_image","twitter_misc":{"Verf\u00fcgbarkeit":"Auf Lager"},"schema":{"@context":"https:\/\/schema.org","@graph":[{"@type":"WebPage","@id":"https:\/\/bikefit.lu\/de\/product\/form-cleat-verlaengerungsplatte-xpr-universal-3-loch-kit\/","url":"https:\/\/bikefit.lu\/de\/product\/form-cleat-verlaengerungsplatte-xpr-universal-3-loch-kit\/","name":"Form\u00ae Cleat-Verl\u00e4ngerungsplatte - XPR universell 3-Loch - bikefit.lu","isPartOf":{"@id":"https:\/\/bikefit.lu\/de\/#website"},"primaryImageOfPage":{"@id":"https:\/\/bikefit.lu\/de\/product\/form-cleat-verlaengerungsplatte-xpr-universal-3-loch-kit\/#primaryimage"},"image":{"@id":"https:\/\/bikefit.lu\/de\/product\/form-cleat-verlaengerungsplatte-xpr-universal-3-loch-kit\/#primaryimage"},"thumbnailUrl":"https:\/\/bikefit.lu\/wp-content\/uploads\/2024\/12\/extender-plate-XPR.webp","datePublished":"2024-09-16T10:36:44+00:00","dateModified":"2026-03-22T12:51:50+00:00","breadcrumb":{"@id":"https:\/\/bikefit.lu\/de\/product\/form-cleat-verlaengerungsplatte-xpr-universal-3-loch-kit\/#breadcrumb"},"inLanguage":"de","potentialAction":[{"@type":"ReadAction","target":["https:\/\/bikefit.lu\/de\/product\/form-cleat-verlaengerungsplatte-xpr-universal-3-loch-kit\/"]}]},{"@type":"ImageObject","inLanguage":"de","@id":"https:\/\/bikefit.lu\/de\/product\/form-cleat-verlaengerungsplatte-xpr-universal-3-loch-kit\/#primaryimage","url":"https:\/\/bikefit.lu\/wp-content\/uploads\/2024\/12\/extender-plate-XPR.webp","contentUrl":"https:\/\/bikefit.lu\/wp-content\/uploads\/2024\/12\/extender-plate-XPR.webp","width":1920,"height":1920},{"@type":"BreadcrumbList","@id":"https:\/\/bikefit.lu\/de\/product\/form-cleat-verlaengerungsplatte-xpr-universal-3-loch-kit\/#breadcrumb","itemListElement":[{"@type":"ListItem","position":1,"name":"Home","item":"https:\/\/bikefit.lu\/de\/"},{"@type":"ListItem","position":2,"name":"Shop","item":"https:\/\/bikefit.lu\/de\/shop\/"},{"@type":"ListItem","position":3,"name":"Form\u00ae Cleat-Verl\u00e4ngerungsplatte &#8211; XPR universell 3-Loch"}]},{"@type":"WebSite","@id":"https:\/\/bikefit.lu\/de\/#website","url":"https:\/\/bikefit.lu\/de\/","name":"bikefit.lu","description":"IMPROVING CYCLING","publisher":{"@id":"https:\/\/bikefit.lu\/de\/#\/schema\/person\/379af1263474d2f8cd1f41c2bd90273d"},"potentialAction":[{"@type":"SearchAction","target":{"@type":"EntryPoint","urlTemplate":"https:\/\/bikefit.lu\/de\/?s={search_term_string}"},"query-input":{"@type":"PropertyValueSpecification","valueRequired":true,"valueName":"search_term_string"}}],"inLanguage":"de"},{"@type":["Person","Organization"],"@id":"https:\/\/bikefit.lu\/de\/#\/schema\/person\/379af1263474d2f8cd1f41c2bd90273d","name":"Patrick Guillaume","image":{"@type":"ImageObject","inLanguage":"de","@id":"https:\/\/bikefit.lu\/wp-content\/uploads\/2024\/12\/cropped-bikefit-logoURL-RGB-jpg.jpg","url":"https:\/\/bikefit.lu\/wp-content\/uploads\/2024\/12\/cropped-bikefit-logoURL-RGB-jpg.jpg","contentUrl":"https:\/\/bikefit.lu\/wp-content\/uploads\/2024\/12\/cropped-bikefit-logoURL-RGB-jpg.jpg","width":512,"height":512,"caption":"Patrick Guillaume"},"logo":{"@id":"https:\/\/bikefit.lu\/wp-content\/uploads\/2024\/12\/cropped-bikefit-logoURL-RGB-jpg.jpg"},"sameAs":["https:\/\/bikefit.lu"],"honorificPrefix":"Mr","birthDate":"1966-11-18","gender":"male","knowsAbout":["Bike-fitting"],"knowsLanguage":["English","French","German","Luxembourgish"]}]},"og_availability":"instock","product_availability":"instock","product_condition":"new"},"_links":{"self":[{"href":"https:\/\/bikefit.lu\/de\/wp-json\/wp\/v2\/product\/85253","targetHints":{"allow":["GET"]}}],"collection":[{"href":"https:\/\/bikefit.lu\/de\/wp-json\/wp\/v2\/product"}],"about":[{"href":"https:\/\/bikefit.lu\/de\/wp-json\/wp\/v2\/types\/product"}],"replies":[{"embeddable":true,"href":"https:\/\/bikefit.lu\/de\/wp-json\/wp\/v2\/comments?post=85253"}],"version-history":[{"count":0,"href":"https:\/\/bikefit.lu\/de\/wp-json\/wp\/v2\/product\/85253\/revisions"}],"wp:featuredmedia":[{"embeddable":true,"href":"https:\/\/bikefit.lu\/de\/wp-json\/wp\/v2\/media\/88385"}],"wp:attachment":[{"href":"https:\/\/bikefit.lu\/de\/wp-json\/wp\/v2\/media?parent=85253"}],"wp:term":[{"taxonomy":"product_brand","embeddable":true,"href":"https:\/\/bikefit.lu\/de\/wp-json\/wp\/v2\/product_brand?post=85253"},{"taxonomy":"product_cat","embeddable":true,"href":"https:\/\/bikefit.lu\/de\/wp-json\/wp\/v2\/product_cat?post=85253"},{"taxonomy":"product_tag","embeddable":true,"href":"https:\/\/bikefit.lu\/de\/wp-json\/wp\/v2\/product_tag?post=85253"}],"curies":[{"name":"wp","href":"https:\/\/api.w.org\/{rel}","templated":true}]}}