{"id":90381,"date":"2025-02-05T09:43:13","date_gmt":"2025-02-05T09:43:13","guid":{"rendered":"https:\/\/bikefit.lu\/?post_type=product&#038;p=90381"},"modified":"2025-06-02T13:50:31","modified_gmt":"2025-06-02T11:50:31","slug":"mx239-black-black","status":"publish","type":"product","link":"https:\/\/bikefit.lu\/de\/product\/mx239-black-black\/","title":{"rendered":"MX239 Black\/Black"},"content":{"rendered":"<p><strong>Form: <\/strong>MX Competition. Mit einer gr\u00f6\u00dferen Zehenbox und einer engeren Ferse als die Comfort-Form, w\u00e4hrend er etwas mehr Gesamtvolumen bietet als die Sport-Form. Er bietet au\u00dfergew\u00f6hnliche Sicherheit f\u00fcr intensives Fahren und Rennen, mit gen\u00fcgend Platz in der Zehenbox, um Druckstellen zu verhindern, wenn man Steigungen hinaufl\u00e4uft oder eine Hike-a-Bike-Strecke \u00fcberwindet. Entwickelt f\u00fcr leistungsorientiertes Fahren und Rennen.   <\/p>\n<p><strong>Obermaterial: <\/strong>Dieser neueste High-Performance-Offroad-Schuh ist mit einem Obermaterial aus Clarino-Mikrofaser oder Helcor-Leder erh\u00e4ltlich, ausgestattet mit Mesh und einem Outlast-Fersenfutter. Das abriebfeste Helcor-Leder wurde speziell f\u00fcr au\u00dfergew\u00f6hnliche Strapazierf\u00e4higkeit gegen Reibung, Kratzer und Absch\u00fcrfungen entwickelt. Die Clarino-Mikrofaser ist au\u00dferordentlich robust und widerstandsf\u00e4hig, h\u00e4lt der Beanspruchung langer Fahrten \u00fcber alle Terrains stand und beh\u00e4lt dabei ihre Form und Stabilit\u00e4t. Sie ist zudem leichter als Vollnarbenleder und in d\u00fcnneren St\u00e4rken haltbarer, was es Lake erm\u00f6glicht, einen Fahrradschuh zu kreieren, der unter allen Fahrbedingungen stabil bleibt und dem Zahn der Zeit trotzt.   <\/p>\n<p>Umh\u00fcllt von Lakes legend\u00e4rem Komfort bieten das temperaturregulierte Outlast-Fersen- und Zungenfutter ein luxuri\u00f6ses Gef\u00fchl bei gleichzeitiger Gew\u00e4hrleistung von Atmungsaktivit\u00e4t, Haltbarkeit und festem Halt am Fu\u00df.<\/p>\n<p><strong>Au\u00dfensohle:<\/strong> Die Lake Competition 100% Carbon-Faser-Sohle in Kombination mit ihrer Mountain Competition Echtgummisohle bietet erweiterten Schutz und Bodenstabilit\u00e4t. Dieser zus\u00e4tzliche Au\u00dfensohlenschutz erh\u00f6ht die Stabilit\u00e4t auf allen Arten von Oberfl\u00e4chen und liefert gleichzeitig die notwendige Leistung auf den Pedalen. <\/p>\n<p><strong>Verschluss: <\/strong>BOA\u00ae Fit System Li2 Drehverschl\u00fcsse. Die Li2-Drehverschl\u00fcsse repr\u00e4sentieren die fortschrittlichste Plattform im Radsport und bieten eine pr\u00e4zise, mikroeinstellbare Passform in beide Richtungen, w\u00e4hrend sie f\u00fcr Abriebfestigkeit konzipiert sind. Kein einzelnes Element allein definiert die Passform eines Schuhs &#8211; Verschluss und Komfort h\u00e4ngen von mehreren Faktoren ab.  <\/p>\n<p>Aus diesem Grund nimmt sich Lake die Zeit, Schuhe mit der nach ihrer \u00dcberzeugung besten Kombination aus Komfort und Verschlusssystemen zu entwickeln. W\u00e4hrend das duale BOA\u00ae Fit System im Radsport nicht einzigartig ist, ist es ihre pr\u00e4zise Integration dieses Drehverschlusssystems mit fortschrittlicher Musterarbeit, erstklassigen Schuhleisten und \u00fcberlegenen Obermaterialien, die ihre Schuhe auszeichnet. Diese Liebe zum Detail ist es, die Lake-Schuhe weltweit f\u00fcr ihre hervorragende Passform und ihren au\u00dfergew\u00f6hnlichen Komfort bei Hochleistungs-Fahrradschuhen ber\u00fchmt macht.  <\/p>\n<p><strong>Gr\u00f6\u00dfen:<\/strong> Ganze Gr\u00f6\u00dfen von 37 bis 50, 52, halbe Gr\u00f6\u00dfen von 39,5 bis 46,5.<\/p>\n<p>Um Ihnen bei der Suche nach der richtigen Gr\u00f6\u00dfe zu helfen, gehen Sie auf <a href=\"https:\/\/lakecycling.com\/pages\/sizing-charts\" target=\"_blank\" rel=\"noopener noreferrer nofollow\">diese Seite<\/a> oder kontaktieren Sie mich.<\/p>\n","protected":false},"excerpt":{"rendered":"<p class=\"ai-optimize-38\"><strong>Der MX239 ist die neueste Version von Lakes beliebtestem Offroad-Fahrradschuh. Diese neue Evolution \u00fcbernimmt einige Merkmale des erfolgreichen MX333 und verf\u00fcgt nun \u00fcber eine integrierte Zunge, die mit dem medialen Teil des Obermaterials verbunden ist, f\u00fcr einen festeren Halt des Fu\u00dfes. Er beinhaltet auch eine glasfaserverst\u00e4rkte interne Fersenkappe f\u00fcr einen engeren Fersensitz, sowie einen vergr\u00f6\u00dferten Abstand zwischen den BOA\u00ae-Drehverschl\u00fcssen f\u00fcr eine bessere Zoneneinstellung entlang der Schuhl\u00e4nge. Dies hebt einen ihrer Lieblingsfahrradschuhe auf ein v\u00f6llig neues Niveau von Komfort und Leistung f\u00fcr die Bew\u00e4ltigung von Strecken und Trails auf Ihrem Mountainbike.   <\/strong><\/p>\n","protected":false},"featured_media":90582,"comment_status":"closed","ping_status":"closed","template":"","meta":[],"product_brand":[],"product_cat":[4909,5650,4911],"product_tag":[4976,5059,5651,5110],"class_list":{"0":"post-90381","1":"product","2":"type-product","3":"status-publish","4":"has-post-thumbnail","6":"product_cat-lake-shoes-de","7":"product_cat-mx239-de","8":"product_cat-offroad-lake-shoes-de","9":"product_tag-black-black-de","10":"product_tag-lake-cycling-de","11":"product_tag-mx239-de","12":"product_tag-offroad-de","13":"product_shipping_class-large-items-de","14":"pa_size-37-de-2","15":"pa_size-38-de","16":"pa_size-39-de-2","17":"pa_size-39-5-de","18":"pa_size-40-de-2","19":"pa_size-40-5-de","20":"pa_size-41-de","21":"pa_size-41-5-de","22":"pa_size-42-de","23":"pa_size-42-5-de","24":"pa_size-43-de-2","25":"pa_size-43-5-de-2","26":"pa_size-44-de","27":"pa_size-44-5-de","28":"pa_size-45-de","29":"pa_size-45-5-de","30":"pa_size-46-de","31":"pa_size-46-5-de","32":"pa_size-47-de","33":"pa_size-48-de","34":"pa_size-49-de","35":"pa_size-50-de","36":"pa_size-52-de","37":"pa_width-regular-de","38":"pa_width-wide-de-2","40":"first","41":"instock","42":"taxable","43":"shipping-taxable","44":"purchasable","45":"product-type-variable"},"group_of_quantity":0,"min_quantity":0,"max_quantity":"","exclude_order_quantity_value_rules":"no","exclude_category_quantity_rules":"no","combine_variations":"no","yoast_head":"<!-- This site is optimized with the Yoast SEO Premium plugin v27.4 (Yoast SEO v27.4) - https:\/\/yoast.com\/product\/yoast-seo-premium-wordpress\/ -->\n<title>MX239 Black\/Black - bikefit.lu<\/title>\n<meta name=\"robots\" content=\"index, follow, max-snippet:-1, max-image-preview:large, max-video-preview:-1\" \/>\n<link rel=\"canonical\" href=\"https:\/\/bikefit.lu\/de\/product\/mx239-black-black\/\" \/>\n<meta property=\"og:locale\" content=\"de_DE\" \/>\n<meta property=\"og:type\" content=\"article\" \/>\n<meta property=\"og:title\" content=\"MX239 Black\/Black\" \/>\n<meta property=\"og:description\" content=\"Der MX239 ist die neueste Version von Lakes beliebtestem Offroad-Fahrradschuh. Diese neue Evolution \u00fcbernimmt einige Merkmale des erfolgreichen MX333 und verf\u00fcgt nun \u00fcber eine integrierte Zunge, die mit dem medialen Teil des Obermaterials verbunden ist, f\u00fcr einen festeren Halt des Fu\u00dfes. Er beinhaltet auch eine glasfaserverst\u00e4rkte interne Fersenkappe f\u00fcr einen engeren Fersensitz, sowie einen vergr\u00f6\u00dferten Abstand zwischen den BOA\u00ae-Drehverschl\u00fcssen f\u00fcr eine bessere Zoneneinstellung entlang der Schuhl\u00e4nge. Dies hebt einen ihrer Lieblingsfahrradschuhe auf ein v\u00f6llig neues Niveau von Komfort und Leistung f\u00fcr die Bew\u00e4ltigung von Strecken und Trails auf Ihrem Mountainbike.\" \/>\n<meta property=\"og:url\" content=\"https:\/\/bikefit.lu\/de\/product\/mx239-black-black\/\" \/>\n<meta property=\"og:site_name\" content=\"bikefit.lu\" \/>\n<meta property=\"article:modified_time\" content=\"2025-06-02T11:50:31+00:00\" \/>\n<meta property=\"og:image\" content=\"https:\/\/bikefit.lu\/wp-content\/uploads\/2025\/02\/MX239-BLK-BLK-FRNT.webp\" \/>\n\t<meta property=\"og:image:width\" content=\"1800\" \/>\n\t<meta property=\"og:image:height\" content=\"1344\" \/>\n\t<meta property=\"og:image:type\" content=\"image\/webp\" \/>\n<meta name=\"twitter:card\" content=\"summary_large_image\" \/>\n<meta name=\"twitter:label1\" content=\"Verf\u00fcgbarkeit\" \/>\n\t<meta name=\"twitter:data1\" content=\"Auf Lager\" \/>\n<script type=\"application\/ld+json\" class=\"yoast-schema-graph\">{\"@context\":\"https:\\\/\\\/schema.org\",\"@graph\":[{\"@type\":\"WebPage\",\"@id\":\"https:\\\/\\\/bikefit.lu\\\/de\\\/product\\\/mx239-black-black\\\/\",\"url\":\"https:\\\/\\\/bikefit.lu\\\/de\\\/product\\\/mx239-black-black\\\/\",\"name\":\"MX239 Black\\\/Black - bikefit.lu\",\"isPartOf\":{\"@id\":\"https:\\\/\\\/bikefit.lu\\\/de\\\/#website\"},\"primaryImageOfPage\":{\"@id\":\"https:\\\/\\\/bikefit.lu\\\/de\\\/product\\\/mx239-black-black\\\/#primaryimage\"},\"image\":{\"@id\":\"https:\\\/\\\/bikefit.lu\\\/de\\\/product\\\/mx239-black-black\\\/#primaryimage\"},\"thumbnailUrl\":\"https:\\\/\\\/bikefit.lu\\\/wp-content\\\/uploads\\\/2025\\\/02\\\/MX239-BLK-BLK-FRNT.webp\",\"datePublished\":\"2025-02-05T09:43:13+00:00\",\"dateModified\":\"2025-06-02T11:50:31+00:00\",\"breadcrumb\":{\"@id\":\"https:\\\/\\\/bikefit.lu\\\/de\\\/product\\\/mx239-black-black\\\/#breadcrumb\"},\"inLanguage\":\"de\",\"potentialAction\":[{\"@type\":\"ReadAction\",\"target\":[\"https:\\\/\\\/bikefit.lu\\\/de\\\/product\\\/mx239-black-black\\\/\"]}]},{\"@type\":\"ImageObject\",\"inLanguage\":\"de\",\"@id\":\"https:\\\/\\\/bikefit.lu\\\/de\\\/product\\\/mx239-black-black\\\/#primaryimage\",\"url\":\"https:\\\/\\\/bikefit.lu\\\/wp-content\\\/uploads\\\/2025\\\/02\\\/MX239-BLK-BLK-FRNT.webp\",\"contentUrl\":\"https:\\\/\\\/bikefit.lu\\\/wp-content\\\/uploads\\\/2025\\\/02\\\/MX239-BLK-BLK-FRNT.webp\",\"width\":1800,\"height\":1344},{\"@type\":\"BreadcrumbList\",\"@id\":\"https:\\\/\\\/bikefit.lu\\\/de\\\/product\\\/mx239-black-black\\\/#breadcrumb\",\"itemListElement\":[{\"@type\":\"ListItem\",\"position\":1,\"name\":\"Home\",\"item\":\"https:\\\/\\\/bikefit.lu\\\/de\\\/\"},{\"@type\":\"ListItem\",\"position\":2,\"name\":\"Shop\",\"item\":\"https:\\\/\\\/bikefit.lu\\\/de\\\/shop\\\/\"},{\"@type\":\"ListItem\",\"position\":3,\"name\":\"MX239 Black\\\/Black\"}]},{\"@type\":\"WebSite\",\"@id\":\"https:\\\/\\\/bikefit.lu\\\/de\\\/#website\",\"url\":\"https:\\\/\\\/bikefit.lu\\\/de\\\/\",\"name\":\"bikefit.lu\",\"description\":\"IMPROVING CYCLING\",\"publisher\":{\"@id\":\"https:\\\/\\\/bikefit.lu\\\/de\\\/#\\\/schema\\\/person\\\/379af1263474d2f8cd1f41c2bd90273d\"},\"potentialAction\":[{\"@type\":\"SearchAction\",\"target\":{\"@type\":\"EntryPoint\",\"urlTemplate\":\"https:\\\/\\\/bikefit.lu\\\/de\\\/?s={search_term_string}\"},\"query-input\":{\"@type\":\"PropertyValueSpecification\",\"valueRequired\":true,\"valueName\":\"search_term_string\"}}],\"inLanguage\":\"de\"},{\"@type\":[\"Person\",\"Organization\"],\"@id\":\"https:\\\/\\\/bikefit.lu\\\/de\\\/#\\\/schema\\\/person\\\/379af1263474d2f8cd1f41c2bd90273d\",\"name\":\"Patrick Guillaume\",\"image\":{\"@type\":\"ImageObject\",\"inLanguage\":\"de\",\"@id\":\"https:\\\/\\\/bikefit.lu\\\/wp-content\\\/uploads\\\/2024\\\/12\\\/cropped-bikefit-logoURL-RGB-jpg.jpg\",\"url\":\"https:\\\/\\\/bikefit.lu\\\/wp-content\\\/uploads\\\/2024\\\/12\\\/cropped-bikefit-logoURL-RGB-jpg.jpg\",\"contentUrl\":\"https:\\\/\\\/bikefit.lu\\\/wp-content\\\/uploads\\\/2024\\\/12\\\/cropped-bikefit-logoURL-RGB-jpg.jpg\",\"width\":512,\"height\":512,\"caption\":\"Patrick Guillaume\"},\"logo\":{\"@id\":\"https:\\\/\\\/bikefit.lu\\\/wp-content\\\/uploads\\\/2024\\\/12\\\/cropped-bikefit-logoURL-RGB-jpg.jpg\"},\"sameAs\":[\"https:\\\/\\\/bikefit.lu\"],\"honorificPrefix\":\"Mr\",\"birthDate\":\"1966-11-18\",\"gender\":\"male\",\"knowsAbout\":[\"Bike-fitting\"],\"knowsLanguage\":[\"English\",\"French\",\"German\",\"Luxembourgish\"]}]}<\/script>\n<meta property=\"og:availability\" content=\"instock\" \/>\n<meta property=\"product:availability\" content=\"instock\" \/>\n<meta property=\"product:condition\" content=\"new\" \/>\n<!-- \/ Yoast SEO Premium plugin. -->","yoast_head_json":{"title":"MX239 Black\/Black - bikefit.lu","robots":{"index":"index","follow":"follow","max-snippet":"max-snippet:-1","max-image-preview":"max-image-preview:large","max-video-preview":"max-video-preview:-1"},"canonical":"https:\/\/bikefit.lu\/de\/product\/mx239-black-black\/","og_locale":"de_DE","og_type":"article","og_title":"MX239 Black\/Black","og_description":"Der MX239 ist die neueste Version von Lakes beliebtestem Offroad-Fahrradschuh. Diese neue Evolution \u00fcbernimmt einige Merkmale des erfolgreichen MX333 und verf\u00fcgt nun \u00fcber eine integrierte Zunge, die mit dem medialen Teil des Obermaterials verbunden ist, f\u00fcr einen festeren Halt des Fu\u00dfes. Er beinhaltet auch eine glasfaserverst\u00e4rkte interne Fersenkappe f\u00fcr einen engeren Fersensitz, sowie einen vergr\u00f6\u00dferten Abstand zwischen den BOA\u00ae-Drehverschl\u00fcssen f\u00fcr eine bessere Zoneneinstellung entlang der Schuhl\u00e4nge. Dies hebt einen ihrer Lieblingsfahrradschuhe auf ein v\u00f6llig neues Niveau von Komfort und Leistung f\u00fcr die Bew\u00e4ltigung von Strecken und Trails auf Ihrem Mountainbike.","og_url":"https:\/\/bikefit.lu\/de\/product\/mx239-black-black\/","og_site_name":"bikefit.lu","article_modified_time":"2025-06-02T11:50:31+00:00","og_image":[{"width":1800,"height":1344,"url":"https:\/\/bikefit.lu\/wp-content\/uploads\/2025\/02\/MX239-BLK-BLK-FRNT.webp","type":"image\/webp"}],"twitter_card":"summary_large_image","twitter_misc":{"Verf\u00fcgbarkeit":"Auf Lager"},"schema":{"@context":"https:\/\/schema.org","@graph":[{"@type":"WebPage","@id":"https:\/\/bikefit.lu\/de\/product\/mx239-black-black\/","url":"https:\/\/bikefit.lu\/de\/product\/mx239-black-black\/","name":"MX239 Black\/Black - bikefit.lu","isPartOf":{"@id":"https:\/\/bikefit.lu\/de\/#website"},"primaryImageOfPage":{"@id":"https:\/\/bikefit.lu\/de\/product\/mx239-black-black\/#primaryimage"},"image":{"@id":"https:\/\/bikefit.lu\/de\/product\/mx239-black-black\/#primaryimage"},"thumbnailUrl":"https:\/\/bikefit.lu\/wp-content\/uploads\/2025\/02\/MX239-BLK-BLK-FRNT.webp","datePublished":"2025-02-05T09:43:13+00:00","dateModified":"2025-06-02T11:50:31+00:00","breadcrumb":{"@id":"https:\/\/bikefit.lu\/de\/product\/mx239-black-black\/#breadcrumb"},"inLanguage":"de","potentialAction":[{"@type":"ReadAction","target":["https:\/\/bikefit.lu\/de\/product\/mx239-black-black\/"]}]},{"@type":"ImageObject","inLanguage":"de","@id":"https:\/\/bikefit.lu\/de\/product\/mx239-black-black\/#primaryimage","url":"https:\/\/bikefit.lu\/wp-content\/uploads\/2025\/02\/MX239-BLK-BLK-FRNT.webp","contentUrl":"https:\/\/bikefit.lu\/wp-content\/uploads\/2025\/02\/MX239-BLK-BLK-FRNT.webp","width":1800,"height":1344},{"@type":"BreadcrumbList","@id":"https:\/\/bikefit.lu\/de\/product\/mx239-black-black\/#breadcrumb","itemListElement":[{"@type":"ListItem","position":1,"name":"Home","item":"https:\/\/bikefit.lu\/de\/"},{"@type":"ListItem","position":2,"name":"Shop","item":"https:\/\/bikefit.lu\/de\/shop\/"},{"@type":"ListItem","position":3,"name":"MX239 Black\/Black"}]},{"@type":"WebSite","@id":"https:\/\/bikefit.lu\/de\/#website","url":"https:\/\/bikefit.lu\/de\/","name":"bikefit.lu","description":"IMPROVING CYCLING","publisher":{"@id":"https:\/\/bikefit.lu\/de\/#\/schema\/person\/379af1263474d2f8cd1f41c2bd90273d"},"potentialAction":[{"@type":"SearchAction","target":{"@type":"EntryPoint","urlTemplate":"https:\/\/bikefit.lu\/de\/?s={search_term_string}"},"query-input":{"@type":"PropertyValueSpecification","valueRequired":true,"valueName":"search_term_string"}}],"inLanguage":"de"},{"@type":["Person","Organization"],"@id":"https:\/\/bikefit.lu\/de\/#\/schema\/person\/379af1263474d2f8cd1f41c2bd90273d","name":"Patrick Guillaume","image":{"@type":"ImageObject","inLanguage":"de","@id":"https:\/\/bikefit.lu\/wp-content\/uploads\/2024\/12\/cropped-bikefit-logoURL-RGB-jpg.jpg","url":"https:\/\/bikefit.lu\/wp-content\/uploads\/2024\/12\/cropped-bikefit-logoURL-RGB-jpg.jpg","contentUrl":"https:\/\/bikefit.lu\/wp-content\/uploads\/2024\/12\/cropped-bikefit-logoURL-RGB-jpg.jpg","width":512,"height":512,"caption":"Patrick Guillaume"},"logo":{"@id":"https:\/\/bikefit.lu\/wp-content\/uploads\/2024\/12\/cropped-bikefit-logoURL-RGB-jpg.jpg"},"sameAs":["https:\/\/bikefit.lu"],"honorificPrefix":"Mr","birthDate":"1966-11-18","gender":"male","knowsAbout":["Bike-fitting"],"knowsLanguage":["English","French","German","Luxembourgish"]}]},"og_availability":"instock","product_availability":"instock","product_condition":"new"},"_links":{"self":[{"href":"https:\/\/bikefit.lu\/de\/wp-json\/wp\/v2\/product\/90381","targetHints":{"allow":["GET"]}}],"collection":[{"href":"https:\/\/bikefit.lu\/de\/wp-json\/wp\/v2\/product"}],"about":[{"href":"https:\/\/bikefit.lu\/de\/wp-json\/wp\/v2\/types\/product"}],"replies":[{"embeddable":true,"href":"https:\/\/bikefit.lu\/de\/wp-json\/wp\/v2\/comments?post=90381"}],"version-history":[{"count":0,"href":"https:\/\/bikefit.lu\/de\/wp-json\/wp\/v2\/product\/90381\/revisions"}],"wp:featuredmedia":[{"embeddable":true,"href":"https:\/\/bikefit.lu\/de\/wp-json\/wp\/v2\/media\/90582"}],"wp:attachment":[{"href":"https:\/\/bikefit.lu\/de\/wp-json\/wp\/v2\/media?parent=90381"}],"wp:term":[{"taxonomy":"product_brand","embeddable":true,"href":"https:\/\/bikefit.lu\/de\/wp-json\/wp\/v2\/product_brand?post=90381"},{"taxonomy":"product_cat","embeddable":true,"href":"https:\/\/bikefit.lu\/de\/wp-json\/wp\/v2\/product_cat?post=90381"},{"taxonomy":"product_tag","embeddable":true,"href":"https:\/\/bikefit.lu\/de\/wp-json\/wp\/v2\/product_tag?post=90381"}],"curies":[{"name":"wp","href":"https:\/\/api.w.org\/{rel}","templated":true}]}}