{"id":90681,"date":"2025-02-06T07:16:16","date_gmt":"2025-02-06T07:16:16","guid":{"rendered":"https:\/\/bikefit.lu\/?post_type=product&#038;p=90681"},"modified":"2026-03-05T22:45:44","modified_gmt":"2026-03-05T21:45:44","slug":"mx239-black-gold","status":"publish","type":"product","link":"https:\/\/bikefit.lu\/de\/product\/mx239-black-gold\/","title":{"rendered":"MX239 Gravel Black\/Gold"},"content":{"rendered":"<p><strong>Form:<\/strong> <strong>MX Competition<\/strong> \u2013 Der MX239 Gravel von Lake verf\u00fcgt \u00fcber einen gr\u00f6\u00dferen Zehenbereich und eine engere Fersenkappe als die Comfort-Form und bietet etwas mehr Gesamtvolumen als Lakes Sport -Form. Es handelt sich um einen au\u00dfergew\u00f6hnlich sicheren Rennradschuh, der Ihnen auf losem Untergrund zus\u00e4tzliches Vertrauen verleiht, wo Sicherheit beim harten Fahren und Rennen von entscheidender Bedeutung ist. <\/p>\n<p>Der Schuh bietet im Zehenbereich ausreichend Platz, um ein Einbinden beim Bergauflaufen oder beim Navigieren durch schwierige Schiebe-Passagen zu verhindern. Der breitere Zehenbereich erm\u00f6glicht eine nat\u00fcrlichere Passform und Plattform f\u00fcr Ihre F\u00fc\u00dfe. <\/p>\n<p>Lakes MX Competition Form stellt sicher, dass der MX239 Gravel-Schuh so konzipiert ist, dass er die Leistung bei Offroad-Abenteuern und Rennen auf rauem Terrain maximiert.<\/p>\n<p><strong>Obermaterial<\/strong>: Dieser neueste Hochleistungs-Gravel-Radschuh von Lake ist in Clarino Mikrofaser oder recyceltem Leder mit Mesh, Helcor abriebfestem Leder und einem Outlast-Fersenfutter erh\u00e4ltlich. In Lakes kontinuierlichem Bestreben, die besten verf\u00fcgbaren Materialien zu verwenden und mit erstklassigen Materiallieferanten zusammenzuarbeiten, setzt sich die Marke auch f\u00fcr Nachhaltigkeit in ihren neuesten Produkten ein. <\/p>\n<p>Lake konzipieren ihre Schuhe so, dass sie langlebig und reparierbar sind, um eine langfristige Nutzung zu gew\u00e4hrleisten. Die Marke ist wirklich stolz darauf, recyceltes Leder (Farbvariante Schwarz\/Gold) in die Welt der Radschuhe einzuf\u00fchren. Leistung, Stil und Nachhaltigkeit sind m\u00f6glich \u2014 mit Lake Radschuhen.  <\/p>\n<p><strong>Au\u00dfensohle<\/strong>: Lake Competition 100% Carbonfaser-Sohle, kombiniert mit unserer Mountain Race X Echtgummi-Sohle. Dieser zus\u00e4tzliche Au\u00dfensohlenschutz erh\u00f6ht die Stabilit\u00e4t auf allen Arten von Oberfl\u00e4chen und bietet gleichzeitig die notwendige Leistung auf den Pedalen. <\/p>\n<p><strong>Verschluss<\/strong>: BOA\u00ae Fit System Li2 Drehverschl\u00fcsse. Die Li2-Drehverschl\u00fcsse repr\u00e4sentieren die fortschrittlichste Plattform im Radsport und bieten eine pr\u00e4zise, mikroeinstellbare Passform in beide Richtungen, w\u00e4hrend sie f\u00fcr Abriebfestigkeit konzipiert sind. Kein einzelnes Element allein definiert die Passform eines Schuhs \u2013 Verschluss und Komfort h\u00e4ngen von mehreren Faktoren ab.  <\/p>\n<p>Aus diesem Grund nimmt sich Lake die Zeit, Schuhe mit der nach ihrer \u00dcberzeugung besten Kombination aus Komfort und Verschlusssystemen zu entwickeln. W\u00e4hrend das duale BOA\u00ae Fit System im Radsport nicht einzigartig ist, ist es ihre pr\u00e4zise Integration dieses Drehverschlusssystems mit fortschrittlicher Musterarbeit, erstklassigen Schuhleisten und \u00fcberlegenen Obermaterialien, die ihre Schuhe auszeichnet. Diese Liebe zum Detail ist es, die Lake-Schuhe weltweit f\u00fcr ihre hervorragende Passform und ihren au\u00dfergew\u00f6hnlichen Komfort bei Hochleistungs-Fahrradschuhen ber\u00fchmt macht.  <\/p>\n<p><strong>Gr\u00f6\u00dfen<\/strong>: Ganze Gr\u00f6\u00dfen von 37 bis 48, 50 halbe Gr\u00f6\u00dfen von 39,5 bis 46,5.<\/p>\n<p>Um Ihnen bei der Suche nach der richtigen Gr\u00f6\u00dfe zu helfen, gehen Sie auf <a href=\"https:\/\/lakecycling.com\/pages\/sizing-charts\" target=\"_blank\" rel=\"noopener noreferrer nofollow\">diese Seite<\/a> oder kontaktieren Sie mich.<\/p>\n","protected":false},"excerpt":{"rendered":"<p class=\"ai-optimize-39\"><strong>Der MX239 Gravel f\u00fchrt einen der beliebtesten Off-Road-Radschuhe von Lake in einen evolution\u00e4ren Prozess und bringt Gravelbike-Schuhe auf ein v\u00f6llig neues Niveau. Diese neue Evolution wurde speziell f\u00fcr die Anforderungen schneller und technisch anspruchsvoller Schotterstra\u00dfen konzipiert und integriert viele Merkmale des erfolgreichen MX333. Er verf\u00fcgt nun \u00fcber eine integrierte Zunge, die mit dem medialen Obermaterialbereich verbunden ist, um einen festeren Halt zu gew\u00e4hrleisten. Dar\u00fcber hinaus bietet er eine glasfaserverst\u00e4rkte interne Fersenkappe f\u00fcr einen strafferen Fersenhalt sowie einen vergr\u00f6\u00dferten Abstand zwischen den BOA\u00ae-Drehverschl\u00fcssen f\u00fcr eine verbesserte Zoneneinstellung entlang der Schuhl\u00e4nge.   <\/strong><\/p>\n<p class=\"ai-optimize-40\"><strong>Was den MX239 Gravel auszeichnet, ist seine leichte, minimale Gummisohle, die speziell f\u00fcr lange Trailtage auf dem Fahrrad entwickelt und perfekt geeignet ist. Lake bringt einen seiner beliebtesten Radschuhe auf ein v\u00f6llig neues Niveau in Bezug auf Komfort und Leistung und liefert damit einen der besten Gravelbike-Schuhe, die heute erh\u00e4ltlich sind. <\/strong><\/p>\n","protected":false},"featured_media":90818,"comment_status":"closed","ping_status":"closed","template":"","meta":[],"product_brand":[],"product_cat":[4909,5650,4911],"product_tag":[4976,5657,5059,5651,5110],"class_list":{"0":"post-90681","1":"product","2":"type-product","3":"status-publish","4":"has-post-thumbnail","6":"product_cat-lake-shoes-de","7":"product_cat-mx239-de","8":"product_cat-offroad-lake-shoes-de","9":"product_tag-black-black-de","10":"product_tag-gravel-de","11":"product_tag-lake-cycling-de","12":"product_tag-mx239-de","13":"product_tag-offroad-de","14":"product_shipping_class-large-items-de","15":"pa_size-37-de-2","16":"pa_size-38-de","17":"pa_size-39-de-2","18":"pa_size-39-5-de","19":"pa_size-40-de-2","20":"pa_size-40-5-de","21":"pa_size-41-de","22":"pa_size-41-5-de","23":"pa_size-42-de","24":"pa_size-42-5-de","25":"pa_size-43-de-2","26":"pa_size-43-5-de-2","27":"pa_size-44-de","28":"pa_size-44-5-de","29":"pa_size-45-de","30":"pa_size-45-5-de","31":"pa_size-46-de","32":"pa_size-46-5-de","33":"pa_size-47-de","34":"pa_size-48-de","35":"pa_size-49-de","36":"pa_size-50-de","37":"pa_size-52-de","38":"pa_width-regular-de","39":"pa_width-wide-de-2","41":"first","42":"instock","43":"taxable","44":"shipping-taxable","45":"purchasable","46":"product-type-variable"},"yoast_head":"<!-- This site is optimized with the Yoast SEO Premium plugin v27.3 (Yoast SEO v27.3) - https:\/\/yoast.com\/product\/yoast-seo-premium-wordpress\/ -->\n<title>MX239 Gravel Black\/Gold - bikefit.lu<\/title>\n<meta name=\"robots\" content=\"index, follow, max-snippet:-1, max-image-preview:large, max-video-preview:-1\" \/>\n<link rel=\"canonical\" href=\"https:\/\/bikefit.lu\/de\/product\/mx239-black-gold\/\" \/>\n<meta property=\"og:locale\" content=\"de_DE\" \/>\n<meta property=\"og:type\" content=\"article\" \/>\n<meta property=\"og:title\" content=\"MX239 Gravel Black\/Gold\" \/>\n<meta property=\"og:description\" content=\"Der MX239 Gravel f\u00fchrt einen der beliebtesten Off-Road-Radschuhe von Lake in einen evolution\u00e4ren Prozess und bringt Gravelbike-Schuhe auf ein v\u00f6llig neues Niveau. Diese neue Evolution wurde speziell f\u00fcr die Anforderungen schneller und technisch anspruchsvoller Schotterstra\u00dfen konzipiert und integriert viele Merkmale des erfolgreichen MX333. Er verf\u00fcgt nun \u00fcber eine integrierte Zunge, die mit dem medialen Obermaterialbereich verbunden ist, um einen festeren Halt zu gew\u00e4hrleisten. Dar\u00fcber hinaus bietet er eine glasfaserverst\u00e4rkte interne Fersenkappe f\u00fcr einen strafferen Fersenhalt sowie einen vergr\u00f6\u00dferten Abstand zwischen den BOA\u00ae-Drehverschl\u00fcssen f\u00fcr eine verbesserte Zoneneinstellung entlang der Schuhl\u00e4nge.  Was den MX239 Gravel auszeichnet, ist seine leichte, minimale Gummisohle, die speziell f\u00fcr lange Trailtage auf dem Fahrrad entwickelt und perfekt geeignet ist. Lake bringt einen seiner beliebtesten Radschuhe auf ein v\u00f6llig neues Niveau in Bezug auf Komfort und Leistung und liefert damit einen der besten Gravelbike-Schuhe, die heute erh\u00e4ltlich sind.\" \/>\n<meta property=\"og:url\" content=\"https:\/\/bikefit.lu\/de\/product\/mx239-black-gold\/\" \/>\n<meta property=\"og:site_name\" content=\"bikefit.lu\" \/>\n<meta property=\"article:modified_time\" content=\"2026-03-05T21:45:44+00:00\" \/>\n<meta property=\"og:image\" content=\"https:\/\/bikefit.lu\/wp-content\/uploads\/2025\/02\/MX239G-BLK-GLD-FRNT.webp\" \/>\n\t<meta property=\"og:image:width\" content=\"1800\" \/>\n\t<meta property=\"og:image:height\" content=\"1344\" \/>\n\t<meta property=\"og:image:type\" content=\"image\/webp\" \/>\n<meta name=\"twitter:card\" content=\"summary_large_image\" \/>\n<meta name=\"twitter:label1\" content=\"Verf\u00fcgbarkeit\" \/>\n\t<meta name=\"twitter:data1\" content=\"Auf Lager\" \/>\n<script type=\"application\/ld+json\" class=\"yoast-schema-graph\">{\"@context\":\"https:\\\/\\\/schema.org\",\"@graph\":[{\"@type\":\"WebPage\",\"@id\":\"https:\\\/\\\/bikefit.lu\\\/de\\\/product\\\/mx239-black-gold\\\/\",\"url\":\"https:\\\/\\\/bikefit.lu\\\/de\\\/product\\\/mx239-black-gold\\\/\",\"name\":\"MX239 Gravel Black\\\/Gold - bikefit.lu\",\"isPartOf\":{\"@id\":\"https:\\\/\\\/bikefit.lu\\\/de\\\/#website\"},\"primaryImageOfPage\":{\"@id\":\"https:\\\/\\\/bikefit.lu\\\/de\\\/product\\\/mx239-black-gold\\\/#primaryimage\"},\"image\":{\"@id\":\"https:\\\/\\\/bikefit.lu\\\/de\\\/product\\\/mx239-black-gold\\\/#primaryimage\"},\"thumbnailUrl\":\"https:\\\/\\\/bikefit.lu\\\/wp-content\\\/uploads\\\/2025\\\/02\\\/MX239G-BLK-GLD-FRNT.webp\",\"datePublished\":\"2025-02-06T07:16:16+00:00\",\"dateModified\":\"2026-03-05T21:45:44+00:00\",\"breadcrumb\":{\"@id\":\"https:\\\/\\\/bikefit.lu\\\/de\\\/product\\\/mx239-black-gold\\\/#breadcrumb\"},\"inLanguage\":\"de\",\"potentialAction\":[{\"@type\":\"ReadAction\",\"target\":[\"https:\\\/\\\/bikefit.lu\\\/de\\\/product\\\/mx239-black-gold\\\/\"]}]},{\"@type\":\"ImageObject\",\"inLanguage\":\"de\",\"@id\":\"https:\\\/\\\/bikefit.lu\\\/de\\\/product\\\/mx239-black-gold\\\/#primaryimage\",\"url\":\"https:\\\/\\\/bikefit.lu\\\/wp-content\\\/uploads\\\/2025\\\/02\\\/MX239G-BLK-GLD-FRNT.webp\",\"contentUrl\":\"https:\\\/\\\/bikefit.lu\\\/wp-content\\\/uploads\\\/2025\\\/02\\\/MX239G-BLK-GLD-FRNT.webp\",\"width\":1800,\"height\":1344},{\"@type\":\"BreadcrumbList\",\"@id\":\"https:\\\/\\\/bikefit.lu\\\/de\\\/product\\\/mx239-black-gold\\\/#breadcrumb\",\"itemListElement\":[{\"@type\":\"ListItem\",\"position\":1,\"name\":\"Home\",\"item\":\"https:\\\/\\\/bikefit.lu\\\/de\\\/\"},{\"@type\":\"ListItem\",\"position\":2,\"name\":\"Produkte\",\"item\":\"https:\\\/\\\/bikefit.lu\\\/de\\\/shop\\\/\"},{\"@type\":\"ListItem\",\"position\":3,\"name\":\"MX239 Gravel Black\\\/Gold\"}]},{\"@type\":\"WebSite\",\"@id\":\"https:\\\/\\\/bikefit.lu\\\/de\\\/#website\",\"url\":\"https:\\\/\\\/bikefit.lu\\\/de\\\/\",\"name\":\"bikefit.lu\",\"description\":\"IMPROVING CYCLING\",\"publisher\":{\"@id\":\"https:\\\/\\\/bikefit.lu\\\/de\\\/#\\\/schema\\\/person\\\/379af1263474d2f8cd1f41c2bd90273d\"},\"potentialAction\":[{\"@type\":\"SearchAction\",\"target\":{\"@type\":\"EntryPoint\",\"urlTemplate\":\"https:\\\/\\\/bikefit.lu\\\/de\\\/?s={search_term_string}\"},\"query-input\":{\"@type\":\"PropertyValueSpecification\",\"valueRequired\":true,\"valueName\":\"search_term_string\"}}],\"inLanguage\":\"de\"},{\"@type\":[\"Person\",\"Organization\"],\"@id\":\"https:\\\/\\\/bikefit.lu\\\/de\\\/#\\\/schema\\\/person\\\/379af1263474d2f8cd1f41c2bd90273d\",\"name\":\"Patrick Guillaume\",\"image\":{\"@type\":\"ImageObject\",\"inLanguage\":\"de\",\"@id\":\"https:\\\/\\\/bikefit.lu\\\/wp-content\\\/uploads\\\/2024\\\/12\\\/cropped-bikefit-logoURL-RGB-jpg.jpg\",\"url\":\"https:\\\/\\\/bikefit.lu\\\/wp-content\\\/uploads\\\/2024\\\/12\\\/cropped-bikefit-logoURL-RGB-jpg.jpg\",\"contentUrl\":\"https:\\\/\\\/bikefit.lu\\\/wp-content\\\/uploads\\\/2024\\\/12\\\/cropped-bikefit-logoURL-RGB-jpg.jpg\",\"width\":512,\"height\":512,\"caption\":\"Patrick Guillaume\"},\"logo\":{\"@id\":\"https:\\\/\\\/bikefit.lu\\\/wp-content\\\/uploads\\\/2024\\\/12\\\/cropped-bikefit-logoURL-RGB-jpg.jpg\"},\"sameAs\":[\"https:\\\/\\\/bikefit.lu\"],\"honorificPrefix\":\"Mr\",\"birthDate\":\"1966-11-18\",\"gender\":\"male\",\"knowsAbout\":[\"Bike-fitting\"],\"knowsLanguage\":[\"English\",\"French\",\"German\",\"Luxembourgish\"]}]}<\/script>\n<meta property=\"og:availability\" content=\"instock\" \/>\n<meta property=\"product:availability\" content=\"instock\" \/>\n<meta property=\"product:condition\" content=\"new\" \/>\n<!-- \/ Yoast SEO Premium plugin. -->","yoast_head_json":{"title":"MX239 Gravel Black\/Gold - bikefit.lu","robots":{"index":"index","follow":"follow","max-snippet":"max-snippet:-1","max-image-preview":"max-image-preview:large","max-video-preview":"max-video-preview:-1"},"canonical":"https:\/\/bikefit.lu\/de\/product\/mx239-black-gold\/","og_locale":"de_DE","og_type":"article","og_title":"MX239 Gravel Black\/Gold","og_description":"Der MX239 Gravel f\u00fchrt einen der beliebtesten Off-Road-Radschuhe von Lake in einen evolution\u00e4ren Prozess und bringt Gravelbike-Schuhe auf ein v\u00f6llig neues Niveau. Diese neue Evolution wurde speziell f\u00fcr die Anforderungen schneller und technisch anspruchsvoller Schotterstra\u00dfen konzipiert und integriert viele Merkmale des erfolgreichen MX333. Er verf\u00fcgt nun \u00fcber eine integrierte Zunge, die mit dem medialen Obermaterialbereich verbunden ist, um einen festeren Halt zu gew\u00e4hrleisten. Dar\u00fcber hinaus bietet er eine glasfaserverst\u00e4rkte interne Fersenkappe f\u00fcr einen strafferen Fersenhalt sowie einen vergr\u00f6\u00dferten Abstand zwischen den BOA\u00ae-Drehverschl\u00fcssen f\u00fcr eine verbesserte Zoneneinstellung entlang der Schuhl\u00e4nge.  Was den MX239 Gravel auszeichnet, ist seine leichte, minimale Gummisohle, die speziell f\u00fcr lange Trailtage auf dem Fahrrad entwickelt und perfekt geeignet ist. Lake bringt einen seiner beliebtesten Radschuhe auf ein v\u00f6llig neues Niveau in Bezug auf Komfort und Leistung und liefert damit einen der besten Gravelbike-Schuhe, die heute erh\u00e4ltlich sind.","og_url":"https:\/\/bikefit.lu\/de\/product\/mx239-black-gold\/","og_site_name":"bikefit.lu","article_modified_time":"2026-03-05T21:45:44+00:00","og_image":[{"width":1800,"height":1344,"url":"https:\/\/bikefit.lu\/wp-content\/uploads\/2025\/02\/MX239G-BLK-GLD-FRNT.webp","type":"image\/webp"}],"twitter_card":"summary_large_image","twitter_misc":{"Verf\u00fcgbarkeit":"Auf Lager"},"schema":{"@context":"https:\/\/schema.org","@graph":[{"@type":"WebPage","@id":"https:\/\/bikefit.lu\/de\/product\/mx239-black-gold\/","url":"https:\/\/bikefit.lu\/de\/product\/mx239-black-gold\/","name":"MX239 Gravel Black\/Gold - bikefit.lu","isPartOf":{"@id":"https:\/\/bikefit.lu\/de\/#website"},"primaryImageOfPage":{"@id":"https:\/\/bikefit.lu\/de\/product\/mx239-black-gold\/#primaryimage"},"image":{"@id":"https:\/\/bikefit.lu\/de\/product\/mx239-black-gold\/#primaryimage"},"thumbnailUrl":"https:\/\/bikefit.lu\/wp-content\/uploads\/2025\/02\/MX239G-BLK-GLD-FRNT.webp","datePublished":"2025-02-06T07:16:16+00:00","dateModified":"2026-03-05T21:45:44+00:00","breadcrumb":{"@id":"https:\/\/bikefit.lu\/de\/product\/mx239-black-gold\/#breadcrumb"},"inLanguage":"de","potentialAction":[{"@type":"ReadAction","target":["https:\/\/bikefit.lu\/de\/product\/mx239-black-gold\/"]}]},{"@type":"ImageObject","inLanguage":"de","@id":"https:\/\/bikefit.lu\/de\/product\/mx239-black-gold\/#primaryimage","url":"https:\/\/bikefit.lu\/wp-content\/uploads\/2025\/02\/MX239G-BLK-GLD-FRNT.webp","contentUrl":"https:\/\/bikefit.lu\/wp-content\/uploads\/2025\/02\/MX239G-BLK-GLD-FRNT.webp","width":1800,"height":1344},{"@type":"BreadcrumbList","@id":"https:\/\/bikefit.lu\/de\/product\/mx239-black-gold\/#breadcrumb","itemListElement":[{"@type":"ListItem","position":1,"name":"Home","item":"https:\/\/bikefit.lu\/de\/"},{"@type":"ListItem","position":2,"name":"Produkte","item":"https:\/\/bikefit.lu\/de\/shop\/"},{"@type":"ListItem","position":3,"name":"MX239 Gravel Black\/Gold"}]},{"@type":"WebSite","@id":"https:\/\/bikefit.lu\/de\/#website","url":"https:\/\/bikefit.lu\/de\/","name":"bikefit.lu","description":"IMPROVING CYCLING","publisher":{"@id":"https:\/\/bikefit.lu\/de\/#\/schema\/person\/379af1263474d2f8cd1f41c2bd90273d"},"potentialAction":[{"@type":"SearchAction","target":{"@type":"EntryPoint","urlTemplate":"https:\/\/bikefit.lu\/de\/?s={search_term_string}"},"query-input":{"@type":"PropertyValueSpecification","valueRequired":true,"valueName":"search_term_string"}}],"inLanguage":"de"},{"@type":["Person","Organization"],"@id":"https:\/\/bikefit.lu\/de\/#\/schema\/person\/379af1263474d2f8cd1f41c2bd90273d","name":"Patrick Guillaume","image":{"@type":"ImageObject","inLanguage":"de","@id":"https:\/\/bikefit.lu\/wp-content\/uploads\/2024\/12\/cropped-bikefit-logoURL-RGB-jpg.jpg","url":"https:\/\/bikefit.lu\/wp-content\/uploads\/2024\/12\/cropped-bikefit-logoURL-RGB-jpg.jpg","contentUrl":"https:\/\/bikefit.lu\/wp-content\/uploads\/2024\/12\/cropped-bikefit-logoURL-RGB-jpg.jpg","width":512,"height":512,"caption":"Patrick Guillaume"},"logo":{"@id":"https:\/\/bikefit.lu\/wp-content\/uploads\/2024\/12\/cropped-bikefit-logoURL-RGB-jpg.jpg"},"sameAs":["https:\/\/bikefit.lu"],"honorificPrefix":"Mr","birthDate":"1966-11-18","gender":"male","knowsAbout":["Bike-fitting"],"knowsLanguage":["English","French","German","Luxembourgish"]}]},"og_availability":"instock","product_availability":"instock","product_condition":"new"},"_links":{"self":[{"href":"https:\/\/bikefit.lu\/de\/wp-json\/wp\/v2\/product\/90681","targetHints":{"allow":["GET"]}}],"collection":[{"href":"https:\/\/bikefit.lu\/de\/wp-json\/wp\/v2\/product"}],"about":[{"href":"https:\/\/bikefit.lu\/de\/wp-json\/wp\/v2\/types\/product"}],"replies":[{"embeddable":true,"href":"https:\/\/bikefit.lu\/de\/wp-json\/wp\/v2\/comments?post=90681"}],"version-history":[{"count":1,"href":"https:\/\/bikefit.lu\/de\/wp-json\/wp\/v2\/product\/90681\/revisions"}],"predecessor-version":[{"id":99221,"href":"https:\/\/bikefit.lu\/de\/wp-json\/wp\/v2\/product\/90681\/revisions\/99221"}],"wp:featuredmedia":[{"embeddable":true,"href":"https:\/\/bikefit.lu\/de\/wp-json\/wp\/v2\/media\/90818"}],"wp:attachment":[{"href":"https:\/\/bikefit.lu\/de\/wp-json\/wp\/v2\/media?parent=90681"}],"wp:term":[{"taxonomy":"product_brand","embeddable":true,"href":"https:\/\/bikefit.lu\/de\/wp-json\/wp\/v2\/product_brand?post=90681"},{"taxonomy":"product_cat","embeddable":true,"href":"https:\/\/bikefit.lu\/de\/wp-json\/wp\/v2\/product_cat?post=90681"},{"taxonomy":"product_tag","embeddable":true,"href":"https:\/\/bikefit.lu\/de\/wp-json\/wp\/v2\/product_tag?post=90681"}],"curies":[{"name":"wp","href":"https:\/\/api.w.org\/{rel}","templated":true}]}}