{"id":92404,"date":"2025-02-06T16:16:10","date_gmt":"2025-02-06T16:16:10","guid":{"rendered":"https:\/\/bikefit.lu\/?post_type=product&#038;p=92404"},"modified":"2026-03-05T22:31:45","modified_gmt":"2026-03-05T21:31:45","slug":"cx239-white-white","status":"publish","type":"product","link":"https:\/\/bikefit.lu\/de\/product\/cx239-white-white\/","title":{"rendered":"CX239 White\/White"},"content":{"rendered":"<p><strong>Form:<\/strong> CX Competition. Mit einem Profil, das speziell f\u00fcr sehr hohe Trittfrequenzen und erh\u00f6hten Druck konzipiert wurde, weist Lakes Competition-Leisten ein st\u00e4rker gekr\u00fcmmtes Profil auf als die Sport-Form. Die Hauptunterschiede umfassen eine erh\u00f6hte Zehenneigung und Fersenanhebung, eine engere Ferse und einen etwas breiteren Ballenumfang, um die Fu\u00dfausdehnung unter hohem Pedaldruck zu ber\u00fccksichtigen.  <\/p>\n<p><strong>Obermaterial:<\/strong> Dieser neueste Hochleistungs-Radsportschuh von Lake ist wahlweise mit wasserfestem und atmungsaktivem Ecco Premium-Vollnarbenleder oder Clarino-Mikrofaser und Mesh mit Outlast-Fersenauskleidung erh\u00e4ltlich. Das Obermaterial ist stilvoll und stromlinienf\u00f6rmig gestaltet, mit minimierter N\u00e4hte und einer formschl\u00fcssigen Konstruktion, die ein handschuhartiges Gef\u00fchl vermittelt und sich im Laufe der Zeit perfekt an Ihren Fu\u00df anpasst. Die sch\u00fctzende Fersenkappe und der Gummi-Zehenschutz helfen, das Obermaterial vor Abnutzung und Kratzern zu bewahren. Zus\u00e4tzlich verf\u00fcgt er \u00fcber eine temperaturregulierte Outlast-Fersen- und Zungenauskleidung, die ein luxuri\u00f6ses Fu\u00dfgef\u00fchl bietet und gleichzeitig Atmungsaktivit\u00e4t, Langlebigkeit und sicheren Halt gew\u00e4hrleistet.   <\/p>\n<p>Au\u00dfensohle: 100% Kohlefaser-Sohle. Erh\u00e4ltlich f\u00fcr 3-Loch-Pedalplatten.  Eine Sohle aus 100% Carbonfaser, die ein komfortables, leichtes und elegantes Gesamtpaket kreiert<\/p>\n<p><strong>Verschluss:<\/strong> BOA\u00ae Fit System Li2 Drehverschl\u00fcsse. Der Li2-Drehverschluss ist die fortschrittlichste Plattform im Radsport und bietet eine pr\u00e4zise, mikro-einstellbare Passform in beide Richtungen, konzipiert f\u00fcr Abriebfestigkeit. Kein einzelnes Element kann allein f\u00fcr die Passform eines Schuhs verantwortlich gemacht werden &#8211; Verschluss und Komfort h\u00e4ngen von mehreren Faktoren ab. Deshalb nimmt sich Lake die Zeit, Schuhe mit den nach ihrer \u00dcberzeugung besten Komfort- und Verschlusssystemen zu entwickeln. Das duale BOA\u00ae Fit System ist nicht einzigartig im Radsport, aber Lakes innovative Nutzung dieses Drehverschlusssystems &#8211; kombiniert mit akribischer Schnittmusterarbeit, erstklassigen Schuhleisten und einer Auswahl hochwertiger Obermaterialien &#8211; macht es wirklich effektiv. Dies ist letztendlich der Grund, warum Lake-Schuhe weltweit f\u00fcr ihre au\u00dfergew\u00f6hnliche Passform und hervorragenden Komfort im Hochleistungsradsport bekannt sind.     <\/p>\n<p><strong>Farben:<\/strong> Wei\u00df\/Schwarz Leder, Wei\u00df\/Wei\u00df Mikrofaser und Schwarz\/Schwarz Leder.<\/p>\n<p><strong>Gr\u00f6\u00dfen:<\/strong> Regular: volle Gr\u00f6\u00dfen von 36 bis 50, 52, halbe Gr\u00f6\u00dfen von 39,5 bis 46,5. Wide: Ganze Gr\u00f6\u00dfen von 37 bis 50, 52 halbe Gr\u00f6\u00dfen von 39,5 bis 46,5.<\/p>\n<p>Um Ihnen bei der Suche nach der richtigen Gr\u00f6\u00dfe zu helfen, gehen Sie auf <a href=\"https:\/\/lakecycling.com\/pages\/sizing-charts\" target=\"_blank\" rel=\"noopener noreferrer\">diese Seite<\/a> oder kontaktieren Sie mich.<\/p>\n","protected":false},"excerpt":{"rendered":"<p><strong>Der CX239 ist die neueste Version von Lakes popul\u00e4rstem Schuh. Diese neue Evolution integriert viele Merkmale des erfolgreichen CX333 und verf\u00fcgt nun \u00fcber eine integrierte Zunge, die mit dem medialen Teil des Obermaterials verbunden ist, um einen festeren Fu\u00dfhalt zu gew\u00e4hrleisten. Er beinhaltet auch eine glasfaserverst\u00e4rkte interne Fersenkappe f\u00fcr einen engeren Fersenhalt, und der vergr\u00f6\u00dferte Abstand zwischen den BOA\u00ae-Drehverschl\u00fcssen erm\u00f6glicht eine pr\u00e4zisere Zoneneinstellung entlang der Schuhl\u00e4nge. Dies hebt einen von Lakes beliebtesten Radschuhen auf ein v\u00f6llig neues Niveau von Komfort und Leistung.   <\/strong><\/p>\n","protected":false},"featured_media":91319,"comment_status":"closed","ping_status":"closed","template":"","meta":[],"product_brand":[],"product_cat":[5662,4909,4914],"product_tag":[5663,5059,5125,5198],"class_list":{"0":"post-92404","1":"product","2":"type-product","3":"status-publish","4":"has-post-thumbnail","6":"product_cat-cx239-de","7":"product_cat-lake-shoes-de","8":"product_cat-strasse","9":"product_tag-cx239-de","10":"product_tag-lake-cycling-de","11":"product_tag-road-de","12":"product_tag-white-black-de","13":"product_shipping_class-large-items-de","14":"pa_size-36-de","15":"pa_size-37-de-2","16":"pa_size-38-de","17":"pa_size-39-de-2","18":"pa_size-39-5-de","19":"pa_size-40-de-2","20":"pa_size-40-5-de","21":"pa_size-41-de","22":"pa_size-41-5-de","23":"pa_size-42-de","24":"pa_size-42-5-de","25":"pa_size-43-de-2","26":"pa_size-43-5-de-2","27":"pa_size-44-de","28":"pa_size-44-5-de","29":"pa_size-45-de","30":"pa_size-45-5-de","31":"pa_size-46-de","32":"pa_size-46-5-de","33":"pa_size-47-de","34":"pa_size-48-de","35":"pa_size-49-de","36":"pa_size-50-de","37":"pa_size-52-de","38":"pa_width-regular-de","39":"pa_width-wide-de-2","41":"first","42":"instock","43":"taxable","44":"shipping-taxable","45":"purchasable","46":"product-type-variable"},"yoast_head":"<!-- This site is optimized with the Yoast SEO Premium plugin v27.3 (Yoast SEO v27.3) - https:\/\/yoast.com\/product\/yoast-seo-premium-wordpress\/ -->\n<title>CX239 White\/White - bikefit.lu<\/title>\n<meta name=\"robots\" content=\"index, follow, max-snippet:-1, max-image-preview:large, max-video-preview:-1\" \/>\n<link rel=\"canonical\" href=\"https:\/\/bikefit.lu\/de\/product\/cx239-white-white\/\" \/>\n<meta property=\"og:locale\" content=\"de_DE\" \/>\n<meta property=\"og:type\" content=\"article\" \/>\n<meta property=\"og:title\" content=\"CX239 White\/White\" \/>\n<meta property=\"og:description\" content=\"Der CX239 ist die neueste Version von Lakes popul\u00e4rstem Schuh. Diese neue Evolution integriert viele Merkmale des erfolgreichen CX333 und verf\u00fcgt nun \u00fcber eine integrierte Zunge, die mit dem medialen Teil des Obermaterials verbunden ist, um einen festeren Fu\u00dfhalt zu gew\u00e4hrleisten. Er beinhaltet auch eine glasfaserverst\u00e4rkte interne Fersenkappe f\u00fcr einen engeren Fersenhalt, und der vergr\u00f6\u00dferte Abstand zwischen den BOA\u00ae-Drehverschl\u00fcssen erm\u00f6glicht eine pr\u00e4zisere Zoneneinstellung entlang der Schuhl\u00e4nge. Dies hebt einen von Lakes beliebtesten Radschuhen auf ein v\u00f6llig neues Niveau von Komfort und Leistung.\" \/>\n<meta property=\"og:url\" content=\"https:\/\/bikefit.lu\/de\/product\/cx239-white-white\/\" \/>\n<meta property=\"og:site_name\" content=\"bikefit.lu\" \/>\n<meta property=\"article:modified_time\" content=\"2026-03-05T21:31:45+00:00\" \/>\n<meta property=\"og:image\" content=\"https:\/\/bikefit.lu\/wp-content\/uploads\/2025\/02\/CX239-MICRO-WHT-WHT-FRNT.webp\" \/>\n\t<meta property=\"og:image:width\" content=\"1026\" \/>\n\t<meta property=\"og:image:height\" content=\"761\" \/>\n\t<meta property=\"og:image:type\" content=\"image\/webp\" \/>\n<meta name=\"twitter:card\" content=\"summary_large_image\" \/>\n<meta name=\"twitter:label1\" content=\"Verf\u00fcgbarkeit\" \/>\n\t<meta name=\"twitter:data1\" content=\"Auf Lager\" \/>\n<script type=\"application\/ld+json\" class=\"yoast-schema-graph\">{\"@context\":\"https:\\\/\\\/schema.org\",\"@graph\":[{\"@type\":\"WebPage\",\"@id\":\"https:\\\/\\\/bikefit.lu\\\/de\\\/product\\\/cx239-white-white\\\/\",\"url\":\"https:\\\/\\\/bikefit.lu\\\/de\\\/product\\\/cx239-white-white\\\/\",\"name\":\"CX239 White\\\/White - bikefit.lu\",\"isPartOf\":{\"@id\":\"https:\\\/\\\/bikefit.lu\\\/de\\\/#website\"},\"primaryImageOfPage\":{\"@id\":\"https:\\\/\\\/bikefit.lu\\\/de\\\/product\\\/cx239-white-white\\\/#primaryimage\"},\"image\":{\"@id\":\"https:\\\/\\\/bikefit.lu\\\/de\\\/product\\\/cx239-white-white\\\/#primaryimage\"},\"thumbnailUrl\":\"https:\\\/\\\/bikefit.lu\\\/wp-content\\\/uploads\\\/2025\\\/02\\\/CX239-MICRO-WHT-WHT-FRNT.webp\",\"datePublished\":\"2025-02-06T16:16:10+00:00\",\"dateModified\":\"2026-03-05T21:31:45+00:00\",\"breadcrumb\":{\"@id\":\"https:\\\/\\\/bikefit.lu\\\/de\\\/product\\\/cx239-white-white\\\/#breadcrumb\"},\"inLanguage\":\"de\",\"potentialAction\":[{\"@type\":\"ReadAction\",\"target\":[\"https:\\\/\\\/bikefit.lu\\\/de\\\/product\\\/cx239-white-white\\\/\"]}]},{\"@type\":\"ImageObject\",\"inLanguage\":\"de\",\"@id\":\"https:\\\/\\\/bikefit.lu\\\/de\\\/product\\\/cx239-white-white\\\/#primaryimage\",\"url\":\"https:\\\/\\\/bikefit.lu\\\/wp-content\\\/uploads\\\/2025\\\/02\\\/CX239-MICRO-WHT-WHT-FRNT.webp\",\"contentUrl\":\"https:\\\/\\\/bikefit.lu\\\/wp-content\\\/uploads\\\/2025\\\/02\\\/CX239-MICRO-WHT-WHT-FRNT.webp\",\"width\":1026,\"height\":761},{\"@type\":\"BreadcrumbList\",\"@id\":\"https:\\\/\\\/bikefit.lu\\\/de\\\/product\\\/cx239-white-white\\\/#breadcrumb\",\"itemListElement\":[{\"@type\":\"ListItem\",\"position\":1,\"name\":\"Home\",\"item\":\"https:\\\/\\\/bikefit.lu\\\/de\\\/\"},{\"@type\":\"ListItem\",\"position\":2,\"name\":\"Produkte\",\"item\":\"https:\\\/\\\/bikefit.lu\\\/de\\\/shop\\\/\"},{\"@type\":\"ListItem\",\"position\":3,\"name\":\"CX239 White\\\/White\"}]},{\"@type\":\"WebSite\",\"@id\":\"https:\\\/\\\/bikefit.lu\\\/de\\\/#website\",\"url\":\"https:\\\/\\\/bikefit.lu\\\/de\\\/\",\"name\":\"bikefit.lu\",\"description\":\"IMPROVING CYCLING\",\"publisher\":{\"@id\":\"https:\\\/\\\/bikefit.lu\\\/de\\\/#\\\/schema\\\/person\\\/379af1263474d2f8cd1f41c2bd90273d\"},\"potentialAction\":[{\"@type\":\"SearchAction\",\"target\":{\"@type\":\"EntryPoint\",\"urlTemplate\":\"https:\\\/\\\/bikefit.lu\\\/de\\\/?s={search_term_string}\"},\"query-input\":{\"@type\":\"PropertyValueSpecification\",\"valueRequired\":true,\"valueName\":\"search_term_string\"}}],\"inLanguage\":\"de\"},{\"@type\":[\"Person\",\"Organization\"],\"@id\":\"https:\\\/\\\/bikefit.lu\\\/de\\\/#\\\/schema\\\/person\\\/379af1263474d2f8cd1f41c2bd90273d\",\"name\":\"Patrick Guillaume\",\"image\":{\"@type\":\"ImageObject\",\"inLanguage\":\"de\",\"@id\":\"https:\\\/\\\/bikefit.lu\\\/wp-content\\\/uploads\\\/2024\\\/12\\\/cropped-bikefit-logoURL-RGB-jpg.jpg\",\"url\":\"https:\\\/\\\/bikefit.lu\\\/wp-content\\\/uploads\\\/2024\\\/12\\\/cropped-bikefit-logoURL-RGB-jpg.jpg\",\"contentUrl\":\"https:\\\/\\\/bikefit.lu\\\/wp-content\\\/uploads\\\/2024\\\/12\\\/cropped-bikefit-logoURL-RGB-jpg.jpg\",\"width\":512,\"height\":512,\"caption\":\"Patrick Guillaume\"},\"logo\":{\"@id\":\"https:\\\/\\\/bikefit.lu\\\/wp-content\\\/uploads\\\/2024\\\/12\\\/cropped-bikefit-logoURL-RGB-jpg.jpg\"},\"sameAs\":[\"https:\\\/\\\/bikefit.lu\"],\"honorificPrefix\":\"Mr\",\"birthDate\":\"1966-11-18\",\"gender\":\"male\",\"knowsAbout\":[\"Bike-fitting\"],\"knowsLanguage\":[\"English\",\"French\",\"German\",\"Luxembourgish\"]}]}<\/script>\n<meta property=\"og:availability\" content=\"instock\" \/>\n<meta property=\"product:availability\" content=\"instock\" \/>\n<meta property=\"product:condition\" content=\"new\" \/>\n<!-- \/ Yoast SEO Premium plugin. -->","yoast_head_json":{"title":"CX239 White\/White - bikefit.lu","robots":{"index":"index","follow":"follow","max-snippet":"max-snippet:-1","max-image-preview":"max-image-preview:large","max-video-preview":"max-video-preview:-1"},"canonical":"https:\/\/bikefit.lu\/de\/product\/cx239-white-white\/","og_locale":"de_DE","og_type":"article","og_title":"CX239 White\/White","og_description":"Der CX239 ist die neueste Version von Lakes popul\u00e4rstem Schuh. Diese neue Evolution integriert viele Merkmale des erfolgreichen CX333 und verf\u00fcgt nun \u00fcber eine integrierte Zunge, die mit dem medialen Teil des Obermaterials verbunden ist, um einen festeren Fu\u00dfhalt zu gew\u00e4hrleisten. Er beinhaltet auch eine glasfaserverst\u00e4rkte interne Fersenkappe f\u00fcr einen engeren Fersenhalt, und der vergr\u00f6\u00dferte Abstand zwischen den BOA\u00ae-Drehverschl\u00fcssen erm\u00f6glicht eine pr\u00e4zisere Zoneneinstellung entlang der Schuhl\u00e4nge. Dies hebt einen von Lakes beliebtesten Radschuhen auf ein v\u00f6llig neues Niveau von Komfort und Leistung.","og_url":"https:\/\/bikefit.lu\/de\/product\/cx239-white-white\/","og_site_name":"bikefit.lu","article_modified_time":"2026-03-05T21:31:45+00:00","og_image":[{"width":1026,"height":761,"url":"https:\/\/bikefit.lu\/wp-content\/uploads\/2025\/02\/CX239-MICRO-WHT-WHT-FRNT.webp","type":"image\/webp"}],"twitter_card":"summary_large_image","twitter_misc":{"Verf\u00fcgbarkeit":"Auf Lager"},"schema":{"@context":"https:\/\/schema.org","@graph":[{"@type":"WebPage","@id":"https:\/\/bikefit.lu\/de\/product\/cx239-white-white\/","url":"https:\/\/bikefit.lu\/de\/product\/cx239-white-white\/","name":"CX239 White\/White - bikefit.lu","isPartOf":{"@id":"https:\/\/bikefit.lu\/de\/#website"},"primaryImageOfPage":{"@id":"https:\/\/bikefit.lu\/de\/product\/cx239-white-white\/#primaryimage"},"image":{"@id":"https:\/\/bikefit.lu\/de\/product\/cx239-white-white\/#primaryimage"},"thumbnailUrl":"https:\/\/bikefit.lu\/wp-content\/uploads\/2025\/02\/CX239-MICRO-WHT-WHT-FRNT.webp","datePublished":"2025-02-06T16:16:10+00:00","dateModified":"2026-03-05T21:31:45+00:00","breadcrumb":{"@id":"https:\/\/bikefit.lu\/de\/product\/cx239-white-white\/#breadcrumb"},"inLanguage":"de","potentialAction":[{"@type":"ReadAction","target":["https:\/\/bikefit.lu\/de\/product\/cx239-white-white\/"]}]},{"@type":"ImageObject","inLanguage":"de","@id":"https:\/\/bikefit.lu\/de\/product\/cx239-white-white\/#primaryimage","url":"https:\/\/bikefit.lu\/wp-content\/uploads\/2025\/02\/CX239-MICRO-WHT-WHT-FRNT.webp","contentUrl":"https:\/\/bikefit.lu\/wp-content\/uploads\/2025\/02\/CX239-MICRO-WHT-WHT-FRNT.webp","width":1026,"height":761},{"@type":"BreadcrumbList","@id":"https:\/\/bikefit.lu\/de\/product\/cx239-white-white\/#breadcrumb","itemListElement":[{"@type":"ListItem","position":1,"name":"Home","item":"https:\/\/bikefit.lu\/de\/"},{"@type":"ListItem","position":2,"name":"Produkte","item":"https:\/\/bikefit.lu\/de\/shop\/"},{"@type":"ListItem","position":3,"name":"CX239 White\/White"}]},{"@type":"WebSite","@id":"https:\/\/bikefit.lu\/de\/#website","url":"https:\/\/bikefit.lu\/de\/","name":"bikefit.lu","description":"IMPROVING CYCLING","publisher":{"@id":"https:\/\/bikefit.lu\/de\/#\/schema\/person\/379af1263474d2f8cd1f41c2bd90273d"},"potentialAction":[{"@type":"SearchAction","target":{"@type":"EntryPoint","urlTemplate":"https:\/\/bikefit.lu\/de\/?s={search_term_string}"},"query-input":{"@type":"PropertyValueSpecification","valueRequired":true,"valueName":"search_term_string"}}],"inLanguage":"de"},{"@type":["Person","Organization"],"@id":"https:\/\/bikefit.lu\/de\/#\/schema\/person\/379af1263474d2f8cd1f41c2bd90273d","name":"Patrick Guillaume","image":{"@type":"ImageObject","inLanguage":"de","@id":"https:\/\/bikefit.lu\/wp-content\/uploads\/2024\/12\/cropped-bikefit-logoURL-RGB-jpg.jpg","url":"https:\/\/bikefit.lu\/wp-content\/uploads\/2024\/12\/cropped-bikefit-logoURL-RGB-jpg.jpg","contentUrl":"https:\/\/bikefit.lu\/wp-content\/uploads\/2024\/12\/cropped-bikefit-logoURL-RGB-jpg.jpg","width":512,"height":512,"caption":"Patrick Guillaume"},"logo":{"@id":"https:\/\/bikefit.lu\/wp-content\/uploads\/2024\/12\/cropped-bikefit-logoURL-RGB-jpg.jpg"},"sameAs":["https:\/\/bikefit.lu"],"honorificPrefix":"Mr","birthDate":"1966-11-18","gender":"male","knowsAbout":["Bike-fitting"],"knowsLanguage":["English","French","German","Luxembourgish"]}]},"og_availability":"instock","product_availability":"instock","product_condition":"new"},"_links":{"self":[{"href":"https:\/\/bikefit.lu\/de\/wp-json\/wp\/v2\/product\/92404","targetHints":{"allow":["GET"]}}],"collection":[{"href":"https:\/\/bikefit.lu\/de\/wp-json\/wp\/v2\/product"}],"about":[{"href":"https:\/\/bikefit.lu\/de\/wp-json\/wp\/v2\/types\/product"}],"replies":[{"embeddable":true,"href":"https:\/\/bikefit.lu\/de\/wp-json\/wp\/v2\/comments?post=92404"}],"version-history":[{"count":1,"href":"https:\/\/bikefit.lu\/de\/wp-json\/wp\/v2\/product\/92404\/revisions"}],"predecessor-version":[{"id":99218,"href":"https:\/\/bikefit.lu\/de\/wp-json\/wp\/v2\/product\/92404\/revisions\/99218"}],"wp:featuredmedia":[{"embeddable":true,"href":"https:\/\/bikefit.lu\/de\/wp-json\/wp\/v2\/media\/91319"}],"wp:attachment":[{"href":"https:\/\/bikefit.lu\/de\/wp-json\/wp\/v2\/media?parent=92404"}],"wp:term":[{"taxonomy":"product_brand","embeddable":true,"href":"https:\/\/bikefit.lu\/de\/wp-json\/wp\/v2\/product_brand?post=92404"},{"taxonomy":"product_cat","embeddable":true,"href":"https:\/\/bikefit.lu\/de\/wp-json\/wp\/v2\/product_cat?post=92404"},{"taxonomy":"product_tag","embeddable":true,"href":"https:\/\/bikefit.lu\/de\/wp-json\/wp\/v2\/product_tag?post=92404"}],"curies":[{"name":"wp","href":"https:\/\/api.w.org\/{rel}","templated":true}]}}