{"id":92873,"date":"2025-02-06T17:55:46","date_gmt":"2025-02-06T17:55:46","guid":{"rendered":"https:\/\/bikefit.lu\/?post_type=product&#038;p=92873"},"modified":"2025-02-06T21:57:46","modified_gmt":"2025-02-06T21:57:46","slug":"cx333-white-white","status":"publish","type":"product","link":"https:\/\/bikefit.lu\/de\/product\/cx333-white-white\/","title":{"rendered":"CX333 White\/White"},"content":{"rendered":"<p><strong>Form:<\/strong> CX Race: Mit einer etwas schmaleren Zehenbox und engerer Ferse als der Competition-Leisten und weniger Gesamtvolumen als der Sport-Leisten. Entwickelt f\u00fcr sehr hohe Trittfrequenzen und h\u00f6heren Druck sowie eine schlankere Passform. <\/p>\n<p><strong>Obermaterial:<\/strong> Klite-K\u00e4nguruleder mit Lederfutter oder Mikrofaser-Obermaterial mit Outlast-Temperaturregulierungsfutter und Carbitex-Medialst\u00fctzpanel f\u00fcr einen sicheren Sitz. Interner Thermaform-Carbonfaser-Fersenkappe. Die interne Fersenkappe ist aus hitzeformbarem Carbon, das die M\u00f6glichkeit bietet, den Fersenhalt besser anzupassen. Ein sicherer Fersenhalt stabilisiert den Fu\u00df und verhindert Fersenrutschen. Ein stabiler Fu\u00df erm\u00f6glicht eine bessere Kraft\u00fcbertragung und weniger Erm\u00fcdung. Formschl\u00fcssiges Naturleder-Obermaterial in Kombination mit dem dualen BOA\u00ae-Verschlusssystem sorgt daf\u00fcr, dass Ihr Fu\u00df sicher ist, ohne dass der Schuh zu fest angezogen werden muss.     <\/p>\n<p><strong>Au\u00dfensohle:<\/strong> Lake Race 100% Carbonfaser-Sohle. Erh\u00e4ltlich im 3-Loch-Cleat-Muster oder Speedplay-spezifisch als Sonderoption. Der CX333 nutzt das patentierte Doppelsohlensystem von Lake. Die Innensohle ist eine halbflexible Glasfaserplattform, die es dem Fu\u00df erm\u00f6glicht, an der Ballenpartie etwas Flexibilit\u00e4t zu haben, wo der Fu\u00df dazu neigt, anzuschwellen und typischerweise hei\u00dfe Stellen oder Taubheitsgef\u00fchle auftreten w\u00fcrden.<br \/>Die Innensohle ist \u00fcber der \u00e4u\u00dferen, starren Carbonsohle aufgeh\u00e4ngt. Dieses System erm\u00f6glicht es uns, eine extrem steife Carbon-Au\u00dfensohle zu verwenden, ohne den Fahrkomfort zu opfern.     <\/p>\n<p><strong>Verschlusssystem:<\/strong> BOA\u00ae Fit System mit Dual-Dial Li2 und l\u00f6sbaren Schn\u00fcrf\u00fchrungen. Es gibt nicht ein einzelnes Element, dem die optimale Passform des Schuhs zugeschrieben werden kann. Das duale BOA\u00ae-Verschlusssystem ist zwar nicht einzigartig f\u00fcr den Radsport, aber es ist die Art und Weise, wie Lake dieses Drehverschlusssystem in Verbindung mit ihrer Schnittmusterarbeit, ihrem erstklassigen Schuhleisten und der Auswahl hochwertiger Obermaterialien einsetzt, die dieses System so effektiv macht und erkl\u00e4rt, warum Lake-Schuhe weltweit als die am besten passenden und komfortabelsten Hochleistungs-Radschuhe bekannt sind.  <\/p>\n<p><strong>Farben:<\/strong> White\/Black, Black\/Silver, White\/White Microfiber oder #LakeCustom Color<\/p>\n<p>Ja, die Farben dieser Modelle k\u00f6nnen gegen einen geringen Aufpreis von 90 \u20ac individuell angepasst werden. Spielen Sie mit dem <a href=\"http:\/\/www.lakecustom.com\/#\/ChooseModel\" target=\"_blank\" rel=\"noopener noreferrer nofollow\">Customizer<\/a> herum und z\u00f6gern Sie nicht, mich zu kontaktieren, wenn Sie Hilfe oder Ratschl\u00e4ge ben\u00f6tigen, eine Grafik hinzuf\u00fcgen m\u00f6chten oder IHRE Schuhe bestellen m\u00f6chten.<\/p>\n<p><strong>Gr\u00f6\u00dfen:<\/strong> Schmal 39-50; 52 &amp; 39,5-46,5; Normal 39-50, 52 &amp; 39,5-46,5; Weit (EE) 37-50, 52 &amp; 39,5-46,5; Damen 36-43, 37,5-42,5<\/p>\n<p>Verglichen mit dem CX332: Narrow 333 = standard 332 \/ regular 333 = wide 333 and wide 333 = extra wide 332<\/p>\n<p>Um Ihnen bei der Suche nach der richtigen Gr\u00f6\u00dfe zu helfen, gehen Sie auf <a href=\"https:\/\/lakecycling.com\/pages\/sizing-charts\" target=\"_blank\" rel=\"noopener noreferrer\">diese Seite<\/a> oder kontaktieren Sie mich.<\/p>\n","protected":false},"excerpt":{"rendered":"<p><strong>Der CX333 ist die n\u00e4chste Generation des klassischen CX332 mit einigen Updates und Upgrades. Jetzt mit Carbitex-Bogenst\u00fctzpanel f\u00fcr eine sicherere Passform. Auch der CX333 basiert auf der gleichen Thermaform-Technologie wie der CX403<\/strong>.<\/p>\n","protected":false},"featured_media":93009,"comment_status":"closed","ping_status":"closed","template":"","meta":[],"product_brand":[],"product_cat":[4874,4909,4914],"product_tag":[5014,5059,5125,5182,5179,5201,5194],"class_list":{"0":"post-92873","1":"product","2":"type-product","3":"status-publish","4":"has-post-thumbnail","6":"product_cat-cx333-de","7":"product_cat-lake-shoes-de","8":"product_cat-strasse","9":"product_tag-cx333-de","10":"product_tag-lake-cycling-de","11":"product_tag-road-de","12":"product_tag-triathlon-de","13":"product_tag-ultra-cycling-de","14":"product_tag-white-white-de","15":"product_tag-zeitfahren","16":"product_shipping_class-large-items-de","17":"pa_size-36-de","18":"pa_size-37-de-2","19":"pa_size-38-de","20":"pa_size-39-de-2","21":"pa_size-39-5-de","22":"pa_size-40-de-2","23":"pa_size-40-5-de","24":"pa_size-41-de","25":"pa_size-41-5-de","26":"pa_size-42-de","27":"pa_size-42-5-de","28":"pa_size-43-de-2","29":"pa_size-43-5-de-2","30":"pa_size-44-de","31":"pa_size-44-5-de","32":"pa_size-45-de","33":"pa_size-45-5-de","34":"pa_size-46-de","35":"pa_size-46-5-de","36":"pa_size-47-de","37":"pa_size-48-de","38":"pa_size-49-de","39":"pa_size-50-de","40":"pa_size-52-de","41":"pa_width-narrow-de-2","42":"pa_width-regular-de","43":"pa_width-wide-de-2","45":"first","46":"instock","47":"taxable","48":"shipping-taxable","49":"purchasable","50":"product-type-variable"},"yoast_head":"<!-- This site is optimized with the Yoast SEO Premium plugin v27.3 (Yoast SEO v27.3) - https:\/\/yoast.com\/product\/yoast-seo-premium-wordpress\/ -->\n<title>CX333 White\/White - bikefit.lu<\/title>\n<meta name=\"robots\" content=\"index, follow, max-snippet:-1, max-image-preview:large, max-video-preview:-1\" \/>\n<link rel=\"canonical\" href=\"https:\/\/bikefit.lu\/de\/product\/cx333-white-white\/\" \/>\n<meta property=\"og:locale\" content=\"de_DE\" \/>\n<meta property=\"og:type\" content=\"article\" \/>\n<meta property=\"og:title\" content=\"CX333 White\/White\" \/>\n<meta property=\"og:description\" content=\"Der CX333 ist die n\u00e4chste Generation des klassischen CX332 mit einigen Updates und Upgrades. Jetzt mit Carbitex-Bogenst\u00fctzpanel f\u00fcr eine sicherere Passform. Auch der CX333 basiert auf der gleichen Thermaform-Technologie wie der CX403.\" \/>\n<meta property=\"og:url\" content=\"https:\/\/bikefit.lu\/de\/product\/cx333-white-white\/\" \/>\n<meta property=\"og:site_name\" content=\"bikefit.lu\" \/>\n<meta property=\"article:modified_time\" content=\"2025-02-06T21:57:46+00:00\" \/>\n<meta property=\"og:image\" content=\"https:\/\/bikefit.lu\/wp-content\/uploads\/2025\/02\/CX333-MICRO-WHT-WHT-FRNT_1800x1800.webp\" \/>\n\t<meta property=\"og:image:width\" content=\"1065\" \/>\n\t<meta property=\"og:image:height\" content=\"756\" \/>\n\t<meta property=\"og:image:type\" content=\"image\/webp\" \/>\n<meta name=\"twitter:card\" content=\"summary_large_image\" \/>\n<meta name=\"twitter:label1\" content=\"Verf\u00fcgbarkeit\" \/>\n\t<meta name=\"twitter:data1\" content=\"Auf Lager\" \/>\n<script type=\"application\/ld+json\" class=\"yoast-schema-graph\">{\"@context\":\"https:\\\/\\\/schema.org\",\"@graph\":[{\"@type\":\"WebPage\",\"@id\":\"https:\\\/\\\/bikefit.lu\\\/de\\\/product\\\/cx333-white-white\\\/\",\"url\":\"https:\\\/\\\/bikefit.lu\\\/de\\\/product\\\/cx333-white-white\\\/\",\"name\":\"CX333 White\\\/White - bikefit.lu\",\"isPartOf\":{\"@id\":\"https:\\\/\\\/bikefit.lu\\\/de\\\/#website\"},\"primaryImageOfPage\":{\"@id\":\"https:\\\/\\\/bikefit.lu\\\/de\\\/product\\\/cx333-white-white\\\/#primaryimage\"},\"image\":{\"@id\":\"https:\\\/\\\/bikefit.lu\\\/de\\\/product\\\/cx333-white-white\\\/#primaryimage\"},\"thumbnailUrl\":\"https:\\\/\\\/bikefit.lu\\\/wp-content\\\/uploads\\\/2025\\\/02\\\/CX333-MICRO-WHT-WHT-FRNT_1800x1800.webp\",\"datePublished\":\"2025-02-06T17:55:46+00:00\",\"dateModified\":\"2025-02-06T21:57:46+00:00\",\"breadcrumb\":{\"@id\":\"https:\\\/\\\/bikefit.lu\\\/de\\\/product\\\/cx333-white-white\\\/#breadcrumb\"},\"inLanguage\":\"de\",\"potentialAction\":[{\"@type\":\"ReadAction\",\"target\":[\"https:\\\/\\\/bikefit.lu\\\/de\\\/product\\\/cx333-white-white\\\/\"]}]},{\"@type\":\"ImageObject\",\"inLanguage\":\"de\",\"@id\":\"https:\\\/\\\/bikefit.lu\\\/de\\\/product\\\/cx333-white-white\\\/#primaryimage\",\"url\":\"https:\\\/\\\/bikefit.lu\\\/wp-content\\\/uploads\\\/2025\\\/02\\\/CX333-MICRO-WHT-WHT-FRNT_1800x1800.webp\",\"contentUrl\":\"https:\\\/\\\/bikefit.lu\\\/wp-content\\\/uploads\\\/2025\\\/02\\\/CX333-MICRO-WHT-WHT-FRNT_1800x1800.webp\",\"width\":1065,\"height\":756},{\"@type\":\"BreadcrumbList\",\"@id\":\"https:\\\/\\\/bikefit.lu\\\/de\\\/product\\\/cx333-white-white\\\/#breadcrumb\",\"itemListElement\":[{\"@type\":\"ListItem\",\"position\":1,\"name\":\"Home\",\"item\":\"https:\\\/\\\/bikefit.lu\\\/de\\\/\"},{\"@type\":\"ListItem\",\"position\":2,\"name\":\"Produkte\",\"item\":\"https:\\\/\\\/bikefit.lu\\\/de\\\/shop\\\/\"},{\"@type\":\"ListItem\",\"position\":3,\"name\":\"CX333 White\\\/White\"}]},{\"@type\":\"WebSite\",\"@id\":\"https:\\\/\\\/bikefit.lu\\\/de\\\/#website\",\"url\":\"https:\\\/\\\/bikefit.lu\\\/de\\\/\",\"name\":\"bikefit.lu\",\"description\":\"IMPROVING CYCLING\",\"publisher\":{\"@id\":\"https:\\\/\\\/bikefit.lu\\\/de\\\/#\\\/schema\\\/person\\\/379af1263474d2f8cd1f41c2bd90273d\"},\"potentialAction\":[{\"@type\":\"SearchAction\",\"target\":{\"@type\":\"EntryPoint\",\"urlTemplate\":\"https:\\\/\\\/bikefit.lu\\\/de\\\/?s={search_term_string}\"},\"query-input\":{\"@type\":\"PropertyValueSpecification\",\"valueRequired\":true,\"valueName\":\"search_term_string\"}}],\"inLanguage\":\"de\"},{\"@type\":[\"Person\",\"Organization\"],\"@id\":\"https:\\\/\\\/bikefit.lu\\\/de\\\/#\\\/schema\\\/person\\\/379af1263474d2f8cd1f41c2bd90273d\",\"name\":\"Patrick Guillaume\",\"image\":{\"@type\":\"ImageObject\",\"inLanguage\":\"de\",\"@id\":\"https:\\\/\\\/bikefit.lu\\\/wp-content\\\/uploads\\\/2024\\\/12\\\/cropped-bikefit-logoURL-RGB-jpg.jpg\",\"url\":\"https:\\\/\\\/bikefit.lu\\\/wp-content\\\/uploads\\\/2024\\\/12\\\/cropped-bikefit-logoURL-RGB-jpg.jpg\",\"contentUrl\":\"https:\\\/\\\/bikefit.lu\\\/wp-content\\\/uploads\\\/2024\\\/12\\\/cropped-bikefit-logoURL-RGB-jpg.jpg\",\"width\":512,\"height\":512,\"caption\":\"Patrick Guillaume\"},\"logo\":{\"@id\":\"https:\\\/\\\/bikefit.lu\\\/wp-content\\\/uploads\\\/2024\\\/12\\\/cropped-bikefit-logoURL-RGB-jpg.jpg\"},\"sameAs\":[\"https:\\\/\\\/bikefit.lu\"],\"honorificPrefix\":\"Mr\",\"birthDate\":\"1966-11-18\",\"gender\":\"male\",\"knowsAbout\":[\"Bike-fitting\"],\"knowsLanguage\":[\"English\",\"French\",\"German\",\"Luxembourgish\"]}]}<\/script>\n<meta property=\"og:availability\" content=\"instock\" \/>\n<meta property=\"product:availability\" content=\"instock\" \/>\n<meta property=\"product:condition\" content=\"new\" \/>\n<!-- \/ Yoast SEO Premium plugin. -->","yoast_head_json":{"title":"CX333 White\/White - bikefit.lu","robots":{"index":"index","follow":"follow","max-snippet":"max-snippet:-1","max-image-preview":"max-image-preview:large","max-video-preview":"max-video-preview:-1"},"canonical":"https:\/\/bikefit.lu\/de\/product\/cx333-white-white\/","og_locale":"de_DE","og_type":"article","og_title":"CX333 White\/White","og_description":"Der CX333 ist die n\u00e4chste Generation des klassischen CX332 mit einigen Updates und Upgrades. Jetzt mit Carbitex-Bogenst\u00fctzpanel f\u00fcr eine sicherere Passform. Auch der CX333 basiert auf der gleichen Thermaform-Technologie wie der CX403.","og_url":"https:\/\/bikefit.lu\/de\/product\/cx333-white-white\/","og_site_name":"bikefit.lu","article_modified_time":"2025-02-06T21:57:46+00:00","og_image":[{"width":1065,"height":756,"url":"https:\/\/bikefit.lu\/wp-content\/uploads\/2025\/02\/CX333-MICRO-WHT-WHT-FRNT_1800x1800.webp","type":"image\/webp"}],"twitter_card":"summary_large_image","twitter_misc":{"Verf\u00fcgbarkeit":"Auf Lager"},"schema":{"@context":"https:\/\/schema.org","@graph":[{"@type":"WebPage","@id":"https:\/\/bikefit.lu\/de\/product\/cx333-white-white\/","url":"https:\/\/bikefit.lu\/de\/product\/cx333-white-white\/","name":"CX333 White\/White - bikefit.lu","isPartOf":{"@id":"https:\/\/bikefit.lu\/de\/#website"},"primaryImageOfPage":{"@id":"https:\/\/bikefit.lu\/de\/product\/cx333-white-white\/#primaryimage"},"image":{"@id":"https:\/\/bikefit.lu\/de\/product\/cx333-white-white\/#primaryimage"},"thumbnailUrl":"https:\/\/bikefit.lu\/wp-content\/uploads\/2025\/02\/CX333-MICRO-WHT-WHT-FRNT_1800x1800.webp","datePublished":"2025-02-06T17:55:46+00:00","dateModified":"2025-02-06T21:57:46+00:00","breadcrumb":{"@id":"https:\/\/bikefit.lu\/de\/product\/cx333-white-white\/#breadcrumb"},"inLanguage":"de","potentialAction":[{"@type":"ReadAction","target":["https:\/\/bikefit.lu\/de\/product\/cx333-white-white\/"]}]},{"@type":"ImageObject","inLanguage":"de","@id":"https:\/\/bikefit.lu\/de\/product\/cx333-white-white\/#primaryimage","url":"https:\/\/bikefit.lu\/wp-content\/uploads\/2025\/02\/CX333-MICRO-WHT-WHT-FRNT_1800x1800.webp","contentUrl":"https:\/\/bikefit.lu\/wp-content\/uploads\/2025\/02\/CX333-MICRO-WHT-WHT-FRNT_1800x1800.webp","width":1065,"height":756},{"@type":"BreadcrumbList","@id":"https:\/\/bikefit.lu\/de\/product\/cx333-white-white\/#breadcrumb","itemListElement":[{"@type":"ListItem","position":1,"name":"Home","item":"https:\/\/bikefit.lu\/de\/"},{"@type":"ListItem","position":2,"name":"Produkte","item":"https:\/\/bikefit.lu\/de\/shop\/"},{"@type":"ListItem","position":3,"name":"CX333 White\/White"}]},{"@type":"WebSite","@id":"https:\/\/bikefit.lu\/de\/#website","url":"https:\/\/bikefit.lu\/de\/","name":"bikefit.lu","description":"IMPROVING CYCLING","publisher":{"@id":"https:\/\/bikefit.lu\/de\/#\/schema\/person\/379af1263474d2f8cd1f41c2bd90273d"},"potentialAction":[{"@type":"SearchAction","target":{"@type":"EntryPoint","urlTemplate":"https:\/\/bikefit.lu\/de\/?s={search_term_string}"},"query-input":{"@type":"PropertyValueSpecification","valueRequired":true,"valueName":"search_term_string"}}],"inLanguage":"de"},{"@type":["Person","Organization"],"@id":"https:\/\/bikefit.lu\/de\/#\/schema\/person\/379af1263474d2f8cd1f41c2bd90273d","name":"Patrick Guillaume","image":{"@type":"ImageObject","inLanguage":"de","@id":"https:\/\/bikefit.lu\/wp-content\/uploads\/2024\/12\/cropped-bikefit-logoURL-RGB-jpg.jpg","url":"https:\/\/bikefit.lu\/wp-content\/uploads\/2024\/12\/cropped-bikefit-logoURL-RGB-jpg.jpg","contentUrl":"https:\/\/bikefit.lu\/wp-content\/uploads\/2024\/12\/cropped-bikefit-logoURL-RGB-jpg.jpg","width":512,"height":512,"caption":"Patrick Guillaume"},"logo":{"@id":"https:\/\/bikefit.lu\/wp-content\/uploads\/2024\/12\/cropped-bikefit-logoURL-RGB-jpg.jpg"},"sameAs":["https:\/\/bikefit.lu"],"honorificPrefix":"Mr","birthDate":"1966-11-18","gender":"male","knowsAbout":["Bike-fitting"],"knowsLanguage":["English","French","German","Luxembourgish"]}]},"og_availability":"instock","product_availability":"instock","product_condition":"new"},"_links":{"self":[{"href":"https:\/\/bikefit.lu\/de\/wp-json\/wp\/v2\/product\/92873","targetHints":{"allow":["GET"]}}],"collection":[{"href":"https:\/\/bikefit.lu\/de\/wp-json\/wp\/v2\/product"}],"about":[{"href":"https:\/\/bikefit.lu\/de\/wp-json\/wp\/v2\/types\/product"}],"replies":[{"embeddable":true,"href":"https:\/\/bikefit.lu\/de\/wp-json\/wp\/v2\/comments?post=92873"}],"version-history":[{"count":0,"href":"https:\/\/bikefit.lu\/de\/wp-json\/wp\/v2\/product\/92873\/revisions"}],"wp:featuredmedia":[{"embeddable":true,"href":"https:\/\/bikefit.lu\/de\/wp-json\/wp\/v2\/media\/93009"}],"wp:attachment":[{"href":"https:\/\/bikefit.lu\/de\/wp-json\/wp\/v2\/media?parent=92873"}],"wp:term":[{"taxonomy":"product_brand","embeddable":true,"href":"https:\/\/bikefit.lu\/de\/wp-json\/wp\/v2\/product_brand?post=92873"},{"taxonomy":"product_cat","embeddable":true,"href":"https:\/\/bikefit.lu\/de\/wp-json\/wp\/v2\/product_cat?post=92873"},{"taxonomy":"product_tag","embeddable":true,"href":"https:\/\/bikefit.lu\/de\/wp-json\/wp\/v2\/product_tag?post=92873"}],"curies":[{"name":"wp","href":"https:\/\/api.w.org\/{rel}","templated":true}]}}