{"id":94246,"date":"2025-02-10T06:29:38","date_gmt":"2025-02-10T06:29:38","guid":{"rendered":"https:\/\/bikefit.lu\/shop\/unkategorisiert\/bisaddle-hurricane\/"},"modified":"2025-02-10T10:40:00","modified_gmt":"2025-02-10T10:40:00","slug":"bisaddle-hurricane","status":"publish","type":"product","link":"https:\/\/bikefit.lu\/de\/product\/bisaddle-hurricane\/","title":{"rendered":"BiSaddle Hurricane"},"content":{"rendered":"<p><strong>BiSaddle Hurricane \u2013 Pr\u00e4zise Anpassung f\u00fcr h\u00f6chsten Komfort und Leistung<\/strong><\/p>\n<p>Der BiSaddle Hurricane ist f\u00fcr Radfahrer konzipiert, die einen vollst\u00e4ndig einstellbaren Sattel ben\u00f6tigen, um ihre optimale Position zu erreichen. Sein innovatives Design erm\u00f6glicht eine ma\u00dfgeschneiderte Passform, optimiert den Komfort und minimiert Druckpunkte f\u00fcr eine verbesserte Ausdauer und Effizienz. <\/p>\n<p><strong>Wesentliche <span style=\"font-size: 10pt;\">Merkmale<\/span><\/strong><span style=\"font-size: 10pt;\">:<\/span><\/p>\n<p><span style=\"display: inline-block; width: 15px; height: 15px; border-radius: 50%; background-color: #24beed; border: 2px solid black; color: white; text-align: center; line-height: 18px; font-size: 10pt;\">\u2714<\/span> BiSaddle ist der weltweit einzige Sattel mit einstellbarer Form. <strong>(PATENTIERT)<br \/>\n<\/strong><span style=\"display: inline-block; width: 15px; height: 15px; border-radius: 50%; background-color: #24beed; border: 2px solid black; color: white; text-align: center; line-height: 18px; font-size: 10pt;\">\u2714<\/span> Ergonomischer zentraler Ausschnitt: Minimiert den perinealen Druck und verbessert die Durchblutung.<br \/>\n<span style=\"display: inline-block; width: 15px; height: 15px; border-radius: 50%; background-color: #24beed; border: 2px solid black; color: white; text-align: center; line-height: 18px; font-size: 10pt;\">\u2714<\/span> Modulare Form: Einstellbare vordere und hintere Abschnitte f\u00fcr eine personalisierte Passform.<br \/>\n<span style=\"display: inline-block; width: 15px; height: 15px; border-radius: 50%; background-color: #24beed; border: 2px solid black; color: white; text-align: center; line-height: 18px; font-size: 10pt;\">\u2714<\/span> Schaumstoffdicke: 19 mm<br \/>\n<span style=\"display: inline-block; width: 15px; height: 15px; border-radius: 50%; background-color: #24beed; border: 2px solid black; color: white; text-align: center; line-height: 18px; font-size: 10pt;\">\u2714<\/span> Alle Komponenten sind austauschbar, was ihn zum letzten Sattel macht, den Sie jemals kaufen m\u00fcssen.<\/p>\n<p>Der BiSaddle Hurricane ist ideal f\u00fcr Radfahrer, die einen Sattel ben\u00f6tigen, der sich an ihre einzigartige Biomechanik anpasst, sei es f\u00fcr das Training, Rennen oder Langstrecken-Ausdauerfahrten.<\/p>\n<p>\ud83d\udd27 <span style=\"font-size: 14pt;\"><strong>Optimieren Sie Ihre Position. Maximieren Sie Ihre Leistung. <\/strong><\/span><\/p>\n<p><b>Hauptunterscheidungsmerkmale:<\/b><\/p>\n<ul>\n<li style=\"font-weight: 400;\"><span style=\"font-weight: 400;\">\u00dcberlegener Komfort im Vergleich zu s\u00e4mtlichen Konkurrenz-S\u00e4tteln<\/span><\/li>\n<li style=\"font-weight: 400;\"><span style=\"font-weight: 400;\">UCI-L\u00e4ngenkonform<\/span><\/li>\n<li style=\"font-weight: 400;\"><span style=\"font-weight: 400;\">Zeitfahren, Triathlon.Gravel, XC, Stra\u00dfe <\/span><\/li>\n<li style=\"font-weight: 400;\"><span style=\"font-weight: 400;\">Optimal f\u00fcr aerodynamische Position &amp; Entlastung des Weichgewebes<\/span><\/li>\n<\/ul>\n<p><strong>Sattelgewicht (g):<\/strong><\/p>\n<p>Chromoly: 358 \/ Titan: 347 \/ Kohlefaser: 302<\/p>\n<p><strong>Sattell\u00e4nge:<\/strong> 218 mm<\/p>\n","protected":false},"excerpt":{"rendered":"<p><strong>BiSaddle Hurricane &#8211; Einstellbare Passform f\u00fcr maximalen Komfort und Leistung<\/strong><\/p>\n<p>Mit seiner anpassbaren Sitzknochenbreite (100-175 mm) und dem ergonomischen zentralen Ausschnitt bietet der BiSaddle Hurricane eine pr\u00e4zise Passform, reduziert den Druck und optimiert die Beckenausrichtung. Konzipiert f\u00fcr Stra\u00dfen-, Triathlon- und Ausdauerradfahrer, die h\u00f6chsten Komfort suchen, ohne Kompromisse bei der Leistung einzugehen. <\/p>\n<p>\ud83d\udcf9 Sehen Sie sich die Funktionen an<\/p>\n<p><a href=\"https:\/\/www.youtube.com\/watch?v=f97JSjNxCpE\" target=\"_blank\" rel=\"noopener\"><br \/>\n<img fetchpriority=\"high\" decoding=\"async\" src=\"https:\/\/img.youtube.com\/vi\/f97JSjNxCpE\/hqdefault.jpg\" alt=\"Auf YouTube ansehen\" width=\"560\" height=\"315\"><br \/>\n<\/a><\/p>\n<p>\ud83d\udd27 Erfahren Sie, wie man ihn einstellt<\/p>\n<p><a href=\"https:\/\/www.youtube.com\/watch?v=ZWIUm6VF9wk\" target=\"_blank\" rel=\"noopener\"><img decoding=\"async\" src=\"https:\/\/img.youtube.com\/vi\/ZWIUm6VF9wk\/hqdefault.jpg\" alt=\"Einstellungsvideo\"><\/a><\/p>\n","protected":false},"featured_media":94054,"comment_status":"closed","ping_status":"closed","template":"","meta":[],"product_brand":[],"product_cat":[4836,4771,4774,4778],"product_tag":[4984,5657,5088,5110,5125,5164,5182,5179,5194],"class_list":{"0":"post-94246","1":"product","2":"type-product","3":"status-publish","4":"has-post-thumbnail","6":"product_cat-kontaktpunkt-becken","7":"product_cat-offroad-contact-point-pelvis-de","8":"product_cat-road-contact-point-pelvis-de","9":"product_cat-tri-tt-en-de","10":"product_tag-bisaddle-de-2","11":"product_tag-gravel-de","12":"product_tag-mtb-race-de","13":"product_tag-offroad-de","14":"product_tag-road-de","15":"product_tag-saettel","16":"product_tag-triathlon-de","17":"product_tag-ultra-cycling-de","18":"product_tag-zeitfahren","19":"product_shipping_class-large-items-de","21":"first","22":"instock","23":"taxable","24":"shipping-taxable","25":"purchasable","26":"product-type-variable"},"yoast_head":"<!-- This site is optimized with the Yoast SEO Premium plugin v27.3 (Yoast SEO v27.3) - https:\/\/yoast.com\/product\/yoast-seo-premium-wordpress\/ -->\n<title>BiSaddle Hurricane - bikefit.lu<\/title>\n<meta name=\"robots\" content=\"index, follow, max-snippet:-1, max-image-preview:large, max-video-preview:-1\" \/>\n<link rel=\"canonical\" href=\"https:\/\/bikefit.lu\/de\/product\/bisaddle-hurricane\/\" \/>\n<meta property=\"og:locale\" content=\"de_DE\" \/>\n<meta property=\"og:type\" content=\"article\" \/>\n<meta property=\"og:title\" content=\"BiSaddle Hurricane\" \/>\n<meta property=\"og:description\" content=\"BiSaddle Hurricane - Einstellbare Passform f\u00fcr maximalen Komfort und Leistung Mit seiner anpassbaren Sitzknochenbreite (100-175 mm) und dem ergonomischen zentralen Ausschnitt bietet der BiSaddle Hurricane eine pr\u00e4zise Passform, reduziert den Druck und optimiert die Beckenausrichtung. Konzipiert f\u00fcr Stra\u00dfen-, Triathlon- und Ausdauerradfahrer, die h\u00f6chsten Komfort suchen, ohne Kompromisse bei der Leistung einzugehen.  \ud83d\udcf9 Sehen Sie sich die Funktionen an   \ud83d\udd27 Erfahren Sie, wie man ihn einstellt\" \/>\n<meta property=\"og:url\" content=\"https:\/\/bikefit.lu\/de\/product\/bisaddle-hurricane\/\" \/>\n<meta property=\"og:site_name\" content=\"bikefit.lu\" \/>\n<meta property=\"article:modified_time\" content=\"2025-02-10T10:40:00+00:00\" \/>\n<meta property=\"og:image\" content=\"https:\/\/bikefit.lu\/wp-content\/uploads\/2025\/02\/bisaddlesquareHslimtiltTI.jpg\" \/>\n\t<meta property=\"og:image:width\" content=\"1000\" \/>\n\t<meta property=\"og:image:height\" content=\"1000\" \/>\n\t<meta property=\"og:image:type\" content=\"image\/jpeg\" \/>\n<meta name=\"twitter:card\" content=\"summary_large_image\" \/>\n<meta name=\"twitter:label1\" content=\"Verf\u00fcgbarkeit\" \/>\n\t<meta name=\"twitter:data1\" content=\"Auf Lager\" \/>\n<script type=\"application\/ld+json\" class=\"yoast-schema-graph\">{\"@context\":\"https:\\\/\\\/schema.org\",\"@graph\":[{\"@type\":\"WebPage\",\"@id\":\"https:\\\/\\\/bikefit.lu\\\/de\\\/product\\\/bisaddle-hurricane\\\/\",\"url\":\"https:\\\/\\\/bikefit.lu\\\/de\\\/product\\\/bisaddle-hurricane\\\/\",\"name\":\"BiSaddle Hurricane - bikefit.lu\",\"isPartOf\":{\"@id\":\"https:\\\/\\\/bikefit.lu\\\/de\\\/#website\"},\"primaryImageOfPage\":{\"@id\":\"https:\\\/\\\/bikefit.lu\\\/de\\\/product\\\/bisaddle-hurricane\\\/#primaryimage\"},\"image\":{\"@id\":\"https:\\\/\\\/bikefit.lu\\\/de\\\/product\\\/bisaddle-hurricane\\\/#primaryimage\"},\"thumbnailUrl\":\"https:\\\/\\\/bikefit.lu\\\/wp-content\\\/uploads\\\/2025\\\/02\\\/bisaddlesquareHslimtiltTI.jpg\",\"datePublished\":\"2025-02-10T06:29:38+00:00\",\"dateModified\":\"2025-02-10T10:40:00+00:00\",\"breadcrumb\":{\"@id\":\"https:\\\/\\\/bikefit.lu\\\/de\\\/product\\\/bisaddle-hurricane\\\/#breadcrumb\"},\"inLanguage\":\"de\",\"potentialAction\":[{\"@type\":\"ReadAction\",\"target\":[\"https:\\\/\\\/bikefit.lu\\\/de\\\/product\\\/bisaddle-hurricane\\\/\"]}]},{\"@type\":\"ImageObject\",\"inLanguage\":\"de\",\"@id\":\"https:\\\/\\\/bikefit.lu\\\/de\\\/product\\\/bisaddle-hurricane\\\/#primaryimage\",\"url\":\"https:\\\/\\\/bikefit.lu\\\/wp-content\\\/uploads\\\/2025\\\/02\\\/bisaddlesquareHslimtiltTI.jpg\",\"contentUrl\":\"https:\\\/\\\/bikefit.lu\\\/wp-content\\\/uploads\\\/2025\\\/02\\\/bisaddlesquareHslimtiltTI.jpg\",\"width\":1000,\"height\":1000},{\"@type\":\"BreadcrumbList\",\"@id\":\"https:\\\/\\\/bikefit.lu\\\/de\\\/product\\\/bisaddle-hurricane\\\/#breadcrumb\",\"itemListElement\":[{\"@type\":\"ListItem\",\"position\":1,\"name\":\"Home\",\"item\":\"https:\\\/\\\/bikefit.lu\\\/de\\\/\"},{\"@type\":\"ListItem\",\"position\":2,\"name\":\"Produkte\",\"item\":\"https:\\\/\\\/bikefit.lu\\\/de\\\/shop\\\/\"},{\"@type\":\"ListItem\",\"position\":3,\"name\":\"BiSaddle Hurricane\"}]},{\"@type\":\"WebSite\",\"@id\":\"https:\\\/\\\/bikefit.lu\\\/de\\\/#website\",\"url\":\"https:\\\/\\\/bikefit.lu\\\/de\\\/\",\"name\":\"bikefit.lu\",\"description\":\"IMPROVING CYCLING\",\"publisher\":{\"@id\":\"https:\\\/\\\/bikefit.lu\\\/de\\\/#\\\/schema\\\/person\\\/379af1263474d2f8cd1f41c2bd90273d\"},\"potentialAction\":[{\"@type\":\"SearchAction\",\"target\":{\"@type\":\"EntryPoint\",\"urlTemplate\":\"https:\\\/\\\/bikefit.lu\\\/de\\\/?s={search_term_string}\"},\"query-input\":{\"@type\":\"PropertyValueSpecification\",\"valueRequired\":true,\"valueName\":\"search_term_string\"}}],\"inLanguage\":\"de\"},{\"@type\":[\"Person\",\"Organization\"],\"@id\":\"https:\\\/\\\/bikefit.lu\\\/de\\\/#\\\/schema\\\/person\\\/379af1263474d2f8cd1f41c2bd90273d\",\"name\":\"Patrick Guillaume\",\"image\":{\"@type\":\"ImageObject\",\"inLanguage\":\"de\",\"@id\":\"https:\\\/\\\/bikefit.lu\\\/wp-content\\\/uploads\\\/2024\\\/12\\\/cropped-bikefit-logoURL-RGB-jpg.jpg\",\"url\":\"https:\\\/\\\/bikefit.lu\\\/wp-content\\\/uploads\\\/2024\\\/12\\\/cropped-bikefit-logoURL-RGB-jpg.jpg\",\"contentUrl\":\"https:\\\/\\\/bikefit.lu\\\/wp-content\\\/uploads\\\/2024\\\/12\\\/cropped-bikefit-logoURL-RGB-jpg.jpg\",\"width\":512,\"height\":512,\"caption\":\"Patrick Guillaume\"},\"logo\":{\"@id\":\"https:\\\/\\\/bikefit.lu\\\/wp-content\\\/uploads\\\/2024\\\/12\\\/cropped-bikefit-logoURL-RGB-jpg.jpg\"},\"sameAs\":[\"https:\\\/\\\/bikefit.lu\"],\"honorificPrefix\":\"Mr\",\"birthDate\":\"1966-11-18\",\"gender\":\"male\",\"knowsAbout\":[\"Bike-fitting\"],\"knowsLanguage\":[\"English\",\"French\",\"German\",\"Luxembourgish\"]}]}<\/script>\n<meta property=\"og:availability\" content=\"instock\" \/>\n<meta property=\"product:availability\" content=\"instock\" \/>\n<meta property=\"product:condition\" content=\"new\" \/>\n<!-- \/ Yoast SEO Premium plugin. -->","yoast_head_json":{"title":"BiSaddle Hurricane - bikefit.lu","robots":{"index":"index","follow":"follow","max-snippet":"max-snippet:-1","max-image-preview":"max-image-preview:large","max-video-preview":"max-video-preview:-1"},"canonical":"https:\/\/bikefit.lu\/de\/product\/bisaddle-hurricane\/","og_locale":"de_DE","og_type":"article","og_title":"BiSaddle Hurricane","og_description":"BiSaddle Hurricane - Einstellbare Passform f\u00fcr maximalen Komfort und Leistung Mit seiner anpassbaren Sitzknochenbreite (100-175 mm) und dem ergonomischen zentralen Ausschnitt bietet der BiSaddle Hurricane eine pr\u00e4zise Passform, reduziert den Druck und optimiert die Beckenausrichtung. Konzipiert f\u00fcr Stra\u00dfen-, Triathlon- und Ausdauerradfahrer, die h\u00f6chsten Komfort suchen, ohne Kompromisse bei der Leistung einzugehen.  \ud83d\udcf9 Sehen Sie sich die Funktionen an   \ud83d\udd27 Erfahren Sie, wie man ihn einstellt","og_url":"https:\/\/bikefit.lu\/de\/product\/bisaddle-hurricane\/","og_site_name":"bikefit.lu","article_modified_time":"2025-02-10T10:40:00+00:00","og_image":[{"width":1000,"height":1000,"url":"https:\/\/bikefit.lu\/wp-content\/uploads\/2025\/02\/bisaddlesquareHslimtiltTI.jpg","type":"image\/jpeg"}],"twitter_card":"summary_large_image","twitter_misc":{"Verf\u00fcgbarkeit":"Auf Lager"},"schema":{"@context":"https:\/\/schema.org","@graph":[{"@type":"WebPage","@id":"https:\/\/bikefit.lu\/de\/product\/bisaddle-hurricane\/","url":"https:\/\/bikefit.lu\/de\/product\/bisaddle-hurricane\/","name":"BiSaddle Hurricane - bikefit.lu","isPartOf":{"@id":"https:\/\/bikefit.lu\/de\/#website"},"primaryImageOfPage":{"@id":"https:\/\/bikefit.lu\/de\/product\/bisaddle-hurricane\/#primaryimage"},"image":{"@id":"https:\/\/bikefit.lu\/de\/product\/bisaddle-hurricane\/#primaryimage"},"thumbnailUrl":"https:\/\/bikefit.lu\/wp-content\/uploads\/2025\/02\/bisaddlesquareHslimtiltTI.jpg","datePublished":"2025-02-10T06:29:38+00:00","dateModified":"2025-02-10T10:40:00+00:00","breadcrumb":{"@id":"https:\/\/bikefit.lu\/de\/product\/bisaddle-hurricane\/#breadcrumb"},"inLanguage":"de","potentialAction":[{"@type":"ReadAction","target":["https:\/\/bikefit.lu\/de\/product\/bisaddle-hurricane\/"]}]},{"@type":"ImageObject","inLanguage":"de","@id":"https:\/\/bikefit.lu\/de\/product\/bisaddle-hurricane\/#primaryimage","url":"https:\/\/bikefit.lu\/wp-content\/uploads\/2025\/02\/bisaddlesquareHslimtiltTI.jpg","contentUrl":"https:\/\/bikefit.lu\/wp-content\/uploads\/2025\/02\/bisaddlesquareHslimtiltTI.jpg","width":1000,"height":1000},{"@type":"BreadcrumbList","@id":"https:\/\/bikefit.lu\/de\/product\/bisaddle-hurricane\/#breadcrumb","itemListElement":[{"@type":"ListItem","position":1,"name":"Home","item":"https:\/\/bikefit.lu\/de\/"},{"@type":"ListItem","position":2,"name":"Produkte","item":"https:\/\/bikefit.lu\/de\/shop\/"},{"@type":"ListItem","position":3,"name":"BiSaddle Hurricane"}]},{"@type":"WebSite","@id":"https:\/\/bikefit.lu\/de\/#website","url":"https:\/\/bikefit.lu\/de\/","name":"bikefit.lu","description":"IMPROVING CYCLING","publisher":{"@id":"https:\/\/bikefit.lu\/de\/#\/schema\/person\/379af1263474d2f8cd1f41c2bd90273d"},"potentialAction":[{"@type":"SearchAction","target":{"@type":"EntryPoint","urlTemplate":"https:\/\/bikefit.lu\/de\/?s={search_term_string}"},"query-input":{"@type":"PropertyValueSpecification","valueRequired":true,"valueName":"search_term_string"}}],"inLanguage":"de"},{"@type":["Person","Organization"],"@id":"https:\/\/bikefit.lu\/de\/#\/schema\/person\/379af1263474d2f8cd1f41c2bd90273d","name":"Patrick Guillaume","image":{"@type":"ImageObject","inLanguage":"de","@id":"https:\/\/bikefit.lu\/wp-content\/uploads\/2024\/12\/cropped-bikefit-logoURL-RGB-jpg.jpg","url":"https:\/\/bikefit.lu\/wp-content\/uploads\/2024\/12\/cropped-bikefit-logoURL-RGB-jpg.jpg","contentUrl":"https:\/\/bikefit.lu\/wp-content\/uploads\/2024\/12\/cropped-bikefit-logoURL-RGB-jpg.jpg","width":512,"height":512,"caption":"Patrick Guillaume"},"logo":{"@id":"https:\/\/bikefit.lu\/wp-content\/uploads\/2024\/12\/cropped-bikefit-logoURL-RGB-jpg.jpg"},"sameAs":["https:\/\/bikefit.lu"],"honorificPrefix":"Mr","birthDate":"1966-11-18","gender":"male","knowsAbout":["Bike-fitting"],"knowsLanguage":["English","French","German","Luxembourgish"]}]},"og_availability":"instock","product_availability":"instock","product_condition":"new"},"_links":{"self":[{"href":"https:\/\/bikefit.lu\/de\/wp-json\/wp\/v2\/product\/94246","targetHints":{"allow":["GET"]}}],"collection":[{"href":"https:\/\/bikefit.lu\/de\/wp-json\/wp\/v2\/product"}],"about":[{"href":"https:\/\/bikefit.lu\/de\/wp-json\/wp\/v2\/types\/product"}],"replies":[{"embeddable":true,"href":"https:\/\/bikefit.lu\/de\/wp-json\/wp\/v2\/comments?post=94246"}],"version-history":[{"count":0,"href":"https:\/\/bikefit.lu\/de\/wp-json\/wp\/v2\/product\/94246\/revisions"}],"wp:featuredmedia":[{"embeddable":true,"href":"https:\/\/bikefit.lu\/de\/wp-json\/wp\/v2\/media\/94054"}],"wp:attachment":[{"href":"https:\/\/bikefit.lu\/de\/wp-json\/wp\/v2\/media?parent=94246"}],"wp:term":[{"taxonomy":"product_brand","embeddable":true,"href":"https:\/\/bikefit.lu\/de\/wp-json\/wp\/v2\/product_brand?post=94246"},{"taxonomy":"product_cat","embeddable":true,"href":"https:\/\/bikefit.lu\/de\/wp-json\/wp\/v2\/product_cat?post=94246"},{"taxonomy":"product_tag","embeddable":true,"href":"https:\/\/bikefit.lu\/de\/wp-json\/wp\/v2\/product_tag?post=94246"}],"curies":[{"name":"wp","href":"https:\/\/api.w.org\/{rel}","templated":true}]}}