{"id":94262,"date":"2025-02-09T14:17:37","date_gmt":"2025-02-09T14:17:37","guid":{"rendered":"https:\/\/bikefit.lu\/shop\/unkategorisiert\/bisaddle-ext-sprint-road\/"},"modified":"2025-02-10T10:40:07","modified_gmt":"2025-02-10T10:40:07","slug":"bisaddle-ext-sprint-road","status":"publish","type":"product","link":"https:\/\/bikefit.lu\/de\/product\/bisaddle-ext-sprint-road\/","title":{"rendered":"Bisaddle EXT Sprint Road"},"content":{"rendered":"<p><strong>BiSaddle EXT Sprint Road \u2013 Pr\u00e4zisionspassform f\u00fcr optimale Leistung<\/strong><\/p>\n<p>Der BiSaddle EXT Sprint Road, konzipiert f\u00fcr Radfahrer, die eine vollst\u00e4ndig anpassbare Position verlangen, definiert die Sattelergonomie neu. Sein innovatives Design erm\u00f6glicht eine ma\u00dfgeschneiderte Passform, die eine optimale Druckverteilung und maximalen Komfort selbst bei langen Fahrten gew\u00e4hrleistet. <\/p>\n<p><strong>Wesentliche <span style=\"font-size: 10pt;\">Merkmale<\/span><\/strong><span style=\"font-size: 10pt;\">:<\/span><\/p>\n<p><span style=\"display: inline-block; width: 15px; height: 15px; border-radius: 50%; background-color: #24beed; border: 2px solid black; color: white; text-align: center; line-height: 18px; font-size: 10pt;\">\u2714<\/span> BiSaddle ist der weltweit einzige Sattel mit einstellbarer Form. <strong>(PATENTIERT)<br \/>\n<\/strong><span style=\"display: inline-block; width: 15px; height: 15px; border-radius: 50%; background-color: #24beed; border: 2px solid black; color: white; text-align: center; line-height: 18px; font-size: 10pt;\">\u2714<\/span> Ergonomischer Mittelkanal: Reduziert den Druck auf den Dammbereich und verbessert die Durchblutung.<br \/>\n<span style=\"display: inline-block; width: 15px; height: 15px; border-radius: 50%; background-color: #24beed; border: 2px solid black; color: white; text-align: center; line-height: 18px; font-size: 10pt;\">\u2714<\/span> Modulares Design \u2013 Fein abgestimmte Einstellung an Vorder- und R\u00fcckseite f\u00fcr optimale Unterst\u00fctzung.<br \/>\n<span style=\"display: inline-block; width: 15px; height: 15px; border-radius: 50%; background-color: #24beed; border: 2px solid black; color: white; text-align: center; line-height: 18px; font-size: 10pt;\">\u2714<\/span> Schaumstoffdicke: 26 mm<br \/>\n<span style=\"display: inline-block; width: 15px; height: 15px; border-radius: 50%; background-color: #24beed; border: 2px solid black; color: white; text-align: center; line-height: 18px; font-size: 10pt;\">\u2714<\/span> Alle Komponenten sind austauschbar, was ihn zum letzten Sattel macht, den Sie jemals kaufen m\u00fcssen.<\/p>\n<p>Der BiSaddle EXT Sprint Road ist ideal f\u00fcr Fahrer, die die ultimative Balance zwischen Komfort und Leistung suchen, sei es f\u00fcr das Training oder Rennen.<\/p>\n<p>\ud83d\udd27 <span style=\"font-size: 14pt;\"><strong>Optimieren Sie Ihre Position. Maximieren Sie Ihre Leistung. <\/strong><\/span><\/p>\n<p><b>Hauptunterscheidungsmerkmale:<\/b><\/p>\n<ul>\n<li style=\"font-weight: 400;\"><span style=\"font-weight: 400;\">Am besten geeignet zur Reduzierung von Oberschenkelreibung<\/span><\/li>\n<li style=\"font-weight: 400;\"><span style=\"font-weight: 400;\">UCI-L\u00e4ngenkonform<\/span><\/li>\n<li style=\"font-weight: 400;\"><span style=\"font-weight: 400;\">Zeitfahren, Triathlon, E-Bike, Stra\u00dfenrad. <\/span><\/li>\n<li style=\"font-weight: 400;\"><span style=\"font-weight: 400;\">Optimal f\u00fcr aerodynamische Position &amp; Entlastung des Weichgewebes<\/span><\/li>\n<\/ul>\n<p><strong>Sattelgewicht (g):<\/strong><\/p>\n<p>Chromoly: 440 \/ Titan: 429 \/ Kohlefaser: 391<\/p>\n<p><strong>Sattell\u00e4nge:<\/strong> 243 mm<\/p>\n","protected":false},"excerpt":{"rendered":"<h2><span style=\"font-size: 14pt;\"><strong>BiSaddle EXT Sprint Road &#8211; Anpassbarer Komfort und Leistung<\/strong><\/span><\/h2>\n<p>Mit seiner anpassbaren Sitzknochenweiteneinstellung (100-175 mm) und dem ergonomischen zentralen Kanal bietet der BiSaddle EXT Sprint Road eine pr\u00e4zise Passform, reduziert den Druck und optimiert die Beckenausrichtung. Ideal f\u00fcr Radfahrer, die maximalen Komfort suchen, ohne Kompromisse bei der Leistung einzugehen. <\/p>\n<p>\ud83d\udd27 Erfahren Sie, wie man ihn einstellt<\/p>\n<p><a href=\"https:\/\/www.youtube.com\/watch?v=ZWIUm6VF9wk\" target=\"_blank\" rel=\"noopener\"><img decoding=\"async\" src=\"https:\/\/img.youtube.com\/vi\/ZWIUm6VF9wk\/hqdefault.jpg\" alt=\"Einstellungsvideo\"><\/a><\/p>\n","protected":false},"featured_media":94007,"comment_status":"closed","ping_status":"closed","template":"","meta":[],"product_brand":[],"product_cat":[4836,4771,4774,4778],"product_tag":[4984,5680,5088,5125,5164,5182,5179,5194],"class_list":{"0":"post-94262","1":"product","2":"type-product","3":"status-publish","4":"has-post-thumbnail","6":"product_cat-kontaktpunkt-becken","7":"product_cat-offroad-contact-point-pelvis-de","8":"product_cat-road-contact-point-pelvis-de","9":"product_cat-tri-tt-en-de","10":"product_tag-bisaddle-de-2","11":"product_tag-e-bike-de","12":"product_tag-mtb-race-de","13":"product_tag-road-de","14":"product_tag-saettel","15":"product_tag-triathlon-de","16":"product_tag-ultra-cycling-de","17":"product_tag-zeitfahren","18":"product_shipping_class-large-items-de","20":"first","21":"instock","22":"taxable","23":"shipping-taxable","24":"purchasable","25":"product-type-variable"},"yoast_head":"<!-- This site is optimized with the Yoast SEO Premium plugin v27.3 (Yoast SEO v27.3) - https:\/\/yoast.com\/product\/yoast-seo-premium-wordpress\/ -->\n<title>Bisaddle EXT Sprint Road - bikefit.lu<\/title>\n<meta name=\"robots\" content=\"index, follow, max-snippet:-1, max-image-preview:large, max-video-preview:-1\" \/>\n<link rel=\"canonical\" href=\"https:\/\/bikefit.lu\/de\/product\/bisaddle-ext-sprint-road\/\" \/>\n<meta property=\"og:locale\" content=\"de_DE\" \/>\n<meta property=\"og:type\" content=\"article\" \/>\n<meta property=\"og:title\" content=\"Bisaddle EXT Sprint Road\" \/>\n<meta property=\"og:description\" content=\"BiSaddle EXT Sprint Road - Anpassbarer Komfort und Leistung Mit seiner anpassbaren Sitzknochenweiteneinstellung (100-175 mm) und dem ergonomischen zentralen Kanal bietet der BiSaddle EXT Sprint Road eine pr\u00e4zise Passform, reduziert den Druck und optimiert die Beckenausrichtung. Ideal f\u00fcr Radfahrer, die maximalen Komfort suchen, ohne Kompromisse bei der Leistung einzugehen.  \ud83d\udd27 Erfahren Sie, wie man ihn einstellt\" \/>\n<meta property=\"og:url\" content=\"https:\/\/bikefit.lu\/de\/product\/bisaddle-ext-sprint-road\/\" \/>\n<meta property=\"og:site_name\" content=\"bikefit.lu\" \/>\n<meta property=\"article:modified_time\" content=\"2025-02-10T10:40:07+00:00\" \/>\n<meta property=\"og:image\" content=\"https:\/\/bikefit.lu\/wp-content\/uploads\/2025\/02\/bisaddle-sprint-titanium.jpg\" \/>\n\t<meta property=\"og:image:width\" content=\"1000\" \/>\n\t<meta property=\"og:image:height\" content=\"1000\" \/>\n\t<meta property=\"og:image:type\" content=\"image\/jpeg\" \/>\n<meta name=\"twitter:card\" content=\"summary_large_image\" \/>\n<meta name=\"twitter:label1\" content=\"Verf\u00fcgbarkeit\" \/>\n\t<meta name=\"twitter:data1\" content=\"Auf Lager\" \/>\n<script type=\"application\/ld+json\" class=\"yoast-schema-graph\">{\"@context\":\"https:\\\/\\\/schema.org\",\"@graph\":[{\"@type\":\"WebPage\",\"@id\":\"https:\\\/\\\/bikefit.lu\\\/de\\\/product\\\/bisaddle-ext-sprint-road\\\/\",\"url\":\"https:\\\/\\\/bikefit.lu\\\/de\\\/product\\\/bisaddle-ext-sprint-road\\\/\",\"name\":\"Bisaddle EXT Sprint Road - bikefit.lu\",\"isPartOf\":{\"@id\":\"https:\\\/\\\/bikefit.lu\\\/de\\\/#website\"},\"primaryImageOfPage\":{\"@id\":\"https:\\\/\\\/bikefit.lu\\\/de\\\/product\\\/bisaddle-ext-sprint-road\\\/#primaryimage\"},\"image\":{\"@id\":\"https:\\\/\\\/bikefit.lu\\\/de\\\/product\\\/bisaddle-ext-sprint-road\\\/#primaryimage\"},\"thumbnailUrl\":\"https:\\\/\\\/bikefit.lu\\\/wp-content\\\/uploads\\\/2025\\\/02\\\/bisaddle-sprint-titanium.jpg\",\"datePublished\":\"2025-02-09T14:17:37+00:00\",\"dateModified\":\"2025-02-10T10:40:07+00:00\",\"breadcrumb\":{\"@id\":\"https:\\\/\\\/bikefit.lu\\\/de\\\/product\\\/bisaddle-ext-sprint-road\\\/#breadcrumb\"},\"inLanguage\":\"de\",\"potentialAction\":[{\"@type\":\"ReadAction\",\"target\":[\"https:\\\/\\\/bikefit.lu\\\/de\\\/product\\\/bisaddle-ext-sprint-road\\\/\"]}]},{\"@type\":\"ImageObject\",\"inLanguage\":\"de\",\"@id\":\"https:\\\/\\\/bikefit.lu\\\/de\\\/product\\\/bisaddle-ext-sprint-road\\\/#primaryimage\",\"url\":\"https:\\\/\\\/bikefit.lu\\\/wp-content\\\/uploads\\\/2025\\\/02\\\/bisaddle-sprint-titanium.jpg\",\"contentUrl\":\"https:\\\/\\\/bikefit.lu\\\/wp-content\\\/uploads\\\/2025\\\/02\\\/bisaddle-sprint-titanium.jpg\",\"width\":1000,\"height\":1000},{\"@type\":\"BreadcrumbList\",\"@id\":\"https:\\\/\\\/bikefit.lu\\\/de\\\/product\\\/bisaddle-ext-sprint-road\\\/#breadcrumb\",\"itemListElement\":[{\"@type\":\"ListItem\",\"position\":1,\"name\":\"Home\",\"item\":\"https:\\\/\\\/bikefit.lu\\\/de\\\/\"},{\"@type\":\"ListItem\",\"position\":2,\"name\":\"Produkte\",\"item\":\"https:\\\/\\\/bikefit.lu\\\/de\\\/shop\\\/\"},{\"@type\":\"ListItem\",\"position\":3,\"name\":\"Bisaddle EXT Sprint Road\"}]},{\"@type\":\"WebSite\",\"@id\":\"https:\\\/\\\/bikefit.lu\\\/de\\\/#website\",\"url\":\"https:\\\/\\\/bikefit.lu\\\/de\\\/\",\"name\":\"bikefit.lu\",\"description\":\"IMPROVING CYCLING\",\"publisher\":{\"@id\":\"https:\\\/\\\/bikefit.lu\\\/de\\\/#\\\/schema\\\/person\\\/379af1263474d2f8cd1f41c2bd90273d\"},\"potentialAction\":[{\"@type\":\"SearchAction\",\"target\":{\"@type\":\"EntryPoint\",\"urlTemplate\":\"https:\\\/\\\/bikefit.lu\\\/de\\\/?s={search_term_string}\"},\"query-input\":{\"@type\":\"PropertyValueSpecification\",\"valueRequired\":true,\"valueName\":\"search_term_string\"}}],\"inLanguage\":\"de\"},{\"@type\":[\"Person\",\"Organization\"],\"@id\":\"https:\\\/\\\/bikefit.lu\\\/de\\\/#\\\/schema\\\/person\\\/379af1263474d2f8cd1f41c2bd90273d\",\"name\":\"Patrick Guillaume\",\"image\":{\"@type\":\"ImageObject\",\"inLanguage\":\"de\",\"@id\":\"https:\\\/\\\/bikefit.lu\\\/wp-content\\\/uploads\\\/2024\\\/12\\\/cropped-bikefit-logoURL-RGB-jpg.jpg\",\"url\":\"https:\\\/\\\/bikefit.lu\\\/wp-content\\\/uploads\\\/2024\\\/12\\\/cropped-bikefit-logoURL-RGB-jpg.jpg\",\"contentUrl\":\"https:\\\/\\\/bikefit.lu\\\/wp-content\\\/uploads\\\/2024\\\/12\\\/cropped-bikefit-logoURL-RGB-jpg.jpg\",\"width\":512,\"height\":512,\"caption\":\"Patrick Guillaume\"},\"logo\":{\"@id\":\"https:\\\/\\\/bikefit.lu\\\/wp-content\\\/uploads\\\/2024\\\/12\\\/cropped-bikefit-logoURL-RGB-jpg.jpg\"},\"sameAs\":[\"https:\\\/\\\/bikefit.lu\"],\"honorificPrefix\":\"Mr\",\"birthDate\":\"1966-11-18\",\"gender\":\"male\",\"knowsAbout\":[\"Bike-fitting\"],\"knowsLanguage\":[\"English\",\"French\",\"German\",\"Luxembourgish\"]}]}<\/script>\n<meta property=\"og:availability\" content=\"instock\" \/>\n<meta property=\"product:availability\" content=\"instock\" \/>\n<meta property=\"product:condition\" content=\"new\" \/>\n<!-- \/ Yoast SEO Premium plugin. -->","yoast_head_json":{"title":"Bisaddle EXT Sprint Road - bikefit.lu","robots":{"index":"index","follow":"follow","max-snippet":"max-snippet:-1","max-image-preview":"max-image-preview:large","max-video-preview":"max-video-preview:-1"},"canonical":"https:\/\/bikefit.lu\/de\/product\/bisaddle-ext-sprint-road\/","og_locale":"de_DE","og_type":"article","og_title":"Bisaddle EXT Sprint Road","og_description":"BiSaddle EXT Sprint Road - Anpassbarer Komfort und Leistung Mit seiner anpassbaren Sitzknochenweiteneinstellung (100-175 mm) und dem ergonomischen zentralen Kanal bietet der BiSaddle EXT Sprint Road eine pr\u00e4zise Passform, reduziert den Druck und optimiert die Beckenausrichtung. Ideal f\u00fcr Radfahrer, die maximalen Komfort suchen, ohne Kompromisse bei der Leistung einzugehen.  \ud83d\udd27 Erfahren Sie, wie man ihn einstellt","og_url":"https:\/\/bikefit.lu\/de\/product\/bisaddle-ext-sprint-road\/","og_site_name":"bikefit.lu","article_modified_time":"2025-02-10T10:40:07+00:00","og_image":[{"width":1000,"height":1000,"url":"https:\/\/bikefit.lu\/wp-content\/uploads\/2025\/02\/bisaddle-sprint-titanium.jpg","type":"image\/jpeg"}],"twitter_card":"summary_large_image","twitter_misc":{"Verf\u00fcgbarkeit":"Auf Lager"},"schema":{"@context":"https:\/\/schema.org","@graph":[{"@type":"WebPage","@id":"https:\/\/bikefit.lu\/de\/product\/bisaddle-ext-sprint-road\/","url":"https:\/\/bikefit.lu\/de\/product\/bisaddle-ext-sprint-road\/","name":"Bisaddle EXT Sprint Road - bikefit.lu","isPartOf":{"@id":"https:\/\/bikefit.lu\/de\/#website"},"primaryImageOfPage":{"@id":"https:\/\/bikefit.lu\/de\/product\/bisaddle-ext-sprint-road\/#primaryimage"},"image":{"@id":"https:\/\/bikefit.lu\/de\/product\/bisaddle-ext-sprint-road\/#primaryimage"},"thumbnailUrl":"https:\/\/bikefit.lu\/wp-content\/uploads\/2025\/02\/bisaddle-sprint-titanium.jpg","datePublished":"2025-02-09T14:17:37+00:00","dateModified":"2025-02-10T10:40:07+00:00","breadcrumb":{"@id":"https:\/\/bikefit.lu\/de\/product\/bisaddle-ext-sprint-road\/#breadcrumb"},"inLanguage":"de","potentialAction":[{"@type":"ReadAction","target":["https:\/\/bikefit.lu\/de\/product\/bisaddle-ext-sprint-road\/"]}]},{"@type":"ImageObject","inLanguage":"de","@id":"https:\/\/bikefit.lu\/de\/product\/bisaddle-ext-sprint-road\/#primaryimage","url":"https:\/\/bikefit.lu\/wp-content\/uploads\/2025\/02\/bisaddle-sprint-titanium.jpg","contentUrl":"https:\/\/bikefit.lu\/wp-content\/uploads\/2025\/02\/bisaddle-sprint-titanium.jpg","width":1000,"height":1000},{"@type":"BreadcrumbList","@id":"https:\/\/bikefit.lu\/de\/product\/bisaddle-ext-sprint-road\/#breadcrumb","itemListElement":[{"@type":"ListItem","position":1,"name":"Home","item":"https:\/\/bikefit.lu\/de\/"},{"@type":"ListItem","position":2,"name":"Produkte","item":"https:\/\/bikefit.lu\/de\/shop\/"},{"@type":"ListItem","position":3,"name":"Bisaddle EXT Sprint Road"}]},{"@type":"WebSite","@id":"https:\/\/bikefit.lu\/de\/#website","url":"https:\/\/bikefit.lu\/de\/","name":"bikefit.lu","description":"IMPROVING CYCLING","publisher":{"@id":"https:\/\/bikefit.lu\/de\/#\/schema\/person\/379af1263474d2f8cd1f41c2bd90273d"},"potentialAction":[{"@type":"SearchAction","target":{"@type":"EntryPoint","urlTemplate":"https:\/\/bikefit.lu\/de\/?s={search_term_string}"},"query-input":{"@type":"PropertyValueSpecification","valueRequired":true,"valueName":"search_term_string"}}],"inLanguage":"de"},{"@type":["Person","Organization"],"@id":"https:\/\/bikefit.lu\/de\/#\/schema\/person\/379af1263474d2f8cd1f41c2bd90273d","name":"Patrick Guillaume","image":{"@type":"ImageObject","inLanguage":"de","@id":"https:\/\/bikefit.lu\/wp-content\/uploads\/2024\/12\/cropped-bikefit-logoURL-RGB-jpg.jpg","url":"https:\/\/bikefit.lu\/wp-content\/uploads\/2024\/12\/cropped-bikefit-logoURL-RGB-jpg.jpg","contentUrl":"https:\/\/bikefit.lu\/wp-content\/uploads\/2024\/12\/cropped-bikefit-logoURL-RGB-jpg.jpg","width":512,"height":512,"caption":"Patrick Guillaume"},"logo":{"@id":"https:\/\/bikefit.lu\/wp-content\/uploads\/2024\/12\/cropped-bikefit-logoURL-RGB-jpg.jpg"},"sameAs":["https:\/\/bikefit.lu"],"honorificPrefix":"Mr","birthDate":"1966-11-18","gender":"male","knowsAbout":["Bike-fitting"],"knowsLanguage":["English","French","German","Luxembourgish"]}]},"og_availability":"instock","product_availability":"instock","product_condition":"new"},"_links":{"self":[{"href":"https:\/\/bikefit.lu\/de\/wp-json\/wp\/v2\/product\/94262","targetHints":{"allow":["GET"]}}],"collection":[{"href":"https:\/\/bikefit.lu\/de\/wp-json\/wp\/v2\/product"}],"about":[{"href":"https:\/\/bikefit.lu\/de\/wp-json\/wp\/v2\/types\/product"}],"replies":[{"embeddable":true,"href":"https:\/\/bikefit.lu\/de\/wp-json\/wp\/v2\/comments?post=94262"}],"version-history":[{"count":0,"href":"https:\/\/bikefit.lu\/de\/wp-json\/wp\/v2\/product\/94262\/revisions"}],"wp:featuredmedia":[{"embeddable":true,"href":"https:\/\/bikefit.lu\/de\/wp-json\/wp\/v2\/media\/94007"}],"wp:attachment":[{"href":"https:\/\/bikefit.lu\/de\/wp-json\/wp\/v2\/media?parent=94262"}],"wp:term":[{"taxonomy":"product_brand","embeddable":true,"href":"https:\/\/bikefit.lu\/de\/wp-json\/wp\/v2\/product_brand?post=94262"},{"taxonomy":"product_cat","embeddable":true,"href":"https:\/\/bikefit.lu\/de\/wp-json\/wp\/v2\/product_cat?post=94262"},{"taxonomy":"product_tag","embeddable":true,"href":"https:\/\/bikefit.lu\/de\/wp-json\/wp\/v2\/product_tag?post=94262"}],"curies":[{"name":"wp","href":"https:\/\/api.w.org\/{rel}","templated":true}]}}