{"id":95251,"date":"2025-04-13T19:17:13","date_gmt":"2025-04-13T17:17:13","guid":{"rendered":"https:\/\/bikefit.lu\/shop\/unkategorisiert\/form-zusaetzlicher-erhoehungskitfuer-v2-mtb-ausgleichsplatte\/"},"modified":"2026-02-01T16:39:37","modified_gmt":"2026-02-01T15:39:37","slug":"form-zusaetzlicher-erhoehungskitfuer-v2-mtb-ausgleichsplatte","status":"publish","type":"product","link":"https:\/\/bikefit.lu\/de\/product\/form-zusaetzlicher-erhoehungskitfuer-v2-mtb-ausgleichsplatte\/","title":{"rendered":"FORM\u00ae zus\u00e4tzlicher Erh\u00f6hungskit f\u00fcr V2 MTB-Ausgleichsplatte"},"content":{"rendered":"<p><strong>ANWENDUNGSKRITERIEN<\/strong><\/p>\n<p>Beinl\u00e4ngendistanzscheiben werden verwendet, um die effektive Beinl\u00e4nge eines k\u00fcrzeren Beins zu vergr\u00f6\u00dfern, wenn ein Radfahrer unter einer Beinl\u00e4ngendiskrepanz leidet. Anzeichen f\u00fcr eine Diskrepanz k\u00f6nnen sein:<\/p>\n<p><strong>a) einseitige \u00dcberstreckung am unteren Ende des Pedalwegs<br \/>\n<\/strong><strong>b) das Becken gekippt oder der Fahrer lehnt sich zu einer Seite des Sattels, um die Verbindung zu den Pedalen zu halten<br \/>\n<\/strong><strong>c) ein Bein f\u00fchlt sich zu wenig gestreckt an, w\u00e4hrend sich das andere genau richtig anf\u00fchlt<\/strong><\/p>\n<p>Wenn bei einem Fahrer eine Diskrepanz festgestellt wurde, k\u00f6nnen die oben genannten Probleme durch die Verwendung von Beinl\u00e4ngenunterlegscheiben gel\u00f6st werden. Das Shimming sorgt f\u00fcr eine gleichm\u00e4\u00dfigere Beinstreckung, stabilisiert das Becken und f\u00fchrt zu einem gleichm\u00e4\u00dfigeren und kontrollierteren Pedaltritt. <\/p>\n<p><em><strong>* Das V2 Shim ist kompatibel mit allen MTB-Style Cleats, einschlie\u00dflich SPD, Time ATAC, Crank Bros und Look X-Track.<\/strong><\/em><\/p>\n","protected":false},"excerpt":{"rendered":"<p id=\"isPasted\" class=\"ai-optimize-42\">Das FORM-Erh\u00f6hungskitsystem wurde entwickelt, um die H\u00f6he der V2 walkable MTB-Ausgleichsplatte zu erweitern und Stapelh\u00f6henanforderungen \u00fcber den Standardbereich von 3-6 mm hinaus zu erf\u00fcllen. Das Kit ersetzt den standardm\u00e4\u00dfigen 2-mm-Erh\u00f6her, der mit der Ausgleichsplatte geliefert wird, durch einen Erh\u00f6her mit erweiterter H\u00f6he PLUS einem optionalen zus\u00e4tzlichen 2-mm-Clip-on-Abstandhalter-Set. <\/p>\n<p class=\"ai-optimize-43\">&#8211; Kit 1 bietet in Kombination mit der 3-mm-Basisausgleichsplatte und dem 1-mm-Abstandhalter zwischen 7-10 mm.<\/p>\n<p class=\"ai-optimize-44\">&#8211; Kit 2 bietet in Kombination mit der 3-mm-Basisausgleichsplatte und dem 1-mm-Abstandhalter zwischen 11-14 mm.<\/p>\n<p class=\"ai-optimize-45\"><strong>Kit beinhaltet: <\/strong><\/p>\n<ul>\n<li class=\"ai-optimize-46\"><strong>4\/6mm kit <\/strong>(7-10mm total): 4mm stacker \/ 2mm spacer set \/ cleat plate \/ shim screws \/ cleat screws<\/li>\n<li class=\"ai-optimize-47\"><strong>8\/10-mm-Kit <\/strong>(11-14 mm insgesamt): 8-mm-Erh\u00f6her \/ 2-mm-Abstandhalter-Set \/ Cleatkontaktplatte \/ Ausgleichsplattenschrauben \/ Cleatschrauben<\/li>\n<\/ul>\n<p class=\"ai-optimize-48\"><em>*Bitte beachten Sie: Dieses Kit enth\u00e4lt nicht die Ausgleichsplatte selbst, diese muss separat erworben werden. Montageanweisungen finden Sie im Bildkarussell. <\/em><\/p>\n","protected":false},"featured_media":95027,"comment_status":"closed","ping_status":"closed","template":"","meta":[],"product_brand":[],"product_cat":[4831,4782],"product_tag":[5053,5110,5105],"class_list":{"0":"post-95251","1":"product","2":"type-product","3":"status-publish","4":"has-post-thumbnail","6":"product_cat-foot-pedal-interface-de","7":"product_cat-offroad-de-2","8":"product_tag-form-de","9":"product_tag-offroad-de","10":"product_tag-shims-de","11":"product_shipping_class-format-s-de","12":"pa_stack-4-6-mm-de","13":"pa_stack-8-10-mm-de","15":"first","16":"instock","17":"taxable","18":"shipping-taxable","19":"purchasable","20":"product-type-variable"},"yoast_head":"<!-- This site is optimized with the Yoast SEO Premium plugin v27.3 (Yoast SEO v27.3) - https:\/\/yoast.com\/product\/yoast-seo-premium-wordpress\/ -->\n<title>FORM\u00ae zus\u00e4tzlicher Erh\u00f6hungskit f\u00fcr V2 MTB-Ausgleichsplatte - bikefit.lu<\/title>\n<meta name=\"robots\" content=\"index, follow, max-snippet:-1, max-image-preview:large, max-video-preview:-1\" \/>\n<link rel=\"canonical\" href=\"https:\/\/bikefit.lu\/de\/product\/form-zusaetzlicher-erhoehungskitfuer-v2-mtb-ausgleichsplatte\/\" \/>\n<meta property=\"og:locale\" content=\"de_DE\" \/>\n<meta property=\"og:type\" content=\"article\" \/>\n<meta property=\"og:title\" content=\"FORM\u00ae zus\u00e4tzlicher Erh\u00f6hungskit f\u00fcr V2 MTB-Ausgleichsplatte\" \/>\n<meta property=\"og:description\" content=\"Das FORM-Erh\u00f6hungskitsystem wurde entwickelt, um die H\u00f6he der V2 walkable MTB-Ausgleichsplatte zu erweitern und Stapelh\u00f6henanforderungen \u00fcber den Standardbereich von 3-6 mm hinaus zu erf\u00fcllen. Das Kit ersetzt den standardm\u00e4\u00dfigen 2-mm-Erh\u00f6her, der mit der Ausgleichsplatte geliefert wird, durch einen Erh\u00f6her mit erweiterter H\u00f6he PLUS einem optionalen zus\u00e4tzlichen 2-mm-Clip-on-Abstandhalter-Set. - Kit 1 bietet in Kombination mit der 3-mm-Basisausgleichsplatte und dem 1-mm-Abstandhalter zwischen 7-10 mm. - Kit 2 bietet in Kombination mit der 3-mm-Basisausgleichsplatte und dem 1-mm-Abstandhalter zwischen 11-14 mm. Kit beinhaltet:   4\/6mm kit (7-10mm total): 4mm stacker \/ 2mm spacer set \/ cleat plate \/ shim screws \/ cleat screws  8\/10-mm-Kit (11-14 mm insgesamt): 8-mm-Erh\u00f6her \/ 2-mm-Abstandhalter-Set \/ Cleatkontaktplatte \/ Ausgleichsplattenschrauben \/ Cleatschrauben *Bitte beachten Sie: Dieses Kit enth\u00e4lt nicht die Ausgleichsplatte selbst, diese muss separat erworben werden. Montageanweisungen finden Sie im Bildkarussell.\" \/>\n<meta property=\"og:url\" content=\"https:\/\/bikefit.lu\/de\/product\/form-zusaetzlicher-erhoehungskitfuer-v2-mtb-ausgleichsplatte\/\" \/>\n<meta property=\"og:site_name\" content=\"bikefit.lu\" \/>\n<meta property=\"article:modified_time\" content=\"2026-02-01T15:39:37+00:00\" \/>\n<meta property=\"og:image\" content=\"https:\/\/bikefit.lu\/wp-content\/uploads\/2025\/04\/8mm-exploded.webp\" \/>\n\t<meta property=\"og:image:width\" content=\"1772\" \/>\n\t<meta property=\"og:image:height\" content=\"1772\" \/>\n\t<meta property=\"og:image:type\" content=\"image\/webp\" \/>\n<meta name=\"twitter:card\" content=\"summary_large_image\" \/>\n<meta name=\"twitter:label1\" content=\"Verf\u00fcgbarkeit\" \/>\n\t<meta name=\"twitter:data1\" content=\"Auf Lager\" \/>\n<script type=\"application\/ld+json\" class=\"yoast-schema-graph\">{\"@context\":\"https:\\\/\\\/schema.org\",\"@graph\":[{\"@type\":\"WebPage\",\"@id\":\"https:\\\/\\\/bikefit.lu\\\/de\\\/product\\\/form-zusaetzlicher-erhoehungskitfuer-v2-mtb-ausgleichsplatte\\\/\",\"url\":\"https:\\\/\\\/bikefit.lu\\\/de\\\/product\\\/form-zusaetzlicher-erhoehungskitfuer-v2-mtb-ausgleichsplatte\\\/\",\"name\":\"FORM\u00ae zus\u00e4tzlicher Erh\u00f6hungskit f\u00fcr V2 MTB-Ausgleichsplatte - bikefit.lu\",\"isPartOf\":{\"@id\":\"https:\\\/\\\/bikefit.lu\\\/de\\\/#website\"},\"primaryImageOfPage\":{\"@id\":\"https:\\\/\\\/bikefit.lu\\\/de\\\/product\\\/form-zusaetzlicher-erhoehungskitfuer-v2-mtb-ausgleichsplatte\\\/#primaryimage\"},\"image\":{\"@id\":\"https:\\\/\\\/bikefit.lu\\\/de\\\/product\\\/form-zusaetzlicher-erhoehungskitfuer-v2-mtb-ausgleichsplatte\\\/#primaryimage\"},\"thumbnailUrl\":\"https:\\\/\\\/bikefit.lu\\\/wp-content\\\/uploads\\\/2025\\\/04\\\/8mm-exploded.webp\",\"datePublished\":\"2025-04-13T17:17:13+00:00\",\"dateModified\":\"2026-02-01T15:39:37+00:00\",\"breadcrumb\":{\"@id\":\"https:\\\/\\\/bikefit.lu\\\/de\\\/product\\\/form-zusaetzlicher-erhoehungskitfuer-v2-mtb-ausgleichsplatte\\\/#breadcrumb\"},\"inLanguage\":\"de\",\"potentialAction\":[{\"@type\":\"ReadAction\",\"target\":[\"https:\\\/\\\/bikefit.lu\\\/de\\\/product\\\/form-zusaetzlicher-erhoehungskitfuer-v2-mtb-ausgleichsplatte\\\/\"]}]},{\"@type\":\"ImageObject\",\"inLanguage\":\"de\",\"@id\":\"https:\\\/\\\/bikefit.lu\\\/de\\\/product\\\/form-zusaetzlicher-erhoehungskitfuer-v2-mtb-ausgleichsplatte\\\/#primaryimage\",\"url\":\"https:\\\/\\\/bikefit.lu\\\/wp-content\\\/uploads\\\/2025\\\/04\\\/8mm-exploded.webp\",\"contentUrl\":\"https:\\\/\\\/bikefit.lu\\\/wp-content\\\/uploads\\\/2025\\\/04\\\/8mm-exploded.webp\",\"width\":1772,\"height\":1772},{\"@type\":\"BreadcrumbList\",\"@id\":\"https:\\\/\\\/bikefit.lu\\\/de\\\/product\\\/form-zusaetzlicher-erhoehungskitfuer-v2-mtb-ausgleichsplatte\\\/#breadcrumb\",\"itemListElement\":[{\"@type\":\"ListItem\",\"position\":1,\"name\":\"Home\",\"item\":\"https:\\\/\\\/bikefit.lu\\\/de\\\/\"},{\"@type\":\"ListItem\",\"position\":2,\"name\":\"Produkte\",\"item\":\"https:\\\/\\\/bikefit.lu\\\/de\\\/shop\\\/\"},{\"@type\":\"ListItem\",\"position\":3,\"name\":\"FORM\u00ae zus\u00e4tzlicher Erh\u00f6hungskit f\u00fcr V2 MTB-Ausgleichsplatte\"}]},{\"@type\":\"WebSite\",\"@id\":\"https:\\\/\\\/bikefit.lu\\\/de\\\/#website\",\"url\":\"https:\\\/\\\/bikefit.lu\\\/de\\\/\",\"name\":\"bikefit.lu\",\"description\":\"IMPROVING CYCLING\",\"publisher\":{\"@id\":\"https:\\\/\\\/bikefit.lu\\\/de\\\/#\\\/schema\\\/person\\\/379af1263474d2f8cd1f41c2bd90273d\"},\"potentialAction\":[{\"@type\":\"SearchAction\",\"target\":{\"@type\":\"EntryPoint\",\"urlTemplate\":\"https:\\\/\\\/bikefit.lu\\\/de\\\/?s={search_term_string}\"},\"query-input\":{\"@type\":\"PropertyValueSpecification\",\"valueRequired\":true,\"valueName\":\"search_term_string\"}}],\"inLanguage\":\"de\"},{\"@type\":[\"Person\",\"Organization\"],\"@id\":\"https:\\\/\\\/bikefit.lu\\\/de\\\/#\\\/schema\\\/person\\\/379af1263474d2f8cd1f41c2bd90273d\",\"name\":\"Patrick Guillaume\",\"image\":{\"@type\":\"ImageObject\",\"inLanguage\":\"de\",\"@id\":\"https:\\\/\\\/bikefit.lu\\\/wp-content\\\/uploads\\\/2024\\\/12\\\/cropped-bikefit-logoURL-RGB-jpg.jpg\",\"url\":\"https:\\\/\\\/bikefit.lu\\\/wp-content\\\/uploads\\\/2024\\\/12\\\/cropped-bikefit-logoURL-RGB-jpg.jpg\",\"contentUrl\":\"https:\\\/\\\/bikefit.lu\\\/wp-content\\\/uploads\\\/2024\\\/12\\\/cropped-bikefit-logoURL-RGB-jpg.jpg\",\"width\":512,\"height\":512,\"caption\":\"Patrick Guillaume\"},\"logo\":{\"@id\":\"https:\\\/\\\/bikefit.lu\\\/wp-content\\\/uploads\\\/2024\\\/12\\\/cropped-bikefit-logoURL-RGB-jpg.jpg\"},\"sameAs\":[\"https:\\\/\\\/bikefit.lu\"],\"honorificPrefix\":\"Mr\",\"birthDate\":\"1966-11-18\",\"gender\":\"male\",\"knowsAbout\":[\"Bike-fitting\"],\"knowsLanguage\":[\"English\",\"French\",\"German\",\"Luxembourgish\"]}]}<\/script>\n<meta property=\"og:availability\" content=\"instock\" \/>\n<meta property=\"product:availability\" content=\"instock\" \/>\n<meta property=\"product:condition\" content=\"new\" \/>\n<!-- \/ Yoast SEO Premium plugin. -->","yoast_head_json":{"title":"FORM\u00ae zus\u00e4tzlicher Erh\u00f6hungskit f\u00fcr V2 MTB-Ausgleichsplatte - bikefit.lu","robots":{"index":"index","follow":"follow","max-snippet":"max-snippet:-1","max-image-preview":"max-image-preview:large","max-video-preview":"max-video-preview:-1"},"canonical":"https:\/\/bikefit.lu\/de\/product\/form-zusaetzlicher-erhoehungskitfuer-v2-mtb-ausgleichsplatte\/","og_locale":"de_DE","og_type":"article","og_title":"FORM\u00ae zus\u00e4tzlicher Erh\u00f6hungskit f\u00fcr V2 MTB-Ausgleichsplatte","og_description":"Das FORM-Erh\u00f6hungskitsystem wurde entwickelt, um die H\u00f6he der V2 walkable MTB-Ausgleichsplatte zu erweitern und Stapelh\u00f6henanforderungen \u00fcber den Standardbereich von 3-6 mm hinaus zu erf\u00fcllen. Das Kit ersetzt den standardm\u00e4\u00dfigen 2-mm-Erh\u00f6her, der mit der Ausgleichsplatte geliefert wird, durch einen Erh\u00f6her mit erweiterter H\u00f6he PLUS einem optionalen zus\u00e4tzlichen 2-mm-Clip-on-Abstandhalter-Set. - Kit 1 bietet in Kombination mit der 3-mm-Basisausgleichsplatte und dem 1-mm-Abstandhalter zwischen 7-10 mm. - Kit 2 bietet in Kombination mit der 3-mm-Basisausgleichsplatte und dem 1-mm-Abstandhalter zwischen 11-14 mm. Kit beinhaltet:   4\/6mm kit (7-10mm total): 4mm stacker \/ 2mm spacer set \/ cleat plate \/ shim screws \/ cleat screws  8\/10-mm-Kit (11-14 mm insgesamt): 8-mm-Erh\u00f6her \/ 2-mm-Abstandhalter-Set \/ Cleatkontaktplatte \/ Ausgleichsplattenschrauben \/ Cleatschrauben *Bitte beachten Sie: Dieses Kit enth\u00e4lt nicht die Ausgleichsplatte selbst, diese muss separat erworben werden. Montageanweisungen finden Sie im Bildkarussell.","og_url":"https:\/\/bikefit.lu\/de\/product\/form-zusaetzlicher-erhoehungskitfuer-v2-mtb-ausgleichsplatte\/","og_site_name":"bikefit.lu","article_modified_time":"2026-02-01T15:39:37+00:00","og_image":[{"width":1772,"height":1772,"url":"https:\/\/bikefit.lu\/wp-content\/uploads\/2025\/04\/8mm-exploded.webp","type":"image\/webp"}],"twitter_card":"summary_large_image","twitter_misc":{"Verf\u00fcgbarkeit":"Auf Lager"},"schema":{"@context":"https:\/\/schema.org","@graph":[{"@type":"WebPage","@id":"https:\/\/bikefit.lu\/de\/product\/form-zusaetzlicher-erhoehungskitfuer-v2-mtb-ausgleichsplatte\/","url":"https:\/\/bikefit.lu\/de\/product\/form-zusaetzlicher-erhoehungskitfuer-v2-mtb-ausgleichsplatte\/","name":"FORM\u00ae zus\u00e4tzlicher Erh\u00f6hungskit f\u00fcr V2 MTB-Ausgleichsplatte - bikefit.lu","isPartOf":{"@id":"https:\/\/bikefit.lu\/de\/#website"},"primaryImageOfPage":{"@id":"https:\/\/bikefit.lu\/de\/product\/form-zusaetzlicher-erhoehungskitfuer-v2-mtb-ausgleichsplatte\/#primaryimage"},"image":{"@id":"https:\/\/bikefit.lu\/de\/product\/form-zusaetzlicher-erhoehungskitfuer-v2-mtb-ausgleichsplatte\/#primaryimage"},"thumbnailUrl":"https:\/\/bikefit.lu\/wp-content\/uploads\/2025\/04\/8mm-exploded.webp","datePublished":"2025-04-13T17:17:13+00:00","dateModified":"2026-02-01T15:39:37+00:00","breadcrumb":{"@id":"https:\/\/bikefit.lu\/de\/product\/form-zusaetzlicher-erhoehungskitfuer-v2-mtb-ausgleichsplatte\/#breadcrumb"},"inLanguage":"de","potentialAction":[{"@type":"ReadAction","target":["https:\/\/bikefit.lu\/de\/product\/form-zusaetzlicher-erhoehungskitfuer-v2-mtb-ausgleichsplatte\/"]}]},{"@type":"ImageObject","inLanguage":"de","@id":"https:\/\/bikefit.lu\/de\/product\/form-zusaetzlicher-erhoehungskitfuer-v2-mtb-ausgleichsplatte\/#primaryimage","url":"https:\/\/bikefit.lu\/wp-content\/uploads\/2025\/04\/8mm-exploded.webp","contentUrl":"https:\/\/bikefit.lu\/wp-content\/uploads\/2025\/04\/8mm-exploded.webp","width":1772,"height":1772},{"@type":"BreadcrumbList","@id":"https:\/\/bikefit.lu\/de\/product\/form-zusaetzlicher-erhoehungskitfuer-v2-mtb-ausgleichsplatte\/#breadcrumb","itemListElement":[{"@type":"ListItem","position":1,"name":"Home","item":"https:\/\/bikefit.lu\/de\/"},{"@type":"ListItem","position":2,"name":"Produkte","item":"https:\/\/bikefit.lu\/de\/shop\/"},{"@type":"ListItem","position":3,"name":"FORM\u00ae zus\u00e4tzlicher Erh\u00f6hungskit f\u00fcr V2 MTB-Ausgleichsplatte"}]},{"@type":"WebSite","@id":"https:\/\/bikefit.lu\/de\/#website","url":"https:\/\/bikefit.lu\/de\/","name":"bikefit.lu","description":"IMPROVING CYCLING","publisher":{"@id":"https:\/\/bikefit.lu\/de\/#\/schema\/person\/379af1263474d2f8cd1f41c2bd90273d"},"potentialAction":[{"@type":"SearchAction","target":{"@type":"EntryPoint","urlTemplate":"https:\/\/bikefit.lu\/de\/?s={search_term_string}"},"query-input":{"@type":"PropertyValueSpecification","valueRequired":true,"valueName":"search_term_string"}}],"inLanguage":"de"},{"@type":["Person","Organization"],"@id":"https:\/\/bikefit.lu\/de\/#\/schema\/person\/379af1263474d2f8cd1f41c2bd90273d","name":"Patrick Guillaume","image":{"@type":"ImageObject","inLanguage":"de","@id":"https:\/\/bikefit.lu\/wp-content\/uploads\/2024\/12\/cropped-bikefit-logoURL-RGB-jpg.jpg","url":"https:\/\/bikefit.lu\/wp-content\/uploads\/2024\/12\/cropped-bikefit-logoURL-RGB-jpg.jpg","contentUrl":"https:\/\/bikefit.lu\/wp-content\/uploads\/2024\/12\/cropped-bikefit-logoURL-RGB-jpg.jpg","width":512,"height":512,"caption":"Patrick Guillaume"},"logo":{"@id":"https:\/\/bikefit.lu\/wp-content\/uploads\/2024\/12\/cropped-bikefit-logoURL-RGB-jpg.jpg"},"sameAs":["https:\/\/bikefit.lu"],"honorificPrefix":"Mr","birthDate":"1966-11-18","gender":"male","knowsAbout":["Bike-fitting"],"knowsLanguage":["English","French","German","Luxembourgish"]}]},"og_availability":"instock","product_availability":"instock","product_condition":"new"},"_links":{"self":[{"href":"https:\/\/bikefit.lu\/de\/wp-json\/wp\/v2\/product\/95251","targetHints":{"allow":["GET"]}}],"collection":[{"href":"https:\/\/bikefit.lu\/de\/wp-json\/wp\/v2\/product"}],"about":[{"href":"https:\/\/bikefit.lu\/de\/wp-json\/wp\/v2\/types\/product"}],"replies":[{"embeddable":true,"href":"https:\/\/bikefit.lu\/de\/wp-json\/wp\/v2\/comments?post=95251"}],"version-history":[{"count":0,"href":"https:\/\/bikefit.lu\/de\/wp-json\/wp\/v2\/product\/95251\/revisions"}],"wp:featuredmedia":[{"embeddable":true,"href":"https:\/\/bikefit.lu\/de\/wp-json\/wp\/v2\/media\/95027"}],"wp:attachment":[{"href":"https:\/\/bikefit.lu\/de\/wp-json\/wp\/v2\/media?parent=95251"}],"wp:term":[{"taxonomy":"product_brand","embeddable":true,"href":"https:\/\/bikefit.lu\/de\/wp-json\/wp\/v2\/product_brand?post=95251"},{"taxonomy":"product_cat","embeddable":true,"href":"https:\/\/bikefit.lu\/de\/wp-json\/wp\/v2\/product_cat?post=95251"},{"taxonomy":"product_tag","embeddable":true,"href":"https:\/\/bikefit.lu\/de\/wp-json\/wp\/v2\/product_tag?post=95251"}],"curies":[{"name":"wp","href":"https:\/\/api.w.org\/{rel}","templated":true}]}}