{"id":95944,"date":"2025-06-15T16:20:34","date_gmt":"2025-06-15T14:20:34","guid":{"rendered":"https:\/\/bikefit.lu\/?post_type=product&#038;p=95944"},"modified":"2025-12-11T10:34:17","modified_gmt":"2025-12-11T09:34:17","slug":"26a-aluminium-extensions","status":"publish","type":"product","link":"https:\/\/bikefit.lu\/de\/product\/26a-aluminium-extensions\/","title":{"rendered":"26a Aluminum Extensions"},"content":{"rendered":"<h5>Spezifikationen<\/h5>\n<ul>\n<li><b>Material:<\/b> 6061-T6 Aluminium, vorgebohrt f\u00fcr Innenverlegung der Schalthebelkabel<\/li>\n<li><strong>L\u00e4nge der <\/strong><strong>Extensions<\/strong>: 400 mm<\/li>\n<li><strong>26Winkel der Extensions: <\/strong>52 Grad<\/li>\n<li><strong>Rise der Extensions:<\/strong> 87 mm (von unten nach oben)<\/li>\n<li><strong>Offset der Extensions: <\/strong>15 mm insgesamt<\/li>\n<li><b>Au\u00dfendurchmesser<\/b>: 22,2 mm<\/li>\n<li><strong>Innendurchmesser<\/strong>: 19,2 mm<\/li>\n<li><strong>Schaltkompatibilit\u00e4t<\/strong>: Elektronisch oder mechanisch<\/li>\n<li><strong>Lieferumfang<\/strong>: Paarweise verkauft (1 rechter &amp; 1 linker Extension)<\/li>\n<li><strong>Farbe:<\/strong> Mattschwarz eloxiert<\/li>\n<li><strong>Gewicht:<\/strong> 204 g\/Paar<\/li>\n<\/ul>\n","protected":false},"excerpt":{"rendered":"<p class=\"textbox ai-optimize-43\" dir=\"ltr\">Die neue Reihe von Extensions wurde aus der bew\u00e4hrten T-Serie entwickelt. Sie wurde entwickelt, um unterschiedliche Passformen gezielt zu erm\u00f6glichen. They have also adopted a new naming system whereby the name gives the angle and material of the extension. So steht 39a f\u00fcr eine 39\u00b0-Biegung aus Aluminium.<\/p>\n<p class=\"textbox ai-optimize-44\" dir=\"ltr\"><strong>Leistung<\/strong><\/p>\n<p class=\"textbox ai-optimize-45\" dir=\"ltr\">Der einzige Zweck von Extensions ist es, eine bequeme Position f\u00fcr die H\u00e4nde des Fahrers relativ zu den Armlehnen zu bieten. Sie verbessern die Leistung, indem sie es dem Fahrer erm\u00f6glichen, sich in seine optimale Position zu entspannen. Aus diesem Grund bieten sie verschiedene Passformoptionen an, damit jeder Fahrer seine beste Leistung erzielen kann.  <\/p>\n<p class=\"textbox ai-optimize-46\" dir=\"ltr\"><strong>Einstellungsm\u00f6glichkeiten<\/strong><\/p>\n<ul>\n<li class=\"ai-optimize-49\">Die 26a-Extensions haben einen Griffwinkel von 26\u00b0. Der Fahrer kann w\u00e4hlen, ob er die Bars hoch h\u00e4lt, um eine niedrige Position einzunehmen, oder ob er ihn tief h\u00e4lt, um eine eher entspannte Position einzunehmen. <\/li>\n<\/ul>\n<p><img decoding=\"async\" src=\"https:\/\/cdn.shopify.com\/s\/files\/1\/2357\/3659\/files\/A-II-Ext-MSR-26a_600x600.jpg?v=1706566155\"><\/p>\n<ul>\n<li class=\"ai-optimize-50\">Die 26a-Extensions erm\u00f6glichen eine seitliche Verschiebung von 7,5 mm pro Seite. Dadurch kann der Fahrer seine H\u00e4nde schmaler oder breiter machen, ohne die Verl\u00e4ngerungen so weit zu neigen, dass die Schalthebel sich ber\u00fchren. <\/li>\n<\/ul>\n<p><img decoding=\"async\" src=\"https:\/\/cdn.shopify.com\/s\/files\/1\/2357\/3659\/files\/A-II-Ext-Offset-39a_1024x1024.jpg?v=1706569082\"><\/p>\n<ul>\n<li class=\"ai-optimize-51\">Nat\u00fcrlich haben sie auch an die Aerodynamik gedacht \u2013 der Anstiegsbereich ist mit einer Kammform versehen.<\/li>\n<\/ul>\n<p><img decoding=\"async\" src=\"https:\/\/cdn.shopify.com\/s\/files\/1\/2357\/3659\/files\/A-II-Ext-AeroShaped-26a_600x600.jpg?v=1706634731\"><\/p>\n<ul>\n<li class=\"ai-optimize-52\">Schlie\u00dflich wurden ergonomisch geformte Endkappen hinzugef\u00fcgt, die den Handgriff komfortabler machen.<\/li>\n<\/ul>\n<p><img decoding=\"async\" src=\"https:\/\/cdn.shopify.com\/s\/files\/1\/2357\/3659\/files\/A-II-Ext-Aero-Tip_1024x1024.jpg?v=1706566334\"><\/p>\n<p class=\"ai-optimize-53\"><strong>Herkunft<\/strong><\/p>\n<p class=\"ai-optimize-54\">J\u00fcngste Trends bei der Aerolenker-Passform gehen zu h\u00f6heren Handpositionen, daher haben sie den Anstieg im Vergleich zu Extensions der vorherigen Generation erh\u00f6ht. Sie haben sich auf die beliebtesten Winkel aus ihrem bisherigen Sortiment konzentriert und die 26a als Mehrpositionsoption hinzugef\u00fcgt. <\/p>\n<p class=\"ai-optimize-55\"><strong>Technischer Leitfaden<\/strong><\/p>\n<ul>\n<li class=\"ai-optimize-56\">Alle Extensions haben einen Durchmesser von 22,2 mm im Klemmbereich.<\/li>\n<li class=\"ai-optimize-57\">Sie sind so konzipiert, dass die Kabel nach hinten herausgef\u00fchrt werden \u2013 daher gibt es keine Kabelausg\u00e4nge an der Seite.<\/li>\n<\/ul>\n<p class=\"ai-optimize-58\"><strong>F\u00fcr wen ist das geeignet?<\/strong><\/p>\n<p class=\"ai-optimize-59\">Die Extensions passen in jeden Aerolenker, der f\u00fcr 22,2 mm ausgelegt ist.<br \/>Geeignet f\u00fcr alle Fahrer, die den Komfort ihrer Aerolenker-Griffe verbessern m\u00f6chten. <\/p>\n","protected":false},"featured_media":95952,"comment_status":"closed","ping_status":"closed","template":"","meta":[],"product_brand":[],"product_cat":[4835],"product_tag":[5751,5741,5110,5115,5125,5182,5179],"class_list":{"0":"post-95944","1":"product","2":"type-product","3":"status-publish","4":"has-post-thumbnail","6":"product_cat-kontaktpunkt-cockpit","7":"product_tag-26a-de","8":"product_tag-extensions-de","9":"product_tag-offroad-de","10":"product_tag-profile-design-de","11":"product_tag-road-de","12":"product_tag-triathlon-de","13":"product_tag-ultra-cycling-de","14":"product_shipping_class-large-items-de","16":"first","17":"instock","18":"taxable","19":"shipping-taxable","20":"purchasable","21":"product-type-simple"},"yoast_head":"<!-- This site is optimized with the Yoast SEO Premium plugin v27.3 (Yoast SEO v27.3) - https:\/\/yoast.com\/product\/yoast-seo-premium-wordpress\/ -->\n<title>26a Aluminum Extensions - bikefit.lu<\/title>\n<meta name=\"robots\" content=\"index, follow, max-snippet:-1, max-image-preview:large, max-video-preview:-1\" \/>\n<link rel=\"canonical\" href=\"https:\/\/bikefit.lu\/de\/product\/26a-aluminium-extensions\/\" \/>\n<meta property=\"og:locale\" content=\"de_DE\" \/>\n<meta property=\"og:type\" content=\"article\" \/>\n<meta property=\"og:title\" content=\"26a Aluminum Extensions\" \/>\n<meta property=\"og:description\" content=\"Die neue Reihe von Extensions wurde aus der bew\u00e4hrten T-Serie entwickelt. Sie wurde entwickelt, um unterschiedliche Passformen gezielt zu erm\u00f6glichen. They have also adopted a new naming system whereby the name gives the angle and material of the extension. So steht 39a f\u00fcr eine 39\u00b0-Biegung aus Aluminium. Leistung Der einzige Zweck von Extensions ist es, eine bequeme Position f\u00fcr die H\u00e4nde des Fahrers relativ zu den Armlehnen zu bieten. Sie verbessern die Leistung, indem sie es dem Fahrer erm\u00f6glichen, sich in seine optimale Position zu entspannen. Aus diesem Grund bieten sie verschiedene Passformoptionen an, damit jeder Fahrer seine beste Leistung erzielen kann.  Einstellungsm\u00f6glichkeiten   Die 26a-Extensions haben einen Griffwinkel von 26\u00b0. Der Fahrer kann w\u00e4hlen, ob er die Bars hoch h\u00e4lt, um eine niedrige Position einzunehmen, oder ob er ihn tief h\u00e4lt, um eine eher entspannte Position einzunehmen.    Die 26a-Extensions erm\u00f6glichen eine seitliche Verschiebung von 7,5 mm pro Seite. Dadurch kann der Fahrer seine H\u00e4nde schmaler oder breiter machen, ohne die Verl\u00e4ngerungen so weit zu neigen, dass die Schalthebel sich ber\u00fchren.    Nat\u00fcrlich haben sie auch an die Aerodynamik gedacht \u2013 der Anstiegsbereich ist mit einer Kammform versehen.   Schlie\u00dflich wurden ergonomisch geformte Endkappen hinzugef\u00fcgt, die den Handgriff komfortabler machen.  Herkunft J\u00fcngste Trends bei der Aerolenker-Passform gehen zu h\u00f6heren Handpositionen, daher haben sie den Anstieg im Vergleich zu Extensions der vorherigen Generation erh\u00f6ht. Sie haben sich auf die beliebtesten Winkel aus ihrem bisherigen Sortiment konzentriert und die 26a als Mehrpositionsoption hinzugef\u00fcgt. Technischer Leitfaden   Alle Extensions haben einen Durchmesser von 22,2 mm im Klemmbereich.  Sie sind so konzipiert, dass die Kabel nach hinten herausgef\u00fchrt werden \u2013 daher gibt es keine Kabelausg\u00e4nge an der Seite. F\u00fcr wen ist das geeignet? Die Extensions passen in jeden Aerolenker, der f\u00fcr 22,2 mm ausgelegt ist.Geeignet f\u00fcr alle Fahrer, die den Komfort ihrer Aerolenker-Griffe verbessern m\u00f6chten.\" \/>\n<meta property=\"og:url\" content=\"https:\/\/bikefit.lu\/de\/product\/26a-aluminium-extensions\/\" \/>\n<meta property=\"og:site_name\" content=\"bikefit.lu\" \/>\n<meta property=\"article:modified_time\" content=\"2025-12-11T09:34:17+00:00\" \/>\n<meta property=\"og:image\" content=\"https:\/\/bikefit.lu\/wp-content\/uploads\/2025\/06\/26a-Side-2up_1000x.webp\" \/>\n\t<meta property=\"og:image:width\" content=\"1000\" \/>\n\t<meta property=\"og:image:height\" content=\"1000\" \/>\n\t<meta property=\"og:image:type\" content=\"image\/webp\" \/>\n<meta name=\"twitter:card\" content=\"summary_large_image\" \/>\n<meta name=\"twitter:label1\" content=\"Preis\" \/>\n\t<meta name=\"twitter:data1\" content=\"69,00&nbsp;&euro;\" \/>\n\t<meta name=\"twitter:label2\" content=\"Verf\u00fcgbarkeit\" \/>\n\t<meta name=\"twitter:data2\" content=\"Auf Lager\" \/>\n<script type=\"application\/ld+json\" class=\"yoast-schema-graph\">{\"@context\":\"https:\\\/\\\/schema.org\",\"@graph\":[{\"@type\":\"WebPage\",\"@id\":\"https:\\\/\\\/bikefit.lu\\\/de\\\/product\\\/26a-aluminium-extensions\\\/\",\"url\":\"https:\\\/\\\/bikefit.lu\\\/de\\\/product\\\/26a-aluminium-extensions\\\/\",\"name\":\"26a Aluminum Extensions - bikefit.lu\",\"isPartOf\":{\"@id\":\"https:\\\/\\\/bikefit.lu\\\/de\\\/#website\"},\"primaryImageOfPage\":{\"@id\":\"https:\\\/\\\/bikefit.lu\\\/de\\\/product\\\/26a-aluminium-extensions\\\/#primaryimage\"},\"image\":{\"@id\":\"https:\\\/\\\/bikefit.lu\\\/de\\\/product\\\/26a-aluminium-extensions\\\/#primaryimage\"},\"thumbnailUrl\":\"https:\\\/\\\/bikefit.lu\\\/wp-content\\\/uploads\\\/2025\\\/06\\\/26a-Side-2up_1000x.webp\",\"datePublished\":\"2025-06-15T14:20:34+00:00\",\"dateModified\":\"2025-12-11T09:34:17+00:00\",\"breadcrumb\":{\"@id\":\"https:\\\/\\\/bikefit.lu\\\/de\\\/product\\\/26a-aluminium-extensions\\\/#breadcrumb\"},\"inLanguage\":\"de\",\"potentialAction\":[{\"@type\":\"ReadAction\",\"target\":[\"https:\\\/\\\/bikefit.lu\\\/de\\\/product\\\/26a-aluminium-extensions\\\/\"]}]},{\"@type\":\"ImageObject\",\"inLanguage\":\"de\",\"@id\":\"https:\\\/\\\/bikefit.lu\\\/de\\\/product\\\/26a-aluminium-extensions\\\/#primaryimage\",\"url\":\"https:\\\/\\\/bikefit.lu\\\/wp-content\\\/uploads\\\/2025\\\/06\\\/26a-Side-2up_1000x.webp\",\"contentUrl\":\"https:\\\/\\\/bikefit.lu\\\/wp-content\\\/uploads\\\/2025\\\/06\\\/26a-Side-2up_1000x.webp\",\"width\":1000,\"height\":1000},{\"@type\":\"BreadcrumbList\",\"@id\":\"https:\\\/\\\/bikefit.lu\\\/de\\\/product\\\/26a-aluminium-extensions\\\/#breadcrumb\",\"itemListElement\":[{\"@type\":\"ListItem\",\"position\":1,\"name\":\"Home\",\"item\":\"https:\\\/\\\/bikefit.lu\\\/de\\\/\"},{\"@type\":\"ListItem\",\"position\":2,\"name\":\"Produkte\",\"item\":\"https:\\\/\\\/bikefit.lu\\\/de\\\/shop\\\/\"},{\"@type\":\"ListItem\",\"position\":3,\"name\":\"26a Aluminum Extensions\"}]},{\"@type\":\"WebSite\",\"@id\":\"https:\\\/\\\/bikefit.lu\\\/de\\\/#website\",\"url\":\"https:\\\/\\\/bikefit.lu\\\/de\\\/\",\"name\":\"bikefit.lu\",\"description\":\"IMPROVING CYCLING\",\"publisher\":{\"@id\":\"https:\\\/\\\/bikefit.lu\\\/de\\\/#\\\/schema\\\/person\\\/379af1263474d2f8cd1f41c2bd90273d\"},\"potentialAction\":[{\"@type\":\"SearchAction\",\"target\":{\"@type\":\"EntryPoint\",\"urlTemplate\":\"https:\\\/\\\/bikefit.lu\\\/de\\\/?s={search_term_string}\"},\"query-input\":{\"@type\":\"PropertyValueSpecification\",\"valueRequired\":true,\"valueName\":\"search_term_string\"}}],\"inLanguage\":\"de\"},{\"@type\":[\"Person\",\"Organization\"],\"@id\":\"https:\\\/\\\/bikefit.lu\\\/de\\\/#\\\/schema\\\/person\\\/379af1263474d2f8cd1f41c2bd90273d\",\"name\":\"Patrick Guillaume\",\"image\":{\"@type\":\"ImageObject\",\"inLanguage\":\"de\",\"@id\":\"https:\\\/\\\/bikefit.lu\\\/wp-content\\\/uploads\\\/2024\\\/12\\\/cropped-bikefit-logoURL-RGB-jpg.jpg\",\"url\":\"https:\\\/\\\/bikefit.lu\\\/wp-content\\\/uploads\\\/2024\\\/12\\\/cropped-bikefit-logoURL-RGB-jpg.jpg\",\"contentUrl\":\"https:\\\/\\\/bikefit.lu\\\/wp-content\\\/uploads\\\/2024\\\/12\\\/cropped-bikefit-logoURL-RGB-jpg.jpg\",\"width\":512,\"height\":512,\"caption\":\"Patrick Guillaume\"},\"logo\":{\"@id\":\"https:\\\/\\\/bikefit.lu\\\/wp-content\\\/uploads\\\/2024\\\/12\\\/cropped-bikefit-logoURL-RGB-jpg.jpg\"},\"sameAs\":[\"https:\\\/\\\/bikefit.lu\"],\"honorificPrefix\":\"Mr\",\"birthDate\":\"1966-11-18\",\"gender\":\"male\",\"knowsAbout\":[\"Bike-fitting\"],\"knowsLanguage\":[\"English\",\"French\",\"German\",\"Luxembourgish\"]}]}<\/script>\n<meta property=\"product:price:amount\" content=\"69.00\" \/>\n<meta property=\"product:price:currency\" content=\"EUR\" \/>\n<meta property=\"og:availability\" content=\"instock\" \/>\n<meta property=\"product:availability\" content=\"instock\" \/>\n<meta property=\"product:condition\" content=\"new\" \/>\n<!-- \/ Yoast SEO Premium plugin. -->","yoast_head_json":{"title":"26a Aluminum Extensions - bikefit.lu","robots":{"index":"index","follow":"follow","max-snippet":"max-snippet:-1","max-image-preview":"max-image-preview:large","max-video-preview":"max-video-preview:-1"},"canonical":"https:\/\/bikefit.lu\/de\/product\/26a-aluminium-extensions\/","og_locale":"de_DE","og_type":"article","og_title":"26a Aluminum Extensions","og_description":"Die neue Reihe von Extensions wurde aus der bew\u00e4hrten T-Serie entwickelt. Sie wurde entwickelt, um unterschiedliche Passformen gezielt zu erm\u00f6glichen. They have also adopted a new naming system whereby the name gives the angle and material of the extension. So steht 39a f\u00fcr eine 39\u00b0-Biegung aus Aluminium. Leistung Der einzige Zweck von Extensions ist es, eine bequeme Position f\u00fcr die H\u00e4nde des Fahrers relativ zu den Armlehnen zu bieten. Sie verbessern die Leistung, indem sie es dem Fahrer erm\u00f6glichen, sich in seine optimale Position zu entspannen. Aus diesem Grund bieten sie verschiedene Passformoptionen an, damit jeder Fahrer seine beste Leistung erzielen kann.  Einstellungsm\u00f6glichkeiten   Die 26a-Extensions haben einen Griffwinkel von 26\u00b0. Der Fahrer kann w\u00e4hlen, ob er die Bars hoch h\u00e4lt, um eine niedrige Position einzunehmen, oder ob er ihn tief h\u00e4lt, um eine eher entspannte Position einzunehmen.    Die 26a-Extensions erm\u00f6glichen eine seitliche Verschiebung von 7,5 mm pro Seite. Dadurch kann der Fahrer seine H\u00e4nde schmaler oder breiter machen, ohne die Verl\u00e4ngerungen so weit zu neigen, dass die Schalthebel sich ber\u00fchren.    Nat\u00fcrlich haben sie auch an die Aerodynamik gedacht \u2013 der Anstiegsbereich ist mit einer Kammform versehen.   Schlie\u00dflich wurden ergonomisch geformte Endkappen hinzugef\u00fcgt, die den Handgriff komfortabler machen.  Herkunft J\u00fcngste Trends bei der Aerolenker-Passform gehen zu h\u00f6heren Handpositionen, daher haben sie den Anstieg im Vergleich zu Extensions der vorherigen Generation erh\u00f6ht. Sie haben sich auf die beliebtesten Winkel aus ihrem bisherigen Sortiment konzentriert und die 26a als Mehrpositionsoption hinzugef\u00fcgt. Technischer Leitfaden   Alle Extensions haben einen Durchmesser von 22,2 mm im Klemmbereich.  Sie sind so konzipiert, dass die Kabel nach hinten herausgef\u00fchrt werden \u2013 daher gibt es keine Kabelausg\u00e4nge an der Seite. F\u00fcr wen ist das geeignet? Die Extensions passen in jeden Aerolenker, der f\u00fcr 22,2 mm ausgelegt ist.Geeignet f\u00fcr alle Fahrer, die den Komfort ihrer Aerolenker-Griffe verbessern m\u00f6chten.","og_url":"https:\/\/bikefit.lu\/de\/product\/26a-aluminium-extensions\/","og_site_name":"bikefit.lu","article_modified_time":"2025-12-11T09:34:17+00:00","og_image":[{"width":1000,"height":1000,"url":"https:\/\/bikefit.lu\/wp-content\/uploads\/2025\/06\/26a-Side-2up_1000x.webp","type":"image\/webp"}],"twitter_card":"summary_large_image","twitter_misc":{"Preis":"69,00&nbsp;&euro;","Verf\u00fcgbarkeit":"Auf Lager"},"schema":{"@context":"https:\/\/schema.org","@graph":[{"@type":"WebPage","@id":"https:\/\/bikefit.lu\/de\/product\/26a-aluminium-extensions\/","url":"https:\/\/bikefit.lu\/de\/product\/26a-aluminium-extensions\/","name":"26a Aluminum Extensions - bikefit.lu","isPartOf":{"@id":"https:\/\/bikefit.lu\/de\/#website"},"primaryImageOfPage":{"@id":"https:\/\/bikefit.lu\/de\/product\/26a-aluminium-extensions\/#primaryimage"},"image":{"@id":"https:\/\/bikefit.lu\/de\/product\/26a-aluminium-extensions\/#primaryimage"},"thumbnailUrl":"https:\/\/bikefit.lu\/wp-content\/uploads\/2025\/06\/26a-Side-2up_1000x.webp","datePublished":"2025-06-15T14:20:34+00:00","dateModified":"2025-12-11T09:34:17+00:00","breadcrumb":{"@id":"https:\/\/bikefit.lu\/de\/product\/26a-aluminium-extensions\/#breadcrumb"},"inLanguage":"de","potentialAction":[{"@type":"ReadAction","target":["https:\/\/bikefit.lu\/de\/product\/26a-aluminium-extensions\/"]}]},{"@type":"ImageObject","inLanguage":"de","@id":"https:\/\/bikefit.lu\/de\/product\/26a-aluminium-extensions\/#primaryimage","url":"https:\/\/bikefit.lu\/wp-content\/uploads\/2025\/06\/26a-Side-2up_1000x.webp","contentUrl":"https:\/\/bikefit.lu\/wp-content\/uploads\/2025\/06\/26a-Side-2up_1000x.webp","width":1000,"height":1000},{"@type":"BreadcrumbList","@id":"https:\/\/bikefit.lu\/de\/product\/26a-aluminium-extensions\/#breadcrumb","itemListElement":[{"@type":"ListItem","position":1,"name":"Home","item":"https:\/\/bikefit.lu\/de\/"},{"@type":"ListItem","position":2,"name":"Produkte","item":"https:\/\/bikefit.lu\/de\/shop\/"},{"@type":"ListItem","position":3,"name":"26a Aluminum Extensions"}]},{"@type":"WebSite","@id":"https:\/\/bikefit.lu\/de\/#website","url":"https:\/\/bikefit.lu\/de\/","name":"bikefit.lu","description":"IMPROVING CYCLING","publisher":{"@id":"https:\/\/bikefit.lu\/de\/#\/schema\/person\/379af1263474d2f8cd1f41c2bd90273d"},"potentialAction":[{"@type":"SearchAction","target":{"@type":"EntryPoint","urlTemplate":"https:\/\/bikefit.lu\/de\/?s={search_term_string}"},"query-input":{"@type":"PropertyValueSpecification","valueRequired":true,"valueName":"search_term_string"}}],"inLanguage":"de"},{"@type":["Person","Organization"],"@id":"https:\/\/bikefit.lu\/de\/#\/schema\/person\/379af1263474d2f8cd1f41c2bd90273d","name":"Patrick Guillaume","image":{"@type":"ImageObject","inLanguage":"de","@id":"https:\/\/bikefit.lu\/wp-content\/uploads\/2024\/12\/cropped-bikefit-logoURL-RGB-jpg.jpg","url":"https:\/\/bikefit.lu\/wp-content\/uploads\/2024\/12\/cropped-bikefit-logoURL-RGB-jpg.jpg","contentUrl":"https:\/\/bikefit.lu\/wp-content\/uploads\/2024\/12\/cropped-bikefit-logoURL-RGB-jpg.jpg","width":512,"height":512,"caption":"Patrick Guillaume"},"logo":{"@id":"https:\/\/bikefit.lu\/wp-content\/uploads\/2024\/12\/cropped-bikefit-logoURL-RGB-jpg.jpg"},"sameAs":["https:\/\/bikefit.lu"],"honorificPrefix":"Mr","birthDate":"1966-11-18","gender":"male","knowsAbout":["Bike-fitting"],"knowsLanguage":["English","French","German","Luxembourgish"]}]},"product_price_amount":"69.00","product_price_currency":"EUR","og_availability":"instock","product_availability":"instock","product_condition":"new"},"_links":{"self":[{"href":"https:\/\/bikefit.lu\/de\/wp-json\/wp\/v2\/product\/95944","targetHints":{"allow":["GET"]}}],"collection":[{"href":"https:\/\/bikefit.lu\/de\/wp-json\/wp\/v2\/product"}],"about":[{"href":"https:\/\/bikefit.lu\/de\/wp-json\/wp\/v2\/types\/product"}],"replies":[{"embeddable":true,"href":"https:\/\/bikefit.lu\/de\/wp-json\/wp\/v2\/comments?post=95944"}],"version-history":[{"count":0,"href":"https:\/\/bikefit.lu\/de\/wp-json\/wp\/v2\/product\/95944\/revisions"}],"wp:featuredmedia":[{"embeddable":true,"href":"https:\/\/bikefit.lu\/de\/wp-json\/wp\/v2\/media\/95952"}],"wp:attachment":[{"href":"https:\/\/bikefit.lu\/de\/wp-json\/wp\/v2\/media?parent=95944"}],"wp:term":[{"taxonomy":"product_brand","embeddable":true,"href":"https:\/\/bikefit.lu\/de\/wp-json\/wp\/v2\/product_brand?post=95944"},{"taxonomy":"product_cat","embeddable":true,"href":"https:\/\/bikefit.lu\/de\/wp-json\/wp\/v2\/product_cat?post=95944"},{"taxonomy":"product_tag","embeddable":true,"href":"https:\/\/bikefit.lu\/de\/wp-json\/wp\/v2\/product_tag?post=95944"}],"curies":[{"name":"wp","href":"https:\/\/api.w.org\/{rel}","templated":true}]}}