{"id":97511,"date":"2025-12-08T19:57:29","date_gmt":"2025-12-08T18:57:29","guid":{"rendered":"https:\/\/bikefit.lu\/product\/a3-tilt-booster\/"},"modified":"2025-12-14T12:42:34","modified_gmt":"2025-12-14T11:42:34","slug":"a3-tilt-booster","status":"publish","type":"product","link":"https:\/\/bikefit.lu\/de\/product\/a3-tilt-booster\/","title":{"rendered":"A3 Tilt Booster"},"content":{"rendered":"<p><strong>Hauptmerkmale:<\/strong><\/p>\n<ul>\n<li>Kompatibel mit dem A3 (flachen) Riser-System<\/li>\n<li>Kann mit dem A2 (runden) Riser-System durch Hinzuf\u00fcgen des A2-A3 Adapters (separat erh\u00e4ltlich) verwendet werden<\/li>\n<\/ul>\n<p><strong>Technische Daten<\/strong><\/p>\n<ul>\n<li><b>Kompatibilit\u00e4t:<\/b> Wing Ultimate, Wing 20C+ und Aeria Ultimate &#8211; (Aeria Ultimate ben\u00f6tigt einen <a href=\"https:\/\/profile-design.com\/collections\/aerobar-brackets\/products\/a2-3-adaptor-kit\" target=\"_blank\" rel=\"noopener noreferrer nofollow\">A2-A3 Adapter<\/a>)<\/li>\n<li><b>Lieferumfang:<\/b> A3 Tilt Booster (rechter und linker Booster)<\/li>\n<li><b>Riser-H\u00f6he:<\/b> 20,5 mm<\/li>\n<li><strong>Gewicht: <\/strong>40 g (Paar)<\/li>\n<\/ul>\n<p><a href=\"https:\/\/bikefit.lu\/wp-content\/uploads\/2025\/12\/2024-11-19_PFD_A3_Tilt_Booster_IS-English.pdf.pdf\"><strong>Benutzerhandbuch<\/strong><\/a><\/p>\n","protected":false},"excerpt":{"rendered":"<p>Der A3 Tilt Booster erh\u00f6ht die Winkelverstellung des Profile Design A3 Systems um 15\u00b0 und erm\u00f6glicht nach der Montage einen Bereich von 18\u00b0-30\u00b0.<\/p>\n<p>Dies erm\u00f6glicht es Fahrern, leichter steilere Armwinkel auszuprobieren, da die UCI-Regeln ge\u00e4ndert wurden, um Verl\u00e4ngerungswinkel von bis zu 30\u00b0 zuzulassen.<\/p>\n","protected":false},"featured_media":97504,"comment_status":"open","ping_status":"closed","template":"","meta":[],"product_brand":[5810],"product_cat":[4835],"product_tag":[5115],"class_list":{"0":"post-97511","1":"product","2":"type-product","3":"status-publish","4":"has-post-thumbnail","6":"product_brand-profile-design","7":"product_cat-kontaktpunkt-cockpit","8":"product_tag-profile-design-de","9":"product_shipping_class-small-items-de","11":"first","12":"instock","13":"sold-individually","14":"taxable","15":"shipping-taxable","16":"purchasable","17":"product-type-simple"},"yoast_head":"<!-- This site is optimized with the Yoast SEO Premium plugin v27.3 (Yoast SEO v27.3) - https:\/\/yoast.com\/product\/yoast-seo-premium-wordpress\/ -->\n<title>A3 Tilt Booster - bikefit.lu<\/title>\n<meta name=\"robots\" content=\"index, follow, max-snippet:-1, max-image-preview:large, max-video-preview:-1\" \/>\n<link rel=\"canonical\" href=\"https:\/\/bikefit.lu\/de\/product\/a3-tilt-booster\/\" \/>\n<meta property=\"og:locale\" content=\"de_DE\" \/>\n<meta property=\"og:type\" content=\"article\" \/>\n<meta property=\"og:title\" content=\"A3 Tilt Booster\" \/>\n<meta property=\"og:description\" content=\"Der A3 Tilt Booster erh\u00f6ht die Winkelverstellung des Profile Design A3 Systems um 15\u00b0 und erm\u00f6glicht nach der Montage einen Bereich von 18\u00b0-30\u00b0.Dies erm\u00f6glicht es Fahrern, leichter steilere Armwinkel auszuprobieren, da die UCI-Regeln ge\u00e4ndert wurden, um Verl\u00e4ngerungswinkel von bis zu 30\u00b0 zuzulassen.\" \/>\n<meta property=\"og:url\" content=\"https:\/\/bikefit.lu\/de\/product\/a3-tilt-booster\/\" \/>\n<meta property=\"og:site_name\" content=\"bikefit.lu\" \/>\n<meta property=\"article:modified_time\" content=\"2025-12-14T11:42:34+00:00\" \/>\n<meta property=\"og:image\" content=\"https:\/\/bikefit.lu\/wp-content\/uploads\/2025\/12\/A3TiltBooster.webp\" \/>\n\t<meta property=\"og:image:width\" content=\"850\" \/>\n\t<meta property=\"og:image:height\" content=\"851\" \/>\n\t<meta property=\"og:image:type\" content=\"image\/webp\" \/>\n<meta name=\"twitter:card\" content=\"summary_large_image\" \/>\n<meta name=\"twitter:label1\" content=\"Preis\" \/>\n\t<meta name=\"twitter:data1\" content=\"59,00&nbsp;&euro;\" \/>\n\t<meta name=\"twitter:label2\" content=\"Verf\u00fcgbarkeit\" \/>\n\t<meta name=\"twitter:data2\" content=\"Auf Lager\" \/>\n<script type=\"application\/ld+json\" class=\"yoast-schema-graph\">{\"@context\":\"https:\\\/\\\/schema.org\",\"@graph\":[{\"@type\":\"WebPage\",\"@id\":\"https:\\\/\\\/bikefit.lu\\\/de\\\/product\\\/a3-tilt-booster\\\/\",\"url\":\"https:\\\/\\\/bikefit.lu\\\/de\\\/product\\\/a3-tilt-booster\\\/\",\"name\":\"A3 Tilt Booster - bikefit.lu\",\"isPartOf\":{\"@id\":\"https:\\\/\\\/bikefit.lu\\\/de\\\/#website\"},\"primaryImageOfPage\":{\"@id\":\"https:\\\/\\\/bikefit.lu\\\/de\\\/product\\\/a3-tilt-booster\\\/#primaryimage\"},\"image\":{\"@id\":\"https:\\\/\\\/bikefit.lu\\\/de\\\/product\\\/a3-tilt-booster\\\/#primaryimage\"},\"thumbnailUrl\":\"https:\\\/\\\/bikefit.lu\\\/wp-content\\\/uploads\\\/2025\\\/12\\\/A3TiltBooster.webp\",\"datePublished\":\"2025-12-08T18:57:29+00:00\",\"dateModified\":\"2025-12-14T11:42:34+00:00\",\"breadcrumb\":{\"@id\":\"https:\\\/\\\/bikefit.lu\\\/de\\\/product\\\/a3-tilt-booster\\\/#breadcrumb\"},\"inLanguage\":\"de\",\"potentialAction\":[{\"@type\":\"ReadAction\",\"target\":[\"https:\\\/\\\/bikefit.lu\\\/de\\\/product\\\/a3-tilt-booster\\\/\"]}]},{\"@type\":\"ImageObject\",\"inLanguage\":\"de\",\"@id\":\"https:\\\/\\\/bikefit.lu\\\/de\\\/product\\\/a3-tilt-booster\\\/#primaryimage\",\"url\":\"https:\\\/\\\/bikefit.lu\\\/wp-content\\\/uploads\\\/2025\\\/12\\\/A3TiltBooster.webp\",\"contentUrl\":\"https:\\\/\\\/bikefit.lu\\\/wp-content\\\/uploads\\\/2025\\\/12\\\/A3TiltBooster.webp\",\"width\":850,\"height\":851},{\"@type\":\"BreadcrumbList\",\"@id\":\"https:\\\/\\\/bikefit.lu\\\/de\\\/product\\\/a3-tilt-booster\\\/#breadcrumb\",\"itemListElement\":[{\"@type\":\"ListItem\",\"position\":1,\"name\":\"Home\",\"item\":\"https:\\\/\\\/bikefit.lu\\\/de\\\/\"},{\"@type\":\"ListItem\",\"position\":2,\"name\":\"Produkte\",\"item\":\"https:\\\/\\\/bikefit.lu\\\/de\\\/shop\\\/\"},{\"@type\":\"ListItem\",\"position\":3,\"name\":\"A3 Tilt Booster\"}]},{\"@type\":\"WebSite\",\"@id\":\"https:\\\/\\\/bikefit.lu\\\/de\\\/#website\",\"url\":\"https:\\\/\\\/bikefit.lu\\\/de\\\/\",\"name\":\"bikefit.lu\",\"description\":\"IMPROVING CYCLING\",\"publisher\":{\"@id\":\"https:\\\/\\\/bikefit.lu\\\/de\\\/#\\\/schema\\\/person\\\/379af1263474d2f8cd1f41c2bd90273d\"},\"potentialAction\":[{\"@type\":\"SearchAction\",\"target\":{\"@type\":\"EntryPoint\",\"urlTemplate\":\"https:\\\/\\\/bikefit.lu\\\/de\\\/?s={search_term_string}\"},\"query-input\":{\"@type\":\"PropertyValueSpecification\",\"valueRequired\":true,\"valueName\":\"search_term_string\"}}],\"inLanguage\":\"de\"},{\"@type\":[\"Person\",\"Organization\"],\"@id\":\"https:\\\/\\\/bikefit.lu\\\/de\\\/#\\\/schema\\\/person\\\/379af1263474d2f8cd1f41c2bd90273d\",\"name\":\"Patrick Guillaume\",\"image\":{\"@type\":\"ImageObject\",\"inLanguage\":\"de\",\"@id\":\"https:\\\/\\\/bikefit.lu\\\/wp-content\\\/uploads\\\/2024\\\/12\\\/cropped-bikefit-logoURL-RGB-jpg.jpg\",\"url\":\"https:\\\/\\\/bikefit.lu\\\/wp-content\\\/uploads\\\/2024\\\/12\\\/cropped-bikefit-logoURL-RGB-jpg.jpg\",\"contentUrl\":\"https:\\\/\\\/bikefit.lu\\\/wp-content\\\/uploads\\\/2024\\\/12\\\/cropped-bikefit-logoURL-RGB-jpg.jpg\",\"width\":512,\"height\":512,\"caption\":\"Patrick Guillaume\"},\"logo\":{\"@id\":\"https:\\\/\\\/bikefit.lu\\\/wp-content\\\/uploads\\\/2024\\\/12\\\/cropped-bikefit-logoURL-RGB-jpg.jpg\"},\"sameAs\":[\"https:\\\/\\\/bikefit.lu\"],\"honorificPrefix\":\"Mr\",\"birthDate\":\"1966-11-18\",\"gender\":\"male\",\"knowsAbout\":[\"Bike-fitting\"],\"knowsLanguage\":[\"English\",\"French\",\"German\",\"Luxembourgish\"]}]}<\/script>\n<meta property=\"product:price:amount\" content=\"59.00\" \/>\n<meta property=\"product:price:currency\" content=\"EUR\" \/>\n<meta property=\"og:availability\" content=\"instock\" \/>\n<meta property=\"product:availability\" content=\"instock\" \/>\n<meta property=\"product:condition\" content=\"new\" \/>\n<!-- \/ Yoast SEO Premium plugin. -->","yoast_head_json":{"title":"A3 Tilt Booster - bikefit.lu","robots":{"index":"index","follow":"follow","max-snippet":"max-snippet:-1","max-image-preview":"max-image-preview:large","max-video-preview":"max-video-preview:-1"},"canonical":"https:\/\/bikefit.lu\/de\/product\/a3-tilt-booster\/","og_locale":"de_DE","og_type":"article","og_title":"A3 Tilt Booster","og_description":"Der A3 Tilt Booster erh\u00f6ht die Winkelverstellung des Profile Design A3 Systems um 15\u00b0 und erm\u00f6glicht nach der Montage einen Bereich von 18\u00b0-30\u00b0.Dies erm\u00f6glicht es Fahrern, leichter steilere Armwinkel auszuprobieren, da die UCI-Regeln ge\u00e4ndert wurden, um Verl\u00e4ngerungswinkel von bis zu 30\u00b0 zuzulassen.","og_url":"https:\/\/bikefit.lu\/de\/product\/a3-tilt-booster\/","og_site_name":"bikefit.lu","article_modified_time":"2025-12-14T11:42:34+00:00","og_image":[{"width":850,"height":851,"url":"https:\/\/bikefit.lu\/wp-content\/uploads\/2025\/12\/A3TiltBooster.webp","type":"image\/webp"}],"twitter_card":"summary_large_image","twitter_misc":{"Preis":"59,00&nbsp;&euro;","Verf\u00fcgbarkeit":"Auf Lager"},"schema":{"@context":"https:\/\/schema.org","@graph":[{"@type":"WebPage","@id":"https:\/\/bikefit.lu\/de\/product\/a3-tilt-booster\/","url":"https:\/\/bikefit.lu\/de\/product\/a3-tilt-booster\/","name":"A3 Tilt Booster - bikefit.lu","isPartOf":{"@id":"https:\/\/bikefit.lu\/de\/#website"},"primaryImageOfPage":{"@id":"https:\/\/bikefit.lu\/de\/product\/a3-tilt-booster\/#primaryimage"},"image":{"@id":"https:\/\/bikefit.lu\/de\/product\/a3-tilt-booster\/#primaryimage"},"thumbnailUrl":"https:\/\/bikefit.lu\/wp-content\/uploads\/2025\/12\/A3TiltBooster.webp","datePublished":"2025-12-08T18:57:29+00:00","dateModified":"2025-12-14T11:42:34+00:00","breadcrumb":{"@id":"https:\/\/bikefit.lu\/de\/product\/a3-tilt-booster\/#breadcrumb"},"inLanguage":"de","potentialAction":[{"@type":"ReadAction","target":["https:\/\/bikefit.lu\/de\/product\/a3-tilt-booster\/"]}]},{"@type":"ImageObject","inLanguage":"de","@id":"https:\/\/bikefit.lu\/de\/product\/a3-tilt-booster\/#primaryimage","url":"https:\/\/bikefit.lu\/wp-content\/uploads\/2025\/12\/A3TiltBooster.webp","contentUrl":"https:\/\/bikefit.lu\/wp-content\/uploads\/2025\/12\/A3TiltBooster.webp","width":850,"height":851},{"@type":"BreadcrumbList","@id":"https:\/\/bikefit.lu\/de\/product\/a3-tilt-booster\/#breadcrumb","itemListElement":[{"@type":"ListItem","position":1,"name":"Home","item":"https:\/\/bikefit.lu\/de\/"},{"@type":"ListItem","position":2,"name":"Produkte","item":"https:\/\/bikefit.lu\/de\/shop\/"},{"@type":"ListItem","position":3,"name":"A3 Tilt Booster"}]},{"@type":"WebSite","@id":"https:\/\/bikefit.lu\/de\/#website","url":"https:\/\/bikefit.lu\/de\/","name":"bikefit.lu","description":"IMPROVING CYCLING","publisher":{"@id":"https:\/\/bikefit.lu\/de\/#\/schema\/person\/379af1263474d2f8cd1f41c2bd90273d"},"potentialAction":[{"@type":"SearchAction","target":{"@type":"EntryPoint","urlTemplate":"https:\/\/bikefit.lu\/de\/?s={search_term_string}"},"query-input":{"@type":"PropertyValueSpecification","valueRequired":true,"valueName":"search_term_string"}}],"inLanguage":"de"},{"@type":["Person","Organization"],"@id":"https:\/\/bikefit.lu\/de\/#\/schema\/person\/379af1263474d2f8cd1f41c2bd90273d","name":"Patrick Guillaume","image":{"@type":"ImageObject","inLanguage":"de","@id":"https:\/\/bikefit.lu\/wp-content\/uploads\/2024\/12\/cropped-bikefit-logoURL-RGB-jpg.jpg","url":"https:\/\/bikefit.lu\/wp-content\/uploads\/2024\/12\/cropped-bikefit-logoURL-RGB-jpg.jpg","contentUrl":"https:\/\/bikefit.lu\/wp-content\/uploads\/2024\/12\/cropped-bikefit-logoURL-RGB-jpg.jpg","width":512,"height":512,"caption":"Patrick Guillaume"},"logo":{"@id":"https:\/\/bikefit.lu\/wp-content\/uploads\/2024\/12\/cropped-bikefit-logoURL-RGB-jpg.jpg"},"sameAs":["https:\/\/bikefit.lu"],"honorificPrefix":"Mr","birthDate":"1966-11-18","gender":"male","knowsAbout":["Bike-fitting"],"knowsLanguage":["English","French","German","Luxembourgish"]}]},"product_price_amount":"59.00","product_price_currency":"EUR","og_availability":"instock","product_availability":"instock","product_condition":"new"},"_links":{"self":[{"href":"https:\/\/bikefit.lu\/de\/wp-json\/wp\/v2\/product\/97511","targetHints":{"allow":["GET"]}}],"collection":[{"href":"https:\/\/bikefit.lu\/de\/wp-json\/wp\/v2\/product"}],"about":[{"href":"https:\/\/bikefit.lu\/de\/wp-json\/wp\/v2\/types\/product"}],"replies":[{"embeddable":true,"href":"https:\/\/bikefit.lu\/de\/wp-json\/wp\/v2\/comments?post=97511"}],"version-history":[{"count":0,"href":"https:\/\/bikefit.lu\/de\/wp-json\/wp\/v2\/product\/97511\/revisions"}],"wp:featuredmedia":[{"embeddable":true,"href":"https:\/\/bikefit.lu\/de\/wp-json\/wp\/v2\/media\/97504"}],"wp:attachment":[{"href":"https:\/\/bikefit.lu\/de\/wp-json\/wp\/v2\/media?parent=97511"}],"wp:term":[{"taxonomy":"product_brand","embeddable":true,"href":"https:\/\/bikefit.lu\/de\/wp-json\/wp\/v2\/product_brand?post=97511"},{"taxonomy":"product_cat","embeddable":true,"href":"https:\/\/bikefit.lu\/de\/wp-json\/wp\/v2\/product_cat?post=97511"},{"taxonomy":"product_tag","embeddable":true,"href":"https:\/\/bikefit.lu\/de\/wp-json\/wp\/v2\/product_tag?post=97511"}],"curies":[{"name":"wp","href":"https:\/\/api.w.org\/{rel}","templated":true}]}}