{"id":97588,"date":"2025-12-11T07:15:32","date_gmt":"2025-12-11T06:15:32","guid":{"rendered":"https:\/\/bikefit.lu\/?post_type=product&#038;p=97588"},"modified":"2025-12-11T08:50:31","modified_gmt":"2025-12-11T07:50:31","slug":"profile-design-sonic-ergo-52a-copy","status":"publish","type":"product","link":"https:\/\/bikefit.lu\/de\/product\/profile-design-sonic-ergo-52a-copy\/","title":{"rendered":"Profile Design Neosonic Ergo 52A GMR"},"content":{"rendered":"<h5><span style=\"font-size: 12pt;\">Spezifikationen<\/span><\/h5>\n<ul>\n<li><strong>Halterung:<\/strong> Neosonic<\/li>\n<li><strong>Lenkerklemmdurchmesser: <\/strong>31.8mm (26.0 mit Shims)<\/li>\n<li><strong>Verl\u00e4ngerungsklemmdurchmesser:<\/strong> 22.2mm<\/li>\n<li><strong>Armauflage: <\/strong> Ergo+ \/ 10mm Polster<\/li>\n<li><strong>Armauflagen-Breitenverstellung:<\/strong> 37mm<\/li>\n<li><strong>Armauflagen-Versatz:<\/strong> 25mm<\/li>\n<li><strong>Armauflagen-H\u00f6he: <\/strong>Das Minimum betr\u00e4gt 42.5mm und die Halterung ist kompatibel mit unseren bestehenden <a href=\"https:\/\/profile-design.com\/collections\/aerobar-brackets\/products\/aerobar-bracket-riser-kit-1\" target=\"_blank\" rel=\"noopener noreferrer nofollow\">Riser-Kits<\/a>, die eine H\u00f6he von bis zu 130mm erm\u00f6glichen (mit 70mm Distanzst\u00fccken).<\/li>\n<li><strong>Verl\u00e4ngerungsl\u00e4nge:<\/strong> 340mm<\/li>\n<li><strong>Griffwinkel:<\/strong> 52 Grad<\/li>\n<li><strong>H\u00f6he:<\/strong> 137mm (von unten nach oben)<\/li>\n<li><strong>Verl\u00e4ngerungsbreite:<\/strong> 100mm<\/li>\n<li><strong>Farbe:<\/strong> Mattes Schwarz<\/li>\n<li><strong>Gewicht:<\/strong> 448g<\/li>\n<\/ul>\n<p><strong>Benutzerhandbuch<\/strong><\/p>\n<p><a href=\"https:\/\/bikefit.lu\/wp-content\/uploads\/2025\/12\/PFD_Neosonic_Bracket_IS_English_Rev.0_1.pdf\">Montageanleitung Neosonic Halterung<\/a><\/p>\n","protected":false},"excerpt":{"rendered":"<p>Der Neosonic\/Ergo+\/52A GMR Aerolenker bietet umfassende und dennoch einfache Einstellm\u00f6glichkeiten, ideal f\u00fcr Fahrer, die Aerolenker an ihrem Rennrad, Gravelbike oder Reiserad anbringen m\u00f6chten. Die 52 GMR Verl\u00e4ngerung verf\u00fcgt \u00fcber oberhalb des Lenkers angebrachte Halterungen mit einer vielseitigen Br\u00fccke zur einfachen Zubeh\u00f6rmontage, perfekt zur Leistungssteigerung des Fahrrads f\u00fcr Bikepacking-Enthusiasten und dar\u00fcber hinaus. <\/p>\n<p><strong>Halterung<\/strong><\/p>\n<p>Die Neosonic-Halterung bietet Profile Designs neue Generation von Passformoptionen mit einem gro\u00dfen Versatz, um eine Vielzahl von Anwendungen zu erm\u00f6glichen.<\/p>\n<p>Die Kombination dieser Halterung mit der Ergo-Armauflage bietet branchenf\u00fchrende Passformoptionen und h\u00f6heren Komfort.<\/p>\n<p><span style=\"text-align: start;\"><img decoding=\"async\" style=\"margin-bottom: 16px; float: none;\" src=\"https:\/\/cdn.shopify.com\/s\/files\/1\/2357\/3659\/files\/Neosonic-52GMR-Details_1024x1024.jpg?v=1727990823\" alt=\"\"><\/span><\/p>\n<p class=\"textbox\" dir=\"ltr\"><strong>Einstellungsm\u00f6glichkeiten<\/strong><\/p>\n<ul>\n<li><strong>Armauflagen-Versatz:<\/strong> -95mm bis -42.5mm in 7.5mm Schritten<\/li>\n<li><strong>Armlehnenbreite:<\/strong> 124 mm bis 290 mm in 18,5 mm Schritten (mit Verl\u00e4ngerungen bei 100 mm)<\/li>\n<li><strong>Armlehnenh\u00f6he:<\/strong> Das Minimum betr\u00e4gt 42,5 mm und die Halterung ist mit ihren bestehenden <a href=\"https:\/\/profile-design.com\/collections\/aerobar-brackets\/products\/aerobar-bracket-riser-kit-1\">Riser-Kits<\/a> kompatibel, die bis zu 130 mm H\u00f6he erreichen (70 mm Spacer hinzugef\u00fcgt)<\/li>\n<li><strong>Verl\u00e4ngerungsbreite:<\/strong> 100mm<\/li>\n<\/ul>\n<p class=\"textbox\" dir=\"ltr\">Die Verl\u00e4ngerungsl\u00e4nge l\u00e4sst sich einfach mittels der oberen Schraube einstellen.<\/p>\n<p><span style=\"text-align: start;\"><br \/>\n<\/span><span style=\"text-align: start;\"><img decoding=\"async\" style=\"margin-bottom: 16px; float: none;\" src=\"https:\/\/cdn.shopify.com\/s\/files\/1\/2357\/3659\/files\/Neosonic-52GMR-Details2_281cccd1-5de8-4058-9645-2e4657461118_1024x1024.jpg?v=1727989256\"><img decoding=\"async\" src=\"https:\/\/cdn.shopify.com\/s\/files\/1\/2357\/3659\/files\/Neosonic-52GMR-Details3_1024x1024.jpg?v=1727990711\"><\/span><\/p>\n<p>Durch einfaches Verschieben der Armlehnen lassen sich 80 verschiedene Positionen einnehmen. In Kombination mit Risern bietet dieser Lenker 1440 m\u00f6gliche Konfigurationen. Als Clip-On-Lenker lassen sich auch die Verl\u00e4ngerungsbreite und der Neigungswinkel einfach einstellen \u2013 dies bietet ein beispielloses Ma\u00df an Einstellm\u00f6glichkeiten f\u00fcr einen kurzen Aerolenker. <\/p>\n<p><span style=\"text-align: start;\"><img decoding=\"async\" style=\"float: none;\" src=\"https:\/\/cdn.shopify.com\/s\/files\/1\/2357\/3659\/files\/Ergo_Swap_1024x1024.jpg?v=1647034219\" alt=\"\"><\/span><\/p>\n","protected":false},"featured_media":97600,"comment_status":"closed","ping_status":"closed","template":"","meta":[],"product_brand":[5810],"product_cat":[4835],"product_tag":[5657,5110,5115,5125,5179],"class_list":{"0":"post-97588","1":"product","2":"type-product","3":"status-publish","4":"has-post-thumbnail","6":"product_brand-profile-design","7":"product_cat-kontaktpunkt-cockpit","8":"product_tag-gravel-de","9":"product_tag-offroad-de","10":"product_tag-profile-design-de","11":"product_tag-road-de","12":"product_tag-ultra-cycling-de","13":"product_shipping_class-large-items-de","15":"first","16":"instock","17":"sold-individually","18":"taxable","19":"shipping-taxable","20":"purchasable","21":"product-type-simple"},"yoast_head":"<!-- This site is optimized with the Yoast SEO Premium plugin v27.3 (Yoast SEO v27.3) - https:\/\/yoast.com\/product\/yoast-seo-premium-wordpress\/ -->\n<title>Profile Design Neosonic Ergo 52A GMR - bikefit.lu<\/title>\n<meta name=\"robots\" content=\"index, follow, max-snippet:-1, max-image-preview:large, max-video-preview:-1\" \/>\n<link rel=\"canonical\" href=\"https:\/\/bikefit.lu\/de\/product\/profile-design-sonic-ergo-52a-copy\/\" \/>\n<meta property=\"og:locale\" content=\"de_DE\" \/>\n<meta property=\"og:type\" content=\"article\" \/>\n<meta property=\"og:title\" content=\"Profile Design Neosonic Ergo 52A GMR\" \/>\n<meta property=\"og:description\" content=\"Der Neosonic\/Ergo+\/52A GMR Aerolenker bietet umfassende und dennoch einfache Einstellm\u00f6glichkeiten, ideal f\u00fcr Fahrer, die Aerolenker an ihrem Rennrad, Gravelbike oder Reiserad anbringen m\u00f6chten. Die 52 GMR Verl\u00e4ngerung verf\u00fcgt \u00fcber oberhalb des Lenkers angebrachte Halterungen mit einer vielseitigen Br\u00fccke zur einfachen Zubeh\u00f6rmontage, perfekt zur Leistungssteigerung des Fahrrads f\u00fcr Bikepacking-Enthusiasten und dar\u00fcber hinaus.  Halterung Die Neosonic-Halterung bietet Profile Designs neue Generation von Passformoptionen mit einem gro\u00dfen Versatz, um eine Vielzahl von Anwendungen zu erm\u00f6glichen. Die Kombination dieser Halterung mit der Ergo-Armauflage bietet branchenf\u00fchrende Passformoptionen und h\u00f6heren Komfort.  Einstellungsm\u00f6glichkeiten   Armauflagen-Versatz: -95mm bis -42.5mm in 7.5mm Schritten  Armlehnenbreite: 124 mm bis 290 mm in 18,5 mm Schritten (mit Verl\u00e4ngerungen bei 100 mm)  Armlehnenh\u00f6he: Das Minimum betr\u00e4gt 42,5 mm und die Halterung ist mit ihren bestehenden Riser-Kits kompatibel, die bis zu 130 mm H\u00f6he erreichen (70 mm Spacer hinzugef\u00fcgt)  Verl\u00e4ngerungsbreite: 100mm Die Verl\u00e4ngerungsl\u00e4nge l\u00e4sst sich einfach mittels der oberen Schraube einstellen.  Durch einfaches Verschieben der Armlehnen lassen sich 80 verschiedene Positionen einnehmen. In Kombination mit Risern bietet dieser Lenker 1440 m\u00f6gliche Konfigurationen. Als Clip-On-Lenker lassen sich auch die Verl\u00e4ngerungsbreite und der Neigungswinkel einfach einstellen \u2013 dies bietet ein beispielloses Ma\u00df an Einstellm\u00f6glichkeiten f\u00fcr einen kurzen Aerolenker.\" \/>\n<meta property=\"og:url\" content=\"https:\/\/bikefit.lu\/de\/product\/profile-design-sonic-ergo-52a-copy\/\" \/>\n<meta property=\"og:site_name\" content=\"bikefit.lu\" \/>\n<meta property=\"article:modified_time\" content=\"2025-12-11T07:50:31+00:00\" \/>\n<meta property=\"og:image\" content=\"https:\/\/bikefit.lu\/wp-content\/uploads\/2025\/12\/Neosonic_ERGO__52GMR_Side_1000x.webp\" \/>\n\t<meta property=\"og:image:width\" content=\"1000\" \/>\n\t<meta property=\"og:image:height\" content=\"1000\" \/>\n\t<meta property=\"og:image:type\" content=\"image\/webp\" \/>\n<meta name=\"twitter:card\" content=\"summary_large_image\" \/>\n<meta name=\"twitter:label1\" content=\"Preis\" \/>\n\t<meta name=\"twitter:data1\" content=\"239,00&nbsp;&euro;\" \/>\n\t<meta name=\"twitter:label2\" content=\"Verf\u00fcgbarkeit\" \/>\n\t<meta name=\"twitter:data2\" content=\"Auf Lager\" \/>\n<script type=\"application\/ld+json\" class=\"yoast-schema-graph\">{\"@context\":\"https:\\\/\\\/schema.org\",\"@graph\":[{\"@type\":\"WebPage\",\"@id\":\"https:\\\/\\\/bikefit.lu\\\/de\\\/product\\\/profile-design-sonic-ergo-52a-copy\\\/\",\"url\":\"https:\\\/\\\/bikefit.lu\\\/de\\\/product\\\/profile-design-sonic-ergo-52a-copy\\\/\",\"name\":\"Profile Design Neosonic Ergo 52A GMR - bikefit.lu\",\"isPartOf\":{\"@id\":\"https:\\\/\\\/bikefit.lu\\\/de\\\/#website\"},\"primaryImageOfPage\":{\"@id\":\"https:\\\/\\\/bikefit.lu\\\/de\\\/product\\\/profile-design-sonic-ergo-52a-copy\\\/#primaryimage\"},\"image\":{\"@id\":\"https:\\\/\\\/bikefit.lu\\\/de\\\/product\\\/profile-design-sonic-ergo-52a-copy\\\/#primaryimage\"},\"thumbnailUrl\":\"https:\\\/\\\/bikefit.lu\\\/wp-content\\\/uploads\\\/2025\\\/12\\\/Neosonic_ERGO__52GMR_Side_1000x.webp\",\"datePublished\":\"2025-12-11T06:15:32+00:00\",\"dateModified\":\"2025-12-11T07:50:31+00:00\",\"breadcrumb\":{\"@id\":\"https:\\\/\\\/bikefit.lu\\\/de\\\/product\\\/profile-design-sonic-ergo-52a-copy\\\/#breadcrumb\"},\"inLanguage\":\"de\",\"potentialAction\":[{\"@type\":\"ReadAction\",\"target\":[\"https:\\\/\\\/bikefit.lu\\\/de\\\/product\\\/profile-design-sonic-ergo-52a-copy\\\/\"]}]},{\"@type\":\"ImageObject\",\"inLanguage\":\"de\",\"@id\":\"https:\\\/\\\/bikefit.lu\\\/de\\\/product\\\/profile-design-sonic-ergo-52a-copy\\\/#primaryimage\",\"url\":\"https:\\\/\\\/bikefit.lu\\\/wp-content\\\/uploads\\\/2025\\\/12\\\/Neosonic_ERGO__52GMR_Side_1000x.webp\",\"contentUrl\":\"https:\\\/\\\/bikefit.lu\\\/wp-content\\\/uploads\\\/2025\\\/12\\\/Neosonic_ERGO__52GMR_Side_1000x.webp\",\"width\":1000,\"height\":1000},{\"@type\":\"BreadcrumbList\",\"@id\":\"https:\\\/\\\/bikefit.lu\\\/de\\\/product\\\/profile-design-sonic-ergo-52a-copy\\\/#breadcrumb\",\"itemListElement\":[{\"@type\":\"ListItem\",\"position\":1,\"name\":\"Home\",\"item\":\"https:\\\/\\\/bikefit.lu\\\/de\\\/\"},{\"@type\":\"ListItem\",\"position\":2,\"name\":\"Produkte\",\"item\":\"https:\\\/\\\/bikefit.lu\\\/de\\\/shop\\\/\"},{\"@type\":\"ListItem\",\"position\":3,\"name\":\"Profile Design Neosonic Ergo 52A GMR\"}]},{\"@type\":\"WebSite\",\"@id\":\"https:\\\/\\\/bikefit.lu\\\/de\\\/#website\",\"url\":\"https:\\\/\\\/bikefit.lu\\\/de\\\/\",\"name\":\"bikefit.lu\",\"description\":\"IMPROVING CYCLING\",\"publisher\":{\"@id\":\"https:\\\/\\\/bikefit.lu\\\/de\\\/#\\\/schema\\\/person\\\/379af1263474d2f8cd1f41c2bd90273d\"},\"potentialAction\":[{\"@type\":\"SearchAction\",\"target\":{\"@type\":\"EntryPoint\",\"urlTemplate\":\"https:\\\/\\\/bikefit.lu\\\/de\\\/?s={search_term_string}\"},\"query-input\":{\"@type\":\"PropertyValueSpecification\",\"valueRequired\":true,\"valueName\":\"search_term_string\"}}],\"inLanguage\":\"de\"},{\"@type\":[\"Person\",\"Organization\"],\"@id\":\"https:\\\/\\\/bikefit.lu\\\/de\\\/#\\\/schema\\\/person\\\/379af1263474d2f8cd1f41c2bd90273d\",\"name\":\"Patrick Guillaume\",\"image\":{\"@type\":\"ImageObject\",\"inLanguage\":\"de\",\"@id\":\"https:\\\/\\\/bikefit.lu\\\/wp-content\\\/uploads\\\/2024\\\/12\\\/cropped-bikefit-logoURL-RGB-jpg.jpg\",\"url\":\"https:\\\/\\\/bikefit.lu\\\/wp-content\\\/uploads\\\/2024\\\/12\\\/cropped-bikefit-logoURL-RGB-jpg.jpg\",\"contentUrl\":\"https:\\\/\\\/bikefit.lu\\\/wp-content\\\/uploads\\\/2024\\\/12\\\/cropped-bikefit-logoURL-RGB-jpg.jpg\",\"width\":512,\"height\":512,\"caption\":\"Patrick Guillaume\"},\"logo\":{\"@id\":\"https:\\\/\\\/bikefit.lu\\\/wp-content\\\/uploads\\\/2024\\\/12\\\/cropped-bikefit-logoURL-RGB-jpg.jpg\"},\"sameAs\":[\"https:\\\/\\\/bikefit.lu\"],\"honorificPrefix\":\"Mr\",\"birthDate\":\"1966-11-18\",\"gender\":\"male\",\"knowsAbout\":[\"Bike-fitting\"],\"knowsLanguage\":[\"English\",\"French\",\"German\",\"Luxembourgish\"]}]}<\/script>\n<meta property=\"product:price:amount\" content=\"239.00\" \/>\n<meta property=\"product:price:currency\" content=\"EUR\" \/>\n<meta property=\"og:availability\" content=\"instock\" \/>\n<meta property=\"product:availability\" content=\"instock\" \/>\n<meta property=\"product:condition\" content=\"new\" \/>\n<!-- \/ Yoast SEO Premium plugin. -->","yoast_head_json":{"title":"Profile Design Neosonic Ergo 52A GMR - bikefit.lu","robots":{"index":"index","follow":"follow","max-snippet":"max-snippet:-1","max-image-preview":"max-image-preview:large","max-video-preview":"max-video-preview:-1"},"canonical":"https:\/\/bikefit.lu\/de\/product\/profile-design-sonic-ergo-52a-copy\/","og_locale":"de_DE","og_type":"article","og_title":"Profile Design Neosonic Ergo 52A GMR","og_description":"Der Neosonic\/Ergo+\/52A GMR Aerolenker bietet umfassende und dennoch einfache Einstellm\u00f6glichkeiten, ideal f\u00fcr Fahrer, die Aerolenker an ihrem Rennrad, Gravelbike oder Reiserad anbringen m\u00f6chten. Die 52 GMR Verl\u00e4ngerung verf\u00fcgt \u00fcber oberhalb des Lenkers angebrachte Halterungen mit einer vielseitigen Br\u00fccke zur einfachen Zubeh\u00f6rmontage, perfekt zur Leistungssteigerung des Fahrrads f\u00fcr Bikepacking-Enthusiasten und dar\u00fcber hinaus.  Halterung Die Neosonic-Halterung bietet Profile Designs neue Generation von Passformoptionen mit einem gro\u00dfen Versatz, um eine Vielzahl von Anwendungen zu erm\u00f6glichen. Die Kombination dieser Halterung mit der Ergo-Armauflage bietet branchenf\u00fchrende Passformoptionen und h\u00f6heren Komfort.  Einstellungsm\u00f6glichkeiten   Armauflagen-Versatz: -95mm bis -42.5mm in 7.5mm Schritten  Armlehnenbreite: 124 mm bis 290 mm in 18,5 mm Schritten (mit Verl\u00e4ngerungen bei 100 mm)  Armlehnenh\u00f6he: Das Minimum betr\u00e4gt 42,5 mm und die Halterung ist mit ihren bestehenden Riser-Kits kompatibel, die bis zu 130 mm H\u00f6he erreichen (70 mm Spacer hinzugef\u00fcgt)  Verl\u00e4ngerungsbreite: 100mm Die Verl\u00e4ngerungsl\u00e4nge l\u00e4sst sich einfach mittels der oberen Schraube einstellen.  Durch einfaches Verschieben der Armlehnen lassen sich 80 verschiedene Positionen einnehmen. In Kombination mit Risern bietet dieser Lenker 1440 m\u00f6gliche Konfigurationen. Als Clip-On-Lenker lassen sich auch die Verl\u00e4ngerungsbreite und der Neigungswinkel einfach einstellen \u2013 dies bietet ein beispielloses Ma\u00df an Einstellm\u00f6glichkeiten f\u00fcr einen kurzen Aerolenker.","og_url":"https:\/\/bikefit.lu\/de\/product\/profile-design-sonic-ergo-52a-copy\/","og_site_name":"bikefit.lu","article_modified_time":"2025-12-11T07:50:31+00:00","og_image":[{"width":1000,"height":1000,"url":"https:\/\/bikefit.lu\/wp-content\/uploads\/2025\/12\/Neosonic_ERGO__52GMR_Side_1000x.webp","type":"image\/webp"}],"twitter_card":"summary_large_image","twitter_misc":{"Preis":"239,00&nbsp;&euro;","Verf\u00fcgbarkeit":"Auf Lager"},"schema":{"@context":"https:\/\/schema.org","@graph":[{"@type":"WebPage","@id":"https:\/\/bikefit.lu\/de\/product\/profile-design-sonic-ergo-52a-copy\/","url":"https:\/\/bikefit.lu\/de\/product\/profile-design-sonic-ergo-52a-copy\/","name":"Profile Design Neosonic Ergo 52A GMR - bikefit.lu","isPartOf":{"@id":"https:\/\/bikefit.lu\/de\/#website"},"primaryImageOfPage":{"@id":"https:\/\/bikefit.lu\/de\/product\/profile-design-sonic-ergo-52a-copy\/#primaryimage"},"image":{"@id":"https:\/\/bikefit.lu\/de\/product\/profile-design-sonic-ergo-52a-copy\/#primaryimage"},"thumbnailUrl":"https:\/\/bikefit.lu\/wp-content\/uploads\/2025\/12\/Neosonic_ERGO__52GMR_Side_1000x.webp","datePublished":"2025-12-11T06:15:32+00:00","dateModified":"2025-12-11T07:50:31+00:00","breadcrumb":{"@id":"https:\/\/bikefit.lu\/de\/product\/profile-design-sonic-ergo-52a-copy\/#breadcrumb"},"inLanguage":"de","potentialAction":[{"@type":"ReadAction","target":["https:\/\/bikefit.lu\/de\/product\/profile-design-sonic-ergo-52a-copy\/"]}]},{"@type":"ImageObject","inLanguage":"de","@id":"https:\/\/bikefit.lu\/de\/product\/profile-design-sonic-ergo-52a-copy\/#primaryimage","url":"https:\/\/bikefit.lu\/wp-content\/uploads\/2025\/12\/Neosonic_ERGO__52GMR_Side_1000x.webp","contentUrl":"https:\/\/bikefit.lu\/wp-content\/uploads\/2025\/12\/Neosonic_ERGO__52GMR_Side_1000x.webp","width":1000,"height":1000},{"@type":"BreadcrumbList","@id":"https:\/\/bikefit.lu\/de\/product\/profile-design-sonic-ergo-52a-copy\/#breadcrumb","itemListElement":[{"@type":"ListItem","position":1,"name":"Home","item":"https:\/\/bikefit.lu\/de\/"},{"@type":"ListItem","position":2,"name":"Produkte","item":"https:\/\/bikefit.lu\/de\/shop\/"},{"@type":"ListItem","position":3,"name":"Profile Design Neosonic Ergo 52A GMR"}]},{"@type":"WebSite","@id":"https:\/\/bikefit.lu\/de\/#website","url":"https:\/\/bikefit.lu\/de\/","name":"bikefit.lu","description":"IMPROVING CYCLING","publisher":{"@id":"https:\/\/bikefit.lu\/de\/#\/schema\/person\/379af1263474d2f8cd1f41c2bd90273d"},"potentialAction":[{"@type":"SearchAction","target":{"@type":"EntryPoint","urlTemplate":"https:\/\/bikefit.lu\/de\/?s={search_term_string}"},"query-input":{"@type":"PropertyValueSpecification","valueRequired":true,"valueName":"search_term_string"}}],"inLanguage":"de"},{"@type":["Person","Organization"],"@id":"https:\/\/bikefit.lu\/de\/#\/schema\/person\/379af1263474d2f8cd1f41c2bd90273d","name":"Patrick Guillaume","image":{"@type":"ImageObject","inLanguage":"de","@id":"https:\/\/bikefit.lu\/wp-content\/uploads\/2024\/12\/cropped-bikefit-logoURL-RGB-jpg.jpg","url":"https:\/\/bikefit.lu\/wp-content\/uploads\/2024\/12\/cropped-bikefit-logoURL-RGB-jpg.jpg","contentUrl":"https:\/\/bikefit.lu\/wp-content\/uploads\/2024\/12\/cropped-bikefit-logoURL-RGB-jpg.jpg","width":512,"height":512,"caption":"Patrick Guillaume"},"logo":{"@id":"https:\/\/bikefit.lu\/wp-content\/uploads\/2024\/12\/cropped-bikefit-logoURL-RGB-jpg.jpg"},"sameAs":["https:\/\/bikefit.lu"],"honorificPrefix":"Mr","birthDate":"1966-11-18","gender":"male","knowsAbout":["Bike-fitting"],"knowsLanguage":["English","French","German","Luxembourgish"]}]},"product_price_amount":"239.00","product_price_currency":"EUR","og_availability":"instock","product_availability":"instock","product_condition":"new"},"_links":{"self":[{"href":"https:\/\/bikefit.lu\/de\/wp-json\/wp\/v2\/product\/97588","targetHints":{"allow":["GET"]}}],"collection":[{"href":"https:\/\/bikefit.lu\/de\/wp-json\/wp\/v2\/product"}],"about":[{"href":"https:\/\/bikefit.lu\/de\/wp-json\/wp\/v2\/types\/product"}],"replies":[{"embeddable":true,"href":"https:\/\/bikefit.lu\/de\/wp-json\/wp\/v2\/comments?post=97588"}],"version-history":[{"count":0,"href":"https:\/\/bikefit.lu\/de\/wp-json\/wp\/v2\/product\/97588\/revisions"}],"wp:featuredmedia":[{"embeddable":true,"href":"https:\/\/bikefit.lu\/de\/wp-json\/wp\/v2\/media\/97600"}],"wp:attachment":[{"href":"https:\/\/bikefit.lu\/de\/wp-json\/wp\/v2\/media?parent=97588"}],"wp:term":[{"taxonomy":"product_brand","embeddable":true,"href":"https:\/\/bikefit.lu\/de\/wp-json\/wp\/v2\/product_brand?post=97588"},{"taxonomy":"product_cat","embeddable":true,"href":"https:\/\/bikefit.lu\/de\/wp-json\/wp\/v2\/product_cat?post=97588"},{"taxonomy":"product_tag","embeddable":true,"href":"https:\/\/bikefit.lu\/de\/wp-json\/wp\/v2\/product_tag?post=97588"}],"curies":[{"name":"wp","href":"https:\/\/api.w.org\/{rel}","templated":true}]}}