{"id":97636,"date":"2025-12-11T08:20:33","date_gmt":"2025-12-11T07:20:33","guid":{"rendered":"https:\/\/bikefit.lu\/?post_type=product&#038;p=97636"},"modified":"2025-12-11T08:39:36","modified_gmt":"2025-12-11T07:39:36","slug":"profile-design-neosonic-ergo-52a-gmr-copy","status":"publish","type":"product","link":"https:\/\/bikefit.lu\/de\/product\/profile-design-neosonic-ergo-52a-gmr-copy\/","title":{"rendered":"Profile Design Neosonic Ergo 45AR"},"content":{"rendered":"<p><strong>Technische Daten<\/strong><\/p>\n<ul>\n<li><strong>Halterung:<\/strong> Neosonic<\/li>\n<li><strong>Klemmen-Durchmesser:<\/strong> 31,8 mm<\/li>\n<li><strong>Armlehne:<\/strong> Ergo Ultra \/ 10 mm Polster<\/li>\n<li><strong>Armlehnenbreite:<\/strong> 124 mm bis 290 mm in 18, 5 mm Schritten (mit Verl\u00e4ngerungen bei 100 mm)<\/li>\n<li><strong>Armauflagen-Versatz:<\/strong> -95mm bis -42.5mm in 7.5mm Schritten<\/li>\n<li><strong>Armlehnenh\u00f6he:<\/strong> Das Minimum betr\u00e4gt 59 mm und die Halterung ist mit unseren vorhandenen Erh\u00f6hungen kompatibel, die bis zu 130 mm H\u00f6he mit (70 mm zus\u00e4tzlichen Abstandshaltern) erm\u00f6glichen.<\/li>\n<li><strong>Verl\u00e4ngerungsbreite:<\/strong> 100mm<\/li>\n<li><strong>Farbe:<\/strong> Mattes Schwarz<\/li>\n<li><strong>Gewicht:<\/strong> 555 g<\/li>\n<\/ul>\n<p><strong>Benutzerhandbuch<\/strong><\/p>\n<p><a href=\"https:\/\/bikefit.lu\/wp-content\/uploads\/2025\/12\/PFD_Neosonic_Ergo_45AR_Aerobar_IS_English_Rev.0.pdf.pdf\">Neosonic Ergo 45AR Montageanleitung<\/a><\/p>\n","protected":false},"excerpt":{"rendered":"<p>Der Neosonic\/Ergo\/45AR Aerolenker bietet umfassende, aber einfache Einstellm\u00f6glichkeiten und eignet sich ideal f\u00fcr Fahrer, die ihr Rennrad, Gravelbike oder Packbike mit Aerolenkern ausstatten m\u00f6chten.<\/p>\n<p>Mit den 45AR-Extensions ist dies der vielseitigste DL-Lenker, den Profile Design je hergestellt hat.<\/p>\n<p>Dieser Lenker kann f\u00fcr Draft-Legal-Triathlon verwendet werden, sobald er auf die ITU-Bestimmungen gek\u00fcrzt wurde.<\/p>\n<p><strong>Halterung<\/strong><\/p>\n<p>Die Neosonic-Halterung bietet ihre neue Generation von Passform mit einem gro\u00dfen Versatz f\u00fcr eine Vielzahl von Anwendungen.<\/p>\n<p>Die Kombination dieser Halterung mit der Ergo-Armauflage bietet branchenf\u00fchrende Passformoptionen und h\u00f6heren Komfort.<\/p>\n<p class=\"textbox\" dir=\"ltr\"><strong>Einstellungsm\u00f6glichkeiten<\/strong><\/p>\n<ul>\n<li><strong>Armauflagen-Versatz:<\/strong> -95mm bis -42.5mm in 7.5mm Schritten<\/li>\n<li><strong>Armlehnenbreite:<\/strong> 124 mm bis 290 mm in 18,5 mm Schritten (mit Verl\u00e4ngerungen bei 100 mm)<\/li>\n<li><strong>Armlehnenh\u00f6he:<\/strong> 59 mm (kein Riser-Kit) bis 130 mm in 5-mm-Schritten (mit Aftermarket-Riser-Kit)<\/li>\n<li><strong>Verl\u00e4ngerungsbreite:<\/strong> 100mm<\/li>\n<li><strong>Lenkerklemmung:<\/strong> 31,8 mm<\/li>\n<li><strong>Extension-Klemmung:<\/strong> 22,2 mm<\/li>\n<\/ul>\n<p class=\"textbox\" dir=\"ltr\">Die Auszugsl\u00e4nge und die Drehung k\u00f6nnen mit der oberen Schraube leicht eingestellt werden.<\/p>\n<p class=\"textbox\" dir=\"ltr\">\n<p class=\"textbox\" dir=\"ltr\"><img decoding=\"async\" src=\"https:\/\/cdn.shopify.com\/s\/files\/1\/2357\/3659\/files\/Armrest_Rotation1_Ergo_large.jpg?v=1539878385\" alt=\"\"><\/p>\n<p class=\"textbox\" dir=\"ltr\">\n<p class=\"textbox\" dir=\"ltr\"><img decoding=\"async\" src=\"https:\/\/cdn.shopify.com\/s\/files\/1\/2357\/3659\/files\/Armrest_Rotation_Ergo_large.jpg?v=1539878379\" alt=\"\"><\/p>\n<p class=\"textbox\" dir=\"ltr\">Es gibt 80 verschiedene Positionierungsoptionen, die allein durch die Bewegung der Armlehne erreicht werden k\u00f6nnen \u2013 dies bietet ein beispielloses Ma\u00df an Anpassungsm\u00f6glichkeiten f\u00fcr einen kurzen Aerolenker.<\/p>\n","protected":false},"featured_media":97644,"comment_status":"closed","ping_status":"closed","template":"","meta":[],"product_brand":[5810],"product_cat":[4835],"product_tag":[5657,5110,5115,5125,5182,5179],"class_list":{"0":"post-97636","1":"product","2":"type-product","3":"status-publish","4":"has-post-thumbnail","6":"product_brand-profile-design","7":"product_cat-kontaktpunkt-cockpit","8":"product_tag-gravel-de","9":"product_tag-offroad-de","10":"product_tag-profile-design-de","11":"product_tag-road-de","12":"product_tag-triathlon-de","13":"product_tag-ultra-cycling-de","14":"product_shipping_class-large-items-de","16":"first","17":"instock","18":"sold-individually","19":"taxable","20":"shipping-taxable","21":"purchasable","22":"product-type-simple"},"group_of_quantity":0,"min_quantity":0,"max_quantity":"","exclude_order_quantity_value_rules":"no","exclude_category_quantity_rules":"no","combine_variations":"no","yoast_head":"<!-- This site is optimized with the Yoast SEO Premium plugin v27.4 (Yoast SEO v27.4) - https:\/\/yoast.com\/product\/yoast-seo-premium-wordpress\/ -->\n<title>Profile Design Neosonic Ergo 45AR - bikefit.lu<\/title>\n<meta name=\"robots\" content=\"index, follow, max-snippet:-1, max-image-preview:large, max-video-preview:-1\" \/>\n<link rel=\"canonical\" href=\"https:\/\/bikefit.lu\/de\/product\/profile-design-neosonic-ergo-52a-gmr-copy\/\" \/>\n<meta property=\"og:locale\" content=\"de_DE\" \/>\n<meta property=\"og:type\" content=\"article\" \/>\n<meta property=\"og:title\" content=\"Profile Design Neosonic Ergo 45AR\" \/>\n<meta property=\"og:description\" content=\"Der Neosonic\/Ergo\/45AR Aerolenker bietet umfassende, aber einfache Einstellm\u00f6glichkeiten und eignet sich ideal f\u00fcr Fahrer, die ihr Rennrad, Gravelbike oder Packbike mit Aerolenkern ausstatten m\u00f6chten. Mit den 45AR-Extensions ist dies der vielseitigste DL-Lenker, den Profile Design je hergestellt hat. Dieser Lenker kann f\u00fcr Draft-Legal-Triathlon verwendet werden, sobald er auf die ITU-Bestimmungen gek\u00fcrzt wurde. Halterung Die Neosonic-Halterung bietet ihre neue Generation von Passform mit einem gro\u00dfen Versatz f\u00fcr eine Vielzahl von Anwendungen. Die Kombination dieser Halterung mit der Ergo-Armauflage bietet branchenf\u00fchrende Passformoptionen und h\u00f6heren Komfort. Einstellungsm\u00f6glichkeiten   Armauflagen-Versatz: -95mm bis -42.5mm in 7.5mm Schritten  Armlehnenbreite: 124 mm bis 290 mm in 18,5 mm Schritten (mit Verl\u00e4ngerungen bei 100 mm)  Armlehnenh\u00f6he: 59 mm (kein Riser-Kit) bis 130 mm in 5-mm-Schritten (mit Aftermarket-Riser-Kit)  Verl\u00e4ngerungsbreite: 100mm  Lenkerklemmung: 31,8 mm  Extension-Klemmung: 22,2 mm Die Auszugsl\u00e4nge und die Drehung k\u00f6nnen mit der oberen Schraube leicht eingestellt werden.   Es gibt 80 verschiedene Positionierungsoptionen, die allein durch die Bewegung der Armlehne erreicht werden k\u00f6nnen \u2013 dies bietet ein beispielloses Ma\u00df an Anpassungsm\u00f6glichkeiten f\u00fcr einen kurzen Aerolenker.\" \/>\n<meta property=\"og:url\" content=\"https:\/\/bikefit.lu\/de\/product\/profile-design-neosonic-ergo-52a-gmr-copy\/\" \/>\n<meta property=\"og:site_name\" content=\"bikefit.lu\" \/>\n<meta property=\"article:modified_time\" content=\"2025-12-11T07:39:36+00:00\" \/>\n<meta property=\"og:image\" content=\"https:\/\/bikefit.lu\/wp-content\/uploads\/2025\/12\/Neosonice-Ergo-45ar-008_850x.webp\" \/>\n\t<meta property=\"og:image:width\" content=\"850\" \/>\n\t<meta property=\"og:image:height\" content=\"850\" \/>\n\t<meta property=\"og:image:type\" content=\"image\/webp\" \/>\n<meta name=\"twitter:card\" content=\"summary_large_image\" \/>\n<meta name=\"twitter:label1\" content=\"Preis\" \/>\n\t<meta name=\"twitter:data1\" content=\"174,00&nbsp;&euro;\" \/>\n\t<meta name=\"twitter:label2\" content=\"Verf\u00fcgbarkeit\" \/>\n\t<meta name=\"twitter:data2\" content=\"Auf Lager\" \/>\n<script type=\"application\/ld+json\" class=\"yoast-schema-graph\">{\"@context\":\"https:\\\/\\\/schema.org\",\"@graph\":[{\"@type\":\"WebPage\",\"@id\":\"https:\\\/\\\/bikefit.lu\\\/de\\\/product\\\/profile-design-neosonic-ergo-52a-gmr-copy\\\/\",\"url\":\"https:\\\/\\\/bikefit.lu\\\/de\\\/product\\\/profile-design-neosonic-ergo-52a-gmr-copy\\\/\",\"name\":\"Profile Design Neosonic Ergo 45AR - bikefit.lu\",\"isPartOf\":{\"@id\":\"https:\\\/\\\/bikefit.lu\\\/de\\\/#website\"},\"primaryImageOfPage\":{\"@id\":\"https:\\\/\\\/bikefit.lu\\\/de\\\/product\\\/profile-design-neosonic-ergo-52a-gmr-copy\\\/#primaryimage\"},\"image\":{\"@id\":\"https:\\\/\\\/bikefit.lu\\\/de\\\/product\\\/profile-design-neosonic-ergo-52a-gmr-copy\\\/#primaryimage\"},\"thumbnailUrl\":\"https:\\\/\\\/bikefit.lu\\\/wp-content\\\/uploads\\\/2025\\\/12\\\/Neosonice-Ergo-45ar-008_850x.webp\",\"datePublished\":\"2025-12-11T07:20:33+00:00\",\"dateModified\":\"2025-12-11T07:39:36+00:00\",\"breadcrumb\":{\"@id\":\"https:\\\/\\\/bikefit.lu\\\/de\\\/product\\\/profile-design-neosonic-ergo-52a-gmr-copy\\\/#breadcrumb\"},\"inLanguage\":\"de\",\"potentialAction\":[{\"@type\":\"ReadAction\",\"target\":[\"https:\\\/\\\/bikefit.lu\\\/de\\\/product\\\/profile-design-neosonic-ergo-52a-gmr-copy\\\/\"]}]},{\"@type\":\"ImageObject\",\"inLanguage\":\"de\",\"@id\":\"https:\\\/\\\/bikefit.lu\\\/de\\\/product\\\/profile-design-neosonic-ergo-52a-gmr-copy\\\/#primaryimage\",\"url\":\"https:\\\/\\\/bikefit.lu\\\/wp-content\\\/uploads\\\/2025\\\/12\\\/Neosonice-Ergo-45ar-008_850x.webp\",\"contentUrl\":\"https:\\\/\\\/bikefit.lu\\\/wp-content\\\/uploads\\\/2025\\\/12\\\/Neosonice-Ergo-45ar-008_850x.webp\",\"width\":850,\"height\":850},{\"@type\":\"BreadcrumbList\",\"@id\":\"https:\\\/\\\/bikefit.lu\\\/de\\\/product\\\/profile-design-neosonic-ergo-52a-gmr-copy\\\/#breadcrumb\",\"itemListElement\":[{\"@type\":\"ListItem\",\"position\":1,\"name\":\"Home\",\"item\":\"https:\\\/\\\/bikefit.lu\\\/de\\\/\"},{\"@type\":\"ListItem\",\"position\":2,\"name\":\"Shop\",\"item\":\"https:\\\/\\\/bikefit.lu\\\/de\\\/shop\\\/\"},{\"@type\":\"ListItem\",\"position\":3,\"name\":\"Profile Design Neosonic Ergo 45AR\"}]},{\"@type\":\"WebSite\",\"@id\":\"https:\\\/\\\/bikefit.lu\\\/de\\\/#website\",\"url\":\"https:\\\/\\\/bikefit.lu\\\/de\\\/\",\"name\":\"bikefit.lu\",\"description\":\"IMPROVING CYCLING\",\"publisher\":{\"@id\":\"https:\\\/\\\/bikefit.lu\\\/de\\\/#\\\/schema\\\/person\\\/379af1263474d2f8cd1f41c2bd90273d\"},\"potentialAction\":[{\"@type\":\"SearchAction\",\"target\":{\"@type\":\"EntryPoint\",\"urlTemplate\":\"https:\\\/\\\/bikefit.lu\\\/de\\\/?s={search_term_string}\"},\"query-input\":{\"@type\":\"PropertyValueSpecification\",\"valueRequired\":true,\"valueName\":\"search_term_string\"}}],\"inLanguage\":\"de\"},{\"@type\":[\"Person\",\"Organization\"],\"@id\":\"https:\\\/\\\/bikefit.lu\\\/de\\\/#\\\/schema\\\/person\\\/379af1263474d2f8cd1f41c2bd90273d\",\"name\":\"Patrick Guillaume\",\"image\":{\"@type\":\"ImageObject\",\"inLanguage\":\"de\",\"@id\":\"https:\\\/\\\/bikefit.lu\\\/wp-content\\\/uploads\\\/2024\\\/12\\\/cropped-bikefit-logoURL-RGB-jpg.jpg\",\"url\":\"https:\\\/\\\/bikefit.lu\\\/wp-content\\\/uploads\\\/2024\\\/12\\\/cropped-bikefit-logoURL-RGB-jpg.jpg\",\"contentUrl\":\"https:\\\/\\\/bikefit.lu\\\/wp-content\\\/uploads\\\/2024\\\/12\\\/cropped-bikefit-logoURL-RGB-jpg.jpg\",\"width\":512,\"height\":512,\"caption\":\"Patrick Guillaume\"},\"logo\":{\"@id\":\"https:\\\/\\\/bikefit.lu\\\/wp-content\\\/uploads\\\/2024\\\/12\\\/cropped-bikefit-logoURL-RGB-jpg.jpg\"},\"sameAs\":[\"https:\\\/\\\/bikefit.lu\"],\"honorificPrefix\":\"Mr\",\"birthDate\":\"1966-11-18\",\"gender\":\"male\",\"knowsAbout\":[\"Bike-fitting\"],\"knowsLanguage\":[\"English\",\"French\",\"German\",\"Luxembourgish\"]}]}<\/script>\n<meta property=\"product:price:amount\" content=\"174.00\" \/>\n<meta property=\"product:price:currency\" content=\"EUR\" \/>\n<meta property=\"og:availability\" content=\"instock\" \/>\n<meta property=\"product:availability\" content=\"instock\" \/>\n<meta property=\"product:condition\" content=\"new\" \/>\n<!-- \/ Yoast SEO Premium plugin. -->","yoast_head_json":{"title":"Profile Design Neosonic Ergo 45AR - bikefit.lu","robots":{"index":"index","follow":"follow","max-snippet":"max-snippet:-1","max-image-preview":"max-image-preview:large","max-video-preview":"max-video-preview:-1"},"canonical":"https:\/\/bikefit.lu\/de\/product\/profile-design-neosonic-ergo-52a-gmr-copy\/","og_locale":"de_DE","og_type":"article","og_title":"Profile Design Neosonic Ergo 45AR","og_description":"Der Neosonic\/Ergo\/45AR Aerolenker bietet umfassende, aber einfache Einstellm\u00f6glichkeiten und eignet sich ideal f\u00fcr Fahrer, die ihr Rennrad, Gravelbike oder Packbike mit Aerolenkern ausstatten m\u00f6chten. Mit den 45AR-Extensions ist dies der vielseitigste DL-Lenker, den Profile Design je hergestellt hat. Dieser Lenker kann f\u00fcr Draft-Legal-Triathlon verwendet werden, sobald er auf die ITU-Bestimmungen gek\u00fcrzt wurde. Halterung Die Neosonic-Halterung bietet ihre neue Generation von Passform mit einem gro\u00dfen Versatz f\u00fcr eine Vielzahl von Anwendungen. Die Kombination dieser Halterung mit der Ergo-Armauflage bietet branchenf\u00fchrende Passformoptionen und h\u00f6heren Komfort. Einstellungsm\u00f6glichkeiten   Armauflagen-Versatz: -95mm bis -42.5mm in 7.5mm Schritten  Armlehnenbreite: 124 mm bis 290 mm in 18,5 mm Schritten (mit Verl\u00e4ngerungen bei 100 mm)  Armlehnenh\u00f6he: 59 mm (kein Riser-Kit) bis 130 mm in 5-mm-Schritten (mit Aftermarket-Riser-Kit)  Verl\u00e4ngerungsbreite: 100mm  Lenkerklemmung: 31,8 mm  Extension-Klemmung: 22,2 mm Die Auszugsl\u00e4nge und die Drehung k\u00f6nnen mit der oberen Schraube leicht eingestellt werden.   Es gibt 80 verschiedene Positionierungsoptionen, die allein durch die Bewegung der Armlehne erreicht werden k\u00f6nnen \u2013 dies bietet ein beispielloses Ma\u00df an Anpassungsm\u00f6glichkeiten f\u00fcr einen kurzen Aerolenker.","og_url":"https:\/\/bikefit.lu\/de\/product\/profile-design-neosonic-ergo-52a-gmr-copy\/","og_site_name":"bikefit.lu","article_modified_time":"2025-12-11T07:39:36+00:00","og_image":[{"width":850,"height":850,"url":"https:\/\/bikefit.lu\/wp-content\/uploads\/2025\/12\/Neosonice-Ergo-45ar-008_850x.webp","type":"image\/webp"}],"twitter_card":"summary_large_image","twitter_misc":{"Preis":"174,00&nbsp;&euro;","Verf\u00fcgbarkeit":"Auf Lager"},"schema":{"@context":"https:\/\/schema.org","@graph":[{"@type":"WebPage","@id":"https:\/\/bikefit.lu\/de\/product\/profile-design-neosonic-ergo-52a-gmr-copy\/","url":"https:\/\/bikefit.lu\/de\/product\/profile-design-neosonic-ergo-52a-gmr-copy\/","name":"Profile Design Neosonic Ergo 45AR - bikefit.lu","isPartOf":{"@id":"https:\/\/bikefit.lu\/de\/#website"},"primaryImageOfPage":{"@id":"https:\/\/bikefit.lu\/de\/product\/profile-design-neosonic-ergo-52a-gmr-copy\/#primaryimage"},"image":{"@id":"https:\/\/bikefit.lu\/de\/product\/profile-design-neosonic-ergo-52a-gmr-copy\/#primaryimage"},"thumbnailUrl":"https:\/\/bikefit.lu\/wp-content\/uploads\/2025\/12\/Neosonice-Ergo-45ar-008_850x.webp","datePublished":"2025-12-11T07:20:33+00:00","dateModified":"2025-12-11T07:39:36+00:00","breadcrumb":{"@id":"https:\/\/bikefit.lu\/de\/product\/profile-design-neosonic-ergo-52a-gmr-copy\/#breadcrumb"},"inLanguage":"de","potentialAction":[{"@type":"ReadAction","target":["https:\/\/bikefit.lu\/de\/product\/profile-design-neosonic-ergo-52a-gmr-copy\/"]}]},{"@type":"ImageObject","inLanguage":"de","@id":"https:\/\/bikefit.lu\/de\/product\/profile-design-neosonic-ergo-52a-gmr-copy\/#primaryimage","url":"https:\/\/bikefit.lu\/wp-content\/uploads\/2025\/12\/Neosonice-Ergo-45ar-008_850x.webp","contentUrl":"https:\/\/bikefit.lu\/wp-content\/uploads\/2025\/12\/Neosonice-Ergo-45ar-008_850x.webp","width":850,"height":850},{"@type":"BreadcrumbList","@id":"https:\/\/bikefit.lu\/de\/product\/profile-design-neosonic-ergo-52a-gmr-copy\/#breadcrumb","itemListElement":[{"@type":"ListItem","position":1,"name":"Home","item":"https:\/\/bikefit.lu\/de\/"},{"@type":"ListItem","position":2,"name":"Shop","item":"https:\/\/bikefit.lu\/de\/shop\/"},{"@type":"ListItem","position":3,"name":"Profile Design Neosonic Ergo 45AR"}]},{"@type":"WebSite","@id":"https:\/\/bikefit.lu\/de\/#website","url":"https:\/\/bikefit.lu\/de\/","name":"bikefit.lu","description":"IMPROVING CYCLING","publisher":{"@id":"https:\/\/bikefit.lu\/de\/#\/schema\/person\/379af1263474d2f8cd1f41c2bd90273d"},"potentialAction":[{"@type":"SearchAction","target":{"@type":"EntryPoint","urlTemplate":"https:\/\/bikefit.lu\/de\/?s={search_term_string}"},"query-input":{"@type":"PropertyValueSpecification","valueRequired":true,"valueName":"search_term_string"}}],"inLanguage":"de"},{"@type":["Person","Organization"],"@id":"https:\/\/bikefit.lu\/de\/#\/schema\/person\/379af1263474d2f8cd1f41c2bd90273d","name":"Patrick Guillaume","image":{"@type":"ImageObject","inLanguage":"de","@id":"https:\/\/bikefit.lu\/wp-content\/uploads\/2024\/12\/cropped-bikefit-logoURL-RGB-jpg.jpg","url":"https:\/\/bikefit.lu\/wp-content\/uploads\/2024\/12\/cropped-bikefit-logoURL-RGB-jpg.jpg","contentUrl":"https:\/\/bikefit.lu\/wp-content\/uploads\/2024\/12\/cropped-bikefit-logoURL-RGB-jpg.jpg","width":512,"height":512,"caption":"Patrick Guillaume"},"logo":{"@id":"https:\/\/bikefit.lu\/wp-content\/uploads\/2024\/12\/cropped-bikefit-logoURL-RGB-jpg.jpg"},"sameAs":["https:\/\/bikefit.lu"],"honorificPrefix":"Mr","birthDate":"1966-11-18","gender":"male","knowsAbout":["Bike-fitting"],"knowsLanguage":["English","French","German","Luxembourgish"]}]},"product_price_amount":"174.00","product_price_currency":"EUR","og_availability":"instock","product_availability":"instock","product_condition":"new"},"_links":{"self":[{"href":"https:\/\/bikefit.lu\/de\/wp-json\/wp\/v2\/product\/97636","targetHints":{"allow":["GET"]}}],"collection":[{"href":"https:\/\/bikefit.lu\/de\/wp-json\/wp\/v2\/product"}],"about":[{"href":"https:\/\/bikefit.lu\/de\/wp-json\/wp\/v2\/types\/product"}],"replies":[{"embeddable":true,"href":"https:\/\/bikefit.lu\/de\/wp-json\/wp\/v2\/comments?post=97636"}],"version-history":[{"count":0,"href":"https:\/\/bikefit.lu\/de\/wp-json\/wp\/v2\/product\/97636\/revisions"}],"wp:featuredmedia":[{"embeddable":true,"href":"https:\/\/bikefit.lu\/de\/wp-json\/wp\/v2\/media\/97644"}],"wp:attachment":[{"href":"https:\/\/bikefit.lu\/de\/wp-json\/wp\/v2\/media?parent=97636"}],"wp:term":[{"taxonomy":"product_brand","embeddable":true,"href":"https:\/\/bikefit.lu\/de\/wp-json\/wp\/v2\/product_brand?post=97636"},{"taxonomy":"product_cat","embeddable":true,"href":"https:\/\/bikefit.lu\/de\/wp-json\/wp\/v2\/product_cat?post=97636"},{"taxonomy":"product_tag","embeddable":true,"href":"https:\/\/bikefit.lu\/de\/wp-json\/wp\/v2\/product_tag?post=97636"}],"curies":[{"name":"wp","href":"https:\/\/api.w.org\/{rel}","templated":true}]}}