{"id":97678,"date":"2025-12-11T09:00:26","date_gmt":"2025-12-11T08:00:26","guid":{"rendered":"https:\/\/bikefit.lu\/?post_type=product&#038;p=97678"},"modified":"2025-12-14T12:38:10","modified_gmt":"2025-12-14T11:38:10","slug":"52-asa-aluminum-extensions","status":"publish","type":"product","link":"https:\/\/bikefit.lu\/de\/product\/52-asa-aluminum-extensions\/","title":{"rendered":"52 ASA Aluminium-Extensions"},"content":{"rendered":"<h5><span style=\"font-size: 12pt;\">Technische Daten<\/span><\/h5>\n<ul>\n<li><b>Material:<\/b> 6061-T6 Aluminium, vorgebohrt f\u00fcr Innenverlegung der Schalthebelkabel<\/li>\n<li><strong>Verl\u00e4ngerungsl\u00e4nge:<\/strong> <strong>L\u00e4nge:<\/strong> 340 mm oder 400 mm<\/li>\n<li><strong>Minimale L\u00e4nge:<\/strong> 340 mm: 225 mm oder 400 mm: 285 mm (von der Vorderseite der Klemme)<\/li>\n<li><strong>Winkel der Extensions: <\/strong>52 Grad<\/li>\n<li><strong>Erh\u00f6hung der Verl\u00e4ngerung:<\/strong> 137 mm (von unten nach oben)<\/li>\n<li><strong>Verl\u00e4ngerungsoffset:<\/strong> 16 mm gesamt<\/li>\n<li><b>Au\u00dfendurchmesser<\/b>: 22,2 mm<\/li>\n<li><strong>Innendurchmesser<\/strong>: 19,2 mm<\/li>\n<li><strong>Schaltkompatibilit\u00e4t<\/strong>: Elektronisch oder mechanisch<\/li>\n<li>Lieferumfang: Paarweise verkauft (1 rechter &amp; 1 linker Extension)<\/li>\n<li><b>Farben:<\/b> Eloxiertes Mattschwarz<\/li>\n<li><b>Gewicht:<\/b> 400 mm: 304 g\/Paar oder 340 mm:<b> <\/b>250 g\/Paar<\/li>\n<\/ul>\n<p><img decoding=\"async\" src=\"https:\/\/cdn.shopify.com\/s\/files\/1\/2357\/3659\/files\/52ASA-Ext-Rise-Length-Angle-2.jpg?v=1752528124\" alt=\"\"><\/p>\n<ul>\n<li>\n<\/li>\n<\/ul>\n","protected":false},"excerpt":{"rendered":"<p class=\"textbox ai-optimize-43\" dir=\"ltr\">Wir pr\u00e4sentieren die 52ASA \u2013 die n\u00e4chste Evolutionsstufe der \u00e4u\u00dferst beliebten Aero Shaped Carbon (ASC) Extensions von Profile Design, jetzt in einem eleganten, leistungsstarken Aluminium erh\u00e4ltlich. Die 52ASA wurde mit einem fortschrittlichen, mehrstufigen Formgebungsverfahren hergestellt und bietet die gleichen Vorteile wie ihre legend\u00e4ren, geformten Extensions, und das zu einem g\u00fcnstigeren Preis.<br \/>\n<img decoding=\"async\" src=\"https:\/\/cdn.shopify.com\/s\/files\/1\/2357\/3659\/files\/20250708-0002.jpg?v=1752265483\" alt=\"\"> Die Kerninnovation hinter der ASC- und der ASA-Serie ist einfach: Verschieben Sie die Extension seitw\u00e4rts, um sie nahtlos an der nat\u00fcrlichen Position Ihres Arms auszurichten, und behalten Sie gleichzeitig einen 22,2-mm-Montagebereich bei, um mit den meisten Standard-Aerolenkern kompatibel zu bleiben.<br \/>\nMit der 52ASA setzen sie einen neuen Standard f\u00fcr \u201egeformte Extension mit bestem Preis-Leistungs-Verh\u00e4ltnis\u201c \u2013 ein mutiger Schritt in ihrer fortlaufenden Mission, Fahrern aller Niveaus Hochleistungsl\u00f6sungen zu bieten.<\/p>\n<p class=\"textbox\" dir=\"ltr\"><strong>Leistung<\/strong><\/p>\n<p class=\"textbox\" dir=\"ltr\">Der einzige Zweck von Extensions ist es, eine bequeme Position f\u00fcr die H\u00e4nde des Fahrers relativ zu den Armlehnen zu bieten. Sie verbessern die Leistung, indem sie es dem Fahrer erm\u00f6glichen, sich in seine optimale Position zu entspannen. Aus diesem Grund bieten sie verschiedene Passformoptionen an, damit jeder Fahrer seine beste Leistung erzielen kann.  <\/p>\n<p class=\"textbox\" dir=\"ltr\"><strong>Einstellungsm\u00f6glichkeiten<\/strong><\/p>\n<p><img decoding=\"async\" src=\"https:\/\/cdn.shopify.com\/s\/files\/1\/2357\/3659\/files\/52-ASA-Details-52.jpg?v=1752528261\" alt=\"Der 52\u00b0-Griffwinkel wurde entwickelt, um eine optimale Unterst\u00fctzung des Handgelenks zu gew\u00e4hrleisten und den Komfort f\u00fcr eine Vielzahl von Fahrern zu gew\u00e4hrleisten. Dar\u00fcber hinaus bietet er mit zwei L\u00e4ngenoptionen die perfekte Passform f\u00fcr verschiedene K\u00f6rpertypen.\"><\/p>\n<p class=\"textbox ai-optimize-43\" dir=\"ltr\"><img decoding=\"async\" src=\"https:\/\/cdn.shopify.com\/s\/files\/1\/2357\/3659\/files\/52-ASA-Details-Offset.jpg?v=1752528261\" alt=\"Die 52 ASA bieten eine seitliche Verschiebung von 16 mm pro Seite. Dies erm\u00f6glicht es dem Fahrer, seine H\u00e4nde schmaler oder breiter zu positionieren, ohne die Extensions so stark zu neigen, dass die Schalthebel sich ber\u00fchren.\"><\/p>\n<p><img decoding=\"async\" src=\"https:\/\/cdn.shopify.com\/s\/files\/1\/2357\/3659\/files\/52-ASA-Details-Kamm.jpg?v=1752528261\" alt=\"Selbstverst\u00e4ndlich haben wir die Bedeutung der Aerodynamik nicht vergessen und dem Anstiegsbereich eine Kamm-Formgebung hinzugef\u00fcgt.\"><\/p>\n<ul>\n<li>Schlie\u00dflich wurden ergonomisch geformte Endkappen hinzugef\u00fcgt, die den Handgriff komfortabler machen.<\/li>\n<\/ul>\n<p><img decoding=\"async\" src=\"https:\/\/cdn.shopify.com\/s\/files\/1\/2357\/3659\/files\/A-II-Ext-Aero-Tip_2048x2048.jpg?v=1706566334\"><\/p>\n<p><strong>Herkunft<\/strong><\/p>\n<p>J\u00fcngste Trends bei der Aerolenker-Passform gehen zu h\u00f6heren Handpositionen, daher haben sie den Anstieg im Vergleich zu Extensions der vorherigen Generation erh\u00f6ht. Sie haben sich auf die beliebtesten Winkel aus ihrem bisherigen Sortiment konzentriert und die 26a als Mehrpositionsoption hinzugef\u00fcgt. <\/p>\n<p><strong>Technischer Leitfaden<\/strong><\/p>\n<ul>\n<li>Profile Design Extensions haben im Klemmbereich einen Durchmesser von 22,2 mm.<\/li>\n<li>Sie sind so konzipiert, dass die Kabel nach hinten herausgef\u00fchrt werden \u2013 daher gibt es keine Kabelausg\u00e4nge an der Seite.<\/li>\n<\/ul>\n<p><strong>F\u00fcr wen ist das geeignet?<\/strong><\/p>\n<p>Die Extensions passen in jeden Aerolenker, der f\u00fcr 22,2 mm ausgelegt ist.<br \/>Geeignet f\u00fcr alle Fahrer, die den Komfort ihrer Aerolenker-Griffe verbessern m\u00f6chten. <\/p>\n<p><strong>Benutzerhandbuch<\/strong><\/p>\n<p><a href=\"https:\/\/cdn.shopify.com\/s\/files\/1\/2357\/3659\/files\/2025-07-02_PFD_Aerobar_Extensions_AS_Series_IS_English_Rev.0.pdf?v=1751923666\">52 ASA Extensions Installationsanleitung<\/a><\/p>\n<p>&nbsp;<\/p>\n","protected":false},"featured_media":97703,"comment_status":"closed","ping_status":"closed","template":"","meta":[],"product_brand":[],"product_cat":[4835],"product_tag":[5818,5741,5110,5115,5125,5182,5179],"class_list":{"0":"post-97678","1":"product","2":"type-product","3":"status-publish","4":"has-post-thumbnail","6":"product_cat-kontaktpunkt-cockpit","7":"product_tag-52asa","8":"product_tag-extensions-de","9":"product_tag-offroad-de","10":"product_tag-profile-design-de","11":"product_tag-road-de","12":"product_tag-triathlon-de","13":"product_tag-ultra-cycling-de","14":"product_shipping_class-large-items-de","16":"first","17":"instock","18":"sold-individually","19":"taxable","20":"shipping-taxable","21":"purchasable","22":"product-type-variable"},"yoast_head":"<!-- This site is optimized with the Yoast SEO Premium plugin v27.3 (Yoast SEO v27.3) - https:\/\/yoast.com\/product\/yoast-seo-premium-wordpress\/ -->\n<title>52 ASA Aluminium-Extensions - bikefit.lu<\/title>\n<meta name=\"robots\" content=\"index, follow, max-snippet:-1, max-image-preview:large, max-video-preview:-1\" \/>\n<link rel=\"canonical\" href=\"https:\/\/bikefit.lu\/de\/product\/52-asa-aluminum-extensions\/\" \/>\n<meta property=\"og:locale\" content=\"de_DE\" \/>\n<meta property=\"og:type\" content=\"article\" \/>\n<meta property=\"og:title\" content=\"52 ASA Aluminium-Extensions\" \/>\n<meta property=\"og:description\" content=\"Wir pr\u00e4sentieren die 52ASA \u2013 die n\u00e4chste Evolutionsstufe der \u00e4u\u00dferst beliebten Aero Shaped Carbon (ASC) Extensions von Profile Design, jetzt in einem eleganten, leistungsstarken Aluminium erh\u00e4ltlich. Die 52ASA wurde mit einem fortschrittlichen, mehrstufigen Formgebungsverfahren hergestellt und bietet die gleichen Vorteile wie ihre legend\u00e4ren, geformten Extensions, und das zu einem g\u00fcnstigeren Preis.  Die Kerninnovation hinter der ASC- und der ASA-Serie ist einfach: Verschieben Sie die Extension seitw\u00e4rts, um sie nahtlos an der nat\u00fcrlichen Position Ihres Arms auszurichten, und behalten Sie gleichzeitig einen 22,2-mm-Montagebereich bei, um mit den meisten Standard-Aerolenkern kompatibel zu bleiben. Mit der 52ASA setzen sie einen neuen Standard f\u00fcr \u201egeformte Extension mit bestem Preis-Leistungs-Verh\u00e4ltnis\u201c \u2013 ein mutiger Schritt in ihrer fortlaufenden Mission, Fahrern aller Niveaus Hochleistungsl\u00f6sungen zu bieten. Leistung Der einzige Zweck von Extensions ist es, eine bequeme Position f\u00fcr die H\u00e4nde des Fahrers relativ zu den Armlehnen zu bieten. Sie verbessern die Leistung, indem sie es dem Fahrer erm\u00f6glichen, sich in seine optimale Position zu entspannen. Aus diesem Grund bieten sie verschiedene Passformoptionen an, damit jeder Fahrer seine beste Leistung erzielen kann.  Einstellungsm\u00f6glichkeiten    Schlie\u00dflich wurden ergonomisch geformte Endkappen hinzugef\u00fcgt, die den Handgriff komfortabler machen.  Herkunft J\u00fcngste Trends bei der Aerolenker-Passform gehen zu h\u00f6heren Handpositionen, daher haben sie den Anstieg im Vergleich zu Extensions der vorherigen Generation erh\u00f6ht. Sie haben sich auf die beliebtesten Winkel aus ihrem bisherigen Sortiment konzentriert und die 26a als Mehrpositionsoption hinzugef\u00fcgt.  Technischer Leitfaden  Profile Design Extensions haben im Klemmbereich einen Durchmesser von 22,2 mm.  Sie sind so konzipiert, dass die Kabel nach hinten herausgef\u00fchrt werden \u2013 daher gibt es keine Kabelausg\u00e4nge an der Seite. F\u00fcr wen ist das geeignet? Die Extensions passen in jeden Aerolenker, der f\u00fcr 22,2 mm ausgelegt ist.Geeignet f\u00fcr alle Fahrer, die den Komfort ihrer Aerolenker-Griffe verbessern m\u00f6chten.  Benutzerhandbuch 52 ASA Extensions Installationsanleitung &nbsp;\" \/>\n<meta property=\"og:url\" content=\"https:\/\/bikefit.lu\/de\/product\/52-asa-aluminum-extensions\/\" \/>\n<meta property=\"og:site_name\" content=\"bikefit.lu\" \/>\n<meta property=\"article:modified_time\" content=\"2025-12-14T11:38:10+00:00\" \/>\n<meta property=\"og:image\" content=\"https:\/\/bikefit.lu\/wp-content\/uploads\/2025\/12\/52ASA_400mm_02_1000x.webp\" \/>\n\t<meta property=\"og:image:width\" content=\"1000\" \/>\n\t<meta property=\"og:image:height\" content=\"1000\" \/>\n\t<meta property=\"og:image:type\" content=\"image\/webp\" \/>\n<meta name=\"twitter:card\" content=\"summary_large_image\" \/>\n<meta name=\"twitter:label1\" content=\"Verf\u00fcgbarkeit\" \/>\n\t<meta name=\"twitter:data1\" content=\"Auf Lager\" \/>\n<script type=\"application\/ld+json\" class=\"yoast-schema-graph\">{\"@context\":\"https:\\\/\\\/schema.org\",\"@graph\":[{\"@type\":\"WebPage\",\"@id\":\"https:\\\/\\\/bikefit.lu\\\/de\\\/product\\\/52-asa-aluminum-extensions\\\/\",\"url\":\"https:\\\/\\\/bikefit.lu\\\/de\\\/product\\\/52-asa-aluminum-extensions\\\/\",\"name\":\"52 ASA Aluminium-Extensions - bikefit.lu\",\"isPartOf\":{\"@id\":\"https:\\\/\\\/bikefit.lu\\\/de\\\/#website\"},\"primaryImageOfPage\":{\"@id\":\"https:\\\/\\\/bikefit.lu\\\/de\\\/product\\\/52-asa-aluminum-extensions\\\/#primaryimage\"},\"image\":{\"@id\":\"https:\\\/\\\/bikefit.lu\\\/de\\\/product\\\/52-asa-aluminum-extensions\\\/#primaryimage\"},\"thumbnailUrl\":\"https:\\\/\\\/bikefit.lu\\\/wp-content\\\/uploads\\\/2025\\\/12\\\/52ASA_400mm_02_1000x.webp\",\"datePublished\":\"2025-12-11T08:00:26+00:00\",\"dateModified\":\"2025-12-14T11:38:10+00:00\",\"breadcrumb\":{\"@id\":\"https:\\\/\\\/bikefit.lu\\\/de\\\/product\\\/52-asa-aluminum-extensions\\\/#breadcrumb\"},\"inLanguage\":\"de\",\"potentialAction\":[{\"@type\":\"ReadAction\",\"target\":[\"https:\\\/\\\/bikefit.lu\\\/de\\\/product\\\/52-asa-aluminum-extensions\\\/\"]}]},{\"@type\":\"ImageObject\",\"inLanguage\":\"de\",\"@id\":\"https:\\\/\\\/bikefit.lu\\\/de\\\/product\\\/52-asa-aluminum-extensions\\\/#primaryimage\",\"url\":\"https:\\\/\\\/bikefit.lu\\\/wp-content\\\/uploads\\\/2025\\\/12\\\/52ASA_400mm_02_1000x.webp\",\"contentUrl\":\"https:\\\/\\\/bikefit.lu\\\/wp-content\\\/uploads\\\/2025\\\/12\\\/52ASA_400mm_02_1000x.webp\",\"width\":1000,\"height\":1000},{\"@type\":\"BreadcrumbList\",\"@id\":\"https:\\\/\\\/bikefit.lu\\\/de\\\/product\\\/52-asa-aluminum-extensions\\\/#breadcrumb\",\"itemListElement\":[{\"@type\":\"ListItem\",\"position\":1,\"name\":\"Home\",\"item\":\"https:\\\/\\\/bikefit.lu\\\/de\\\/\"},{\"@type\":\"ListItem\",\"position\":2,\"name\":\"Produkte\",\"item\":\"https:\\\/\\\/bikefit.lu\\\/de\\\/shop\\\/\"},{\"@type\":\"ListItem\",\"position\":3,\"name\":\"52 ASA Aluminium-Extensions\"}]},{\"@type\":\"WebSite\",\"@id\":\"https:\\\/\\\/bikefit.lu\\\/de\\\/#website\",\"url\":\"https:\\\/\\\/bikefit.lu\\\/de\\\/\",\"name\":\"bikefit.lu\",\"description\":\"IMPROVING CYCLING\",\"publisher\":{\"@id\":\"https:\\\/\\\/bikefit.lu\\\/de\\\/#\\\/schema\\\/person\\\/379af1263474d2f8cd1f41c2bd90273d\"},\"potentialAction\":[{\"@type\":\"SearchAction\",\"target\":{\"@type\":\"EntryPoint\",\"urlTemplate\":\"https:\\\/\\\/bikefit.lu\\\/de\\\/?s={search_term_string}\"},\"query-input\":{\"@type\":\"PropertyValueSpecification\",\"valueRequired\":true,\"valueName\":\"search_term_string\"}}],\"inLanguage\":\"de\"},{\"@type\":[\"Person\",\"Organization\"],\"@id\":\"https:\\\/\\\/bikefit.lu\\\/de\\\/#\\\/schema\\\/person\\\/379af1263474d2f8cd1f41c2bd90273d\",\"name\":\"Patrick Guillaume\",\"image\":{\"@type\":\"ImageObject\",\"inLanguage\":\"de\",\"@id\":\"https:\\\/\\\/bikefit.lu\\\/wp-content\\\/uploads\\\/2024\\\/12\\\/cropped-bikefit-logoURL-RGB-jpg.jpg\",\"url\":\"https:\\\/\\\/bikefit.lu\\\/wp-content\\\/uploads\\\/2024\\\/12\\\/cropped-bikefit-logoURL-RGB-jpg.jpg\",\"contentUrl\":\"https:\\\/\\\/bikefit.lu\\\/wp-content\\\/uploads\\\/2024\\\/12\\\/cropped-bikefit-logoURL-RGB-jpg.jpg\",\"width\":512,\"height\":512,\"caption\":\"Patrick Guillaume\"},\"logo\":{\"@id\":\"https:\\\/\\\/bikefit.lu\\\/wp-content\\\/uploads\\\/2024\\\/12\\\/cropped-bikefit-logoURL-RGB-jpg.jpg\"},\"sameAs\":[\"https:\\\/\\\/bikefit.lu\"],\"honorificPrefix\":\"Mr\",\"birthDate\":\"1966-11-18\",\"gender\":\"male\",\"knowsAbout\":[\"Bike-fitting\"],\"knowsLanguage\":[\"English\",\"French\",\"German\",\"Luxembourgish\"]}]}<\/script>\n<meta property=\"og:availability\" content=\"instock\" \/>\n<meta property=\"product:availability\" content=\"instock\" \/>\n<meta property=\"product:condition\" content=\"new\" \/>\n<!-- \/ Yoast SEO Premium plugin. -->","yoast_head_json":{"title":"52 ASA Aluminium-Extensions - bikefit.lu","robots":{"index":"index","follow":"follow","max-snippet":"max-snippet:-1","max-image-preview":"max-image-preview:large","max-video-preview":"max-video-preview:-1"},"canonical":"https:\/\/bikefit.lu\/de\/product\/52-asa-aluminum-extensions\/","og_locale":"de_DE","og_type":"article","og_title":"52 ASA Aluminium-Extensions","og_description":"Wir pr\u00e4sentieren die 52ASA \u2013 die n\u00e4chste Evolutionsstufe der \u00e4u\u00dferst beliebten Aero Shaped Carbon (ASC) Extensions von Profile Design, jetzt in einem eleganten, leistungsstarken Aluminium erh\u00e4ltlich. Die 52ASA wurde mit einem fortschrittlichen, mehrstufigen Formgebungsverfahren hergestellt und bietet die gleichen Vorteile wie ihre legend\u00e4ren, geformten Extensions, und das zu einem g\u00fcnstigeren Preis.  Die Kerninnovation hinter der ASC- und der ASA-Serie ist einfach: Verschieben Sie die Extension seitw\u00e4rts, um sie nahtlos an der nat\u00fcrlichen Position Ihres Arms auszurichten, und behalten Sie gleichzeitig einen 22,2-mm-Montagebereich bei, um mit den meisten Standard-Aerolenkern kompatibel zu bleiben. Mit der 52ASA setzen sie einen neuen Standard f\u00fcr \u201egeformte Extension mit bestem Preis-Leistungs-Verh\u00e4ltnis\u201c \u2013 ein mutiger Schritt in ihrer fortlaufenden Mission, Fahrern aller Niveaus Hochleistungsl\u00f6sungen zu bieten. Leistung Der einzige Zweck von Extensions ist es, eine bequeme Position f\u00fcr die H\u00e4nde des Fahrers relativ zu den Armlehnen zu bieten. Sie verbessern die Leistung, indem sie es dem Fahrer erm\u00f6glichen, sich in seine optimale Position zu entspannen. Aus diesem Grund bieten sie verschiedene Passformoptionen an, damit jeder Fahrer seine beste Leistung erzielen kann.  Einstellungsm\u00f6glichkeiten    Schlie\u00dflich wurden ergonomisch geformte Endkappen hinzugef\u00fcgt, die den Handgriff komfortabler machen.  Herkunft J\u00fcngste Trends bei der Aerolenker-Passform gehen zu h\u00f6heren Handpositionen, daher haben sie den Anstieg im Vergleich zu Extensions der vorherigen Generation erh\u00f6ht. Sie haben sich auf die beliebtesten Winkel aus ihrem bisherigen Sortiment konzentriert und die 26a als Mehrpositionsoption hinzugef\u00fcgt.  Technischer Leitfaden  Profile Design Extensions haben im Klemmbereich einen Durchmesser von 22,2 mm.  Sie sind so konzipiert, dass die Kabel nach hinten herausgef\u00fchrt werden \u2013 daher gibt es keine Kabelausg\u00e4nge an der Seite. F\u00fcr wen ist das geeignet? Die Extensions passen in jeden Aerolenker, der f\u00fcr 22,2 mm ausgelegt ist.Geeignet f\u00fcr alle Fahrer, die den Komfort ihrer Aerolenker-Griffe verbessern m\u00f6chten.  Benutzerhandbuch 52 ASA Extensions Installationsanleitung &nbsp;","og_url":"https:\/\/bikefit.lu\/de\/product\/52-asa-aluminum-extensions\/","og_site_name":"bikefit.lu","article_modified_time":"2025-12-14T11:38:10+00:00","og_image":[{"width":1000,"height":1000,"url":"https:\/\/bikefit.lu\/wp-content\/uploads\/2025\/12\/52ASA_400mm_02_1000x.webp","type":"image\/webp"}],"twitter_card":"summary_large_image","twitter_misc":{"Verf\u00fcgbarkeit":"Auf Lager"},"schema":{"@context":"https:\/\/schema.org","@graph":[{"@type":"WebPage","@id":"https:\/\/bikefit.lu\/de\/product\/52-asa-aluminum-extensions\/","url":"https:\/\/bikefit.lu\/de\/product\/52-asa-aluminum-extensions\/","name":"52 ASA Aluminium-Extensions - bikefit.lu","isPartOf":{"@id":"https:\/\/bikefit.lu\/de\/#website"},"primaryImageOfPage":{"@id":"https:\/\/bikefit.lu\/de\/product\/52-asa-aluminum-extensions\/#primaryimage"},"image":{"@id":"https:\/\/bikefit.lu\/de\/product\/52-asa-aluminum-extensions\/#primaryimage"},"thumbnailUrl":"https:\/\/bikefit.lu\/wp-content\/uploads\/2025\/12\/52ASA_400mm_02_1000x.webp","datePublished":"2025-12-11T08:00:26+00:00","dateModified":"2025-12-14T11:38:10+00:00","breadcrumb":{"@id":"https:\/\/bikefit.lu\/de\/product\/52-asa-aluminum-extensions\/#breadcrumb"},"inLanguage":"de","potentialAction":[{"@type":"ReadAction","target":["https:\/\/bikefit.lu\/de\/product\/52-asa-aluminum-extensions\/"]}]},{"@type":"ImageObject","inLanguage":"de","@id":"https:\/\/bikefit.lu\/de\/product\/52-asa-aluminum-extensions\/#primaryimage","url":"https:\/\/bikefit.lu\/wp-content\/uploads\/2025\/12\/52ASA_400mm_02_1000x.webp","contentUrl":"https:\/\/bikefit.lu\/wp-content\/uploads\/2025\/12\/52ASA_400mm_02_1000x.webp","width":1000,"height":1000},{"@type":"BreadcrumbList","@id":"https:\/\/bikefit.lu\/de\/product\/52-asa-aluminum-extensions\/#breadcrumb","itemListElement":[{"@type":"ListItem","position":1,"name":"Home","item":"https:\/\/bikefit.lu\/de\/"},{"@type":"ListItem","position":2,"name":"Produkte","item":"https:\/\/bikefit.lu\/de\/shop\/"},{"@type":"ListItem","position":3,"name":"52 ASA Aluminium-Extensions"}]},{"@type":"WebSite","@id":"https:\/\/bikefit.lu\/de\/#website","url":"https:\/\/bikefit.lu\/de\/","name":"bikefit.lu","description":"IMPROVING CYCLING","publisher":{"@id":"https:\/\/bikefit.lu\/de\/#\/schema\/person\/379af1263474d2f8cd1f41c2bd90273d"},"potentialAction":[{"@type":"SearchAction","target":{"@type":"EntryPoint","urlTemplate":"https:\/\/bikefit.lu\/de\/?s={search_term_string}"},"query-input":{"@type":"PropertyValueSpecification","valueRequired":true,"valueName":"search_term_string"}}],"inLanguage":"de"},{"@type":["Person","Organization"],"@id":"https:\/\/bikefit.lu\/de\/#\/schema\/person\/379af1263474d2f8cd1f41c2bd90273d","name":"Patrick Guillaume","image":{"@type":"ImageObject","inLanguage":"de","@id":"https:\/\/bikefit.lu\/wp-content\/uploads\/2024\/12\/cropped-bikefit-logoURL-RGB-jpg.jpg","url":"https:\/\/bikefit.lu\/wp-content\/uploads\/2024\/12\/cropped-bikefit-logoURL-RGB-jpg.jpg","contentUrl":"https:\/\/bikefit.lu\/wp-content\/uploads\/2024\/12\/cropped-bikefit-logoURL-RGB-jpg.jpg","width":512,"height":512,"caption":"Patrick Guillaume"},"logo":{"@id":"https:\/\/bikefit.lu\/wp-content\/uploads\/2024\/12\/cropped-bikefit-logoURL-RGB-jpg.jpg"},"sameAs":["https:\/\/bikefit.lu"],"honorificPrefix":"Mr","birthDate":"1966-11-18","gender":"male","knowsAbout":["Bike-fitting"],"knowsLanguage":["English","French","German","Luxembourgish"]}]},"og_availability":"instock","product_availability":"instock","product_condition":"new"},"_links":{"self":[{"href":"https:\/\/bikefit.lu\/de\/wp-json\/wp\/v2\/product\/97678","targetHints":{"allow":["GET"]}}],"collection":[{"href":"https:\/\/bikefit.lu\/de\/wp-json\/wp\/v2\/product"}],"about":[{"href":"https:\/\/bikefit.lu\/de\/wp-json\/wp\/v2\/types\/product"}],"replies":[{"embeddable":true,"href":"https:\/\/bikefit.lu\/de\/wp-json\/wp\/v2\/comments?post=97678"}],"version-history":[{"count":0,"href":"https:\/\/bikefit.lu\/de\/wp-json\/wp\/v2\/product\/97678\/revisions"}],"wp:featuredmedia":[{"embeddable":true,"href":"https:\/\/bikefit.lu\/de\/wp-json\/wp\/v2\/media\/97703"}],"wp:attachment":[{"href":"https:\/\/bikefit.lu\/de\/wp-json\/wp\/v2\/media?parent=97678"}],"wp:term":[{"taxonomy":"product_brand","embeddable":true,"href":"https:\/\/bikefit.lu\/de\/wp-json\/wp\/v2\/product_brand?post=97678"},{"taxonomy":"product_cat","embeddable":true,"href":"https:\/\/bikefit.lu\/de\/wp-json\/wp\/v2\/product_cat?post=97678"},{"taxonomy":"product_tag","embeddable":true,"href":"https:\/\/bikefit.lu\/de\/wp-json\/wp\/v2\/product_tag?post=97678"}],"curies":[{"name":"wp","href":"https:\/\/api.w.org\/{rel}","templated":true}]}}